{"id":4515,"date":"2022-11-04T17:23:51","date_gmt":"2022-11-04T09:23:51","guid":{"rendered":"https:\/\/clfled.com\/product\/scheda-sd-da-256-mb-2g-k8000-led-dimmer-81024-pixel\/"},"modified":"2022-11-04T17:23:51","modified_gmt":"2022-11-04T09:23:51","slug":"256mb-2g-sd-card-k8000-led-dimmer-81024-pixels-2","status":"publish","type":"product","link":"https:\/\/clfled.com\/it\/prodotto\/256mb-2g-sd-card-k8000-led-dimmer-81024-pixels-2\/","title":{"rendered":"Scheda SD da 256 MB 2G K8000 LED Dimmer 8*1024 pixel"},"content":{"rendered":"<p style=\"text-align: center\"><strong><span style=\"font-size: 24px\">Scheda SD da 256 MB 2G K8000 Dimmer LED 8*1024 pixel<\/span><\/strong><\/p>\n<p>&nbsp;<\/p>\n<p><span style=\"line-height: 36px;font-size: 24px\"><strong><span style=\"line-height: normal;font-family: serif\">Descrizioni<\/span><\/strong><\/span><\/p>\n<p><span style=\"font-size: 16px\">Questo controller K-8000D \u00e8 destinato ai prodotti digitali a strisce o pixel a led controllati da IC. Controller LED programmabile online di tipo SD card.SPI \/ TTL \/ DMX, \u00e8 possibile programmare da soli per ottenere effetti LED personalizzati, LED Ribbon, LED Metero Tubes e moduli LED, il software \u00e8 gratuito se si acquista il controller. Ampiamente utilizzato per controllare le strisce LED programmabili, come ad es. <span style=\"line-height: 24px;color: #000000;font-family: Verdana, Arial, Helvetica, sans-serif;font-style: normal;font-weight: 400;text-align: left;background-color: #ffffff\"><br \/>\n  <span style=\"line-height: 24px\">DMX512, WS2811\/2812, TM18 <\/span><br \/>\n<\/span><span style=\"line-height: 24px;color: #000000;font-family: Verdana, Arial, Helvetica, sans-serif;font-style: normal;font-weight: 400;text-align: left;background-color: #ffffff\">UCS512, UCS19<\/span>, ecc.; display a LED per visualizzare le animazioni.  <\/span><\/p>\n<table style=\"color: #000000;font-family: Arial;font-size: 12px;font-style: normal;font-weight: 400;background-color: #ffffff;border-collapse: collapse;width: 746px;border: 1px solid #cccccc\" border=\"1\">\n<tbody>\n<tr style=\"height: 15px\">\n<td style=\"font-family: Verdana, Arial, Helvetica, sans-serif;font-size: 12px;color: #000000;margin: 8px;border: 1px solid #cccccc;width: 297px;height: 15px;text-align: left\"><span style=\"line-height: 24px;font-size: 16px;color: #000000\">Nome del prodotto<\/span><\/td>\n<td style=\"font-family: Verdana, Arial, Helvetica, sans-serif;font-size: 12px;color: #000000;margin: 8px;border: 1px solid #cccccc;width: 446px;height: 15px;text-align: left\"><span style=\"line-height: 24px;font-size: 16px;color: #000000\">Controllore LED K8000D<\/span><\/td>\n<\/tr>\n<tr style=\"height: 15px\">\n<td style=\"font-family: Verdana, Arial, Helvetica, sans-serif;font-size: 12px;color: #000000;margin: 8px;border: 1px solid #cccccc;width: 297px;height: 15px;text-align: left\"><span style=\"line-height: 24px;font-size: 16px;color: #000000\">Tensione di ingresso<\/span><\/td>\n<td style=\"font-family: Verdana, Arial, Helvetica, sans-serif;font-size: 12px;color: #000000;margin: 8px;border: 1px solid #cccccc;width: 446px;height: 15px;text-align: left\"><span style=\"line-height: 24px;font-size: 16px;color: #000000\">DC5V<\/span><\/td>\n<\/tr>\n<tr style=\"height: 15px;text-align: left\">\n<td style=\"font-family: Verdana, Arial, Helvetica, sans-serif;font-size: 12px;color: #000000;margin: 8px;border: 1px solid #cccccc;width: 297px;height: 15px;text-align: left\"><span style=\"line-height: 24px;font-size: 16px;color: #000000\">Potenza massima<\/span><\/td>\n<td style=\"font-family: Verdana, Arial, Helvetica, sans-serif;font-size: 12px;color: #000000;margin: 8px;border: 1px solid #cccccc;width: 446px;height: 15px\"><span style=\"line-height: 24px;font-size: 16px;color: #000000\">3W<\/span><\/td>\n<\/tr>\n<tr style=\"height: 15px;text-align: left\">\n<td style=\"font-family: Verdana, Arial, Helvetica, sans-serif;font-size: 12px;color: #000000;margin: 8px;border: 1px solid #cccccc;width: 297px;height: 15px\"><span style=\"font-size: 16px\">Temperatura di lavoro<\/span><\/td>\n<td style=\"font-family: Verdana, Arial, Helvetica, sans-serif;font-size: 12px;color: #000000;margin: 8px;border: 1px solid #cccccc;width: 446px;height: 15px\"><span style=\"font-size: 16px\">-30~85\u00b0C<\/span><\/td>\n<\/tr>\n<tr style=\"height: 15px;text-align: left\">\n<td style=\"font-family: Verdana, Arial, Helvetica, sans-serif;font-size: 12px;color: #000000;margin: 8px;border: 1px solid #cccccc;width: 297px;height: 15px\"><span style=\"font-size: 16px;color: #000000\">Pixel di controllo<\/span><\/td>\n<td style=\"font-family: Verdana, Arial, Helvetica, sans-serif;font-size: 12px;color: #000000;margin: 8px;border: 1px solid #cccccc;width: 446px;height: 15px\"><span style=\"font-size: 16px;color: #000000\">8192 pixel<\/span><\/td>\n<\/tr>\n<tr style=\"height: 15px;text-align: left\">\n<td style=\"font-family: Verdana, Arial, Helvetica, sans-serif;font-size: 12px;color: #000000;margin: 8px;border: 1px solid #cccccc;width: 297px;height: 15px\"><span style=\"font-size: 16px;color: #000000\">GW<\/span><\/td>\n<td style=\"font-family: Verdana, Arial, Helvetica, sans-serif;font-size: 12px;color: #000000;margin: 8px;border: 1px solid #cccccc;width: 446px;height: 15px\"><span style=\"font-size: 16px;color: #000000\">0,8KG<\/span><\/td>\n<\/tr>\n<tr style=\"height: 8px;text-align: left\">\n<td style=\"font-family: Verdana, Arial, Helvetica, sans-serif;font-size: 12px;color: #000000;margin: 8px;border: 1px solid #cccccc;width: 297px;height: 8px\"><span style=\"font-size: 16px\">Dimensione<\/span><\/td>\n<td style=\"font-family: Verdana, Arial, Helvetica, sans-serif;font-size: 12px;color: #000000;margin: 8px;border: 1px solid #cccccc;width: 446px;height: 8px\"><span style=\"font-size: 16px\">180\u00d7120\u00d730 mm (L*L*H)<\/span><\/td>\n<\/tr>\n<tr style=\"height: 15px;text-align: left\">\n<td style=\"font-family: Verdana, Arial, Helvetica, sans-serif;font-size: 12px;color: #000000;margin: 8px;border: 1px solid #cccccc;width: 297px;height: 15px\"><span style=\"font-size: 16px\">Formato<\/span><\/td>\n<td style=\"font-family: Verdana, Arial, Helvetica, sans-serif;font-size: 12px;color: #000000;margin: 8px;border: 1px solid #cccccc;width: 446px;height: 15px\"><span style=\"font-size: 16px;color: #000000\">GRASSO<\/span><\/td>\n<\/tr>\n<tr style=\"height: 18px;text-align: left\">\n<td style=\"font-family: Verdana, Arial, Helvetica, sans-serif;font-size: 12px;color: #000000;margin: 8px;border: 1px solid #cccccc;width: 297px;height: 18px\"><span style=\"line-height: 24px;font-size: 16px;color: #000000\">Interfaccia di archiviazione<\/span><\/td>\n<td style=\"font-family: Verdana, Arial, Helvetica, sans-serif;font-size: 12px;color: #000000;margin: 8px;border: 1px solid #cccccc;width: 446px;height: 18px\"><span style=\"line-height: 18px;color: #000000;font-size: 16px\">Scheda SD<\/span><\/td>\n<\/tr>\n<tr style=\"height: 18px;text-align: left\">\n<td style=\"font-family: Verdana, Arial, Helvetica, sans-serif;font-size: 12px;color: #000000;margin: 8px;border: 1px solid #cccccc;width: 297px;height: 18px\"><span style=\"color: #000000;font-family: Verdana, Arial, Helvetica, sans-serif;font-size: medium;font-style: normal;font-weight: 400;background-color: #ffffff;float: none\">Capacit\u00e0  <\/span><\/td>\n<td style=\"font-family: Verdana, Arial, Helvetica, sans-serif;font-size: 12px;color: #000000;margin: 8px;border: 1px solid #cccccc;width: 446px;height: 18px\"><span style=\"font-size: 16px;color: #000000\">128MB~2G<\/span><\/td>\n<\/tr>\n<tr style=\"height: 18px\">\n<td style=\"font-family: Verdana, Arial, Helvetica, sans-serif;font-size: 12px;color: #000000;margin: 8px;border: 1px solid #cccccc;width: 297px;height: 18px;text-align: left\"><span style=\"font-size: 16px\">Chip di supporto<\/span><\/td>\n<td style=\"font-family: Verdana, Arial, Helvetica, sans-serif;margin: 8px;border: 1px solid #cccccc;width: 446px;height: 18px;text-align: left\"><span style=\"font-size: medium\"><br \/>\n  <span style=\"font-size: medium\">DMX512, WS2811\/2812, TM18 <\/span><br \/>\n<\/span><span style=\"font-size: 16px\">serie, UCS512, UCS19<\/span><\/td>\n<\/tr>\n<\/tbody>\n<\/table>\n<p><span style=\"background-color: #99cc00\"><strong><span style=\"font-size: 24px\">  Uscita segnale (segnale 485)<\/span><\/strong><\/span><\/p>\n<table style=\"border-collapse: collapse;background-color: #ffffff;width: 745px;border: 1px solid #cccccc\" border=\"1\">\n<tbody>\n<tr>\n<td style=\"border: 1px solid #cccccc;width: 198px;text-align: center\"><span style=\"font-size: 16px\"><strong>A<\/strong><\/span><\/td>\n<td style=\"border: 1px solid #cccccc;width: 201px;text-align: center\"><span style=\"font-size: 16px\">Segnale +<\/span><\/td>\n<td style=\"border: 1px solid #cccccc;width: 167px;text-align: center\"><span style=\"font-size: 16px\"><strong>GND<\/strong><\/span><\/td>\n<td style=\"border: 1px solid #cccccc;width: 179px;text-align: center\"><span style=\"font-size: 16px\">Linea di terra<\/span><\/td>\n<\/tr>\n<tr>\n<td style=\"border: 1px solid #cccccc;width: 198px;text-align: center\"><span style=\"font-size: 16px\"><strong>B<\/strong><\/span><\/td>\n<td style=\"border: 1px solid #cccccc;width: 201px;text-align: center\"><span style=\"font-size: 16px\">Segnale &#8211;<\/span><\/td>\n<td style=\"border: 1px solid #cccccc;width: 167px;text-align: center\"><span style=\"font-size: 16px\"><strong>ADD<\/strong><\/span><\/td>\n<td style=\"border: 1px solid #cccccc;width: 179px;text-align: center\"><span style=\"font-size: 16px\">Linea di codifica<\/span><\/td>\n<\/tr>\n<\/tbody>\n<\/table>\n<p><span style=\"font-size: 24px\"><strong>Caratteristiche<\/strong><\/span><\/p>\n<p style=\"margin-bottom: 7.8000pt\"><span style=\"font-size: 16px\"><span style=\"color: #000000\">1. Il controllore stesso<\/span> \u00e8 dotato di funzione rite code<\/span><\/p>\n<p style=\"margin-bottom: 7.8000pt\"><span style=\"font-size: 16px\">2. Il K-8000D \u00e8 dotato di trenta tipi di programmi di effetti.<\/span><\/p>\n<p style=\"margin-bottom: 7.8000pt\"><span style=\"font-size: 16px\">3. Controllo del grigio da 32 a 65536 livelli, correzione gamma<\/span><\/p>\n<p style=\"margin-bottom: 7.8000pt\"><span style=\"font-size: 16px\">4. Il controller dispone di otto porte di uscita, ciascuna delle quali pu\u00f2 supportare 512 pixel.<\/span><\/p>\n<p style=\"margin-bottom: 7.8000pt\"><span style=\"font-size: 16px\">5. Supporta tipi di punto, linea, sorgente luminosa di superficie, supporta tipi di regole e maniglie sagomate.<\/span><\/p>\n<p style=\"margin-bottom: 7.8000pt\"><span style=\"font-size: 16px\"><span style=\"color: #000000\">6. Il <\/span><span style=\"color: #000000\">K-8000D<\/span><span style=\"color: #000000\"> controllo<\/span><span style=\"color: #000000\"> pu\u00f2 essere crittografato; il metodo di crittografia si basa sulla <\/span><span style=\"color: #000000\">i tempi di rotazione<\/span><\/span><\/p>\n<p style=\"margin-bottom: 7.8000pt\"><span style=\"color: #000000;font-size: 16px\">7. Il controller pu\u00f2 essere utilizzato singolarmente o in cascata, la distanza in cascata pu\u00f2 raggiungere i 200 m; il contenuto della riproduzione \u00e8 memorizzato nella scheda SD.<\/span><\/p>\n<p style=\"margin-bottom: 7.8000pt\"><span style=\"font-size: 16px\"><strong><br \/>\n  <span style=\"font-weight: bold\">Nota: K-8000D pu\u00f2 aggiungere la sincronizzazione GPS wireless globale, gli spartitraffico e il cronometraggio, contattando il personale di vendita o l&#8217;assistenza tecnica.<\/span><br \/>\n<\/strong><strong><br \/>\n  <span style=\"font-weight: bold\"> <\/span><br \/>\n<\/strong><strong><br \/>\n  <span style=\"font-weight: bold\">se necessario<\/span><br \/>\n<\/strong><\/span><\/p>\n<p>&nbsp;<\/p>\n<p style=\"margin: 0px;padding: 0px;font-size: 12px;font-style: normal;font-weight: normal;border: 0px;line-height: 15.6px;font-family: Arial,Helvetica;vertical-align: baseline;color: #333333;text-align: left\"><strong><span style=\"font-size: 24px\"><span style=\"background-color: #99cc00\">Cablaggio<\/span> <\/span><\/strong><\/p>\n<p><span style=\"font-size: 16px\"> <img fetchpriority=\"high\" decoding=\"async\" src=\"\/\/sc01.alicdn.com\/kf\/HTB1BzHTgNnaK1RjSZFB763W7VXab\/200440271\/HTB1BzHTgNnaK1RjSZFB763W7VXab.png\" width=\"750\" height=\"612\"><\/span><\/p>\n<p style=\"margin: 0px;padding: 0px;font-size: 12px;font-style: normal;font-weight: normal;border: 0px;line-height: 15.6px;font-family: Arial,Helvetica;vertical-align: baseline;color: #333333;text-align: left\"><strong> <span style=\"font-size: 24px;background-color: #99cc00\">Funzionamento<\/span><\/strong><\/p>\n<table style=\"border-collapse: collapse;background-color: #ffffff;width: 745px;border: 1px solid #cccccc\" border=\"1\">\n<tbody>\n<tr>\n<td style=\"border: 1px solid #cccccc;width: 183px\"><img decoding=\"async\" src=\"\/\/sc01.alicdn.com\/kf\/HTB1Rcg3XfLsK1Rjy0Fb760SEXXas\/200440271\/HTB1Rcg3XfLsK1Rjy0Fb760SEXXas.png\" width=\"184\" height=\"146\"><\/td>\n<td style=\"border: 1px solid #cccccc;width: 189px\"><img decoding=\"async\" src=\"\/\/sc01.alicdn.com\/kf\/HTB1gCk4XoLrK1Rjy1zb763enFXak\/200440271\/HTB1gCk4XoLrK1Rjy1zb763enFXak.png\" width=\"184\" height=\"147\"><\/td>\n<td style=\"border: 1px solid #cccccc;width: 193px\"><img loading=\"lazy\" decoding=\"async\" src=\"\/\/sc01.alicdn.com\/kf\/HTB16ao6XjzuK1RjSspp760z0XXaY\/200440271\/HTB16ao6XjzuK1RjSspp760z0XXaY.png\" width=\"184\" height=\"139\"><\/td>\n<td style=\"border: 1px solid #cccccc;width: 172px\"><img loading=\"lazy\" decoding=\"async\" src=\"\/\/sc01.alicdn.com\/kf\/HTB1vmA4XffsK1RjSszb763qBXXaT\/200440271\/HTB1vmA4XffsK1RjSszb763qBXXaT.png\" width=\"184\" height=\"160\"><\/td>\n<\/tr>\n<\/tbody>\n<\/table>\n<p style=\"margin: 0px;padding: 0px;font-size: 12px;font-style: normal;font-weight: normal;border: 0px;line-height: 15.6px;font-family: Arial,Helvetica;vertical-align: baseline;color: #333333;text-align: left\"><span style=\"font-weight: normal;font-size: 12.0000pt\">1.<\/span><span style=\"font-weight: normal;font-size: 12.0000pt\"> <\/span><span style=\"font-weight: normal;font-size: 12.0000pt\">Cablare come nello schema sopra riportato e avviare il controllore, premere<\/span><span style=\"font-weight: normal;font-size: 12.0000pt\">&#8220;<\/span><span style=\"font-weight: normal;font-size: 12.0000pt\">CHIP<\/span><span style=\"font-weight: normal;font-size: 12.0000pt\">&#8220;<\/span><span style=\"font-weight: normal;font-size: 12.0000pt\"> per cambiare i chip, regolare lo stato di codifica 04-06 (se le luci hanno codificato bene possono saltare i passaggi 1-3).<\/span><\/p>\n<p><span style=\"font-weight: normal;font-size: 12.0000pt\">2.Premere la velocit\u00e0 + e la velocit\u00e0 &#8211; per impostare il canale del divario di indirizzo, come la sorgente luminosa del punto \u00e8 RGB tre canali (l&#8217;intervallo di default <\/span><span style=\"font-weight: normal;font-size: 12.0000pt\">sono <\/span><span style=\"font-weight: normal;font-size: 12.0000pt\">tre canali)<\/span><span style=\"font-weight: normal;font-size: 12.0000pt\">sei linee di sezione sono 18 canali<\/span><\/p>\n<p><span style=\"font-weight: normal;font-size: 12.0000pt\">3.<\/span><span style=\"font-weight: normal;font-size: 12.0000pt\"> Premere &#8220;<\/span><span style=\"font-size: 12.0000pt\">MODE&#8221;<\/span><span style=\"font-size: 12.0000pt\"> a questo punto, lo schermo digitale di MODE visualizza &#8220;Writing Addr&#8230;&#8221;. Ora \u00e8 in corso la codifica, al termine della quale lo schermo LCD visualizza &#8220;Writing OK&#8221;.<\/span><\/p>\n<p><span style=\"font-weight: normal;font-size: 12.0000pt\">4. <\/span><span style=\"font-weight: normal;font-size: 12.0000pt\">Dopo la codifica, alimentare di nuovo la luce, premere <\/span><span style=\"font-weight: normal;font-size: 12.0000pt\">&#8220;<\/span><span style=\"font-weight: normal;font-size: 12.0000pt\">CHIP<\/span><span style=\"font-weight: normal;font-size: 12.0000pt\">&#8220;<\/span><span style=\"font-weight: normal;font-size: 12.0000pt\">  e passare a 0, si tratterebbe della modalit\u00e0 di riproduzione standard internazionale DMX512 (1990). A questo punto, premendo i pulsanti MODE e SPEED, \u00e8 possibile cambiare la modalit\u00e0 di riproduzione e regolare la velocit\u00e0.<\/span><\/p>\n<p>&nbsp;<\/p>\n<p style=\"margin: 0px;padding: 0px;font-size: 12px;font-style: normal;font-weight: normal;border: 0px;line-height: 18px;font-family: Arial, Helvetica;vertical-align: baseline;color: #333333\">\n","protected":false},"excerpt":{"rendered":"<p>Scheda SD da 256 MB 2G K8000 Dimmer LED 8*1024 pixel &nbsp; Descrizioni Questo controller K-8000D \u00e8 destinato ai prodotti<\/p>\n","protected":false},"featured_media":1334,"comment_status":"open","ping_status":"closed","template":"","meta":[],"product_cat":[254],"product_tag":[],"class_list":["post-4515","product","type-product","status-publish","has-post-thumbnail","hentry","product_cat-controllore-led"],"yoast_head":"<!-- This site is optimized with the Yoast SEO Premium plugin v21.0 (Yoast SEO v21.0) - https:\/\/yoast.com\/wordpress\/plugins\/seo\/ -->\n<title>Scheda SD da 256 MB 2G K8000 LED Dimmer 8*1024 pixel - Clfled<\/title>\n<meta name=\"robots\" content=\"index, follow, max-snippet:-1, max-image-preview:large, max-video-preview:-1\" \/>\n<link rel=\"canonical\" href=\"https:\/\/clfled.com\/it\/prodotto\/256mb-2g-sd-card-k8000-led-dimmer-81024-pixels-2\/\" \/>\n<meta property=\"og:locale\" content=\"it_IT\" \/>\n<meta property=\"og:type\" content=\"article\" \/>\n<meta property=\"og:title\" content=\"Scheda SD da 256 MB 2G K8000 LED Dimmer 8*1024 pixel\" \/>\n<meta property=\"og:description\" content=\"Scheda SD da 256 MB 2G K8000 Dimmer LED 8*1024 pixel &nbsp; Descrizioni Questo controller K-8000D \u00e8 destinato ai prodotti\" \/>\n<meta property=\"og:url\" content=\"https:\/\/clfled.com\/it\/prodotto\/256mb-2g-sd-card-k8000-led-dimmer-81024-pixels-2\/\" \/>\n<meta property=\"og:site_name\" content=\"Clfled\" \/>\n<meta property=\"og:image\" content=\"https:\/\/clfled.com\/wp-content\/uploads\/2022\/11\/HTB1_V1PXODxK1RjSsphq6zHrpXaG.jpg\" \/>\n\t<meta property=\"og:image:width\" content=\"800\" \/>\n\t<meta property=\"og:image:height\" content=\"800\" \/>\n\t<meta property=\"og:image:type\" content=\"image\/jpeg\" \/>\n<meta name=\"twitter:card\" content=\"summary_large_image\" \/>\n<meta name=\"twitter:label1\" content=\"Tempo di lettura stimato\" \/>\n\t<meta name=\"twitter:data1\" content=\"2 minuti\" \/>\n<script type=\"application\/ld+json\" class=\"yoast-schema-graph\">{\"@context\":\"https:\/\/schema.org\",\"@graph\":[{\"@type\":\"WebPage\",\"@id\":\"https:\/\/clfled.com\/it\/prodotto\/256mb-2g-sd-card-k8000-led-dimmer-81024-pixels-2\/\",\"url\":\"https:\/\/clfled.com\/it\/prodotto\/256mb-2g-sd-card-k8000-led-dimmer-81024-pixels-2\/\",\"name\":\"Scheda SD da 256 MB 2G K8000 LED Dimmer 8*1024 pixel - Clfled\",\"isPartOf\":{\"@id\":\"https:\/\/clfled.com\/it\/#website\"},\"datePublished\":\"2022-11-04T09:23:51+00:00\",\"dateModified\":\"2022-11-04T09:23:51+00:00\",\"breadcrumb\":{\"@id\":\"https:\/\/clfled.com\/it\/prodotto\/256mb-2g-sd-card-k8000-led-dimmer-81024-pixels-2\/#breadcrumb\"},\"inLanguage\":\"it-IT\",\"potentialAction\":[{\"@type\":\"ReadAction\",\"target\":[\"https:\/\/clfled.com\/it\/prodotto\/256mb-2g-sd-card-k8000-led-dimmer-81024-pixels-2\/\"]}]},{\"@type\":\"BreadcrumbList\",\"@id\":\"https:\/\/clfled.com\/it\/prodotto\/256mb-2g-sd-card-k8000-led-dimmer-81024-pixels-2\/#breadcrumb\",\"itemListElement\":[{\"@type\":\"ListItem\",\"position\":1,\"name\":\"HOME\",\"item\":\"https:\/\/clfled.com\/it\/\"},{\"@type\":\"ListItem\",\"position\":2,\"name\":\"Negozio\",\"item\":\"https:\/\/clfled.com\/it\/negozio\/\"},{\"@type\":\"ListItem\",\"position\":3,\"name\":\"Scheda SD da 256 MB 2G K8000 LED Dimmer 8*1024 pixel\"}]},{\"@type\":\"WebSite\",\"@id\":\"https:\/\/clfled.com\/it\/#website\",\"url\":\"https:\/\/clfled.com\/it\/\",\"name\":\"Clfled\",\"description\":\"clfled.com\",\"potentialAction\":[{\"@type\":\"SearchAction\",\"target\":{\"@type\":\"EntryPoint\",\"urlTemplate\":\"https:\/\/clfled.com\/it\/?s={search_term_string}\"},\"query-input\":\"required name=search_term_string\"}],\"inLanguage\":\"it-IT\"}]}<\/script>\n<!-- \/ Yoast SEO Premium plugin. -->","yoast_head_json":{"title":"Scheda SD da 256 MB 2G K8000 LED Dimmer 8*1024 pixel - Clfled","robots":{"index":"index","follow":"follow","max-snippet":"max-snippet:-1","max-image-preview":"max-image-preview:large","max-video-preview":"max-video-preview:-1"},"canonical":"https:\/\/clfled.com\/it\/prodotto\/256mb-2g-sd-card-k8000-led-dimmer-81024-pixels-2\/","og_locale":"it_IT","og_type":"article","og_title":"Scheda SD da 256 MB 2G K8000 LED Dimmer 8*1024 pixel","og_description":"Scheda SD da 256 MB 2G K8000 Dimmer LED 8*1024 pixel &nbsp; Descrizioni Questo controller K-8000D \u00e8 destinato ai prodotti","og_url":"https:\/\/clfled.com\/it\/prodotto\/256mb-2g-sd-card-k8000-led-dimmer-81024-pixels-2\/","og_site_name":"Clfled","og_image":[{"width":800,"height":800,"url":"https:\/\/clfled.com\/wp-content\/uploads\/2022\/11\/HTB1_V1PXODxK1RjSsphq6zHrpXaG.jpg","type":"image\/jpeg"}],"twitter_card":"summary_large_image","twitter_misc":{"Tempo di lettura stimato":"2 minuti"},"schema":{"@context":"https:\/\/schema.org","@graph":[{"@type":"WebPage","@id":"https:\/\/clfled.com\/it\/prodotto\/256mb-2g-sd-card-k8000-led-dimmer-81024-pixels-2\/","url":"https:\/\/clfled.com\/it\/prodotto\/256mb-2g-sd-card-k8000-led-dimmer-81024-pixels-2\/","name":"Scheda SD da 256 MB 2G K8000 LED Dimmer 8*1024 pixel - Clfled","isPartOf":{"@id":"https:\/\/clfled.com\/it\/#website"},"datePublished":"2022-11-04T09:23:51+00:00","dateModified":"2022-11-04T09:23:51+00:00","breadcrumb":{"@id":"https:\/\/clfled.com\/it\/prodotto\/256mb-2g-sd-card-k8000-led-dimmer-81024-pixels-2\/#breadcrumb"},"inLanguage":"it-IT","potentialAction":[{"@type":"ReadAction","target":["https:\/\/clfled.com\/it\/prodotto\/256mb-2g-sd-card-k8000-led-dimmer-81024-pixels-2\/"]}]},{"@type":"BreadcrumbList","@id":"https:\/\/clfled.com\/it\/prodotto\/256mb-2g-sd-card-k8000-led-dimmer-81024-pixels-2\/#breadcrumb","itemListElement":[{"@type":"ListItem","position":1,"name":"HOME","item":"https:\/\/clfled.com\/it\/"},{"@type":"ListItem","position":2,"name":"Negozio","item":"https:\/\/clfled.com\/it\/negozio\/"},{"@type":"ListItem","position":3,"name":"Scheda SD da 256 MB 2G K8000 LED Dimmer 8*1024 pixel"}]},{"@type":"WebSite","@id":"https:\/\/clfled.com\/it\/#website","url":"https:\/\/clfled.com\/it\/","name":"Clfled","description":"clfled.com","potentialAction":[{"@type":"SearchAction","target":{"@type":"EntryPoint","urlTemplate":"https:\/\/clfled.com\/it\/?s={search_term_string}"},"query-input":"required name=search_term_string"}],"inLanguage":"it-IT"}]}},"_links":{"self":[{"href":"https:\/\/clfled.com\/it\/wp-json\/wp\/v2\/product\/4515","targetHints":{"allow":["GET"]}}],"collection":[{"href":"https:\/\/clfled.com\/it\/wp-json\/wp\/v2\/product"}],"about":[{"href":"https:\/\/clfled.com\/it\/wp-json\/wp\/v2\/types\/product"}],"replies":[{"embeddable":true,"href":"https:\/\/clfled.com\/it\/wp-json\/wp\/v2\/comments?post=4515"}],"version-history":[{"count":0,"href":"https:\/\/clfled.com\/it\/wp-json\/wp\/v2\/product\/4515\/revisions"}],"wp:featuredmedia":[{"embeddable":true,"href":"https:\/\/clfled.com\/it\/wp-json\/wp\/v2\/media\/1334"}],"wp:attachment":[{"href":"https:\/\/clfled.com\/it\/wp-json\/wp\/v2\/media?parent=4515"}],"wp:term":[{"taxonomy":"product_cat","embeddable":true,"href":"https:\/\/clfled.com\/it\/wp-json\/wp\/v2\/product_cat?post=4515"},{"taxonomy":"product_tag","embeddable":true,"href":"https:\/\/clfled.com\/it\/wp-json\/wp\/v2\/product_tag?post=4515"}],"curies":[{"name":"wp","href":"https:\/\/api.w.org\/{rel}","templated":true}]}}