{"id":4481,"date":"2022-11-05T14:07:11","date_gmt":"2022-11-05T06:07:11","guid":{"rendered":"https:\/\/clfled.com\/product\/smd-5050-sk-6812-rgbw-wwa-led-strip-light-12mm-5v\/"},"modified":"2022-11-05T14:07:11","modified_gmt":"2022-11-05T06:07:11","slug":"smd-5050-sk-6812-rgbw-wwa-led-strip-light-12mm-5v-2","status":"publish","type":"product","link":"https:\/\/clfled.com\/it\/prodotto\/smd-5050-sk-6812-rgbw-wwa-led-strip-light-12mm-5v-2\/","title":{"rendered":"SMD 5050 SK 6812 RGBW\/WWA Led Strip light 12MM 5V"},"content":{"rendered":"<div id=\"ali-anchor-AliPostDhMb-p8coa\" style=\"padding-top: 8px\" data-section=\"AliPostDhMb-p8coa\" data-section-title=\"Product Description\">\n<div id=\"ali-title-AliPostDhMb-p8coa\" style=\"padding: 8px 0;border-bottom: 1px solid #ddd\"><span style=\"background-color: #ddd;color: #333;font-weight: bold;padding: 8px 10px;line-height: 12px\">Descrizione del prodotto<\/span><\/div>\n<div style=\"padding: 10px 0\">\n<div style=\"margin: 0px;padding: 0px;border: 0px;font-style: normal;font-weight: 400;font-size: 20px;line-height: 33px;font-family: Arial;vertical-align: baseline;clear: both;color: #141414;text-align: left;text-decoration: none;background-color: transparent\">\n<p style=\"margin: 17px 0px;padding: 0px;border: 0px;font-style: normal;font-weight: 400;font-size: 20px;line-height: 33px;vertical-align: baseline;color: #141414;background-color: transparent\">SK6812 Striscia LED indirizzabile RGBW<\/p>\n<ul>\n<li style=\"margin: 0px 0px 0px 15px;padding: 3px 0px;border: 0px;font-style: normal;font-weight: 400;font-size: 15px;line-height: 24.75px;vertical-align: baseline;color: #666666;background-color: transparent\">\n<div style=\"margin: 0px;padding: 0px;border: 0px;font-style: normal;font-weight: 400;font-size: 15px;line-height: 24.75px;vertical-align: baseline;color: #666666;background-color: transparent\"> <span style=\"margin: 0px;padding: 0px;border: 0px;font-style: inherit;font-weight: inherit;font-size: 14px;line-height: 22.66px;vertical-align: baseline;color: #b00000\"><span style=\"margin: 0px;padding: 0px;border: 0px;font-style: normal;font-weight: 400;font-size: inherit;line-height: 21.33px;font-family: Arial;vertical-align: baseline;text-align: left;color: #000000;text-decoration: none;float: none;background-color: transparent\">RGBW = RGB + Bianco freddo (6000-7000k),RGBWW= RGB + Bianco caldo (2700-3200k),RGBNW= RGB + Bianco naturale (4000-4500k),RGBW = RGB + Bianco freddo (6000-7000k),WWA = Bianco + Bianco caldo + Ambra<\/span><\/span><\/div>\n<\/li>\n<\/ul>\n<\/div>\n<div style=\"margin: 0px;padding: 0px;border: 0px;font-style: normal;font-weight: 400;font-size: 15px;line-height: 24.75px;font-family: Arial;vertical-align: baseline;clear: both;color: #666666;text-align: left;text-decoration: none;background-color: transparent\">\n<ul>\n<li style=\"margin: 0px 0px 0px 15px;padding: 3px 0px;border: 0px;font-style: normal;font-weight: 400;font-size: 15px;line-height: 24.75px;vertical-align: baseline;color: #666666;background-color: transparent\"><span style=\"margin: 0px;padding: 0px;border: 0px;font-style: normal;font-weight: 400;font-size: 14px;line-height: 24.75px;vertical-align: baseline;color: #000000;background-color: transparent\"> <span style=\"margin: 0px;padding: 0px;border: 0px;font-style: normal;font-weight: 400;font-size: inherit;line-height: 21.33px;font-family: Arial;vertical-align: baseline;text-align: left;color: #000000;text-decoration: none;float: none;background-color: transparent\">Sorgente LED: 5050SMD RGBW\/WW\/WWA incorporato SK6812<\/span> striscia LED, 16.4ft 300 LED, PCB bianco\/nero, R\/G\/B\/W 4 colori in 1LED. \u00c8 la versione aggiornata del LED WS2812B.<\/span><\/li>\n<li style=\"margin: 0px 0px 0px 15px;padding: 3px 0px;border: 0px;font-style: normal;font-weight: 400;font-size: 15px;line-height: 24.75px;vertical-align: baseline;color: #666666;background-color: transparent\"><span style=\"margin: 0px;padding: 0px;border: 0px;font-style: normal;font-weight: 400;font-size: 14px;line-height: 24.75px;font-family: arial, helvetica, sans-serif;vertical-align: baseline;color: #111111;background-color: transparent\">Display a 256 luminosit\u00e0 e colore a 32 bit. Ogni pixel pu\u00f2 avere il proprio colore e la propria luminosit\u00e0. \u00c8 possibile controllarli singolarmente e impostarli su qualsiasi colore o animazione.<\/span><\/li>\n<li style=\"margin: 0px 0px 0px 15px;padding: 3px 0px;border: 0px;font-style: normal;font-weight: 400;font-size: 15px;line-height: 24.75px;vertical-align: baseline;color: #666666;background-color: transparent\"><span style=\"margin: 0px;padding: 0px;border: 0px;font-style: normal;font-weight: 400;font-size: 14px;line-height: 24.75px;font-family: arial, helvetica, sans-serif;vertical-align: baseline;color: #111111;background-color: transparent\">Funziona benissimo con librerie ed esempi di codice pronti per Arduino UNO\/Duemilanove\/Diecimila, Flora\/Micro\/Leonardo, Trinket\/Gemma, Arduino Due e Arduino Mega\/ADK, libreria Fast LED e Raspberry Pi.<\/span><\/li>\n<li style=\"margin: 0px 0px 0px 15px;padding: 3px 0px;border: 0px;font-style: normal;font-weight: 400;font-size: 15px;line-height: 24.75px;vertical-align: baseline;color: #666666;background-color: transparent\"><span style=\"margin: 0px;padding: 0px;border: 0px;font-style: normal;font-weight: 400;font-size: 14px;line-height: 24.75px;font-family: arial, helvetica, sans-serif;vertical-align: baseline;color: #111111;background-color: transparent\">Viene fornito con connettori JST-SM a 3 pin e fili di alimentazione\/massa separati su entrambe le estremit\u00e0. Ogni LED pu\u00f2 essere tagliato senza danneggiare il resto della striscia. Si pu\u00f2 accorciare, allungare o piegare liberamente se si vuole.<\/span><\/li>\n<li style=\"margin: 0px 0px 0px 15px;padding: 3px 0px;border: 0px;font-style: normal;font-weight: 400;font-size: 15px;line-height: 24.75px;vertical-align: baseline;color: #666666;background-color: transparent\"><span style=\"margin: 0px;padding: 0px;border: 0px;font-style: normal;font-weight: 400;font-size: 14px;line-height: 24.75px;font-family: arial, helvetica, sans-serif;vertical-align: baseline;color: #111111;background-color: transparent\">Rivestito con una guaina trasparente in silicone resistente alle intemperie, che lo protegge molto bene e lo rende facile da pulire. Viene inoltre fornito con alcune clip in silicone e viti per facilitare l&#8217;installazione.<\/span><\/li>\n<\/ul>\n<\/div>\n<\/div>\n<\/div>\n<div id=\"ali-anchor-AliPostDhMb-49riv\" style=\"padding-top: 8px\" data-section=\"AliPostDhMb-49riv\" data-section-title=\"Specification\">\n<div id=\"ali-title-AliPostDhMb-49riv\" style=\"padding: 8px 0;border-bottom: 1px solid #ddd\"><span style=\"background-color: #ddd;color: #333;font-weight: bold;padding: 8px 10px;line-height: 12px\">Specifiche<\/span><\/div>\n<div style=\"padding: 10px 0\">\n<p><img decoding=\"async\" src=\"\/\/sc01.alicdn.com\/kf\/HTB1EqRHNZbpK1RjSZFyq6x_qFXaL\/228612101\/HTB1EqRHNZbpK1RjSZFyq6x_qFXaL.jpg\" alt=\"SMD 5050 SK 6812 RGBW\/WWA Led Strip light 12MM 5V\"><img fetchpriority=\"high\" decoding=\"async\" class=\"alignnone wp-image-807\" src=\"https:\/\/clfled.com\/wp-content\/uploads\/2022\/11\/Ha89785901f53464bbbf6fb3c242147acw.jpg_960x960-300x300.webp\" alt=\"\" width=\"300\" height=\"300\" srcset=\"https:\/\/clfled.com\/wp-content\/uploads\/2022\/11\/Ha89785901f53464bbbf6fb3c242147acw.jpg_960x960-300x300.webp 300w, https:\/\/clfled.com\/wp-content\/uploads\/2022\/11\/Ha89785901f53464bbbf6fb3c242147acw.jpg_960x960-500x500.webp 500w, https:\/\/clfled.com\/wp-content\/uploads\/2022\/11\/Ha89785901f53464bbbf6fb3c242147acw.jpg_960x960-150x150.webp 150w, https:\/\/clfled.com\/wp-content\/uploads\/2022\/11\/Ha89785901f53464bbbf6fb3c242147acw.jpg_960x960-700x700.webp 700w, https:\/\/clfled.com\/wp-content\/uploads\/2022\/11\/Ha89785901f53464bbbf6fb3c242147acw.jpg_960x960-600x600.webp 600w, https:\/\/clfled.com\/wp-content\/uploads\/2022\/11\/Ha89785901f53464bbbf6fb3c242147acw.jpg_960x960.webp 750w\" sizes=\"(max-width: 300px) 100vw, 300px\" \/> <img decoding=\"async\" class=\"alignnone wp-image-808\" src=\"https:\/\/clfled.com\/wp-content\/uploads\/2022\/11\/H5a519906a27a4d36b482e57f8387cc39e.jpg_960x960-300x300.webp\" alt=\"\" width=\"300\" height=\"300\" srcset=\"https:\/\/clfled.com\/wp-content\/uploads\/2022\/11\/H5a519906a27a4d36b482e57f8387cc39e.jpg_960x960-300x300.webp 300w, https:\/\/clfled.com\/wp-content\/uploads\/2022\/11\/H5a519906a27a4d36b482e57f8387cc39e.jpg_960x960-500x500.webp 500w, https:\/\/clfled.com\/wp-content\/uploads\/2022\/11\/H5a519906a27a4d36b482e57f8387cc39e.jpg_960x960-150x150.webp 150w, https:\/\/clfled.com\/wp-content\/uploads\/2022\/11\/H5a519906a27a4d36b482e57f8387cc39e.jpg_960x960-700x700.webp 700w, https:\/\/clfled.com\/wp-content\/uploads\/2022\/11\/H5a519906a27a4d36b482e57f8387cc39e.jpg_960x960-600x600.webp 600w, https:\/\/clfled.com\/wp-content\/uploads\/2022\/11\/H5a519906a27a4d36b482e57f8387cc39e.jpg_960x960.webp 750w\" sizes=\"(max-width: 300px) 100vw, 300px\" \/> <img decoding=\"async\" class=\"alignnone wp-image-809\" src=\"https:\/\/clfled.com\/wp-content\/uploads\/2022\/11\/Hdb77e48e9726493fbdbcd4fecfa5ee1aD.jpg_960x960-300x300.webp\" alt=\"\" width=\"300\" height=\"300\" srcset=\"https:\/\/clfled.com\/wp-content\/uploads\/2022\/11\/Hdb77e48e9726493fbdbcd4fecfa5ee1aD.jpg_960x960-300x300.webp 300w, https:\/\/clfled.com\/wp-content\/uploads\/2022\/11\/Hdb77e48e9726493fbdbcd4fecfa5ee1aD.jpg_960x960-500x500.webp 500w, https:\/\/clfled.com\/wp-content\/uploads\/2022\/11\/Hdb77e48e9726493fbdbcd4fecfa5ee1aD.jpg_960x960-150x150.webp 150w, https:\/\/clfled.com\/wp-content\/uploads\/2022\/11\/Hdb77e48e9726493fbdbcd4fecfa5ee1aD.jpg_960x960-700x700.webp 700w, https:\/\/clfled.com\/wp-content\/uploads\/2022\/11\/Hdb77e48e9726493fbdbcd4fecfa5ee1aD.jpg_960x960-600x600.webp 600w, https:\/\/clfled.com\/wp-content\/uploads\/2022\/11\/Hdb77e48e9726493fbdbcd4fecfa5ee1aD.jpg_960x960.webp 750w\" sizes=\"(max-width: 300px) 100vw, 300px\" \/> <img loading=\"lazy\" decoding=\"async\" class=\"alignnone wp-image-810\" src=\"https:\/\/clfled.com\/wp-content\/uploads\/2022\/11\/Hd6a6e7a9aa5f4291a29957fe6e72525ez.jpg_960x960-300x300.webp\" alt=\"\" width=\"300\" height=\"300\" srcset=\"https:\/\/clfled.com\/wp-content\/uploads\/2022\/11\/Hd6a6e7a9aa5f4291a29957fe6e72525ez.jpg_960x960-300x300.webp 300w, https:\/\/clfled.com\/wp-content\/uploads\/2022\/11\/Hd6a6e7a9aa5f4291a29957fe6e72525ez.jpg_960x960-500x500.webp 500w, https:\/\/clfled.com\/wp-content\/uploads\/2022\/11\/Hd6a6e7a9aa5f4291a29957fe6e72525ez.jpg_960x960-150x150.webp 150w, https:\/\/clfled.com\/wp-content\/uploads\/2022\/11\/Hd6a6e7a9aa5f4291a29957fe6e72525ez.jpg_960x960-700x700.webp 700w, https:\/\/clfled.com\/wp-content\/uploads\/2022\/11\/Hd6a6e7a9aa5f4291a29957fe6e72525ez.jpg_960x960-600x600.webp 600w, https:\/\/clfled.com\/wp-content\/uploads\/2022\/11\/Hd6a6e7a9aa5f4291a29957fe6e72525ez.jpg_960x960.webp 750w\" sizes=\"(max-width: 300px) 100vw, 300px\" \/> <img loading=\"lazy\" decoding=\"async\" class=\"alignnone wp-image-811\" src=\"https:\/\/clfled.com\/wp-content\/uploads\/2022\/11\/H19d1352774f2478d9b22687d115327afy.jpg_960x960-300x300.webp\" alt=\"\" width=\"300\" height=\"300\" srcset=\"https:\/\/clfled.com\/wp-content\/uploads\/2022\/11\/H19d1352774f2478d9b22687d115327afy.jpg_960x960-300x300.webp 300w, https:\/\/clfled.com\/wp-content\/uploads\/2022\/11\/H19d1352774f2478d9b22687d115327afy.jpg_960x960-500x500.webp 500w, https:\/\/clfled.com\/wp-content\/uploads\/2022\/11\/H19d1352774f2478d9b22687d115327afy.jpg_960x960-150x150.webp 150w, https:\/\/clfled.com\/wp-content\/uploads\/2022\/11\/H19d1352774f2478d9b22687d115327afy.jpg_960x960-700x700.webp 700w, https:\/\/clfled.com\/wp-content\/uploads\/2022\/11\/H19d1352774f2478d9b22687d115327afy.jpg_960x960-768x768.webp 768w, https:\/\/clfled.com\/wp-content\/uploads\/2022\/11\/H19d1352774f2478d9b22687d115327afy.jpg_960x960-600x600.webp 600w, https:\/\/clfled.com\/wp-content\/uploads\/2022\/11\/H19d1352774f2478d9b22687d115327afy.jpg_960x960.webp 800w\" sizes=\"(max-width: 300px) 100vw, 300px\" \/>      <img loading=\"lazy\" decoding=\"async\" class=\"alignnone wp-image-785\" src=\"https:\/\/clfled.com\/wp-content\/uploads\/2022\/11\/H015d49cc4ce64785b01567212fd776b10-271x300.webp\" alt=\"\" width=\"273\" height=\"302\" srcset=\"https:\/\/clfled.com\/wp-content\/uploads\/2022\/11\/H015d49cc4ce64785b01567212fd776b10-271x300.webp 271w, https:\/\/clfled.com\/wp-content\/uploads\/2022\/11\/H015d49cc4ce64785b01567212fd776b10-500x554.webp 500w, https:\/\/clfled.com\/wp-content\/uploads\/2022\/11\/H015d49cc4ce64785b01567212fd776b10-150x166.webp 150w, https:\/\/clfled.com\/wp-content\/uploads\/2022\/11\/H015d49cc4ce64785b01567212fd776b10-700x776.webp 700w, https:\/\/clfled.com\/wp-content\/uploads\/2022\/11\/H015d49cc4ce64785b01567212fd776b10-768x852.webp 768w, https:\/\/clfled.com\/wp-content\/uploads\/2022\/11\/H015d49cc4ce64785b01567212fd776b10.webp 800w\" sizes=\"(max-width: 273px) 100vw, 273px\" \/><\/p>\n<\/div>\n<\/div>\n","protected":false},"excerpt":{"rendered":"<p>Descrizione del prodotto SK6812 Striscia LED indirizzabile RGBW RGBW = RGB + Bianco freddo (6000-7000k),RGBWW= RGB + Bianco caldo (2700-3200k),RGBNW=<\/p>\n","protected":false},"featured_media":2682,"comment_status":"open","ping_status":"closed","template":"","meta":[],"product_cat":[165],"product_tag":[],"class_list":["post-4481","product","type-product","status-publish","has-post-thumbnail","hentry","product_cat-striscia-led-a-colori"],"yoast_head":"<!-- This site is optimized with the Yoast SEO Premium plugin v21.0 (Yoast SEO v21.0) - https:\/\/yoast.com\/wordpress\/plugins\/seo\/ -->\n<title>SMD 5050 SK 6812 RGBW\/WWA Led Strip light 12MM 5V - Clfled<\/title>\n<meta name=\"robots\" content=\"index, follow, max-snippet:-1, max-image-preview:large, max-video-preview:-1\" \/>\n<link rel=\"canonical\" href=\"https:\/\/clfled.com\/it\/prodotto\/smd-5050-sk-6812-rgbw-wwa-led-strip-light-12mm-5v-2\/\" \/>\n<meta property=\"og:locale\" content=\"it_IT\" \/>\n<meta property=\"og:type\" content=\"article\" \/>\n<meta property=\"og:title\" content=\"SMD 5050 SK 6812 RGBW\/WWA Led Strip light 12MM 5V\" \/>\n<meta property=\"og:description\" content=\"Descrizione del prodotto SK6812 Striscia LED indirizzabile RGBW RGBW = RGB + Bianco freddo (6000-7000k),RGBWW= RGB + Bianco caldo (2700-3200k),RGBNW=\" \/>\n<meta property=\"og:url\" content=\"https:\/\/clfled.com\/it\/prodotto\/smd-5050-sk-6812-rgbw-wwa-led-strip-light-12mm-5v-2\/\" \/>\n<meta property=\"og:site_name\" content=\"Clfled\" \/>\n<meta property=\"og:image\" content=\"https:\/\/clfled.com\/wp-content\/uploads\/2022\/11\/H19d1352774f2478d9b22687d115327afy.jpg_960x960.webp\" \/>\n\t<meta property=\"og:image:width\" content=\"800\" \/>\n\t<meta property=\"og:image:height\" content=\"800\" \/>\n\t<meta property=\"og:image:type\" content=\"image\/webp\" \/>\n<meta name=\"twitter:card\" content=\"summary_large_image\" \/>\n<meta name=\"twitter:label1\" content=\"Tempo di lettura stimato\" \/>\n\t<meta name=\"twitter:data1\" content=\"1 minuto\" \/>\n<script type=\"application\/ld+json\" class=\"yoast-schema-graph\">{\"@context\":\"https:\/\/schema.org\",\"@graph\":[{\"@type\":\"WebPage\",\"@id\":\"https:\/\/clfled.com\/it\/prodotto\/smd-5050-sk-6812-rgbw-wwa-led-strip-light-12mm-5v-2\/\",\"url\":\"https:\/\/clfled.com\/it\/prodotto\/smd-5050-sk-6812-rgbw-wwa-led-strip-light-12mm-5v-2\/\",\"name\":\"SMD 5050 SK 6812 RGBW\/WWA Led Strip light 12MM 5V - Clfled\",\"isPartOf\":{\"@id\":\"https:\/\/clfled.com\/it\/#website\"},\"datePublished\":\"2022-11-05T06:07:11+00:00\",\"dateModified\":\"2022-11-05T06:07:11+00:00\",\"breadcrumb\":{\"@id\":\"https:\/\/clfled.com\/it\/prodotto\/smd-5050-sk-6812-rgbw-wwa-led-strip-light-12mm-5v-2\/#breadcrumb\"},\"inLanguage\":\"it-IT\",\"potentialAction\":[{\"@type\":\"ReadAction\",\"target\":[\"https:\/\/clfled.com\/it\/prodotto\/smd-5050-sk-6812-rgbw-wwa-led-strip-light-12mm-5v-2\/\"]}]},{\"@type\":\"BreadcrumbList\",\"@id\":\"https:\/\/clfled.com\/it\/prodotto\/smd-5050-sk-6812-rgbw-wwa-led-strip-light-12mm-5v-2\/#breadcrumb\",\"itemListElement\":[{\"@type\":\"ListItem\",\"position\":1,\"name\":\"HOME\",\"item\":\"https:\/\/clfled.com\/it\/\"},{\"@type\":\"ListItem\",\"position\":2,\"name\":\"Negozio\",\"item\":\"https:\/\/clfled.com\/it\/negozio\/\"},{\"@type\":\"ListItem\",\"position\":3,\"name\":\"SMD 5050 SK 6812 RGBW\/WWA Led Strip light 12MM 5V\"}]},{\"@type\":\"WebSite\",\"@id\":\"https:\/\/clfled.com\/it\/#website\",\"url\":\"https:\/\/clfled.com\/it\/\",\"name\":\"Clfled\",\"description\":\"clfled.com\",\"potentialAction\":[{\"@type\":\"SearchAction\",\"target\":{\"@type\":\"EntryPoint\",\"urlTemplate\":\"https:\/\/clfled.com\/it\/?s={search_term_string}\"},\"query-input\":\"required name=search_term_string\"}],\"inLanguage\":\"it-IT\"}]}<\/script>\n<!-- \/ Yoast SEO Premium plugin. -->","yoast_head_json":{"title":"SMD 5050 SK 6812 RGBW\/WWA Led Strip light 12MM 5V - Clfled","robots":{"index":"index","follow":"follow","max-snippet":"max-snippet:-1","max-image-preview":"max-image-preview:large","max-video-preview":"max-video-preview:-1"},"canonical":"https:\/\/clfled.com\/it\/prodotto\/smd-5050-sk-6812-rgbw-wwa-led-strip-light-12mm-5v-2\/","og_locale":"it_IT","og_type":"article","og_title":"SMD 5050 SK 6812 RGBW\/WWA Led Strip light 12MM 5V","og_description":"Descrizione del prodotto SK6812 Striscia LED indirizzabile RGBW RGBW = RGB + Bianco freddo (6000-7000k),RGBWW= RGB + Bianco caldo (2700-3200k),RGBNW=","og_url":"https:\/\/clfled.com\/it\/prodotto\/smd-5050-sk-6812-rgbw-wwa-led-strip-light-12mm-5v-2\/","og_site_name":"Clfled","og_image":[{"width":800,"height":800,"url":"https:\/\/clfled.com\/wp-content\/uploads\/2022\/11\/H19d1352774f2478d9b22687d115327afy.jpg_960x960.webp","type":"image\/webp"}],"twitter_card":"summary_large_image","twitter_misc":{"Tempo di lettura stimato":"1 minuto"},"schema":{"@context":"https:\/\/schema.org","@graph":[{"@type":"WebPage","@id":"https:\/\/clfled.com\/it\/prodotto\/smd-5050-sk-6812-rgbw-wwa-led-strip-light-12mm-5v-2\/","url":"https:\/\/clfled.com\/it\/prodotto\/smd-5050-sk-6812-rgbw-wwa-led-strip-light-12mm-5v-2\/","name":"SMD 5050 SK 6812 RGBW\/WWA Led Strip light 12MM 5V - Clfled","isPartOf":{"@id":"https:\/\/clfled.com\/it\/#website"},"datePublished":"2022-11-05T06:07:11+00:00","dateModified":"2022-11-05T06:07:11+00:00","breadcrumb":{"@id":"https:\/\/clfled.com\/it\/prodotto\/smd-5050-sk-6812-rgbw-wwa-led-strip-light-12mm-5v-2\/#breadcrumb"},"inLanguage":"it-IT","potentialAction":[{"@type":"ReadAction","target":["https:\/\/clfled.com\/it\/prodotto\/smd-5050-sk-6812-rgbw-wwa-led-strip-light-12mm-5v-2\/"]}]},{"@type":"BreadcrumbList","@id":"https:\/\/clfled.com\/it\/prodotto\/smd-5050-sk-6812-rgbw-wwa-led-strip-light-12mm-5v-2\/#breadcrumb","itemListElement":[{"@type":"ListItem","position":1,"name":"HOME","item":"https:\/\/clfled.com\/it\/"},{"@type":"ListItem","position":2,"name":"Negozio","item":"https:\/\/clfled.com\/it\/negozio\/"},{"@type":"ListItem","position":3,"name":"SMD 5050 SK 6812 RGBW\/WWA Led Strip light 12MM 5V"}]},{"@type":"WebSite","@id":"https:\/\/clfled.com\/it\/#website","url":"https:\/\/clfled.com\/it\/","name":"Clfled","description":"clfled.com","potentialAction":[{"@type":"SearchAction","target":{"@type":"EntryPoint","urlTemplate":"https:\/\/clfled.com\/it\/?s={search_term_string}"},"query-input":"required name=search_term_string"}],"inLanguage":"it-IT"}]}},"_links":{"self":[{"href":"https:\/\/clfled.com\/it\/wp-json\/wp\/v2\/product\/4481","targetHints":{"allow":["GET"]}}],"collection":[{"href":"https:\/\/clfled.com\/it\/wp-json\/wp\/v2\/product"}],"about":[{"href":"https:\/\/clfled.com\/it\/wp-json\/wp\/v2\/types\/product"}],"replies":[{"embeddable":true,"href":"https:\/\/clfled.com\/it\/wp-json\/wp\/v2\/comments?post=4481"}],"version-history":[{"count":0,"href":"https:\/\/clfled.com\/it\/wp-json\/wp\/v2\/product\/4481\/revisions"}],"wp:featuredmedia":[{"embeddable":true,"href":"https:\/\/clfled.com\/it\/wp-json\/wp\/v2\/media\/2682"}],"wp:attachment":[{"href":"https:\/\/clfled.com\/it\/wp-json\/wp\/v2\/media?parent=4481"}],"wp:term":[{"taxonomy":"product_cat","embeddable":true,"href":"https:\/\/clfled.com\/it\/wp-json\/wp\/v2\/product_cat?post=4481"},{"taxonomy":"product_tag","embeddable":true,"href":"https:\/\/clfled.com\/it\/wp-json\/wp\/v2\/product_tag?post=4481"}],"curies":[{"name":"wp","href":"https:\/\/api.w.org\/{rel}","templated":true}]}}