{"id":4454,"date":"2022-11-05T14:09:27","date_gmt":"2022-11-05T06:09:27","guid":{"rendered":"https:\/\/clfled.com\/product\/casa-colorata-ha-portato-illuminazione-fai-da-te-rgb-ic-kit-di-controllo-app-magic-triangolare-pannello-luminoso-intelligente\/"},"modified":"2022-11-29T15:21:03","modified_gmt":"2022-11-29T07:21:03","slug":"witop-home-led-lighting-diy-design-rgb-ic-control-kit-app-magic-triangolare-smart-light-panel","status":"publish","type":"product","link":"https:\/\/clfled.com\/it\/prodotto\/witop-home-led-lighting-diy-design-rgb-ic-control-kit-app-magic-triangolare-smart-light-panel\/","title":{"rendered":"Casa colorata ha portato illuminazione fai da te RGB IC Kit di controllo APP Magic triangolare pannello luminoso intelligente"},"content":{"rendered":"<h1 style=\"margin-bottom: 0.0000pt\"><em><span style=\"color: #000000\"><span style=\"font-family: Calibri, 'zapf dingbats';font-size: 18px\">Caratteristica <\/span><\/span><\/em><\/h1>\n<h1 style=\"margin-bottom: 0.0000pt\"><span style=\"color: #000000\"><em><span style=\"font-family: Calibri, 'zapf dingbats';font-size: 18px\">Provate i nostri pannelli luminosi magici con il creativo design triangolare. \u00c8 impegnativo come un tangram e facile da usare come un gioco di costruzioni. La cosa pi\u00f9 sorprendente? Vedete la luce, ma non la lampada! Aggiungete luminosit\u00e0 alla vostra vita e costruite le vostre forme. Giocate con i colori e seguite i ritmi e le battute che preferite. Alleggerite la vostra vita!<\/span><\/em><\/span><\/h1>\n<p style=\"margin-bottom: 0.0000pt\"><span style=\"text-decoration: underline;color: #000000;background-color: #00ccff;font-size: 24px\"><em><span style=\"font-family: Calibri, 'zapf dingbats'\">Dettagli del prodotto<\/span><\/em><\/span><\/p>\n<div><span style=\"font-family: Calibri, 'zapf dingbats';color: #000000;font-size: 18px\">1. Controllo pi\u00f9 intelligente di prima: versione multilingue (supporto 28 <\/span><span style=\"font-family: Calibri, 'zapf dingbats';color: #000000;font-size: 18px\">generi di lingua)<\/span><\/div>\n<div>\n<div><span style=\"font-size: 18px;font-family: Calibri, 'zapf dingbats';color: #000000\">2.Now la luce aggiornata del pannello astuto ha soltanto effetti 20kinds: 8 statici <\/span><span style=\"font-size: 18px;font-family: Calibri, 'zapf dingbats';color: #000000\">colori e 12 effetti cianici. <\/span><span style=\"font-size: 18px;font-family: Calibri, 'zapf dingbats';color: #000000\">\u00c8 possibile cambiare l&#8217;effetto premendo il pulsante nel controller.Right <\/span> <\/div>\n<div><span style=\"font-size: 18px;font-family: Calibri, 'zapf dingbats';color: #000000\">\u00e8 per la commutazione dei colori statici e il pulsante sinistro per i colori danimici.<\/span><\/div>\n<\/div>\n<p style=\"text-align: center\"><img fetchpriority=\"high\" decoding=\"async\" class=\"aligncenter\" src=\"\/\/sc01.alicdn.com\/kf\/H57b540aa86164282a1d5c3f25fc6c65cc\/228612101\/H57b540aa86164282a1d5c3f25fc6c65cc.jpg\" width=\"750\" height=\"551\"><br \/>\n<img decoding=\"async\" class=\"aligncenter\" src=\"\/\/sc01.alicdn.com\/kf\/Hd15257886e7f441d9b15a3bb6204df30p\/228612101\/Hd15257886e7f441d9b15a3bb6204df30p.jpg\" width=\"749\" height=\"550\"><br \/>\n<img decoding=\"async\" class=\"aligncenter\" src=\"\/\/sc01.alicdn.com\/kf\/H1deac0b6d6e54f80bd6362adfcbdfde0u\/228612101\/H1deac0b6d6e54f80bd6362adfcbdfde0u.jpg\" width=\"750\" height=\"369\"><br \/>\n<span style=\"background-color: #00ccff;font-size: 24px\"><em><strong><span style=\"font-family: Calibri, 'zapf dingbats'\">Connessione<span style=\"text-decoration: underline;color: #000000\"><img loading=\"lazy\" decoding=\"async\" src=\"\/\/sc01.alicdn.com\/kf\/HTB1Zt8NKMHqK1RjSZJnq6zNLpXa1\/228612101\/HTB1Zt8NKMHqK1RjSZJnq6zNLpXa1.jpg\" width=\"0\" height=\"0\"><\/span><\/span><\/strong><\/em><\/span><\/p>\n<p style=\"padding-left: 30px;text-align: center\"><span style=\"background-color: #00ccff;font-size: 24px\"><em><strong><span style=\"font-family: Calibri, 'zapf dingbats'\"><span style=\"text-decoration: underline;color: #000000\"><img loading=\"lazy\" decoding=\"async\" class=\"aligncenter\" src=\"\/\/sc02.alicdn.com\/kf\/Hd358c8190dc8489994bdc0041959d4ef4\/228612101\/Hd358c8190dc8489994bdc0041959d4ef4.jpg\" width=\"749\" height=\"748\"><\/span><\/span><\/strong><\/em><\/span><\/p>\n<p style=\"padding-left: 30px;text-align: center\"><span style=\"text-decoration: underline;color: #000000;background-color: #00ccff;font-size: 24px\"><em><strong><span style=\"font-family: Calibri, 'zapf dingbats'\">Applicazione<\/span><\/strong><\/em><\/span><\/p>\n<p>&nbsp;<\/p>\n<p style=\"padding-left: 30px;text-align: center\"><span style=\"text-decoration: underline;color: #000000;background-color: #00ccff;font-size: 24px\"><em><strong><span style=\"font-family: Calibri, 'zapf dingbats'\"><img loading=\"lazy\" decoding=\"async\" class=\"alignleft\" src=\"\/\/sc02.alicdn.com\/kf\/H0508407cd455440cb1b3cdac6ef9439fD\/228612101\/H0508407cd455440cb1b3cdac6ef9439fD.jpg\" width=\"749\" height=\"365\"><\/span><\/strong><\/em><\/span><\/p>\n<p> <img loading=\"lazy\" decoding=\"async\" class=\"alignnone wp-image-749\" src=\"https:\/\/clfled.com\/wp-content\/uploads\/2022\/11\/%E4%B8%89%E8%A7%92%E5%BD%A2%E5%A5%87%E5%85%89%E6%9D%BF%E8%AF%A6%E6%83%85_01-208x300.jpg\" alt=\"\" width=\"264\" height=\"381\"><img loading=\"lazy\" decoding=\"async\" class=\"alignnone wp-image-750\" src=\"https:\/\/clfled.com\/wp-content\/uploads\/2022\/11\/%E4%B8%89%E8%A7%92%E5%BD%A2%E5%A5%87%E5%85%89%E6%9D%BF%E8%AF%A6%E6%83%85_02-272x300.jpg\" alt=\"\" width=\"344\" height=\"380\"><img loading=\"lazy\" decoding=\"async\" class=\"wp-image-751 alignnone\" src=\"https:\/\/clfled.com\/wp-content\/uploads\/2022\/11\/%E4%B8%89%E8%A7%92%E5%BD%A2%E5%A5%87%E5%85%89%E6%9D%BF%E8%AF%A6%E6%83%85_03-193x300.jpg\" alt=\"\" width=\"246\" height=\"382\"><\/p>\n<p><img loading=\"lazy\" decoding=\"async\" class=\"alignnone wp-image-752\" src=\"https:\/\/clfled.com\/wp-content\/uploads\/2022\/11\/%E4%B8%89%E8%A7%92%E5%BD%A2%E5%A5%87%E5%85%89%E6%9D%BF%E8%AF%A6%E6%83%85_04-193x300.jpg\" alt=\"\" width=\"244\" height=\"380\"><img loading=\"lazy\" decoding=\"async\" class=\"alignnone wp-image-753\" src=\"https:\/\/clfled.com\/wp-content\/uploads\/2022\/11\/%E4%B8%89%E8%A7%92%E5%BD%A2%E5%A5%87%E5%85%89%E6%9D%BF%E8%AF%A6%E6%83%85_05-194x300.jpg\" alt=\"\" width=\"246\" height=\"380\"><img loading=\"lazy\" decoding=\"async\" class=\"alignnone wp-image-754\" src=\"https:\/\/clfled.com\/wp-content\/uploads\/2022\/11\/%E4%B8%89%E8%A7%92%E5%BD%A2%E5%A5%87%E5%85%89%E6%9D%BF%E8%AF%A6%E6%83%85_06-276x300.jpg\" alt=\"\" width=\"350\" height=\"380\"><\/p>\n<p><img loading=\"lazy\" decoding=\"async\" class=\"alignnone wp-image-755\" src=\"https:\/\/clfled.com\/wp-content\/uploads\/2022\/11\/%E4%B8%89%E8%A7%92%E5%BD%A2%E5%A5%87%E5%85%89%E6%9D%BF%E8%AF%A6%E6%83%85_07-280x300.jpg\" alt=\"\" width=\"360\" height=\"386\"><img loading=\"lazy\" decoding=\"async\" class=\"alignnone wp-image-756\" src=\"https:\/\/clfled.com\/wp-content\/uploads\/2022\/11\/%E4%B8%89%E8%A7%92%E5%BD%A2%E5%A5%87%E5%85%89%E6%9D%BF%E8%AF%A6%E6%83%85_08-300x297.jpg\" alt=\"\" width=\"391\" height=\"387\"><\/p>\n","protected":false},"excerpt":{"rendered":"<p>Questo kit di illuminazione a LED \u00e8 disponibile con diverse opzioni di colore. Ogni colore ha una serie di motivi ed effetti unici. \u00c8 sufficiente scegliere il motivo o l&#8217;effetto che si desidera creare e premere i pulsanti corrispondenti sul telecomando. Il pannello luminoso intelligente aggiornato dispone di 20 tipi di effetti: 8 colori statici e 12 effetti dinamici. \u00c8 possibile cambiare l&#8217;effetto premendo i pulsanti del controller. Il pulsante destro serve per cambiare i colori statici e il pulsante sinistro per gli effetti dinamici.<br \/>\nIl controllo \u00e8 pi\u00f9 intelligente rispetto al passato: Sono facili da installare e da utilizzare. I suoi componenti di alta qualit\u00e0 lo rendono duraturo, a risparmio energetico, sicuro e resistente.<\/p>\n","protected":false},"featured_media":2506,"comment_status":"open","ping_status":"closed","template":"","meta":[],"product_cat":[318],"product_tag":[],"class_list":["post-4454","product","type-product","status-publish","has-post-thumbnail","hentry","product_cat-luce-decorativa"],"yoast_head":"<!-- This site is optimized with the Yoast SEO Premium plugin v21.0 (Yoast SEO v21.0) - https:\/\/yoast.com\/wordpress\/plugins\/seo\/ -->\n<title>Casa colorata ha portato illuminazione fai da te RGB IC Kit di controllo APP Magic triangolare pannello luminoso intelligente - Clfled<\/title>\n<meta name=\"robots\" content=\"index, follow, max-snippet:-1, max-image-preview:large, max-video-preview:-1\" \/>\n<link rel=\"canonical\" href=\"https:\/\/clfled.com\/it\/prodotto\/witop-home-led-lighting-diy-design-rgb-ic-control-kit-app-magic-triangolare-smart-light-panel\/\" \/>\n<meta property=\"og:locale\" content=\"it_IT\" \/>\n<meta property=\"og:type\" content=\"article\" \/>\n<meta property=\"og:title\" content=\"Casa colorata ha portato illuminazione fai da te RGB IC Kit di controllo APP Magic triangolare pannello luminoso intelligente\" \/>\n<meta property=\"og:description\" content=\"Questo kit di illuminazione a LED \u00e8 disponibile con diverse opzioni di colore. Ogni colore ha una serie di motivi ed effetti unici. \u00c8 sufficiente scegliere il motivo o l&#039;effetto che si desidera creare e premere i pulsanti corrispondenti sul telecomando. Il pannello luminoso intelligente aggiornato dispone di 20 tipi di effetti: 8 colori statici e 12 effetti dinamici. \u00c8 possibile cambiare l&#039;effetto premendo i pulsanti del controller. Il pulsante destro serve per cambiare i colori statici e il pulsante sinistro per gli effetti dinamici. Il controllo \u00e8 pi\u00f9 intelligente rispetto al passato: Sono facili da installare e da utilizzare. I suoi componenti di alta qualit\u00e0 lo rendono duraturo, a risparmio energetico, sicuro e resistente.\" \/>\n<meta property=\"og:url\" content=\"https:\/\/clfled.com\/it\/prodotto\/witop-home-led-lighting-diy-design-rgb-ic-control-kit-app-magic-triangolare-smart-light-panel\/\" \/>\n<meta property=\"og:site_name\" content=\"Clfled\" \/>\n<meta property=\"article:modified_time\" content=\"2022-11-29T07:21:03+00:00\" \/>\n<meta property=\"og:image\" content=\"https:\/\/clfled.com\/wp-content\/uploads\/2022\/11\/O1CN01DK3ve11SAOUBi5O9J_2924052206-0-cib.jpg\" \/>\n\t<meta property=\"og:image:width\" content=\"800\" \/>\n\t<meta property=\"og:image:height\" content=\"800\" \/>\n\t<meta property=\"og:image:type\" content=\"image\/jpeg\" \/>\n<meta name=\"twitter:card\" content=\"summary_large_image\" \/>\n<meta name=\"twitter:label1\" content=\"Tempo di lettura stimato\" \/>\n\t<meta name=\"twitter:data1\" content=\"1 minuto\" \/>\n<script type=\"application\/ld+json\" class=\"yoast-schema-graph\">{\"@context\":\"https:\/\/schema.org\",\"@graph\":[{\"@type\":\"WebPage\",\"@id\":\"https:\/\/clfled.com\/it\/prodotto\/witop-home-led-lighting-diy-design-rgb-ic-control-kit-app-magic-triangolare-smart-light-panel\/\",\"url\":\"https:\/\/clfled.com\/it\/prodotto\/witop-home-led-lighting-diy-design-rgb-ic-control-kit-app-magic-triangolare-smart-light-panel\/\",\"name\":\"Casa colorata ha portato illuminazione fai da te RGB IC Kit di controllo APP Magic triangolare pannello luminoso intelligente - Clfled\",\"isPartOf\":{\"@id\":\"https:\/\/clfled.com\/it\/#website\"},\"datePublished\":\"2022-11-05T06:09:27+00:00\",\"dateModified\":\"2022-11-29T07:21:03+00:00\",\"breadcrumb\":{\"@id\":\"https:\/\/clfled.com\/it\/prodotto\/witop-home-led-lighting-diy-design-rgb-ic-control-kit-app-magic-triangolare-smart-light-panel\/#breadcrumb\"},\"inLanguage\":\"it-IT\",\"potentialAction\":[{\"@type\":\"ReadAction\",\"target\":[\"https:\/\/clfled.com\/it\/prodotto\/witop-home-led-lighting-diy-design-rgb-ic-control-kit-app-magic-triangolare-smart-light-panel\/\"]}]},{\"@type\":\"BreadcrumbList\",\"@id\":\"https:\/\/clfled.com\/it\/prodotto\/witop-home-led-lighting-diy-design-rgb-ic-control-kit-app-magic-triangolare-smart-light-panel\/#breadcrumb\",\"itemListElement\":[{\"@type\":\"ListItem\",\"position\":1,\"name\":\"HOME\",\"item\":\"https:\/\/clfled.com\/it\/\"},{\"@type\":\"ListItem\",\"position\":2,\"name\":\"Negozio\",\"item\":\"https:\/\/clfled.com\/it\/negozio\/\"},{\"@type\":\"ListItem\",\"position\":3,\"name\":\"Casa colorata ha portato illuminazione fai da te RGB IC Kit di controllo APP Magic triangolare pannello luminoso intelligente\"}]},{\"@type\":\"WebSite\",\"@id\":\"https:\/\/clfled.com\/it\/#website\",\"url\":\"https:\/\/clfled.com\/it\/\",\"name\":\"Clfled\",\"description\":\"clfled.com\",\"potentialAction\":[{\"@type\":\"SearchAction\",\"target\":{\"@type\":\"EntryPoint\",\"urlTemplate\":\"https:\/\/clfled.com\/it\/?s={search_term_string}\"},\"query-input\":\"required name=search_term_string\"}],\"inLanguage\":\"it-IT\"}]}<\/script>\n<!-- \/ Yoast SEO Premium plugin. -->","yoast_head_json":{"title":"Casa colorata ha portato illuminazione fai da te RGB IC Kit di controllo APP Magic triangolare pannello luminoso intelligente - Clfled","robots":{"index":"index","follow":"follow","max-snippet":"max-snippet:-1","max-image-preview":"max-image-preview:large","max-video-preview":"max-video-preview:-1"},"canonical":"https:\/\/clfled.com\/it\/prodotto\/witop-home-led-lighting-diy-design-rgb-ic-control-kit-app-magic-triangolare-smart-light-panel\/","og_locale":"it_IT","og_type":"article","og_title":"Casa colorata ha portato illuminazione fai da te RGB IC Kit di controllo APP Magic triangolare pannello luminoso intelligente","og_description":"Questo kit di illuminazione a LED \u00e8 disponibile con diverse opzioni di colore. Ogni colore ha una serie di motivi ed effetti unici. \u00c8 sufficiente scegliere il motivo o l'effetto che si desidera creare e premere i pulsanti corrispondenti sul telecomando. Il pannello luminoso intelligente aggiornato dispone di 20 tipi di effetti: 8 colori statici e 12 effetti dinamici. \u00c8 possibile cambiare l'effetto premendo i pulsanti del controller. Il pulsante destro serve per cambiare i colori statici e il pulsante sinistro per gli effetti dinamici. Il controllo \u00e8 pi\u00f9 intelligente rispetto al passato: Sono facili da installare e da utilizzare. I suoi componenti di alta qualit\u00e0 lo rendono duraturo, a risparmio energetico, sicuro e resistente.","og_url":"https:\/\/clfled.com\/it\/prodotto\/witop-home-led-lighting-diy-design-rgb-ic-control-kit-app-magic-triangolare-smart-light-panel\/","og_site_name":"Clfled","article_modified_time":"2022-11-29T07:21:03+00:00","og_image":[{"width":800,"height":800,"url":"https:\/\/clfled.com\/wp-content\/uploads\/2022\/11\/O1CN01DK3ve11SAOUBi5O9J_2924052206-0-cib.jpg","type":"image\/jpeg"}],"twitter_card":"summary_large_image","twitter_misc":{"Tempo di lettura stimato":"1 minuto"},"schema":{"@context":"https:\/\/schema.org","@graph":[{"@type":"WebPage","@id":"https:\/\/clfled.com\/it\/prodotto\/witop-home-led-lighting-diy-design-rgb-ic-control-kit-app-magic-triangolare-smart-light-panel\/","url":"https:\/\/clfled.com\/it\/prodotto\/witop-home-led-lighting-diy-design-rgb-ic-control-kit-app-magic-triangolare-smart-light-panel\/","name":"Casa colorata ha portato illuminazione fai da te RGB IC Kit di controllo APP Magic triangolare pannello luminoso intelligente - Clfled","isPartOf":{"@id":"https:\/\/clfled.com\/it\/#website"},"datePublished":"2022-11-05T06:09:27+00:00","dateModified":"2022-11-29T07:21:03+00:00","breadcrumb":{"@id":"https:\/\/clfled.com\/it\/prodotto\/witop-home-led-lighting-diy-design-rgb-ic-control-kit-app-magic-triangolare-smart-light-panel\/#breadcrumb"},"inLanguage":"it-IT","potentialAction":[{"@type":"ReadAction","target":["https:\/\/clfled.com\/it\/prodotto\/witop-home-led-lighting-diy-design-rgb-ic-control-kit-app-magic-triangolare-smart-light-panel\/"]}]},{"@type":"BreadcrumbList","@id":"https:\/\/clfled.com\/it\/prodotto\/witop-home-led-lighting-diy-design-rgb-ic-control-kit-app-magic-triangolare-smart-light-panel\/#breadcrumb","itemListElement":[{"@type":"ListItem","position":1,"name":"HOME","item":"https:\/\/clfled.com\/it\/"},{"@type":"ListItem","position":2,"name":"Negozio","item":"https:\/\/clfled.com\/it\/negozio\/"},{"@type":"ListItem","position":3,"name":"Casa colorata ha portato illuminazione fai da te RGB IC Kit di controllo APP Magic triangolare pannello luminoso intelligente"}]},{"@type":"WebSite","@id":"https:\/\/clfled.com\/it\/#website","url":"https:\/\/clfled.com\/it\/","name":"Clfled","description":"clfled.com","potentialAction":[{"@type":"SearchAction","target":{"@type":"EntryPoint","urlTemplate":"https:\/\/clfled.com\/it\/?s={search_term_string}"},"query-input":"required name=search_term_string"}],"inLanguage":"it-IT"}]}},"_links":{"self":[{"href":"https:\/\/clfled.com\/it\/wp-json\/wp\/v2\/product\/4454","targetHints":{"allow":["GET"]}}],"collection":[{"href":"https:\/\/clfled.com\/it\/wp-json\/wp\/v2\/product"}],"about":[{"href":"https:\/\/clfled.com\/it\/wp-json\/wp\/v2\/types\/product"}],"replies":[{"embeddable":true,"href":"https:\/\/clfled.com\/it\/wp-json\/wp\/v2\/comments?post=4454"}],"version-history":[{"count":2,"href":"https:\/\/clfled.com\/it\/wp-json\/wp\/v2\/product\/4454\/revisions"}],"predecessor-version":[{"id":4713,"href":"https:\/\/clfled.com\/it\/wp-json\/wp\/v2\/product\/4454\/revisions\/4713"}],"wp:featuredmedia":[{"embeddable":true,"href":"https:\/\/clfled.com\/it\/wp-json\/wp\/v2\/media\/2506"}],"wp:attachment":[{"href":"https:\/\/clfled.com\/it\/wp-json\/wp\/v2\/media?parent=4454"}],"wp:term":[{"taxonomy":"product_cat","embeddable":true,"href":"https:\/\/clfled.com\/it\/wp-json\/wp\/v2\/product_cat?post=4454"},{"taxonomy":"product_tag","embeddable":true,"href":"https:\/\/clfled.com\/it\/wp-json\/wp\/v2\/product_tag?post=4454"}],"curies":[{"name":"wp","href":"https:\/\/api.w.org\/{rel}","templated":true}]}}