{"id":4425,"date":"2022-11-05T14:11:39","date_gmt":"2022-11-05T06:11:39","guid":{"rendered":"https:\/\/clfled.com\/product\/clf-104-psu-box-led-controller-con-spi-dmx512-singolo-art-net-controller-per-palco-luce-fashion-show\/"},"modified":"2022-11-05T14:11:39","modified_gmt":"2022-11-05T06:11:39","slug":"controllore-a-led-con-spi-dmx512-singolo-art-controllore-rete-per-stadio-luce-moda-sfilata","status":"publish","type":"product","link":"https:\/\/clfled.com\/it\/prodotto\/controllore-a-led-con-spi-dmx512-singolo-art-controllore-rete-per-stadio-luce-moda-sfilata\/","title":{"rendered":"CLF 104 psu box led controller con spi DMX512 singolo art net controller per palco luce fashion show"},"content":{"rendered":"<h2 style=\"font-weight: bold;line-height: 1;font-size: 1.5em;margin: 0.75em 0px;color: #000000;font-family: Arial;font-style: normal;text-align: center\"><span style=\"color: #3366ff;font-size: 32px\"><strong>controller a led con spi DMX512 singolo controller artnet per palco luce sfilata di moda<\/strong><\/span><\/h2>\n<p>A condizione che l&#8217;indirizzo di partenza sia 1 impostato dal controllore:<\/p>\n<table style=\"height: 989px\" border=\"1\" width=\"750\" cellspacing=\"0\">\n<tbody>\n<tr>\n<td valign=\"top\" width=\"75\">\n<div align=\"center\">Canale<\/div>\n<\/td>\n<td valign=\"top\" width=\"93\">\n<div align=\"center\">Funzione<\/div>\n<\/td>\n<td valign=\"top\" width=\"398\">\n<div align=\"center\">Specifiche<\/div>\n<\/td>\n<\/tr>\n<tr>\n<td valign=\"top\" width=\"75\">\n<div align=\"center\">Canale 1<\/div>\n<\/td>\n<td valign=\"top\" width=\"93\">\n<div>Selezione dei file<\/div>\n<\/td>\n<td valign=\"top\" width=\"398\">\n<div>Quando la cifra di DMX \u00e8 compresa tra 0~250, il regolatore funziona in modalit\u00e0 SD e la selezione del file \u00e8 compresa tra 1-31.<\/div>\n<div>Quando la cifra di DMX \u00e8 255, si passa alla modalit\u00e0 ArtNet.<\/div>\n<div><\/div>\n<\/td>\n<\/tr>\n<tr>\n<td valign=\"top\" width=\"75\">\n<div align=\"center\">Canale 2<\/div>\n<\/td>\n<td valign=\"top\" width=\"93\">\n<div>Controllo della velocit\u00e0 di riproduzione<\/div>\n<\/td>\n<td valign=\"top\" width=\"398\">\n<div>0~255, la velocit\u00e0 va da lenta a veloce.<\/div>\n<\/td>\n<\/tr>\n<tr>\n<td valign=\"top\" width=\"75\">\n<div align=\"center\">Canale 3<\/div>\n<\/td>\n<td valign=\"top\" width=\"93\">\n<div>Riproduzione Controllo della luminosit\u00e0<\/div>\n<\/td>\n<td valign=\"top\" width=\"398\">\n<div>0~255\uff0cQuando la cifra di DMX \u00e8 scura, come per 255, \u00e8 pi\u00f9 luminosa.<\/div>\n<\/td>\n<\/tr>\n<tr>\n<td valign=\"top\" width=\"75\">\n<div align=\"center\">Canale 4<\/div>\n<\/td>\n<td valign=\"top\" width=\"93\">\n<div>Valore del colore R dell&#8217;effetto di copertura<\/div>\n<\/td>\n<td valign=\"top\" width=\"398\">\n<div>Il valore del colore 0~255\uff0cR va da quello pi\u00f9 luminoso a quello scomparso.<\/div>\n<\/td>\n<\/tr>\n<tr>\n<td valign=\"top\" width=\"75\">\n<div align=\"center\">Canale 5<\/div>\n<\/td>\n<td valign=\"top\" width=\"93\">\n<div>Colore G Valore dell&#8217;effetto di copertura<\/div>\n<\/td>\n<td valign=\"top\" width=\"398\">\n<div>Il valore del colore 0~255\uff0cG va da quello pi\u00f9 luminoso a quello scomparso.<\/div>\n<\/td>\n<\/tr>\n<tr>\n<td valign=\"top\" width=\"75\">\n<div align=\"center\">Canale 6<\/div>\n<\/td>\n<td valign=\"top\" width=\"93\">\n<div>B Valore del colore dell&#8217;effetto di copertura<\/div>\n<\/td>\n<td valign=\"top\" width=\"398\">\n<div>Il valore del colore 0~255\uff0cB va da quello pi\u00f9 luminoso a quello scomparso.<\/div>\n<\/td>\n<\/tr>\n<tr>\n<td valign=\"top\" width=\"75\">\n<div align=\"center\">Canale 7<\/div>\n<\/td>\n<td valign=\"top\" width=\"93\">\n<div>Sfarfallio<\/div>\n<\/td>\n<td valign=\"top\" width=\"398\">\n<div>La cifra di DMX \u00e8 0~10: il regolatore funziona in modalit\u00e0 SD<\/div>\n<div>La cifra di DMX \u00e8 11~20: il colore bianco non sfarfalla e pu\u00f2 lavorare con il canale 4-6 per ottenere colori diversi.<\/div>\n<div>La cifra di DMX \u00e8 21~255: Modalit\u00e0 sfarfallio, cifra pi\u00f9 grande, velocit\u00e0 di sfarfallio pi\u00f9 veloce, pu\u00f2 funzionare con il canale 2 per controllare la velocit\u00e0 di sfarfallio.<\/div>\n<\/td>\n<\/tr>\n<tr>\n<td valign=\"top\" width=\"75\">\n<div align=\"center\">Canale 8<\/div>\n<\/td>\n<td valign=\"top\" width=\"93\">\n<div>Registrazione degli effetti<\/div>\n<\/td>\n<td valign=\"top\" width=\"398\">\n<div>Dovrebbe funzionare con i canali 4~6 durante la registrazione dell&#8217;effetto. La cifra di DMX \u00e8 129~255: se la cifra del canale 4, del canale 5 e del canale 6 \u00e8 255, l&#8217;effetto sar\u00e0 registrato.<\/div>\n<div>Il numero di DMX \u00e8 0~128: funziona in modalit\u00e0 SD o Artnet.<\/div>\n<\/td>\n<\/tr>\n<\/tbody>\n<\/table>\n<p><img fetchpriority=\"high\" decoding=\"async\" class=\"\" src=\"\/\/sc04.alicdn.com\/kf\/H058b5fa39b0a4674851e90892aa34929k\/200440271\/H058b5fa39b0a4674851e90892aa34929k.jpg\" alt=\"controllore a led con spi DMX512 singolo controllore di rete d'arte per palco luce sfilata di moda\" width=\"750\" height=\"784\"><\/p>\n<p>&nbsp;<\/p>\n<p><img decoding=\"async\" class=\"\" src=\"\/\/sc04.alicdn.com\/kf\/H733f8fa53f9748718b525d4ea5bccbceQ\/200440271\/H733f8fa53f9748718b525d4ea5bccbceQ.jpg\" alt=\"controllore a led con spi DMX512 singolo controllore di rete d'arte per palco luce sfilata di moda\" width=\"750\" height=\"752\"><\/p>\n<p><img decoding=\"async\" class=\"\" src=\"\/\/sc04.alicdn.com\/kf\/H7d6fe0ff80e34ca1ae23762e2c549349I\/200440271\/H7d6fe0ff80e34ca1ae23762e2c549349I.jpg\" alt=\"controllore a led con spi DMX512 singolo controllore di rete d'arte per palco luce sfilata di moda\" width=\"750\" height=\"827\"><\/p>\n<p><img loading=\"lazy\" decoding=\"async\" class=\"\" src=\"\/\/sc04.alicdn.com\/kf\/H1af6f1a480ae471da26cdd0bfe454405v\/200440271\/H1af6f1a480ae471da26cdd0bfe454405v.jpg\" alt=\"controllore a led con spi DMX512 singolo controllore di rete d'arte per palco luce sfilata di moda\" width=\"750\" height=\"700\"><\/p>\n<p style=\"margin: 0cm 0cm 0.0001pt;padding: 0px;border: 0px;font-style: normal;font-weight: 400;font-size: 12px;line-height: 13.5pt;font-family: Arial,Helvetica;vertical-align: baseline;color: #333333\">\n","protected":false},"excerpt":{"rendered":"<p>controller a led con spi DMX512 singolo controller artnet per palco luce sfilata di moda A condizione che l&#8217;indirizzo di<\/p>\n","protected":false},"featured_media":2114,"comment_status":"open","ping_status":"closed","template":"","meta":[],"product_cat":[254],"product_tag":[],"class_list":["post-4425","product","type-product","status-publish","has-post-thumbnail","hentry","product_cat-controllore-led"],"yoast_head":"<!-- This site is optimized with the Yoast SEO Premium plugin v21.0 (Yoast SEO v21.0) - https:\/\/yoast.com\/wordpress\/plugins\/seo\/ -->\n<title>CLF 104 psu box led controller con spi DMX512 singolo art net controller per palco luce fashion show - Clfled<\/title>\n<meta name=\"robots\" content=\"index, follow, max-snippet:-1, max-image-preview:large, max-video-preview:-1\" \/>\n<link rel=\"canonical\" href=\"https:\/\/clfled.com\/it\/prodotto\/controllore-a-led-con-spi-dmx512-singolo-art-controllore-rete-per-stadio-luce-moda-sfilata\/\" \/>\n<meta property=\"og:locale\" content=\"it_IT\" \/>\n<meta property=\"og:type\" content=\"article\" \/>\n<meta property=\"og:title\" content=\"CLF 104 psu box led controller con spi DMX512 singolo art net controller per palco luce fashion show\" \/>\n<meta property=\"og:description\" content=\"controller a led con spi DMX512 singolo controller artnet per palco luce sfilata di moda A condizione che l&#8217;indirizzo di\" \/>\n<meta property=\"og:url\" content=\"https:\/\/clfled.com\/it\/prodotto\/controllore-a-led-con-spi-dmx512-singolo-art-controllore-rete-per-stadio-luce-moda-sfilata\/\" \/>\n<meta property=\"og:site_name\" content=\"Clfled\" \/>\n<meta property=\"og:image\" content=\"https:\/\/clfled.com\/wp-content\/uploads\/2022\/11\/H9be1ee6b58ce4d6782300d14932645a0r.jpg\" \/>\n\t<meta property=\"og:image:width\" content=\"732\" \/>\n\t<meta property=\"og:image:height\" content=\"765\" \/>\n\t<meta property=\"og:image:type\" content=\"image\/jpeg\" \/>\n<meta name=\"twitter:card\" content=\"summary_large_image\" \/>\n<meta name=\"twitter:label1\" content=\"Tempo di lettura stimato\" \/>\n\t<meta name=\"twitter:data1\" content=\"1 minuto\" \/>\n<script type=\"application\/ld+json\" class=\"yoast-schema-graph\">{\"@context\":\"https:\/\/schema.org\",\"@graph\":[{\"@type\":\"WebPage\",\"@id\":\"https:\/\/clfled.com\/it\/prodotto\/controllore-a-led-con-spi-dmx512-singolo-art-controllore-rete-per-stadio-luce-moda-sfilata\/\",\"url\":\"https:\/\/clfled.com\/it\/prodotto\/controllore-a-led-con-spi-dmx512-singolo-art-controllore-rete-per-stadio-luce-moda-sfilata\/\",\"name\":\"CLF 104 psu box led controller con spi DMX512 singolo art net controller per palco luce fashion show - Clfled\",\"isPartOf\":{\"@id\":\"https:\/\/clfled.com\/it\/#website\"},\"datePublished\":\"2022-11-05T06:11:39+00:00\",\"dateModified\":\"2022-11-05T06:11:39+00:00\",\"breadcrumb\":{\"@id\":\"https:\/\/clfled.com\/it\/prodotto\/controllore-a-led-con-spi-dmx512-singolo-art-controllore-rete-per-stadio-luce-moda-sfilata\/#breadcrumb\"},\"inLanguage\":\"it-IT\",\"potentialAction\":[{\"@type\":\"ReadAction\",\"target\":[\"https:\/\/clfled.com\/it\/prodotto\/controllore-a-led-con-spi-dmx512-singolo-art-controllore-rete-per-stadio-luce-moda-sfilata\/\"]}]},{\"@type\":\"BreadcrumbList\",\"@id\":\"https:\/\/clfled.com\/it\/prodotto\/controllore-a-led-con-spi-dmx512-singolo-art-controllore-rete-per-stadio-luce-moda-sfilata\/#breadcrumb\",\"itemListElement\":[{\"@type\":\"ListItem\",\"position\":1,\"name\":\"HOME\",\"item\":\"https:\/\/clfled.com\/it\/\"},{\"@type\":\"ListItem\",\"position\":2,\"name\":\"Negozio\",\"item\":\"https:\/\/clfled.com\/it\/negozio\/\"},{\"@type\":\"ListItem\",\"position\":3,\"name\":\"CLF 104 psu box led controller con spi DMX512 singolo art net controller per palco luce fashion show\"}]},{\"@type\":\"WebSite\",\"@id\":\"https:\/\/clfled.com\/it\/#website\",\"url\":\"https:\/\/clfled.com\/it\/\",\"name\":\"Clfled\",\"description\":\"clfled.com\",\"potentialAction\":[{\"@type\":\"SearchAction\",\"target\":{\"@type\":\"EntryPoint\",\"urlTemplate\":\"https:\/\/clfled.com\/it\/?s={search_term_string}\"},\"query-input\":\"required name=search_term_string\"}],\"inLanguage\":\"it-IT\"}]}<\/script>\n<!-- \/ Yoast SEO Premium plugin. -->","yoast_head_json":{"title":"CLF 104 psu box led controller con spi DMX512 singolo art net controller per palco luce fashion show - Clfled","robots":{"index":"index","follow":"follow","max-snippet":"max-snippet:-1","max-image-preview":"max-image-preview:large","max-video-preview":"max-video-preview:-1"},"canonical":"https:\/\/clfled.com\/it\/prodotto\/controllore-a-led-con-spi-dmx512-singolo-art-controllore-rete-per-stadio-luce-moda-sfilata\/","og_locale":"it_IT","og_type":"article","og_title":"CLF 104 psu box led controller con spi DMX512 singolo art net controller per palco luce fashion show","og_description":"controller a led con spi DMX512 singolo controller artnet per palco luce sfilata di moda A condizione che l&#8217;indirizzo di","og_url":"https:\/\/clfled.com\/it\/prodotto\/controllore-a-led-con-spi-dmx512-singolo-art-controllore-rete-per-stadio-luce-moda-sfilata\/","og_site_name":"Clfled","og_image":[{"width":732,"height":765,"url":"https:\/\/clfled.com\/wp-content\/uploads\/2022\/11\/H9be1ee6b58ce4d6782300d14932645a0r.jpg","type":"image\/jpeg"}],"twitter_card":"summary_large_image","twitter_misc":{"Tempo di lettura stimato":"1 minuto"},"schema":{"@context":"https:\/\/schema.org","@graph":[{"@type":"WebPage","@id":"https:\/\/clfled.com\/it\/prodotto\/controllore-a-led-con-spi-dmx512-singolo-art-controllore-rete-per-stadio-luce-moda-sfilata\/","url":"https:\/\/clfled.com\/it\/prodotto\/controllore-a-led-con-spi-dmx512-singolo-art-controllore-rete-per-stadio-luce-moda-sfilata\/","name":"CLF 104 psu box led controller con spi DMX512 singolo art net controller per palco luce fashion show - Clfled","isPartOf":{"@id":"https:\/\/clfled.com\/it\/#website"},"datePublished":"2022-11-05T06:11:39+00:00","dateModified":"2022-11-05T06:11:39+00:00","breadcrumb":{"@id":"https:\/\/clfled.com\/it\/prodotto\/controllore-a-led-con-spi-dmx512-singolo-art-controllore-rete-per-stadio-luce-moda-sfilata\/#breadcrumb"},"inLanguage":"it-IT","potentialAction":[{"@type":"ReadAction","target":["https:\/\/clfled.com\/it\/prodotto\/controllore-a-led-con-spi-dmx512-singolo-art-controllore-rete-per-stadio-luce-moda-sfilata\/"]}]},{"@type":"BreadcrumbList","@id":"https:\/\/clfled.com\/it\/prodotto\/controllore-a-led-con-spi-dmx512-singolo-art-controllore-rete-per-stadio-luce-moda-sfilata\/#breadcrumb","itemListElement":[{"@type":"ListItem","position":1,"name":"HOME","item":"https:\/\/clfled.com\/it\/"},{"@type":"ListItem","position":2,"name":"Negozio","item":"https:\/\/clfled.com\/it\/negozio\/"},{"@type":"ListItem","position":3,"name":"CLF 104 psu box led controller con spi DMX512 singolo art net controller per palco luce fashion show"}]},{"@type":"WebSite","@id":"https:\/\/clfled.com\/it\/#website","url":"https:\/\/clfled.com\/it\/","name":"Clfled","description":"clfled.com","potentialAction":[{"@type":"SearchAction","target":{"@type":"EntryPoint","urlTemplate":"https:\/\/clfled.com\/it\/?s={search_term_string}"},"query-input":"required name=search_term_string"}],"inLanguage":"it-IT"}]}},"_links":{"self":[{"href":"https:\/\/clfled.com\/it\/wp-json\/wp\/v2\/product\/4425","targetHints":{"allow":["GET"]}}],"collection":[{"href":"https:\/\/clfled.com\/it\/wp-json\/wp\/v2\/product"}],"about":[{"href":"https:\/\/clfled.com\/it\/wp-json\/wp\/v2\/types\/product"}],"replies":[{"embeddable":true,"href":"https:\/\/clfled.com\/it\/wp-json\/wp\/v2\/comments?post=4425"}],"version-history":[{"count":0,"href":"https:\/\/clfled.com\/it\/wp-json\/wp\/v2\/product\/4425\/revisions"}],"wp:featuredmedia":[{"embeddable":true,"href":"https:\/\/clfled.com\/it\/wp-json\/wp\/v2\/media\/2114"}],"wp:attachment":[{"href":"https:\/\/clfled.com\/it\/wp-json\/wp\/v2\/media?parent=4425"}],"wp:term":[{"taxonomy":"product_cat","embeddable":true,"href":"https:\/\/clfled.com\/it\/wp-json\/wp\/v2\/product_cat?post=4425"},{"taxonomy":"product_tag","embeddable":true,"href":"https:\/\/clfled.com\/it\/wp-json\/wp\/v2\/product_tag?post=4425"}],"curies":[{"name":"wp","href":"https:\/\/api.w.org\/{rel}","templated":true}]}}