{"id":4379,"date":"2022-11-17T12:00:42","date_gmt":"2022-11-17T04:00:42","guid":{"rendered":"https:\/\/clfled.com\/product\/tubo-led-pixel-a-360-gradi-che-emette-luce\/"},"modified":"2022-11-17T12:00:42","modified_gmt":"2022-11-17T04:00:42","slug":"tubo-pixel-a-led-a-360-gradi-ad-emissione-di-luce","status":"publish","type":"product","link":"https:\/\/clfled.com\/it\/prodotto\/tubo-pixel-a-led-a-360-gradi-ad-emissione-di-luce\/","title":{"rendered":"Tubo LED pixel a 360 gradi che emette luce"},"content":{"rendered":"<p><em><strong>Descrizione<\/strong><\/em><\/p>\n<ul>\n<li>Emissione luminosa a 360 gradi, emissione luminosa uniforme<\/li>\n<li>elevato indice di resa cromatica, lunga durata della batteria<\/li>\n<li>Colori brillanti e saturi<\/li>\n<li>Guscio in lega di alluminio, corpo solido, struttura compatta, eccellente dissipazione del calore, dotato di bullone ad occhiello e base pieghevole, e facile installazione<\/li>\n<li>La temperatura del colore di 1750K-10000K (l&#8217;unit\u00e0 \u00e8 250K) pu\u00f2 essere regolata<\/li>\n<li>32 pixel, che possono essere controllati singolarmente<\/li>\n<li>Touch screen OLED, facile da usare<\/li>\n<li>Supporto DMX wireless (compatibile con il wireless svedese), APP mobile, controllo remoto<\/li>\n<li>Controllo di una singola lampada, controllo combinato multilampada master-slave, controllo remoto, controllo della console, controllo APP, ecc.<\/li>\n<li><img fetchpriority=\"high\" decoding=\"async\" class=\"alignnone wp-image-1079\" src=\"https:\/\/clfled.com\/wp-content\/uploads\/2022\/11\/333-300x225.webp\" alt=\"\" width=\"751\" height=\"563\" srcset=\"https:\/\/clfled.com\/wp-content\/uploads\/2022\/11\/333-300x225.webp 300w, https:\/\/clfled.com\/wp-content\/uploads\/2022\/11\/333-150x113.webp 150w, https:\/\/clfled.com\/wp-content\/uploads\/2022\/11\/333.webp 480w\" sizes=\"(max-width: 751px) 100vw, 751px\" \/><\/li>\n<li><img decoding=\"async\" class=\"alignnone wp-image-1077\" src=\"https:\/\/clfled.com\/wp-content\/uploads\/2022\/11\/111-300x225.webp\" alt=\"\" width=\"751\" height=\"563\" srcset=\"https:\/\/clfled.com\/wp-content\/uploads\/2022\/11\/111-300x225.webp 300w, https:\/\/clfled.com\/wp-content\/uploads\/2022\/11\/111-150x113.webp 150w, https:\/\/clfled.com\/wp-content\/uploads\/2022\/11\/111.webp 480w\" sizes=\"(max-width: 751px) 100vw, 751px\" \/><\/li>\n<li><img decoding=\"async\" class=\"alignnone wp-image-1078\" src=\"https:\/\/clfled.com\/wp-content\/uploads\/2022\/11\/222-300x225.webp\" alt=\"\" width=\"751\" height=\"563\" srcset=\"https:\/\/clfled.com\/wp-content\/uploads\/2022\/11\/222-300x225.webp 300w, https:\/\/clfled.com\/wp-content\/uploads\/2022\/11\/222-150x113.webp 150w, https:\/\/clfled.com\/wp-content\/uploads\/2022\/11\/222.webp 480w\" sizes=\"(max-width: 751px) 100vw, 751px\" \/><\/li>\n<li><img loading=\"lazy\" decoding=\"async\" class=\"alignnone wp-image-1080\" src=\"https:\/\/clfled.com\/wp-content\/uploads\/2022\/11\/444-300x225.webp\" alt=\"\" width=\"751\" height=\"563\" srcset=\"https:\/\/clfled.com\/wp-content\/uploads\/2022\/11\/444-300x225.webp 300w, https:\/\/clfled.com\/wp-content\/uploads\/2022\/11\/444-150x113.webp 150w, https:\/\/clfled.com\/wp-content\/uploads\/2022\/11\/444.webp 480w\" sizes=\"(max-width: 751px) 100vw, 751px\" \/><\/li>\n<li><img loading=\"lazy\" decoding=\"async\" class=\"alignnone wp-image-1081\" src=\"https:\/\/clfled.com\/wp-content\/uploads\/2022\/11\/555-300x225.webp\" alt=\"\" width=\"751\" height=\"563\" srcset=\"https:\/\/clfled.com\/wp-content\/uploads\/2022\/11\/555-300x225.webp 300w, https:\/\/clfled.com\/wp-content\/uploads\/2022\/11\/555-150x113.webp 150w, https:\/\/clfled.com\/wp-content\/uploads\/2022\/11\/555.webp 480w\" sizes=\"(max-width: 751px) 100vw, 751px\" \/><\/li>\n<li><img loading=\"lazy\" decoding=\"async\" class=\"alignnone wp-image-1082\" src=\"https:\/\/clfled.com\/wp-content\/uploads\/2022\/11\/666-300x135.webp\" alt=\"\" width=\"751\" height=\"338\" srcset=\"https:\/\/clfled.com\/wp-content\/uploads\/2022\/11\/666-300x135.webp 300w, https:\/\/clfled.com\/wp-content\/uploads\/2022\/11\/666-150x68.webp 150w, https:\/\/clfled.com\/wp-content\/uploads\/2022\/11\/666.webp 480w\" sizes=\"(max-width: 751px) 100vw, 751px\" \/><\/li>\n<\/ul>\n","protected":false},"excerpt":{"rendered":"<p>Descrizione Emissione luminosa a 360 gradi, emissione luminosa uniforme elevato indice di resa cromatica, lunga durata della batteria Colori brillanti<\/p>\n","protected":false},"featured_media":3268,"comment_status":"open","ping_status":"closed","template":"","meta":[],"product_cat":[147],"product_tag":[],"class_list":["post-4379","product","type-product","status-publish","has-post-thumbnail","hentry","product_cat-tubo-a-batteria-a-led-senza-fili"],"yoast_head":"<!-- This site is optimized with the Yoast SEO Premium plugin v21.0 (Yoast SEO v21.0) - https:\/\/yoast.com\/wordpress\/plugins\/seo\/ -->\n<title>Tubo LED pixel a 360 gradi che emette luce - Clfled<\/title>\n<meta name=\"robots\" content=\"index, follow, max-snippet:-1, max-image-preview:large, max-video-preview:-1\" \/>\n<link rel=\"canonical\" href=\"https:\/\/clfled.com\/it\/prodotto\/tubo-pixel-a-led-a-360-gradi-ad-emissione-di-luce\/\" \/>\n<meta property=\"og:locale\" content=\"it_IT\" \/>\n<meta property=\"og:type\" content=\"article\" \/>\n<meta property=\"og:title\" content=\"Tubo LED pixel a 360 gradi che emette luce\" \/>\n<meta property=\"og:description\" content=\"Descrizione Emissione luminosa a 360 gradi, emissione luminosa uniforme elevato indice di resa cromatica, lunga durata della batteria Colori brillanti\" \/>\n<meta property=\"og:url\" content=\"https:\/\/clfled.com\/it\/prodotto\/tubo-pixel-a-led-a-360-gradi-ad-emissione-di-luce\/\" \/>\n<meta property=\"og:site_name\" content=\"Clfled\" \/>\n<meta property=\"og:image\" content=\"https:\/\/clfled.com\/wp-content\/uploads\/2022\/11\/11.webp\" \/>\n\t<meta property=\"og:image:width\" content=\"800\" \/>\n\t<meta property=\"og:image:height\" content=\"800\" \/>\n\t<meta property=\"og:image:type\" content=\"image\/webp\" \/>\n<meta name=\"twitter:card\" content=\"summary_large_image\" \/>\n<script type=\"application\/ld+json\" class=\"yoast-schema-graph\">{\"@context\":\"https:\/\/schema.org\",\"@graph\":[{\"@type\":\"WebPage\",\"@id\":\"https:\/\/clfled.com\/it\/prodotto\/tubo-pixel-a-led-a-360-gradi-ad-emissione-di-luce\/\",\"url\":\"https:\/\/clfled.com\/it\/prodotto\/tubo-pixel-a-led-a-360-gradi-ad-emissione-di-luce\/\",\"name\":\"Tubo LED pixel a 360 gradi che emette luce - Clfled\",\"isPartOf\":{\"@id\":\"https:\/\/clfled.com\/it\/#website\"},\"datePublished\":\"2022-11-17T04:00:42+00:00\",\"dateModified\":\"2022-11-17T04:00:42+00:00\",\"breadcrumb\":{\"@id\":\"https:\/\/clfled.com\/it\/prodotto\/tubo-pixel-a-led-a-360-gradi-ad-emissione-di-luce\/#breadcrumb\"},\"inLanguage\":\"it-IT\",\"potentialAction\":[{\"@type\":\"ReadAction\",\"target\":[\"https:\/\/clfled.com\/it\/prodotto\/tubo-pixel-a-led-a-360-gradi-ad-emissione-di-luce\/\"]}]},{\"@type\":\"BreadcrumbList\",\"@id\":\"https:\/\/clfled.com\/it\/prodotto\/tubo-pixel-a-led-a-360-gradi-ad-emissione-di-luce\/#breadcrumb\",\"itemListElement\":[{\"@type\":\"ListItem\",\"position\":1,\"name\":\"HOME\",\"item\":\"https:\/\/clfled.com\/it\/\"},{\"@type\":\"ListItem\",\"position\":2,\"name\":\"Negozio\",\"item\":\"https:\/\/clfled.com\/it\/negozio\/\"},{\"@type\":\"ListItem\",\"position\":3,\"name\":\"Tubo LED pixel a 360 gradi che emette luce\"}]},{\"@type\":\"WebSite\",\"@id\":\"https:\/\/clfled.com\/it\/#website\",\"url\":\"https:\/\/clfled.com\/it\/\",\"name\":\"Clfled\",\"description\":\"clfled.com\",\"potentialAction\":[{\"@type\":\"SearchAction\",\"target\":{\"@type\":\"EntryPoint\",\"urlTemplate\":\"https:\/\/clfled.com\/it\/?s={search_term_string}\"},\"query-input\":\"required name=search_term_string\"}],\"inLanguage\":\"it-IT\"}]}<\/script>\n<!-- \/ Yoast SEO Premium plugin. -->","yoast_head_json":{"title":"Tubo LED pixel a 360 gradi che emette luce - Clfled","robots":{"index":"index","follow":"follow","max-snippet":"max-snippet:-1","max-image-preview":"max-image-preview:large","max-video-preview":"max-video-preview:-1"},"canonical":"https:\/\/clfled.com\/it\/prodotto\/tubo-pixel-a-led-a-360-gradi-ad-emissione-di-luce\/","og_locale":"it_IT","og_type":"article","og_title":"Tubo LED pixel a 360 gradi che emette luce","og_description":"Descrizione Emissione luminosa a 360 gradi, emissione luminosa uniforme elevato indice di resa cromatica, lunga durata della batteria Colori brillanti","og_url":"https:\/\/clfled.com\/it\/prodotto\/tubo-pixel-a-led-a-360-gradi-ad-emissione-di-luce\/","og_site_name":"Clfled","og_image":[{"width":800,"height":800,"url":"https:\/\/clfled.com\/wp-content\/uploads\/2022\/11\/11.webp","type":"image\/webp"}],"twitter_card":"summary_large_image","schema":{"@context":"https:\/\/schema.org","@graph":[{"@type":"WebPage","@id":"https:\/\/clfled.com\/it\/prodotto\/tubo-pixel-a-led-a-360-gradi-ad-emissione-di-luce\/","url":"https:\/\/clfled.com\/it\/prodotto\/tubo-pixel-a-led-a-360-gradi-ad-emissione-di-luce\/","name":"Tubo LED pixel a 360 gradi che emette luce - Clfled","isPartOf":{"@id":"https:\/\/clfled.com\/it\/#website"},"datePublished":"2022-11-17T04:00:42+00:00","dateModified":"2022-11-17T04:00:42+00:00","breadcrumb":{"@id":"https:\/\/clfled.com\/it\/prodotto\/tubo-pixel-a-led-a-360-gradi-ad-emissione-di-luce\/#breadcrumb"},"inLanguage":"it-IT","potentialAction":[{"@type":"ReadAction","target":["https:\/\/clfled.com\/it\/prodotto\/tubo-pixel-a-led-a-360-gradi-ad-emissione-di-luce\/"]}]},{"@type":"BreadcrumbList","@id":"https:\/\/clfled.com\/it\/prodotto\/tubo-pixel-a-led-a-360-gradi-ad-emissione-di-luce\/#breadcrumb","itemListElement":[{"@type":"ListItem","position":1,"name":"HOME","item":"https:\/\/clfled.com\/it\/"},{"@type":"ListItem","position":2,"name":"Negozio","item":"https:\/\/clfled.com\/it\/negozio\/"},{"@type":"ListItem","position":3,"name":"Tubo LED pixel a 360 gradi che emette luce"}]},{"@type":"WebSite","@id":"https:\/\/clfled.com\/it\/#website","url":"https:\/\/clfled.com\/it\/","name":"Clfled","description":"clfled.com","potentialAction":[{"@type":"SearchAction","target":{"@type":"EntryPoint","urlTemplate":"https:\/\/clfled.com\/it\/?s={search_term_string}"},"query-input":"required name=search_term_string"}],"inLanguage":"it-IT"}]}},"_links":{"self":[{"href":"https:\/\/clfled.com\/it\/wp-json\/wp\/v2\/product\/4379","targetHints":{"allow":["GET"]}}],"collection":[{"href":"https:\/\/clfled.com\/it\/wp-json\/wp\/v2\/product"}],"about":[{"href":"https:\/\/clfled.com\/it\/wp-json\/wp\/v2\/types\/product"}],"replies":[{"embeddable":true,"href":"https:\/\/clfled.com\/it\/wp-json\/wp\/v2\/comments?post=4379"}],"version-history":[{"count":0,"href":"https:\/\/clfled.com\/it\/wp-json\/wp\/v2\/product\/4379\/revisions"}],"wp:featuredmedia":[{"embeddable":true,"href":"https:\/\/clfled.com\/it\/wp-json\/wp\/v2\/media\/3268"}],"wp:attachment":[{"href":"https:\/\/clfled.com\/it\/wp-json\/wp\/v2\/media?parent=4379"}],"wp:term":[{"taxonomy":"product_cat","embeddable":true,"href":"https:\/\/clfled.com\/it\/wp-json\/wp\/v2\/product_cat?post=4379"},{"taxonomy":"product_tag","embeddable":true,"href":"https:\/\/clfled.com\/it\/wp-json\/wp\/v2\/product_tag?post=4379"}],"curies":[{"name":"wp","href":"https:\/\/api.w.org\/{rel}","templated":true}]}}