{"id":4306,"date":"2022-11-05T13:55:51","date_gmt":"2022-11-05T05:55:51","guid":{"rendered":"https:\/\/clfled.com\/products\/0-5m-led-5050-rgb-square-milky-cover-led-strisce-pixel-bar-stage-light-24v\/"},"modified":"2022-11-05T13:55:51","modified_gmt":"2022-11-05T05:55:51","slug":"0-5m-led-5050-rgb-square-milky-cover-led-strips-pixel-bar-stage-light-24v-2","status":"publish","type":"product","link":"https:\/\/clfled.com\/it\/prodotto\/0-5m-led-5050-rgb-square-milky-cover-led-strips-pixel-bar-stage-light-24v-2\/","title":{"rendered":"0.5M LED 5050 RGB Square Milky Cover LED Strisce Pixel Bar Stage Light 24V"},"content":{"rendered":"<p style=\"text-align: center\"><strong><span style=\"line-height: normal\"><span style=\"font-size: 24px\">LED 5050 RGB Square Milky Cover LED Strisce Pixel Bar Stage Light 24V<\/span><\/span><\/strong><\/p>\n<h2 style=\"text-align: left\"><span style=\"color: #000000\"><span style=\"font-size: 24px\"><strong><span style=\"line-height: normal;font-family: serif\">Descrizioni<\/span><\/strong><\/span><\/span><\/h2>\n<p align=\"left\"> <span style=\"color: #333333;font-family: Arial, Helvetica;font-size: 16px;font-style: normal;font-weight: 400;background-color: #ffffff;float: none\">Colori brillanti e luminosi con la barra rigida a LED. Club, bar, negozi e palcoscenici sono i luoghi ideali per questo sottile strumento. \u00c8 anche il dispositivo perfetto per realizzare interessanti creazioni luminose nelle proprie stanze. I LED hanno prestazioni elevate, sono molto luminosi e diffondono una luce forte e intensa. Questo vale naturalmente anche per la barra rigida a LED. Questa \u00e8 solo una parte della longevit\u00e0 dei LED, che pu\u00f2 portare a circa&#8230; 50.000 ore di luce. I LED della barra rigida consumano poca energia. Inoltre, dissipano poco calore. Questo non \u00e8 solo un bene per il vostro bilancio energetico, ma anche per l&#8217;ambiente.<\/span><\/p>\n<table style=\"border-collapse: collapse;background-color: #ffffff;width: 747px;border: 1px solid #cccccc\" border=\"1\">\n<tbody>\n<tr style=\"height: 15px\">\n<td style=\"border: 1px solid #cccccc;width: 314px;height: 15px;text-align: left\"><span style=\"font-size: 16px;font-family: arial, helvetica, sans-serif\">Nome del prodotto<\/span><\/td>\n<td style=\"border: 1px solid #cccccc;width: 426px;height: 15px;text-align: left\"><span style=\"font-size: 16px;font-family: arial, helvetica, sans-serif\">Barra quadrata a LED Pixel<\/span><\/td>\n<\/tr>\n<tr style=\"height: 15px\">\n<td style=\"border: 1px solid #cccccc;width: 314px;height: 15px;text-align: left\"><span style=\"font-size: 16px;font-family: arial, helvetica, sans-serif\">Tensione di ingresso<\/span><\/td>\n<td style=\"border: 1px solid #cccccc;width: 426px;height: 15px;text-align: left\"><span style=\"font-size: 16px;font-family: arial, helvetica, sans-serif\">DC24V<\/span><\/td>\n<\/tr>\n<tr style=\"height: 15px;text-align: left\">\n<td style=\"border: 1px solid #cccccc;width: 314px;height: 15px;text-align: left\"><span style=\"font-size: 16px;font-family: arial, helvetica, sans-serif\">Potenza massima<\/span><\/td>\n<td style=\"border: 1px solid #cccccc;width: 426px;height: 15px\"><span style=\"font-size: 16px;font-family: arial, helvetica, sans-serif\">9.6W<\/span><\/td>\n<\/tr>\n<tr style=\"height: 15px;text-align: left\">\n<td style=\"border: 1px solid #cccccc;width: 314px;height: 15px\"><span style=\"font-size: 16px;font-family: arial, helvetica, sans-serif\">Quantit\u00e0 di LED<\/span><\/td>\n<td style=\"border: 1px solid #cccccc;width: 426px;height: 15px\"><span style=\"font-size: 16px;font-family: arial, helvetica, sans-serif\">32 LED\/m<\/span><\/td>\n<\/tr>\n<tr style=\"height: 15px;text-align: left\">\n<td style=\"border: 1px solid #cccccc;width: 314px;height: 15px\"><span style=\"font-size: 16px;font-family: arial, helvetica, sans-serif\">Pixel<\/span><\/td>\n<td style=\"border: 1px solid #cccccc;width: 426px;height: 15px\"><span style=\"font-size: 16px;font-family: arial, helvetica, sans-serif\">32 Pixel<\/span><\/td>\n<\/tr>\n<tr style=\"height: 15px;text-align: left\">\n<td style=\"border: 1px solid #cccccc;width: 314px;height: 15px\"><span style=\"font-size: 16px;font-family: arial, helvetica, sans-serif\">Vedi Angelo<\/span><\/td>\n<td style=\"border: 1px solid #cccccc;width: 426px;height: 15px\"><span style=\"font-size: 16px;font-family: arial, helvetica, sans-serif\">120\u00b0<\/span><\/td>\n<\/tr>\n<tr style=\"height: 8px;text-align: left\">\n<td style=\"border: 1px solid #cccccc;width: 314px;height: 8px\"><span style=\"font-size: 16px;font-family: arial, helvetica, sans-serif\">IC<\/span><\/td>\n<td style=\"border: 1px solid #cccccc;width: 426px;height: 8px\"><span style=\"font-size: 16px;font-family: arial, helvetica, sans-serif\">SK6812<\/span><\/td>\n<\/tr>\n<tr style=\"height: 15px;text-align: left\">\n<td style=\"border: 1px solid #cccccc;width: 314px;height: 15px\"><span style=\"font-size: 16px;font-family: arial, helvetica, sans-serif\">LED Tpye<\/span><\/td>\n<td style=\"border: 1px solid #cccccc;width: 426px;height: 15px\"><span style=\"font-size: 16px;color: #000000;font-family: arial, helvetica, sans-serif\">5050 RGB<\/span><\/td>\n<\/tr>\n<tr style=\"height: 13.5px;text-align: left\">\n<td style=\"border: 1px solid #cccccc;width: 314px;height: 13.5px\"><span style=\"font-size: 16px;font-family: arial, helvetica, sans-serif\">Tasso di protezione<\/span><\/td>\n<td style=\"border: 1px solid #cccccc;width: 426px;height: 13.5px\"><span style=\"font-size: 16px;font-family: arial, helvetica, sans-serif\">IP40 IP65 IP68<\/span><\/td>\n<\/tr>\n<tr style=\"height: 18px;text-align: left\">\n<td style=\"border: 1px solid #cccccc;width: 314px;height: 18px\"><span style=\"font-size: 16px;font-family: arial, helvetica, sans-serif\">Modello<\/span><\/td>\n<td style=\"border: 1px solid #cccccc;width: 426px;height: 18px\"><span style=\"font-size: 16px;font-family: arial, helvetica, sans-serif\">CL-5050RGB32-WS2813B-3<\/span><\/td>\n<\/tr>\n<tr style=\"height: 18px\">\n<td style=\"border: 1px solid #cccccc;width: 314px;height: 18px;text-align: left\"><span style=\"font-size: 16px;font-family: arial, helvetica, sans-serif\">Colori<\/span><\/td>\n<td style=\"border: 1px solid #cccccc;width: 426px;height: 18px;text-align: left\"><span style=\"font-size: 16px;font-family: arial, helvetica, sans-serif\">RGB a colori, cambio colore da sogno<\/span><\/td>\n<\/tr>\n<\/tbody>\n<\/table>\n<p style=\"text-align: left\"><span style=\"color: #000000;font-size: 24px\"><strong>Vantaggi  <\/strong><\/span><\/p>\n<p><span style=\"font-size: 16px\">1. Modalit\u00e0 di controllo DVI  <\/span><\/p>\n<p><span style=\"font-size: 16px\">2. Facile collegamento con l&#8217;alimentatore  <\/span><\/p>\n<p><span style=\"font-size: 16px\">3. Singolo led per singolo punto pixel  <\/span><\/p>\n<p><span style=\"font-size: 16px\">4. Trasmissione seriale, segnale stabile  <\/span><span style=\"font-size: 16px\">                              <\/span><\/p>\n<p><span style=\"font-size: 16px\">5. Trasmissione del segnale singolo WS2813B  <\/span><\/p>\n<p><span style=\"font-size: 16px\">6. Pu\u00f2 essere fai-da-te per diverse perfanmance  <\/span><\/p>\n<p><span style=\"font-size: 16px\">7. Facile installazione, collegamento senza scanalature  <\/span><\/p>\n<p><span style=\"font-size: 16px\">8. Design opaco quadrato, scelta migliore per il palcoscenico  <\/span><\/p>\n<p><img decoding=\"async\" src=\"\/\/sc02.alicdn.com\/kf\/HTB1ZJQFXc_vK1Rjy0Foq6xIxVXan\/200440271\/HTB1ZJQFXc_vK1Rjy0Foq6xIxVXan.jpg\" alt=\"0.5M LED 5050 RGB Square Milky Cover LED Strisce Pixel Bar Stage Light 24V\" width=\"750\"><\/p>\n<p><strong><span style=\"font-size: 24px\">Applicazioni<\/span><\/strong><\/p>\n<p><span style=\"font-style: normal;font-weight: normal;font-size: 16px;line-height: normal;font-family: Arial, sans-serif;color: #333333\"><span style=\"font-style: normal;font-weight: normal;line-height: normal;font-family: Arial, sans-serif;color: #333333\"><span style=\"color: #4d4d4d;font-family: Helvetica, Arial, sans-serif;font-style: normal;font-weight: 400;background-color: #ffffff;float: none\">1. Illuminazione per decorazioni natalizie, feste di Natale, vacanze, ovunque si voglia creare un&#8217;immagine particolarmente accattivante.<\/span><\/span><\/span><\/p>\n<p><span style=\"color: #4d4d4d;font-family: Helvetica, Arial, sans-serif;font-style: normal;font-weight: 400;background-color: #ffffff;float: none\">2. Illuminazione del mercato, decorazione architettonica, decorazione di alberi lungo le strade, parchi, illuminazione urbana notturna.<\/span><\/p>\n<p><span style=\"color: #4d4d4d;font-family: Helvetica, Arial, sans-serif;font-style: normal;font-weight: 400;background-color: #ffffff;float: none\">3. Attrazioni paesaggistiche, giardinaggio, decorazione del cristallo notturno della comunit\u00e0, hotel, centri commerciali, intrattenimento notturno.<\/span><\/p>\n<p><img fetchpriority=\"high\" decoding=\"async\" class=\"alignleft wp-image-884 \" src=\"https:\/\/clfled.com\/wp-content\/uploads\/2022\/11\/%E8%A7%86%E9%A2%91%E6%9D%A1-1.jpg\" alt=\"\" width=\"751\" height=\"359\"><\/p>\n<p><img decoding=\"async\" class=\"alignleft wp-image-885\" src=\"https:\/\/clfled.com\/wp-content\/uploads\/2022\/11\/%E8%A7%86%E9%A2%91%E6%9D%A1-6-300x300.jpg\" alt=\"\" width=\"750\" height=\"750\"> <img decoding=\"async\" class=\"alignleft wp-image-886\" src=\"https:\/\/clfled.com\/wp-content\/uploads\/2022\/11\/%E8%A7%86%E9%A2%91%E6%9D%A12-300x200.jpg\" alt=\"\" width=\"750\" height=\"500\"> <img loading=\"lazy\" decoding=\"async\" class=\"alignleft wp-image-887\" src=\"https:\/\/clfled.com\/wp-content\/uploads\/2022\/11\/%E8%A7%86%E9%A2%91%E6%9D%A1%E6%A1%88%E4%BE%8B%E5%9B%BE-2-225x300.jpg\" alt=\"\" width=\"750\" height=\"999\"> <img loading=\"lazy\" decoding=\"async\" class=\"alignleft wp-image-888\" src=\"https:\/\/clfled.com\/wp-content\/uploads\/2022\/11\/%E8%A7%86%E9%A2%91%E6%9D%A1%E6%A1%88%E4%BE%8B%E5%9B%BE-3-300x225.jpg\" alt=\"\" width=\"750\" height=\"562\"> <img loading=\"lazy\" decoding=\"async\" class=\"alignleft wp-image-890\" src=\"https:\/\/clfled.com\/wp-content\/uploads\/2022\/11\/%E8%A7%86%E9%A2%91%E6%9D%A1%E6%A1%88%E4%BE%8B%E5%9B%BE-5-300x225.jpg\" alt=\"\" width=\"750\" height=\"562\"> <img loading=\"lazy\" decoding=\"async\" class=\"alignleft wp-image-891\" src=\"https:\/\/clfled.com\/wp-content\/uploads\/2022\/11\/%E8%A7%86%E9%A2%91%E6%9D%A1%E6%A1%88%E4%BE%8B%E5%9B%BE-9-300x225.jpg\" alt=\"\" width=\"749\" height=\"561\"> <img loading=\"lazy\" decoding=\"async\" class=\"alignleft wp-image-892\" src=\"https:\/\/clfled.com\/wp-content\/uploads\/2022\/11\/%E8%A7%86%E9%A2%91%E6%9D%A1%E6%A1%88%E4%BE%8B%E5%9B%BE-10-300x225.jpg\" alt=\"\" width=\"750\" height=\"562\"> <img loading=\"lazy\" decoding=\"async\" class=\"alignleft wp-image-893\" src=\"https:\/\/clfled.com\/wp-content\/uploads\/2022\/11\/%E8%A7%86%E9%A2%91%E6%9D%A1%E6%B5%99%E6%B1%9F%E9%A1%B9%E7%9B%AE-2-300x225.jpg\" alt=\"\" width=\"750\" height=\"562\"> <img loading=\"lazy\" decoding=\"async\" class=\"alignleft wp-image-894\" src=\"https:\/\/clfled.com\/wp-content\/uploads\/2022\/11\/%E5%BE%AE%E4%BF%A1%E5%9B%BE%E7%89%87_20200619153842-300x142.jpg\" alt=\"\" width=\"749\" height=\"354\"><\/p>\n","protected":false},"excerpt":{"rendered":"<p>LED 5050 RGB Square Milky Cover LED Strisce Pixel Bar Stage Light 24V Descrizioni Colori brillanti e luminosi con la<\/p>\n","protected":false},"featured_media":1658,"comment_status":"open","ping_status":"closed","template":"","meta":[],"product_cat":[232],"product_tag":[],"class_list":["post-4306","product","type-product","status-publish","has-post-thumbnail","hentry","product_cat-barra-luminosa-a-led-rigida"],"yoast_head":"<!-- This site is optimized with the Yoast SEO Premium plugin v21.0 (Yoast SEO v21.0) - https:\/\/yoast.com\/wordpress\/plugins\/seo\/ -->\n<title>0.5M LED 5050 RGB Square Milky Cover LED Strisce Pixel Bar Stage Light 24V - Clfled<\/title>\n<meta name=\"robots\" content=\"index, follow, max-snippet:-1, max-image-preview:large, max-video-preview:-1\" \/>\n<link rel=\"canonical\" href=\"https:\/\/clfled.com\/it\/prodotto\/0-5m-led-5050-rgb-square-milky-cover-led-strips-pixel-bar-stage-light-24v-2\/\" \/>\n<meta property=\"og:locale\" content=\"it_IT\" \/>\n<meta property=\"og:type\" content=\"article\" \/>\n<meta property=\"og:title\" content=\"0.5M LED 5050 RGB Square Milky Cover LED Strisce Pixel Bar Stage Light 24V\" \/>\n<meta property=\"og:description\" content=\"LED 5050 RGB Square Milky Cover LED Strisce Pixel Bar Stage Light 24V Descrizioni Colori brillanti e luminosi con la\" \/>\n<meta property=\"og:url\" content=\"https:\/\/clfled.com\/it\/prodotto\/0-5m-led-5050-rgb-square-milky-cover-led-strips-pixel-bar-stage-light-24v-2\/\" \/>\n<meta property=\"og:site_name\" content=\"Clfled\" \/>\n<meta property=\"og:image\" content=\"https:\/\/clfled.com\/wp-content\/uploads\/2022\/11\/He8e6f3e034fb4d58bcc8c83bd97a0d26B.jpg\" \/>\n\t<meta property=\"og:image:width\" content=\"1000\" \/>\n\t<meta property=\"og:image:height\" content=\"1000\" \/>\n\t<meta property=\"og:image:type\" content=\"image\/jpeg\" \/>\n<meta name=\"twitter:card\" content=\"summary_large_image\" \/>\n<meta name=\"twitter:label1\" content=\"Tempo di lettura stimato\" \/>\n\t<meta name=\"twitter:data1\" content=\"1 minuto\" \/>\n<script type=\"application\/ld+json\" class=\"yoast-schema-graph\">{\"@context\":\"https:\/\/schema.org\",\"@graph\":[{\"@type\":\"WebPage\",\"@id\":\"https:\/\/clfled.com\/it\/prodotto\/0-5m-led-5050-rgb-square-milky-cover-led-strips-pixel-bar-stage-light-24v-2\/\",\"url\":\"https:\/\/clfled.com\/it\/prodotto\/0-5m-led-5050-rgb-square-milky-cover-led-strips-pixel-bar-stage-light-24v-2\/\",\"name\":\"0.5M LED 5050 RGB Square Milky Cover LED Strisce Pixel Bar Stage Light 24V - Clfled\",\"isPartOf\":{\"@id\":\"https:\/\/clfled.com\/it\/#website\"},\"datePublished\":\"2022-11-05T05:55:51+00:00\",\"dateModified\":\"2022-11-05T05:55:51+00:00\",\"breadcrumb\":{\"@id\":\"https:\/\/clfled.com\/it\/prodotto\/0-5m-led-5050-rgb-square-milky-cover-led-strips-pixel-bar-stage-light-24v-2\/#breadcrumb\"},\"inLanguage\":\"it-IT\",\"potentialAction\":[{\"@type\":\"ReadAction\",\"target\":[\"https:\/\/clfled.com\/it\/prodotto\/0-5m-led-5050-rgb-square-milky-cover-led-strips-pixel-bar-stage-light-24v-2\/\"]}]},{\"@type\":\"BreadcrumbList\",\"@id\":\"https:\/\/clfled.com\/it\/prodotto\/0-5m-led-5050-rgb-square-milky-cover-led-strips-pixel-bar-stage-light-24v-2\/#breadcrumb\",\"itemListElement\":[{\"@type\":\"ListItem\",\"position\":1,\"name\":\"HOME\",\"item\":\"https:\/\/clfled.com\/it\/\"},{\"@type\":\"ListItem\",\"position\":2,\"name\":\"Negozio\",\"item\":\"https:\/\/clfled.com\/it\/negozio\/\"},{\"@type\":\"ListItem\",\"position\":3,\"name\":\"0.5M LED 5050 RGB Square Milky Cover LED Strisce Pixel Bar Stage Light 24V\"}]},{\"@type\":\"WebSite\",\"@id\":\"https:\/\/clfled.com\/it\/#website\",\"url\":\"https:\/\/clfled.com\/it\/\",\"name\":\"Clfled\",\"description\":\"clfled.com\",\"potentialAction\":[{\"@type\":\"SearchAction\",\"target\":{\"@type\":\"EntryPoint\",\"urlTemplate\":\"https:\/\/clfled.com\/it\/?s={search_term_string}\"},\"query-input\":\"required name=search_term_string\"}],\"inLanguage\":\"it-IT\"}]}<\/script>\n<!-- \/ Yoast SEO Premium plugin. -->","yoast_head_json":{"title":"0.5M LED 5050 RGB Square Milky Cover LED Strisce Pixel Bar Stage Light 24V - Clfled","robots":{"index":"index","follow":"follow","max-snippet":"max-snippet:-1","max-image-preview":"max-image-preview:large","max-video-preview":"max-video-preview:-1"},"canonical":"https:\/\/clfled.com\/it\/prodotto\/0-5m-led-5050-rgb-square-milky-cover-led-strips-pixel-bar-stage-light-24v-2\/","og_locale":"it_IT","og_type":"article","og_title":"0.5M LED 5050 RGB Square Milky Cover LED Strisce Pixel Bar Stage Light 24V","og_description":"LED 5050 RGB Square Milky Cover LED Strisce Pixel Bar Stage Light 24V Descrizioni Colori brillanti e luminosi con la","og_url":"https:\/\/clfled.com\/it\/prodotto\/0-5m-led-5050-rgb-square-milky-cover-led-strips-pixel-bar-stage-light-24v-2\/","og_site_name":"Clfled","og_image":[{"width":1000,"height":1000,"url":"https:\/\/clfled.com\/wp-content\/uploads\/2022\/11\/He8e6f3e034fb4d58bcc8c83bd97a0d26B.jpg","type":"image\/jpeg"}],"twitter_card":"summary_large_image","twitter_misc":{"Tempo di lettura stimato":"1 minuto"},"schema":{"@context":"https:\/\/schema.org","@graph":[{"@type":"WebPage","@id":"https:\/\/clfled.com\/it\/prodotto\/0-5m-led-5050-rgb-square-milky-cover-led-strips-pixel-bar-stage-light-24v-2\/","url":"https:\/\/clfled.com\/it\/prodotto\/0-5m-led-5050-rgb-square-milky-cover-led-strips-pixel-bar-stage-light-24v-2\/","name":"0.5M LED 5050 RGB Square Milky Cover LED Strisce Pixel Bar Stage Light 24V - Clfled","isPartOf":{"@id":"https:\/\/clfled.com\/it\/#website"},"datePublished":"2022-11-05T05:55:51+00:00","dateModified":"2022-11-05T05:55:51+00:00","breadcrumb":{"@id":"https:\/\/clfled.com\/it\/prodotto\/0-5m-led-5050-rgb-square-milky-cover-led-strips-pixel-bar-stage-light-24v-2\/#breadcrumb"},"inLanguage":"it-IT","potentialAction":[{"@type":"ReadAction","target":["https:\/\/clfled.com\/it\/prodotto\/0-5m-led-5050-rgb-square-milky-cover-led-strips-pixel-bar-stage-light-24v-2\/"]}]},{"@type":"BreadcrumbList","@id":"https:\/\/clfled.com\/it\/prodotto\/0-5m-led-5050-rgb-square-milky-cover-led-strips-pixel-bar-stage-light-24v-2\/#breadcrumb","itemListElement":[{"@type":"ListItem","position":1,"name":"HOME","item":"https:\/\/clfled.com\/it\/"},{"@type":"ListItem","position":2,"name":"Negozio","item":"https:\/\/clfled.com\/it\/negozio\/"},{"@type":"ListItem","position":3,"name":"0.5M LED 5050 RGB Square Milky Cover LED Strisce Pixel Bar Stage Light 24V"}]},{"@type":"WebSite","@id":"https:\/\/clfled.com\/it\/#website","url":"https:\/\/clfled.com\/it\/","name":"Clfled","description":"clfled.com","potentialAction":[{"@type":"SearchAction","target":{"@type":"EntryPoint","urlTemplate":"https:\/\/clfled.com\/it\/?s={search_term_string}"},"query-input":"required name=search_term_string"}],"inLanguage":"it-IT"}]}},"_links":{"self":[{"href":"https:\/\/clfled.com\/it\/wp-json\/wp\/v2\/product\/4306","targetHints":{"allow":["GET"]}}],"collection":[{"href":"https:\/\/clfled.com\/it\/wp-json\/wp\/v2\/product"}],"about":[{"href":"https:\/\/clfled.com\/it\/wp-json\/wp\/v2\/types\/product"}],"replies":[{"embeddable":true,"href":"https:\/\/clfled.com\/it\/wp-json\/wp\/v2\/comments?post=4306"}],"version-history":[{"count":0,"href":"https:\/\/clfled.com\/it\/wp-json\/wp\/v2\/product\/4306\/revisions"}],"wp:featuredmedia":[{"embeddable":true,"href":"https:\/\/clfled.com\/it\/wp-json\/wp\/v2\/media\/1658"}],"wp:attachment":[{"href":"https:\/\/clfled.com\/it\/wp-json\/wp\/v2\/media?parent=4306"}],"wp:term":[{"taxonomy":"product_cat","embeddable":true,"href":"https:\/\/clfled.com\/it\/wp-json\/wp\/v2\/product_cat?post=4306"},{"taxonomy":"product_tag","embeddable":true,"href":"https:\/\/clfled.com\/it\/wp-json\/wp\/v2\/product_tag?post=4306"}],"curies":[{"name":"wp","href":"https:\/\/api.w.org\/{rel}","templated":true}]}}