{"id":4227,"date":"2022-11-05T14:04:30","date_gmt":"2022-11-05T06:04:30","guid":{"rendered":"https:\/\/clfled.com\/products\/indirizzabile-individualmente-sm16703-ws2811-tipo-rgb-tensione-regolabile-5-40v-striscia-luminosa-a-led\/"},"modified":"2022-11-05T14:04:30","modified_gmt":"2022-11-05T06:04:30","slug":"indirizzabile-individualmente-sm16703-ws2811-rgb-tipo-regolabile-tensione-5-40v-led-strip-light","status":"publish","type":"product","link":"https:\/\/clfled.com\/it\/prodotto\/indirizzabile-individualmente-sm16703-ws2811-rgb-tipo-regolabile-tensione-5-40v-led-strip-light\/","title":{"rendered":"Indirizzabile individualmente SM16703 WS2811 Tipo RGB Tensione regolabile 5-40V Striscia luminosa a LED"},"content":{"rendered":"<p style=\"text-align: center\"><span style=\"color: #000000;font-family: verdana, geneva;font-size: 18px;font-style: normal;font-weight: 400;background-color: #ffffff;float: none\">          <\/span><strong><span style=\"text-decoration: underline\"><span style=\"font-size: 18px\"><em>  Indirizzabile individualmente SM16703 WS2811 RGB Tipo tensione regolabile 5-40V Led Strip Light<\/em><\/span><\/span><\/strong><\/p>\n<p style=\"text-align: left\"><span style=\"text-decoration: underline\"><em><span style=\"margin: 0px;padding: 0px;border: 0px;font-size: 24px;line-height: 21px;font-family: Calibri, 'zapf dingbats';vertical-align: baseline;color: #000000;text-decoration: underline\">Caratteristiche del prodotto<\/span><\/em><\/span><\/p>\n<p style=\"margin: 0px;padding: 0px;border: 0px;font-style: normal;font-weight: normal;font-size: 12px;line-height: 18px;font-family: Arial, Helvetica;vertical-align: baseline;color: #333333;background-color: #ffffff\"><em><span style=\"margin: 0px;padding: 0px;border: 0px;font-size: 16px;line-height: 21px;font-family: Calibri, 'zapf dingbats';vertical-align: baseline;color: #000000\">1, questo tipo ha condotto la striscia \u00e8 tensione regolabile uno con DC5-40V pu\u00f2 essere usato, \u00e8 meglio non sopra DC36V<\/span><\/em><\/p>\n<p style=\"margin: 0px;padding: 0px;border: 0px;font-style: normal;font-weight: normal;font-size: 12px;line-height: 18px;font-family: Arial, Helvetica;vertical-align: baseline;color: #333333;background-color: #ffffff\"><em><span style=\"margin: 0px;padding: 0px;border: 0px;font-size: 16px;line-height: 27px;vertical-align: baseline;font-family: Calibri, 'zapf dingbats'\"><span style=\"margin: 0px;padding: 0px;border: 0px;line-height: 20.9943px;vertical-align: baseline;color: #000000\">2, IC SM16703 incorporato in SMD5050 Led, DC24V indirizzabile individualmente&#8211;1IC con 1 Led.<\/span><\/span><\/em><\/p>\n<p style=\"margin: 0px;padding: 0px;border: 0px;font-style: normal;font-weight: normal;font-size: 12px;line-height: 18px;font-family: Arial, Helvetica;vertical-align: baseline;color: #333333;background-color: #ffffff\"><em><span style=\"margin: 0px;padding: 0px;border: 0px;font-size: 16px;line-height: 27px;vertical-align: baseline;font-family: Calibri, 'zapf dingbats'\"><span style=\"margin: 0px;padding: 0px;border: 0px;line-height: 20.9943px;vertical-align: baseline;color: #000000\">3,20M \u00e8 la stessa luminosit\u00e0 quando si collega solo un lato di alimentazione.<\/span><\/span><\/em><\/p>\n<p style=\"margin: 0px;padding: 0px;border: 0px;font-style: normal;font-weight: normal;font-size: 12px;line-height: 18px;font-family: Arial, Helvetica;vertical-align: baseline;color: #333333;background-color: #ffffff\"><em><span style=\"margin: 0px;padding: 0px;border: 0px;font-size: 16px;line-height: 27px;vertical-align: baseline;font-family: Calibri, 'zapf dingbats'\"><span style=\"margin: 0px;padding: 0px;border: 0px;line-height: 20.9943px;vertical-align: baseline;color: #000000\">4, <span style=\"margin: 0px;padding: 0px;border: 0px;line-height: 21px;vertical-align: baseline\">lunghezza standard della bobina<\/span>: 5metri\/rotolo o 20metri\/rotolo<\/span><\/span><\/em><\/p>\n<p style=\"margin: 0px;padding: 0px;border: 0px;font-style: normal;font-weight: normal;font-size: 12px;line-height: 18px;font-family: Arial, Helvetica;vertical-align: baseline;color: #333333;background-color: #ffffff\"><em><span style=\"margin: 0px;padding: 0px;border: 0px;font-size: 16px;line-height: 27px;vertical-align: baseline;font-family: Calibri, 'zapf dingbats'\"><span style=\"margin: 0px;padding: 0px;border: 0px;line-height: 21px;vertical-align: baseline;color: #000000\">5, <span style=\"margin: 0px;padding: 0px;border: 0px;line-height: 20.9943px;vertical-align: baseline;color: #000000\">taglio: 4 LED RGB integrati per segmento, possono essere <\/span><span style=\"margin: 0px;padding: 0px;border: 0px;line-height: 27px;vertical-align: baseline;color: #00ccff\"><br \/>\n  <span style=\"margin: 0px;padding: 0px;border: 0px;line-height: 21px;vertical-align: baseline\">tagliato per 4LED<\/span><br \/>\n  <span style=\"margin: 0px;padding: 0px;border: 0px;line-height: 20.9943px;vertical-align: baseline\">.<\/span><br \/>\n<\/span><\/span><\/span><\/em><\/p>\n<p style=\"margin: 0px;padding: 0px;border: 0px;font-style: normal;font-weight: normal;font-size: 12px;line-height: 18px;font-family: Arial, Helvetica;vertical-align: baseline;color: #333333;background-color: #ffffff\"><em><span style=\"margin: 0px;padding: 0px;border: 0px;font-size: 16px;line-height: 27px;vertical-align: baseline;font-family: Calibri, 'zapf dingbats'\"><span style=\"margin: 0px;padding: 0px;border: 0px;line-height: 21px;vertical-align: baseline;color: #000000\">6, appiccicoso:<\/span><span style=\"margin: 0px;padding: 0px;border: 0px;line-height: 18px;vertical-align: baseline\"> con adesivo 3M sul lato posteriore per essere appiccicoso.<\/span><\/span><\/em><\/p>\n<p style=\"margin: 0px;padding: 0px;border: 0px;font-style: normal;font-weight: normal;font-size: 12px;line-height: 18px;font-family: Arial, Helvetica;vertical-align: baseline;color: #333333;background-color: #ffffff\"><em><span style=\"margin: 0px;padding: 0px;border: 0px;font-size: 16px;line-height: 17.9972px;font-family: Calibri, 'zapf dingbats';vertical-align: baseline\">7, pu\u00f2 essere utilizzato con il controller a led per programmare e cambiare l&#8217;effetto.<\/span><\/em><\/p>\n<p>&nbsp;<\/p>\n<p style=\"margin: 0px;padding: 0px;border: 0px;font-style: normal;font-weight: normal;font-size: 12px;line-height: 18px;font-family: Arial, Helvetica;vertical-align: baseline;color: #333333;background-color: #ffffff;text-align: left\"><span style=\"text-decoration: underline\"><em><span style=\"margin: 0px;padding: 0px;border: 0px;font-size: 24px;line-height: 17.9972px;font-family: Calibri, 'zapf dingbats';vertical-align: baseline\">Specifiche del prodotto<\/span><\/em><\/span><\/p>\n<table style=\"border-collapse: collapse;background-color: #ffffff;width: 750px;height: 352px\" border=\"1\">\n<tbody>\n<tr style=\"height: 30px\">\n<td style=\"width: 98px;height: 30px;background-color: #15eaed\"><span style=\"font-family: Calibri, 'zapf dingbats';font-size: 16px\"><em>Modello<\/em><\/span><\/td>\n<td style=\"width: 73px;height: 30px;background-color: #15eaed\"><span style=\"font-family: Calibri, 'zapf dingbats';font-size: 16px\"><em><span style=\"line-height: 24px\">Tipo di led<\/span><\/em><\/span><\/td>\n<td style=\"width: 91px;height: 30px;background-color: #15eaed\"><span style=\"font-family: Calibri, 'zapf dingbats';font-size: 16px\"><em>Q.t\u00e0 Led<\/em><\/span><\/td>\n<td style=\"width: 76px;height: 30px;background-color: #15eaed\"><span style=\"font-family: Calibri, 'zapf dingbats';font-size: 16px\"><em>Tipo IC<\/em><\/span><\/td>\n<td style=\"width: 85px;height: 30px;background-color: #15eaed\"><span style=\"font-family: Calibri, 'zapf dingbats';font-size: 16px\"><em>Q.T\u00c0 IC<\/em><\/span><\/td>\n<td style=\"width: 65px;height: 30px;background-color: #15eaed\"><span style=\"font-family: Calibri, 'zapf dingbats';font-size: 16px\"><em>Tensione<\/em><\/span><\/td>\n<td style=\"width: 69px;height: 30px;background-color: #15eaed\"><span style=\"font-family: Calibri, 'zapf dingbats';font-size: 16px\"><em>Potenza<\/em><\/span><\/td>\n<td style=\"width: 80px;height: 30px;background-color: #15eaed\"><span style=\"font-family: Calibri, 'zapf dingbats';font-size: 16px\"><em>Larghezza del PCB<\/em><\/span><\/td>\n<td style=\"width: 85px;height: 30px;background-color: #15eaed\"><span style=\"font-family: Calibri, 'zapf dingbats';font-size: 16px\"><em>Colore del PCB<\/em><\/span><\/td>\n<\/tr>\n<tr style=\"height: 8px\">\n<td style=\"width: 98px;height: 23px\"><span style=\"font-family: Calibri, 'zapf dingbats'\"><span style=\"font-size: 16px\">SM16703<\/span><\/span><\/td>\n<td style=\"width: 73px;height: 23px\"><span style=\"font-family: Calibri, 'zapf dingbats';font-size: 16px\">SMD5050<\/span><\/td>\n<td style=\"width: 91px;height: 23px\"><span style=\"font-family: Calibri, 'zapf dingbats';font-size: 16px\">32leds\/M<\/span><\/td>\n<td style=\"width: 76px;height: 23px\"><span style=\"font-family: Calibri, 'zapf dingbats'\"><span style=\"font-size: 16px\">SM16703<\/span><\/span><\/td>\n<td style=\"width: 85px;height: 23px\"><span style=\"font-family: Calibri, 'zapf dingbats';font-size: 16px\">32pcs\/M<\/span><\/td>\n<td style=\"width: 65px;height: 23px\"><span style=\"font-family: Calibri, 'zapf dingbats';font-size: 16px\">DC24V<\/span><\/p>\n<p><span style=\"font-family: Calibri, 'zapf dingbats';font-size: 16px\">(5-40V)<\/span><\/td>\n<td style=\"width: 69px;height: 8px\"><span style=\"font-family: Calibri, 'zapf dingbats';font-size: 16px\">7,5W\/M<\/span><\/td>\n<td style=\"width: 80px;height: 8px\"><span style=\"font-family: Calibri, 'zapf dingbats';font-size: 16px\">10 mm<\/span><\/td>\n<td style=\"width: 85px;height: 23px\"><span style=\"font-family: Calibri, 'zapf dingbats';font-size: 16px\">Bianco<\/span><\/td>\n<\/tr>\n<tr style=\"height: 15px\">\n<td style=\"width: 174px;height: 15px;background-color: #15eaed\" colspan=\"2\"><span style=\"font-family: Calibri, 'zapf dingbats';font-size: 16px\"><em>Pacchetto<\/em><\/span><\/td>\n<td style=\"width: 569px;height: 15px\" colspan=\"7\"><span style=\"font-family: Calibri, 'zapf dingbats';font-size: 16px\"><em>5M come bobina o 20M come bobina<\/em><\/span><\/td>\n<\/tr>\n<tr style=\"height: 20px\">\n<td style=\"width: 174px;height: 20px;background-color: #15eaed\" colspan=\"2\"><span style=\"font-family: Calibri, 'zapf dingbats';font-size: 16px\"><em>Impermeabile<\/em><\/span><\/td>\n<td style=\"width: 569px;height: 20px\" colspan=\"7\"><span style=\"font-family: Calibri, 'zapf dingbats';font-size: 16px\"><em><span style=\"line-height: 24px;color: #333333;font-weight: 400;background-color: #ffffff\">IP20, nessun impermeabile (IP65, colla del silicone\/IP67, tubo del silicone\/IP68, colla del silicone+tubo)<\/span><\/em><\/span><\/td>\n<\/tr>\n<tr style=\"height: 15px\">\n<td style=\"width: 174px;height: 15px;background-color: #15eaed\" colspan=\"2\"><span style=\"font-family: Calibri, 'zapf dingbats';font-size: 16px\"><em><span style=\"line-height: 24px\">Installazione<\/span><\/em><\/span><\/td>\n<td style=\"width: 569px;height: 15px\" colspan=\"7\"><span style=\"font-family: Calibri, 'zapf dingbats';font-size: 16px\"><em><span style=\"line-height: 24px\"><span style=\"line-height: 21px\">Adesivo 3M Glue tape sul retro, OPPURE tubo impermeabile con la clip<\/span><\/span><\/em><\/span><\/td>\n<\/tr>\n<\/tbody>\n<\/table>\n<p>&nbsp;<\/p>\n<p style=\"margin: 0px;padding: 0px;border: 0px;font-style: normal;font-weight: normal;font-size: 12px;line-height: 18px;font-family: Arial, Helvetica;vertical-align: baseline;color: #333333;background-color: #ffffff;text-align: left\"><span style=\"text-decoration: underline\"><em><span style=\"margin: 0px;padding: 0px;border: 0px;font-size: 24px;line-height: 17.9972px;font-family: Calibri, 'zapf dingbats';vertical-align: baseline\">Dettagli del prodotto<\/span><\/em><\/span><em><span style=\"margin: 0px;padding: 0px;border: 0px;font-size: 24px;line-height: 17.9972px;font-family: Calibri, 'zapf dingbats';vertical-align: baseline\"> <\/span><\/em><\/p>\n<p style=\"margin: 0px;padding: 0px;border: 0px;font-style: normal;font-weight: normal;font-size: 12px;line-height: 18px;font-family: Arial, Helvetica;vertical-align: baseline;color: #333333;background-color: #ffffff;text-align: center\"><em><span style=\"font-size: 16px\"> <\/span><\/em><\/p>\n<p style=\"margin: 0px;padding: 0px;border: 0px;font-style: normal;font-weight: normal;font-size: 12px;line-height: 18px;font-family: Arial, Helvetica;vertical-align: baseline;color: #333333;background-color: #ffffff;text-align: left\"><span style=\"font-size: 18px\"><em><span style=\"margin: 0px;padding: 0px;border: 0px;line-height: 17.9972px;font-family: Calibri, 'zapf dingbats';vertical-align: baseline\">SM16703 Dimensione striscia led<\/span><\/em><\/span><\/p>\n<p><img fetchpriority=\"high\" decoding=\"async\" src=\"\/\/sc02.alicdn.com\/kf\/H83e0a9a9ae1c4db8b28526f0c9f082b2O\/228612101\/H83e0a9a9ae1c4db8b28526f0c9f082b2O.png\" alt=\"Indirizzabile individualmente SM16703 WS2811 RGB Tipo tensione regolabile 5-40V Led Strip Light\" width=\"740\" height=\"157\"><\/p>\n<p style=\"margin: 0px;padding: 0px;border: 0px;font-style: normal;font-weight: normal;font-size: 12px;line-height: 18px;font-family: Arial, Helvetica;vertical-align: baseline;color: #333333;background-color: #ffffff;text-align: left\"><span style=\"font-family: Calibri, 'zapf dingbats';font-size: 18px\"><em>SM16703 Collegamento striscia led<\/em><\/span><\/p>\n<p><img decoding=\"async\" src=\"\/\/sc01.alicdn.com\/kf\/H9f3d540d152e4806b08c06d628f28ee0B\/228612101\/H9f3d540d152e4806b08c06d628f28ee0B.png\" alt=\"Indirizzabile individualmente SM16703 WS2811 RGB Tipo tensione regolabile 5-40V Led Strip Light\" width=\"755\" height=\"345\"><\/p>\n<p style=\"margin: 0px;padding: 0px;border: 0px;font-style: normal;font-weight: 400;font-size: 12px;line-height: inherit;font-family: Arial,Helvetica;vertical-align: baseline;color: #333333;text-align: center\"><span style=\"margin: 0px;padding: 0px;border: 0px;font-style: inherit;font-weight: inherit;font-size: inherit;line-height: 18px;font-family: Calibri, 'zapf dingbats';vertical-align: baseline\"><span style=\"margin: 0px;padding: 0px;border: 0px;font-style: inherit;font-weight: inherit;font-size: 24px;line-height: 36px;vertical-align: baseline\"><strong><em><u>Pacchetto<\/u><\/em><\/strong><\/span><\/span><\/p>\n<p><img decoding=\"async\" style=\"vertical-align: middle;color: #333333;font-family: Arial, Helvetica;font-size: 12px;font-style: normal;font-weight: 400;text-align: center;background-color: #ffffff\" src=\"https:\/\/sc01.alicdn.com\/kf\/HTB1U9JhI1SSBuNjy0Flq6zBpVXax\/228612101\/HTB1U9JhI1SSBuNjy0Flq6zBpVXax.jpg\" alt=\"Indirizzabile individualmente SM16703 WS2811 Tipo RGB Tensione regolabile 5-40V Striscia luminosa a LED\" width=\"750\" height=\"185\"><\/p>\n<p style=\"margin: 0px;padding: 0px;border: 0px;font-style: normal;font-weight: normal;font-size: 12px;line-height: 18px;font-family: Arial, Helvetica;vertical-align: baseline;color: #333333;background-color: #ffffff;text-align: center\">\n<p>&nbsp;<\/p>\n<p style=\"margin: 0px;padding: 0px;border: 0px;font-style: normal;font-weight: normal;font-size: 12px;line-height: 18px;font-family: Arial, Helvetica;vertical-align: baseline;color: #333333;background-color: #ffffff\"><img loading=\"lazy\" decoding=\"async\" class=\"alignnone wp-image-841 size-full\" src=\"https:\/\/clfled.com\/wp-content\/uploads\/2022\/11\/HTB1f57njRsmBKNjSZFFq6AT9VXat.webp\" alt=\"\" width=\"1000\" height=\"1000\" srcset=\"https:\/\/clfled.com\/wp-content\/uploads\/2022\/11\/HTB1f57njRsmBKNjSZFFq6AT9VXat.webp 1000w, https:\/\/clfled.com\/wp-content\/uploads\/2022\/11\/HTB1f57njRsmBKNjSZFFq6AT9VXat-500x500.webp 500w, https:\/\/clfled.com\/wp-content\/uploads\/2022\/11\/HTB1f57njRsmBKNjSZFFq6AT9VXat-150x150.webp 150w, https:\/\/clfled.com\/wp-content\/uploads\/2022\/11\/HTB1f57njRsmBKNjSZFFq6AT9VXat-700x700.webp 700w, https:\/\/clfled.com\/wp-content\/uploads\/2022\/11\/HTB1f57njRsmBKNjSZFFq6AT9VXat-300x300.webp 300w, https:\/\/clfled.com\/wp-content\/uploads\/2022\/11\/HTB1f57njRsmBKNjSZFFq6AT9VXat-768x768.webp 768w, https:\/\/clfled.com\/wp-content\/uploads\/2022\/11\/HTB1f57njRsmBKNjSZFFq6AT9VXat-600x600.webp 600w\" sizes=\"(max-width: 1000px) 100vw, 1000px\" \/><\/p>\n","protected":false},"excerpt":{"rendered":"<p>Indirizzabile individualmente SM16703 WS2811 RGB Tipo tensione regolabile 5-40V Led Strip Light Caratteristiche del prodotto 1, questo tipo ha condotto<\/p>\n","protected":false},"featured_media":2806,"comment_status":"open","ping_status":"closed","template":"","meta":[],"product_cat":[165],"product_tag":[],"class_list":["post-4227","product","type-product","status-publish","has-post-thumbnail","hentry","product_cat-striscia-led-a-colori"],"yoast_head":"<!-- This site is optimized with the Yoast SEO Premium plugin v21.0 (Yoast SEO v21.0) - https:\/\/yoast.com\/wordpress\/plugins\/seo\/ -->\n<title>Indirizzabile individualmente SM16703 WS2811 Tipo RGB Tensione regolabile 5-40V Striscia luminosa a LED - Clfled<\/title>\n<meta name=\"robots\" content=\"index, follow, max-snippet:-1, max-image-preview:large, max-video-preview:-1\" \/>\n<link rel=\"canonical\" href=\"https:\/\/clfled.com\/it\/prodotto\/indirizzabile-individualmente-sm16703-ws2811-rgb-tipo-regolabile-tensione-5-40v-led-strip-light\/\" \/>\n<meta property=\"og:locale\" content=\"it_IT\" \/>\n<meta property=\"og:type\" content=\"article\" \/>\n<meta property=\"og:title\" content=\"Indirizzabile individualmente SM16703 WS2811 Tipo RGB Tensione regolabile 5-40V Striscia luminosa a LED\" \/>\n<meta property=\"og:description\" content=\"Indirizzabile individualmente SM16703 WS2811 RGB Tipo tensione regolabile 5-40V Led Strip Light Caratteristiche del prodotto 1, questo tipo ha condotto\" \/>\n<meta property=\"og:url\" content=\"https:\/\/clfled.com\/it\/prodotto\/indirizzabile-individualmente-sm16703-ws2811-rgb-tipo-regolabile-tensione-5-40v-led-strip-light\/\" \/>\n<meta property=\"og:site_name\" content=\"Clfled\" \/>\n<meta property=\"og:image\" content=\"https:\/\/clfled.com\/wp-content\/uploads\/2022\/11\/Hcc947df8a08d4883a187829641abd3afu.jpg_960x960.webp\" \/>\n\t<meta property=\"og:image:width\" content=\"960\" \/>\n\t<meta property=\"og:image:height\" content=\"960\" \/>\n\t<meta property=\"og:image:type\" content=\"image\/webp\" \/>\n<meta name=\"twitter:card\" content=\"summary_large_image\" \/>\n<meta name=\"twitter:label1\" content=\"Tempo di lettura stimato\" \/>\n\t<meta name=\"twitter:data1\" content=\"1 minuto\" \/>\n<script type=\"application\/ld+json\" class=\"yoast-schema-graph\">{\"@context\":\"https:\/\/schema.org\",\"@graph\":[{\"@type\":\"WebPage\",\"@id\":\"https:\/\/clfled.com\/it\/prodotto\/indirizzabile-individualmente-sm16703-ws2811-rgb-tipo-regolabile-tensione-5-40v-led-strip-light\/\",\"url\":\"https:\/\/clfled.com\/it\/prodotto\/indirizzabile-individualmente-sm16703-ws2811-rgb-tipo-regolabile-tensione-5-40v-led-strip-light\/\",\"name\":\"Indirizzabile individualmente SM16703 WS2811 Tipo RGB Tensione regolabile 5-40V Striscia luminosa a LED - Clfled\",\"isPartOf\":{\"@id\":\"https:\/\/clfled.com\/it\/#website\"},\"datePublished\":\"2022-11-05T06:04:30+00:00\",\"dateModified\":\"2022-11-05T06:04:30+00:00\",\"breadcrumb\":{\"@id\":\"https:\/\/clfled.com\/it\/prodotto\/indirizzabile-individualmente-sm16703-ws2811-rgb-tipo-regolabile-tensione-5-40v-led-strip-light\/#breadcrumb\"},\"inLanguage\":\"it-IT\",\"potentialAction\":[{\"@type\":\"ReadAction\",\"target\":[\"https:\/\/clfled.com\/it\/prodotto\/indirizzabile-individualmente-sm16703-ws2811-rgb-tipo-regolabile-tensione-5-40v-led-strip-light\/\"]}]},{\"@type\":\"BreadcrumbList\",\"@id\":\"https:\/\/clfled.com\/it\/prodotto\/indirizzabile-individualmente-sm16703-ws2811-rgb-tipo-regolabile-tensione-5-40v-led-strip-light\/#breadcrumb\",\"itemListElement\":[{\"@type\":\"ListItem\",\"position\":1,\"name\":\"HOME\",\"item\":\"https:\/\/clfled.com\/it\/\"},{\"@type\":\"ListItem\",\"position\":2,\"name\":\"Negozio\",\"item\":\"https:\/\/clfled.com\/it\/negozio\/\"},{\"@type\":\"ListItem\",\"position\":3,\"name\":\"Indirizzabile individualmente SM16703 WS2811 Tipo RGB Tensione regolabile 5-40V Striscia luminosa a LED\"}]},{\"@type\":\"WebSite\",\"@id\":\"https:\/\/clfled.com\/it\/#website\",\"url\":\"https:\/\/clfled.com\/it\/\",\"name\":\"Clfled\",\"description\":\"clfled.com\",\"potentialAction\":[{\"@type\":\"SearchAction\",\"target\":{\"@type\":\"EntryPoint\",\"urlTemplate\":\"https:\/\/clfled.com\/it\/?s={search_term_string}\"},\"query-input\":\"required name=search_term_string\"}],\"inLanguage\":\"it-IT\"}]}<\/script>\n<!-- \/ Yoast SEO Premium plugin. -->","yoast_head_json":{"title":"Indirizzabile individualmente SM16703 WS2811 Tipo RGB Tensione regolabile 5-40V Striscia luminosa a LED - Clfled","robots":{"index":"index","follow":"follow","max-snippet":"max-snippet:-1","max-image-preview":"max-image-preview:large","max-video-preview":"max-video-preview:-1"},"canonical":"https:\/\/clfled.com\/it\/prodotto\/indirizzabile-individualmente-sm16703-ws2811-rgb-tipo-regolabile-tensione-5-40v-led-strip-light\/","og_locale":"it_IT","og_type":"article","og_title":"Indirizzabile individualmente SM16703 WS2811 Tipo RGB Tensione regolabile 5-40V Striscia luminosa a LED","og_description":"Indirizzabile individualmente SM16703 WS2811 RGB Tipo tensione regolabile 5-40V Led Strip Light Caratteristiche del prodotto 1, questo tipo ha condotto","og_url":"https:\/\/clfled.com\/it\/prodotto\/indirizzabile-individualmente-sm16703-ws2811-rgb-tipo-regolabile-tensione-5-40v-led-strip-light\/","og_site_name":"Clfled","og_image":[{"width":960,"height":960,"url":"https:\/\/clfled.com\/wp-content\/uploads\/2022\/11\/Hcc947df8a08d4883a187829641abd3afu.jpg_960x960.webp","type":"image\/webp"}],"twitter_card":"summary_large_image","twitter_misc":{"Tempo di lettura stimato":"1 minuto"},"schema":{"@context":"https:\/\/schema.org","@graph":[{"@type":"WebPage","@id":"https:\/\/clfled.com\/it\/prodotto\/indirizzabile-individualmente-sm16703-ws2811-rgb-tipo-regolabile-tensione-5-40v-led-strip-light\/","url":"https:\/\/clfled.com\/it\/prodotto\/indirizzabile-individualmente-sm16703-ws2811-rgb-tipo-regolabile-tensione-5-40v-led-strip-light\/","name":"Indirizzabile individualmente SM16703 WS2811 Tipo RGB Tensione regolabile 5-40V Striscia luminosa a LED - Clfled","isPartOf":{"@id":"https:\/\/clfled.com\/it\/#website"},"datePublished":"2022-11-05T06:04:30+00:00","dateModified":"2022-11-05T06:04:30+00:00","breadcrumb":{"@id":"https:\/\/clfled.com\/it\/prodotto\/indirizzabile-individualmente-sm16703-ws2811-rgb-tipo-regolabile-tensione-5-40v-led-strip-light\/#breadcrumb"},"inLanguage":"it-IT","potentialAction":[{"@type":"ReadAction","target":["https:\/\/clfled.com\/it\/prodotto\/indirizzabile-individualmente-sm16703-ws2811-rgb-tipo-regolabile-tensione-5-40v-led-strip-light\/"]}]},{"@type":"BreadcrumbList","@id":"https:\/\/clfled.com\/it\/prodotto\/indirizzabile-individualmente-sm16703-ws2811-rgb-tipo-regolabile-tensione-5-40v-led-strip-light\/#breadcrumb","itemListElement":[{"@type":"ListItem","position":1,"name":"HOME","item":"https:\/\/clfled.com\/it\/"},{"@type":"ListItem","position":2,"name":"Negozio","item":"https:\/\/clfled.com\/it\/negozio\/"},{"@type":"ListItem","position":3,"name":"Indirizzabile individualmente SM16703 WS2811 Tipo RGB Tensione regolabile 5-40V Striscia luminosa a LED"}]},{"@type":"WebSite","@id":"https:\/\/clfled.com\/it\/#website","url":"https:\/\/clfled.com\/it\/","name":"Clfled","description":"clfled.com","potentialAction":[{"@type":"SearchAction","target":{"@type":"EntryPoint","urlTemplate":"https:\/\/clfled.com\/it\/?s={search_term_string}"},"query-input":"required name=search_term_string"}],"inLanguage":"it-IT"}]}},"_links":{"self":[{"href":"https:\/\/clfled.com\/it\/wp-json\/wp\/v2\/product\/4227","targetHints":{"allow":["GET"]}}],"collection":[{"href":"https:\/\/clfled.com\/it\/wp-json\/wp\/v2\/product"}],"about":[{"href":"https:\/\/clfled.com\/it\/wp-json\/wp\/v2\/types\/product"}],"replies":[{"embeddable":true,"href":"https:\/\/clfled.com\/it\/wp-json\/wp\/v2\/comments?post=4227"}],"version-history":[{"count":0,"href":"https:\/\/clfled.com\/it\/wp-json\/wp\/v2\/product\/4227\/revisions"}],"wp:featuredmedia":[{"embeddable":true,"href":"https:\/\/clfled.com\/it\/wp-json\/wp\/v2\/media\/2806"}],"wp:attachment":[{"href":"https:\/\/clfled.com\/it\/wp-json\/wp\/v2\/media?parent=4227"}],"wp:term":[{"taxonomy":"product_cat","embeddable":true,"href":"https:\/\/clfled.com\/it\/wp-json\/wp\/v2\/product_cat?post=4227"},{"taxonomy":"product_tag","embeddable":true,"href":"https:\/\/clfled.com\/it\/wp-json\/wp\/v2\/product_tag?post=4227"}],"curies":[{"name":"wp","href":"https:\/\/api.w.org\/{rel}","templated":true}]}}