{"id":4091,"date":"2022-11-05T14:03:57","date_gmt":"2022-11-05T06:03:57","guid":{"rendered":"https:\/\/clfled.com\/products\/ip68-impermeabile-rgb-mutevole-colore-latteo-tubo-luce-al-neon-flessibile-neon-led-strip-light\/"},"modified":"2022-12-01T19:35:11","modified_gmt":"2022-12-01T11:35:11","slug":"ip68-impermeabile-rgb-cambiabile-milky-color-neon-tubo-luce-flessibile-neon-led-striscia-luce","status":"publish","type":"product","link":"https:\/\/clfled.com\/it\/prodotto\/ip68-impermeabile-rgb-cambiabile-milky-color-neon-tubo-luce-flessibile-neon-led-striscia-luce\/","title":{"rendered":"IP68 impermeabile RGB mutevole colore latteo tubo luce al neon flessibile Neon Led Strip Light"},"content":{"rendered":"<p style=\"text-align: center\"><span style=\"text-decoration: underline\"><em><strong><span style=\"font-size: 18px\">IP68 impermeabile RGB mutevole colore latteo tubo luce al neon flessibile Neon Led Strip Light<\/span><\/strong><\/em><\/span><\/p>\n<p style=\"text-align: left\"><span style=\"text-decoration: underline\"><em><strong><span style=\"font-size: 18px\">Caratteristica<\/span><\/strong><\/em><\/span><\/p>\n<p style=\"text-align: left\"><em><span style=\"font-size: 18px\">1. Nuova tecnologia, imballaggio di riempimento della colla dell&#8217;unit\u00e0 di elaborazione, stampaggio per estrusione.  <\/span><\/em><\/p>\n<p style=\"text-align: left\"><em><span style=\"font-size: 18px\">2.Anti-ingiallimento, 5 anni senza ingiallimento.  <\/span><\/em><\/p>\n<p style=\"text-align: left\"><em><span style=\"font-size: 18px\">3.IP68 impermeabile, pu\u00f2 mettere nell&#8217;acqua.  <\/span><\/em><\/p>\n<p style=\"text-align: left\"><em><span style=\"font-size: 18px\">4. Illuminazione frontale, solo pu\u00f2 piegare verticalmente.<\/span><\/em><\/p>\n<p style=\"text-align: left\"><span style=\"text-decoration: underline\"><em><strong><span style=\"font-size: 18px\">Applicazione<\/span><\/strong><\/em><\/span><\/p>\n<p style=\"text-align: left\"><em><span style=\"font-family: arial, helvetica, sans-serif;font-size: 16px\"><span style=\"color: #333333;font-weight: 400;background-color: #ffffff;float: none\">1. La decorazione dell&#8217;edificio<\/span><br \/>\n<span style=\"color: #333333;font-weight: 400;background-color: #ffffff;float: none\">2. La decorazione di night club, edifici didattici e cos\u00ec via.  <\/span><br \/>\n<span style=\"color: #333333;font-weight: 400;background-color: #ffffff;float: none\">3. La decorazione nautica .e cos\u00ec via.  <\/span><br \/>\n<span style=\"color: #333333;font-weight: 400;background-color: #ffffff;float: none\">4. Uso all&#8217;aperto o al chiuso. come Hourse, alberi di Natale e cos\u00ec via.<\/span><\/span><\/em><\/p>\n<p style=\"text-align: left\"><em><span style=\"font-family: arial, helvetica, sans-serif;font-size: 16px\"><span style=\"color: #333333;font-weight: 400;background-color: #ffffff;float: none\">5. L&#8217;insegna al neon con molte forme ect.<\/span><\/span><\/em><\/p>\n<p style=\"text-align: left\"><em><span style=\"font-family: arial, helvetica, sans-serif;font-size: 16px\"><span style=\"color: #333333;font-weight: 400;background-color: #ffffff;float: none\"><img fetchpriority=\"high\" decoding=\"async\" src=\"\/\/sc02.alicdn.com\/kf\/HTB17QAIa1P2gK0jSZFoq6yuIVXaH\/228612101\/HTB17QAIa1P2gK0jSZFoq6yuIVXaH.jpg\" alt=\"IP68 impermeabile RGB mutevole colore latteo tubo luce al neon flessibile Neon Led Strip Light\" width=\"749\" height=\"562\"><\/span><\/span><\/em><\/p>\n<p style=\"text-align: left\"><span style=\"text-decoration: underline\"><em><strong><span style=\"font-size: 18px\">Specifiche<\/span><\/strong><\/em><\/span><\/p>\n<table style=\"margin: 0px;padding: 0px;font-style: normal;font-weight: 400;font-size: 12px;line-height: inherit;font-family: Arial,Helvetica;border-collapse: collapse;width: 750px;color: #333333;background-color: #ffffff;height: 410px\" border=\"1\">\n<tbody>\n<tr style=\"margin: 0px;padding: 0px;font-style: inherit;font-weight: inherit;font-size: 12px;line-height: inherit\">\n<td style=\"margin: 0px;padding: 0px;font-style: inherit;font-weight: 400;font-size: 12px;line-height: inherit;float: none;width: 209px\"><em><span style=\"margin: 0px;padding: 0px;border: 0px;font-style: inherit;font-weight: inherit;font-size: 16px;line-height: 24px;font-family: Calibri, 'zapf dingbats';vertical-align: baseline\">Modello<\/span><\/em><\/td>\n<td style=\"margin: 0px;padding: 0px;font-style: inherit;font-weight: 400;font-size: 12px;line-height: inherit;float: none;width: 534px\"><em><span style=\"margin: 0px;padding: 0px;border: 0px;font-style: inherit;font-weight: inherit;font-size: 16px;line-height: 24px;font-family: Calibri, 'zapf dingbats';vertical-align: baseline\">UCS1903 Flex Neon<\/span><\/em><\/td>\n<\/tr>\n<tr style=\"margin: 0px;padding: 0px;font-style: inherit;font-weight: inherit;font-size: 12px;line-height: inherit\">\n<td style=\"margin: 0px;padding: 0px;font-style: inherit;font-weight: 400;font-size: 12px;line-height: inherit;float: none;width: 209px\"><em><span style=\"margin: 0px;padding: 0px;border: 0px;font-style: inherit;font-weight: inherit;font-size: 16px;line-height: 24px;font-family: Calibri, 'zapf dingbats';vertical-align: baseline\">Tipo di led<\/span><\/em><\/td>\n<td style=\"margin: 0px;padding: 0px;font-style: inherit;font-weight: 400;font-size: 12px;line-height: inherit;float: none;width: 534px\"><em><span style=\"margin: 0px;padding: 0px;border: 0px;font-style: inherit;font-weight: inherit;font-size: 16px;line-height: 24px;font-family: Calibri, 'zapf dingbats';vertical-align: baseline\">SMD5050RGB<\/span><\/em><\/td>\n<\/tr>\n<tr style=\"margin: 0px;padding: 0px;font-style: inherit;font-weight: inherit;font-size: 12px;line-height: inherit\">\n<td style=\"margin: 0px;padding: 0px;font-style: inherit;font-weight: 400;font-size: 12px;line-height: inherit;float: none;width: 209px\"><em><span style=\"margin: 0px;padding: 0px;border: 0px;font-style: inherit;font-weight: inherit;font-size: 16px;line-height: 24px;font-family: Calibri, 'zapf dingbats';vertical-align: baseline\">Q.t\u00e0 Led<\/span><\/em><\/td>\n<td style=\"margin: 0px;padding: 0px;font-style: inherit;font-weight: 400;font-size: 12px;line-height: inherit;float: none;width: 534px\"><em><span style=\"margin: 0px;padding: 0px;border: 0px;font-style: inherit;font-weight: inherit;font-size: 16px;line-height: 24px;font-family: Calibri, 'zapf dingbats';vertical-align: baseline\">60leds\/M<\/span><\/em><\/td>\n<\/tr>\n<tr style=\"margin: 0px;padding: 0px;font-style: inherit;font-weight: inherit;font-size: 12px;line-height: inherit\">\n<td style=\"margin: 0px;padding: 0px;font-style: inherit;font-weight: 400;font-size: 12px;line-height: inherit;float: none;width: 209px\"><span style=\"margin: 0px;padding: 0px;border: 0px;font-style: inherit;font-weight: inherit;font-size: inherit;line-height: 18px;font-family: Calibri, 'zapf dingbats';vertical-align: baseline\"><span style=\"margin: 0px;padding: 0px;border: 0px;font-style: inherit;font-weight: inherit;font-size: 16px;line-height: 24px;vertical-align: baseline\"><em>Colore Led<\/em><\/span><\/span><\/td>\n<td style=\"margin: 0px;padding: 0px;font-style: inherit;font-weight: 400;font-size: 12px;line-height: inherit;float: none;width: 534px\"><span style=\"margin: 0px;padding: 0px;border: 0px;font-style: inherit;font-weight: inherit;font-size: inherit;line-height: 18px;font-family: Calibri, 'zapf dingbats';vertical-align: baseline\"><span style=\"margin: 0px;padding: 0px;border: 0px;font-style: inherit;font-weight: inherit;font-size: 16px;line-height: 24px;vertical-align: baseline\"><em>RGB a colori<\/em><\/span><\/span><\/td>\n<\/tr>\n<tr style=\"margin: 0px;padding: 0px;font-style: inherit;font-weight: inherit;font-size: 12px;line-height: inherit\">\n<td style=\"margin: 0px;padding: 0px;font-style: inherit;font-weight: 400;font-size: 12px;line-height: inherit;float: none;width: 209px\"><span style=\"margin: 0px;padding: 0px;border: 0px;font-style: inherit;font-weight: inherit;font-size: inherit;line-height: 18px;font-family: Calibri, 'zapf dingbats';vertical-align: baseline\"><span style=\"margin: 0px;padding: 0px;border: 0px;font-style: inherit;font-weight: inherit;font-size: 16px;line-height: 24px;vertical-align: baseline\"><em>Q.T\u00c0 IC<\/em><\/span><\/span><\/td>\n<td style=\"margin: 0px;padding: 0px;font-style: inherit;font-weight: 400;font-size: 12px;line-height: inherit;float: none;width: 534px\"><em><span style=\"margin: 0px;padding: 0px;border: 0px;font-style: inherit;font-weight: inherit;font-size: 16px;line-height: 24px;font-family: Calibri, 'zapf dingbats';vertical-align: baseline\">10pcs\/M<\/span><\/em><\/td>\n<\/tr>\n<tr style=\"margin: 0px;padding: 0px;font-style: inherit;font-weight: inherit;font-size: 12px;line-height: inherit\">\n<td style=\"margin: 0px;padding: 0px;font-style: inherit;font-weight: 400;font-size: 12px;line-height: inherit;float: none;width: 209px\"><span style=\"margin: 0px;padding: 0px;border: 0px;font-style: inherit;font-weight: inherit;font-size: inherit;line-height: 18px;font-family: Calibri, 'zapf dingbats';vertical-align: baseline\"><span style=\"margin: 0px;padding: 0px;border: 0px;font-style: inherit;font-weight: inherit;font-size: 16px;line-height: 24px;vertical-align: baseline\"><em>Tipo IC<\/em><\/span><\/span><\/td>\n<td style=\"margin: 0px;padding: 0px;font-style: inherit;font-weight: 400;font-size: 12px;line-height: inherit;float: none;width: 534px\"><em><span style=\"margin: 0px;padding: 0px;border: 0px;font-style: inherit;font-weight: inherit;font-size: 16px;line-height: 24px;font-family: Calibri, 'zapf dingbats';vertical-align: baseline\">UCS1903\/SM16703\/WS2811<\/span><\/em><\/td>\n<\/tr>\n<tr style=\"margin: 0px;padding: 0px;font-style: inherit;font-weight: inherit;font-size: 12px;line-height: inherit\">\n<td style=\"margin: 0px;padding: 0px;font-style: inherit;font-weight: 400;font-size: 12px;line-height: inherit;float: none;width: 209px\"><em><span style=\"margin: 0px;padding: 0px;border: 0px;font-style: inherit;font-weight: inherit;font-size: 16px;line-height: 24px;font-family: Calibri, 'zapf dingbats';vertical-align: baseline\">Tensione<\/span><\/em><\/td>\n<td style=\"margin: 0px;padding: 0px;font-style: inherit;font-weight: 400;font-size: 12px;line-height: inherit;float: none;width: 534px\"><em><span style=\"margin: 0px;padding: 0px;border: 0px;font-style: inherit;font-weight: inherit;font-size: 16px;line-height: 24px;font-family: Calibri, 'zapf dingbats';vertical-align: baseline\">DC24V<\/span><\/em><\/td>\n<\/tr>\n<tr style=\"margin: 0px;padding: 0px;font-style: inherit;font-weight: inherit;font-size: 12px;line-height: inherit\">\n<td style=\"margin: 0px;padding: 0px;font-style: inherit;font-weight: 400;font-size: 12px;line-height: inherit;float: none;width: 209px\"><em><span style=\"margin: 0px;padding: 0px;border: 0px;font-style: inherit;font-weight: inherit;font-size: 16px;line-height: 24px;font-family: Calibri, 'zapf dingbats';vertical-align: baseline\">Potenza<\/span><\/em><\/td>\n<td style=\"margin: 0px;padding: 0px;font-style: inherit;font-weight: 400;font-size: 12px;line-height: inherit;float: none;width: 534px\"><em><span style=\"margin: 0px;padding: 0px;border: 0px;font-style: inherit;font-weight: inherit;font-size: 16px;line-height: 24px;font-family: Calibri, 'zapf dingbats';vertical-align: baseline\">14,4W\/M<\/span><\/em><\/td>\n<\/tr>\n<tr style=\"margin: 0px;padding: 0px;font-style: inherit;font-weight: inherit;font-size: 12px;line-height: inherit\">\n<td style=\"margin: 0px;padding: 0px;font-style: inherit;font-weight: 400;font-size: 12px;line-height: inherit;float: none;width: 209px\"><em><span style=\"margin: 0px;padding: 0px;border: 0px;font-style: inherit;font-weight: inherit;font-size: 16px;line-height: 24px;font-family: Calibri, 'zapf dingbats';vertical-align: baseline\">PCB Wdith<\/span><\/em><\/td>\n<td style=\"margin: 0px;padding: 0px;font-style: inherit;font-weight: 400;font-size: 12px;line-height: inherit;float: none;width: 534px\"><em><span style=\"margin: 0px;padding: 0px;border: 0px;font-style: inherit;font-weight: inherit;font-size: 16px;line-height: 24px;font-family: Calibri, 'zapf dingbats';vertical-align: baseline\">10 mm<\/span><\/em><\/td>\n<\/tr>\n<tr style=\"margin: 0px;padding: 0px;font-style: inherit;font-weight: inherit;font-size: 12px;line-height: inherit\">\n<td style=\"margin: 0px;padding: 0px;font-style: inherit;font-weight: 400;font-size: 12px;line-height: inherit;float: none;width: 209px\"><em><span style=\"margin: 0px;padding: 0px;border: 0px;font-style: inherit;font-weight: inherit;font-size: 16px;line-height: 24px;font-family: Calibri, 'zapf dingbats';vertical-align: baseline\">Colore del PCB<\/span><\/em><\/td>\n<td style=\"margin: 0px;padding: 0px;font-style: inherit;font-weight: 400;font-size: 12px;line-height: inherit;float: none;width: 534px\"><em><span style=\"margin: 0px;padding: 0px;border: 0px;font-style: inherit;font-weight: inherit;font-size: 16px;line-height: 24px;font-family: Calibri, 'zapf dingbats';vertical-align: baseline\">Bianco<\/span><\/em><\/td>\n<\/tr>\n<tr style=\"margin: 0px;padding: 0px;font-style: inherit;font-weight: inherit;font-size: 12px;line-height: inherit\">\n<td style=\"margin: 0px;padding: 0px;font-style: inherit;font-weight: 400;font-size: 12px;line-height: inherit;float: none;width: 209px\"><em><span style=\"margin: 0px;padding: 0px;border: 0px;font-style: inherit;font-weight: inherit;font-size: 16px;line-height: 24px;font-family: Calibri, 'zapf dingbats';vertical-align: baseline\">Dimensione del tubo<\/span><\/em><\/td>\n<td style=\"margin: 0px;padding: 0px;font-style: inherit;font-weight: 400;font-size: 12px;line-height: inherit;float: none;width: 534px\"><em><span style=\"margin: 0px;padding: 0px;border: 0px;font-style: inherit;font-weight: inherit;font-size: 16px;line-height: 24px;font-family: Calibri, 'zapf dingbats';vertical-align: baseline\">10*23 mm<\/span><\/em><\/td>\n<\/tr>\n<\/tbody>\n<\/table>\n<p style=\"text-align: left\"><span style=\"text-decoration: underline\"><em><strong><span style=\"font-size: 18px\"><br \/>\nDettagli del prodotto<\/span><\/strong><\/em><\/span><\/p>\n<p><img decoding=\"async\" src=\"\/\/sc01.alicdn.com\/kf\/Hc5b1c5c4d48a488dbcb7fced5107c2f7J\/228612101\/Hc5b1c5c4d48a488dbcb7fced5107c2f7J.jpg\" alt=\"IP68 impermeabile RGB mutevole colore latteo tubo luce al neon flessibile Neon Led Strip Light\" width=\"748\" height=\"748\"><br \/>\n<img decoding=\"async\" src=\"\/\/sc02.alicdn.com\/kf\/H273f60583c95469bbd9f3cfa35591dc4C\/228612101\/H273f60583c95469bbd9f3cfa35591dc4C.jpg\" alt=\"IP68 impermeabile RGB mutevole colore latteo tubo luce al neon flessibile Neon Led Strip Light\" width=\"748\" height=\"748\"><\/p>\n<p><img loading=\"lazy\" decoding=\"async\" src=\"\/\/sc01.alicdn.com\/kf\/Ha8e4f761daae492fb5e58e0227f84452l\/228612101\/Ha8e4f761daae492fb5e58e0227f84452l.png\" alt=\"IP68 impermeabile RGB mutevole colore latteo tubo luce al neon flessibile Neon Led Strip Light\" width=\"748\" height=\"183\"><\/p>\n<p style=\"text-align: left\"><span style=\"text-decoration: underline\"><em><strong><span style=\"font-size: 18px\"><img loading=\"lazy\" decoding=\"async\" src=\"\/\/sc01.alicdn.com\/kf\/Hae771c46ae384315b9207987be44e2aaw\/228612101\/Hae771c46ae384315b9207987be44e2aaw.jpg\" alt=\"IP68 impermeabile RGB mutevole colore latteo tubo luce al neon flessibile Neon Led Strip Light\" width=\"752\" height=\"141\"><\/span><\/strong><\/em><\/span><\/p>\n<p>&nbsp;<\/p>\n<p style=\"text-align: left\">\n","protected":false},"excerpt":{"rendered":"<p>Vi presentiamo la nostra nuova striscia luminosa a LED al neon! Questa lampada \u00e8 realizzata con la nuova tecnologia, l&#8217;imballaggio con colla PU e lo stampaggio per estrusione. Inoltre, \u00e8 anti-ingiallimento e pu\u00f2 durare 5 anni senza ingiallire. Inoltre, \u00e8 impermeabile IP68, per cui \u00e8 possibile metterlo in acqua. Ma non \u00e8 tutto, questa luce ha anche un&#8217;illuminazione frontale e pu\u00f2 solo curvare in verticale.<br \/>\nCon i suoi numerosi stili e dimensioni, questa striscia luminosa al neon \u00e8 perfetta per creare un&#8217;insegna al neon personalizzata con molte forme diverse. Il nostro prodotto \u00e8 facile da installare e utilizzare. Le nostre strisce led al neon sono efficienti dal punto di vista energetico e durano per anni con una cura adeguata!<\/p>\n","protected":false},"featured_media":1798,"comment_status":"open","ping_status":"closed","template":"","meta":[],"product_cat":[163],"product_tag":[],"class_list":["post-4091","product","type-product","status-publish","has-post-thumbnail","hentry","product_cat-striscia-luminosa-a-led-al-neon"],"yoast_head":"<!-- This site is optimized with the Yoast SEO Premium plugin v21.0 (Yoast SEO v21.0) - https:\/\/yoast.com\/wordpress\/plugins\/seo\/ -->\n<title>IP68 impermeabile RGB mutevole colore latteo tubo luce al neon flessibile Neon Led Strip Light - Clfled<\/title>\n<meta name=\"robots\" content=\"index, follow, max-snippet:-1, max-image-preview:large, max-video-preview:-1\" \/>\n<link rel=\"canonical\" href=\"https:\/\/clfled.com\/it\/prodotto\/ip68-impermeabile-rgb-cambiabile-milky-color-neon-tubo-luce-flessibile-neon-led-striscia-luce\/\" \/>\n<meta property=\"og:locale\" content=\"it_IT\" \/>\n<meta property=\"og:type\" content=\"article\" \/>\n<meta property=\"og:title\" content=\"IP68 impermeabile RGB mutevole colore latteo tubo luce al neon flessibile Neon Led Strip Light\" \/>\n<meta property=\"og:description\" content=\"Vi presentiamo la nostra nuova striscia luminosa a LED al neon! Questa lampada \u00e8 realizzata con la nuova tecnologia, l&#039;imballaggio con colla PU e lo stampaggio per estrusione. Inoltre, \u00e8 anti-ingiallimento e pu\u00f2 durare 5 anni senza ingiallire. Inoltre, \u00e8 impermeabile IP68, per cui \u00e8 possibile metterlo in acqua. Ma non \u00e8 tutto, questa luce ha anche un&#039;illuminazione frontale e pu\u00f2 solo curvare in verticale.  Con i suoi numerosi stili e dimensioni, questa striscia luminosa al neon \u00e8 perfetta per creare un&#039;insegna al neon personalizzata con molte forme diverse. Il nostro prodotto \u00e8 facile da installare e utilizzare. Le nostre strisce led al neon sono efficienti dal punto di vista energetico e durano per anni con una cura adeguata!\" \/>\n<meta property=\"og:url\" content=\"https:\/\/clfled.com\/it\/prodotto\/ip68-impermeabile-rgb-cambiabile-milky-color-neon-tubo-luce-flessibile-neon-led-striscia-luce\/\" \/>\n<meta property=\"og:site_name\" content=\"Clfled\" \/>\n<meta property=\"article:modified_time\" content=\"2022-12-01T11:35:11+00:00\" \/>\n<meta property=\"og:image\" content=\"https:\/\/clfled.com\/wp-content\/uploads\/2022\/11\/Hbd9de85c02e14ba5a40e6d4012beb19fj.jpg\" \/>\n\t<meta property=\"og:image:width\" content=\"800\" \/>\n\t<meta property=\"og:image:height\" content=\"800\" \/>\n\t<meta property=\"og:image:type\" content=\"image\/jpeg\" \/>\n<meta name=\"twitter:card\" content=\"summary_large_image\" \/>\n<meta name=\"twitter:label1\" content=\"Tempo di lettura stimato\" \/>\n\t<meta name=\"twitter:data1\" content=\"2 minuti\" \/>\n<script type=\"application\/ld+json\" class=\"yoast-schema-graph\">{\"@context\":\"https:\/\/schema.org\",\"@graph\":[{\"@type\":\"WebPage\",\"@id\":\"https:\/\/clfled.com\/it\/prodotto\/ip68-impermeabile-rgb-cambiabile-milky-color-neon-tubo-luce-flessibile-neon-led-striscia-luce\/\",\"url\":\"https:\/\/clfled.com\/it\/prodotto\/ip68-impermeabile-rgb-cambiabile-milky-color-neon-tubo-luce-flessibile-neon-led-striscia-luce\/\",\"name\":\"IP68 impermeabile RGB mutevole colore latteo tubo luce al neon flessibile Neon Led Strip Light - Clfled\",\"isPartOf\":{\"@id\":\"https:\/\/clfled.com\/it\/#website\"},\"datePublished\":\"2022-11-05T06:03:57+00:00\",\"dateModified\":\"2022-12-01T11:35:11+00:00\",\"breadcrumb\":{\"@id\":\"https:\/\/clfled.com\/it\/prodotto\/ip68-impermeabile-rgb-cambiabile-milky-color-neon-tubo-luce-flessibile-neon-led-striscia-luce\/#breadcrumb\"},\"inLanguage\":\"it-IT\",\"potentialAction\":[{\"@type\":\"ReadAction\",\"target\":[\"https:\/\/clfled.com\/it\/prodotto\/ip68-impermeabile-rgb-cambiabile-milky-color-neon-tubo-luce-flessibile-neon-led-striscia-luce\/\"]}]},{\"@type\":\"BreadcrumbList\",\"@id\":\"https:\/\/clfled.com\/it\/prodotto\/ip68-impermeabile-rgb-cambiabile-milky-color-neon-tubo-luce-flessibile-neon-led-striscia-luce\/#breadcrumb\",\"itemListElement\":[{\"@type\":\"ListItem\",\"position\":1,\"name\":\"HOME\",\"item\":\"https:\/\/clfled.com\/it\/\"},{\"@type\":\"ListItem\",\"position\":2,\"name\":\"Negozio\",\"item\":\"https:\/\/clfled.com\/it\/negozio\/\"},{\"@type\":\"ListItem\",\"position\":3,\"name\":\"IP68 impermeabile RGB mutevole colore latteo tubo luce al neon flessibile Neon Led Strip Light\"}]},{\"@type\":\"WebSite\",\"@id\":\"https:\/\/clfled.com\/it\/#website\",\"url\":\"https:\/\/clfled.com\/it\/\",\"name\":\"Clfled\",\"description\":\"clfled.com\",\"potentialAction\":[{\"@type\":\"SearchAction\",\"target\":{\"@type\":\"EntryPoint\",\"urlTemplate\":\"https:\/\/clfled.com\/it\/?s={search_term_string}\"},\"query-input\":\"required name=search_term_string\"}],\"inLanguage\":\"it-IT\"}]}<\/script>\n<!-- \/ Yoast SEO Premium plugin. -->","yoast_head_json":{"title":"IP68 impermeabile RGB mutevole colore latteo tubo luce al neon flessibile Neon Led Strip Light - Clfled","robots":{"index":"index","follow":"follow","max-snippet":"max-snippet:-1","max-image-preview":"max-image-preview:large","max-video-preview":"max-video-preview:-1"},"canonical":"https:\/\/clfled.com\/it\/prodotto\/ip68-impermeabile-rgb-cambiabile-milky-color-neon-tubo-luce-flessibile-neon-led-striscia-luce\/","og_locale":"it_IT","og_type":"article","og_title":"IP68 impermeabile RGB mutevole colore latteo tubo luce al neon flessibile Neon Led Strip Light","og_description":"Vi presentiamo la nostra nuova striscia luminosa a LED al neon! Questa lampada \u00e8 realizzata con la nuova tecnologia, l'imballaggio con colla PU e lo stampaggio per estrusione. Inoltre, \u00e8 anti-ingiallimento e pu\u00f2 durare 5 anni senza ingiallire. Inoltre, \u00e8 impermeabile IP68, per cui \u00e8 possibile metterlo in acqua. Ma non \u00e8 tutto, questa luce ha anche un'illuminazione frontale e pu\u00f2 solo curvare in verticale.  Con i suoi numerosi stili e dimensioni, questa striscia luminosa al neon \u00e8 perfetta per creare un'insegna al neon personalizzata con molte forme diverse. Il nostro prodotto \u00e8 facile da installare e utilizzare. Le nostre strisce led al neon sono efficienti dal punto di vista energetico e durano per anni con una cura adeguata!","og_url":"https:\/\/clfled.com\/it\/prodotto\/ip68-impermeabile-rgb-cambiabile-milky-color-neon-tubo-luce-flessibile-neon-led-striscia-luce\/","og_site_name":"Clfled","article_modified_time":"2022-12-01T11:35:11+00:00","og_image":[{"width":800,"height":800,"url":"https:\/\/clfled.com\/wp-content\/uploads\/2022\/11\/Hbd9de85c02e14ba5a40e6d4012beb19fj.jpg","type":"image\/jpeg"}],"twitter_card":"summary_large_image","twitter_misc":{"Tempo di lettura stimato":"2 minuti"},"schema":{"@context":"https:\/\/schema.org","@graph":[{"@type":"WebPage","@id":"https:\/\/clfled.com\/it\/prodotto\/ip68-impermeabile-rgb-cambiabile-milky-color-neon-tubo-luce-flessibile-neon-led-striscia-luce\/","url":"https:\/\/clfled.com\/it\/prodotto\/ip68-impermeabile-rgb-cambiabile-milky-color-neon-tubo-luce-flessibile-neon-led-striscia-luce\/","name":"IP68 impermeabile RGB mutevole colore latteo tubo luce al neon flessibile Neon Led Strip Light - Clfled","isPartOf":{"@id":"https:\/\/clfled.com\/it\/#website"},"datePublished":"2022-11-05T06:03:57+00:00","dateModified":"2022-12-01T11:35:11+00:00","breadcrumb":{"@id":"https:\/\/clfled.com\/it\/prodotto\/ip68-impermeabile-rgb-cambiabile-milky-color-neon-tubo-luce-flessibile-neon-led-striscia-luce\/#breadcrumb"},"inLanguage":"it-IT","potentialAction":[{"@type":"ReadAction","target":["https:\/\/clfled.com\/it\/prodotto\/ip68-impermeabile-rgb-cambiabile-milky-color-neon-tubo-luce-flessibile-neon-led-striscia-luce\/"]}]},{"@type":"BreadcrumbList","@id":"https:\/\/clfled.com\/it\/prodotto\/ip68-impermeabile-rgb-cambiabile-milky-color-neon-tubo-luce-flessibile-neon-led-striscia-luce\/#breadcrumb","itemListElement":[{"@type":"ListItem","position":1,"name":"HOME","item":"https:\/\/clfled.com\/it\/"},{"@type":"ListItem","position":2,"name":"Negozio","item":"https:\/\/clfled.com\/it\/negozio\/"},{"@type":"ListItem","position":3,"name":"IP68 impermeabile RGB mutevole colore latteo tubo luce al neon flessibile Neon Led Strip Light"}]},{"@type":"WebSite","@id":"https:\/\/clfled.com\/it\/#website","url":"https:\/\/clfled.com\/it\/","name":"Clfled","description":"clfled.com","potentialAction":[{"@type":"SearchAction","target":{"@type":"EntryPoint","urlTemplate":"https:\/\/clfled.com\/it\/?s={search_term_string}"},"query-input":"required name=search_term_string"}],"inLanguage":"it-IT"}]}},"_links":{"self":[{"href":"https:\/\/clfled.com\/it\/wp-json\/wp\/v2\/product\/4091","targetHints":{"allow":["GET"]}}],"collection":[{"href":"https:\/\/clfled.com\/it\/wp-json\/wp\/v2\/product"}],"about":[{"href":"https:\/\/clfled.com\/it\/wp-json\/wp\/v2\/types\/product"}],"replies":[{"embeddable":true,"href":"https:\/\/clfled.com\/it\/wp-json\/wp\/v2\/comments?post=4091"}],"version-history":[{"count":2,"href":"https:\/\/clfled.com\/it\/wp-json\/wp\/v2\/product\/4091\/revisions"}],"predecessor-version":[{"id":4800,"href":"https:\/\/clfled.com\/it\/wp-json\/wp\/v2\/product\/4091\/revisions\/4800"}],"wp:featuredmedia":[{"embeddable":true,"href":"https:\/\/clfled.com\/it\/wp-json\/wp\/v2\/media\/1798"}],"wp:attachment":[{"href":"https:\/\/clfled.com\/it\/wp-json\/wp\/v2\/media?parent=4091"}],"wp:term":[{"taxonomy":"product_cat","embeddable":true,"href":"https:\/\/clfled.com\/it\/wp-json\/wp\/v2\/product_cat?post=4091"},{"taxonomy":"product_tag","embeddable":true,"href":"https:\/\/clfled.com\/it\/wp-json\/wp\/v2\/product_tag?post=4091"}],"curies":[{"name":"wp","href":"https:\/\/api.w.org\/{rel}","templated":true}]}}