{"id":4065,"date":"2022-10-25T09:09:02","date_gmt":"2022-10-25T01:09:02","guid":{"rendered":"https:\/\/clfled.com\/su-di-noi\/"},"modified":"2022-11-22T18:12:07","modified_gmt":"2022-11-22T10:12:07","slug":"su-di-noi","status":"publish","type":"page","link":"https:\/\/clfled.com\/it\/su-di-noi\/","title":{"rendered":"SU DI NOI"},"content":{"rendered":"\t\t<div data-elementor-type=\"wp-page\" data-elementor-id=\"4065\" class=\"elementor elementor-4065 elementor-17\" data-elementor-post-type=\"page\">\n\t\t\t\t\t\t\t\t\t<section class=\"elementor-section elementor-top-section elementor-element elementor-element-6598b00 elementor-section-full_width wd-section-stretch-content elementor-section-height-default elementor-section-height-default\" data-id=\"6598b00\" data-element_type=\"section\">\n\t\t\t\t\t\t<div class=\"elementor-container elementor-column-gap-default\">\n\t\t\t\t\t<div class=\"elementor-column elementor-col-100 elementor-top-column elementor-element elementor-element-50eea20\" data-id=\"50eea20\" data-element_type=\"column\">\n\t\t\t<div class=\"elementor-widget-wrap elementor-element-populated\">\n\t\t\t\t\t\t\t\t<div class=\"elementor-element elementor-element-f7fa331 elementor--h-position-center elementor--v-position-middle elementor-arrows-position-inside elementor-pagination-position-inside elementor-widget elementor-widget-slides\" data-id=\"f7fa331\" data-element_type=\"widget\" data-settings=\"{&quot;navigation&quot;:&quot;both&quot;,&quot;autoplay&quot;:&quot;yes&quot;,&quot;pause_on_hover&quot;:&quot;yes&quot;,&quot;pause_on_interaction&quot;:&quot;yes&quot;,&quot;autoplay_speed&quot;:5000,&quot;infinite&quot;:&quot;yes&quot;,&quot;transition&quot;:&quot;slide&quot;,&quot;transition_speed&quot;:500}\" data-widget_type=\"slides.default\">\n\t\t\t\t<div class=\"elementor-widget-container\">\n\t\t\t<style>\/*! elementor-pro - v3.18.0 - 20-12-2023 *\/\n.elementor-slides .swiper-slide-bg{background-size:cover;background-position:50%;background-repeat:no-repeat;min-width:100%;min-height:100%}.elementor-slides .swiper-slide-inner{background-repeat:no-repeat;background-position:50%;position:absolute;top:0;left:0;bottom:0;right:0;padding:50px;margin:auto}.elementor-slides .swiper-slide-inner,.elementor-slides .swiper-slide-inner:hover{color:#fff;display:flex}.elementor-slides .swiper-slide-inner .elementor-background-overlay{position:absolute;z-index:0;top:0;bottom:0;left:0;right:0}.elementor-slides .swiper-slide-inner .elementor-slide-content{position:relative;z-index:1;width:100%}.elementor-slides .swiper-slide-inner .elementor-slide-heading{font-size:35px;font-weight:700;line-height:1}.elementor-slides .swiper-slide-inner .elementor-slide-description{font-size:17px;line-height:1.4}.elementor-slides .swiper-slide-inner .elementor-slide-description:not(:last-child),.elementor-slides .swiper-slide-inner .elementor-slide-heading:not(:last-child){margin-bottom:30px}.elementor-slides .swiper-slide-inner .elementor-slide-button{border:2px solid #fff;color:#fff;background:transparent;display:inline-block}.elementor-slides .swiper-slide-inner .elementor-slide-button,.elementor-slides .swiper-slide-inner .elementor-slide-button:hover{background:transparent;color:inherit;text-decoration:none}.elementor--v-position-top .swiper-slide-inner{align-items:flex-start}.elementor--v-position-bottom .swiper-slide-inner{align-items:flex-end}.elementor--v-position-middle .swiper-slide-inner{align-items:center}.elementor--h-position-left .swiper-slide-inner{justify-content:flex-start}.elementor--h-position-right .swiper-slide-inner{justify-content:flex-end}.elementor--h-position-center .swiper-slide-inner{justify-content:center}body.rtl .elementor-widget-slides .elementor-swiper-button-next{left:10px;right:auto}body.rtl .elementor-widget-slides .elementor-swiper-button-prev{right:10px;left:auto}.elementor-slides-wrapper div:not(.swiper-slide)>.swiper-slide-inner{display:none}@media (max-width:767px){.elementor-slides .swiper-slide-inner{padding:30px}.elementor-slides .swiper-slide-inner .elementor-slide-heading{font-size:23px;line-height:1;margin-bottom:15px}.elementor-slides .swiper-slide-inner .elementor-slide-description{font-size:13px;line-height:1.4;margin-bottom:15px}}<\/style>\t\t<div class=\"elementor-swiper\">\n\t\t\t<div class=\"elementor-slides-wrapper elementor-main-swiper swiper-container\" dir=\"ltr\" data-animation=\"fadeInUp\">\n\t\t\t\t<div class=\"swiper-wrapper elementor-slides\">\n\t\t\t\t\t\t\t\t\t\t<div class=\"elementor-repeater-item-8cd6f79 swiper-slide\"><div class=\"swiper-slide-bg\" role=\"img\"><\/div><div class=\"swiper-slide-inner\" ><div class=\"swiper-slide-contents\"><div class=\"elementor-slide-heading\">Chi siamo<\/div><\/div><\/div><\/div>\t\t\t\t<\/div>\n\t\t\t\t\t\t\t<\/div>\n\t\t<\/div>\n\t\t\t\t<\/div>\n\t\t\t\t<\/div>\n\t\t\t\t\t<\/div>\n\t\t<\/div>\n\t\t\t\t\t\t\t<\/div>\n\t\t<\/section>\n\t\t\t\t<section class=\"wd-negative-gap elementor-section elementor-top-section elementor-element elementor-element-99550db elementor-section-boxed elementor-section-height-default elementor-section-height-default wd-section-disabled\" data-id=\"99550db\" data-element_type=\"section\">\n\t\t\t\t\t\t<div class=\"elementor-container elementor-column-gap-default\">\n\t\t\t\t\t<div class=\"elementor-column elementor-col-100 elementor-top-column elementor-element elementor-element-5c10f33\" data-id=\"5c10f33\" data-element_type=\"column\">\n\t\t\t<div class=\"elementor-widget-wrap elementor-element-populated\">\n\t\t\t\t\t\t\t\t<div class=\"elementor-element elementor-element-aca5a71 elementor-widget elementor-widget-spacer\" data-id=\"aca5a71\" data-element_type=\"widget\" data-widget_type=\"spacer.default\">\n\t\t\t\t<div class=\"elementor-widget-container\">\n\t\t\t<style>\/*! elementor - v3.18.0 - 20-12-2023 *\/\n.elementor-column .elementor-spacer-inner{height:var(--spacer-size)}.e-con{--container-widget-width:100%}.e-con-inner>.elementor-widget-spacer,.e-con>.elementor-widget-spacer{width:var(--container-widget-width,var(--spacer-size));--align-self:var(--container-widget-align-self,initial);--flex-shrink:0}.e-con-inner>.elementor-widget-spacer>.elementor-widget-container,.e-con>.elementor-widget-spacer>.elementor-widget-container{height:100%;width:100%}.e-con-inner>.elementor-widget-spacer>.elementor-widget-container>.elementor-spacer,.e-con>.elementor-widget-spacer>.elementor-widget-container>.elementor-spacer{height:100%}.e-con-inner>.elementor-widget-spacer>.elementor-widget-container>.elementor-spacer>.elementor-spacer-inner,.e-con>.elementor-widget-spacer>.elementor-widget-container>.elementor-spacer>.elementor-spacer-inner{height:var(--container-widget-height,var(--spacer-size))}.e-con-inner>.elementor-widget-spacer.elementor-widget-empty,.e-con>.elementor-widget-spacer.elementor-widget-empty{position:relative;min-height:22px;min-width:22px}.e-con-inner>.elementor-widget-spacer.elementor-widget-empty .elementor-widget-empty-icon,.e-con>.elementor-widget-spacer.elementor-widget-empty .elementor-widget-empty-icon{position:absolute;top:0;bottom:0;left:0;right:0;margin:auto;padding:0;width:22px;height:22px}<\/style>\t\t<div class=\"elementor-spacer\">\n\t\t\t<div class=\"elementor-spacer-inner\"><\/div>\n\t\t<\/div>\n\t\t\t\t<\/div>\n\t\t\t\t<\/div>\n\t\t\t\t\t<\/div>\n\t\t<\/div>\n\t\t\t\t\t\t\t<\/div>\n\t\t<\/section>\n\t\t\t\t<section class=\"wd-negative-gap elementor-section elementor-top-section elementor-element elementor-element-17aa5a5 elementor-section-boxed elementor-section-height-default elementor-section-height-default wd-section-disabled\" data-id=\"17aa5a5\" data-element_type=\"section\">\n\t\t\t\t\t\t<div class=\"elementor-container elementor-column-gap-default\">\n\t\t\t\t\t<div class=\"elementor-column elementor-col-50 elementor-top-column elementor-element elementor-element-3b2edf0\" data-id=\"3b2edf0\" data-element_type=\"column\">\n\t\t\t<div class=\"elementor-widget-wrap elementor-element-populated\">\n\t\t\t\t\t\t\t\t<div class=\"elementor-element elementor-element-5848a70 elementor-widget elementor-widget-wd_text_block\" data-id=\"5848a70\" data-element_type=\"widget\" data-widget_type=\"wd_text_block.default\">\n\t\t\t\t<div class=\"elementor-widget-container\">\n\t\t\t\t\t<div class=\"wd-text-block reset-last-child text-left\">\n\t\t\t\n\t\t\t<p class=\"about-left-title\">CLFLED<\/p>\n<p class=\"about-left-subtitle\">Fondata nel 2010, Shenzhen colorful technology Co., Ltd. \u00e8 un fornitore professionale e potente di soluzioni one-stop per le strisce luminose a LED che i clienti amano.<\/p>\n<p class=\"about-left-content\">I nostri prodotti coprono la luce flessibile della striscia del pixel del LED, la luce del tubo del pixel del LED di 360 gradi, la luce del tubo del neon del LED, la luce rigida della barra del LED, i LED per la decorazione dell'atmosfera festiva ed altri prodotti relativi, che sono adatti a costruzione dell'interno ed all'aperto, illuminazione del palcoscenico e illuminazione della decorazione del paesaggio. Illuminazione artistica creativa, mostre espositive, ecc. Da un unico mercato siamo passati a coprire Australia, Stati Uniti, Israele, Germania, Singapore, Paesi Bassi, Messico e altri mercati europei, americani, asiatici, africani e latinoamericani, servendo centinaia di aziende in tutto il mondo L'azienda ha superato la certificazione internazionale di gestione della qualit\u00e0 ISO9001:2015, la certificazione CE&amp;ROSH, i brevetti di marchi indipendenti, ecc.\n<\/p>\n\t\t\t\t\t<\/div>\n\t\t\t\t<\/div>\n\t\t\t\t<\/div>\n\t\t\t\t\t<\/div>\n\t\t<\/div>\n\t\t\t\t<div class=\"elementor-column elementor-col-50 elementor-top-column elementor-element elementor-element-3109d9f\" data-id=\"3109d9f\" data-element_type=\"column\">\n\t\t\t<div class=\"elementor-widget-wrap elementor-element-populated\">\n\t\t\t\t\t\t\t\t<div class=\"elementor-element elementor-element-4f72442 elementor-widget elementor-widget-image\" data-id=\"4f72442\" data-element_type=\"widget\" data-widget_type=\"image.default\">\n\t\t\t\t<div class=\"elementor-widget-container\">\n\t\t\t<style>\/*! elementor - v3.18.0 - 20-12-2023 *\/\n.elementor-widget-image{text-align:center}.elementor-widget-image a{display:inline-block}.elementor-widget-image a img[src$=\".svg\"]{width:48px}.elementor-widget-image img{vertical-align:middle;display:inline-block}<\/style>\t\t\t\t\t\t\t\t\t\t\t\t<img fetchpriority=\"high\" decoding=\"async\" width=\"724\" height=\"331\" src=\"https:\/\/clfled.com\/wp-content\/uploads\/2022\/11\/\u77e9\u5f62-124.png\" class=\"attachment-full size-full wp-image-659\" alt=\"\" srcset=\"https:\/\/clfled.com\/wp-content\/uploads\/2022\/11\/\u77e9\u5f62-124.png 724w, https:\/\/clfled.com\/wp-content\/uploads\/2022\/11\/\u77e9\u5f62-124-500x229.png 500w, https:\/\/clfled.com\/wp-content\/uploads\/2022\/11\/\u77e9\u5f62-124-150x69.png 150w, https:\/\/clfled.com\/wp-content\/uploads\/2022\/11\/\u77e9\u5f62-124-700x320.png 700w, https:\/\/clfled.com\/wp-content\/uploads\/2022\/11\/\u77e9\u5f62-124-300x137.png 300w\" sizes=\"(max-width: 724px) 100vw, 724px\" \/>\t\t\t\t\t\t\t\t\t\t\t\t\t\t\t<\/div>\n\t\t\t\t<\/div>\n\t\t\t\t<div class=\"elementor-element elementor-element-6944b0d elementor-widget elementor-widget-image\" data-id=\"6944b0d\" data-element_type=\"widget\" data-widget_type=\"image.default\">\n\t\t\t\t<div class=\"elementor-widget-container\">\n\t\t\t\t\t\t\t\t\t\t\t\t\t\t\t<img decoding=\"async\" width=\"724\" height=\"331\" src=\"https:\/\/clfled.com\/wp-content\/uploads\/2022\/11\/\u77e9\u5f62-149.png\" class=\"attachment-full size-full wp-image-660\" alt=\"\" srcset=\"https:\/\/clfled.com\/wp-content\/uploads\/2022\/11\/\u77e9\u5f62-149.png 724w, https:\/\/clfled.com\/wp-content\/uploads\/2022\/11\/\u77e9\u5f62-149-500x229.png 500w, https:\/\/clfled.com\/wp-content\/uploads\/2022\/11\/\u77e9\u5f62-149-150x69.png 150w, https:\/\/clfled.com\/wp-content\/uploads\/2022\/11\/\u77e9\u5f62-149-700x320.png 700w, https:\/\/clfled.com\/wp-content\/uploads\/2022\/11\/\u77e9\u5f62-149-300x137.png 300w\" sizes=\"(max-width: 724px) 100vw, 724px\" \/>\t\t\t\t\t\t\t\t\t\t\t\t\t\t\t<\/div>\n\t\t\t\t<\/div>\n\t\t\t\t\t<\/div>\n\t\t<\/div>\n\t\t\t\t\t\t\t<\/div>\n\t\t<\/section>\n\t\t\t\t<section class=\"wd-negative-gap elementor-section elementor-top-section elementor-element elementor-element-7d0a6b1 elementor-section-boxed elementor-section-height-default elementor-section-height-default wd-section-disabled\" data-id=\"7d0a6b1\" data-element_type=\"section\">\n\t\t\t\t\t\t<div class=\"elementor-container elementor-column-gap-default\">\n\t\t\t\t\t<div class=\"elementor-column elementor-col-100 elementor-top-column elementor-element elementor-element-9cc5c14\" data-id=\"9cc5c14\" data-element_type=\"column\">\n\t\t\t<div class=\"elementor-widget-wrap elementor-element-populated\">\n\t\t\t\t\t\t\t\t<div class=\"elementor-element elementor-element-b42862a elementor-widget elementor-widget-spacer\" data-id=\"b42862a\" data-element_type=\"widget\" data-widget_type=\"spacer.default\">\n\t\t\t\t<div class=\"elementor-widget-container\">\n\t\t\t\t\t<div class=\"elementor-spacer\">\n\t\t\t<div class=\"elementor-spacer-inner\"><\/div>\n\t\t<\/div>\n\t\t\t\t<\/div>\n\t\t\t\t<\/div>\n\t\t\t\t\t<\/div>\n\t\t<\/div>\n\t\t\t\t\t\t\t<\/div>\n\t\t<\/section>\n\t\t\t\t<section class=\"wd-negative-gap elementor-section elementor-top-section elementor-element elementor-element-ef979d6 elementor-reverse-mobile elementor-section-boxed elementor-section-height-default elementor-section-height-default wd-section-disabled\" data-id=\"ef979d6\" data-element_type=\"section\">\n\t\t\t\t\t\t<div class=\"elementor-container elementor-column-gap-default\">\n\t\t\t\t\t<div class=\"elementor-column elementor-col-50 elementor-top-column elementor-element elementor-element-b94a9ac\" data-id=\"b94a9ac\" data-element_type=\"column\">\n\t\t\t<div class=\"elementor-widget-wrap elementor-element-populated\">\n\t\t\t\t\t\t\t\t<div class=\"elementor-element elementor-element-2647332 elementor-widget elementor-widget-image\" data-id=\"2647332\" data-element_type=\"widget\" data-widget_type=\"image.default\">\n\t\t\t\t<div class=\"elementor-widget-container\">\n\t\t\t\t\t\t\t\t\t\t\t\t\t\t\t<img decoding=\"async\" width=\"693\" height=\"404\" src=\"https:\/\/clfled.com\/wp-content\/uploads\/2022\/11\/\u77e9\u5f62-133.png\" class=\"attachment-full size-full wp-image-676\" alt=\"\" srcset=\"https:\/\/clfled.com\/wp-content\/uploads\/2022\/11\/\u77e9\u5f62-133.png 693w, https:\/\/clfled.com\/wp-content\/uploads\/2022\/11\/\u77e9\u5f62-133-500x291.png 500w, https:\/\/clfled.com\/wp-content\/uploads\/2022\/11\/\u77e9\u5f62-133-150x87.png 150w, https:\/\/clfled.com\/wp-content\/uploads\/2022\/11\/\u77e9\u5f62-133-600x350.png 600w, https:\/\/clfled.com\/wp-content\/uploads\/2022\/11\/\u77e9\u5f62-133-300x175.png 300w\" sizes=\"(max-width: 693px) 100vw, 693px\" \/>\t\t\t\t\t\t\t\t\t\t\t\t\t\t\t<\/div>\n\t\t\t\t<\/div>\n\t\t\t\t\t<\/div>\n\t\t<\/div>\n\t\t\t\t<div class=\"elementor-column elementor-col-50 elementor-top-column elementor-element elementor-element-d38c830\" data-id=\"d38c830\" data-element_type=\"column\">\n\t\t\t<div class=\"elementor-widget-wrap elementor-element-populated\">\n\t\t\t\t\t\t\t\t<div class=\"elementor-element elementor-element-0a8d0e6 elementor-widget elementor-widget-wd_text_block\" data-id=\"0a8d0e6\" data-element_type=\"widget\" data-widget_type=\"wd_text_block.default\">\n\t\t\t\t<div class=\"elementor-widget-container\">\n\t\t\t\t\t<div class=\"wd-text-block reset-last-child text-left\">\n\t\t\t\n\t\t\t<p class=\"about-left-title\">MISSIONE<\/p>\n<p class=\"about-left-content\">Dal punto di vista del cliente, servirlo bene, fornire prodotti di alta qualit\u00e0, soddisfare le esigenze individuali dei clienti, garantire la qualit\u00e0 dei prodotti, seguire l'assistenza post-vendita, lasciare che i clienti si fidino di noi perch\u00e9 ci scelgono e lasciare che il nostro marchio sia trasmesso dal passaparola! Aderiamo al concetto di creazione di valore per i clienti, abbiamo lo spazio per sopravvivere! Lasciamo che ogni angolo del mondo sia pi\u00f9 colorato grazie all'uso dei nostri prodotti LED. Rendete la nostra vita divertente e curiosa! Rendete la nostra vita colorata insieme!<\/p>\n\t\t\t\t\t<\/div>\n\t\t\t\t<\/div>\n\t\t\t\t<\/div>\n\t\t\t\t\t<\/div>\n\t\t<\/div>\n\t\t\t\t\t\t\t<\/div>\n\t\t<\/section>\n\t\t\t\t\t\t\t<\/div>\n\t\t","protected":false},"excerpt":{"rendered":"<p>Chi siamo CLFLED Fondata nel 2010, Shenzhen colorful technology Co., Ltd. \u00e8 un fornitore professionale e potente di soluzioni one-stop<\/p>\n","protected":false},"author":1,"featured_media":0,"parent":0,"menu_order":0,"comment_status":"closed","ping_status":"closed","template":"","meta":{"footnotes":""},"class_list":["post-4065","page","type-page","status-publish","hentry"],"yoast_head":"<!-- This site is optimized with the Yoast SEO Premium plugin v21.0 (Yoast SEO v21.0) - https:\/\/yoast.com\/wordpress\/plugins\/seo\/ -->\n<title>SU DI NOI - Clfled<\/title>\n<meta name=\"robots\" content=\"index, follow, max-snippet:-1, max-image-preview:large, max-video-preview:-1\" \/>\n<link rel=\"canonical\" href=\"https:\/\/clfled.com\/it\/su-di-noi\/\" \/>\n<meta property=\"og:locale\" content=\"it_IT\" \/>\n<meta property=\"og:type\" content=\"article\" \/>\n<meta property=\"og:title\" content=\"SU DI NOI\" \/>\n<meta property=\"og:description\" content=\"Chi siamo CLFLED Fondata nel 2010, Shenzhen colorful technology Co., Ltd. \u00e8 un fornitore professionale e potente di soluzioni one-stop\" \/>\n<meta property=\"og:url\" content=\"https:\/\/clfled.com\/it\/su-di-noi\/\" \/>\n<meta property=\"og:site_name\" content=\"Clfled\" \/>\n<meta property=\"article:modified_time\" content=\"2022-11-22T10:12:07+00:00\" \/>\n<meta name=\"twitter:card\" content=\"summary_large_image\" \/>\n<meta name=\"twitter:label1\" content=\"Tempo di lettura stimato\" \/>\n\t<meta name=\"twitter:data1\" content=\"1 minuto\" \/>\n<script type=\"application\/ld+json\" class=\"yoast-schema-graph\">{\"@context\":\"https:\/\/schema.org\",\"@graph\":[{\"@type\":\"WebPage\",\"@id\":\"https:\/\/clfled.com\/it\/su-di-noi\/\",\"url\":\"https:\/\/clfled.com\/it\/su-di-noi\/\",\"name\":\"SU DI NOI - Clfled\",\"isPartOf\":{\"@id\":\"https:\/\/clfled.com\/it\/#website\"},\"datePublished\":\"2022-10-25T01:09:02+00:00\",\"dateModified\":\"2022-11-22T10:12:07+00:00\",\"breadcrumb\":{\"@id\":\"https:\/\/clfled.com\/it\/su-di-noi\/#breadcrumb\"},\"inLanguage\":\"it-IT\",\"potentialAction\":[{\"@type\":\"ReadAction\",\"target\":[\"https:\/\/clfled.com\/it\/su-di-noi\/\"]}]},{\"@type\":\"BreadcrumbList\",\"@id\":\"https:\/\/clfled.com\/it\/su-di-noi\/#breadcrumb\",\"itemListElement\":[{\"@type\":\"ListItem\",\"position\":1,\"name\":\"HOME\",\"item\":\"https:\/\/clfled.com\/it\/\"},{\"@type\":\"ListItem\",\"position\":2,\"name\":\"SU DI NOI\"}]},{\"@type\":\"WebSite\",\"@id\":\"https:\/\/clfled.com\/it\/#website\",\"url\":\"https:\/\/clfled.com\/it\/\",\"name\":\"Clfled\",\"description\":\"clfled.com\",\"potentialAction\":[{\"@type\":\"SearchAction\",\"target\":{\"@type\":\"EntryPoint\",\"urlTemplate\":\"https:\/\/clfled.com\/it\/?s={search_term_string}\"},\"query-input\":\"required name=search_term_string\"}],\"inLanguage\":\"it-IT\"}]}<\/script>\n<!-- \/ Yoast SEO Premium plugin. -->","yoast_head_json":{"title":"SU DI NOI - Clfled","robots":{"index":"index","follow":"follow","max-snippet":"max-snippet:-1","max-image-preview":"max-image-preview:large","max-video-preview":"max-video-preview:-1"},"canonical":"https:\/\/clfled.com\/it\/su-di-noi\/","og_locale":"it_IT","og_type":"article","og_title":"SU DI NOI","og_description":"Chi siamo CLFLED Fondata nel 2010, Shenzhen colorful technology Co., Ltd. \u00e8 un fornitore professionale e potente di soluzioni one-stop","og_url":"https:\/\/clfled.com\/it\/su-di-noi\/","og_site_name":"Clfled","article_modified_time":"2022-11-22T10:12:07+00:00","twitter_card":"summary_large_image","twitter_misc":{"Tempo di lettura stimato":"1 minuto"},"schema":{"@context":"https:\/\/schema.org","@graph":[{"@type":"WebPage","@id":"https:\/\/clfled.com\/it\/su-di-noi\/","url":"https:\/\/clfled.com\/it\/su-di-noi\/","name":"SU DI NOI - Clfled","isPartOf":{"@id":"https:\/\/clfled.com\/it\/#website"},"datePublished":"2022-10-25T01:09:02+00:00","dateModified":"2022-11-22T10:12:07+00:00","breadcrumb":{"@id":"https:\/\/clfled.com\/it\/su-di-noi\/#breadcrumb"},"inLanguage":"it-IT","potentialAction":[{"@type":"ReadAction","target":["https:\/\/clfled.com\/it\/su-di-noi\/"]}]},{"@type":"BreadcrumbList","@id":"https:\/\/clfled.com\/it\/su-di-noi\/#breadcrumb","itemListElement":[{"@type":"ListItem","position":1,"name":"HOME","item":"https:\/\/clfled.com\/it\/"},{"@type":"ListItem","position":2,"name":"SU DI NOI"}]},{"@type":"WebSite","@id":"https:\/\/clfled.com\/it\/#website","url":"https:\/\/clfled.com\/it\/","name":"Clfled","description":"clfled.com","potentialAction":[{"@type":"SearchAction","target":{"@type":"EntryPoint","urlTemplate":"https:\/\/clfled.com\/it\/?s={search_term_string}"},"query-input":"required name=search_term_string"}],"inLanguage":"it-IT"}]}},"_links":{"self":[{"href":"https:\/\/clfled.com\/it\/wp-json\/wp\/v2\/pages\/4065","targetHints":{"allow":["GET"]}}],"collection":[{"href":"https:\/\/clfled.com\/it\/wp-json\/wp\/v2\/pages"}],"about":[{"href":"https:\/\/clfled.com\/it\/wp-json\/wp\/v2\/types\/page"}],"author":[{"embeddable":true,"href":"https:\/\/clfled.com\/it\/wp-json\/wp\/v2\/users\/1"}],"replies":[{"embeddable":true,"href":"https:\/\/clfled.com\/it\/wp-json\/wp\/v2\/comments?post=4065"}],"version-history":[{"count":2,"href":"https:\/\/clfled.com\/it\/wp-json\/wp\/v2\/pages\/4065\/revisions"}],"predecessor-version":[{"id":4079,"href":"https:\/\/clfled.com\/it\/wp-json\/wp\/v2\/pages\/4065\/revisions\/4079"}],"wp:attachment":[{"href":"https:\/\/clfled.com\/it\/wp-json\/wp\/v2\/media?parent=4065"}],"curies":[{"name":"wp","href":"https:\/\/api.w.org\/{rel}","templated":true}]}}