{"id":4766,"date":"2022-11-05T10:57:49","date_gmt":"2022-11-05T02:57:49","guid":{"rendered":"https:\/\/clfled.com\/product\/nouveau-produit-batterie-wifi-tube-sans-fil-1-5m-jeu-de-tubes-dmx-et-app-controle-wifi-tube-de-levage-cinetique-pour-la-scene\/"},"modified":"2022-11-30T18:06:06","modified_gmt":"2022-11-30T10:06:06","slug":"nouveau-produit-wifi-battery-wireless-tube-1-5m-tube-set-dmx-and-app-control-wifi-kinetic-lifting-tube-light-for-stage","status":"publish","type":"product","link":"https:\/\/clfled.com\/fr\/produit\/nouveau-produit-wifi-battery-wireless-tube-1-5m-tube-set-dmx-and-app-control-wifi-kinetic-lifting-tube-light-for-stage\/","title":{"rendered":"Nouveau produit Batterie WIFI Tube sans fil 1.5m jeu de tubes DMX et APP contr\u00f4le WIFI tube de levage cin\u00e9tique pour la sc\u00e8ne"},"content":{"rendered":"<div><span style=\"font-size: 14.05pt;font-family: Arial;color: #000000;font-weight: bold\">Nom du produit<\/span><span style=\"font-size: 14.05pt;color: #000000;font-weight: bold\">:<\/span><span style=\"font-size: 14.05pt;font-family: Arial;color: #000000;font-weight: bold\">HONDYS WIRELESS LED TUBE 1.5m one set<\/span><\/div>\n<div><span style=\"font-size: 14.05pt;font-family: Calibri;color: #000000;font-weight: bold\">Vue d&#8217;ensemble<\/span><span style=\"font-size: 14.05pt;color: #000000;font-weight: bold\">:<\/span> <\/div>\n<div><span style=\"font-size: 12pt;font-family: Times New Roman;color: #000000\">Ce produit est un tube LED intelligent sans fil, utilisant la transmission sans fil WIFI 2.4G, supportant le sans fil.  <\/span><\/div>\n<div><span style=\"font-size: 12pt;font-family: Times New Roman;color: #000000\">Contr\u00f4le du signal Artnet\/DMX, la distance de contr\u00f4le peut atteindre 30M ; supporte le contr\u00f4le manuelPCAPP, facile \u00e0 utiliser.  <\/span><\/div>\n<div><span style=\"font-size: 12pt;font-family: Times New Roman;color: #000000\">\u00e0 utiliser ; 160<\/span><span style=\"font-size: 12pt;color: #000000\">\u00b0<\/span><span style=\"font-size: 12pt;font-family: Times New Roman;color: #000000\">qui permet de r\u00e9aliser divers effets d&#8217;\u00e9clairage tels que monochrome, gradient, <\/span> <\/div>\n<div><span style=\"font-size: 12pt;font-family: Times New Roman;color: #000000\">l&#8217;eau qui coule, le saut, etc. ; plusieurs modes d&#8217;\u00e9clairage pr\u00e9programm\u00e9s, adapt\u00e9s \u00e0 divers sc\u00e9narios ;  <\/span><\/div>\n<div><span style=\"font-size: 12pt;font-family: Times New Roman;color: #000000\">aliment\u00e9 par des batteries rechargeables, supportant le protocole de charge rapide PD3.0, le temps de travail minimum de  <\/span><\/div>\n<div><span style=\"font-size: 12pt;font-family: Times New Roman;color: #000000\">la batterie est de 6 heures ; anneaux de suspension, boucles d&#8217;\u00e9clairage, tr\u00e9pieds et autres m\u00e9thodes d&#8217;installation ; adapt\u00e9  <\/span><\/div>\n<div><span style=\"font-size: 12pt;font-family: Times New Roman;color: #000000\">pour l&#8217;\u00e9clairage de sc\u00e8ne, les spectacles, les \u00e9v\u00e9nements temporaires, les salons automobiles, l&#8217;\u00e9clairage de mariage, les voyages en plein air,  <\/span><\/div>\n<div><span style=\"font-size: 12pt;font-family: Times New Roman;color: #000000\">la photographie, les concerts et autres lieux.<\/span><\/div>\n<div><span style=\"font-size: 12pt;font-family: Times New Roman;color: #000000\"><img decoding=\"async\" src=\"\/\/sc04.alicdn.com\/kf\/H847f5b568e1b46cd97d9e18310805ae31\/200440271\/H847f5b568e1b46cd97d9e18310805ae31.jpg\" alt=\"Nouveau produit Batterie WIFI Tube sans fil 1.5m jeu de tubes DMX et APP contr\u00f4le WIFI tube de levage cin\u00e9tique pour la sc\u00e8ne\"><\/span><\/div>\n<div><span style=\"font-size: 12pt;font-family: Times New Roman;color: #000000\"><img decoding=\"async\" src=\"\/\/sc04.alicdn.com\/kf\/H3c5ef93edfca42d28387af09a5833fa40\/200440271\/H3c5ef93edfca42d28387af09a5833fa40.jpg\" alt=\"Nouveau produit Batterie WIFI Tube sans fil 1.5m jeu de tubes DMX et APP contr\u00f4le WIFI tube de levage cin\u00e9tique pour la sc\u00e8ne\"><\/span><\/div>\n<div><span style=\"font-size: 12pt;font-family: Times New Roman;color: #000000\">Indice de rendu des couleurs CRI \u226592  <\/span><\/div>\n<div><span style=\"font-size: 12pt;font-family: Times New Roman;color: #000000\">Dur\u00e9e de vie des LED H 50000H  <\/span><\/div>\n<div><span style=\"font-size: 12pt;font-family: Times New Roman;color: #000000\">Temp\u00e9rature de couleur K 3200-8500K  <\/span><\/div>\n<div><span style=\"font-size: 12pt;font-family: Times New Roman;color: #000000\">Couleur &#8211; RGBW  <\/span><\/div>\n<div><span style=\"font-size: 12pt;font-family: Times New Roman;color: #000000\">Angle du faisceau DEG 160  <\/span><\/div>\n<div><span style=\"font-size: 12pt;font-family: Times New Roman;color: #000000\">Quantit\u00e9 de LED PCS 80PCS  <\/span><\/div>\n<div><span style=\"font-size: 12pt;font-family: Times New Roman;color: #000000\">Quantit\u00e9 de pixels PCS 20PCS  <\/span><\/div>\n<div><span style=\"font-size: 12pt;font-family: Times New Roman;color: #000000\">Dur\u00e9e de vie de la batterie H 20000H  <\/span><\/div>\n<div><span style=\"font-size: 12pt;font-family: Times New Roman;color: #000000\">Autonomie de la batterie H &gt;6H  <\/span><\/div>\n<div><span style=\"font-size: 12pt;font-family: Times New Roman;color: #000000\">Temps de charge H \u22645H  <\/span><\/div>\n<div><span style=\"font-size: 12pt;font-family: Times New Roman;color: #000000\">Niveaux de gris &#8211; 65536  <\/span><\/div>\n<div><span style=\"font-size: 12pt;font-family: Times New Roman;color: #000000\">Longueur d&#8217;onde NM R:620-625nm G:515-520nm B:460-465nm  <\/span><\/div>\n<div><span style=\"font-size: 12pt;font-family: Times New Roman;color: #000000\">Tension de charge V 5V-20V(Protocole PD)  <\/span><\/div>\n<div><span style=\"font-size: 12pt;font-family: Times New Roman;color: #000000\">Puissance maximale W 20W  <\/span><\/div>\n<div><span style=\"font-size: 12pt;font-family: Times New Roman;color: #000000\">Mode de fonctionnement &#8211; DMX,ART-NET(RDM)  <\/span><\/div>\n<div><span style=\"font-size: 12pt;font-family: Times New Roman;color: #000000\">Distance de transmission M \u226430M (mode ART-NET) \u2264300M (mode commande)  <\/span><\/div>\n<div><span style=\"font-size: 12pt;font-family: Times New Roman;color: #000000\">Langue d&#8217;utilisation &#8211; chinois simplifi\u00e9\/anglais  <\/span><\/div>\n<div><span style=\"font-size: 12pt;font-family: Times New Roman;color: #000000\">Taille MM 1000*\u03c640MM Poids KG 1.1KG  <\/span><\/div>\n<div><span style=\"font-size: 12pt;font-family: Times New Roman;color: #000000\">Indice d&#8217;\u00e9tanch\u00e9it\u00e9 &#8211; IP65  <\/span><\/div>\n<div><span style=\"font-size: 12pt;font-family: Times New Roman;color: #000000\">Mat\u00e9riau de la coque &#8211; PC+Aluminium  <\/span><\/div>\n<div><span style=\"font-size: 12pt;font-family: Times New Roman;color: #000000\">M\u00e9thode d&#8217;installation &#8211; Anneau de suspension, support de tr\u00e9pied, boucle d&#8217;\u00e9clairage, connecteur droit et t\u00eate de tr\u00e9pied.  <\/span><\/div>\n<div><span style=\"font-size: 12pt;font-family: Times New Roman;color: #000000\">\u00c9cran &#8211; \u00c9cran OLED  <\/span><\/div>\n<div><span style=\"font-size: 12pt;font-family: Times New Roman;color: #000000\">Commande manuelle &#8211; Commande par bouton rotatif Logiciel d&#8217;assistance &#8211; Hondys\/Mad-show\/Madrix<\/span><\/div>\n<div><span style=\"font-size: 12pt;font-family: Times New Roman;color: #000000\"><img decoding=\"async\" src=\"\/\/sc04.alicdn.com\/kf\/H8db46cb06fcc409a9d323f98d986fa73I\/200440271\/H8db46cb06fcc409a9d323f98d986fa73I.jpg\" alt=\"Nouveau produit Batterie WIFI Tube sans fil 1.5m jeu de tubes DMX et APP contr\u00f4le WIFI tube de levage cin\u00e9tique pour la sc\u00e8ne\"><br \/>\n<img decoding=\"async\" src=\"\/\/sc04.alicdn.com\/kf\/H0e18b07694bb4b56b055bb73652ecf43b\/200440271\/H0e18b07694bb4b56b055bb73652ecf43b.jpg\" alt=\"Nouveau produit Batterie WIFI Tube sans fil 1.5m jeu de tubes DMX et APP contr\u00f4le WIFI tube de levage cin\u00e9tique pour la sc\u00e8ne\"><br \/>\n<img decoding=\"async\" src=\"\/\/sc04.alicdn.com\/kf\/Hbb74630489a9463dbc6ff42c73ef46baE\/200440271\/Hbb74630489a9463dbc6ff42c73ef46baE.jpg\" alt=\"Nouveau produit Batterie WIFI Tube sans fil 1.5m jeu de tubes DMX et APP contr\u00f4le WIFI tube de levage cin\u00e9tique pour la sc\u00e8ne\"><br \/>\n<img decoding=\"async\" src=\"\/\/sc04.alicdn.com\/kf\/H35d0da0b54124e518d7622556e04446d2\/200440271\/H35d0da0b54124e518d7622556e04446d2.jpg\" alt=\"Nouveau produit Batterie WIFI Tube sans fil 1.5m jeu de tubes DMX et APP contr\u00f4le WIFI tube de levage cin\u00e9tique pour la sc\u00e8ne\"><br \/>\n<img decoding=\"async\" src=\"\/\/sc04.alicdn.com\/kf\/Hd9cafe5d68904cbc98bb7e3ba9f6e233X\/200440271\/Hd9cafe5d68904cbc98bb7e3ba9f6e233X.jpg\" alt=\"Nouveau produit Batterie WIFI Tube sans fil 1.5m jeu de tubes DMX et APP contr\u00f4le WIFI tube de levage cin\u00e9tique pour la sc\u00e8ne\"><\/span><\/div>\n<div><span style=\"font-size: 12pt;font-family: Times New Roman;color: #000000\"><img decoding=\"async\" src=\"\/\/sc04.alicdn.com\/kf\/H2c9f9fadaf6b49b1a32c30782108d230T\/200440271\/H2c9f9fadaf6b49b1a32c30782108d230T.jpg\" alt=\"Nouveau produit Batterie WIFI Tube sans fil 1.5m jeu de tubes DMX et APP contr\u00f4le WIFI tube de levage cin\u00e9tique pour la sc\u00e8ne\"><\/span><\/div>\n<div><span style=\"font-size: 12pt;font-family: Times New Roman;color: #000000\"><img decoding=\"async\" src=\"\/\/sc04.alicdn.com\/kf\/He0e79dcd5f3a4c6394f135d79a3824f9z\/200440271\/He0e79dcd5f3a4c6394f135d79a3824f9z.jpg\" alt=\"Nouveau produit Batterie WIFI Tube sans fil 1.5m jeu de tubes DMX et APP contr\u00f4le WIFI tube de levage cin\u00e9tique pour la sc\u00e8ne\"><br \/>\n<img decoding=\"async\" src=\"\/\/sc04.alicdn.com\/kf\/H6384397e456e4369a0ddfed5ee0a385ey\/200440271\/H6384397e456e4369a0ddfed5ee0a385ey.jpg\" alt=\"Nouveau produit Batterie WIFI Tube sans fil 1.5m jeu de tubes DMX et APP contr\u00f4le WIFI tube de levage cin\u00e9tique pour la sc\u00e8ne\"><br \/>\n<img decoding=\"async\" src=\"\/\/sc04.alicdn.com\/kf\/H7befc01285d241118612c6db1d752c3de\/200440271\/H7befc01285d241118612c6db1d752c3de.jpg\" alt=\"Nouveau produit Batterie WIFI Tube sans fil 1.5m jeu de tubes DMX et APP contr\u00f4le WIFI tube de levage cin\u00e9tique pour la sc\u00e8ne\"><br \/>\n<img decoding=\"async\" src=\"\/\/sc04.alicdn.com\/kf\/H3b3b6a70457f41e98acbd93d40d2cb9bB\/200440271\/H3b3b6a70457f41e98acbd93d40d2cb9bB.jpg\" alt=\"Nouveau produit Batterie WIFI Tube sans fil 1.5m jeu de tubes DMX et APP contr\u00f4le WIFI tube de levage cin\u00e9tique pour la sc\u00e8ne\"><\/span><span style=\"font-size: 12pt;font-family: Times New Roman;color: #000000\"><img fetchpriority=\"high\" decoding=\"async\" class=\"alignnone wp-image-966\" src=\"https:\/\/clfled.com\/wp-content\/uploads\/2022\/11\/%E4%B8%89%E8%84%9A%E6%9E%B63-225x300.jpg\" alt=\"\" width=\"785\" height=\"1047\"><img decoding=\"async\" class=\"alignnone wp-image-943\" src=\"https:\/\/clfled.com\/wp-content\/uploads\/2022\/11\/hondys-%E4%B8%BB%E5%9B%BE5-300x300.jpg\" alt=\"\" width=\"782\" height=\"782\"><br \/>\n<\/span><\/div>\n<div><img decoding=\"async\" class=\"alignnone wp-image-931\" src=\"https:\/\/clfled.com\/wp-content\/uploads\/2022\/11\/15-300x180.jpg\" alt=\"\" width=\"782\" height=\"469\" srcset=\"https:\/\/clfled.com\/wp-content\/uploads\/2022\/11\/15-300x180.jpg 300w, https:\/\/clfled.com\/wp-content\/uploads\/2022\/11\/15-500x300.jpg 500w, https:\/\/clfled.com\/wp-content\/uploads\/2022\/11\/15-150x90.jpg 150w, https:\/\/clfled.com\/wp-content\/uploads\/2022\/11\/15-700x421.jpg 700w, https:\/\/clfled.com\/wp-content\/uploads\/2022\/11\/15-1024x615.jpg 1024w, https:\/\/clfled.com\/wp-content\/uploads\/2022\/11\/15-768x461.jpg 768w, https:\/\/clfled.com\/wp-content\/uploads\/2022\/11\/15.jpg 1438w\" sizes=\"(max-width: 782px) 100vw, 782px\" \/><\/div>\n<div><\/div>\n","protected":false},"excerpt":{"rendered":"<p>MOD\u00c8LE\uff1aCL-HD100<br \/>\nTension de charge\uff1aPD protocole (5V\/3A -20V\/3.25A\uff09)<br \/>\nPuissance de sortie MAX\uff1a36W\uff08en mode haute puissance\uff09&amp; 25W\uff08en mode \u00e9conomie\uff09.<br \/>\nMode de fonctionnement\uff1a2.4G Transmission sans fil, ART-NET, RDM<br \/>\nDistance de transmission\uff1a\u226430M<br \/>\nNiveau de gris\uff1a65536<br \/>\nCouleur de sortie\uff1a16K<br \/>\nAutonomie de la batterie : &gt;3,5H (mode haute puissance) &amp;&gt;5H (mode haute puissance)<br \/>\nTaille\uff1a1000*\u03c640<br \/>\nPoids\uff1a1.1KG<br \/>\nM\u00e9thode d&#8217;installation\uff1aAnneau de suspension, support de tr\u00e9pied, boucle d&#8217;\u00e9clairage et connecteur de lumi\u00e8re.<br \/>\nLogiciel de support\uff1aHondys\/Mad-show\/Madrix<\/p>\n","protected":false},"featured_media":1433,"comment_status":"open","ping_status":"closed","template":"","meta":[],"product_cat":[111],"product_tag":[],"class_list":["post-4766","product","type-product","status-publish","has-post-thumbnail","hentry","product_cat-tube-a-piles-sans-fil"],"yoast_head":"<!-- This site is optimized with the Yoast SEO Premium plugin v21.0 (Yoast SEO v21.0) - https:\/\/yoast.com\/wordpress\/plugins\/seo\/ -->\n<title>Nouveau produit Batterie WIFI Tube sans fil 1.5m jeu de tubes DMX et APP contr\u00f4le WIFI tube de levage cin\u00e9tique pour la sc\u00e8ne - Clfled<\/title>\n<meta name=\"robots\" content=\"index, follow, max-snippet:-1, max-image-preview:large, max-video-preview:-1\" \/>\n<link rel=\"canonical\" href=\"https:\/\/clfled.com\/fr\/produit\/nouveau-produit-wifi-battery-wireless-tube-1-5m-tube-set-dmx-and-app-control-wifi-kinetic-lifting-tube-light-for-stage\/\" \/>\n<meta property=\"og:locale\" content=\"fr_FR\" \/>\n<meta property=\"og:type\" content=\"article\" \/>\n<meta property=\"og:title\" content=\"Nouveau produit Batterie WIFI Tube sans fil 1.5m jeu de tubes DMX et APP contr\u00f4le WIFI tube de levage cin\u00e9tique pour la sc\u00e8ne\" \/>\n<meta property=\"og:description\" content=\"MOD\u00c8LE\uff1aCL-HD100 Tension de charge\uff1aPD protocole (5V\/3A -20V\/3.25A\uff09) Puissance de sortie MAX\uff1a36W\uff08en mode haute puissance\uff09&amp; 25W\uff08en mode \u00e9conomie\uff09. Mode de fonctionnement\uff1a2.4G Transmission sans fil, ART-NET, RDM Distance de transmission\uff1a\u226430M Niveau de gris\uff1a65536 Couleur de sortie\uff1a16K Autonomie de la batterie : &gt;3,5H (mode haute puissance) &amp;&gt;5H (mode haute puissance)  Taille\uff1a1000*\u03c640 Poids\uff1a1.1KG M\u00e9thode d&#039;installation\uff1aAnneau de suspension, support de tr\u00e9pied, boucle d&#039;\u00e9clairage et connecteur de lumi\u00e8re. Logiciel de support\uff1aHondys\/Mad-show\/Madrix\" \/>\n<meta property=\"og:url\" content=\"https:\/\/clfled.com\/fr\/produit\/nouveau-produit-wifi-battery-wireless-tube-1-5m-tube-set-dmx-and-app-control-wifi-kinetic-lifting-tube-light-for-stage\/\" \/>\n<meta property=\"og:site_name\" content=\"Clfled\" \/>\n<meta property=\"article:modified_time\" content=\"2022-11-30T10:06:06+00:00\" \/>\n<meta property=\"og:image\" content=\"https:\/\/clfled.com\/wp-content\/uploads\/2022\/11\/H48847a4f0b1d44be8f65f54b34dc71deD-scaled.jpg\" \/>\n\t<meta property=\"og:image:width\" content=\"2560\" \/>\n\t<meta property=\"og:image:height\" content=\"2560\" \/>\n\t<meta property=\"og:image:type\" content=\"image\/jpeg\" \/>\n<meta name=\"twitter:card\" content=\"summary_large_image\" \/>\n<meta name=\"twitter:label1\" content=\"Dur\u00e9e de lecture estim\u00e9e\" \/>\n\t<meta name=\"twitter:data1\" content=\"5 minutes\" \/>\n<script type=\"application\/ld+json\" class=\"yoast-schema-graph\">{\"@context\":\"https:\/\/schema.org\",\"@graph\":[{\"@type\":\"WebPage\",\"@id\":\"https:\/\/clfled.com\/fr\/produit\/nouveau-produit-wifi-battery-wireless-tube-1-5m-tube-set-dmx-and-app-control-wifi-kinetic-lifting-tube-light-for-stage\/\",\"url\":\"https:\/\/clfled.com\/fr\/produit\/nouveau-produit-wifi-battery-wireless-tube-1-5m-tube-set-dmx-and-app-control-wifi-kinetic-lifting-tube-light-for-stage\/\",\"name\":\"Nouveau produit Batterie WIFI Tube sans fil 1.5m jeu de tubes DMX et APP contr\u00f4le WIFI tube de levage cin\u00e9tique pour la sc\u00e8ne - Clfled\",\"isPartOf\":{\"@id\":\"https:\/\/clfled.com\/fr\/#website\"},\"datePublished\":\"2022-11-05T02:57:49+00:00\",\"dateModified\":\"2022-11-30T10:06:06+00:00\",\"breadcrumb\":{\"@id\":\"https:\/\/clfled.com\/fr\/produit\/nouveau-produit-wifi-battery-wireless-tube-1-5m-tube-set-dmx-and-app-control-wifi-kinetic-lifting-tube-light-for-stage\/#breadcrumb\"},\"inLanguage\":\"fr-FR\",\"potentialAction\":[{\"@type\":\"ReadAction\",\"target\":[\"https:\/\/clfled.com\/fr\/produit\/nouveau-produit-wifi-battery-wireless-tube-1-5m-tube-set-dmx-and-app-control-wifi-kinetic-lifting-tube-light-for-stage\/\"]}]},{\"@type\":\"BreadcrumbList\",\"@id\":\"https:\/\/clfled.com\/fr\/produit\/nouveau-produit-wifi-battery-wireless-tube-1-5m-tube-set-dmx-and-app-control-wifi-kinetic-lifting-tube-light-for-stage\/#breadcrumb\",\"itemListElement\":[{\"@type\":\"ListItem\",\"position\":1,\"name\":\"HOME\",\"item\":\"https:\/\/clfled.com\/fr\/\"},{\"@type\":\"ListItem\",\"position\":2,\"name\":\"Boutique\",\"item\":\"https:\/\/clfled.com\/fr\/boutique\/\"},{\"@type\":\"ListItem\",\"position\":3,\"name\":\"Nouveau produit Batterie WIFI Tube sans fil 1.5m jeu de tubes DMX et APP contr\u00f4le WIFI tube de levage cin\u00e9tique pour la sc\u00e8ne\"}]},{\"@type\":\"WebSite\",\"@id\":\"https:\/\/clfled.com\/fr\/#website\",\"url\":\"https:\/\/clfled.com\/fr\/\",\"name\":\"Clfled\",\"description\":\"clfled.com\",\"potentialAction\":[{\"@type\":\"SearchAction\",\"target\":{\"@type\":\"EntryPoint\",\"urlTemplate\":\"https:\/\/clfled.com\/fr\/?s={search_term_string}\"},\"query-input\":\"required name=search_term_string\"}],\"inLanguage\":\"fr-FR\"}]}<\/script>\n<!-- \/ Yoast SEO Premium plugin. -->","yoast_head_json":{"title":"Nouveau produit Batterie WIFI Tube sans fil 1.5m jeu de tubes DMX et APP contr\u00f4le WIFI tube de levage cin\u00e9tique pour la sc\u00e8ne - Clfled","robots":{"index":"index","follow":"follow","max-snippet":"max-snippet:-1","max-image-preview":"max-image-preview:large","max-video-preview":"max-video-preview:-1"},"canonical":"https:\/\/clfled.com\/fr\/produit\/nouveau-produit-wifi-battery-wireless-tube-1-5m-tube-set-dmx-and-app-control-wifi-kinetic-lifting-tube-light-for-stage\/","og_locale":"fr_FR","og_type":"article","og_title":"Nouveau produit Batterie WIFI Tube sans fil 1.5m jeu de tubes DMX et APP contr\u00f4le WIFI tube de levage cin\u00e9tique pour la sc\u00e8ne","og_description":"MOD\u00c8LE\uff1aCL-HD100 Tension de charge\uff1aPD protocole (5V\/3A -20V\/3.25A\uff09) Puissance de sortie MAX\uff1a36W\uff08en mode haute puissance\uff09&amp; 25W\uff08en mode \u00e9conomie\uff09. Mode de fonctionnement\uff1a2.4G Transmission sans fil, ART-NET, RDM Distance de transmission\uff1a\u226430M Niveau de gris\uff1a65536 Couleur de sortie\uff1a16K Autonomie de la batterie : &gt;3,5H (mode haute puissance) &amp;&gt;5H (mode haute puissance)  Taille\uff1a1000*\u03c640 Poids\uff1a1.1KG M\u00e9thode d'installation\uff1aAnneau de suspension, support de tr\u00e9pied, boucle d'\u00e9clairage et connecteur de lumi\u00e8re. Logiciel de support\uff1aHondys\/Mad-show\/Madrix","og_url":"https:\/\/clfled.com\/fr\/produit\/nouveau-produit-wifi-battery-wireless-tube-1-5m-tube-set-dmx-and-app-control-wifi-kinetic-lifting-tube-light-for-stage\/","og_site_name":"Clfled","article_modified_time":"2022-11-30T10:06:06+00:00","og_image":[{"width":2560,"height":2560,"url":"https:\/\/clfled.com\/wp-content\/uploads\/2022\/11\/H48847a4f0b1d44be8f65f54b34dc71deD-scaled.jpg","type":"image\/jpeg"}],"twitter_card":"summary_large_image","twitter_misc":{"Dur\u00e9e de lecture estim\u00e9e":"5 minutes"},"schema":{"@context":"https:\/\/schema.org","@graph":[{"@type":"WebPage","@id":"https:\/\/clfled.com\/fr\/produit\/nouveau-produit-wifi-battery-wireless-tube-1-5m-tube-set-dmx-and-app-control-wifi-kinetic-lifting-tube-light-for-stage\/","url":"https:\/\/clfled.com\/fr\/produit\/nouveau-produit-wifi-battery-wireless-tube-1-5m-tube-set-dmx-and-app-control-wifi-kinetic-lifting-tube-light-for-stage\/","name":"Nouveau produit Batterie WIFI Tube sans fil 1.5m jeu de tubes DMX et APP contr\u00f4le WIFI tube de levage cin\u00e9tique pour la sc\u00e8ne - Clfled","isPartOf":{"@id":"https:\/\/clfled.com\/fr\/#website"},"datePublished":"2022-11-05T02:57:49+00:00","dateModified":"2022-11-30T10:06:06+00:00","breadcrumb":{"@id":"https:\/\/clfled.com\/fr\/produit\/nouveau-produit-wifi-battery-wireless-tube-1-5m-tube-set-dmx-and-app-control-wifi-kinetic-lifting-tube-light-for-stage\/#breadcrumb"},"inLanguage":"fr-FR","potentialAction":[{"@type":"ReadAction","target":["https:\/\/clfled.com\/fr\/produit\/nouveau-produit-wifi-battery-wireless-tube-1-5m-tube-set-dmx-and-app-control-wifi-kinetic-lifting-tube-light-for-stage\/"]}]},{"@type":"BreadcrumbList","@id":"https:\/\/clfled.com\/fr\/produit\/nouveau-produit-wifi-battery-wireless-tube-1-5m-tube-set-dmx-and-app-control-wifi-kinetic-lifting-tube-light-for-stage\/#breadcrumb","itemListElement":[{"@type":"ListItem","position":1,"name":"HOME","item":"https:\/\/clfled.com\/fr\/"},{"@type":"ListItem","position":2,"name":"Boutique","item":"https:\/\/clfled.com\/fr\/boutique\/"},{"@type":"ListItem","position":3,"name":"Nouveau produit Batterie WIFI Tube sans fil 1.5m jeu de tubes DMX et APP contr\u00f4le WIFI tube de levage cin\u00e9tique pour la sc\u00e8ne"}]},{"@type":"WebSite","@id":"https:\/\/clfled.com\/fr\/#website","url":"https:\/\/clfled.com\/fr\/","name":"Clfled","description":"clfled.com","potentialAction":[{"@type":"SearchAction","target":{"@type":"EntryPoint","urlTemplate":"https:\/\/clfled.com\/fr\/?s={search_term_string}"},"query-input":"required name=search_term_string"}],"inLanguage":"fr-FR"}]}},"_links":{"self":[{"href":"https:\/\/clfled.com\/fr\/wp-json\/wp\/v2\/product\/4766","targetHints":{"allow":["GET"]}}],"collection":[{"href":"https:\/\/clfled.com\/fr\/wp-json\/wp\/v2\/product"}],"about":[{"href":"https:\/\/clfled.com\/fr\/wp-json\/wp\/v2\/types\/product"}],"replies":[{"embeddable":true,"href":"https:\/\/clfled.com\/fr\/wp-json\/wp\/v2\/comments?post=4766"}],"version-history":[{"count":2,"href":"https:\/\/clfled.com\/fr\/wp-json\/wp\/v2\/product\/4766\/revisions"}],"predecessor-version":[{"id":4769,"href":"https:\/\/clfled.com\/fr\/wp-json\/wp\/v2\/product\/4766\/revisions\/4769"}],"wp:featuredmedia":[{"embeddable":true,"href":"https:\/\/clfled.com\/fr\/wp-json\/wp\/v2\/media\/1433"}],"wp:attachment":[{"href":"https:\/\/clfled.com\/fr\/wp-json\/wp\/v2\/media?parent=4766"}],"wp:term":[{"taxonomy":"product_cat","embeddable":true,"href":"https:\/\/clfled.com\/fr\/wp-json\/wp\/v2\/product_cat?post=4766"},{"taxonomy":"product_tag","embeddable":true,"href":"https:\/\/clfled.com\/fr\/wp-json\/wp\/v2\/product_tag?post=4766"}],"curies":[{"name":"wp","href":"https:\/\/api.w.org\/{rel}","templated":true}]}}