{"id":4562,"date":"2022-11-05T13:45:11","date_gmt":"2022-11-05T05:45:11","guid":{"rendered":"https:\/\/clfled.com\/product\/1m-club-lighting-vertical-3d-rgb-360-led-tube-lights\/"},"modified":"2022-11-28T16:43:31","modified_gmt":"2022-11-28T08:43:31","slug":"1m-club-lighting-vertical-3d-rgb-360-led-tube-lights-2","status":"publish","type":"product","link":"https:\/\/clfled.com\/fr\/produit\/1m-club-lighting-vertical-3d-rgb-360-led-tube-lights-2\/","title":{"rendered":"1M Club Lighting Vertical 3D RGB 360 Led Tube Lights"},"content":{"rendered":"<h2 style=\"margin: 0px; padding: 0px; border: 0px; font-style: normal; font-weight: normal; font-size: 12px; line-height: 18px; font-family: Arial, Helvetica; vertical-align: baseline; color: #333333; text-align: center;\"><strong><span style=\"font-size: 24px;\">1M Club Lighting Vertical 3D RGB 360 Led Tube Lights<\/span><\/strong><\/h2>\n<h2 style=\"font-weight: bold; line-height: 1; font-size: 1.5em; margin: 0.75em 0px; color: #000000; font-family: Arial; font-style: normal; text-align: left;\">Sp\u00e9cifications<\/h2>\n<table style=\"color: #000000; font-family: Arial; font-size: 12px; font-style: normal; font-weight: 400; background-color: #ffffff; border-collapse: collapse; width: 747px; border: 1px solid #cccccc;\" border=\"1\">\n<tbody>\n<tr style=\"height: 15px;\">\n<td style=\"font-family: Verdana, Arial, Helvetica, sans-serif; font-size: 12px; color: #000000; margin: 8px; border: 1px solid #cccccc; width: 316px; height: 15px; text-align: left;\"><span style=\"line-height: 24px; font-size: 16px; font-family: arial, helvetica, sans-serif;\">Nom du produit<\/span><\/td>\n<td style=\"font-family: Verdana, Arial, Helvetica, sans-serif; font-size: 12px; color: #000000; margin: 8px; border: 1px solid #cccccc; width: 427px; height: 15px; text-align: left;\"><span style=\"line-height: 24px; font-size: 16px; font-family: arial, helvetica, sans-serif;\">Tube LED \u00e0 360 degr\u00e9s de couleur<\/span><\/td>\n<\/tr>\n<tr style=\"height: 15px;\">\n<td style=\"font-family: Verdana, Arial, Helvetica, sans-serif; font-size: 12px; color: #000000; margin: 8px; border: 1px solid #cccccc; width: 316px; height: 15px; text-align: left;\"><span style=\"line-height: 24px; font-size: 16px; font-family: arial, helvetica, sans-serif;\">Tension d&#8217;entr\u00e9e<\/span><\/td>\n<td style=\"font-family: Verdana, Arial, Helvetica, sans-serif; font-size: 12px; color: #000000; margin: 8px; border: 1px solid #cccccc; width: 427px; height: 15px; text-align: left;\"><span style=\"line-height: 24px; font-size: 16px; font-family: arial, helvetica, sans-serif;\">DC24V<\/span><\/td>\n<\/tr>\n<tr style=\"height: 15px; text-align: left;\">\n<td style=\"font-family: Verdana, Arial, Helvetica, sans-serif; font-size: 12px; color: #000000; margin: 8px; border: 1px solid #cccccc; width: 316px; height: 15px; text-align: left;\"><span style=\"line-height: 24px; font-size: 16px; font-family: arial, helvetica, sans-serif;\">Puissance maximale<\/span><\/td>\n<td style=\"font-family: Verdana, Arial, Helvetica, sans-serif; font-size: 12px; color: #000000; margin: 8px; border: 1px solid #cccccc; width: 427px; height: 15px;\"><span style=\"line-height: 24px; font-size: 16px; font-family: arial, helvetica, sans-serif;\">24W<\/span><\/td>\n<\/tr>\n<tr style=\"height: 15px; text-align: left;\">\n<td style=\"font-family: Verdana, Arial, Helvetica, sans-serif; font-size: 12px; color: #000000; margin: 8px; border: 1px solid #cccccc; width: 316px; height: 15px;\"><span style=\"line-height: 24px; font-size: 16px; font-family: arial, helvetica, sans-serif;\">Qt\u00e9 de LED<\/span><\/td>\n<td style=\"font-family: Verdana, Arial, Helvetica, sans-serif; font-size: 12px; color: #000000; margin: 8px; border: 1px solid #cccccc; width: 427px; height: 15px;\"><span style=\"line-height: 24px; font-size: 16px; font-family: arial, helvetica, sans-serif;\">144LED\/m<\/span><\/td>\n<\/tr>\n<tr style=\"height: 15px; text-align: left;\">\n<td style=\"font-family: Verdana, Arial, Helvetica, sans-serif; font-size: 12px; color: #000000; margin: 8px; border: 1px solid #cccccc; width: 316px; height: 15px;\"><span style=\"line-height: 24px; font-size: 16px; font-family: arial, helvetica, sans-serif;\">Pixels<\/span><\/td>\n<td style=\"font-family: Verdana, Arial, Helvetica, sans-serif; font-size: 12px; color: #000000; margin: 8px; border: 1px solid #cccccc; width: 427px; height: 15px;\"><span style=\"line-height: 24px; font-size: 16px; font-family: arial, helvetica, sans-serif;\">24Pixels<\/span><\/td>\n<\/tr>\n<tr style=\"height: 15px; text-align: left;\">\n<td style=\"font-family: Verdana, Arial, Helvetica, sans-serif; font-size: 12px; color: #000000; margin: 8px; border: 1px solid #cccccc; width: 316px; height: 15px;\"><span style=\"line-height: 24px; font-size: 16px; font-family: arial, helvetica, sans-serif;\">Taille du tube LED<\/span><\/td>\n<td style=\"font-family: Verdana, Arial, Helvetica, sans-serif; font-size: 12px; color: #000000; margin: 8px; border: 1px solid #cccccc; width: 427px; height: 15px;\"><span style=\"line-height: 24px; font-size: 16px; color: #000000; font-family: arial, helvetica, sans-serif;\">Diam\u00e8tre : 40 mm Longueur : 998 mm<\/span><\/td>\n<\/tr>\n<tr style=\"height: 18px; text-align: left;\">\n<td style=\"font-family: Verdana, Arial, Helvetica, sans-serif; font-size: 12px; color: #000000; margin: 8px; border: 1px solid #cccccc; width: 316px; height: 18px;\"><span style=\"line-height: 24px; font-size: 16px; font-family: arial, helvetica, sans-serif;\">Mod\u00e8le<\/span><\/td>\n<td style=\"font-family: Verdana, Arial, Helvetica, sans-serif; font-size: 12px; color: #000000; margin: 8px; border: 1px solid #cccccc; width: 427px; height: 18px;\"><span style=\"line-height: 24px; font-family: arial, helvetica, sans-serif; font-size: 16px;\">CL-T100W<\/span><\/td>\n<\/tr>\n<tr style=\"height: 18px;\">\n<td style=\"font-family: Verdana, Arial, Helvetica, sans-serif; font-size: 12px; color: #000000; margin: 8px; border: 1px solid #cccccc; width: 316px; height: 18px; text-align: left;\"><span style=\"line-height: 24px; font-size: 16px; font-family: arial, helvetica, sans-serif;\">Couleurs<\/span><\/td>\n<td style=\"font-family: Verdana, Arial, Helvetica, sans-serif; font-size: 12px; color: #000000; margin: 8px; border: 1px solid #cccccc; width: 427px; height: 18px; text-align: left;\"><span style=\"line-height: 24px; font-size: 16px; font-family: arial, helvetica, sans-serif;\">Pleine couleur RGB, changement de couleur en r\u00eave<\/span><\/td>\n<\/tr>\n<\/tbody>\n<\/table>\n<p style=\"margin: 0px; padding: 0px; font-size: 12px; font-style: normal; font-weight: 400; border: 0px; line-height: inherit; font-family: Arial, Helvetica; vertical-align: baseline; color: #333333;\"> <span style=\"line-height: 18px; font-family: arial, helvetica, sans-serif;\"><strong><span style=\"line-height: 36px; font-size: 24px;\">Applications<\/span><\/strong><\/span><\/p>\n<p style=\"margin: 0px; padding: 0px; color: #000000; font-family: Arial; font-size: 12px; font-style: normal; font-weight: 400;\"><span style=\"line-height: 24px; font-size: 16px;\">Ce produit peut \u00eatre largement utilis\u00e9 pour les spectacles sur sc\u00e8ne, les ambiances de bar et la d\u00e9coration des plan\u00e9tariums et des salles de science et de technologie.<\/span><\/p>\n<p style=\"margin: 0px; padding: 0px; color: #000000; font-family: Arial; font-size: 12px; font-style: normal; font-weight: 400; text-align: left;\"><span style=\"line-height: 36px; color: #000000; font-size: 24px; font-family: arial, helvetica, sans-serif;\"><strong>Avantages  <\/strong><\/span><\/p>\n<p style=\"margin: 0px; padding: 0px; color: #000000; font-family: Arial; font-size: 12px; font-style: normal; font-weight: 400; text-align: left;\"><span style=\"line-height: 24px; font-size: 16px;\">1. Mode de commande \u00e0 signal unique, fonctionnement simple ;<\/span><\/p>\n<p style=\"margin: 0px; padding: 0px; color: #000000; font-family: Arial; font-size: 12px; font-style: normal; font-weight: 400; text-align: left;\"><span style=\"line-height: 24px; font-size: 16px;\">2. Mat\u00e9riau PC, bel effet, forte r\u00e9sistance \u00e0 la pression ;<\/span><\/p>\n<p style=\"margin: 0px; padding: 0px; color: #000000; font-family: Arial; font-size: 12px; font-style: normal; font-weight: 400; text-align: left;\"><span style=\"line-height: 24px; font-size: 16px;\">3. 256 niveaux de changement de gris ;<\/span><\/p>\n<p style=\"margin: 0px; padding: 0px; color: #000000; font-family: Arial; font-size: 12px; font-style: normal; font-weight: 400; text-align: left;\"><span style=\"line-height: 24px; font-size: 16px;\">4. \u00c9mission de lumi\u00e8re \u00e0 360 degr\u00e9s sans zones sombres ;<\/span><\/p>\n<p style=\"margin: 0px; padding: 0px; color: #000000; font-family: Arial; font-size: 12px; font-style: normal; font-weight: 400; text-align: left;\"><span style=\"line-height: 24px; font-size: 16px;\">5. Transmission en s\u00e9rie, signal stable ;<\/span><\/p>\n<p style=\"margin: 0px; padding: 0px; color: #000000; font-family: Arial; font-size: 12px; font-style: normal; font-weight: 400; text-align: left;\"><span style=\"line-height: 24px; font-size: 16px;\">6. Avec fonction de retour du signal ;<\/span><\/p>\n<p style=\"margin: 0px; padding: 0px; color: #000000; font-family: Arial; font-size: 12px; font-style: normal; font-weight: 400; text-align: left;\"><span style=\"line-height: 24px; font-size: 16px;\">7. Combin\u00e9 avec notre contr\u00f4leur Artnet, l&#8217;op\u00e9ration est plus pratique.<\/span><\/p>\n<p style=\"margin: 0px; padding: 0px; font-size: 12px; font-style: normal; font-weight: 400; border: 0px; line-height: inherit; font-family: Arial, Helvetica; vertical-align: baseline; color: #333333;\"><span style=\"line-height: 18px; font-family: arial, helvetica, sans-serif;\"> <\/span><\/p>\n<p style=\"margin: 0px; padding: 0px; color: #000000; font-family: Arial; font-size: 12px; font-style: normal; font-weight: 400;\" align=\"left\"><span style=\"line-height: 18px; font-family: arial, helvetica, sans-serif;\"> <img decoding=\"async\" style=\"vertical-align: middle; color: #000000; font-family: Arial; font-size: 12px; font-style: normal; font-weight: 400; background-color: #ffffff;\" src=\"https:\/\/sc04.alicdn.com\/kf\/H958afbdcf5644ed3a6525d52cbce1bc3k\/200440271\/H958afbdcf5644ed3a6525d52cbce1bc3k.jpg\" alt=\"1M Club Lighting Vertical 3D RGB 360 Led Tube Lights\"><br \/>\n<img decoding=\"async\" style=\"vertical-align: middle; color: #000000; font-family: Arial; font-size: 12px; font-style: normal; font-weight: 400; background-color: #ffffff;\" src=\"https:\/\/sc04.alicdn.com\/kf\/Hedf0d23b63b14f65b0c1fc8fe38dabbdr\/200440271\/Hedf0d23b63b14f65b0c1fc8fe38dabbdr.jpg\" alt=\"1M Club Lighting Vertical 3D RGB 360 Led Tube Lights\"><br \/>\n<img decoding=\"async\" style=\"vertical-align: middle; color: #000000; font-family: Arial; font-size: 12px; font-style: normal; font-weight: 400; background-color: #ffffff;\" src=\"https:\/\/sc04.alicdn.com\/kf\/H2666fcf4cff34752b3ac83e2be2bbe39m\/200440271\/H2666fcf4cff34752b3ac83e2be2bbe39m.jpg\" alt=\"1M Club Lighting Vertical 3D RGB 360 Led Tube Lights\"><br \/>\n<img decoding=\"async\" style=\"vertical-align: middle; color: #000000; font-family: Arial; font-size: 12px; font-style: normal; font-weight: 400; background-color: #ffffff;\" src=\"https:\/\/sc04.alicdn.com\/kf\/H67055541a51f48bbbb8d805b1a7277cbb\/200440271\/H67055541a51f48bbbb8d805b1a7277cbb.jpg\" alt=\"1M Club Lighting Vertical 3D RGB 360 Led Tube Lights\"><br \/>\n<img decoding=\"async\" style=\"vertical-align: middle; color: #000000; font-family: Arial; font-size: 12px; font-style: normal; font-weight: 400; background-color: #ffffff;\" src=\"https:\/\/sc04.alicdn.com\/kf\/H95f45f9aa4f24362b436281368e170c8H\/200440271\/H95f45f9aa4f24362b436281368e170c8H.jpg\" alt=\"1M Club Lighting Vertical 3D RGB 360 Led Tube Lights\"><\/span><\/p>\n<p style=\"margin: 0px; padding: 0px; color: #000000; font-family: Arial; font-size: 12px; font-style: normal; font-weight: 400;\" align=\"left\"><span style=\"line-height: 18px; font-family: arial, helvetica, sans-serif;\"><img decoding=\"async\" style=\"vertical-align: middle;\" src=\"https:\/\/sc01.alicdn.com\/kf\/H6bbbb245da3744c19214b14c554ce3e0Y\/200440271\/H6bbbb245da3744c19214b14c554ce3e0Y.png\" alt=\"1M Club Lighting Vertical 3D RGB 360 Led Tube Lights\" width=\"750\"><img fetchpriority=\"high\" decoding=\"async\" class=\"alignnone wp-image-924\" src=\"https:\/\/clfled.com\/wp-content\/uploads\/2022\/11\/%E5%BE%AE%E4%BF%A1%E5%9B%BE%E7%89%87_20221114221317-280x300.jpg\" alt=\"\" width=\"750\" height=\"804\"> <img decoding=\"async\" class=\"alignnone wp-image-925\" src=\"https:\/\/clfled.com\/wp-content\/uploads\/2022\/11\/%E5%BE%AE%E4%BF%A1%E5%9B%BE%E7%89%87_20221114221354-300x169.jpg\" alt=\"\" width=\"751\" height=\"423\"> <img decoding=\"async\" class=\"alignnone wp-image-926\" src=\"https:\/\/clfled.com\/wp-content\/uploads\/2022\/11\/%E5%BE%AE%E4%BF%A1%E5%9B%BE%E7%89%87_20221114221400-300x225.jpg\" alt=\"\" width=\"747\" height=\"560\"> <img loading=\"lazy\" decoding=\"async\" class=\"alignnone wp-image-927\" src=\"https:\/\/clfled.com\/wp-content\/uploads\/2022\/11\/%E5%BE%AE%E4%BF%A1%E5%9B%BE%E7%89%87_20221114221406-300x225.jpg\" alt=\"\" width=\"747\" height=\"560\"><\/span><\/p>\n<p style=\"margin: 0px; padding: 0px; color: #000000; font-family: Arial; font-size: 12px; font-style: normal; font-weight: 400;\">\n","protected":false},"excerpt":{"rendered":"<p>1. Mode de commande \u00e0 signal unique, fonctionnement simple ;<br \/>\n2. Mat\u00e9riau PC, bel effet, forte r\u00e9sistance \u00e0 la pression ;<br \/>\n3. 256 niveaux de changement de gris ;<br \/>\n4. \u00c9mission de lumi\u00e8re \u00e0 360 degr\u00e9s sans zones sombres ;<br \/>\n5. Transmission en s\u00e9rie, signal stable ;<br \/>\n6. Avec fonction de retour du signal ;<br \/>\n7. Combin\u00e9 avec notre contr\u00f4leur Artnet, l&#8217;op\u00e9ration est plus pratique.<\/p>\n","protected":false},"featured_media":1553,"comment_status":"open","ping_status":"closed","template":"","meta":[],"product_cat":[145],"product_tag":[],"class_list":["post-4562","product","type-product","status-publish","has-post-thumbnail","hentry","product_cat-tube-led-360-pixels"],"yoast_head":"<!-- This site is optimized with the Yoast SEO Premium plugin v21.0 (Yoast SEO v21.0) - https:\/\/yoast.com\/wordpress\/plugins\/seo\/ -->\n<title>1M Club Lighting Vertical 3D RGB 360 Led Tube Lights - Clfled<\/title>\n<meta name=\"robots\" content=\"index, follow, max-snippet:-1, max-image-preview:large, max-video-preview:-1\" \/>\n<link rel=\"canonical\" href=\"https:\/\/clfled.com\/fr\/produit\/1m-club-lighting-vertical-3d-rgb-360-led-tube-lights-2\/\" \/>\n<meta property=\"og:locale\" content=\"fr_FR\" \/>\n<meta property=\"og:type\" content=\"article\" \/>\n<meta property=\"og:title\" content=\"1M Club Lighting Vertical 3D RGB 360 Led Tube Lights\" \/>\n<meta property=\"og:description\" content=\"1. Mode de commande \u00e0 signal unique, fonctionnement simple ; 2. Mat\u00e9riau PC, bel effet, forte r\u00e9sistance \u00e0 la pression ; 3. 256 niveaux de changement de gris ; 4. \u00c9mission de lumi\u00e8re \u00e0 360 degr\u00e9s sans zones sombres ; 5. Transmission en s\u00e9rie, signal stable ; 6. Avec fonction de retour du signal ; 7. Combin\u00e9 avec notre contr\u00f4leur Artnet, l&#039;op\u00e9ration est plus pratique.\" \/>\n<meta property=\"og:url\" content=\"https:\/\/clfled.com\/fr\/produit\/1m-club-lighting-vertical-3d-rgb-360-led-tube-lights-2\/\" \/>\n<meta property=\"og:site_name\" content=\"Clfled\" \/>\n<meta property=\"article:modified_time\" content=\"2022-11-28T08:43:31+00:00\" \/>\n<meta property=\"og:image\" content=\"https:\/\/clfled.com\/wp-content\/uploads\/2022\/11\/H9fb8c0ac2a644cc6b0bb92f30f29f7f1u.jpg\" \/>\n\t<meta property=\"og:image:width\" content=\"750\" \/>\n\t<meta property=\"og:image:height\" content=\"750\" \/>\n\t<meta property=\"og:image:type\" content=\"image\/jpeg\" \/>\n<meta name=\"twitter:card\" content=\"summary_large_image\" \/>\n<meta name=\"twitter:label1\" content=\"Dur\u00e9e de lecture estim\u00e9e\" \/>\n\t<meta name=\"twitter:data1\" content=\"1 minute\" \/>\n<script type=\"application\/ld+json\" class=\"yoast-schema-graph\">{\"@context\":\"https:\/\/schema.org\",\"@graph\":[{\"@type\":\"WebPage\",\"@id\":\"https:\/\/clfled.com\/fr\/produit\/1m-club-lighting-vertical-3d-rgb-360-led-tube-lights-2\/\",\"url\":\"https:\/\/clfled.com\/fr\/produit\/1m-club-lighting-vertical-3d-rgb-360-led-tube-lights-2\/\",\"name\":\"1M Club Lighting Vertical 3D RGB 360 Led Tube Lights - Clfled\",\"isPartOf\":{\"@id\":\"https:\/\/clfled.com\/fr\/#website\"},\"datePublished\":\"2022-11-05T05:45:11+00:00\",\"dateModified\":\"2022-11-28T08:43:31+00:00\",\"breadcrumb\":{\"@id\":\"https:\/\/clfled.com\/fr\/produit\/1m-club-lighting-vertical-3d-rgb-360-led-tube-lights-2\/#breadcrumb\"},\"inLanguage\":\"fr-FR\",\"potentialAction\":[{\"@type\":\"ReadAction\",\"target\":[\"https:\/\/clfled.com\/fr\/produit\/1m-club-lighting-vertical-3d-rgb-360-led-tube-lights-2\/\"]}]},{\"@type\":\"BreadcrumbList\",\"@id\":\"https:\/\/clfled.com\/fr\/produit\/1m-club-lighting-vertical-3d-rgb-360-led-tube-lights-2\/#breadcrumb\",\"itemListElement\":[{\"@type\":\"ListItem\",\"position\":1,\"name\":\"HOME\",\"item\":\"https:\/\/clfled.com\/fr\/\"},{\"@type\":\"ListItem\",\"position\":2,\"name\":\"Boutique\",\"item\":\"https:\/\/clfled.com\/fr\/boutique\/\"},{\"@type\":\"ListItem\",\"position\":3,\"name\":\"1M Club Lighting Vertical 3D RGB 360 Led Tube Lights\"}]},{\"@type\":\"WebSite\",\"@id\":\"https:\/\/clfled.com\/fr\/#website\",\"url\":\"https:\/\/clfled.com\/fr\/\",\"name\":\"Clfled\",\"description\":\"clfled.com\",\"potentialAction\":[{\"@type\":\"SearchAction\",\"target\":{\"@type\":\"EntryPoint\",\"urlTemplate\":\"https:\/\/clfled.com\/fr\/?s={search_term_string}\"},\"query-input\":\"required name=search_term_string\"}],\"inLanguage\":\"fr-FR\"}]}<\/script>\n<!-- \/ Yoast SEO Premium plugin. -->","yoast_head_json":{"title":"1M Club Lighting Vertical 3D RGB 360 Led Tube Lights - Clfled","robots":{"index":"index","follow":"follow","max-snippet":"max-snippet:-1","max-image-preview":"max-image-preview:large","max-video-preview":"max-video-preview:-1"},"canonical":"https:\/\/clfled.com\/fr\/produit\/1m-club-lighting-vertical-3d-rgb-360-led-tube-lights-2\/","og_locale":"fr_FR","og_type":"article","og_title":"1M Club Lighting Vertical 3D RGB 360 Led Tube Lights","og_description":"1. Mode de commande \u00e0 signal unique, fonctionnement simple ; 2. Mat\u00e9riau PC, bel effet, forte r\u00e9sistance \u00e0 la pression ; 3. 256 niveaux de changement de gris ; 4. \u00c9mission de lumi\u00e8re \u00e0 360 degr\u00e9s sans zones sombres ; 5. Transmission en s\u00e9rie, signal stable ; 6. Avec fonction de retour du signal ; 7. Combin\u00e9 avec notre contr\u00f4leur Artnet, l'op\u00e9ration est plus pratique.","og_url":"https:\/\/clfled.com\/fr\/produit\/1m-club-lighting-vertical-3d-rgb-360-led-tube-lights-2\/","og_site_name":"Clfled","article_modified_time":"2022-11-28T08:43:31+00:00","og_image":[{"width":750,"height":750,"url":"https:\/\/clfled.com\/wp-content\/uploads\/2022\/11\/H9fb8c0ac2a644cc6b0bb92f30f29f7f1u.jpg","type":"image\/jpeg"}],"twitter_card":"summary_large_image","twitter_misc":{"Dur\u00e9e de lecture estim\u00e9e":"1 minute"},"schema":{"@context":"https:\/\/schema.org","@graph":[{"@type":"WebPage","@id":"https:\/\/clfled.com\/fr\/produit\/1m-club-lighting-vertical-3d-rgb-360-led-tube-lights-2\/","url":"https:\/\/clfled.com\/fr\/produit\/1m-club-lighting-vertical-3d-rgb-360-led-tube-lights-2\/","name":"1M Club Lighting Vertical 3D RGB 360 Led Tube Lights - Clfled","isPartOf":{"@id":"https:\/\/clfled.com\/fr\/#website"},"datePublished":"2022-11-05T05:45:11+00:00","dateModified":"2022-11-28T08:43:31+00:00","breadcrumb":{"@id":"https:\/\/clfled.com\/fr\/produit\/1m-club-lighting-vertical-3d-rgb-360-led-tube-lights-2\/#breadcrumb"},"inLanguage":"fr-FR","potentialAction":[{"@type":"ReadAction","target":["https:\/\/clfled.com\/fr\/produit\/1m-club-lighting-vertical-3d-rgb-360-led-tube-lights-2\/"]}]},{"@type":"BreadcrumbList","@id":"https:\/\/clfled.com\/fr\/produit\/1m-club-lighting-vertical-3d-rgb-360-led-tube-lights-2\/#breadcrumb","itemListElement":[{"@type":"ListItem","position":1,"name":"HOME","item":"https:\/\/clfled.com\/fr\/"},{"@type":"ListItem","position":2,"name":"Boutique","item":"https:\/\/clfled.com\/fr\/boutique\/"},{"@type":"ListItem","position":3,"name":"1M Club Lighting Vertical 3D RGB 360 Led Tube Lights"}]},{"@type":"WebSite","@id":"https:\/\/clfled.com\/fr\/#website","url":"https:\/\/clfled.com\/fr\/","name":"Clfled","description":"clfled.com","potentialAction":[{"@type":"SearchAction","target":{"@type":"EntryPoint","urlTemplate":"https:\/\/clfled.com\/fr\/?s={search_term_string}"},"query-input":"required name=search_term_string"}],"inLanguage":"fr-FR"}]}},"_links":{"self":[{"href":"https:\/\/clfled.com\/fr\/wp-json\/wp\/v2\/product\/4562","targetHints":{"allow":["GET"]}}],"collection":[{"href":"https:\/\/clfled.com\/fr\/wp-json\/wp\/v2\/product"}],"about":[{"href":"https:\/\/clfled.com\/fr\/wp-json\/wp\/v2\/types\/product"}],"replies":[{"embeddable":true,"href":"https:\/\/clfled.com\/fr\/wp-json\/wp\/v2\/comments?post=4562"}],"version-history":[{"count":2,"href":"https:\/\/clfled.com\/fr\/wp-json\/wp\/v2\/product\/4562\/revisions"}],"predecessor-version":[{"id":4568,"href":"https:\/\/clfled.com\/fr\/wp-json\/wp\/v2\/product\/4562\/revisions\/4568"}],"wp:featuredmedia":[{"embeddable":true,"href":"https:\/\/clfled.com\/fr\/wp-json\/wp\/v2\/media\/1553"}],"wp:attachment":[{"href":"https:\/\/clfled.com\/fr\/wp-json\/wp\/v2\/media?parent=4562"}],"wp:term":[{"taxonomy":"product_cat","embeddable":true,"href":"https:\/\/clfled.com\/fr\/wp-json\/wp\/v2\/product_cat?post=4562"},{"taxonomy":"product_tag","embeddable":true,"href":"https:\/\/clfled.com\/fr\/wp-json\/wp\/v2\/product_tag?post=4562"}],"curies":[{"name":"wp","href":"https:\/\/api.w.org\/{rel}","templated":true}]}}