{"id":4513,"date":"2022-11-04T17:23:51","date_gmt":"2022-11-04T09:23:51","guid":{"rendered":"https:\/\/clfled.com\/product\/carte-sd-256mb-2g-k8000-led-dimmer-81024-pixels\/"},"modified":"2022-11-04T17:23:51","modified_gmt":"2022-11-04T09:23:51","slug":"256mb-2g-sd-card-k8000-led-dimmer-81024-pixels-2","status":"publish","type":"product","link":"https:\/\/clfled.com\/fr\/produit\/256mb-2g-sd-card-k8000-led-dimmer-81024-pixels-2\/","title":{"rendered":"Carte SD 256MB 2G K8000 LED Dimmer 8*1024 pixels"},"content":{"rendered":"<p style=\"text-align: center\"><strong><span style=\"font-size: 24px\">Carte SD 256MB 2G K8000 LED Dimmer 8*1024 pixels<\/span><\/strong><\/p>\n<p>&nbsp;<\/p>\n<p><span style=\"line-height: 36px;font-size: 24px\"><strong><span style=\"line-height: normal;font-family: serif\">Descriptions<\/span><\/strong><\/span><\/p>\n<p><span style=\"font-size: 16px\">Ce contr\u00f4leur K-8000D est destin\u00e9 aux produits num\u00e9riques \u00e0 base de bandes ou de pixels LED contr\u00f4l\u00e9s par IC. Contr\u00f4leur de type carte SD. SPI \/ TTL \/ DMX contr\u00f4leur de LED programmable en ligne, vous pouvez programmer par vous-m\u00eame pour obtenir des effets LED personnalis\u00e9s, ruban LED, tubes LED Metero et modules LED, le logiciel est gratuit si vous achetez le contr\u00f4leur. Largement utilis\u00e9 pour contr\u00f4ler les bandes de LED programmables, comme la s\u00e9rie <span style=\"line-height: 24px;color: #000000;font-family: Verdana, Arial, Helvetica, sans-serif;font-style: normal;font-weight: 400;text-align: left;background-color: #ffffff\"><br \/>\n  <span style=\"line-height: 24px\">DMX512, WS2811\/2812, TM18 <\/span><br \/>\n<\/span><span style=\"line-height: 24px;color: #000000;font-family: Verdana, Arial, Helvetica, sans-serif;font-style: normal;font-weight: 400;text-align: left;background-color: #ffffff\">UCS512, UCS19<\/span>, etc. ; affichage LED pour montrer l&#8217;animation.  <\/span><\/p>\n<table style=\"color: #000000;font-family: Arial;font-size: 12px;font-style: normal;font-weight: 400;background-color: #ffffff;border-collapse: collapse;width: 746px;border: 1px solid #cccccc\" border=\"1\">\n<tbody>\n<tr style=\"height: 15px\">\n<td style=\"font-family: Verdana, Arial, Helvetica, sans-serif;font-size: 12px;color: #000000;margin: 8px;border: 1px solid #cccccc;width: 297px;height: 15px;text-align: left\"><span style=\"line-height: 24px;font-size: 16px;color: #000000\">Nom du produit<\/span><\/td>\n<td style=\"font-family: Verdana, Arial, Helvetica, sans-serif;font-size: 12px;color: #000000;margin: 8px;border: 1px solid #cccccc;width: 446px;height: 15px;text-align: left\"><span style=\"line-height: 24px;font-size: 16px;color: #000000\">Contr\u00f4leur de LED K8000D<\/span><\/td>\n<\/tr>\n<tr style=\"height: 15px\">\n<td style=\"font-family: Verdana, Arial, Helvetica, sans-serif;font-size: 12px;color: #000000;margin: 8px;border: 1px solid #cccccc;width: 297px;height: 15px;text-align: left\"><span style=\"line-height: 24px;font-size: 16px;color: #000000\">Tension d&#8217;entr\u00e9e<\/span><\/td>\n<td style=\"font-family: Verdana, Arial, Helvetica, sans-serif;font-size: 12px;color: #000000;margin: 8px;border: 1px solid #cccccc;width: 446px;height: 15px;text-align: left\"><span style=\"line-height: 24px;font-size: 16px;color: #000000\">DC5V<\/span><\/td>\n<\/tr>\n<tr style=\"height: 15px;text-align: left\">\n<td style=\"font-family: Verdana, Arial, Helvetica, sans-serif;font-size: 12px;color: #000000;margin: 8px;border: 1px solid #cccccc;width: 297px;height: 15px;text-align: left\"><span style=\"line-height: 24px;font-size: 16px;color: #000000\">Puissance maximale<\/span><\/td>\n<td style=\"font-family: Verdana, Arial, Helvetica, sans-serif;font-size: 12px;color: #000000;margin: 8px;border: 1px solid #cccccc;width: 446px;height: 15px\"><span style=\"line-height: 24px;font-size: 16px;color: #000000\">3W<\/span><\/td>\n<\/tr>\n<tr style=\"height: 15px;text-align: left\">\n<td style=\"font-family: Verdana, Arial, Helvetica, sans-serif;font-size: 12px;color: #000000;margin: 8px;border: 1px solid #cccccc;width: 297px;height: 15px\"><span style=\"font-size: 16px\">Temp\u00e9rature de travail<\/span><\/td>\n<td style=\"font-family: Verdana, Arial, Helvetica, sans-serif;font-size: 12px;color: #000000;margin: 8px;border: 1px solid #cccccc;width: 446px;height: 15px\"><span style=\"font-size: 16px\">-30~85\u00b0C<\/span><\/td>\n<\/tr>\n<tr style=\"height: 15px;text-align: left\">\n<td style=\"font-family: Verdana, Arial, Helvetica, sans-serif;font-size: 12px;color: #000000;margin: 8px;border: 1px solid #cccccc;width: 297px;height: 15px\"><span style=\"font-size: 16px;color: #000000\">Pixel de contr\u00f4le<\/span><\/td>\n<td style=\"font-family: Verdana, Arial, Helvetica, sans-serif;font-size: 12px;color: #000000;margin: 8px;border: 1px solid #cccccc;width: 446px;height: 15px\"><span style=\"font-size: 16px;color: #000000\">8192 pixels<\/span><\/td>\n<\/tr>\n<tr style=\"height: 15px;text-align: left\">\n<td style=\"font-family: Verdana, Arial, Helvetica, sans-serif;font-size: 12px;color: #000000;margin: 8px;border: 1px solid #cccccc;width: 297px;height: 15px\"><span style=\"font-size: 16px;color: #000000\">GW<\/span><\/td>\n<td style=\"font-family: Verdana, Arial, Helvetica, sans-serif;font-size: 12px;color: #000000;margin: 8px;border: 1px solid #cccccc;width: 446px;height: 15px\"><span style=\"font-size: 16px;color: #000000\">0.8KG<\/span><\/td>\n<\/tr>\n<tr style=\"height: 8px;text-align: left\">\n<td style=\"font-family: Verdana, Arial, Helvetica, sans-serif;font-size: 12px;color: #000000;margin: 8px;border: 1px solid #cccccc;width: 297px;height: 8px\"><span style=\"font-size: 16px\">Taille<\/span><\/td>\n<td style=\"font-family: Verdana, Arial, Helvetica, sans-serif;font-size: 12px;color: #000000;margin: 8px;border: 1px solid #cccccc;width: 446px;height: 8px\"><span style=\"font-size: 16px\">180\u00d7120\u00d730mm(L*W*H)<\/span><\/td>\n<\/tr>\n<tr style=\"height: 15px;text-align: left\">\n<td style=\"font-family: Verdana, Arial, Helvetica, sans-serif;font-size: 12px;color: #000000;margin: 8px;border: 1px solid #cccccc;width: 297px;height: 15px\"><span style=\"font-size: 16px\">Format<\/span><\/td>\n<td style=\"font-family: Verdana, Arial, Helvetica, sans-serif;font-size: 12px;color: #000000;margin: 8px;border: 1px solid #cccccc;width: 446px;height: 15px\"><span style=\"font-size: 16px;color: #000000\">GRAS<\/span><\/td>\n<\/tr>\n<tr style=\"height: 18px;text-align: left\">\n<td style=\"font-family: Verdana, Arial, Helvetica, sans-serif;font-size: 12px;color: #000000;margin: 8px;border: 1px solid #cccccc;width: 297px;height: 18px\"><span style=\"line-height: 24px;font-size: 16px;color: #000000\">Interface de stockage<\/span><\/td>\n<td style=\"font-family: Verdana, Arial, Helvetica, sans-serif;font-size: 12px;color: #000000;margin: 8px;border: 1px solid #cccccc;width: 446px;height: 18px\"><span style=\"line-height: 18px;color: #000000;font-size: 16px\">Carte SD<\/span><\/td>\n<\/tr>\n<tr style=\"height: 18px;text-align: left\">\n<td style=\"font-family: Verdana, Arial, Helvetica, sans-serif;font-size: 12px;color: #000000;margin: 8px;border: 1px solid #cccccc;width: 297px;height: 18px\"><span style=\"color: #000000;font-family: Verdana, Arial, Helvetica, sans-serif;font-size: medium;font-style: normal;font-weight: 400;background-color: #ffffff;float: none\">Capacit\u00e9  <\/span><\/td>\n<td style=\"font-family: Verdana, Arial, Helvetica, sans-serif;font-size: 12px;color: #000000;margin: 8px;border: 1px solid #cccccc;width: 446px;height: 18px\"><span style=\"font-size: 16px;color: #000000\">128MB~2G<\/span><\/td>\n<\/tr>\n<tr style=\"height: 18px\">\n<td style=\"font-family: Verdana, Arial, Helvetica, sans-serif;font-size: 12px;color: #000000;margin: 8px;border: 1px solid #cccccc;width: 297px;height: 18px;text-align: left\"><span style=\"font-size: 16px\">Support Chip<\/span><\/td>\n<td style=\"font-family: Verdana, Arial, Helvetica, sans-serif;margin: 8px;border: 1px solid #cccccc;width: 446px;height: 18px;text-align: left\"><span style=\"font-size: medium\"><br \/>\n  <span style=\"font-size: medium\">DMX512, WS2811\/2812, TM18 <\/span><br \/>\n<\/span><span style=\"font-size: 16px\">s\u00e9rie, UCS512, UCS19<\/span><\/td>\n<\/tr>\n<\/tbody>\n<\/table>\n<p><span style=\"background-color: #99cc00\"><strong><span style=\"font-size: 24px\">  Sortie de signal (signal 485)<\/span><\/strong><\/span><\/p>\n<table style=\"border-collapse: collapse;background-color: #ffffff;width: 745px;border: 1px solid #cccccc\" border=\"1\">\n<tbody>\n<tr>\n<td style=\"border: 1px solid #cccccc;width: 198px;text-align: center\"><span style=\"font-size: 16px\"><strong>A<\/strong><\/span><\/td>\n<td style=\"border: 1px solid #cccccc;width: 201px;text-align: center\"><span style=\"font-size: 16px\">Signal +<\/span><\/td>\n<td style=\"border: 1px solid #cccccc;width: 167px;text-align: center\"><span style=\"font-size: 16px\"><strong>GND<\/strong><\/span><\/td>\n<td style=\"border: 1px solid #cccccc;width: 179px;text-align: center\"><span style=\"font-size: 16px\">Ligne de terre<\/span><\/td>\n<\/tr>\n<tr>\n<td style=\"border: 1px solid #cccccc;width: 198px;text-align: center\"><span style=\"font-size: 16px\"><strong>B<\/strong><\/span><\/td>\n<td style=\"border: 1px solid #cccccc;width: 201px;text-align: center\"><span style=\"font-size: 16px\">Signal &#8211;<\/span><\/td>\n<td style=\"border: 1px solid #cccccc;width: 167px;text-align: center\"><span style=\"font-size: 16px\"><strong>ADD<\/strong><\/span><\/td>\n<td style=\"border: 1px solid #cccccc;width: 179px;text-align: center\"><span style=\"font-size: 16px\">Ligne de codage<\/span><\/td>\n<\/tr>\n<\/tbody>\n<\/table>\n<p><span style=\"font-size: 24px\"><strong>Caract\u00e9ristiques<\/strong><\/span><\/p>\n<p style=\"margin-bottom: 7.8000pt\"><span style=\"font-size: 16px\"><span style=\"color: #000000\">1. Le contr\u00f4leur lui-m\u00eame<\/span> est livr\u00e9 avec la fonction de code rite<\/span><\/p>\n<p style=\"margin-bottom: 7.8000pt\"><span style=\"font-size: 16px\">2. Le K-8000D est livr\u00e9 avec trente types de programmes d&#8217;effets.<\/span><\/p>\n<p style=\"margin-bottom: 7.8000pt\"><span style=\"font-size: 16px\">3. Contr\u00f4le du sac gris de 32 \u00e0 65536 niveaux, correction Gamma<\/span><\/p>\n<p style=\"margin-bottom: 7.8000pt\"><span style=\"font-size: 16px\">4. Le contr\u00f4leur poss\u00e8de huit ports de sortie, chaque port pouvant supporter 512 pixels.<\/span><\/p>\n<p style=\"margin-bottom: 7.8000pt\"><span style=\"font-size: 16px\">5. Prend en charge des types de sources lumineuses ponctuelles, lin\u00e9aires et surfaciques, ainsi que des types de r\u00e8gles et de poign\u00e9es.<\/span><\/p>\n<p style=\"margin-bottom: 7.8000pt\"><span style=\"font-size: 16px\"><span style=\"color: #000000\">6. Le site <\/span><span style=\"color: #000000\">K-8000D<\/span><span style=\"color: #000000\"> controlelr<\/span><span style=\"color: #000000\"> peut \u00eatre crypt\u00e9, la m\u00e9thode de cryptage est bas\u00e9e sur <\/span><span style=\"color: #000000\">les temps de basculement<\/span><\/span><\/p>\n<p style=\"margin-bottom: 7.8000pt\"><span style=\"color: #000000;font-size: 16px\">7. Le contr\u00f4leur peut \u00eatre utilis\u00e9 seul ou en cascade, la distance en cascade peut atteindre 200 m. Le contenu de la lecture est stock\u00e9 sur la carte SD.<\/span><\/p>\n<p style=\"margin-bottom: 7.8000pt\"><span style=\"font-size: 16px\"><strong><br \/>\n  <span style=\"font-weight: bold\">Note : Le K-8000D peut ajouter la synchronisation GPS globale sans fil, les diviseurs de voies de la console et le jeu de chronom\u00e9trage, veuillez contacter le personnel de vente ou le support technique.<\/span><br \/>\n<\/strong><strong><br \/>\n  <span style=\"font-weight: bold\"> <\/span><br \/>\n<\/strong><strong><br \/>\n  <span style=\"font-weight: bold\">si n\u00e9cessaire<\/span><br \/>\n<\/strong><\/span><\/p>\n<p>&nbsp;<\/p>\n<p style=\"margin: 0px;padding: 0px;font-size: 12px;font-style: normal;font-weight: normal;border: 0px;line-height: 15.6px;font-family: Arial,Helvetica;vertical-align: baseline;color: #333333;text-align: left\"><strong><span style=\"font-size: 24px\"><span style=\"background-color: #99cc00\">C\u00e2blage<\/span> <\/span><\/strong><\/p>\n<p><span style=\"font-size: 16px\"> <img fetchpriority=\"high\" decoding=\"async\" src=\"\/\/sc01.alicdn.com\/kf\/HTB1BzHTgNnaK1RjSZFB763W7VXab\/200440271\/HTB1BzHTgNnaK1RjSZFB763W7VXab.png\" width=\"750\" height=\"612\"><\/span><\/p>\n<p style=\"margin: 0px;padding: 0px;font-size: 12px;font-style: normal;font-weight: normal;border: 0px;line-height: 15.6px;font-family: Arial,Helvetica;vertical-align: baseline;color: #333333;text-align: left\"><strong> <span style=\"font-size: 24px;background-color: #99cc00\">Op\u00e9ration<\/span><\/strong><\/p>\n<table style=\"border-collapse: collapse;background-color: #ffffff;width: 745px;border: 1px solid #cccccc\" border=\"1\">\n<tbody>\n<tr>\n<td style=\"border: 1px solid #cccccc;width: 183px\"><img decoding=\"async\" src=\"\/\/sc01.alicdn.com\/kf\/HTB1Rcg3XfLsK1Rjy0Fb760SEXXas\/200440271\/HTB1Rcg3XfLsK1Rjy0Fb760SEXXas.png\" width=\"184\" height=\"146\"><\/td>\n<td style=\"border: 1px solid #cccccc;width: 189px\"><img decoding=\"async\" src=\"\/\/sc01.alicdn.com\/kf\/HTB1gCk4XoLrK1Rjy1zb763enFXak\/200440271\/HTB1gCk4XoLrK1Rjy1zb763enFXak.png\" width=\"184\" height=\"147\"><\/td>\n<td style=\"border: 1px solid #cccccc;width: 193px\"><img loading=\"lazy\" decoding=\"async\" src=\"\/\/sc01.alicdn.com\/kf\/HTB16ao6XjzuK1RjSspp760z0XXaY\/200440271\/HTB16ao6XjzuK1RjSspp760z0XXaY.png\" width=\"184\" height=\"139\"><\/td>\n<td style=\"border: 1px solid #cccccc;width: 172px\"><img loading=\"lazy\" decoding=\"async\" src=\"\/\/sc01.alicdn.com\/kf\/HTB1vmA4XffsK1RjSszb763qBXXaT\/200440271\/HTB1vmA4XffsK1RjSszb763qBXXaT.png\" width=\"184\" height=\"160\"><\/td>\n<\/tr>\n<\/tbody>\n<\/table>\n<p style=\"margin: 0px;padding: 0px;font-size: 12px;font-style: normal;font-weight: normal;border: 0px;line-height: 15.6px;font-family: Arial,Helvetica;vertical-align: baseline;color: #333333;text-align: left\"><span style=\"font-weight: normal;font-size: 12.0000pt\">1.<\/span><span style=\"font-weight: normal;font-size: 12.0000pt\"> <\/span><span style=\"font-weight: normal;font-size: 12.0000pt\">C\u00e2bler comme le sch\u00e9ma ci-dessus et d\u00e9marrer le contr\u00f4leur, appuyer sur<\/span><span style=\"font-weight: normal;font-size: 12.0000pt\">&#8220;<\/span><span style=\"font-weight: normal;font-size: 12.0000pt\">CHIP<\/span><span style=\"font-weight: normal;font-size: 12.0000pt\">&#8220;<\/span><span style=\"font-weight: normal;font-size: 12.0000pt\"> pour changer les puces, ajuster \u00e0 l&#8217;\u00e9tat de codage 04-06 (si les lumi\u00e8res ont cod\u00e9 bien peut sauter l&#8217;\u00e9tape 1-3)<\/span><\/p>\n<p><span style=\"font-weight: normal;font-size: 12.0000pt\">Appuyez sur la vitesse + et la vitesse &#8211; pour d\u00e9finir le canal de l&#8217;\u00e9cart d&#8217;adresse, comme la source lumineuse ponctuelle est RGB trois canaux (l&#8217;intervalle par d\u00e9faut) <\/span><span style=\"font-weight: normal;font-size: 12.0000pt\">sont <\/span><span style=\"font-weight: normal;font-size: 12.0000pt\">trois canaux)<\/span><span style=\"font-weight: normal;font-size: 12.0000pt\">la ligne de six sections est de 18 canaux<\/span><\/p>\n<p><span style=\"font-weight: normal;font-size: 12.0000pt\">3.<\/span><span style=\"font-weight: normal;font-size: 12.0000pt\"> Appuyez sur &#8220;<\/span><span style=\"font-size: 12.0000pt\">MODE &#8220;<\/span><span style=\"font-size: 12.0000pt\"> sratr au codage, \u00e0 ce moment, l&#8217;\u00e9cran num\u00e9rique de MODE affiche &#8220;Writing Addr&#8230;&#8221;. Le codage est en cours, et lorsqu&#8217;il est termin\u00e9, l&#8217;\u00e9cran LCD affiche &#8220;Writing OK&#8221;.<\/span><\/p>\n<p><span style=\"font-weight: normal;font-size: 12.0000pt\">4. <\/span><span style=\"font-weight: normal;font-size: 12.0000pt\">Apr\u00e8s le codage, remettez la lampe sous tension, appuyez sur <\/span><span style=\"font-weight: normal;font-size: 12.0000pt\">&#8220;<\/span><span style=\"font-weight: normal;font-size: 12.0000pt\">CHIP<\/span><span style=\"font-weight: normal;font-size: 12.0000pt\">&#8220;<\/span><span style=\"font-weight: normal;font-size: 12.0000pt\">  et changer \u00e0 0, ce serait le mode de jeu de l&#8217;accord standard international DMX512(1990). \u00c0 ce moment-l\u00e0, appuyez sur les boutons MODE et SPEED pour changer de mode de lecture et r\u00e9gler la vitesse respectivement.<\/span><\/p>\n<p>&nbsp;<\/p>\n<p style=\"margin: 0px;padding: 0px;font-size: 12px;font-style: normal;font-weight: normal;border: 0px;line-height: 18px;font-family: Arial, Helvetica;vertical-align: baseline;color: #333333\">\n","protected":false},"excerpt":{"rendered":"<p>Carte SD 256MB 2G K8000 LED Dimmer 8*1024 pixels &nbsp; Descriptions Ce contr\u00f4leur K-8000D est destin\u00e9 aux produits num\u00e9riques \u00e0<\/p>\n","protected":false},"featured_media":1333,"comment_status":"open","ping_status":"closed","template":"","meta":[],"product_cat":[159],"product_tag":[],"class_list":["post-4513","product","type-product","status-publish","has-post-thumbnail","hentry","product_cat-controleur-de-led"],"yoast_head":"<!-- This site is optimized with the Yoast SEO Premium plugin v21.0 (Yoast SEO v21.0) - https:\/\/yoast.com\/wordpress\/plugins\/seo\/ -->\n<title>Carte SD 256MB 2G K8000 LED Dimmer 8*1024 pixels - Clfled<\/title>\n<meta name=\"robots\" content=\"index, follow, max-snippet:-1, max-image-preview:large, max-video-preview:-1\" \/>\n<link rel=\"canonical\" href=\"https:\/\/clfled.com\/fr\/produit\/256mb-2g-sd-card-k8000-led-dimmer-81024-pixels-2\/\" \/>\n<meta property=\"og:locale\" content=\"fr_FR\" \/>\n<meta property=\"og:type\" content=\"article\" \/>\n<meta property=\"og:title\" content=\"Carte SD 256MB 2G K8000 LED Dimmer 8*1024 pixels\" \/>\n<meta property=\"og:description\" content=\"Carte SD 256MB 2G K8000 LED Dimmer 8*1024 pixels &nbsp; Descriptions Ce contr\u00f4leur K-8000D est destin\u00e9 aux produits num\u00e9riques \u00e0\" \/>\n<meta property=\"og:url\" content=\"https:\/\/clfled.com\/fr\/produit\/256mb-2g-sd-card-k8000-led-dimmer-81024-pixels-2\/\" \/>\n<meta property=\"og:site_name\" content=\"Clfled\" \/>\n<meta property=\"og:image\" content=\"https:\/\/clfled.com\/wp-content\/uploads\/2022\/11\/HTB1_V1PXODxK1RjSsphq6zHrpXaG.jpg\" \/>\n\t<meta property=\"og:image:width\" content=\"800\" \/>\n\t<meta property=\"og:image:height\" content=\"800\" \/>\n\t<meta property=\"og:image:type\" content=\"image\/jpeg\" \/>\n<meta name=\"twitter:card\" content=\"summary_large_image\" \/>\n<meta name=\"twitter:label1\" content=\"Dur\u00e9e de lecture estim\u00e9e\" \/>\n\t<meta name=\"twitter:data1\" content=\"2 minutes\" \/>\n<script type=\"application\/ld+json\" class=\"yoast-schema-graph\">{\"@context\":\"https:\/\/schema.org\",\"@graph\":[{\"@type\":\"WebPage\",\"@id\":\"https:\/\/clfled.com\/fr\/produit\/256mb-2g-sd-card-k8000-led-dimmer-81024-pixels-2\/\",\"url\":\"https:\/\/clfled.com\/fr\/produit\/256mb-2g-sd-card-k8000-led-dimmer-81024-pixels-2\/\",\"name\":\"Carte SD 256MB 2G K8000 LED Dimmer 8*1024 pixels - Clfled\",\"isPartOf\":{\"@id\":\"https:\/\/clfled.com\/fr\/#website\"},\"datePublished\":\"2022-11-04T09:23:51+00:00\",\"dateModified\":\"2022-11-04T09:23:51+00:00\",\"breadcrumb\":{\"@id\":\"https:\/\/clfled.com\/fr\/produit\/256mb-2g-sd-card-k8000-led-dimmer-81024-pixels-2\/#breadcrumb\"},\"inLanguage\":\"fr-FR\",\"potentialAction\":[{\"@type\":\"ReadAction\",\"target\":[\"https:\/\/clfled.com\/fr\/produit\/256mb-2g-sd-card-k8000-led-dimmer-81024-pixels-2\/\"]}]},{\"@type\":\"BreadcrumbList\",\"@id\":\"https:\/\/clfled.com\/fr\/produit\/256mb-2g-sd-card-k8000-led-dimmer-81024-pixels-2\/#breadcrumb\",\"itemListElement\":[{\"@type\":\"ListItem\",\"position\":1,\"name\":\"HOME\",\"item\":\"https:\/\/clfled.com\/fr\/\"},{\"@type\":\"ListItem\",\"position\":2,\"name\":\"Boutique\",\"item\":\"https:\/\/clfled.com\/fr\/boutique\/\"},{\"@type\":\"ListItem\",\"position\":3,\"name\":\"Carte SD 256MB 2G K8000 LED Dimmer 8*1024 pixels\"}]},{\"@type\":\"WebSite\",\"@id\":\"https:\/\/clfled.com\/fr\/#website\",\"url\":\"https:\/\/clfled.com\/fr\/\",\"name\":\"Clfled\",\"description\":\"clfled.com\",\"potentialAction\":[{\"@type\":\"SearchAction\",\"target\":{\"@type\":\"EntryPoint\",\"urlTemplate\":\"https:\/\/clfled.com\/fr\/?s={search_term_string}\"},\"query-input\":\"required name=search_term_string\"}],\"inLanguage\":\"fr-FR\"}]}<\/script>\n<!-- \/ Yoast SEO Premium plugin. -->","yoast_head_json":{"title":"Carte SD 256MB 2G K8000 LED Dimmer 8*1024 pixels - Clfled","robots":{"index":"index","follow":"follow","max-snippet":"max-snippet:-1","max-image-preview":"max-image-preview:large","max-video-preview":"max-video-preview:-1"},"canonical":"https:\/\/clfled.com\/fr\/produit\/256mb-2g-sd-card-k8000-led-dimmer-81024-pixels-2\/","og_locale":"fr_FR","og_type":"article","og_title":"Carte SD 256MB 2G K8000 LED Dimmer 8*1024 pixels","og_description":"Carte SD 256MB 2G K8000 LED Dimmer 8*1024 pixels &nbsp; Descriptions Ce contr\u00f4leur K-8000D est destin\u00e9 aux produits num\u00e9riques \u00e0","og_url":"https:\/\/clfled.com\/fr\/produit\/256mb-2g-sd-card-k8000-led-dimmer-81024-pixels-2\/","og_site_name":"Clfled","og_image":[{"width":800,"height":800,"url":"https:\/\/clfled.com\/wp-content\/uploads\/2022\/11\/HTB1_V1PXODxK1RjSsphq6zHrpXaG.jpg","type":"image\/jpeg"}],"twitter_card":"summary_large_image","twitter_misc":{"Dur\u00e9e de lecture estim\u00e9e":"2 minutes"},"schema":{"@context":"https:\/\/schema.org","@graph":[{"@type":"WebPage","@id":"https:\/\/clfled.com\/fr\/produit\/256mb-2g-sd-card-k8000-led-dimmer-81024-pixels-2\/","url":"https:\/\/clfled.com\/fr\/produit\/256mb-2g-sd-card-k8000-led-dimmer-81024-pixels-2\/","name":"Carte SD 256MB 2G K8000 LED Dimmer 8*1024 pixels - Clfled","isPartOf":{"@id":"https:\/\/clfled.com\/fr\/#website"},"datePublished":"2022-11-04T09:23:51+00:00","dateModified":"2022-11-04T09:23:51+00:00","breadcrumb":{"@id":"https:\/\/clfled.com\/fr\/produit\/256mb-2g-sd-card-k8000-led-dimmer-81024-pixels-2\/#breadcrumb"},"inLanguage":"fr-FR","potentialAction":[{"@type":"ReadAction","target":["https:\/\/clfled.com\/fr\/produit\/256mb-2g-sd-card-k8000-led-dimmer-81024-pixels-2\/"]}]},{"@type":"BreadcrumbList","@id":"https:\/\/clfled.com\/fr\/produit\/256mb-2g-sd-card-k8000-led-dimmer-81024-pixels-2\/#breadcrumb","itemListElement":[{"@type":"ListItem","position":1,"name":"HOME","item":"https:\/\/clfled.com\/fr\/"},{"@type":"ListItem","position":2,"name":"Boutique","item":"https:\/\/clfled.com\/fr\/boutique\/"},{"@type":"ListItem","position":3,"name":"Carte SD 256MB 2G K8000 LED Dimmer 8*1024 pixels"}]},{"@type":"WebSite","@id":"https:\/\/clfled.com\/fr\/#website","url":"https:\/\/clfled.com\/fr\/","name":"Clfled","description":"clfled.com","potentialAction":[{"@type":"SearchAction","target":{"@type":"EntryPoint","urlTemplate":"https:\/\/clfled.com\/fr\/?s={search_term_string}"},"query-input":"required name=search_term_string"}],"inLanguage":"fr-FR"}]}},"_links":{"self":[{"href":"https:\/\/clfled.com\/fr\/wp-json\/wp\/v2\/product\/4513","targetHints":{"allow":["GET"]}}],"collection":[{"href":"https:\/\/clfled.com\/fr\/wp-json\/wp\/v2\/product"}],"about":[{"href":"https:\/\/clfled.com\/fr\/wp-json\/wp\/v2\/types\/product"}],"replies":[{"embeddable":true,"href":"https:\/\/clfled.com\/fr\/wp-json\/wp\/v2\/comments?post=4513"}],"version-history":[{"count":0,"href":"https:\/\/clfled.com\/fr\/wp-json\/wp\/v2\/product\/4513\/revisions"}],"wp:featuredmedia":[{"embeddable":true,"href":"https:\/\/clfled.com\/fr\/wp-json\/wp\/v2\/media\/1333"}],"wp:attachment":[{"href":"https:\/\/clfled.com\/fr\/wp-json\/wp\/v2\/media?parent=4513"}],"wp:term":[{"taxonomy":"product_cat","embeddable":true,"href":"https:\/\/clfled.com\/fr\/wp-json\/wp\/v2\/product_cat?post=4513"},{"taxonomy":"product_tag","embeddable":true,"href":"https:\/\/clfled.com\/fr\/wp-json\/wp\/v2\/product_tag?post=4513"}],"curies":[{"name":"wp","href":"https:\/\/api.w.org\/{rel}","templated":true}]}}