{"id":4501,"date":"2022-11-05T13:45:55","date_gmt":"2022-11-05T05:45:55","guid":{"rendered":"https:\/\/clfled.com\/product\/2m-de-diametre-40mm-3d-rgb-led-tube-light-music-interactive-led-video-tube-light-digital-rgb-pixel-vertical-tube\/"},"modified":"2022-11-05T13:45:55","modified_gmt":"2022-11-05T05:45:55","slug":"2m-diametre-40mm-3d-rgb-led-tube-light-music-interactive-led-video-tube-light-digital-rgb-pixel-vertical-tube","status":"publish","type":"product","link":"https:\/\/clfled.com\/fr\/produit\/2m-diametre-40mm-3d-rgb-led-tube-light-music-interactive-led-video-tube-light-digital-rgb-pixel-vertical-tube\/","title":{"rendered":"2M de diam\u00e8tre 40mm 3D RGB LED Tube Light Music Interactive LED Video Tube Light Digital RGB Pixel Vertical Tube"},"content":{"rendered":"<h2 style=\"margin: 0.0px;padding: 0.0px;border: 0.0px;font-style: normal;font-weight: normal;font-size: 12.0px;line-height: 18.0px;font-family: arial , helvetica;vertical-align: baseline;color: #333333;text-align: center\"><strong><span style=\"font-size: 18.0px\">2M de diam\u00e8tre 40mm 3D RGB LED Tube Light Music Interactive LED Video Tube Light Digital RGB Pixel Vertical Tube<\/span><\/strong><\/h2>\n<h2 style=\"text-align: left\">Sp\u00e9cifications<\/h2>\n<table style=\"border-collapse: collapse;background-color: #ffffff;width: 747.0px;border: 1.0px solid #cccccc\" border=\"1\">\n<tbody>\n<tr style=\"height: 15.0px\">\n<td style=\"border: 1.0px solid #cccccc;width: 316.0px;height: 15.0px;text-align: left\"><span style=\"font-size: 16.0px;font-family: arial , helvetica , sans-serif\">Nom du produit<\/span><\/td>\n<td style=\"border: 1.0px solid #cccccc;width: 427.0px;height: 15.0px;text-align: left\"><span style=\"font-size: 16.0px;font-family: arial , helvetica , sans-serif\">Tube LED \u00e0 360 degr\u00e9s de couleur<\/span><\/td>\n<\/tr>\n<tr style=\"height: 15.0px\">\n<td style=\"border: 1.0px solid #cccccc;width: 316.0px;height: 15.0px;text-align: left\"><span style=\"font-size: 16.0px;font-family: arial , helvetica , sans-serif\">Tension d&#8217;entr\u00e9e<\/span><\/td>\n<td style=\"border: 1.0px solid #cccccc;width: 427.0px;height: 15.0px;text-align: left\"><span style=\"font-size: 16.0px;font-family: arial , helvetica , sans-serif\">DC24V<\/span><\/td>\n<\/tr>\n<tr style=\"height: 15.0px;text-align: left\">\n<td style=\"border: 1.0px solid #cccccc;width: 316.0px;height: 15.0px;text-align: left\"><span style=\"font-size: 16.0px;font-family: arial , helvetica , sans-serif\">Puissance maximale<\/span><\/td>\n<td style=\"border: 1.0px solid #cccccc;width: 427.0px;height: 15.0px\"><span style=\"font-size: 16.0px;font-family: arial , helvetica , sans-serif\">24W<\/span><\/td>\n<\/tr>\n<tr style=\"height: 15.0px;text-align: left\">\n<td style=\"border: 1.0px solid #cccccc;width: 316.0px;height: 15.0px\"><span style=\"font-size: 16.0px;font-family: arial , helvetica , sans-serif\">Qt\u00e9 de LED<\/span><\/td>\n<td style=\"border: 1.0px solid #cccccc;width: 427.0px;height: 15.0px\"><span style=\"font-size: 16.0px;font-family: arial , helvetica , sans-serif\">288LEDs\/m<\/span><\/td>\n<\/tr>\n<tr style=\"height: 15.0px;text-align: left\">\n<td style=\"border: 1.0px solid #cccccc;width: 316.0px;height: 15.0px\"><span style=\"font-size: 16.0px;font-family: arial , helvetica , sans-serif\">Pixels<\/span><\/td>\n<td style=\"border: 1.0px solid #cccccc;width: 427.0px;height: 15.0px\"><span style=\"font-size: 16.0px;font-family: arial , helvetica , sans-serif\">48Pixels<\/span><\/td>\n<\/tr>\n<tr style=\"height: 15.0px;text-align: left\">\n<td style=\"border: 1.0px solid #cccccc;width: 316.0px;height: 15.0px\"><span style=\"font-size: 16.0px;font-family: arial , helvetica , sans-serif\">Taille du tube LED<\/span><\/td>\n<td style=\"border: 1.0px solid #cccccc;width: 427.0px;height: 15.0px\"><span style=\"font-size: 16.0px;color: #000000;font-family: arial , helvetica , sans-serif\">Diam\u00e8tre : 40 mm Longueur : 1960 mm<\/span><\/td>\n<\/tr>\n<tr style=\"height: 18.0px;text-align: left\">\n<td style=\"border: 1.0px solid #cccccc;width: 316.0px;height: 18.0px\"><span style=\"font-size: 16.0px;font-family: arial , helvetica , sans-serif\">Mod\u00e8le<\/span><\/td>\n<td style=\"border: 1.0px solid #cccccc;width: 427.0px;height: 18.0px\"><span style=\"font-family: arial , helvetica , sans-serif;font-size: 16.0px\">CL-T200W<\/span><\/td>\n<\/tr>\n<tr style=\"height: 18.0px\">\n<td style=\"border: 1.0px solid #cccccc;width: 316.0px;height: 18.0px;text-align: left\"><span style=\"font-size: 16.0px;font-family: arial , helvetica , sans-serif\">Couleurs<\/span><\/td>\n<td style=\"border: 1.0px solid #cccccc;width: 427.0px;height: 18.0px;text-align: left\"><span style=\"font-size: 16.0px;font-family: arial , helvetica , sans-serif\">Pleine couleur RGB, changement de couleur en r\u00eave<\/span><\/td>\n<\/tr>\n<\/tbody>\n<\/table>\n<p style=\"text-align: left\"><span style=\"color: #000000;font-size: 24.0px;font-family: arial , helvetica , sans-serif\"><strong>Avantages  <\/strong><\/span><\/p>\n<p style=\"text-align: left\"><span style=\"font-size: 16.0px\">1. Mode de commande \u00e0 signal unique, fonctionnement simple ;  <\/span><\/p>\n<p style=\"text-align: left\"><span style=\"font-size: 16.0px\">2. Mat\u00e9riau PC, bel effet, forte r\u00e9sistance \u00e0 la pression ;  <\/span><\/p>\n<p style=\"text-align: left\"><span style=\"font-size: 16.0px\">3. 256 niveaux de changement de gris ;  <\/span><\/p>\n<p style=\"text-align: left\"><span style=\"font-size: 16.0px\">4. \u00c9mission de lumi\u00e8re \u00e0 360 degr\u00e9s sans zones sombres ;  <\/span><\/p>\n<p style=\"text-align: left\"><span style=\"font-size: 16.0px\">5. Transmission en s\u00e9rie, signal stable ;  <\/span><\/p>\n<p style=\"text-align: left\"><span style=\"font-size: 16.0px\">6. Avec fonction de retour du signal ;  <\/span><\/p>\n<p style=\"text-align: left\"><span style=\"font-size: 16.0px\">7. Combin\u00e9 avec notre contr\u00f4leur Artnet, l&#8217;op\u00e9ration est plus pratique.<\/span><\/p>\n<p style=\"margin: 0px;padding: 0px;color: #000000;font-family: Arial;font-size: 12px;font-style: normal;font-weight: 400\" align=\"left\"><span style=\"line-height: 18px;font-family: arial, helvetica, sans-serif\"> <img decoding=\"async\" style=\"vertical-align: middle;color: #000000;font-family: Arial;font-size: 12px;font-style: normal;font-weight: 400;background-color: #ffffff\" src=\"https:\/\/sc04.alicdn.com\/kf\/H958afbdcf5644ed3a6525d52cbce1bc3k\/200440271\/H958afbdcf5644ed3a6525d52cbce1bc3k.jpg\" alt=\"2M de diam\u00e8tre 40mm 3D RGB LED Tube Light Music Interactive LED Video Tube Light Digital RGB Pixel Vertical Tube\"><br \/>\n<img decoding=\"async\" style=\"vertical-align: middle;color: #000000;font-family: Arial;font-size: 12px;font-style: normal;font-weight: 400;background-color: #ffffff\" src=\"https:\/\/sc04.alicdn.com\/kf\/Hedf0d23b63b14f65b0c1fc8fe38dabbdr\/200440271\/Hedf0d23b63b14f65b0c1fc8fe38dabbdr.jpg\" alt=\"2M de diam\u00e8tre 40mm 3D RGB LED Tube Light Music Interactive LED Video Tube Light Digital RGB Pixel Vertical Tube\"><br \/>\n<img decoding=\"async\" style=\"vertical-align: middle;color: #000000;font-family: Arial;font-size: 12px;font-style: normal;font-weight: 400;background-color: #ffffff\" src=\"https:\/\/sc04.alicdn.com\/kf\/H2666fcf4cff34752b3ac83e2be2bbe39m\/200440271\/H2666fcf4cff34752b3ac83e2be2bbe39m.jpg\" alt=\"2M de diam\u00e8tre 40mm 3D RGB LED Tube Light Music Interactive LED Video Tube Light Digital RGB Pixel Vertical Tube\"><br \/>\n<img decoding=\"async\" style=\"vertical-align: middle;color: #000000;font-family: Arial;font-size: 12px;font-style: normal;font-weight: 400;background-color: #ffffff\" src=\"https:\/\/sc04.alicdn.com\/kf\/H67055541a51f48bbbb8d805b1a7277cbb\/200440271\/H67055541a51f48bbbb8d805b1a7277cbb.jpg\" alt=\"2M de diam\u00e8tre 40mm 3D RGB LED Tube Light Music Interactive LED Video Tube Light Digital RGB Pixel Vertical Tube\"><br \/>\n<img decoding=\"async\" style=\"vertical-align: middle;color: #000000;font-family: Arial;font-size: 12px;font-style: normal;font-weight: 400;background-color: #ffffff\" src=\"https:\/\/sc04.alicdn.com\/kf\/H95f45f9aa4f24362b436281368e170c8H\/200440271\/H95f45f9aa4f24362b436281368e170c8H.jpg\" alt=\"2M de diam\u00e8tre 40mm 3D RGB LED Tube Light Music Interactive LED Video Tube Light Digital RGB Pixel Vertical Tube\"><\/span><\/p>\n<p style=\"margin: 0px;padding: 0px;color: #000000;font-family: Arial;font-size: 12px;font-style: normal;font-weight: 400\" align=\"left\"><span style=\"line-height: 18px;font-family: arial, helvetica, sans-serif\"><img decoding=\"async\" style=\"vertical-align: middle\" src=\"https:\/\/sc01.alicdn.com\/kf\/H6bbbb245da3744c19214b14c554ce3e0Y\/200440271\/H6bbbb245da3744c19214b14c554ce3e0Y.png\" alt=\"2M de diam\u00e8tre 40mm 3D RGB LED Tube Light Music Interactive LED Video Tube Light Digital RGB Pixel Vertical Tube\" width=\"750\"><img fetchpriority=\"high\" decoding=\"async\" class=\"alignnone wp-image-918\" src=\"https:\/\/clfled.com\/wp-content\/uploads\/2022\/11\/%E5%BD%A9%E4%BA%91%E7%AE%A1-11-300x200.jpg\" alt=\"\" width=\"748\" height=\"499\"><\/span><\/p>\n<p style=\"margin: 0px;padding: 0px;color: #000000;font-family: Arial;font-size: 12px;font-style: normal;font-weight: 400\"><span style=\"line-height: 18px;font-family: arial, helvetica, sans-serif\"> <\/span><\/p>\n<p style=\"margin: 0px;padding: 0px;color: #000000;font-family: Arial;font-size: 12px;font-style: normal;font-weight: 400\"><span style=\"line-height: 18px;font-family: arial, helvetica, sans-serif\"> <\/span><\/p>\n<p style=\"margin: 0px;padding: 0px;color: #000000;font-family: Arial;font-size: 12px;font-style: normal;font-weight: 400\"><span style=\"line-height: 18px;font-family: arial, helvetica, sans-serif\"> <\/span><\/p>\n<p style=\"margin: 0.0px;padding: 0.0px;border: 0.0px;font-style: normal;font-weight: 400;font-size: 12.0px;line-height: inherit;font-family: arial , helvetica;vertical-align: baseline;color: #333333\">\n","protected":false},"excerpt":{"rendered":"<p>2M de diam\u00e8tre 40mm 3D RGB LED Tube Light Music Interactive LED Video Tube Light Digital RGB Pixel Vertical Tube<\/p>\n","protected":false},"featured_media":2981,"comment_status":"open","ping_status":"closed","template":"","meta":[],"product_cat":[145],"product_tag":[],"class_list":["post-4501","product","type-product","status-publish","has-post-thumbnail","hentry","product_cat-tube-led-360-pixels"],"yoast_head":"<!-- This site is optimized with the Yoast SEO Premium plugin v21.0 (Yoast SEO v21.0) - https:\/\/yoast.com\/wordpress\/plugins\/seo\/ -->\n<title>2M de diam\u00e8tre 40mm 3D RGB LED Tube Light Music Interactive LED Video Tube Light Digital RGB Pixel Vertical Tube - Clfled<\/title>\n<meta name=\"robots\" content=\"index, follow, max-snippet:-1, max-image-preview:large, max-video-preview:-1\" \/>\n<link rel=\"canonical\" href=\"https:\/\/clfled.com\/fr\/produit\/2m-diametre-40mm-3d-rgb-led-tube-light-music-interactive-led-video-tube-light-digital-rgb-pixel-vertical-tube\/\" \/>\n<meta property=\"og:locale\" content=\"fr_FR\" \/>\n<meta property=\"og:type\" content=\"article\" \/>\n<meta property=\"og:title\" content=\"2M de diam\u00e8tre 40mm 3D RGB LED Tube Light Music Interactive LED Video Tube Light Digital RGB Pixel Vertical Tube\" \/>\n<meta property=\"og:description\" content=\"2M de diam\u00e8tre 40mm 3D RGB LED Tube Light Music Interactive LED Video Tube Light Digital RGB Pixel Vertical Tube\" \/>\n<meta property=\"og:url\" content=\"https:\/\/clfled.com\/fr\/produit\/2m-diametre-40mm-3d-rgb-led-tube-light-music-interactive-led-video-tube-light-digital-rgb-pixel-vertical-tube\/\" \/>\n<meta property=\"og:site_name\" content=\"Clfled\" \/>\n<meta property=\"og:image\" content=\"https:\/\/clfled.com\/wp-content\/uploads\/2022\/11\/\u5f69\u4e91\u7ba1-11.jpg\" \/>\n\t<meta property=\"og:image:width\" content=\"1618\" \/>\n\t<meta property=\"og:image:height\" content=\"1080\" \/>\n\t<meta property=\"og:image:type\" content=\"image\/jpeg\" \/>\n<meta name=\"twitter:card\" content=\"summary_large_image\" \/>\n<meta name=\"twitter:label1\" content=\"Dur\u00e9e de lecture estim\u00e9e\" \/>\n\t<meta name=\"twitter:data1\" content=\"1 minute\" \/>\n<script type=\"application\/ld+json\" class=\"yoast-schema-graph\">{\"@context\":\"https:\/\/schema.org\",\"@graph\":[{\"@type\":\"WebPage\",\"@id\":\"https:\/\/clfled.com\/fr\/produit\/2m-diametre-40mm-3d-rgb-led-tube-light-music-interactive-led-video-tube-light-digital-rgb-pixel-vertical-tube\/\",\"url\":\"https:\/\/clfled.com\/fr\/produit\/2m-diametre-40mm-3d-rgb-led-tube-light-music-interactive-led-video-tube-light-digital-rgb-pixel-vertical-tube\/\",\"name\":\"2M de diam\u00e8tre 40mm 3D RGB LED Tube Light Music Interactive LED Video Tube Light Digital RGB Pixel Vertical Tube - Clfled\",\"isPartOf\":{\"@id\":\"https:\/\/clfled.com\/fr\/#website\"},\"datePublished\":\"2022-11-05T05:45:55+00:00\",\"dateModified\":\"2022-11-05T05:45:55+00:00\",\"breadcrumb\":{\"@id\":\"https:\/\/clfled.com\/fr\/produit\/2m-diametre-40mm-3d-rgb-led-tube-light-music-interactive-led-video-tube-light-digital-rgb-pixel-vertical-tube\/#breadcrumb\"},\"inLanguage\":\"fr-FR\",\"potentialAction\":[{\"@type\":\"ReadAction\",\"target\":[\"https:\/\/clfled.com\/fr\/produit\/2m-diametre-40mm-3d-rgb-led-tube-light-music-interactive-led-video-tube-light-digital-rgb-pixel-vertical-tube\/\"]}]},{\"@type\":\"BreadcrumbList\",\"@id\":\"https:\/\/clfled.com\/fr\/produit\/2m-diametre-40mm-3d-rgb-led-tube-light-music-interactive-led-video-tube-light-digital-rgb-pixel-vertical-tube\/#breadcrumb\",\"itemListElement\":[{\"@type\":\"ListItem\",\"position\":1,\"name\":\"HOME\",\"item\":\"https:\/\/clfled.com\/fr\/\"},{\"@type\":\"ListItem\",\"position\":2,\"name\":\"Boutique\",\"item\":\"https:\/\/clfled.com\/fr\/boutique\/\"},{\"@type\":\"ListItem\",\"position\":3,\"name\":\"2M de diam\u00e8tre 40mm 3D RGB LED Tube Light Music Interactive LED Video Tube Light Digital RGB Pixel Vertical Tube\"}]},{\"@type\":\"WebSite\",\"@id\":\"https:\/\/clfled.com\/fr\/#website\",\"url\":\"https:\/\/clfled.com\/fr\/\",\"name\":\"Clfled\",\"description\":\"clfled.com\",\"potentialAction\":[{\"@type\":\"SearchAction\",\"target\":{\"@type\":\"EntryPoint\",\"urlTemplate\":\"https:\/\/clfled.com\/fr\/?s={search_term_string}\"},\"query-input\":\"required name=search_term_string\"}],\"inLanguage\":\"fr-FR\"}]}<\/script>\n<!-- \/ Yoast SEO Premium plugin. -->","yoast_head_json":{"title":"2M de diam\u00e8tre 40mm 3D RGB LED Tube Light Music Interactive LED Video Tube Light Digital RGB Pixel Vertical Tube - Clfled","robots":{"index":"index","follow":"follow","max-snippet":"max-snippet:-1","max-image-preview":"max-image-preview:large","max-video-preview":"max-video-preview:-1"},"canonical":"https:\/\/clfled.com\/fr\/produit\/2m-diametre-40mm-3d-rgb-led-tube-light-music-interactive-led-video-tube-light-digital-rgb-pixel-vertical-tube\/","og_locale":"fr_FR","og_type":"article","og_title":"2M de diam\u00e8tre 40mm 3D RGB LED Tube Light Music Interactive LED Video Tube Light Digital RGB Pixel Vertical Tube","og_description":"2M de diam\u00e8tre 40mm 3D RGB LED Tube Light Music Interactive LED Video Tube Light Digital RGB Pixel Vertical Tube","og_url":"https:\/\/clfled.com\/fr\/produit\/2m-diametre-40mm-3d-rgb-led-tube-light-music-interactive-led-video-tube-light-digital-rgb-pixel-vertical-tube\/","og_site_name":"Clfled","og_image":[{"width":1618,"height":1080,"url":"https:\/\/clfled.com\/wp-content\/uploads\/2022\/11\/\u5f69\u4e91\u7ba1-11.jpg","type":"image\/jpeg"}],"twitter_card":"summary_large_image","twitter_misc":{"Dur\u00e9e de lecture estim\u00e9e":"1 minute"},"schema":{"@context":"https:\/\/schema.org","@graph":[{"@type":"WebPage","@id":"https:\/\/clfled.com\/fr\/produit\/2m-diametre-40mm-3d-rgb-led-tube-light-music-interactive-led-video-tube-light-digital-rgb-pixel-vertical-tube\/","url":"https:\/\/clfled.com\/fr\/produit\/2m-diametre-40mm-3d-rgb-led-tube-light-music-interactive-led-video-tube-light-digital-rgb-pixel-vertical-tube\/","name":"2M de diam\u00e8tre 40mm 3D RGB LED Tube Light Music Interactive LED Video Tube Light Digital RGB Pixel Vertical Tube - Clfled","isPartOf":{"@id":"https:\/\/clfled.com\/fr\/#website"},"datePublished":"2022-11-05T05:45:55+00:00","dateModified":"2022-11-05T05:45:55+00:00","breadcrumb":{"@id":"https:\/\/clfled.com\/fr\/produit\/2m-diametre-40mm-3d-rgb-led-tube-light-music-interactive-led-video-tube-light-digital-rgb-pixel-vertical-tube\/#breadcrumb"},"inLanguage":"fr-FR","potentialAction":[{"@type":"ReadAction","target":["https:\/\/clfled.com\/fr\/produit\/2m-diametre-40mm-3d-rgb-led-tube-light-music-interactive-led-video-tube-light-digital-rgb-pixel-vertical-tube\/"]}]},{"@type":"BreadcrumbList","@id":"https:\/\/clfled.com\/fr\/produit\/2m-diametre-40mm-3d-rgb-led-tube-light-music-interactive-led-video-tube-light-digital-rgb-pixel-vertical-tube\/#breadcrumb","itemListElement":[{"@type":"ListItem","position":1,"name":"HOME","item":"https:\/\/clfled.com\/fr\/"},{"@type":"ListItem","position":2,"name":"Boutique","item":"https:\/\/clfled.com\/fr\/boutique\/"},{"@type":"ListItem","position":3,"name":"2M de diam\u00e8tre 40mm 3D RGB LED Tube Light Music Interactive LED Video Tube Light Digital RGB Pixel Vertical Tube"}]},{"@type":"WebSite","@id":"https:\/\/clfled.com\/fr\/#website","url":"https:\/\/clfled.com\/fr\/","name":"Clfled","description":"clfled.com","potentialAction":[{"@type":"SearchAction","target":{"@type":"EntryPoint","urlTemplate":"https:\/\/clfled.com\/fr\/?s={search_term_string}"},"query-input":"required name=search_term_string"}],"inLanguage":"fr-FR"}]}},"_links":{"self":[{"href":"https:\/\/clfled.com\/fr\/wp-json\/wp\/v2\/product\/4501","targetHints":{"allow":["GET"]}}],"collection":[{"href":"https:\/\/clfled.com\/fr\/wp-json\/wp\/v2\/product"}],"about":[{"href":"https:\/\/clfled.com\/fr\/wp-json\/wp\/v2\/types\/product"}],"replies":[{"embeddable":true,"href":"https:\/\/clfled.com\/fr\/wp-json\/wp\/v2\/comments?post=4501"}],"version-history":[{"count":0,"href":"https:\/\/clfled.com\/fr\/wp-json\/wp\/v2\/product\/4501\/revisions"}],"wp:featuredmedia":[{"embeddable":true,"href":"https:\/\/clfled.com\/fr\/wp-json\/wp\/v2\/media\/2981"}],"wp:attachment":[{"href":"https:\/\/clfled.com\/fr\/wp-json\/wp\/v2\/media?parent=4501"}],"wp:term":[{"taxonomy":"product_cat","embeddable":true,"href":"https:\/\/clfled.com\/fr\/wp-json\/wp\/v2\/product_cat?post=4501"},{"taxonomy":"product_tag","embeddable":true,"href":"https:\/\/clfled.com\/fr\/wp-json\/wp\/v2\/product_tag?post=4501"}],"curies":[{"name":"wp","href":"https:\/\/api.w.org\/{rel}","templated":true}]}}