{"id":4463,"date":"2022-11-05T14:07:11","date_gmt":"2022-11-05T06:07:11","guid":{"rendered":"https:\/\/clfled.com\/product\/bande-lumineuse-smd-5050-sk-6812-rgbw-wwa-12mm-5v\/"},"modified":"2022-11-05T14:07:11","modified_gmt":"2022-11-05T06:07:11","slug":"smd-5050-sk-6812-rgbw-wwa-led-strip-light-12mm-5v-2","status":"publish","type":"product","link":"https:\/\/clfled.com\/fr\/produit\/smd-5050-sk-6812-rgbw-wwa-led-strip-light-12mm-5v-2\/","title":{"rendered":"Bande lumineuse SMD 5050 SK 6812 RGBW\/WWA 12MM 5V"},"content":{"rendered":"<div id=\"ali-anchor-AliPostDhMb-p8coa\" style=\"padding-top: 8px\" data-section=\"AliPostDhMb-p8coa\" data-section-title=\"Product Description\">\n<div id=\"ali-title-AliPostDhMb-p8coa\" style=\"padding: 8px 0;border-bottom: 1px solid #ddd\"><span style=\"background-color: #ddd;color: #333;font-weight: bold;padding: 8px 10px;line-height: 12px\">Description du produit<\/span><\/div>\n<div style=\"padding: 10px 0\">\n<div style=\"margin: 0px;padding: 0px;border: 0px;font-style: normal;font-weight: 400;font-size: 20px;line-height: 33px;font-family: Arial;vertical-align: baseline;clear: both;color: #141414;text-align: left;text-decoration: none;background-color: transparent\">\n<p style=\"margin: 17px 0px;padding: 0px;border: 0px;font-style: normal;font-weight: 400;font-size: 20px;line-height: 33px;vertical-align: baseline;color: #141414;background-color: transparent\">SK6812 Bande LED adressable RGBW<\/p>\n<ul>\n<li style=\"margin: 0px 0px 0px 15px;padding: 3px 0px;border: 0px;font-style: normal;font-weight: 400;font-size: 15px;line-height: 24.75px;vertical-align: baseline;color: #666666;background-color: transparent\">\n<div style=\"margin: 0px;padding: 0px;border: 0px;font-style: normal;font-weight: 400;font-size: 15px;line-height: 24.75px;vertical-align: baseline;color: #666666;background-color: transparent\"> <span style=\"margin: 0px;padding: 0px;border: 0px;font-style: inherit;font-weight: inherit;font-size: 14px;line-height: 22.66px;vertical-align: baseline;color: #b00000\"><span style=\"margin: 0px;padding: 0px;border: 0px;font-style: normal;font-weight: 400;font-size: inherit;line-height: 21.33px;font-family: Arial;vertical-align: baseline;text-align: left;color: #000000;text-decoration: none;float: none;background-color: transparent\">RGBW = RGB + Blanc froid (6000-7000k),RGBWW= RGB + Blanc chaud (2700-3200k),RGBNW= RGB + Blanc naturel (4000-4500k),RGBW = RGB + Blanc froid (6000-7000k),WWA = Blanc + Blanc chaud + Ambre<\/span><\/span><\/div>\n<\/li>\n<\/ul>\n<\/div>\n<div style=\"margin: 0px;padding: 0px;border: 0px;font-style: normal;font-weight: 400;font-size: 15px;line-height: 24.75px;font-family: Arial;vertical-align: baseline;clear: both;color: #666666;text-align: left;text-decoration: none;background-color: transparent\">\n<ul>\n<li style=\"margin: 0px 0px 0px 15px;padding: 3px 0px;border: 0px;font-style: normal;font-weight: 400;font-size: 15px;line-height: 24.75px;vertical-align: baseline;color: #666666;background-color: transparent\"><span style=\"margin: 0px;padding: 0px;border: 0px;font-style: normal;font-weight: 400;font-size: 14px;line-height: 24.75px;vertical-align: baseline;color: #000000;background-color: transparent\"> <span style=\"margin: 0px;padding: 0px;border: 0px;font-style: normal;font-weight: 400;font-size: inherit;line-height: 21.33px;font-family: Arial;vertical-align: baseline;text-align: left;color: #000000;text-decoration: none;float: none;background-color: transparent\">Source LED : 5050SMD RGBW\/WW\/WWA puce SK6812 int\u00e9gr\u00e9e<\/span>. Bande LED SK6812, 16.4ft 300 LEDs, PCB blanc\/noir, R\/G\/B\/W 4 couleurs en 1LED. C&#8217;est la version am\u00e9lior\u00e9e de la LED WS2812B.<\/span><\/li>\n<li style=\"margin: 0px 0px 0px 15px;padding: 3px 0px;border: 0px;font-style: normal;font-weight: 400;font-size: 15px;line-height: 24.75px;vertical-align: baseline;color: #666666;background-color: transparent\"><span style=\"margin: 0px;padding: 0px;border: 0px;font-style: normal;font-weight: 400;font-size: 14px;line-height: 24.75px;font-family: arial, helvetica, sans-serif;vertical-align: baseline;color: #111111;background-color: transparent\">Affichage \u00e0 256 luminosit\u00e9s et affichage en couleurs 32 bits. Chaque pixel peut avoir sa propre couleur et sa propre luminosit\u00e9. Vous pouvez les contr\u00f4ler individuellement et leur donner la couleur ou l&#8217;animation de votre choix.<\/span><\/li>\n<li style=\"margin: 0px 0px 0px 15px;padding: 3px 0px;border: 0px;font-style: normal;font-weight: 400;font-size: 15px;line-height: 24.75px;vertical-align: baseline;color: #666666;background-color: transparent\"><span style=\"margin: 0px;padding: 0px;border: 0px;font-style: normal;font-weight: 400;font-size: 14px;line-height: 24.75px;font-family: arial, helvetica, sans-serif;vertical-align: baseline;color: #111111;background-color: transparent\">Fonctionne parfaitement avec la biblioth\u00e8que pr\u00eate \u00e0 l&#8217;emploi et le code d&#8217;exemple pour l&#8217;Arduino UNO\/Duemilanove\/Diecimila, Flora\/Micro\/Leonardo, Trinket\/Gemma, Arduino Due &amp; Arduino Mega\/ADK, la biblioth\u00e8que Fast LED et le Raspberry Pi.<\/span><\/li>\n<li style=\"margin: 0px 0px 0px 15px;padding: 3px 0px;border: 0px;font-style: normal;font-weight: 400;font-size: 15px;line-height: 24.75px;vertical-align: baseline;color: #666666;background-color: transparent\"><span style=\"margin: 0px;padding: 0px;border: 0px;font-style: normal;font-weight: 400;font-size: 14px;line-height: 24.75px;font-family: arial, helvetica, sans-serif;vertical-align: baseline;color: #111111;background-color: transparent\">Fourni avec des connecteurs JST-SM \u00e0 3 broches et des fils d&#8217;alimentation et de terre s\u00e9par\u00e9s aux deux extr\u00e9mit\u00e9s. Chaque DEL peut \u00eatre coup\u00e9e sans endommager le reste de la bande. Vous pouvez le raccourcir, l&#8217;allonger ou le plier librement si vous le souhaitez.<\/span><\/li>\n<li style=\"margin: 0px 0px 0px 15px;padding: 3px 0px;border: 0px;font-style: normal;font-weight: 400;font-size: 15px;line-height: 24.75px;vertical-align: baseline;color: #666666;background-color: transparent\"><span style=\"margin: 0px;padding: 0px;border: 0px;font-style: normal;font-weight: 400;font-size: 14px;line-height: 24.75px;font-family: arial, helvetica, sans-serif;vertical-align: baseline;color: #111111;background-color: transparent\">Recouvert d&#8217;une gaine transparente en silicone r\u00e9sistant aux intemp\u00e9ries, qui le prot\u00e8ge tr\u00e8s bien et le rend facile \u00e0 nettoyer. Il est \u00e9galement fourni avec des clips en silicone et des vis pour une installation facile.<\/span><\/li>\n<\/ul>\n<\/div>\n<\/div>\n<\/div>\n<div id=\"ali-anchor-AliPostDhMb-49riv\" style=\"padding-top: 8px\" data-section=\"AliPostDhMb-49riv\" data-section-title=\"Specification\">\n<div id=\"ali-title-AliPostDhMb-49riv\" style=\"padding: 8px 0;border-bottom: 1px solid #ddd\"><span style=\"background-color: #ddd;color: #333;font-weight: bold;padding: 8px 10px;line-height: 12px\">Sp\u00e9cifications<\/span><\/div>\n<div style=\"padding: 10px 0\">\n<p><img decoding=\"async\" src=\"\/\/sc01.alicdn.com\/kf\/HTB1EqRHNZbpK1RjSZFyq6x_qFXaL\/228612101\/HTB1EqRHNZbpK1RjSZFyq6x_qFXaL.jpg\" alt=\"Bande lumineuse SMD 5050 SK 6812 RGBW\/WWA 12MM 5V\"><img fetchpriority=\"high\" decoding=\"async\" class=\"alignnone wp-image-807\" src=\"https:\/\/clfled.com\/wp-content\/uploads\/2022\/11\/Ha89785901f53464bbbf6fb3c242147acw.jpg_960x960-300x300.webp\" alt=\"\" width=\"300\" height=\"300\" srcset=\"https:\/\/clfled.com\/wp-content\/uploads\/2022\/11\/Ha89785901f53464bbbf6fb3c242147acw.jpg_960x960-300x300.webp 300w, https:\/\/clfled.com\/wp-content\/uploads\/2022\/11\/Ha89785901f53464bbbf6fb3c242147acw.jpg_960x960-500x500.webp 500w, https:\/\/clfled.com\/wp-content\/uploads\/2022\/11\/Ha89785901f53464bbbf6fb3c242147acw.jpg_960x960-150x150.webp 150w, https:\/\/clfled.com\/wp-content\/uploads\/2022\/11\/Ha89785901f53464bbbf6fb3c242147acw.jpg_960x960-700x700.webp 700w, https:\/\/clfled.com\/wp-content\/uploads\/2022\/11\/Ha89785901f53464bbbf6fb3c242147acw.jpg_960x960-600x600.webp 600w, https:\/\/clfled.com\/wp-content\/uploads\/2022\/11\/Ha89785901f53464bbbf6fb3c242147acw.jpg_960x960.webp 750w\" sizes=\"(max-width: 300px) 100vw, 300px\" \/> <img decoding=\"async\" class=\"alignnone wp-image-808\" src=\"https:\/\/clfled.com\/wp-content\/uploads\/2022\/11\/H5a519906a27a4d36b482e57f8387cc39e.jpg_960x960-300x300.webp\" alt=\"\" width=\"300\" height=\"300\" srcset=\"https:\/\/clfled.com\/wp-content\/uploads\/2022\/11\/H5a519906a27a4d36b482e57f8387cc39e.jpg_960x960-300x300.webp 300w, https:\/\/clfled.com\/wp-content\/uploads\/2022\/11\/H5a519906a27a4d36b482e57f8387cc39e.jpg_960x960-500x500.webp 500w, https:\/\/clfled.com\/wp-content\/uploads\/2022\/11\/H5a519906a27a4d36b482e57f8387cc39e.jpg_960x960-150x150.webp 150w, https:\/\/clfled.com\/wp-content\/uploads\/2022\/11\/H5a519906a27a4d36b482e57f8387cc39e.jpg_960x960-700x700.webp 700w, https:\/\/clfled.com\/wp-content\/uploads\/2022\/11\/H5a519906a27a4d36b482e57f8387cc39e.jpg_960x960-600x600.webp 600w, https:\/\/clfled.com\/wp-content\/uploads\/2022\/11\/H5a519906a27a4d36b482e57f8387cc39e.jpg_960x960.webp 750w\" sizes=\"(max-width: 300px) 100vw, 300px\" \/> <img decoding=\"async\" class=\"alignnone wp-image-809\" src=\"https:\/\/clfled.com\/wp-content\/uploads\/2022\/11\/Hdb77e48e9726493fbdbcd4fecfa5ee1aD.jpg_960x960-300x300.webp\" alt=\"\" width=\"300\" height=\"300\" srcset=\"https:\/\/clfled.com\/wp-content\/uploads\/2022\/11\/Hdb77e48e9726493fbdbcd4fecfa5ee1aD.jpg_960x960-300x300.webp 300w, https:\/\/clfled.com\/wp-content\/uploads\/2022\/11\/Hdb77e48e9726493fbdbcd4fecfa5ee1aD.jpg_960x960-500x500.webp 500w, https:\/\/clfled.com\/wp-content\/uploads\/2022\/11\/Hdb77e48e9726493fbdbcd4fecfa5ee1aD.jpg_960x960-150x150.webp 150w, https:\/\/clfled.com\/wp-content\/uploads\/2022\/11\/Hdb77e48e9726493fbdbcd4fecfa5ee1aD.jpg_960x960-700x700.webp 700w, https:\/\/clfled.com\/wp-content\/uploads\/2022\/11\/Hdb77e48e9726493fbdbcd4fecfa5ee1aD.jpg_960x960-600x600.webp 600w, https:\/\/clfled.com\/wp-content\/uploads\/2022\/11\/Hdb77e48e9726493fbdbcd4fecfa5ee1aD.jpg_960x960.webp 750w\" sizes=\"(max-width: 300px) 100vw, 300px\" \/> <img loading=\"lazy\" decoding=\"async\" class=\"alignnone wp-image-810\" src=\"https:\/\/clfled.com\/wp-content\/uploads\/2022\/11\/Hd6a6e7a9aa5f4291a29957fe6e72525ez.jpg_960x960-300x300.webp\" alt=\"\" width=\"300\" height=\"300\" srcset=\"https:\/\/clfled.com\/wp-content\/uploads\/2022\/11\/Hd6a6e7a9aa5f4291a29957fe6e72525ez.jpg_960x960-300x300.webp 300w, https:\/\/clfled.com\/wp-content\/uploads\/2022\/11\/Hd6a6e7a9aa5f4291a29957fe6e72525ez.jpg_960x960-500x500.webp 500w, https:\/\/clfled.com\/wp-content\/uploads\/2022\/11\/Hd6a6e7a9aa5f4291a29957fe6e72525ez.jpg_960x960-150x150.webp 150w, https:\/\/clfled.com\/wp-content\/uploads\/2022\/11\/Hd6a6e7a9aa5f4291a29957fe6e72525ez.jpg_960x960-700x700.webp 700w, https:\/\/clfled.com\/wp-content\/uploads\/2022\/11\/Hd6a6e7a9aa5f4291a29957fe6e72525ez.jpg_960x960-600x600.webp 600w, https:\/\/clfled.com\/wp-content\/uploads\/2022\/11\/Hd6a6e7a9aa5f4291a29957fe6e72525ez.jpg_960x960.webp 750w\" sizes=\"(max-width: 300px) 100vw, 300px\" \/> <img loading=\"lazy\" decoding=\"async\" class=\"alignnone wp-image-811\" src=\"https:\/\/clfled.com\/wp-content\/uploads\/2022\/11\/H19d1352774f2478d9b22687d115327afy.jpg_960x960-300x300.webp\" alt=\"\" width=\"300\" height=\"300\" srcset=\"https:\/\/clfled.com\/wp-content\/uploads\/2022\/11\/H19d1352774f2478d9b22687d115327afy.jpg_960x960-300x300.webp 300w, https:\/\/clfled.com\/wp-content\/uploads\/2022\/11\/H19d1352774f2478d9b22687d115327afy.jpg_960x960-500x500.webp 500w, https:\/\/clfled.com\/wp-content\/uploads\/2022\/11\/H19d1352774f2478d9b22687d115327afy.jpg_960x960-150x150.webp 150w, https:\/\/clfled.com\/wp-content\/uploads\/2022\/11\/H19d1352774f2478d9b22687d115327afy.jpg_960x960-700x700.webp 700w, https:\/\/clfled.com\/wp-content\/uploads\/2022\/11\/H19d1352774f2478d9b22687d115327afy.jpg_960x960-768x768.webp 768w, https:\/\/clfled.com\/wp-content\/uploads\/2022\/11\/H19d1352774f2478d9b22687d115327afy.jpg_960x960-600x600.webp 600w, https:\/\/clfled.com\/wp-content\/uploads\/2022\/11\/H19d1352774f2478d9b22687d115327afy.jpg_960x960.webp 800w\" sizes=\"(max-width: 300px) 100vw, 300px\" \/>      <img loading=\"lazy\" decoding=\"async\" class=\"alignnone wp-image-785\" src=\"https:\/\/clfled.com\/wp-content\/uploads\/2022\/11\/H015d49cc4ce64785b01567212fd776b10-271x300.webp\" alt=\"\" width=\"273\" height=\"302\" srcset=\"https:\/\/clfled.com\/wp-content\/uploads\/2022\/11\/H015d49cc4ce64785b01567212fd776b10-271x300.webp 271w, https:\/\/clfled.com\/wp-content\/uploads\/2022\/11\/H015d49cc4ce64785b01567212fd776b10-500x554.webp 500w, https:\/\/clfled.com\/wp-content\/uploads\/2022\/11\/H015d49cc4ce64785b01567212fd776b10-150x166.webp 150w, https:\/\/clfled.com\/wp-content\/uploads\/2022\/11\/H015d49cc4ce64785b01567212fd776b10-700x776.webp 700w, https:\/\/clfled.com\/wp-content\/uploads\/2022\/11\/H015d49cc4ce64785b01567212fd776b10-768x852.webp 768w, https:\/\/clfled.com\/wp-content\/uploads\/2022\/11\/H015d49cc4ce64785b01567212fd776b10.webp 800w\" sizes=\"(max-width: 273px) 100vw, 273px\" \/><\/p>\n<\/div>\n<\/div>\n","protected":false},"excerpt":{"rendered":"<p>Description du produit SK6812 Bande LED adressable RGBW RGBW = RGB + Blanc froid (6000-7000k),RGBWW= RGB + Blanc chaud (2700-3200k),RGBNW=<\/p>\n","protected":false},"featured_media":2681,"comment_status":"open","ping_status":"closed","template":"","meta":[],"product_cat":[164],"product_tag":[],"class_list":["post-4463","product","type-product","status-publish","has-post-thumbnail","hentry","product_cat-bande-led-en-couleur"],"yoast_head":"<!-- This site is optimized with the Yoast SEO Premium plugin v21.0 (Yoast SEO v21.0) - https:\/\/yoast.com\/wordpress\/plugins\/seo\/ -->\n<title>Bande lumineuse SMD 5050 SK 6812 RGBW\/WWA 12MM 5V - Clfled<\/title>\n<meta name=\"robots\" content=\"index, follow, max-snippet:-1, max-image-preview:large, max-video-preview:-1\" \/>\n<link rel=\"canonical\" href=\"https:\/\/clfled.com\/fr\/produit\/smd-5050-sk-6812-rgbw-wwa-led-strip-light-12mm-5v-2\/\" \/>\n<meta property=\"og:locale\" content=\"fr_FR\" \/>\n<meta property=\"og:type\" content=\"article\" \/>\n<meta property=\"og:title\" content=\"Bande lumineuse SMD 5050 SK 6812 RGBW\/WWA 12MM 5V\" \/>\n<meta property=\"og:description\" content=\"Description du produit SK6812 Bande LED adressable RGBW RGBW = RGB + Blanc froid (6000-7000k),RGBWW= RGB + Blanc chaud (2700-3200k),RGBNW=\" \/>\n<meta property=\"og:url\" content=\"https:\/\/clfled.com\/fr\/produit\/smd-5050-sk-6812-rgbw-wwa-led-strip-light-12mm-5v-2\/\" \/>\n<meta property=\"og:site_name\" content=\"Clfled\" \/>\n<meta property=\"og:image\" content=\"https:\/\/clfled.com\/wp-content\/uploads\/2022\/11\/H19d1352774f2478d9b22687d115327afy.jpg_960x960.webp\" \/>\n\t<meta property=\"og:image:width\" content=\"800\" \/>\n\t<meta property=\"og:image:height\" content=\"800\" \/>\n\t<meta property=\"og:image:type\" content=\"image\/webp\" \/>\n<meta name=\"twitter:card\" content=\"summary_large_image\" \/>\n<meta name=\"twitter:label1\" content=\"Dur\u00e9e de lecture estim\u00e9e\" \/>\n\t<meta name=\"twitter:data1\" content=\"1 minute\" \/>\n<script type=\"application\/ld+json\" class=\"yoast-schema-graph\">{\"@context\":\"https:\/\/schema.org\",\"@graph\":[{\"@type\":\"WebPage\",\"@id\":\"https:\/\/clfled.com\/fr\/produit\/smd-5050-sk-6812-rgbw-wwa-led-strip-light-12mm-5v-2\/\",\"url\":\"https:\/\/clfled.com\/fr\/produit\/smd-5050-sk-6812-rgbw-wwa-led-strip-light-12mm-5v-2\/\",\"name\":\"Bande lumineuse SMD 5050 SK 6812 RGBW\/WWA 12MM 5V - Clfled\",\"isPartOf\":{\"@id\":\"https:\/\/clfled.com\/fr\/#website\"},\"datePublished\":\"2022-11-05T06:07:11+00:00\",\"dateModified\":\"2022-11-05T06:07:11+00:00\",\"breadcrumb\":{\"@id\":\"https:\/\/clfled.com\/fr\/produit\/smd-5050-sk-6812-rgbw-wwa-led-strip-light-12mm-5v-2\/#breadcrumb\"},\"inLanguage\":\"fr-FR\",\"potentialAction\":[{\"@type\":\"ReadAction\",\"target\":[\"https:\/\/clfled.com\/fr\/produit\/smd-5050-sk-6812-rgbw-wwa-led-strip-light-12mm-5v-2\/\"]}]},{\"@type\":\"BreadcrumbList\",\"@id\":\"https:\/\/clfled.com\/fr\/produit\/smd-5050-sk-6812-rgbw-wwa-led-strip-light-12mm-5v-2\/#breadcrumb\",\"itemListElement\":[{\"@type\":\"ListItem\",\"position\":1,\"name\":\"HOME\",\"item\":\"https:\/\/clfled.com\/fr\/\"},{\"@type\":\"ListItem\",\"position\":2,\"name\":\"Boutique\",\"item\":\"https:\/\/clfled.com\/fr\/boutique\/\"},{\"@type\":\"ListItem\",\"position\":3,\"name\":\"Bande lumineuse SMD 5050 SK 6812 RGBW\/WWA 12MM 5V\"}]},{\"@type\":\"WebSite\",\"@id\":\"https:\/\/clfled.com\/fr\/#website\",\"url\":\"https:\/\/clfled.com\/fr\/\",\"name\":\"Clfled\",\"description\":\"clfled.com\",\"potentialAction\":[{\"@type\":\"SearchAction\",\"target\":{\"@type\":\"EntryPoint\",\"urlTemplate\":\"https:\/\/clfled.com\/fr\/?s={search_term_string}\"},\"query-input\":\"required name=search_term_string\"}],\"inLanguage\":\"fr-FR\"}]}<\/script>\n<!-- \/ Yoast SEO Premium plugin. -->","yoast_head_json":{"title":"Bande lumineuse SMD 5050 SK 6812 RGBW\/WWA 12MM 5V - Clfled","robots":{"index":"index","follow":"follow","max-snippet":"max-snippet:-1","max-image-preview":"max-image-preview:large","max-video-preview":"max-video-preview:-1"},"canonical":"https:\/\/clfled.com\/fr\/produit\/smd-5050-sk-6812-rgbw-wwa-led-strip-light-12mm-5v-2\/","og_locale":"fr_FR","og_type":"article","og_title":"Bande lumineuse SMD 5050 SK 6812 RGBW\/WWA 12MM 5V","og_description":"Description du produit SK6812 Bande LED adressable RGBW RGBW = RGB + Blanc froid (6000-7000k),RGBWW= RGB + Blanc chaud (2700-3200k),RGBNW=","og_url":"https:\/\/clfled.com\/fr\/produit\/smd-5050-sk-6812-rgbw-wwa-led-strip-light-12mm-5v-2\/","og_site_name":"Clfled","og_image":[{"width":800,"height":800,"url":"https:\/\/clfled.com\/wp-content\/uploads\/2022\/11\/H19d1352774f2478d9b22687d115327afy.jpg_960x960.webp","type":"image\/webp"}],"twitter_card":"summary_large_image","twitter_misc":{"Dur\u00e9e de lecture estim\u00e9e":"1 minute"},"schema":{"@context":"https:\/\/schema.org","@graph":[{"@type":"WebPage","@id":"https:\/\/clfled.com\/fr\/produit\/smd-5050-sk-6812-rgbw-wwa-led-strip-light-12mm-5v-2\/","url":"https:\/\/clfled.com\/fr\/produit\/smd-5050-sk-6812-rgbw-wwa-led-strip-light-12mm-5v-2\/","name":"Bande lumineuse SMD 5050 SK 6812 RGBW\/WWA 12MM 5V - Clfled","isPartOf":{"@id":"https:\/\/clfled.com\/fr\/#website"},"datePublished":"2022-11-05T06:07:11+00:00","dateModified":"2022-11-05T06:07:11+00:00","breadcrumb":{"@id":"https:\/\/clfled.com\/fr\/produit\/smd-5050-sk-6812-rgbw-wwa-led-strip-light-12mm-5v-2\/#breadcrumb"},"inLanguage":"fr-FR","potentialAction":[{"@type":"ReadAction","target":["https:\/\/clfled.com\/fr\/produit\/smd-5050-sk-6812-rgbw-wwa-led-strip-light-12mm-5v-2\/"]}]},{"@type":"BreadcrumbList","@id":"https:\/\/clfled.com\/fr\/produit\/smd-5050-sk-6812-rgbw-wwa-led-strip-light-12mm-5v-2\/#breadcrumb","itemListElement":[{"@type":"ListItem","position":1,"name":"HOME","item":"https:\/\/clfled.com\/fr\/"},{"@type":"ListItem","position":2,"name":"Boutique","item":"https:\/\/clfled.com\/fr\/boutique\/"},{"@type":"ListItem","position":3,"name":"Bande lumineuse SMD 5050 SK 6812 RGBW\/WWA 12MM 5V"}]},{"@type":"WebSite","@id":"https:\/\/clfled.com\/fr\/#website","url":"https:\/\/clfled.com\/fr\/","name":"Clfled","description":"clfled.com","potentialAction":[{"@type":"SearchAction","target":{"@type":"EntryPoint","urlTemplate":"https:\/\/clfled.com\/fr\/?s={search_term_string}"},"query-input":"required name=search_term_string"}],"inLanguage":"fr-FR"}]}},"_links":{"self":[{"href":"https:\/\/clfled.com\/fr\/wp-json\/wp\/v2\/product\/4463","targetHints":{"allow":["GET"]}}],"collection":[{"href":"https:\/\/clfled.com\/fr\/wp-json\/wp\/v2\/product"}],"about":[{"href":"https:\/\/clfled.com\/fr\/wp-json\/wp\/v2\/types\/product"}],"replies":[{"embeddable":true,"href":"https:\/\/clfled.com\/fr\/wp-json\/wp\/v2\/comments?post=4463"}],"version-history":[{"count":0,"href":"https:\/\/clfled.com\/fr\/wp-json\/wp\/v2\/product\/4463\/revisions"}],"wp:featuredmedia":[{"embeddable":true,"href":"https:\/\/clfled.com\/fr\/wp-json\/wp\/v2\/media\/2681"}],"wp:attachment":[{"href":"https:\/\/clfled.com\/fr\/wp-json\/wp\/v2\/media?parent=4463"}],"wp:term":[{"taxonomy":"product_cat","embeddable":true,"href":"https:\/\/clfled.com\/fr\/wp-json\/wp\/v2\/product_cat?post=4463"},{"taxonomy":"product_tag","embeddable":true,"href":"https:\/\/clfled.com\/fr\/wp-json\/wp\/v2\/product_tag?post=4463"}],"curies":[{"name":"wp","href":"https:\/\/api.w.org\/{rel}","templated":true}]}}