{"id":4451,"date":"2022-11-05T14:09:27","date_gmt":"2022-11-05T06:09:27","guid":{"rendered":"https:\/\/clfled.com\/product\/kit-de-controle-rgb-ic-app-magic-triangular-smart-light-panel-panneau-lumineux-triangulaire-triangulaire\/"},"modified":"2022-11-29T15:02:44","modified_gmt":"2022-11-29T07:02:44","slug":"witop-home-led-lighting-diy-design-rgb-ic-control-kit-app-magic-triangular-smart-light-panel","status":"publish","type":"product","link":"https:\/\/clfled.com\/fr\/produit\/witop-home-led-lighting-diy-design-rgb-ic-control-kit-app-magic-triangular-smart-light-panel\/","title":{"rendered":"\u00c9clairage LED color\u00e9 \u00e0 la maison DIY Design RGB IC Control Kit APP Magic Triangular Smart Light Panel"},"content":{"rendered":"<h1 style=\"margin-bottom: 0.0000pt\"><em><span style=\"color: #000000\"><span style=\"font-family: Calibri, 'zapf dingbats';font-size: 18px\">Fonctionnalit\u00e9 <\/span><\/span><\/em><\/h1>\n<h1 style=\"margin-bottom: 0.0000pt\"><span style=\"color: #000000\"><em><span style=\"font-family: Calibri, 'zapf dingbats';font-size: 18px\">D\u00e9couvrez nos panneaux lumineux magiques au design triangulaire cr\u00e9atif. C&#8217;est un d\u00e9fi comme un puzzle tangram et facile \u00e0 utiliser comme un jeu de construction. La chose la plus \u00e9tonnante ? Vous voyez la lumi\u00e8re, mais pas la lampe ! Ajoutez de la luminosit\u00e9 \u00e0 votre vie et construisez vos propres formes. Jouez avec les couleurs et suivez les rythmes et les pulsations de votre choix. Allumez votre vie !<\/span><\/em><\/span><\/h1>\n<p style=\"margin-bottom: 0.0000pt\"><span style=\"text-decoration: underline;color: #000000;background-color: #00ccff;font-size: 24px\"><em><span style=\"font-family: Calibri, 'zapf dingbats'\">D\u00e9tails du produit<\/span><\/em><\/span><\/p>\n<div><span style=\"font-family: Calibri, 'zapf dingbats';color: #000000;font-size: 18px\">1. un contr\u00f4le plus intelligent qu&#8217;avant : version multilingue (28 langues prises en charge) <\/span><span style=\"font-family: Calibri, 'zapf dingbats';color: #000000;font-size: 18px\">types de langues)<\/span><\/div>\n<div>\n<div><span style=\"font-size: 18px;font-family: Calibri, 'zapf dingbats';color: #000000\">2. maintenant, le panneau lumineux mis \u00e0 jour n&#8217;a que 20 types d&#8217;effets : 8 couleurs statiques et 12 effets dynamiques. <\/span><span style=\"font-size: 18px;font-family: Calibri, 'zapf dingbats';color: #000000\">statiques et 12 effets dynamiques. <\/span><span style=\"font-size: 18px;font-family: Calibri, 'zapf dingbats';color: #000000\">Vous pouvez changer l&#8217;effet en appuyant sur le bouton dans le contr\u00f4leur. <\/span> <\/div>\n<div><span style=\"font-size: 18px;font-family: Calibri, 'zapf dingbats';color: #000000\">est pour changer les couleurs statiques et le bouton gauche pour le dyanmic.<\/span><\/div>\n<\/div>\n<p style=\"text-align: center\"><img fetchpriority=\"high\" decoding=\"async\" class=\"aligncenter\" src=\"\/\/sc01.alicdn.com\/kf\/H57b540aa86164282a1d5c3f25fc6c65cc\/228612101\/H57b540aa86164282a1d5c3f25fc6c65cc.jpg\" width=\"750\" height=\"551\"><br \/>\n<img decoding=\"async\" class=\"aligncenter\" src=\"\/\/sc01.alicdn.com\/kf\/Hd15257886e7f441d9b15a3bb6204df30p\/228612101\/Hd15257886e7f441d9b15a3bb6204df30p.jpg\" width=\"749\" height=\"550\"><br \/>\n<img decoding=\"async\" class=\"aligncenter\" src=\"\/\/sc01.alicdn.com\/kf\/H1deac0b6d6e54f80bd6362adfcbdfde0u\/228612101\/H1deac0b6d6e54f80bd6362adfcbdfde0u.jpg\" width=\"750\" height=\"369\"><br \/>\n<span style=\"background-color: #00ccff;font-size: 24px\"><em><strong><span style=\"font-family: Calibri, 'zapf dingbats'\">Connexion<span style=\"text-decoration: underline;color: #000000\"><img loading=\"lazy\" decoding=\"async\" src=\"\/\/sc01.alicdn.com\/kf\/HTB1Zt8NKMHqK1RjSZJnq6zNLpXa1\/228612101\/HTB1Zt8NKMHqK1RjSZJnq6zNLpXa1.jpg\" width=\"0\" height=\"0\"><\/span><\/span><\/strong><\/em><\/span><\/p>\n<p style=\"padding-left: 30px;text-align: center\"><span style=\"background-color: #00ccff;font-size: 24px\"><em><strong><span style=\"font-family: Calibri, 'zapf dingbats'\"><span style=\"text-decoration: underline;color: #000000\"><img loading=\"lazy\" decoding=\"async\" class=\"aligncenter\" src=\"\/\/sc02.alicdn.com\/kf\/Hd358c8190dc8489994bdc0041959d4ef4\/228612101\/Hd358c8190dc8489994bdc0041959d4ef4.jpg\" width=\"749\" height=\"748\"><\/span><\/span><\/strong><\/em><\/span><\/p>\n<p style=\"padding-left: 30px;text-align: center\"><span style=\"text-decoration: underline;color: #000000;background-color: #00ccff;font-size: 24px\"><em><strong><span style=\"font-family: Calibri, 'zapf dingbats'\">Application<\/span><\/strong><\/em><\/span><\/p>\n<p>&nbsp;<\/p>\n<p style=\"padding-left: 30px;text-align: center\"><span style=\"text-decoration: underline;color: #000000;background-color: #00ccff;font-size: 24px\"><em><strong><span style=\"font-family: Calibri, 'zapf dingbats'\"><img loading=\"lazy\" decoding=\"async\" class=\"alignleft\" src=\"\/\/sc02.alicdn.com\/kf\/H0508407cd455440cb1b3cdac6ef9439fD\/228612101\/H0508407cd455440cb1b3cdac6ef9439fD.jpg\" width=\"749\" height=\"365\"><\/span><\/strong><\/em><\/span><\/p>\n<p> <img loading=\"lazy\" decoding=\"async\" class=\"alignnone wp-image-749\" src=\"https:\/\/clfled.com\/wp-content\/uploads\/2022\/11\/%E4%B8%89%E8%A7%92%E5%BD%A2%E5%A5%87%E5%85%89%E6%9D%BF%E8%AF%A6%E6%83%85_01-208x300.jpg\" alt=\"\" width=\"264\" height=\"381\"><img loading=\"lazy\" decoding=\"async\" class=\"alignnone wp-image-750\" src=\"https:\/\/clfled.com\/wp-content\/uploads\/2022\/11\/%E4%B8%89%E8%A7%92%E5%BD%A2%E5%A5%87%E5%85%89%E6%9D%BF%E8%AF%A6%E6%83%85_02-272x300.jpg\" alt=\"\" width=\"344\" height=\"380\"><img loading=\"lazy\" decoding=\"async\" class=\"wp-image-751 alignnone\" src=\"https:\/\/clfled.com\/wp-content\/uploads\/2022\/11\/%E4%B8%89%E8%A7%92%E5%BD%A2%E5%A5%87%E5%85%89%E6%9D%BF%E8%AF%A6%E6%83%85_03-193x300.jpg\" alt=\"\" width=\"246\" height=\"382\"><\/p>\n<p><img loading=\"lazy\" decoding=\"async\" class=\"alignnone wp-image-752\" src=\"https:\/\/clfled.com\/wp-content\/uploads\/2022\/11\/%E4%B8%89%E8%A7%92%E5%BD%A2%E5%A5%87%E5%85%89%E6%9D%BF%E8%AF%A6%E6%83%85_04-193x300.jpg\" alt=\"\" width=\"244\" height=\"380\"><img loading=\"lazy\" decoding=\"async\" class=\"alignnone wp-image-753\" src=\"https:\/\/clfled.com\/wp-content\/uploads\/2022\/11\/%E4%B8%89%E8%A7%92%E5%BD%A2%E5%A5%87%E5%85%89%E6%9D%BF%E8%AF%A6%E6%83%85_05-194x300.jpg\" alt=\"\" width=\"246\" height=\"380\"><img loading=\"lazy\" decoding=\"async\" class=\"alignnone wp-image-754\" src=\"https:\/\/clfled.com\/wp-content\/uploads\/2022\/11\/%E4%B8%89%E8%A7%92%E5%BD%A2%E5%A5%87%E5%85%89%E6%9D%BF%E8%AF%A6%E6%83%85_06-276x300.jpg\" alt=\"\" width=\"350\" height=\"380\"><\/p>\n<p><img loading=\"lazy\" decoding=\"async\" class=\"alignnone wp-image-755\" src=\"https:\/\/clfled.com\/wp-content\/uploads\/2022\/11\/%E4%B8%89%E8%A7%92%E5%BD%A2%E5%A5%87%E5%85%89%E6%9D%BF%E8%AF%A6%E6%83%85_07-280x300.jpg\" alt=\"\" width=\"360\" height=\"386\"><img loading=\"lazy\" decoding=\"async\" class=\"alignnone wp-image-756\" src=\"https:\/\/clfled.com\/wp-content\/uploads\/2022\/11\/%E4%B8%89%E8%A7%92%E5%BD%A2%E5%A5%87%E5%85%89%E6%9D%BF%E8%AF%A6%E6%83%85_08-300x297.jpg\" alt=\"\" width=\"391\" height=\"387\"><\/p>\n","protected":false},"excerpt":{"rendered":"<p>Ce kit d&#8217;\u00e9clairage \u00e0 LED est propos\u00e9 avec diff\u00e9rentes options de couleur. Chaque couleur poss\u00e8de son propre ensemble de motifs et d&#8217;effets uniques. Il suffit de choisir le motif ou l&#8217;effet que vous souhaitez cr\u00e9er et d&#8217;appuyer sur les boutons correspondants de la t\u00e9l\u00e9commande. Le panneau lumineux intelligent mis \u00e0 jour offre 20 effets diff\u00e9rents : 8 couleurs statiques et 12 effets dynamiques. Vous pouvez changer d&#8217;effet en appuyant sur les boutons du contr\u00f4leur. Le bouton de droite permet de changer les couleurs statiques et le bouton de gauche les effets dynamiques.<br \/>\nIl y a plus de contr\u00f4le intelligent qu&#8217;avant : Ses composants de haute qualit\u00e9 en font un produit durable, \u00e9conome en \u00e9nergie, s\u00fbr et durable.<\/p>\n","protected":false},"featured_media":2505,"comment_status":"open","ping_status":"closed","template":"","meta":[],"product_cat":[247],"product_tag":[],"class_list":["post-4451","product","type-product","status-publish","has-post-thumbnail","hentry","product_cat-lumiere-decorative"],"yoast_head":"<!-- This site is optimized with the Yoast SEO Premium plugin v21.0 (Yoast SEO v21.0) - https:\/\/yoast.com\/wordpress\/plugins\/seo\/ -->\n<title>\u00c9clairage LED color\u00e9 \u00e0 la maison DIY Design RGB IC Control Kit APP Magic Triangular Smart Light Panel - Clfled<\/title>\n<meta name=\"robots\" content=\"index, follow, max-snippet:-1, max-image-preview:large, max-video-preview:-1\" \/>\n<link rel=\"canonical\" href=\"https:\/\/clfled.com\/fr\/produit\/witop-home-led-lighting-diy-design-rgb-ic-control-kit-app-magic-triangular-smart-light-panel\/\" \/>\n<meta property=\"og:locale\" content=\"fr_FR\" \/>\n<meta property=\"og:type\" content=\"article\" \/>\n<meta property=\"og:title\" content=\"\u00c9clairage LED color\u00e9 \u00e0 la maison DIY Design RGB IC Control Kit APP Magic Triangular Smart Light Panel\" \/>\n<meta property=\"og:description\" content=\"Ce kit d&#039;\u00e9clairage \u00e0 LED est propos\u00e9 avec diff\u00e9rentes options de couleur. Chaque couleur poss\u00e8de son propre ensemble de motifs et d&#039;effets uniques. Il suffit de choisir le motif ou l&#039;effet que vous souhaitez cr\u00e9er et d&#039;appuyer sur les boutons correspondants de la t\u00e9l\u00e9commande. Le panneau lumineux intelligent mis \u00e0 jour offre 20 effets diff\u00e9rents : 8 couleurs statiques et 12 effets dynamiques. Vous pouvez changer d&#039;effet en appuyant sur les boutons du contr\u00f4leur. Le bouton de droite permet de changer les couleurs statiques et le bouton de gauche les effets dynamiques. Il y a plus de contr\u00f4le intelligent qu&#039;avant : Ses composants de haute qualit\u00e9 en font un produit durable, \u00e9conome en \u00e9nergie, s\u00fbr et durable.\" \/>\n<meta property=\"og:url\" content=\"https:\/\/clfled.com\/fr\/produit\/witop-home-led-lighting-diy-design-rgb-ic-control-kit-app-magic-triangular-smart-light-panel\/\" \/>\n<meta property=\"og:site_name\" content=\"Clfled\" \/>\n<meta property=\"article:modified_time\" content=\"2022-11-29T07:02:44+00:00\" \/>\n<meta property=\"og:image\" content=\"https:\/\/clfled.com\/wp-content\/uploads\/2022\/11\/O1CN01DK3ve11SAOUBi5O9J_2924052206-0-cib.jpg\" \/>\n\t<meta property=\"og:image:width\" content=\"800\" \/>\n\t<meta property=\"og:image:height\" content=\"800\" \/>\n\t<meta property=\"og:image:type\" content=\"image\/jpeg\" \/>\n<meta name=\"twitter:card\" content=\"summary_large_image\" \/>\n<meta name=\"twitter:label1\" content=\"Dur\u00e9e de lecture estim\u00e9e\" \/>\n\t<meta name=\"twitter:data1\" content=\"1 minute\" \/>\n<script type=\"application\/ld+json\" class=\"yoast-schema-graph\">{\"@context\":\"https:\/\/schema.org\",\"@graph\":[{\"@type\":\"WebPage\",\"@id\":\"https:\/\/clfled.com\/fr\/produit\/witop-home-led-lighting-diy-design-rgb-ic-control-kit-app-magic-triangular-smart-light-panel\/\",\"url\":\"https:\/\/clfled.com\/fr\/produit\/witop-home-led-lighting-diy-design-rgb-ic-control-kit-app-magic-triangular-smart-light-panel\/\",\"name\":\"\u00c9clairage LED color\u00e9 \u00e0 la maison DIY Design RGB IC Control Kit APP Magic Triangular Smart Light Panel - Clfled\",\"isPartOf\":{\"@id\":\"https:\/\/clfled.com\/fr\/#website\"},\"datePublished\":\"2022-11-05T06:09:27+00:00\",\"dateModified\":\"2022-11-29T07:02:44+00:00\",\"breadcrumb\":{\"@id\":\"https:\/\/clfled.com\/fr\/produit\/witop-home-led-lighting-diy-design-rgb-ic-control-kit-app-magic-triangular-smart-light-panel\/#breadcrumb\"},\"inLanguage\":\"fr-FR\",\"potentialAction\":[{\"@type\":\"ReadAction\",\"target\":[\"https:\/\/clfled.com\/fr\/produit\/witop-home-led-lighting-diy-design-rgb-ic-control-kit-app-magic-triangular-smart-light-panel\/\"]}]},{\"@type\":\"BreadcrumbList\",\"@id\":\"https:\/\/clfled.com\/fr\/produit\/witop-home-led-lighting-diy-design-rgb-ic-control-kit-app-magic-triangular-smart-light-panel\/#breadcrumb\",\"itemListElement\":[{\"@type\":\"ListItem\",\"position\":1,\"name\":\"HOME\",\"item\":\"https:\/\/clfled.com\/fr\/\"},{\"@type\":\"ListItem\",\"position\":2,\"name\":\"Boutique\",\"item\":\"https:\/\/clfled.com\/fr\/boutique\/\"},{\"@type\":\"ListItem\",\"position\":3,\"name\":\"\u00c9clairage LED color\u00e9 \u00e0 la maison DIY Design RGB IC Control Kit APP Magic Triangular Smart Light Panel\"}]},{\"@type\":\"WebSite\",\"@id\":\"https:\/\/clfled.com\/fr\/#website\",\"url\":\"https:\/\/clfled.com\/fr\/\",\"name\":\"Clfled\",\"description\":\"clfled.com\",\"potentialAction\":[{\"@type\":\"SearchAction\",\"target\":{\"@type\":\"EntryPoint\",\"urlTemplate\":\"https:\/\/clfled.com\/fr\/?s={search_term_string}\"},\"query-input\":\"required name=search_term_string\"}],\"inLanguage\":\"fr-FR\"}]}<\/script>\n<!-- \/ Yoast SEO Premium plugin. -->","yoast_head_json":{"title":"\u00c9clairage LED color\u00e9 \u00e0 la maison DIY Design RGB IC Control Kit APP Magic Triangular Smart Light Panel - Clfled","robots":{"index":"index","follow":"follow","max-snippet":"max-snippet:-1","max-image-preview":"max-image-preview:large","max-video-preview":"max-video-preview:-1"},"canonical":"https:\/\/clfled.com\/fr\/produit\/witop-home-led-lighting-diy-design-rgb-ic-control-kit-app-magic-triangular-smart-light-panel\/","og_locale":"fr_FR","og_type":"article","og_title":"\u00c9clairage LED color\u00e9 \u00e0 la maison DIY Design RGB IC Control Kit APP Magic Triangular Smart Light Panel","og_description":"Ce kit d'\u00e9clairage \u00e0 LED est propos\u00e9 avec diff\u00e9rentes options de couleur. Chaque couleur poss\u00e8de son propre ensemble de motifs et d'effets uniques. Il suffit de choisir le motif ou l'effet que vous souhaitez cr\u00e9er et d'appuyer sur les boutons correspondants de la t\u00e9l\u00e9commande. Le panneau lumineux intelligent mis \u00e0 jour offre 20 effets diff\u00e9rents : 8 couleurs statiques et 12 effets dynamiques. Vous pouvez changer d'effet en appuyant sur les boutons du contr\u00f4leur. Le bouton de droite permet de changer les couleurs statiques et le bouton de gauche les effets dynamiques. Il y a plus de contr\u00f4le intelligent qu'avant : Ses composants de haute qualit\u00e9 en font un produit durable, \u00e9conome en \u00e9nergie, s\u00fbr et durable.","og_url":"https:\/\/clfled.com\/fr\/produit\/witop-home-led-lighting-diy-design-rgb-ic-control-kit-app-magic-triangular-smart-light-panel\/","og_site_name":"Clfled","article_modified_time":"2022-11-29T07:02:44+00:00","og_image":[{"width":800,"height":800,"url":"https:\/\/clfled.com\/wp-content\/uploads\/2022\/11\/O1CN01DK3ve11SAOUBi5O9J_2924052206-0-cib.jpg","type":"image\/jpeg"}],"twitter_card":"summary_large_image","twitter_misc":{"Dur\u00e9e de lecture estim\u00e9e":"1 minute"},"schema":{"@context":"https:\/\/schema.org","@graph":[{"@type":"WebPage","@id":"https:\/\/clfled.com\/fr\/produit\/witop-home-led-lighting-diy-design-rgb-ic-control-kit-app-magic-triangular-smart-light-panel\/","url":"https:\/\/clfled.com\/fr\/produit\/witop-home-led-lighting-diy-design-rgb-ic-control-kit-app-magic-triangular-smart-light-panel\/","name":"\u00c9clairage LED color\u00e9 \u00e0 la maison DIY Design RGB IC Control Kit APP Magic Triangular Smart Light Panel - Clfled","isPartOf":{"@id":"https:\/\/clfled.com\/fr\/#website"},"datePublished":"2022-11-05T06:09:27+00:00","dateModified":"2022-11-29T07:02:44+00:00","breadcrumb":{"@id":"https:\/\/clfled.com\/fr\/produit\/witop-home-led-lighting-diy-design-rgb-ic-control-kit-app-magic-triangular-smart-light-panel\/#breadcrumb"},"inLanguage":"fr-FR","potentialAction":[{"@type":"ReadAction","target":["https:\/\/clfled.com\/fr\/produit\/witop-home-led-lighting-diy-design-rgb-ic-control-kit-app-magic-triangular-smart-light-panel\/"]}]},{"@type":"BreadcrumbList","@id":"https:\/\/clfled.com\/fr\/produit\/witop-home-led-lighting-diy-design-rgb-ic-control-kit-app-magic-triangular-smart-light-panel\/#breadcrumb","itemListElement":[{"@type":"ListItem","position":1,"name":"HOME","item":"https:\/\/clfled.com\/fr\/"},{"@type":"ListItem","position":2,"name":"Boutique","item":"https:\/\/clfled.com\/fr\/boutique\/"},{"@type":"ListItem","position":3,"name":"\u00c9clairage LED color\u00e9 \u00e0 la maison DIY Design RGB IC Control Kit APP Magic Triangular Smart Light Panel"}]},{"@type":"WebSite","@id":"https:\/\/clfled.com\/fr\/#website","url":"https:\/\/clfled.com\/fr\/","name":"Clfled","description":"clfled.com","potentialAction":[{"@type":"SearchAction","target":{"@type":"EntryPoint","urlTemplate":"https:\/\/clfled.com\/fr\/?s={search_term_string}"},"query-input":"required name=search_term_string"}],"inLanguage":"fr-FR"}]}},"_links":{"self":[{"href":"https:\/\/clfled.com\/fr\/wp-json\/wp\/v2\/product\/4451","targetHints":{"allow":["GET"]}}],"collection":[{"href":"https:\/\/clfled.com\/fr\/wp-json\/wp\/v2\/product"}],"about":[{"href":"https:\/\/clfled.com\/fr\/wp-json\/wp\/v2\/types\/product"}],"replies":[{"embeddable":true,"href":"https:\/\/clfled.com\/fr\/wp-json\/wp\/v2\/comments?post=4451"}],"version-history":[{"count":3,"href":"https:\/\/clfled.com\/fr\/wp-json\/wp\/v2\/product\/4451\/revisions"}],"predecessor-version":[{"id":4709,"href":"https:\/\/clfled.com\/fr\/wp-json\/wp\/v2\/product\/4451\/revisions\/4709"}],"wp:featuredmedia":[{"embeddable":true,"href":"https:\/\/clfled.com\/fr\/wp-json\/wp\/v2\/media\/2505"}],"wp:attachment":[{"href":"https:\/\/clfled.com\/fr\/wp-json\/wp\/v2\/media?parent=4451"}],"wp:term":[{"taxonomy":"product_cat","embeddable":true,"href":"https:\/\/clfled.com\/fr\/wp-json\/wp\/v2\/product_cat?post=4451"},{"taxonomy":"product_tag","embeddable":true,"href":"https:\/\/clfled.com\/fr\/wp-json\/wp\/v2\/product_tag?post=4451"}],"curies":[{"name":"wp","href":"https:\/\/api.w.org\/{rel}","templated":true}]}}