{"id":4443,"date":"2022-11-05T14:09:50","date_gmt":"2022-11-05T06:09:50","guid":{"rendered":"https:\/\/clfled.com\/product\/guirlande-dampoules-a-led-pleine-couleur-guirlande-dampoules-a-led-exterieure-12v-avec-telecommande\/"},"modified":"2022-11-05T14:09:50","modified_gmt":"2022-11-05T06:09:50","slug":"ampoules-a-fil-de-couleur-lumiere-exterieure-lumiere-a-fil-12v-lumiere-avec-controle-a-distance","status":"publish","type":"product","link":"https:\/\/clfled.com\/fr\/produit\/ampoules-a-fil-de-couleur-lumiere-exterieure-lumiere-a-fil-12v-lumiere-avec-controle-a-distance\/","title":{"rendered":"Guirlande d&#8217;Ampoules \u00e0 Led Pleine Couleur Guirlande d&#8217;Ampoules \u00e0 Led Ext\u00e9rieure 12V Avec T\u00e9l\u00e9commande"},"content":{"rendered":"<p><span style=\"text-decoration: underline\"><strong><em><span style=\"font-family: 'times new roman', times;font-size: 24px\">Guirlande d&#8217;Ampoules \u00e0 Led Pleine Couleur Guirlande d&#8217;Ampoules \u00e0 Led Ext\u00e9rieure 12V Avec T\u00e9l\u00e9commande<\/span><\/em><\/strong><\/span><\/p>\n<p><span style=\"text-decoration: underline;background-color: #00ccff;font-size: 24px\"><strong><em><span style=\"font-family: 'times new roman', times\">Fonctionnalit\u00e9<\/span><\/em><\/strong><\/span><\/p>\n<p><span style=\"font-family: 'times new roman', times;font-size: 16px\">1.led string light est support\u00e9 par un adaptateur basse tension 12V, il est facile \u00e0 connecter.<\/span><\/p>\n<p><span style=\"font-family: 'times new roman', times;font-size: 16px\">2.ampoules \u00e9tanches pour l&#8217;ext\u00e9rieur.<\/span><\/p>\n<p><span style=\"font-family: 'times new roman', times;font-size: 16px\">3. la guirlande de LED multicolores est compatible avec le contr\u00f4le par t\u00e9l\u00e9phone intelligent, le contr\u00f4le par APP.<\/span><\/p>\n<p><span style=\"font-family: 'times new roman', times;font-size: 16px\">4.l&#8217;ampoule de l&#8217;\u00e9clairage de la cha\u00eene supporte le mode musique, il peut cr\u00e9er une atmosph\u00e8re heureuse.<\/span><\/p>\n<p><span style=\"font-family: 'times new roman', times;font-size: 16px\">5. les guirlandes lumineuses sont faciles \u00e0 manier et \u00e0 transporter.<\/span><\/p>\n<p><img fetchpriority=\"high\" decoding=\"async\" class=\"\" src=\"\/\/sc04.alicdn.com\/kf\/H82b7a7ab530c4c83a971280ad8b138e6d\/228612101\/H82b7a7ab530c4c83a971280ad8b138e6d.jpg\" alt=\"Guirlande d'Ampoules \u00e0 Led Pleine Couleur Guirlande d'Ampoules \u00e0 Led Ext\u00e9rieure 12V Avec T\u00e9l\u00e9commande\" width=\"750\" height=\"464\"><\/p>\n<p><span style=\"text-decoration: underline;background-color: #00ccff;font-size: 24px\"><strong><em><span style=\"font-family: 'times new roman', times\">Sp\u00e9cification&amp;Package Article<\/span><\/em><\/strong><\/span><\/p>\n<table style=\"border-collapse: collapse;border-style: solid;background-color: #ffffff;width: 750px;height: 456px\" border=\"1\">\n<tbody>\n<tr style=\"height: 18px\">\n<td style=\"width: 340px;height: 18px\"><span style=\"color: #000000;font-family: 'times new roman', times;font-size: 16px;font-style: normal;font-weight: 400;background-color: #ffffff;float: none\">Cordon d&#8217;ampoules \u00e0 DEL de couleur*15pcs<\/span><\/td>\n<td style=\"width: 397px;height: 18px\"><span style=\"font-family: 'times new roman', times;font-size: 16px\">DC12V<\/span><\/p>\n<p><span style=\"font-family: 'times new roman', times;font-size: 16px\">12W<\/span><\/p>\n<p><span style=\"font-family: 'times new roman', times;font-size: 16px\">14M\u00e8tres de longueur totale<\/span><\/td>\n<\/tr>\n<tr style=\"height: 31px\">\n<td style=\"width: 340px;height: 31px\"><span style=\"color: #000000;font-family: 'times new roman', times;font-size: 16px;font-style: normal;font-weight: 400;background-color: #ffffff;float: none\">Bo\u00eete de contr\u00f4le pour ampoules Led*1pc<\/span><\/td>\n<td style=\"width: 397px;height: 31px\"><span style=\"font-family: 'times new roman', times;font-size: 16px\">Contr\u00f4le par APP<\/span><\/p>\n<p><span style=\"font-family: 'times new roman', times;font-size: 16px\">Distance de contr\u00f4le : 10 m\u00e8tres<\/span><\/td>\n<\/tr>\n<tr style=\"height: 14px\">\n<td style=\"width: 340px;height: 14px\"><span style=\"color: #000000;font-family: 'times new roman', times;font-size: 16px;font-style: normal;font-weight: 400;background-color: #ffffff;float: none\">Adaptateur secteur*1pc<\/span><\/td>\n<td style=\"width: 397px;height: 14px\"><span style=\"color: #000000;font-family: 'times new roman', times;font-size: 16px;font-style: normal;font-weight: 400;background-color: #ffffff;float: none\">12V*1A<\/span><\/td>\n<\/tr>\n<tr style=\"height: 8px\">\n<td style=\"width: 340px;height: 8px\"><span style=\"color: #000000;font-family: 'times new roman', times;font-size: 16px;font-style: normal;font-weight: 400;background-color: #ffffff;float: none\">Manuel de l&#8217;utilisateur*1pc<\/span><\/td>\n<td style=\"width: 397px;height: 8px\"> <span style=\"font-size: 16px\">\/<\/span><\/td>\n<\/tr>\n<\/tbody>\n<\/table>\n<p><span style=\"background-color: #00ccff;font-size: 24px\"><em><strong><span style=\"font-family: 'times new roman', times\">Pr\u00e9sentation du produit<\/span><\/strong><\/em><\/span><\/p>\n<p><span style=\"background-color: #00ccff;font-size: 24px\"><em><strong><span style=\"font-family: 'times new roman', times\"><img decoding=\"async\" class=\"\" src=\"\/\/sc04.alicdn.com\/kf\/He6428f076bae48b680b0b551b54d5aaaM\/228612101\/He6428f076bae48b680b0b551b54d5aaaM.jpg\" alt=\"Guirlande d'Ampoules \u00e0 Led Pleine Couleur Guirlande d'Ampoules \u00e0 Led Ext\u00e9rieure 12V Avec T\u00e9l\u00e9commande\" width=\"750\" height=\"750\"><br \/>\n<img decoding=\"async\" class=\"\" src=\"\/\/sc04.alicdn.com\/kf\/H4c4825bee92242cba1d3405974fd4febO\/228612101\/H4c4825bee92242cba1d3405974fd4febO.jpg\" alt=\"Guirlande d'Ampoules \u00e0 Led Pleine Couleur Guirlande d'Ampoules \u00e0 Led Ext\u00e9rieure 12V Avec T\u00e9l\u00e9commande\" width=\"750\" height=\"750\"><\/span><\/strong><\/em><\/span><\/p>\n<p><span style=\"background-color: #00ccff;font-size: 24px\"><em><strong><span style=\"font-family: 'times new roman', times\">Application<\/span><\/strong><\/em><\/span><\/p>\n<p><span style=\"background-color: #ffffff;font-size: 16px\"><em><strong><span style=\"font-family: 'times new roman', times\">La guirlande lumineuse \u00e9tanche est utilis\u00e9e dans certains endroits : jardin, cour, balcon ouvert, restaurant ext\u00e9rieur, cour de maison, etc.<\/span><\/strong><\/em><\/span><\/p>\n<p><img loading=\"lazy\" decoding=\"async\" class=\"\" src=\"\/\/sc04.alicdn.com\/kf\/H425f3580408745199f8491143acddd7fd\/228612101\/H425f3580408745199f8491143acddd7fd.jpg\" alt=\"Guirlande d'Ampoules \u00e0 Led Pleine Couleur Guirlande d'Ampoules \u00e0 Led Ext\u00e9rieure 12V Avec T\u00e9l\u00e9commande\" width=\"750\" height=\"464\"><\/p>\n","protected":false},"excerpt":{"rendered":"<p>Guirlande d&#8217;Ampoules \u00e0 Led Pleine Couleur Guirlande d&#8217;Ampoules \u00e0 Led Ext\u00e9rieure 12V Avec T\u00e9l\u00e9commande Fonctionnalit\u00e9 1.led string light est support\u00e9<\/p>\n","protected":false},"featured_media":2501,"comment_status":"open","ping_status":"closed","template":"","meta":[],"product_cat":[247],"product_tag":[],"class_list":["post-4443","product","type-product","status-publish","has-post-thumbnail","hentry","product_cat-lumiere-decorative"],"yoast_head":"<!-- This site is optimized with the Yoast SEO Premium plugin v21.0 (Yoast SEO v21.0) - https:\/\/yoast.com\/wordpress\/plugins\/seo\/ -->\n<title>Guirlande d&#039;Ampoules \u00e0 Led Pleine Couleur Guirlande d&#039;Ampoules \u00e0 Led Ext\u00e9rieure 12V Avec T\u00e9l\u00e9commande - Clfled<\/title>\n<meta name=\"robots\" content=\"index, follow, max-snippet:-1, max-image-preview:large, max-video-preview:-1\" \/>\n<link rel=\"canonical\" href=\"https:\/\/clfled.com\/fr\/produit\/ampoules-a-fil-de-couleur-lumiere-exterieure-lumiere-a-fil-12v-lumiere-avec-controle-a-distance\/\" \/>\n<meta property=\"og:locale\" content=\"fr_FR\" \/>\n<meta property=\"og:type\" content=\"article\" \/>\n<meta property=\"og:title\" content=\"Guirlande d&#039;Ampoules \u00e0 Led Pleine Couleur Guirlande d&#039;Ampoules \u00e0 Led Ext\u00e9rieure 12V Avec T\u00e9l\u00e9commande\" \/>\n<meta property=\"og:description\" content=\"Guirlande d&#8217;Ampoules \u00e0 Led Pleine Couleur Guirlande d&#8217;Ampoules \u00e0 Led Ext\u00e9rieure 12V Avec T\u00e9l\u00e9commande Fonctionnalit\u00e9 1.led string light est support\u00e9\" \/>\n<meta property=\"og:url\" content=\"https:\/\/clfled.com\/fr\/produit\/ampoules-a-fil-de-couleur-lumiere-exterieure-lumiere-a-fil-12v-lumiere-avec-controle-a-distance\/\" \/>\n<meta property=\"og:site_name\" content=\"Clfled\" \/>\n<meta property=\"og:image\" content=\"https:\/\/clfled.com\/wp-content\/uploads\/2022\/11\/\u4e3b\u56fe6.jpg\" \/>\n\t<meta property=\"og:image:width\" content=\"800\" \/>\n\t<meta property=\"og:image:height\" content=\"800\" \/>\n\t<meta property=\"og:image:type\" content=\"image\/jpeg\" \/>\n<meta name=\"twitter:card\" content=\"summary_large_image\" \/>\n<meta name=\"twitter:label1\" content=\"Dur\u00e9e de lecture estim\u00e9e\" \/>\n\t<meta name=\"twitter:data1\" content=\"1 minute\" \/>\n<script type=\"application\/ld+json\" class=\"yoast-schema-graph\">{\"@context\":\"https:\/\/schema.org\",\"@graph\":[{\"@type\":\"WebPage\",\"@id\":\"https:\/\/clfled.com\/fr\/produit\/ampoules-a-fil-de-couleur-lumiere-exterieure-lumiere-a-fil-12v-lumiere-avec-controle-a-distance\/\",\"url\":\"https:\/\/clfled.com\/fr\/produit\/ampoules-a-fil-de-couleur-lumiere-exterieure-lumiere-a-fil-12v-lumiere-avec-controle-a-distance\/\",\"name\":\"Guirlande d'Ampoules \u00e0 Led Pleine Couleur Guirlande d'Ampoules \u00e0 Led Ext\u00e9rieure 12V Avec T\u00e9l\u00e9commande - Clfled\",\"isPartOf\":{\"@id\":\"https:\/\/clfled.com\/fr\/#website\"},\"datePublished\":\"2022-11-05T06:09:50+00:00\",\"dateModified\":\"2022-11-05T06:09:50+00:00\",\"breadcrumb\":{\"@id\":\"https:\/\/clfled.com\/fr\/produit\/ampoules-a-fil-de-couleur-lumiere-exterieure-lumiere-a-fil-12v-lumiere-avec-controle-a-distance\/#breadcrumb\"},\"inLanguage\":\"fr-FR\",\"potentialAction\":[{\"@type\":\"ReadAction\",\"target\":[\"https:\/\/clfled.com\/fr\/produit\/ampoules-a-fil-de-couleur-lumiere-exterieure-lumiere-a-fil-12v-lumiere-avec-controle-a-distance\/\"]}]},{\"@type\":\"BreadcrumbList\",\"@id\":\"https:\/\/clfled.com\/fr\/produit\/ampoules-a-fil-de-couleur-lumiere-exterieure-lumiere-a-fil-12v-lumiere-avec-controle-a-distance\/#breadcrumb\",\"itemListElement\":[{\"@type\":\"ListItem\",\"position\":1,\"name\":\"HOME\",\"item\":\"https:\/\/clfled.com\/fr\/\"},{\"@type\":\"ListItem\",\"position\":2,\"name\":\"Boutique\",\"item\":\"https:\/\/clfled.com\/fr\/boutique\/\"},{\"@type\":\"ListItem\",\"position\":3,\"name\":\"Guirlande d&#8217;Ampoules \u00e0 Led Pleine Couleur Guirlande d&#8217;Ampoules \u00e0 Led Ext\u00e9rieure 12V Avec T\u00e9l\u00e9commande\"}]},{\"@type\":\"WebSite\",\"@id\":\"https:\/\/clfled.com\/fr\/#website\",\"url\":\"https:\/\/clfled.com\/fr\/\",\"name\":\"Clfled\",\"description\":\"clfled.com\",\"potentialAction\":[{\"@type\":\"SearchAction\",\"target\":{\"@type\":\"EntryPoint\",\"urlTemplate\":\"https:\/\/clfled.com\/fr\/?s={search_term_string}\"},\"query-input\":\"required name=search_term_string\"}],\"inLanguage\":\"fr-FR\"}]}<\/script>\n<!-- \/ Yoast SEO Premium plugin. -->","yoast_head_json":{"title":"Guirlande d'Ampoules \u00e0 Led Pleine Couleur Guirlande d'Ampoules \u00e0 Led Ext\u00e9rieure 12V Avec T\u00e9l\u00e9commande - Clfled","robots":{"index":"index","follow":"follow","max-snippet":"max-snippet:-1","max-image-preview":"max-image-preview:large","max-video-preview":"max-video-preview:-1"},"canonical":"https:\/\/clfled.com\/fr\/produit\/ampoules-a-fil-de-couleur-lumiere-exterieure-lumiere-a-fil-12v-lumiere-avec-controle-a-distance\/","og_locale":"fr_FR","og_type":"article","og_title":"Guirlande d'Ampoules \u00e0 Led Pleine Couleur Guirlande d'Ampoules \u00e0 Led Ext\u00e9rieure 12V Avec T\u00e9l\u00e9commande","og_description":"Guirlande d&#8217;Ampoules \u00e0 Led Pleine Couleur Guirlande d&#8217;Ampoules \u00e0 Led Ext\u00e9rieure 12V Avec T\u00e9l\u00e9commande Fonctionnalit\u00e9 1.led string light est support\u00e9","og_url":"https:\/\/clfled.com\/fr\/produit\/ampoules-a-fil-de-couleur-lumiere-exterieure-lumiere-a-fil-12v-lumiere-avec-controle-a-distance\/","og_site_name":"Clfled","og_image":[{"width":800,"height":800,"url":"https:\/\/clfled.com\/wp-content\/uploads\/2022\/11\/\u4e3b\u56fe6.jpg","type":"image\/jpeg"}],"twitter_card":"summary_large_image","twitter_misc":{"Dur\u00e9e de lecture estim\u00e9e":"1 minute"},"schema":{"@context":"https:\/\/schema.org","@graph":[{"@type":"WebPage","@id":"https:\/\/clfled.com\/fr\/produit\/ampoules-a-fil-de-couleur-lumiere-exterieure-lumiere-a-fil-12v-lumiere-avec-controle-a-distance\/","url":"https:\/\/clfled.com\/fr\/produit\/ampoules-a-fil-de-couleur-lumiere-exterieure-lumiere-a-fil-12v-lumiere-avec-controle-a-distance\/","name":"Guirlande d'Ampoules \u00e0 Led Pleine Couleur Guirlande d'Ampoules \u00e0 Led Ext\u00e9rieure 12V Avec T\u00e9l\u00e9commande - Clfled","isPartOf":{"@id":"https:\/\/clfled.com\/fr\/#website"},"datePublished":"2022-11-05T06:09:50+00:00","dateModified":"2022-11-05T06:09:50+00:00","breadcrumb":{"@id":"https:\/\/clfled.com\/fr\/produit\/ampoules-a-fil-de-couleur-lumiere-exterieure-lumiere-a-fil-12v-lumiere-avec-controle-a-distance\/#breadcrumb"},"inLanguage":"fr-FR","potentialAction":[{"@type":"ReadAction","target":["https:\/\/clfled.com\/fr\/produit\/ampoules-a-fil-de-couleur-lumiere-exterieure-lumiere-a-fil-12v-lumiere-avec-controle-a-distance\/"]}]},{"@type":"BreadcrumbList","@id":"https:\/\/clfled.com\/fr\/produit\/ampoules-a-fil-de-couleur-lumiere-exterieure-lumiere-a-fil-12v-lumiere-avec-controle-a-distance\/#breadcrumb","itemListElement":[{"@type":"ListItem","position":1,"name":"HOME","item":"https:\/\/clfled.com\/fr\/"},{"@type":"ListItem","position":2,"name":"Boutique","item":"https:\/\/clfled.com\/fr\/boutique\/"},{"@type":"ListItem","position":3,"name":"Guirlande d&#8217;Ampoules \u00e0 Led Pleine Couleur Guirlande d&#8217;Ampoules \u00e0 Led Ext\u00e9rieure 12V Avec T\u00e9l\u00e9commande"}]},{"@type":"WebSite","@id":"https:\/\/clfled.com\/fr\/#website","url":"https:\/\/clfled.com\/fr\/","name":"Clfled","description":"clfled.com","potentialAction":[{"@type":"SearchAction","target":{"@type":"EntryPoint","urlTemplate":"https:\/\/clfled.com\/fr\/?s={search_term_string}"},"query-input":"required name=search_term_string"}],"inLanguage":"fr-FR"}]}},"_links":{"self":[{"href":"https:\/\/clfled.com\/fr\/wp-json\/wp\/v2\/product\/4443","targetHints":{"allow":["GET"]}}],"collection":[{"href":"https:\/\/clfled.com\/fr\/wp-json\/wp\/v2\/product"}],"about":[{"href":"https:\/\/clfled.com\/fr\/wp-json\/wp\/v2\/types\/product"}],"replies":[{"embeddable":true,"href":"https:\/\/clfled.com\/fr\/wp-json\/wp\/v2\/comments?post=4443"}],"version-history":[{"count":1,"href":"https:\/\/clfled.com\/fr\/wp-json\/wp\/v2\/product\/4443\/revisions"}],"predecessor-version":[{"id":4707,"href":"https:\/\/clfled.com\/fr\/wp-json\/wp\/v2\/product\/4443\/revisions\/4707"}],"wp:featuredmedia":[{"embeddable":true,"href":"https:\/\/clfled.com\/fr\/wp-json\/wp\/v2\/media\/2501"}],"wp:attachment":[{"href":"https:\/\/clfled.com\/fr\/wp-json\/wp\/v2\/media?parent=4443"}],"wp:term":[{"taxonomy":"product_cat","embeddable":true,"href":"https:\/\/clfled.com\/fr\/wp-json\/wp\/v2\/product_cat?post=4443"},{"taxonomy":"product_tag","embeddable":true,"href":"https:\/\/clfled.com\/fr\/wp-json\/wp\/v2\/product_tag?post=4443"}],"curies":[{"name":"wp","href":"https:\/\/api.w.org\/{rel}","templated":true}]}}