{"id":4411,"date":"2022-11-05T14:11:39","date_gmt":"2022-11-05T06:11:39","guid":{"rendered":"https:\/\/clfled.com\/product\/clf-104-psu-box-led-controller-with-spi-dmx512-single-art-net-controller-for-stage-light-fashion-show\/"},"modified":"2022-11-05T14:11:39","modified_gmt":"2022-11-05T06:11:39","slug":"led-controller-with-spi-dmx512-single-art-net-controller-for-stage-light-fashion-show-2","status":"publish","type":"product","link":"https:\/\/clfled.com\/fr\/produit\/led-controller-with-spi-dmx512-single-art-net-controller-for-stage-light-fashion-show-2\/","title":{"rendered":"CLF 104 psu box led controller with spi DMX512 single art net controller for stage light fashion show"},"content":{"rendered":"<h2 style=\"font-weight: bold;line-height: 1;font-size: 1.5em;margin: 0.75em 0px;color: #000000;font-family: Arial;font-style: normal;text-align: center\"><span style=\"color: #3366ff;font-size: 32px\"><strong>contr\u00f4leur led avec spi DMX512 single artnet contr\u00f4leur pour sc\u00e8ne lumi\u00e8re d\u00e9fil\u00e9 de mode<\/strong><\/span><\/h2>\n<p>Dans la condition o\u00f9 l&#8217;adresse de d\u00e9part est 1 fix\u00e9e par le contr\u00f4leur :<\/p>\n<table style=\"height: 989px\" border=\"1\" width=\"750\" cellspacing=\"0\">\n<tbody>\n<tr>\n<td valign=\"top\" width=\"75\">\n<div align=\"center\">Canal<\/div>\n<\/td>\n<td valign=\"top\" width=\"93\">\n<div align=\"center\">Fonction<\/div>\n<\/td>\n<td valign=\"top\" width=\"398\">\n<div align=\"center\">Sp\u00e9cifications<\/div>\n<\/td>\n<\/tr>\n<tr>\n<td valign=\"top\" width=\"75\">\n<div align=\"center\">Canal 1<\/div>\n<\/td>\n<td valign=\"top\" width=\"93\">\n<div>S\u00e9lection des fichiers<\/div>\n<\/td>\n<td valign=\"top\" width=\"398\">\n<div>Lorsque le chiffre de DMX est compris entre 0~250, le contr\u00f4leur fonctionne en mode SD et la s\u00e9lection du fichier est comprise entre 1-31.<\/div>\n<div>Lorsque le chiffre de DMX est 255, il passe en mode ArtNet.<\/div>\n<div><\/div>\n<\/td>\n<\/tr>\n<tr>\n<td valign=\"top\" width=\"75\">\n<div align=\"center\">Canal 2<\/div>\n<\/td>\n<td valign=\"top\" width=\"93\">\n<div>Contr\u00f4le de la vitesse de lecture<\/div>\n<\/td>\n<td valign=\"top\" width=\"398\">\n<div>0~255\uff0cla vitesse va de lente \u00e0 rapide.<\/div>\n<\/td>\n<\/tr>\n<tr>\n<td valign=\"top\" width=\"75\">\n<div align=\"center\">Canal 3<\/div>\n<\/td>\n<td valign=\"top\" width=\"93\">\n<div>Contr\u00f4le de la luminosit\u00e9 de la lecture<\/div>\n<\/td>\n<td valign=\"top\" width=\"398\">\n<div>0~255\uff0cLorsque le chiffre de DMX est sombre, quant \u00e0 255, il est le plus lumineux.<\/div>\n<\/td>\n<\/tr>\n<tr>\n<td valign=\"top\" width=\"75\">\n<div align=\"center\">Canal 4<\/div>\n<\/td>\n<td valign=\"top\" width=\"93\">\n<div>Valeur de la couleur R de l&#8217;effet de couverture<\/div>\n<\/td>\n<td valign=\"top\" width=\"398\">\n<div>La valeur de la couleur 0~255\uff0cR va du plus brillant au disparu.<\/div>\n<\/td>\n<\/tr>\n<tr>\n<td valign=\"top\" width=\"75\">\n<div align=\"center\">Canal 5<\/div>\n<\/td>\n<td valign=\"top\" width=\"93\">\n<div>G couleur Valeur de l&#8217;effet de couverture<\/div>\n<\/td>\n<td valign=\"top\" width=\"398\">\n<div>La valeur de la couleur 0~255\uff0cG va du plus brillant au disparu.<\/div>\n<\/td>\n<\/tr>\n<tr>\n<td valign=\"top\" width=\"75\">\n<div align=\"center\">Canal 6<\/div>\n<\/td>\n<td valign=\"top\" width=\"93\">\n<div>B Valeur de la couleur de l&#8217;effet de couverture<\/div>\n<\/td>\n<td valign=\"top\" width=\"398\">\n<div>La valeur de la couleur 0~255\uff0cB va du plus brillant au disparu.<\/div>\n<\/td>\n<\/tr>\n<tr>\n<td valign=\"top\" width=\"75\">\n<div align=\"center\">Canal 7<\/div>\n<\/td>\n<td valign=\"top\" width=\"93\">\n<div>Scintillement<\/div>\n<\/td>\n<td valign=\"top\" width=\"398\">\n<div>Le chiffre de DMX est 0~10 : le contr\u00f4leur fonctionne en mode SD.<\/div>\n<div>Le chiffre de DMX est 11~20 : la couleur blanche ne vacillera pas, et peut fonctionner avec le canal 4-6 pour faire diff\u00e9rentes couleurs.<\/div>\n<div>Le chiffre de DMX est de 21~255 : Mode scintillement, chiffre plus grand, vitesse de scintillement plus rapide, peut fonctionner avec le canal 2 pour contr\u00f4ler la vitesse de scintillement.<\/div>\n<\/td>\n<\/tr>\n<tr>\n<td valign=\"top\" width=\"75\">\n<div align=\"center\">Canal 8<\/div>\n<\/td>\n<td valign=\"top\" width=\"93\">\n<div>Enregistrement d&#8217;effets<\/div>\n<\/td>\n<td valign=\"top\" width=\"398\">\n<div>Doit fonctionner avec les canaux 4~6 lors de l&#8217;enregistrement de l&#8217;effet. Le chiffre de DMX est 129~255 : si le chiffre du canal 4, du canal 5, et du canal 6 est 255, il enregistrera l&#8217;effet.<\/div>\n<div>Le chiffre de DMX est 0~128 : il fonctionne en mode SD ou Artnet.<\/div>\n<\/td>\n<\/tr>\n<\/tbody>\n<\/table>\n<p><img fetchpriority=\"high\" decoding=\"async\" class=\"\" src=\"\/\/sc04.alicdn.com\/kf\/H058b5fa39b0a4674851e90892aa34929k\/200440271\/H058b5fa39b0a4674851e90892aa34929k.jpg\" alt=\"contr\u00f4leur led avec spi DMX512 single art net controller for stage light fashion show\" width=\"750\" height=\"784\"><\/p>\n<p>&nbsp;<\/p>\n<p><img decoding=\"async\" class=\"\" src=\"\/\/sc04.alicdn.com\/kf\/H733f8fa53f9748718b525d4ea5bccbceQ\/200440271\/H733f8fa53f9748718b525d4ea5bccbceQ.jpg\" alt=\"contr\u00f4leur led avec spi DMX512 single art net controller for stage light fashion show\" width=\"750\" height=\"752\"><\/p>\n<p><img decoding=\"async\" class=\"\" src=\"\/\/sc04.alicdn.com\/kf\/H7d6fe0ff80e34ca1ae23762e2c549349I\/200440271\/H7d6fe0ff80e34ca1ae23762e2c549349I.jpg\" alt=\"contr\u00f4leur led avec spi DMX512 single art net controller for stage light fashion show\" width=\"750\" height=\"827\"><\/p>\n<p><img loading=\"lazy\" decoding=\"async\" class=\"\" src=\"\/\/sc04.alicdn.com\/kf\/H1af6f1a480ae471da26cdd0bfe454405v\/200440271\/H1af6f1a480ae471da26cdd0bfe454405v.jpg\" alt=\"contr\u00f4leur led avec spi DMX512 single art net controller for stage light fashion show\" width=\"750\" height=\"700\"><\/p>\n<p style=\"margin: 0cm 0cm 0.0001pt;padding: 0px;border: 0px;font-style: normal;font-weight: 400;font-size: 12px;line-height: 13.5pt;font-family: Arial,Helvetica;vertical-align: baseline;color: #333333\">\n","protected":false},"excerpt":{"rendered":"<p>contr\u00f4leur led avec spi DMX512 single artnet contr\u00f4leur pour sc\u00e8ne lumi\u00e8re d\u00e9fil\u00e9 de mode Dans la condition o\u00f9 l&#8217;adresse de<\/p>\n","protected":false},"featured_media":2113,"comment_status":"open","ping_status":"closed","template":"","meta":[],"product_cat":[159],"product_tag":[],"class_list":["post-4411","product","type-product","status-publish","has-post-thumbnail","hentry","product_cat-controleur-de-led"],"yoast_head":"<!-- This site is optimized with the Yoast SEO Premium plugin v21.0 (Yoast SEO v21.0) - https:\/\/yoast.com\/wordpress\/plugins\/seo\/ -->\n<title>CLF 104 psu box led controller with spi DMX512 single art net controller for stage light fashion show - Clfled<\/title>\n<meta name=\"robots\" content=\"index, follow, max-snippet:-1, max-image-preview:large, max-video-preview:-1\" \/>\n<link rel=\"canonical\" href=\"https:\/\/clfled.com\/fr\/produit\/led-controller-with-spi-dmx512-single-art-net-controller-for-stage-light-fashion-show-2\/\" \/>\n<meta property=\"og:locale\" content=\"fr_FR\" \/>\n<meta property=\"og:type\" content=\"article\" \/>\n<meta property=\"og:title\" content=\"CLF 104 psu box led controller with spi DMX512 single art net controller for stage light fashion show\" \/>\n<meta property=\"og:description\" content=\"contr\u00f4leur led avec spi DMX512 single artnet contr\u00f4leur pour sc\u00e8ne lumi\u00e8re d\u00e9fil\u00e9 de mode Dans la condition o\u00f9 l&#8217;adresse de\" \/>\n<meta property=\"og:url\" content=\"https:\/\/clfled.com\/fr\/produit\/led-controller-with-spi-dmx512-single-art-net-controller-for-stage-light-fashion-show-2\/\" \/>\n<meta property=\"og:site_name\" content=\"Clfled\" \/>\n<meta property=\"og:image\" content=\"https:\/\/clfled.com\/wp-content\/uploads\/2022\/11\/H9be1ee6b58ce4d6782300d14932645a0r.jpg\" \/>\n\t<meta property=\"og:image:width\" content=\"732\" \/>\n\t<meta property=\"og:image:height\" content=\"765\" \/>\n\t<meta property=\"og:image:type\" content=\"image\/jpeg\" \/>\n<meta name=\"twitter:card\" content=\"summary_large_image\" \/>\n<meta name=\"twitter:label1\" content=\"Dur\u00e9e de lecture estim\u00e9e\" \/>\n\t<meta name=\"twitter:data1\" content=\"1 minute\" \/>\n<script type=\"application\/ld+json\" class=\"yoast-schema-graph\">{\"@context\":\"https:\/\/schema.org\",\"@graph\":[{\"@type\":\"WebPage\",\"@id\":\"https:\/\/clfled.com\/fr\/produit\/led-controller-with-spi-dmx512-single-art-net-controller-for-stage-light-fashion-show-2\/\",\"url\":\"https:\/\/clfled.com\/fr\/produit\/led-controller-with-spi-dmx512-single-art-net-controller-for-stage-light-fashion-show-2\/\",\"name\":\"CLF 104 psu box led controller with spi DMX512 single art net controller for stage light fashion show - Clfled\",\"isPartOf\":{\"@id\":\"https:\/\/clfled.com\/fr\/#website\"},\"datePublished\":\"2022-11-05T06:11:39+00:00\",\"dateModified\":\"2022-11-05T06:11:39+00:00\",\"breadcrumb\":{\"@id\":\"https:\/\/clfled.com\/fr\/produit\/led-controller-with-spi-dmx512-single-art-net-controller-for-stage-light-fashion-show-2\/#breadcrumb\"},\"inLanguage\":\"fr-FR\",\"potentialAction\":[{\"@type\":\"ReadAction\",\"target\":[\"https:\/\/clfled.com\/fr\/produit\/led-controller-with-spi-dmx512-single-art-net-controller-for-stage-light-fashion-show-2\/\"]}]},{\"@type\":\"BreadcrumbList\",\"@id\":\"https:\/\/clfled.com\/fr\/produit\/led-controller-with-spi-dmx512-single-art-net-controller-for-stage-light-fashion-show-2\/#breadcrumb\",\"itemListElement\":[{\"@type\":\"ListItem\",\"position\":1,\"name\":\"HOME\",\"item\":\"https:\/\/clfled.com\/fr\/\"},{\"@type\":\"ListItem\",\"position\":2,\"name\":\"Boutique\",\"item\":\"https:\/\/clfled.com\/fr\/boutique\/\"},{\"@type\":\"ListItem\",\"position\":3,\"name\":\"CLF 104 psu box led controller with spi DMX512 single art net controller for stage light fashion show\"}]},{\"@type\":\"WebSite\",\"@id\":\"https:\/\/clfled.com\/fr\/#website\",\"url\":\"https:\/\/clfled.com\/fr\/\",\"name\":\"Clfled\",\"description\":\"clfled.com\",\"potentialAction\":[{\"@type\":\"SearchAction\",\"target\":{\"@type\":\"EntryPoint\",\"urlTemplate\":\"https:\/\/clfled.com\/fr\/?s={search_term_string}\"},\"query-input\":\"required name=search_term_string\"}],\"inLanguage\":\"fr-FR\"}]}<\/script>\n<!-- \/ Yoast SEO Premium plugin. -->","yoast_head_json":{"title":"CLF 104 psu box led controller with spi DMX512 single art net controller for stage light fashion show - Clfled","robots":{"index":"index","follow":"follow","max-snippet":"max-snippet:-1","max-image-preview":"max-image-preview:large","max-video-preview":"max-video-preview:-1"},"canonical":"https:\/\/clfled.com\/fr\/produit\/led-controller-with-spi-dmx512-single-art-net-controller-for-stage-light-fashion-show-2\/","og_locale":"fr_FR","og_type":"article","og_title":"CLF 104 psu box led controller with spi DMX512 single art net controller for stage light fashion show","og_description":"contr\u00f4leur led avec spi DMX512 single artnet contr\u00f4leur pour sc\u00e8ne lumi\u00e8re d\u00e9fil\u00e9 de mode Dans la condition o\u00f9 l&#8217;adresse de","og_url":"https:\/\/clfled.com\/fr\/produit\/led-controller-with-spi-dmx512-single-art-net-controller-for-stage-light-fashion-show-2\/","og_site_name":"Clfled","og_image":[{"width":732,"height":765,"url":"https:\/\/clfled.com\/wp-content\/uploads\/2022\/11\/H9be1ee6b58ce4d6782300d14932645a0r.jpg","type":"image\/jpeg"}],"twitter_card":"summary_large_image","twitter_misc":{"Dur\u00e9e de lecture estim\u00e9e":"1 minute"},"schema":{"@context":"https:\/\/schema.org","@graph":[{"@type":"WebPage","@id":"https:\/\/clfled.com\/fr\/produit\/led-controller-with-spi-dmx512-single-art-net-controller-for-stage-light-fashion-show-2\/","url":"https:\/\/clfled.com\/fr\/produit\/led-controller-with-spi-dmx512-single-art-net-controller-for-stage-light-fashion-show-2\/","name":"CLF 104 psu box led controller with spi DMX512 single art net controller for stage light fashion show - Clfled","isPartOf":{"@id":"https:\/\/clfled.com\/fr\/#website"},"datePublished":"2022-11-05T06:11:39+00:00","dateModified":"2022-11-05T06:11:39+00:00","breadcrumb":{"@id":"https:\/\/clfled.com\/fr\/produit\/led-controller-with-spi-dmx512-single-art-net-controller-for-stage-light-fashion-show-2\/#breadcrumb"},"inLanguage":"fr-FR","potentialAction":[{"@type":"ReadAction","target":["https:\/\/clfled.com\/fr\/produit\/led-controller-with-spi-dmx512-single-art-net-controller-for-stage-light-fashion-show-2\/"]}]},{"@type":"BreadcrumbList","@id":"https:\/\/clfled.com\/fr\/produit\/led-controller-with-spi-dmx512-single-art-net-controller-for-stage-light-fashion-show-2\/#breadcrumb","itemListElement":[{"@type":"ListItem","position":1,"name":"HOME","item":"https:\/\/clfled.com\/fr\/"},{"@type":"ListItem","position":2,"name":"Boutique","item":"https:\/\/clfled.com\/fr\/boutique\/"},{"@type":"ListItem","position":3,"name":"CLF 104 psu box led controller with spi DMX512 single art net controller for stage light fashion show"}]},{"@type":"WebSite","@id":"https:\/\/clfled.com\/fr\/#website","url":"https:\/\/clfled.com\/fr\/","name":"Clfled","description":"clfled.com","potentialAction":[{"@type":"SearchAction","target":{"@type":"EntryPoint","urlTemplate":"https:\/\/clfled.com\/fr\/?s={search_term_string}"},"query-input":"required name=search_term_string"}],"inLanguage":"fr-FR"}]}},"_links":{"self":[{"href":"https:\/\/clfled.com\/fr\/wp-json\/wp\/v2\/product\/4411","targetHints":{"allow":["GET"]}}],"collection":[{"href":"https:\/\/clfled.com\/fr\/wp-json\/wp\/v2\/product"}],"about":[{"href":"https:\/\/clfled.com\/fr\/wp-json\/wp\/v2\/types\/product"}],"replies":[{"embeddable":true,"href":"https:\/\/clfled.com\/fr\/wp-json\/wp\/v2\/comments?post=4411"}],"version-history":[{"count":0,"href":"https:\/\/clfled.com\/fr\/wp-json\/wp\/v2\/product\/4411\/revisions"}],"wp:featuredmedia":[{"embeddable":true,"href":"https:\/\/clfled.com\/fr\/wp-json\/wp\/v2\/media\/2113"}],"wp:attachment":[{"href":"https:\/\/clfled.com\/fr\/wp-json\/wp\/v2\/media?parent=4411"}],"wp:term":[{"taxonomy":"product_cat","embeddable":true,"href":"https:\/\/clfled.com\/fr\/wp-json\/wp\/v2\/product_cat?post=4411"},{"taxonomy":"product_tag","embeddable":true,"href":"https:\/\/clfled.com\/fr\/wp-json\/wp\/v2\/product_tag?post=4411"}],"curies":[{"name":"wp","href":"https:\/\/api.w.org\/{rel}","templated":true}]}}