{"id":4409,"date":"2022-11-05T14:13:48","date_gmt":"2022-11-05T06:13:48","guid":{"rendered":"https:\/\/clfled.com\/product\/clf-404-psu-box-artnet-controller-spi-dmx-512-stage-lighting-controller-for-stage-light-led-tube-led-video-bar\/"},"modified":"2022-11-05T14:13:48","modified_gmt":"2022-11-05T06:13:48","slug":"artnet-controller-spi-dmx-512-controleur-pour-lumiere-etage-tube-led-video-bar","status":"publish","type":"product","link":"https:\/\/clfled.com\/fr\/produit\/artnet-controller-spi-dmx-512-controleur-pour-lumiere-etage-tube-led-video-bar\/","title":{"rendered":"CLF 404 psu box artnet controller spi DMX 512 stage lighting Controller for stage light led tube led video bar"},"content":{"rendered":"<h2 style=\"text-align: center\"><span style=\"font-family: arial, helvetica, sans-serif\"><strong><span style=\"font-size: 24px\">Contr\u00f4leur Artnet Protocol DMX 512 Over Ethernet  <\/span><\/strong><\/span><\/h2>\n<p style=\"margin: 0px;padding: 0px;border: 0px;font-style: normal;font-weight: 400;font-size: 12px;line-height: inherit;font-family: Arial,Helvetica;vertical-align: baseline;color: #333333\"><span style=\"margin: 0px;padding: 0px;border: 0px;font-style: inherit;font-weight: inherit;font-size: 24px;line-height: 36px;vertical-align: baseline;background-color: #ffffff;font-family: arial, helvetica, sans-serif\"><strong><span style=\"margin: 0px;padding: 0px;border: 0px;font-style: inherit;font-weight: inherit;font-size: inherit;line-height: 36px;vertical-align: baseline;color: #000000\">Descriptions<\/span><\/strong><\/span><\/p>\n<p style=\"margin: 0px;padding: 0px;border: 0px;font-style: normal;font-weight: 400;font-size: 12px;line-height: inherit;font-family: Arial,Helvetica;vertical-align: baseline;color: #333333\"><span style=\"margin: 0px;padding: 0px;border: 0px;font-style: inherit;font-weight: inherit;font-size: 16px;line-height: 24px;vertical-align: baseline;font-family: arial, helvetica, sans-serif\">Ce produit utilise une entr\u00e9e \u00e0 large tension CA, une alimentation \u00e9lectrique int\u00e9gr\u00e9e et une carte de contr\u00f4le. Entr\u00e9e directe sur l&#8217;unit\u00e9 enfichable et le contr\u00f4leur externe, sortie directe sur la barre lumineuse \u00e0 pixels.<\/span><\/p>\n<p style=\"margin: 0px;padding: 0px;border: 0px;font-style: normal;font-weight: 400;font-size: 12px;line-height: inherit;font-family: Arial,Helvetica;vertical-align: baseline;color: #333333\"><span style=\"font-family: arial, helvetica, sans-serif\"> <\/span><\/p>\n<table style=\"margin: 0px;padding: 0px;font-style: normal;font-weight: 400;font-size: 12px;line-height: inherit;font-family: Arial, Helvetica;border-collapse: collapse;width: 750px;color: #333333;background-color: #ffffff;border: 1px solid #cccccc;height: 265px\" border=\"1\">\n<tbody>\n<tr style=\"margin: 0px;padding: 0px;font-style: inherit;font-weight: inherit;font-size: 12px;line-height: inherit;height: 15px\">\n<td style=\"margin: 0px;padding: 0px;font-style: inherit;font-weight: 400;font-size: 12px;line-height: inherit;float: none;border: 1px solid #cccccc;width: 334px;height: 15px;text-align: left\"><span style=\"margin: 0px;padding: 0px;border: 0px;font-style: inherit;font-weight: inherit;line-height: 24px;vertical-align: baseline;font-size: 16px;font-family: arial, helvetica, sans-serif\">Nom du produit<\/span><\/td>\n<td style=\"margin: 0px;padding: 0px;font-style: inherit;font-weight: 400;font-size: 12px;line-height: inherit;float: none;border: 1px solid #cccccc;width: 409px;height: 15px;text-align: left\">\n<p style=\"margin: 0px;padding: 0px;border: 0px;font-style: inherit;font-weight: inherit;font-size: inherit;line-height: inherit;vertical-align: baseline\"><span style=\"margin: 0px;padding: 0px;border: 0px;font-style: inherit;font-weight: inherit;line-height: 24px;vertical-align: baseline;font-size: 16px;font-family: arial, helvetica, sans-serif\">Contr\u00f4leur Artnet  <\/span><\/p>\n<\/td>\n<\/tr>\n<tr style=\"margin: 0px;padding: 0px;font-style: inherit;font-weight: inherit;font-size: 12px;line-height: inherit;height: 15px\">\n<td style=\"margin: 0px;padding: 0px;font-style: inherit;font-weight: 400;font-size: 12px;line-height: inherit;float: none;border: 1px solid #cccccc;width: 334px;height: 15px;text-align: left\"><span style=\"margin: 0px;padding: 0px;border: 0px;font-style: inherit;font-weight: inherit;line-height: 24px;vertical-align: baseline;font-size: 16px;font-family: arial, helvetica, sans-serif\">Tension d&#8217;entr\u00e9e<\/span><\/td>\n<td style=\"margin: 0px;padding: 0px;font-style: inherit;font-weight: 400;font-size: 12px;line-height: inherit;float: none;border: 1px solid #cccccc;width: 409px;height: 15px;text-align: left\"><span style=\"margin: 0px;padding: 0px;border: 0px;font-style: inherit;font-weight: inherit;line-height: 24px;vertical-align: baseline;font-size: 16px;font-family: arial, helvetica, sans-serif\">AC110-220V<\/span><\/td>\n<\/tr>\n<tr style=\"margin: 0px;padding: 0px;font-style: inherit;font-weight: inherit;font-size: 12px;line-height: inherit;height: 15px\">\n<td style=\"margin: 0px;padding: 0px;font-style: inherit;font-weight: 400;line-height: inherit;float: none;border: 1px solid #cccccc;width: 334px;height: 15px;text-align: left\"><span style=\"font-size: 16px;font-family: arial, helvetica, sans-serif\">Tension de sortie<\/span><\/td>\n<td style=\"margin: 0px;padding: 0px;font-style: inherit;font-weight: 400;line-height: inherit;float: none;border: 1px solid #cccccc;width: 409px;height: 15px;text-align: left\"><span style=\"font-size: 16px;font-family: arial, helvetica, sans-serif\">DC5V\/12V\/24V<\/span><\/td>\n<\/tr>\n<tr style=\"margin: 0px;padding: 0px;font-style: inherit;font-weight: inherit;font-size: 12px;line-height: inherit;height: 15px;text-align: left\">\n<td style=\"margin: 0px;padding: 0px;font-style: inherit;font-weight: 400;font-size: 12px;line-height: inherit;float: none;border: 1px solid #cccccc;width: 334px;height: 15px;text-align: left\"><span style=\"font-size: 16px;font-family: arial, helvetica, sans-serif\">Taille<\/span><\/td>\n<td style=\"margin: 0px;padding: 0px;font-style: inherit;font-weight: 400;font-size: 12px;line-height: inherit;float: none;border: 1px solid #cccccc;width: 409px;height: 15px\"><span style=\"margin: 0px;padding: 0px;border: 0px;font-style: inherit;font-weight: inherit;line-height: 24px;vertical-align: baseline;font-size: 16px;font-family: arial, helvetica, sans-serif\">120*340*310mm<span style=\"color: #000000;font-style: normal;font-weight: 400;text-align: left;background-color: #ffffff;float: none\">(L*W*H)<\/span><\/span><\/td>\n<\/tr>\n<tr style=\"margin: 0px;padding: 0px;font-style: inherit;font-weight: inherit;font-size: 12px;line-height: inherit;height: 15px;text-align: left\">\n<td style=\"margin: 0px;padding: 0px;font-style: inherit;font-weight: 400;font-size: 12px;line-height: inherit;float: none;border: 1px solid #cccccc;width: 334px;height: 15px\"><span style=\"margin: 0px;padding: 0px;border: 0px;font-style: inherit;font-weight: inherit;line-height: 24px;vertical-align: baseline;font-size: 16px;font-family: arial, helvetica, sans-serif\">Poids<\/span><\/td>\n<td style=\"margin: 0px;padding: 0px;font-style: inherit;font-weight: 400;font-size: 12px;line-height: inherit;float: none;border: 1px solid #cccccc;width: 409px;height: 15px\"><span style=\"margin: 0px;padding: 0px;border: 0px;font-style: inherit;font-weight: inherit;line-height: 24px;vertical-align: baseline;font-size: 16px;font-family: arial, helvetica, sans-serif\">4.1KG<\/span><\/td>\n<\/tr>\n<tr style=\"margin: 0px;padding: 0px;font-style: inherit;font-weight: inherit;font-size: 12px;line-height: inherit;height: 15px;text-align: left\">\n<td style=\"margin: 0px;padding: 0px;font-style: inherit;font-weight: 400;font-size: 12px;line-height: inherit;float: none;border: 1px solid #cccccc;width: 334px;height: 15px\"><span style=\"font-size: 16px;font-family: arial, helvetica, sans-serif\">Puissance maximale<\/span><\/td>\n<td style=\"margin: 0px;padding: 0px;font-style: inherit;font-weight: 400;font-size: 12px;line-height: inherit;float: none;border: 1px solid #cccccc;width: 409px;height: 15px\"><span style=\"margin: 0px;padding: 0px;border: 0px;font-style: inherit;font-weight: inherit;line-height: 24px;vertical-align: baseline;font-size: 16px;font-family: arial, helvetica, sans-serif\">1000W<\/span><\/td>\n<\/tr>\n<tr style=\"margin: 0px;padding: 0px;font-style: inherit;font-weight: inherit;font-size: 12px;line-height: inherit;height: 15px;text-align: left\">\n<td style=\"margin: 0px;padding: 0px;font-style: inherit;font-weight: 400;font-size: 12px;line-height: inherit;float: none;border: 1px solid #cccccc;width: 334px;height: 15px\"><span style=\"font-size: 16px;font-family: arial, helvetica, sans-serif\">Port de sortie<\/span><\/td>\n<td style=\"margin: 0px;padding: 0px;font-style: inherit;font-weight: 400;font-size: 12px;line-height: inherit;float: none;border: 1px solid #cccccc;width: 409px;height: 15px\"><span style=\"margin: 0px;padding: 0px;border: 0px;font-style: inherit;font-weight: inherit;line-height: 24px;vertical-align: baseline;font-size: 16px;font-family: arial, helvetica, sans-serif\">4Ports \/ 4*680Pixels<\/span><\/td>\n<\/tr>\n<tr style=\"margin: 0px;padding: 0px;font-style: inherit;font-weight: inherit;font-size: 12px;line-height: inherit;height: 15px;text-align: left\">\n<td style=\"margin: 0px;padding: 0px;font-style: inherit;font-weight: 400;font-size: 12px;line-height: inherit;float: none;border: 1px solid #cccccc;width: 334px;height: 15px\"><span style=\"font-size: 16px;font-family: arial, helvetica, sans-serif\">Syst\u00e8me de contr\u00f4le<\/span><\/td>\n<td style=\"margin: 0px;padding: 0px;font-style: inherit;font-weight: 400;font-size: 12px;line-height: inherit;float: none;border: 1px solid #cccccc;width: 409px;height: 15px;text-align: left\"><span style=\"font-size: 16px;font-family: arial, helvetica, sans-serif\">Artnet  <\/span><\/td>\n<\/tr>\n<tr style=\"margin: 0px;padding: 0px;font-style: inherit;font-weight: inherit;font-size: 12px;line-height: inherit;height: 8px;text-align: left\">\n<td style=\"margin: 0px;padding: 0px;font-style: inherit;font-weight: 400;font-size: 12px;line-height: inherit;float: none;border: 1px solid #cccccc;width: 334px;height: 8px\"><span style=\"font-size: 16px;font-family: arial, helvetica, sans-serif\">Couleur<\/span><\/td>\n<td style=\"margin: 0px;padding: 0px;font-style: inherit;font-weight: 400;font-size: 12px;line-height: inherit;float: none;border: 1px solid #cccccc;width: 409px;height: 8px\"><span style=\"font-size: 16px;font-family: arial, helvetica, sans-serif\">Noir  <\/span><\/td>\n<\/tr>\n<tr style=\"margin: 0px;padding: 0px;font-style: inherit;font-weight: inherit;font-size: 12px;line-height: inherit;height: 18px\">\n<td style=\"margin: 0px;padding: 0px;font-style: inherit;font-weight: 400;font-size: 12px;line-height: inherit;float: none;border: 1px solid #cccccc;width: 334px;height: 18px;text-align: left\"><span style=\"font-family: arial, helvetica, sans-serif;font-weight: normal;font-size: 16px\">Niveaux de gris<\/span><\/td>\n<td style=\"margin: 0px;padding: 0px;font-style: inherit;font-weight: 400;font-size: 12px;line-height: inherit;float: none;border: 1px solid #cccccc;width: 409px;height: 18px;text-align: left\"><span style=\"font-family: arial, helvetica, sans-serif;font-weight: normal;font-size: 16px\">256-65536<\/span><\/td>\n<\/tr>\n<\/tbody>\n<\/table>\n<p><span style=\"font-family: arial, helvetica, sans-serif\"> <\/span><\/p>\n<p><img fetchpriority=\"high\" decoding=\"async\" class=\"\" src=\"\/\/sc04.alicdn.com\/kf\/H275ff05c3bcb49dcb52e5641d196e9d34\/200440271\/H275ff05c3bcb49dcb52e5641d196e9d34.jpg\" alt=\"artnet controller spi DMX 512 stage lighting Controller for stage light led tube led video bar\" width=\"750\" height=\"750\"><br \/>\n<img decoding=\"async\" class=\"\" src=\"\/\/sc04.alicdn.com\/kf\/H47fcf8de8ce2455f850f81719abf27aaT\/200440271\/H47fcf8de8ce2455f850f81719abf27aaT.jpg\" alt=\"artnet controller spi DMX 512 stage lighting Controller for stage light led tube led video bar\" width=\"750\" height=\"497\"><\/p>\n<p><span style=\"font-family: arial, helvetica, sans-serif\"> <\/span><\/p>\n<p style=\"margin: 0px;padding: 0px;color: #000000;font-family: Arial;font-size: 12px;font-style: normal;font-weight: normal;line-height: normal\"><span style=\"font-size: 24px;font-family: arial, helvetica, sans-serif\"><strong>Caract\u00e9ristiques<\/strong><\/span><\/p>\n<p style=\"margin: 0px;padding: 0px;color: #000000;font-family: Arial;font-size: 12px;font-style: normal;font-weight: normal;line-height: normal\"><span style=\"line-height: 24px;font-size: 16px;font-family: arial, helvetica, sans-serif\">1. 256-65536 niveau de contr\u00f4le du niveau de gris<\/span><\/p>\n<p style=\"margin: 0px;padding: 0px;color: #000000;font-family: Arial;font-size: 12px;font-style: normal;font-weight: normal;line-height: normal\"><span style=\"line-height: 24px;font-size: 16px;font-family: arial, helvetica, sans-serif\">2. Alimentation \u00e0 d\u00e9coupage int\u00e9gr\u00e9e de 4 pi\u00e8ces<\/span><\/p>\n<p style=\"margin: 0px;padding: 0px;color: #000000;font-family: Arial;font-size: 12px;font-style: normal;font-weight: normal;line-height: normal\"><span style=\"line-height: 24px;font-size: 16px;font-family: arial, helvetica, sans-serif\">3. Crochet fixe, qui peut \u00eatre suspendu directement<\/span><\/p>\n<p style=\"margin: 0px;padding: 0px;color: #000000;font-family: Arial;font-size: 12px;font-style: normal;font-weight: normal;line-height: normal\"><span style=\"line-height: 24px;font-size: 16px;font-family: arial, helvetica, sans-serif\">4. Sortie de produits directement charg\u00e9s sans alimentation externe<\/span><\/p>\n<p style=\"margin: 0px;padding: 0px;color: #000000;font-family: Arial;font-size: 12px;font-style: normal;font-weight: normal;line-height: normal\"><span style=\"line-height: 24px;font-size: 16px;font-family: arial, helvetica, sans-serif\">5. Plusieurs fils de r\u00e9seau peuvent \u00eatre mis en cascade par simple connexion.<\/span><\/p>\n<p style=\"margin: 0px;padding: 0px;color: #000000;font-family: Arial;font-size: 12px;font-style: normal;font-weight: normal;line-height: normal\"><span style=\"font-family: arial, helvetica, sans-serif\"><span style=\"line-height: 24px;font-size: 16px\">6. Alimentation et carte de contr\u00f4le int\u00e9gr\u00e9es, pratiques \u00e0 utiliser et \u00e0 installer.<\/span> <\/span><\/p>\n<p style=\"margin: 0px;padding: 0px;color: #000000;font-family: Arial;font-size: 12px;font-style: normal;font-weight: normal;line-height: normal\"><span style=\"font-family: arial, helvetica, sans-serif\"> <\/span><\/p>\n<p style=\"margin: 0px;padding: 0px;color: #000000;font-family: Arial;font-size: 12px;font-style: normal;font-weight: normal;line-height: normal\"><span style=\"font-family: arial, helvetica, sans-serif\"><strong><span style=\"margin: 0px;padding: 0px;border: 0px;font-style: inherit;font-weight: inherit;font-size: 24px;line-height: 36px;vertical-align: baseline\">Applications<\/span><\/strong><\/span><\/p>\n<p style=\"margin: 0px;padding: 0px;color: #000000;font-family: Arial;font-size: 12px;font-style: normal;font-weight: normal;line-height: normal\"><span style=\"font-family: arial, helvetica, sans-serif\"> <\/span><\/p>\n<p style=\"margin: 0px;padding: 0px;color: #000000;font-family: Arial;font-size: 12px;font-style: normal;font-weight: normal;line-height: normal\"><span style=\"line-height: 24px;font-size: 16px;font-family: arial, helvetica, sans-serif\">1. Plan\u00e9tarium  <\/span><\/p>\n<p style=\"margin: 0px;padding: 0px;color: #000000;font-family: Arial;font-size: 12px;font-style: normal;font-weight: normal;line-height: normal\"><span style=\"line-height: 24px;font-size: 16px;font-family: arial, helvetica, sans-serif\">2. L&#8217;\u00e9clairage de la sc\u00e8ne<\/span><\/p>\n<p style=\"margin: 0px;padding: 0px;color: #000000;font-family: Arial;font-size: 12px;font-style: normal;font-weight: normal;line-height: normal\"><span style=\"line-height: 24px;font-size: 16px;font-family: arial, helvetica, sans-serif\">3. L&#8217;ambiance du bar  <\/span><\/p>\n<p style=\"margin: 0px;padding: 0px;color: #000000;font-family: Arial;font-size: 12px;font-style: normal;font-weight: normal;line-height: normal\"><span style=\"line-height: 24px;font-size: 16px;font-family: arial, helvetica, sans-serif\">4. Studios de t\u00e9l\u00e9vision<\/span><\/p>\n<p style=\"margin: 0px;padding: 0px;color: #000000;font-family: Arial;font-size: 12px;font-style: normal;font-weight: normal;line-height: normal\"><span style=\"line-height: 24px;font-size: 16px;font-family: arial, helvetica, sans-serif\">5. Affichage publicitaire  <\/span><\/p>\n<p style=\"margin: 0px;padding: 0px;color: #000000;font-family: Arial;font-size: 12px;font-style: normal;font-weight: normal;line-height: normal\"><span style=\"line-height: 24px;font-size: 16px;font-family: arial, helvetica, sans-serif\">6. Embellissement de l&#8217;effet mus\u00e9e des sciences<\/span><\/p>\n<p style=\"margin: 0px;padding: 0px;color: #000000;font-family: Arial;font-size: 12px;font-style: normal;font-weight: normal;line-height: normal\"><span style=\"font-family: arial, helvetica, sans-serif\"><img decoding=\"async\" class=\"\" src=\"\/\/sc04.alicdn.com\/kf\/Hc26dc217a6794d03b413c069586f1144U\/200440271\/Hc26dc217a6794d03b413c069586f1144U.jpg\" alt=\"artnet controller spi DMX 512 stage lighting Controller for stage light led tube led video bar\" width=\"750\" height=\"1301\"> <\/span><\/p>\n<p><img loading=\"lazy\" decoding=\"async\" class=\"\" src=\"\/\/sc04.alicdn.com\/kf\/Hd11ec51591634202a501bcbe1f898316p\/200440271\/Hd11ec51591634202a501bcbe1f898316p.jpg\" alt=\"artnet controller spi DMX 512 stage lighting Controller for stage light led tube led video bar\" width=\"750\" height=\"1321\"><\/p>\n<p><span style=\"font-family: arial, helvetica, sans-serif\"><br \/>\n<img loading=\"lazy\" decoding=\"async\" class=\"\" src=\"\/\/sc04.alicdn.com\/kf\/H1af6f1a480ae471da26cdd0bfe454405v\/200440271\/H1af6f1a480ae471da26cdd0bfe454405v.jpg\" alt=\"artnet controller spi DMX 512 stage lighting Controller for stage light led tube led video bar\" width=\"750\" height=\"700\"><\/span><\/p>\n<p><span style=\"font-family: arial, helvetica, sans-serif\"> <\/span><\/p>\n<p>&nbsp;<\/p>\n<p>&nbsp;<\/p>\n<p>&nbsp;<\/p>\n<p><span style=\"font-family: arial, helvetica, sans-serif\"> <\/span><\/p>\n<p>&nbsp;<\/p>\n<p style=\"margin: 0cm 0cm 0.0001pt;padding: 0px;border: 0px;font-style: normal;font-weight: 400;font-size: 12px;line-height: 13.5pt;font-family: Arial,Helvetica;vertical-align: baseline;color: #333333\">\n","protected":false},"excerpt":{"rendered":"<p>Contr\u00f4leur Artnet Protocol DMX 512 Over Ethernet Descriptions Ce produit utilise une entr\u00e9e \u00e0 large tension CA, une alimentation \u00e9lectrique<\/p>\n","protected":false},"featured_media":2149,"comment_status":"open","ping_status":"closed","template":"","meta":[],"product_cat":[159],"product_tag":[],"class_list":["post-4409","product","type-product","status-publish","has-post-thumbnail","hentry","product_cat-controleur-de-led"],"yoast_head":"<!-- This site is optimized with the Yoast SEO Premium plugin v21.0 (Yoast SEO v21.0) - https:\/\/yoast.com\/wordpress\/plugins\/seo\/ -->\n<title>CLF 404 psu box artnet controller spi DMX 512 stage lighting Controller for stage light led tube led video bar - Clfled<\/title>\n<meta name=\"robots\" content=\"index, follow, max-snippet:-1, max-image-preview:large, max-video-preview:-1\" \/>\n<link rel=\"canonical\" href=\"https:\/\/clfled.com\/fr\/produit\/artnet-controller-spi-dmx-512-controleur-pour-lumiere-etage-tube-led-video-bar\/\" \/>\n<meta property=\"og:locale\" content=\"fr_FR\" \/>\n<meta property=\"og:type\" content=\"article\" \/>\n<meta property=\"og:title\" content=\"CLF 404 psu box artnet controller spi DMX 512 stage lighting Controller for stage light led tube led video bar\" \/>\n<meta property=\"og:description\" content=\"Contr\u00f4leur Artnet Protocol DMX 512 Over Ethernet Descriptions Ce produit utilise une entr\u00e9e \u00e0 large tension CA, une alimentation \u00e9lectrique\" \/>\n<meta property=\"og:url\" content=\"https:\/\/clfled.com\/fr\/produit\/artnet-controller-spi-dmx-512-controleur-pour-lumiere-etage-tube-led-video-bar\/\" \/>\n<meta property=\"og:site_name\" content=\"Clfled\" \/>\n<meta property=\"og:image\" content=\"https:\/\/clfled.com\/wp-content\/uploads\/2022\/11\/H517bb0d53f06446194b501dbc3c6428fw.jpg\" \/>\n\t<meta property=\"og:image:width\" content=\"750\" \/>\n\t<meta property=\"og:image:height\" content=\"750\" \/>\n\t<meta property=\"og:image:type\" content=\"image\/jpeg\" \/>\n<meta name=\"twitter:card\" content=\"summary_large_image\" \/>\n<meta name=\"twitter:label1\" content=\"Dur\u00e9e de lecture estim\u00e9e\" \/>\n\t<meta name=\"twitter:data1\" content=\"1 minute\" \/>\n<script type=\"application\/ld+json\" class=\"yoast-schema-graph\">{\"@context\":\"https:\/\/schema.org\",\"@graph\":[{\"@type\":\"WebPage\",\"@id\":\"https:\/\/clfled.com\/fr\/produit\/artnet-controller-spi-dmx-512-controleur-pour-lumiere-etage-tube-led-video-bar\/\",\"url\":\"https:\/\/clfled.com\/fr\/produit\/artnet-controller-spi-dmx-512-controleur-pour-lumiere-etage-tube-led-video-bar\/\",\"name\":\"CLF 404 psu box artnet controller spi DMX 512 stage lighting Controller for stage light led tube led video bar - Clfled\",\"isPartOf\":{\"@id\":\"https:\/\/clfled.com\/fr\/#website\"},\"datePublished\":\"2022-11-05T06:13:48+00:00\",\"dateModified\":\"2022-11-05T06:13:48+00:00\",\"breadcrumb\":{\"@id\":\"https:\/\/clfled.com\/fr\/produit\/artnet-controller-spi-dmx-512-controleur-pour-lumiere-etage-tube-led-video-bar\/#breadcrumb\"},\"inLanguage\":\"fr-FR\",\"potentialAction\":[{\"@type\":\"ReadAction\",\"target\":[\"https:\/\/clfled.com\/fr\/produit\/artnet-controller-spi-dmx-512-controleur-pour-lumiere-etage-tube-led-video-bar\/\"]}]},{\"@type\":\"BreadcrumbList\",\"@id\":\"https:\/\/clfled.com\/fr\/produit\/artnet-controller-spi-dmx-512-controleur-pour-lumiere-etage-tube-led-video-bar\/#breadcrumb\",\"itemListElement\":[{\"@type\":\"ListItem\",\"position\":1,\"name\":\"HOME\",\"item\":\"https:\/\/clfled.com\/fr\/\"},{\"@type\":\"ListItem\",\"position\":2,\"name\":\"Boutique\",\"item\":\"https:\/\/clfled.com\/fr\/boutique\/\"},{\"@type\":\"ListItem\",\"position\":3,\"name\":\"CLF 404 psu box artnet controller spi DMX 512 stage lighting Controller for stage light led tube led video bar\"}]},{\"@type\":\"WebSite\",\"@id\":\"https:\/\/clfled.com\/fr\/#website\",\"url\":\"https:\/\/clfled.com\/fr\/\",\"name\":\"Clfled\",\"description\":\"clfled.com\",\"potentialAction\":[{\"@type\":\"SearchAction\",\"target\":{\"@type\":\"EntryPoint\",\"urlTemplate\":\"https:\/\/clfled.com\/fr\/?s={search_term_string}\"},\"query-input\":\"required name=search_term_string\"}],\"inLanguage\":\"fr-FR\"}]}<\/script>\n<!-- \/ Yoast SEO Premium plugin. -->","yoast_head_json":{"title":"CLF 404 psu box artnet controller spi DMX 512 stage lighting Controller for stage light led tube led video bar - Clfled","robots":{"index":"index","follow":"follow","max-snippet":"max-snippet:-1","max-image-preview":"max-image-preview:large","max-video-preview":"max-video-preview:-1"},"canonical":"https:\/\/clfled.com\/fr\/produit\/artnet-controller-spi-dmx-512-controleur-pour-lumiere-etage-tube-led-video-bar\/","og_locale":"fr_FR","og_type":"article","og_title":"CLF 404 psu box artnet controller spi DMX 512 stage lighting Controller for stage light led tube led video bar","og_description":"Contr\u00f4leur Artnet Protocol DMX 512 Over Ethernet Descriptions Ce produit utilise une entr\u00e9e \u00e0 large tension CA, une alimentation \u00e9lectrique","og_url":"https:\/\/clfled.com\/fr\/produit\/artnet-controller-spi-dmx-512-controleur-pour-lumiere-etage-tube-led-video-bar\/","og_site_name":"Clfled","og_image":[{"width":750,"height":750,"url":"https:\/\/clfled.com\/wp-content\/uploads\/2022\/11\/H517bb0d53f06446194b501dbc3c6428fw.jpg","type":"image\/jpeg"}],"twitter_card":"summary_large_image","twitter_misc":{"Dur\u00e9e de lecture estim\u00e9e":"1 minute"},"schema":{"@context":"https:\/\/schema.org","@graph":[{"@type":"WebPage","@id":"https:\/\/clfled.com\/fr\/produit\/artnet-controller-spi-dmx-512-controleur-pour-lumiere-etage-tube-led-video-bar\/","url":"https:\/\/clfled.com\/fr\/produit\/artnet-controller-spi-dmx-512-controleur-pour-lumiere-etage-tube-led-video-bar\/","name":"CLF 404 psu box artnet controller spi DMX 512 stage lighting Controller for stage light led tube led video bar - Clfled","isPartOf":{"@id":"https:\/\/clfled.com\/fr\/#website"},"datePublished":"2022-11-05T06:13:48+00:00","dateModified":"2022-11-05T06:13:48+00:00","breadcrumb":{"@id":"https:\/\/clfled.com\/fr\/produit\/artnet-controller-spi-dmx-512-controleur-pour-lumiere-etage-tube-led-video-bar\/#breadcrumb"},"inLanguage":"fr-FR","potentialAction":[{"@type":"ReadAction","target":["https:\/\/clfled.com\/fr\/produit\/artnet-controller-spi-dmx-512-controleur-pour-lumiere-etage-tube-led-video-bar\/"]}]},{"@type":"BreadcrumbList","@id":"https:\/\/clfled.com\/fr\/produit\/artnet-controller-spi-dmx-512-controleur-pour-lumiere-etage-tube-led-video-bar\/#breadcrumb","itemListElement":[{"@type":"ListItem","position":1,"name":"HOME","item":"https:\/\/clfled.com\/fr\/"},{"@type":"ListItem","position":2,"name":"Boutique","item":"https:\/\/clfled.com\/fr\/boutique\/"},{"@type":"ListItem","position":3,"name":"CLF 404 psu box artnet controller spi DMX 512 stage lighting Controller for stage light led tube led video bar"}]},{"@type":"WebSite","@id":"https:\/\/clfled.com\/fr\/#website","url":"https:\/\/clfled.com\/fr\/","name":"Clfled","description":"clfled.com","potentialAction":[{"@type":"SearchAction","target":{"@type":"EntryPoint","urlTemplate":"https:\/\/clfled.com\/fr\/?s={search_term_string}"},"query-input":"required name=search_term_string"}],"inLanguage":"fr-FR"}]}},"_links":{"self":[{"href":"https:\/\/clfled.com\/fr\/wp-json\/wp\/v2\/product\/4409","targetHints":{"allow":["GET"]}}],"collection":[{"href":"https:\/\/clfled.com\/fr\/wp-json\/wp\/v2\/product"}],"about":[{"href":"https:\/\/clfled.com\/fr\/wp-json\/wp\/v2\/types\/product"}],"replies":[{"embeddable":true,"href":"https:\/\/clfled.com\/fr\/wp-json\/wp\/v2\/comments?post=4409"}],"version-history":[{"count":0,"href":"https:\/\/clfled.com\/fr\/wp-json\/wp\/v2\/product\/4409\/revisions"}],"wp:featuredmedia":[{"embeddable":true,"href":"https:\/\/clfled.com\/fr\/wp-json\/wp\/v2\/media\/2149"}],"wp:attachment":[{"href":"https:\/\/clfled.com\/fr\/wp-json\/wp\/v2\/media?parent=4409"}],"wp:term":[{"taxonomy":"product_cat","embeddable":true,"href":"https:\/\/clfled.com\/fr\/wp-json\/wp\/v2\/product_cat?post=4409"},{"taxonomy":"product_tag","embeddable":true,"href":"https:\/\/clfled.com\/fr\/wp-json\/wp\/v2\/product_tag?post=4409"}],"curies":[{"name":"wp","href":"https:\/\/api.w.org\/{rel}","templated":true}]}}