{"id":4378,"date":"2022-11-17T12:00:42","date_gmt":"2022-11-17T04:00:42","guid":{"rendered":"https:\/\/clfled.com\/product\/tube-de-pixel-led-emettant-de-la-lumiere-a-360-degres\/"},"modified":"2022-11-17T12:00:42","modified_gmt":"2022-11-17T04:00:42","slug":"tube-pixel-led-360-degree-light-emitting","status":"publish","type":"product","link":"https:\/\/clfled.com\/fr\/produit\/tube-pixel-led-360-degree-light-emitting\/","title":{"rendered":"Tube de pixel LED \u00e9mettant de la lumi\u00e8re \u00e0 360 degr\u00e9s"},"content":{"rendered":"<p><em><strong>Description<\/strong><\/em><\/p>\n<ul>\n<li>\u00c9mission de lumi\u00e8re \u00e0 360 degr\u00e9s, \u00e9mission de lumi\u00e8re uniforme<\/li>\n<li>indice de rendu des couleurs \u00e9lev\u00e9, longue dur\u00e9e de vie des piles<\/li>\n<li>Couleurs vives et satur\u00e9es<\/li>\n<li>Coque en alliage d&#8217;aluminium, corps ferme, structure compacte, excellente dissipation de la chaleur, \u00e9quip\u00e9e d&#8217;un boulon \u00e0 \u0153il et d&#8217;une base pliable, et facile \u00e0 installer.<\/li>\n<li>La temp\u00e9rature de couleur de 1750K-10000K (l&#8217;unit\u00e9 est 250K) peut \u00eatre ajust\u00e9e.<\/li>\n<li>32 pixels, qui peuvent \u00eatre contr\u00f4l\u00e9s individuellement<\/li>\n<li>\u00c9cran tactile OLED, facile \u00e0 utiliser<\/li>\n<li>Support DMX sans fil (compatible avec le sans fil su\u00e9dois), APP mobile, t\u00e9l\u00e9commande<\/li>\n<li>Contr\u00f4le d&#8217;une seule lampe, contr\u00f4le ma\u00eetre-esclave d&#8217;une combinaison de plusieurs lampes, t\u00e9l\u00e9commande, contr\u00f4le par console, contr\u00f4le par APP, etc.<\/li>\n<li><img fetchpriority=\"high\" decoding=\"async\" class=\"alignnone wp-image-1079\" src=\"https:\/\/clfled.com\/wp-content\/uploads\/2022\/11\/333-300x225.webp\" alt=\"\" width=\"751\" height=\"563\" srcset=\"https:\/\/clfled.com\/wp-content\/uploads\/2022\/11\/333-300x225.webp 300w, https:\/\/clfled.com\/wp-content\/uploads\/2022\/11\/333-150x113.webp 150w, https:\/\/clfled.com\/wp-content\/uploads\/2022\/11\/333.webp 480w\" sizes=\"(max-width: 751px) 100vw, 751px\" \/><\/li>\n<li><img decoding=\"async\" class=\"alignnone wp-image-1077\" src=\"https:\/\/clfled.com\/wp-content\/uploads\/2022\/11\/111-300x225.webp\" alt=\"\" width=\"751\" height=\"563\" srcset=\"https:\/\/clfled.com\/wp-content\/uploads\/2022\/11\/111-300x225.webp 300w, https:\/\/clfled.com\/wp-content\/uploads\/2022\/11\/111-150x113.webp 150w, https:\/\/clfled.com\/wp-content\/uploads\/2022\/11\/111.webp 480w\" sizes=\"(max-width: 751px) 100vw, 751px\" \/><\/li>\n<li><img decoding=\"async\" class=\"alignnone wp-image-1078\" src=\"https:\/\/clfled.com\/wp-content\/uploads\/2022\/11\/222-300x225.webp\" alt=\"\" width=\"751\" height=\"563\" srcset=\"https:\/\/clfled.com\/wp-content\/uploads\/2022\/11\/222-300x225.webp 300w, https:\/\/clfled.com\/wp-content\/uploads\/2022\/11\/222-150x113.webp 150w, https:\/\/clfled.com\/wp-content\/uploads\/2022\/11\/222.webp 480w\" sizes=\"(max-width: 751px) 100vw, 751px\" \/><\/li>\n<li><img loading=\"lazy\" decoding=\"async\" class=\"alignnone wp-image-1080\" src=\"https:\/\/clfled.com\/wp-content\/uploads\/2022\/11\/444-300x225.webp\" alt=\"\" width=\"751\" height=\"563\" srcset=\"https:\/\/clfled.com\/wp-content\/uploads\/2022\/11\/444-300x225.webp 300w, https:\/\/clfled.com\/wp-content\/uploads\/2022\/11\/444-150x113.webp 150w, https:\/\/clfled.com\/wp-content\/uploads\/2022\/11\/444.webp 480w\" sizes=\"(max-width: 751px) 100vw, 751px\" \/><\/li>\n<li><img loading=\"lazy\" decoding=\"async\" class=\"alignnone wp-image-1081\" src=\"https:\/\/clfled.com\/wp-content\/uploads\/2022\/11\/555-300x225.webp\" alt=\"\" width=\"751\" height=\"563\" srcset=\"https:\/\/clfled.com\/wp-content\/uploads\/2022\/11\/555-300x225.webp 300w, https:\/\/clfled.com\/wp-content\/uploads\/2022\/11\/555-150x113.webp 150w, https:\/\/clfled.com\/wp-content\/uploads\/2022\/11\/555.webp 480w\" sizes=\"(max-width: 751px) 100vw, 751px\" \/><\/li>\n<li><img loading=\"lazy\" decoding=\"async\" class=\"alignnone wp-image-1082\" src=\"https:\/\/clfled.com\/wp-content\/uploads\/2022\/11\/666-300x135.webp\" alt=\"\" width=\"751\" height=\"338\" srcset=\"https:\/\/clfled.com\/wp-content\/uploads\/2022\/11\/666-300x135.webp 300w, https:\/\/clfled.com\/wp-content\/uploads\/2022\/11\/666-150x68.webp 150w, https:\/\/clfled.com\/wp-content\/uploads\/2022\/11\/666.webp 480w\" sizes=\"(max-width: 751px) 100vw, 751px\" \/><\/li>\n<\/ul>\n","protected":false},"excerpt":{"rendered":"<p>Description \u00c9mission de lumi\u00e8re \u00e0 360 degr\u00e9s, \u00e9mission de lumi\u00e8re uniforme indice de rendu des couleurs \u00e9lev\u00e9, longue dur\u00e9e de<\/p>\n","protected":false},"featured_media":3266,"comment_status":"open","ping_status":"closed","template":"","meta":[],"product_cat":[111],"product_tag":[],"class_list":["post-4378","product","type-product","status-publish","has-post-thumbnail","hentry","product_cat-tube-a-piles-sans-fil"],"yoast_head":"<!-- This site is optimized with the Yoast SEO Premium plugin v21.0 (Yoast SEO v21.0) - https:\/\/yoast.com\/wordpress\/plugins\/seo\/ -->\n<title>Tube de pixel LED \u00e9mettant de la lumi\u00e8re \u00e0 360 degr\u00e9s - Clfled<\/title>\n<meta name=\"robots\" content=\"index, follow, max-snippet:-1, max-image-preview:large, max-video-preview:-1\" \/>\n<link rel=\"canonical\" href=\"https:\/\/clfled.com\/fr\/produit\/tube-pixel-led-360-degree-light-emitting\/\" \/>\n<meta property=\"og:locale\" content=\"fr_FR\" \/>\n<meta property=\"og:type\" content=\"article\" \/>\n<meta property=\"og:title\" content=\"Tube de pixel LED \u00e9mettant de la lumi\u00e8re \u00e0 360 degr\u00e9s\" \/>\n<meta property=\"og:description\" content=\"Description \u00c9mission de lumi\u00e8re \u00e0 360 degr\u00e9s, \u00e9mission de lumi\u00e8re uniforme indice de rendu des couleurs \u00e9lev\u00e9, longue dur\u00e9e de\" \/>\n<meta property=\"og:url\" content=\"https:\/\/clfled.com\/fr\/produit\/tube-pixel-led-360-degree-light-emitting\/\" \/>\n<meta property=\"og:site_name\" content=\"Clfled\" \/>\n<meta property=\"og:image\" content=\"https:\/\/clfled.com\/wp-content\/uploads\/2022\/11\/11.webp\" \/>\n\t<meta property=\"og:image:width\" content=\"800\" \/>\n\t<meta property=\"og:image:height\" content=\"800\" \/>\n\t<meta property=\"og:image:type\" content=\"image\/webp\" \/>\n<meta name=\"twitter:card\" content=\"summary_large_image\" \/>\n<meta name=\"twitter:label1\" content=\"Dur\u00e9e de lecture estim\u00e9e\" \/>\n\t<meta name=\"twitter:data1\" content=\"1 minute\" \/>\n<script type=\"application\/ld+json\" class=\"yoast-schema-graph\">{\"@context\":\"https:\/\/schema.org\",\"@graph\":[{\"@type\":\"WebPage\",\"@id\":\"https:\/\/clfled.com\/fr\/produit\/tube-pixel-led-360-degree-light-emitting\/\",\"url\":\"https:\/\/clfled.com\/fr\/produit\/tube-pixel-led-360-degree-light-emitting\/\",\"name\":\"Tube de pixel LED \u00e9mettant de la lumi\u00e8re \u00e0 360 degr\u00e9s - Clfled\",\"isPartOf\":{\"@id\":\"https:\/\/clfled.com\/fr\/#website\"},\"datePublished\":\"2022-11-17T04:00:42+00:00\",\"dateModified\":\"2022-11-17T04:00:42+00:00\",\"breadcrumb\":{\"@id\":\"https:\/\/clfled.com\/fr\/produit\/tube-pixel-led-360-degree-light-emitting\/#breadcrumb\"},\"inLanguage\":\"fr-FR\",\"potentialAction\":[{\"@type\":\"ReadAction\",\"target\":[\"https:\/\/clfled.com\/fr\/produit\/tube-pixel-led-360-degree-light-emitting\/\"]}]},{\"@type\":\"BreadcrumbList\",\"@id\":\"https:\/\/clfled.com\/fr\/produit\/tube-pixel-led-360-degree-light-emitting\/#breadcrumb\",\"itemListElement\":[{\"@type\":\"ListItem\",\"position\":1,\"name\":\"HOME\",\"item\":\"https:\/\/clfled.com\/fr\/\"},{\"@type\":\"ListItem\",\"position\":2,\"name\":\"Boutique\",\"item\":\"https:\/\/clfled.com\/fr\/boutique\/\"},{\"@type\":\"ListItem\",\"position\":3,\"name\":\"Tube de pixel LED \u00e9mettant de la lumi\u00e8re \u00e0 360 degr\u00e9s\"}]},{\"@type\":\"WebSite\",\"@id\":\"https:\/\/clfled.com\/fr\/#website\",\"url\":\"https:\/\/clfled.com\/fr\/\",\"name\":\"Clfled\",\"description\":\"clfled.com\",\"potentialAction\":[{\"@type\":\"SearchAction\",\"target\":{\"@type\":\"EntryPoint\",\"urlTemplate\":\"https:\/\/clfled.com\/fr\/?s={search_term_string}\"},\"query-input\":\"required name=search_term_string\"}],\"inLanguage\":\"fr-FR\"}]}<\/script>\n<!-- \/ Yoast SEO Premium plugin. -->","yoast_head_json":{"title":"Tube de pixel LED \u00e9mettant de la lumi\u00e8re \u00e0 360 degr\u00e9s - Clfled","robots":{"index":"index","follow":"follow","max-snippet":"max-snippet:-1","max-image-preview":"max-image-preview:large","max-video-preview":"max-video-preview:-1"},"canonical":"https:\/\/clfled.com\/fr\/produit\/tube-pixel-led-360-degree-light-emitting\/","og_locale":"fr_FR","og_type":"article","og_title":"Tube de pixel LED \u00e9mettant de la lumi\u00e8re \u00e0 360 degr\u00e9s","og_description":"Description \u00c9mission de lumi\u00e8re \u00e0 360 degr\u00e9s, \u00e9mission de lumi\u00e8re uniforme indice de rendu des couleurs \u00e9lev\u00e9, longue dur\u00e9e de","og_url":"https:\/\/clfled.com\/fr\/produit\/tube-pixel-led-360-degree-light-emitting\/","og_site_name":"Clfled","og_image":[{"width":800,"height":800,"url":"https:\/\/clfled.com\/wp-content\/uploads\/2022\/11\/11.webp","type":"image\/webp"}],"twitter_card":"summary_large_image","twitter_misc":{"Dur\u00e9e de lecture estim\u00e9e":"1 minute"},"schema":{"@context":"https:\/\/schema.org","@graph":[{"@type":"WebPage","@id":"https:\/\/clfled.com\/fr\/produit\/tube-pixel-led-360-degree-light-emitting\/","url":"https:\/\/clfled.com\/fr\/produit\/tube-pixel-led-360-degree-light-emitting\/","name":"Tube de pixel LED \u00e9mettant de la lumi\u00e8re \u00e0 360 degr\u00e9s - Clfled","isPartOf":{"@id":"https:\/\/clfled.com\/fr\/#website"},"datePublished":"2022-11-17T04:00:42+00:00","dateModified":"2022-11-17T04:00:42+00:00","breadcrumb":{"@id":"https:\/\/clfled.com\/fr\/produit\/tube-pixel-led-360-degree-light-emitting\/#breadcrumb"},"inLanguage":"fr-FR","potentialAction":[{"@type":"ReadAction","target":["https:\/\/clfled.com\/fr\/produit\/tube-pixel-led-360-degree-light-emitting\/"]}]},{"@type":"BreadcrumbList","@id":"https:\/\/clfled.com\/fr\/produit\/tube-pixel-led-360-degree-light-emitting\/#breadcrumb","itemListElement":[{"@type":"ListItem","position":1,"name":"HOME","item":"https:\/\/clfled.com\/fr\/"},{"@type":"ListItem","position":2,"name":"Boutique","item":"https:\/\/clfled.com\/fr\/boutique\/"},{"@type":"ListItem","position":3,"name":"Tube de pixel LED \u00e9mettant de la lumi\u00e8re \u00e0 360 degr\u00e9s"}]},{"@type":"WebSite","@id":"https:\/\/clfled.com\/fr\/#website","url":"https:\/\/clfled.com\/fr\/","name":"Clfled","description":"clfled.com","potentialAction":[{"@type":"SearchAction","target":{"@type":"EntryPoint","urlTemplate":"https:\/\/clfled.com\/fr\/?s={search_term_string}"},"query-input":"required name=search_term_string"}],"inLanguage":"fr-FR"}]}},"_links":{"self":[{"href":"https:\/\/clfled.com\/fr\/wp-json\/wp\/v2\/product\/4378","targetHints":{"allow":["GET"]}}],"collection":[{"href":"https:\/\/clfled.com\/fr\/wp-json\/wp\/v2\/product"}],"about":[{"href":"https:\/\/clfled.com\/fr\/wp-json\/wp\/v2\/types\/product"}],"replies":[{"embeddable":true,"href":"https:\/\/clfled.com\/fr\/wp-json\/wp\/v2\/comments?post=4378"}],"version-history":[{"count":0,"href":"https:\/\/clfled.com\/fr\/wp-json\/wp\/v2\/product\/4378\/revisions"}],"wp:featuredmedia":[{"embeddable":true,"href":"https:\/\/clfled.com\/fr\/wp-json\/wp\/v2\/media\/3266"}],"wp:attachment":[{"href":"https:\/\/clfled.com\/fr\/wp-json\/wp\/v2\/media?parent=4378"}],"wp:term":[{"taxonomy":"product_cat","embeddable":true,"href":"https:\/\/clfled.com\/fr\/wp-json\/wp\/v2\/product_cat?post=4378"},{"taxonomy":"product_tag","embeddable":true,"href":"https:\/\/clfled.com\/fr\/wp-json\/wp\/v2\/product_tag?post=4378"}],"curies":[{"name":"wp","href":"https:\/\/api.w.org\/{rel}","templated":true}]}}