{"id":4369,"date":"2022-11-05T14:08:00","date_gmt":"2022-11-05T06:08:00","guid":{"rendered":"https:\/\/clfled.com\/product\/smd5050-digital-addressable-light-dmx512-controller-ic-flexible-programmable-rgb-led-strip\/"},"modified":"2022-12-01T18:51:46","modified_gmt":"2022-12-01T10:51:46","slug":"smd5050-lumiere-numerique-adressable-dmx512-controleur-ic-flexible-programmable-rgb-led-strip","status":"publish","type":"product","link":"https:\/\/clfled.com\/fr\/produit\/smd5050-lumiere-numerique-adressable-dmx512-controleur-ic-flexible-programmable-rgb-led-strip\/","title":{"rendered":"SMD5050 Digital Addressable Light DMX512 Controller IC Flexible Programmable RGB Led Strip"},"content":{"rendered":"<h1 style=\"text-align: center\">SMD5050 Digital Addressable Light DMX512 Controller IC Flexible Programmable RGB Led Strip<\/h1>\n<p><span style=\"color: #ffffff;background-color: #00ccff;font-size: 18px\"><em><strong>Fonctionnalit\u00e9<br \/>\n<\/strong><\/em><\/span><\/p>\n<p style=\"border: 0px;line-height: 15.6px;font-family: Arial, Helvetica;vertical-align: baseline;color: #333333\"><span style=\"margin: 0px;padding: 0px;border: 0px;font-style: inherit;font-weight: inherit;font-size: 16px;line-height: 24px;font-family: arial, helvetica, sans-serif;vertical-align: baseline\">1 DMX512 LED Strip utiliser le FPCB flexible circuit imprim\u00e9 pour \u00eatre des cartes de circuit d&#8217;assemblage<\/span><\/p>\n<p style=\"border: 0px;line-height: 15.6px;font-family: Arial, Helvetica;vertical-align: baseline;color: #333333\"><span style=\"margin: 0px;padding: 0px;border: 0px;font-style: inherit;font-weight: inherit;font-size: 16px;line-height: 24px;font-family: arial, helvetica, sans-serif;vertical-align: baseline\">2 Le FPC est un mat\u00e9riau souple qui peut s&#8217;enrouler de mani\u00e8re al\u00e9atoire et se d\u00e9placer librement dans l&#8217;espace tridimensionnel sans se casser.<\/span><\/p>\n<p style=\"border: 0px;line-height: 15.6px;font-family: Arial, Helvetica;vertical-align: baseline;color: #333333\"><span style=\"margin: 0px;padding: 0px;border: 0px;font-style: inherit;font-weight: inherit;font-size: 16px;line-height: 24px;font-family: arial, helvetica, sans-serif;vertical-align: baseline\">3 La puce LED 5050SMD est construite dans un circuit int\u00e9gr\u00e9, les composants sont donc moins nombreux, les pixels peuvent \u00eatre \u00e9lev\u00e9s et l&#8217;apparence est attrayante.<\/span><\/p>\n<p style=\"border: 0px;line-height: 15.6px;font-family: Arial, Helvetica;vertical-align: baseline;color: #333333\"><span style=\"margin: 0px;padding: 0px;border: 0px;font-style: inherit;font-weight: inherit;font-size: 16px;line-height: 24px;font-family: arial, helvetica, sans-serif;vertical-align: baseline\">4 Le CI est con\u00e7u avec le PI,Data A et Data B,Alimentation*2<\/span><\/p>\n<p style=\"border: 0px;line-height: 15.6px;font-family: Arial, Helvetica;vertical-align: baseline;color: #333333\"><span style=\"margin: 0px;padding: 0px;border: 0px;font-style: inherit;font-weight: inherit;font-size: 16px;line-height: 24px;font-family: arial, helvetica, sans-serif;vertical-align: baseline\">5 Produits utilisant la tension DC24V pour l&#8217;alimentation en \u00e9nergie facteur de s\u00e9curit\u00e9 \u00e9lev\u00e9<\/span><\/p>\n<p style=\"border: 0px;line-height: 15.6px;font-family: Arial, Helvetica;vertical-align: baseline;color: #333333\"><span style=\"margin: 0px;padding: 0px;border: 0px;font-style: inherit;font-weight: inherit;font-size: 16px;line-height: 24px;font-family: arial, helvetica, sans-serif;vertical-align: baseline\">6 Avec le contr\u00f4leur, vous pouvez r\u00e9aliser du monochrome.<\/span><\/p>\n<p style=\"border: 0px;line-height: 15.6px;font-family: Arial, Helvetica;vertical-align: baseline;color: #333333\"><span style=\"color: #ffffff;background-color: #00ccff;font-size: 18px\"><em><strong><span style=\"margin: 0px;padding: 0px;border: 0px;line-height: 24px;font-family: arial, helvetica, sans-serif;vertical-align: baseline\">Sp\u00e9cifications<br \/>\n<\/span><\/strong><\/em><\/span><\/p>\n<table style=\"border-collapse: collapse;background-color: #ffffff;width: 750px;border: 1px solid #cccccc;height: 297px\" border=\"1\">\n<tbody>\n<tr>\n<td style=\"border: 1px solid #cccccc;width: 111px\"><span style=\"font-size: 16px;font-family: arial, helvetica, sans-serif\">Mod\u00e8le<\/span><\/td>\n<td style=\"border: 1px solid #cccccc;width: 180px\"><span style=\"font-size: 16px;font-family: arial, helvetica, sans-serif\">Bande lumineuse DMX512<\/span><\/td>\n<td style=\"border: 1px solid #cccccc;width: 116px\"><span style=\"font-size: 16px;font-family: arial, helvetica, sans-serif\">Led Type<\/span><\/td>\n<td style=\"border: 1px solid #cccccc;width: 330px\"><span style=\"font-size: 16px;font-family: arial, helvetica, sans-serif\">SMD5050RGB<\/span><\/td>\n<\/tr>\n<tr>\n<td style=\"border: 1px solid #cccccc;width: 111px\"><span style=\"font-size: 16px;font-family: arial, helvetica, sans-serif\">Led QTY<\/span><\/td>\n<td style=\"border: 1px solid #cccccc;width: 180px\"><span style=\"font-size: 16px;font-family: arial, helvetica, sans-serif\">60leds\/M<\/span><\/td>\n<td style=\"border: 1px solid #cccccc;width: 116px\"><span style=\"font-size: 16px;font-family: arial, helvetica, sans-serif\">Type de CI<\/span><\/td>\n<td style=\"border: 1px solid #cccccc;width: 330px\"><span style=\"font-size: 16px;font-family: arial, helvetica, sans-serif\">Circuit int\u00e9gr\u00e9 DMX512<\/span><\/td>\n<\/tr>\n<tr>\n<td style=\"border: 1px solid #cccccc;width: 111px\"><span style=\"font-size: 16px;font-family: arial, helvetica, sans-serif\">QT\u00c9 IC<\/span><\/td>\n<td style=\"border: 1px solid #cccccc;width: 180px\"><span style=\"font-size: 16px;font-family: arial, helvetica, sans-serif\">10pcs\/M<\/span><\/td>\n<td style=\"border: 1px solid #cccccc;width: 116px\"><span style=\"font-size: 16px;font-family: arial, helvetica, sans-serif\">Largeur du PCB<\/span><\/td>\n<td style=\"border: 1px solid #cccccc;width: 330px\"><span style=\"font-size: 16px;font-family: arial, helvetica, sans-serif\">12mm<\/span><\/td>\n<\/tr>\n<tr>\n<td style=\"border: 1px solid #cccccc;width: 111px\"><span style=\"font-size: 16px;font-family: arial, helvetica, sans-serif\">Couleur du PCB<\/span><\/td>\n<td style=\"border: 1px solid #cccccc;width: 180px\"><span style=\"font-size: 16px;font-family: arial, helvetica, sans-serif\">Blanc<\/span><\/td>\n<td style=\"border: 1px solid #cccccc;width: 116px\"><span style=\"font-size: 16px;font-family: arial, helvetica, sans-serif\">Tension<\/span><\/td>\n<td style=\"border: 1px solid #cccccc;width: 330px\"><span style=\"font-size: 16px;font-family: arial, helvetica, sans-serif\">DC24V<\/span><\/td>\n<\/tr>\n<tr>\n<td style=\"border: 1px solid #cccccc;width: 111px\"><span style=\"font-size: 16px;font-family: arial, helvetica, sans-serif\">Puissance<\/span><\/td>\n<td style=\"border: 1px solid #cccccc;width: 180px\"><span style=\"font-size: 16px;font-family: arial, helvetica, sans-serif\">14.4W\/M<\/span><\/td>\n<td style=\"border: 1px solid #cccccc;width: 116px\"><span style=\"font-size: 16px;font-family: arial, helvetica, sans-serif\">Longueur<\/span><\/td>\n<td style=\"border: 1px solid #cccccc;width: 330px\"><span style=\"font-size: 16px;font-family: arial, helvetica, sans-serif\">5m\/bobine, peut \u00e9galement \u00eatre personnalis\u00e9<\/span><\/td>\n<\/tr>\n<tr>\n<td style=\"border: 1px solid #cccccc;width: 746px\" colspan=\"4\"><span style=\"font-size: 16px;font-family: arial, helvetica, sans-serif\">\u00c9tanch\u00e9it\u00e9 : IP20 non \u00e9tanche\/IP65 colle silicone \u00e9tanche\/IP67 tube silicone \u00e9tanche\/IP68 colle silicone+tube \u00e9tanche<\/span><\/td>\n<\/tr>\n<tr>\n<td style=\"border: 1px solid #cccccc;width: 746px\" colspan=\"4\"><span style=\"font-size: 16px;font-family: arial, helvetica, sans-serif\">Installation : Ruban adh\u00e9sif 3M sur l&#8217;arri\u00e8re<\/span><\/td>\n<\/tr>\n<\/tbody>\n<\/table>\n<p>&nbsp;<\/p>\n<p style=\"border: 0px;line-height: 15.6px;font-family: Arial, Helvetica;vertical-align: baseline;color: #333333\"><span style=\"color: #ffffff;background-color: #00ccff;font-size: 18px\"><em><strong>Produit connexe<br \/>\n<\/strong><\/em><\/span><\/p>\n<p><img fetchpriority=\"high\" decoding=\"async\" class=\"\" src=\"\/\/sc01.alicdn.com\/kf\/HTB1xVx2XyHrK1Rjy0Flq6AsaFXao\/228612101\/HTB1xVx2XyHrK1Rjy0Flq6AsaFXao.jpg\" width=\"750\" height=\"471\"><\/p>\n<p style=\"border: 0px;line-height: 15.6px;font-family: Arial, Helvetica;vertical-align: baseline;color: #333333\"><span style=\"color: #ffffff;background-color: #00ccff;font-size: 18px\"><em><strong>Service personnalis\u00e9<br \/>\n<\/strong><\/em><\/span><\/p>\n<p><img decoding=\"async\" src=\"\/\/sc01.alicdn.com\/kf\/HTB1YhCkXli5K1Rjt_hNq6zUDVXaK\/228612101\/HTB1YhCkXli5K1Rjt_hNq6zUDVXaK.jpg\" alt=\"SMD5050 Digital Addressable Light DMX512 Controller IC Flexible Programmable RGB Led Strip\"><\/p>\n<p style=\"border: 0px;line-height: 15.6px;font-family: Arial, Helvetica;vertical-align: baseline;color: #333333\"><span style=\"color: #ffffff;background-color: #00ccff;font-size: 18px\"><em><strong>Paquet<br \/>\n<\/strong><\/em><\/span><\/p>\n<p><img decoding=\"async\" src=\"\/\/sc01.alicdn.com\/kf\/HTB1aItbmqQoBKNjSZJnq6yw9VXaR\/228612101\/HTB1aItbmqQoBKNjSZJnq6yw9VXaR.jpg\" alt=\"SMD5050 Digital Addressable Light DMX512 Controller IC Flexible Programmable RGB Led Strip\" width=\"750\" height=\"185\"><\/p>\n<p><img decoding=\"async\" class=\"size-full wp-image-1025 aligncenter\" src=\"https:\/\/www.witop-tech.com\/wp-content\/uploads\/2016\/11\/application.jpg\" alt=\"application\" width=\"1170\" height=\"155\"><\/p>\n<p><img loading=\"lazy\" decoding=\"async\" class=\"alignnone size-medium wp-image-785\" src=\"https:\/\/clfled.com\/wp-content\/uploads\/2022\/11\/H015d49cc4ce64785b01567212fd776b10-271x300.webp\" alt=\"\" width=\"271\" height=\"300\" srcset=\"https:\/\/clfled.com\/wp-content\/uploads\/2022\/11\/H015d49cc4ce64785b01567212fd776b10-271x300.webp 271w, https:\/\/clfled.com\/wp-content\/uploads\/2022\/11\/H015d49cc4ce64785b01567212fd776b10-500x554.webp 500w, https:\/\/clfled.com\/wp-content\/uploads\/2022\/11\/H015d49cc4ce64785b01567212fd776b10-150x166.webp 150w, https:\/\/clfled.com\/wp-content\/uploads\/2022\/11\/H015d49cc4ce64785b01567212fd776b10-700x776.webp 700w, https:\/\/clfled.com\/wp-content\/uploads\/2022\/11\/H015d49cc4ce64785b01567212fd776b10-768x852.webp 768w, https:\/\/clfled.com\/wp-content\/uploads\/2022\/11\/H015d49cc4ce64785b01567212fd776b10.webp 800w\" sizes=\"(max-width: 271px) 100vw, 271px\" \/><\/p>\n<ul>\n<li>\u00c9clairage de la ligne d&#8217;horizon de la ville, villas, panneaux publicitaires muraux, No\u00ebl ( , , paysage d\u00e9coratif)<\/li>\n<li>Design irr\u00e9gulier de la d\u00e9coration corporelle (centres commerciaux, h\u00f4tels, bo\u00eetes de nuit, mur polygonal de KTV<\/li>\n<li>conception de la cavit\u00e9 du plafond des \u00e9tablissements)<\/li>\n<li>\u00c9clairage public (\u00e9coles, biblioth\u00e8ques, h\u00f4pitaux, a\u00e9roports, stations de m\u00e9tro, gares)<\/li>\n<li>Garnitures de meubles \u00e0 rainures sombres (porte, bar, armoire \u00e0 vin, penderie, meuble TV, etc.)<\/li>\n<li>Beaut\u00e9 automobile (carrosserie, soubassement, brouette \u00e9quilibr\u00e9e, etc.)<\/li>\n<\/ul>\n","protected":false},"excerpt":{"rendered":"<p>Vous cherchez un moyen cr\u00e9atif et accrocheur d&#8217;ajouter un peu de lumi\u00e8re \u00e0 votre vie ? Ne cherchez pas plus loin que ces bandes LED en couleur. Ce produit innovant utilise une alimentation DC24V pour fournir une gamme compl\u00e8te de couleurs pour vos bandes lumineuses LED, tout en \u00e9tant contr\u00f4l\u00e9 par un ED Chip 5050SMD int\u00e9gr\u00e9.<br \/>\nNous utilisons un mat\u00e9riau FPC souple qui permet \u00e0 notre bande lumineuse de s&#8217;enrouler facilement et de prendre n&#8217;importe quelle forme sans se casser. Gr\u00e2ce au contr\u00f4leur, vous pouvez obtenir des effets lumineux monochromes, RVB ou m\u00eame personnalis\u00e9s en fonction de votre humeur.<br \/>\nNotre produit est facile \u00e0 installer et \u00e0 utiliser. Alors, que vous cherchiez \u00e0 ajouter de l&#8217;ambiance \u00e0 votre maison ou \u00e0 animer votre prochaine f\u00eate, le FPCB est s\u00fbr d&#8217;\u00e9gayer votre journ\u00e9e !<\/p>\n","protected":false},"featured_media":1969,"comment_status":"open","ping_status":"closed","template":"","meta":[],"product_cat":[164],"product_tag":[],"class_list":["post-4369","product","type-product","status-publish","has-post-thumbnail","hentry","product_cat-bande-led-en-couleur"],"yoast_head":"<!-- This site is optimized with the Yoast SEO Premium plugin v21.0 (Yoast SEO v21.0) - https:\/\/yoast.com\/wordpress\/plugins\/seo\/ -->\n<title>SMD5050 Digital Addressable Light DMX512 Controller IC Flexible Programmable RGB Led Strip - Clfled<\/title>\n<meta name=\"robots\" content=\"index, follow, max-snippet:-1, max-image-preview:large, max-video-preview:-1\" \/>\n<link rel=\"canonical\" href=\"https:\/\/clfled.com\/fr\/produit\/smd5050-lumiere-numerique-adressable-dmx512-controleur-ic-flexible-programmable-rgb-led-strip\/\" \/>\n<meta property=\"og:locale\" content=\"fr_FR\" \/>\n<meta property=\"og:type\" content=\"article\" \/>\n<meta property=\"og:title\" content=\"SMD5050 Digital Addressable Light DMX512 Controller IC Flexible Programmable RGB Led Strip\" \/>\n<meta property=\"og:description\" content=\"Vous cherchez un moyen cr\u00e9atif et accrocheur d&#039;ajouter un peu de lumi\u00e8re \u00e0 votre vie ? Ne cherchez pas plus loin que ces bandes LED en couleur. Ce produit innovant utilise une alimentation DC24V pour fournir une gamme compl\u00e8te de couleurs pour vos bandes lumineuses LED, tout en \u00e9tant contr\u00f4l\u00e9 par un ED Chip 5050SMD int\u00e9gr\u00e9.  Nous utilisons un mat\u00e9riau FPC souple qui permet \u00e0 notre bande lumineuse de s&#039;enrouler facilement et de prendre n&#039;importe quelle forme sans se casser. Gr\u00e2ce au contr\u00f4leur, vous pouvez obtenir des effets lumineux monochromes, RVB ou m\u00eame personnalis\u00e9s en fonction de votre humeur. Notre produit est facile \u00e0 installer et \u00e0 utiliser. Alors, que vous cherchiez \u00e0 ajouter de l&#039;ambiance \u00e0 votre maison ou \u00e0 animer votre prochaine f\u00eate, le FPCB est s\u00fbr d&#039;\u00e9gayer votre journ\u00e9e !\" \/>\n<meta property=\"og:url\" content=\"https:\/\/clfled.com\/fr\/produit\/smd5050-lumiere-numerique-adressable-dmx512-controleur-ic-flexible-programmable-rgb-led-strip\/\" \/>\n<meta property=\"og:site_name\" content=\"Clfled\" \/>\n<meta property=\"article:modified_time\" content=\"2022-12-01T10:51:46+00:00\" \/>\n<meta property=\"og:image\" content=\"https:\/\/clfled.com\/wp-content\/uploads\/2022\/11\/HTB1rmp0XvvsK1Rjy0Fiq6zwtXXaP.jpg\" \/>\n\t<meta property=\"og:image:width\" content=\"800\" \/>\n\t<meta property=\"og:image:height\" content=\"800\" \/>\n\t<meta property=\"og:image:type\" content=\"image\/jpeg\" \/>\n<meta name=\"twitter:card\" content=\"summary_large_image\" \/>\n<meta name=\"twitter:label1\" content=\"Dur\u00e9e de lecture estim\u00e9e\" \/>\n\t<meta name=\"twitter:data1\" content=\"3 minutes\" \/>\n<script type=\"application\/ld+json\" class=\"yoast-schema-graph\">{\"@context\":\"https:\/\/schema.org\",\"@graph\":[{\"@type\":\"WebPage\",\"@id\":\"https:\/\/clfled.com\/fr\/produit\/smd5050-lumiere-numerique-adressable-dmx512-controleur-ic-flexible-programmable-rgb-led-strip\/\",\"url\":\"https:\/\/clfled.com\/fr\/produit\/smd5050-lumiere-numerique-adressable-dmx512-controleur-ic-flexible-programmable-rgb-led-strip\/\",\"name\":\"SMD5050 Digital Addressable Light DMX512 Controller IC Flexible Programmable RGB Led Strip - Clfled\",\"isPartOf\":{\"@id\":\"https:\/\/clfled.com\/fr\/#website\"},\"datePublished\":\"2022-11-05T06:08:00+00:00\",\"dateModified\":\"2022-12-01T10:51:46+00:00\",\"breadcrumb\":{\"@id\":\"https:\/\/clfled.com\/fr\/produit\/smd5050-lumiere-numerique-adressable-dmx512-controleur-ic-flexible-programmable-rgb-led-strip\/#breadcrumb\"},\"inLanguage\":\"fr-FR\",\"potentialAction\":[{\"@type\":\"ReadAction\",\"target\":[\"https:\/\/clfled.com\/fr\/produit\/smd5050-lumiere-numerique-adressable-dmx512-controleur-ic-flexible-programmable-rgb-led-strip\/\"]}]},{\"@type\":\"BreadcrumbList\",\"@id\":\"https:\/\/clfled.com\/fr\/produit\/smd5050-lumiere-numerique-adressable-dmx512-controleur-ic-flexible-programmable-rgb-led-strip\/#breadcrumb\",\"itemListElement\":[{\"@type\":\"ListItem\",\"position\":1,\"name\":\"HOME\",\"item\":\"https:\/\/clfled.com\/fr\/\"},{\"@type\":\"ListItem\",\"position\":2,\"name\":\"Boutique\",\"item\":\"https:\/\/clfled.com\/fr\/boutique\/\"},{\"@type\":\"ListItem\",\"position\":3,\"name\":\"SMD5050 Digital Addressable Light DMX512 Controller IC Flexible Programmable RGB Led Strip\"}]},{\"@type\":\"WebSite\",\"@id\":\"https:\/\/clfled.com\/fr\/#website\",\"url\":\"https:\/\/clfled.com\/fr\/\",\"name\":\"Clfled\",\"description\":\"clfled.com\",\"potentialAction\":[{\"@type\":\"SearchAction\",\"target\":{\"@type\":\"EntryPoint\",\"urlTemplate\":\"https:\/\/clfled.com\/fr\/?s={search_term_string}\"},\"query-input\":\"required name=search_term_string\"}],\"inLanguage\":\"fr-FR\"}]}<\/script>\n<!-- \/ Yoast SEO Premium plugin. -->","yoast_head_json":{"title":"SMD5050 Digital Addressable Light DMX512 Controller IC Flexible Programmable RGB Led Strip - Clfled","robots":{"index":"index","follow":"follow","max-snippet":"max-snippet:-1","max-image-preview":"max-image-preview:large","max-video-preview":"max-video-preview:-1"},"canonical":"https:\/\/clfled.com\/fr\/produit\/smd5050-lumiere-numerique-adressable-dmx512-controleur-ic-flexible-programmable-rgb-led-strip\/","og_locale":"fr_FR","og_type":"article","og_title":"SMD5050 Digital Addressable Light DMX512 Controller IC Flexible Programmable RGB Led Strip","og_description":"Vous cherchez un moyen cr\u00e9atif et accrocheur d'ajouter un peu de lumi\u00e8re \u00e0 votre vie ? Ne cherchez pas plus loin que ces bandes LED en couleur. Ce produit innovant utilise une alimentation DC24V pour fournir une gamme compl\u00e8te de couleurs pour vos bandes lumineuses LED, tout en \u00e9tant contr\u00f4l\u00e9 par un ED Chip 5050SMD int\u00e9gr\u00e9.  Nous utilisons un mat\u00e9riau FPC souple qui permet \u00e0 notre bande lumineuse de s'enrouler facilement et de prendre n'importe quelle forme sans se casser. Gr\u00e2ce au contr\u00f4leur, vous pouvez obtenir des effets lumineux monochromes, RVB ou m\u00eame personnalis\u00e9s en fonction de votre humeur. Notre produit est facile \u00e0 installer et \u00e0 utiliser. Alors, que vous cherchiez \u00e0 ajouter de l'ambiance \u00e0 votre maison ou \u00e0 animer votre prochaine f\u00eate, le FPCB est s\u00fbr d'\u00e9gayer votre journ\u00e9e !","og_url":"https:\/\/clfled.com\/fr\/produit\/smd5050-lumiere-numerique-adressable-dmx512-controleur-ic-flexible-programmable-rgb-led-strip\/","og_site_name":"Clfled","article_modified_time":"2022-12-01T10:51:46+00:00","og_image":[{"width":800,"height":800,"url":"https:\/\/clfled.com\/wp-content\/uploads\/2022\/11\/HTB1rmp0XvvsK1Rjy0Fiq6zwtXXaP.jpg","type":"image\/jpeg"}],"twitter_card":"summary_large_image","twitter_misc":{"Dur\u00e9e de lecture estim\u00e9e":"3 minutes"},"schema":{"@context":"https:\/\/schema.org","@graph":[{"@type":"WebPage","@id":"https:\/\/clfled.com\/fr\/produit\/smd5050-lumiere-numerique-adressable-dmx512-controleur-ic-flexible-programmable-rgb-led-strip\/","url":"https:\/\/clfled.com\/fr\/produit\/smd5050-lumiere-numerique-adressable-dmx512-controleur-ic-flexible-programmable-rgb-led-strip\/","name":"SMD5050 Digital Addressable Light DMX512 Controller IC Flexible Programmable RGB Led Strip - Clfled","isPartOf":{"@id":"https:\/\/clfled.com\/fr\/#website"},"datePublished":"2022-11-05T06:08:00+00:00","dateModified":"2022-12-01T10:51:46+00:00","breadcrumb":{"@id":"https:\/\/clfled.com\/fr\/produit\/smd5050-lumiere-numerique-adressable-dmx512-controleur-ic-flexible-programmable-rgb-led-strip\/#breadcrumb"},"inLanguage":"fr-FR","potentialAction":[{"@type":"ReadAction","target":["https:\/\/clfled.com\/fr\/produit\/smd5050-lumiere-numerique-adressable-dmx512-controleur-ic-flexible-programmable-rgb-led-strip\/"]}]},{"@type":"BreadcrumbList","@id":"https:\/\/clfled.com\/fr\/produit\/smd5050-lumiere-numerique-adressable-dmx512-controleur-ic-flexible-programmable-rgb-led-strip\/#breadcrumb","itemListElement":[{"@type":"ListItem","position":1,"name":"HOME","item":"https:\/\/clfled.com\/fr\/"},{"@type":"ListItem","position":2,"name":"Boutique","item":"https:\/\/clfled.com\/fr\/boutique\/"},{"@type":"ListItem","position":3,"name":"SMD5050 Digital Addressable Light DMX512 Controller IC Flexible Programmable RGB Led Strip"}]},{"@type":"WebSite","@id":"https:\/\/clfled.com\/fr\/#website","url":"https:\/\/clfled.com\/fr\/","name":"Clfled","description":"clfled.com","potentialAction":[{"@type":"SearchAction","target":{"@type":"EntryPoint","urlTemplate":"https:\/\/clfled.com\/fr\/?s={search_term_string}"},"query-input":"required name=search_term_string"}],"inLanguage":"fr-FR"}]}},"_links":{"self":[{"href":"https:\/\/clfled.com\/fr\/wp-json\/wp\/v2\/product\/4369","targetHints":{"allow":["GET"]}}],"collection":[{"href":"https:\/\/clfled.com\/fr\/wp-json\/wp\/v2\/product"}],"about":[{"href":"https:\/\/clfled.com\/fr\/wp-json\/wp\/v2\/types\/product"}],"replies":[{"embeddable":true,"href":"https:\/\/clfled.com\/fr\/wp-json\/wp\/v2\/comments?post=4369"}],"version-history":[{"count":2,"href":"https:\/\/clfled.com\/fr\/wp-json\/wp\/v2\/product\/4369\/revisions"}],"predecessor-version":[{"id":4788,"href":"https:\/\/clfled.com\/fr\/wp-json\/wp\/v2\/product\/4369\/revisions\/4788"}],"wp:featuredmedia":[{"embeddable":true,"href":"https:\/\/clfled.com\/fr\/wp-json\/wp\/v2\/media\/1969"}],"wp:attachment":[{"href":"https:\/\/clfled.com\/fr\/wp-json\/wp\/v2\/media?parent=4369"}],"wp:term":[{"taxonomy":"product_cat","embeddable":true,"href":"https:\/\/clfled.com\/fr\/wp-json\/wp\/v2\/product_cat?post=4369"},{"taxonomy":"product_tag","embeddable":true,"href":"https:\/\/clfled.com\/fr\/wp-json\/wp\/v2\/product_tag?post=4369"}],"curies":[{"name":"wp","href":"https:\/\/api.w.org\/{rel}","templated":true}]}}