{"id":4367,"date":"2022-11-05T14:08:56","date_gmt":"2022-11-05T06:08:56","guid":{"rendered":"https:\/\/clfled.com\/product\/led-ambient-light-for-ebay-selling-kit-outdoor-dc24v-led-underground-light-with-app-control\/"},"modified":"2022-11-05T14:08:56","modified_gmt":"2022-11-05T06:08:56","slug":"led-ambient-light-for-ebay-selling-kit-outdoor-dc24v-led-underground-light-with-app-control-2","status":"publish","type":"product","link":"https:\/\/clfled.com\/fr\/produit\/led-ambient-light-for-ebay-selling-kit-outdoor-dc24v-led-underground-light-with-app-control-2\/","title":{"rendered":"Led Ambient Light For Ebay Selling Kit Outdoor DC24V Led Underground Light With App Control"},"content":{"rendered":"<p><span style=\"text-decoration: underline\"><strong><em><span style=\"font-family: 'times new roman', times;font-size: 24px\">Led Ambient Light For Ebay Selling Kit Outdoor DC24V Led Underground Light With App Control<\/span><\/em><\/strong><\/span><\/p>\n<p><span style=\"text-decoration: underline;background-color: #00ccff;font-size: 24px\"><strong><em><span style=\"font-family: 'times new roman', times\">Fonctionnalit\u00e9<\/span><\/em><\/strong><\/span><\/p>\n<p><span style=\"font-family: 'times new roman', times;font-size: 16px\">1.led string light est support\u00e9 par un adaptateur basse tension 24V, il est facile \u00e0 connecter.<\/span><\/p>\n<p><span style=\"font-family: 'times new roman', times;font-size: 16px\">Lampe de sol de jardin \u00e9tanche pour l&#8217;ext\u00e9rieur.<\/span><\/p>\n<p><span style=\"font-family: 'times new roman', times;font-size: 16px\">3. la guirlande de LED multicolores est compatible avec le contr\u00f4le par t\u00e9l\u00e9phone intelligent, le contr\u00f4le par APP.<\/span><\/p>\n<p><span style=\"font-family: 'times new roman', times;font-size: 16px\">4. les guirlandes lumineuses souterraines supportent le mode musique, ce qui cr\u00e9e une atmosph\u00e8re joyeuse.<\/span><\/p>\n<p><span style=\"font-family: 'times new roman', times;font-size: 16px\">5. les guirlandes lumineuses sont faciles \u00e0 manier et \u00e0 transporter.<\/span><\/p>\n<p><img fetchpriority=\"high\" decoding=\"async\" class=\"\" src=\"\/\/sc04.alicdn.com\/kf\/Hcd030cb012f24edbb73741e3c2f32503B\/228612101\/Hcd030cb012f24edbb73741e3c2f32503B.jpg\" alt=\"Led Ambient Light For Ebay Selling Kit Outdoor DC24V Led Underground Light With App Control\" width=\"750\" height=\"464\"><\/p>\n<p><span style=\"text-decoration: underline;background-color: #00ccff;font-size: 24px\"><strong><em><span style=\"font-family: 'times new roman', times\">Sp\u00e9cification&amp;Package Article<\/span><\/em><\/strong><\/span><\/p>\n<table style=\"border-collapse: collapse;border-style: solid;background-color: #ffffff;width: 750px;height: 456px\" border=\"1\">\n<tbody>\n<tr style=\"height: 18px\">\n<td style=\"width: 340px;height: 18px\"><span style=\"color: #000000;font-family: 'times new roman', times;font-size: 16px;font-style: normal;font-weight: 400;background-color: #ffffff;float: none\">Feu de sol \u00e0 DEL de couleur*15pcs<\/span><\/td>\n<td style=\"width: 397px;height: 18px\"><span style=\"font-family: 'times new roman', times;font-size: 16px\">DC24V<\/span><\/p>\n<p><span style=\"font-family: 'times new roman', times;font-size: 16px\">12W<\/span><\/p>\n<p><span style=\"font-family: 'times new roman', times;font-size: 16px\">15M\u00e8tres de longueur totale<\/span><\/td>\n<\/tr>\n<tr style=\"height: 31px\">\n<td style=\"width: 340px;height: 31px\"><span style=\"color: #000000;font-family: 'times new roman', times;font-size: 16px;font-style: normal;font-weight: 400;background-color: #ffffff;float: none\">Bo\u00eete de contr\u00f4le pour ampoules Led*1pc<\/span><\/td>\n<td style=\"width: 397px;height: 31px\"><span style=\"font-family: 'times new roman', times;font-size: 16px\">Contr\u00f4le par APP<\/span><\/p>\n<p><span style=\"font-family: 'times new roman', times;font-size: 16px\">Distance de contr\u00f4le : 10 m\u00e8tres<\/span><\/td>\n<\/tr>\n<tr style=\"height: 14px\">\n<td style=\"width: 340px;height: 14px\"><span style=\"color: #000000;font-family: 'times new roman', times;font-size: 16px;font-style: normal;font-weight: 400;background-color: #ffffff;float: none\">Adaptateur secteur*1pc<\/span><\/td>\n<td style=\"width: 397px;height: 14px\"><span style=\"color: #000000;font-family: 'times new roman', times;font-size: 16px;font-style: normal;font-weight: 400;background-color: #ffffff;float: none\">12V*1A<\/span><\/td>\n<\/tr>\n<tr style=\"height: 8px\">\n<td style=\"width: 340px;height: 8px\"><span style=\"color: #000000;font-family: 'times new roman', times;font-size: 16px;font-style: normal;font-weight: 400;background-color: #ffffff;float: none\">Manuel de l&#8217;utilisateur*1pc<\/span><\/td>\n<td style=\"width: 397px;height: 8px\"> <span style=\"font-size: 16px\">\/<\/span><\/td>\n<\/tr>\n<\/tbody>\n<\/table>\n<p><span style=\"background-color: #00ccff;font-size: 24px\"><em><strong><span style=\"font-family: 'times new roman', times\">Pr\u00e9sentation du produit<\/span><\/strong><\/em><\/span><\/p>\n<p><span style=\"background-color: #00ccff;font-size: 24px\"><em><strong><span style=\"font-family: 'times new roman', times\"><img decoding=\"async\" class=\"\" src=\"\/\/sc04.alicdn.com\/kf\/Hfd715915a1fa4c9c915a4777b85a520ez\/228612101\/Hfd715915a1fa4c9c915a4777b85a520ez.jpg\" alt=\"Led Ambient Light For Ebay Selling Kit Outdoor DC24V Led Underground Light With App Control\" width=\"750\" height=\"750\"><\/span><\/strong><\/em><\/span><\/p>\n<p><img decoding=\"async\" src=\"\/\/sc04.alicdn.com\/kf\/H9877e786c0ac419c9f05b749c7b7e8d01\/228612101\/H9877e786c0ac419c9f05b749c7b7e8d01.jpg\" alt=\"Led Ambient Light For Ebay Selling Kit Outdoor DC24V Led Underground Light With App Control\"><\/p>\n<p><span style=\"background-color: #00ccff;font-size: 24px\"><em><strong><span style=\"font-family: 'times new roman', times\">Application<\/span><\/strong><\/em><\/span><\/p>\n<p><span style=\"background-color: #ffffff;font-size: 16px\"><em><strong><span style=\"font-family: 'times new roman', times\">La guirlande lumineuse \u00e9tanche est utilis\u00e9e dans certains endroits : jardin, cour, balcon ouvert, restaurant ext\u00e9rieur, cour de maison, etc.<\/span><\/strong><\/em><\/span><\/p>\n<p><img decoding=\"async\" class=\"\" src=\"\/\/sc04.alicdn.com\/kf\/H425f3580408745199f8491143acddd7fd\/228612101\/H425f3580408745199f8491143acddd7fd.jpg\" alt=\"Led Ambient Light For Ebay Selling Kit Outdoor DC24V Led Underground Light With App Control\" width=\"750\" height=\"464\"><\/p>\n<p>&nbsp;<\/p>\n<p>&nbsp;<\/p>\n<p>&nbsp;<\/p>\n","protected":false},"excerpt":{"rendered":"<p>Led Ambient Light For Ebay Selling Kit Outdoor DC24V Led Underground Light With App Control Fonctionnalit\u00e9 1.led string light est<\/p>\n","protected":false},"featured_media":1993,"comment_status":"open","ping_status":"closed","template":"","meta":[],"product_cat":[247],"product_tag":[],"class_list":["post-4367","product","type-product","status-publish","has-post-thumbnail","hentry","product_cat-lumiere-decorative"],"yoast_head":"<!-- This site is optimized with the Yoast SEO Premium plugin v21.0 (Yoast SEO v21.0) - https:\/\/yoast.com\/wordpress\/plugins\/seo\/ -->\n<title>Led Ambient Light For Ebay Selling Kit Outdoor DC24V Led Underground Light With App Control - Clfled<\/title>\n<meta name=\"robots\" content=\"index, follow, max-snippet:-1, max-image-preview:large, max-video-preview:-1\" \/>\n<link rel=\"canonical\" href=\"https:\/\/clfled.com\/fr\/produit\/led-ambient-light-for-ebay-selling-kit-outdoor-dc24v-led-underground-light-with-app-control-2\/\" \/>\n<meta property=\"og:locale\" content=\"fr_FR\" \/>\n<meta property=\"og:type\" content=\"article\" \/>\n<meta property=\"og:title\" content=\"Led Ambient Light For Ebay Selling Kit Outdoor DC24V Led Underground Light With App Control\" \/>\n<meta property=\"og:description\" content=\"Led Ambient Light For Ebay Selling Kit Outdoor DC24V Led Underground Light With App Control Fonctionnalit\u00e9 1.led string light est\" \/>\n<meta property=\"og:url\" content=\"https:\/\/clfled.com\/fr\/produit\/led-ambient-light-for-ebay-selling-kit-outdoor-dc24v-led-underground-light-with-app-control-2\/\" \/>\n<meta property=\"og:site_name\" content=\"Clfled\" \/>\n<meta property=\"og:image\" content=\"https:\/\/clfled.com\/wp-content\/uploads\/2022\/11\/H6deecff375f74e80a704482066988dcfq.jpg\" \/>\n\t<meta property=\"og:image:width\" content=\"1601\" \/>\n\t<meta property=\"og:image:height\" content=\"1601\" \/>\n\t<meta property=\"og:image:type\" content=\"image\/jpeg\" \/>\n<meta name=\"twitter:card\" content=\"summary_large_image\" \/>\n<meta name=\"twitter:label1\" content=\"Dur\u00e9e de lecture estim\u00e9e\" \/>\n\t<meta name=\"twitter:data1\" content=\"1 minute\" \/>\n<script type=\"application\/ld+json\" class=\"yoast-schema-graph\">{\"@context\":\"https:\/\/schema.org\",\"@graph\":[{\"@type\":\"WebPage\",\"@id\":\"https:\/\/clfled.com\/fr\/produit\/led-ambient-light-for-ebay-selling-kit-outdoor-dc24v-led-underground-light-with-app-control-2\/\",\"url\":\"https:\/\/clfled.com\/fr\/produit\/led-ambient-light-for-ebay-selling-kit-outdoor-dc24v-led-underground-light-with-app-control-2\/\",\"name\":\"Led Ambient Light For Ebay Selling Kit Outdoor DC24V Led Underground Light With App Control - Clfled\",\"isPartOf\":{\"@id\":\"https:\/\/clfled.com\/fr\/#website\"},\"datePublished\":\"2022-11-05T06:08:56+00:00\",\"dateModified\":\"2022-11-05T06:08:56+00:00\",\"breadcrumb\":{\"@id\":\"https:\/\/clfled.com\/fr\/produit\/led-ambient-light-for-ebay-selling-kit-outdoor-dc24v-led-underground-light-with-app-control-2\/#breadcrumb\"},\"inLanguage\":\"fr-FR\",\"potentialAction\":[{\"@type\":\"ReadAction\",\"target\":[\"https:\/\/clfled.com\/fr\/produit\/led-ambient-light-for-ebay-selling-kit-outdoor-dc24v-led-underground-light-with-app-control-2\/\"]}]},{\"@type\":\"BreadcrumbList\",\"@id\":\"https:\/\/clfled.com\/fr\/produit\/led-ambient-light-for-ebay-selling-kit-outdoor-dc24v-led-underground-light-with-app-control-2\/#breadcrumb\",\"itemListElement\":[{\"@type\":\"ListItem\",\"position\":1,\"name\":\"HOME\",\"item\":\"https:\/\/clfled.com\/fr\/\"},{\"@type\":\"ListItem\",\"position\":2,\"name\":\"Boutique\",\"item\":\"https:\/\/clfled.com\/fr\/boutique\/\"},{\"@type\":\"ListItem\",\"position\":3,\"name\":\"Led Ambient Light For Ebay Selling Kit Outdoor DC24V Led Underground Light With App Control\"}]},{\"@type\":\"WebSite\",\"@id\":\"https:\/\/clfled.com\/fr\/#website\",\"url\":\"https:\/\/clfled.com\/fr\/\",\"name\":\"Clfled\",\"description\":\"clfled.com\",\"potentialAction\":[{\"@type\":\"SearchAction\",\"target\":{\"@type\":\"EntryPoint\",\"urlTemplate\":\"https:\/\/clfled.com\/fr\/?s={search_term_string}\"},\"query-input\":\"required name=search_term_string\"}],\"inLanguage\":\"fr-FR\"}]}<\/script>\n<!-- \/ Yoast SEO Premium plugin. -->","yoast_head_json":{"title":"Led Ambient Light For Ebay Selling Kit Outdoor DC24V Led Underground Light With App Control - Clfled","robots":{"index":"index","follow":"follow","max-snippet":"max-snippet:-1","max-image-preview":"max-image-preview:large","max-video-preview":"max-video-preview:-1"},"canonical":"https:\/\/clfled.com\/fr\/produit\/led-ambient-light-for-ebay-selling-kit-outdoor-dc24v-led-underground-light-with-app-control-2\/","og_locale":"fr_FR","og_type":"article","og_title":"Led Ambient Light For Ebay Selling Kit Outdoor DC24V Led Underground Light With App Control","og_description":"Led Ambient Light For Ebay Selling Kit Outdoor DC24V Led Underground Light With App Control Fonctionnalit\u00e9 1.led string light est","og_url":"https:\/\/clfled.com\/fr\/produit\/led-ambient-light-for-ebay-selling-kit-outdoor-dc24v-led-underground-light-with-app-control-2\/","og_site_name":"Clfled","og_image":[{"width":1601,"height":1601,"url":"https:\/\/clfled.com\/wp-content\/uploads\/2022\/11\/H6deecff375f74e80a704482066988dcfq.jpg","type":"image\/jpeg"}],"twitter_card":"summary_large_image","twitter_misc":{"Dur\u00e9e de lecture estim\u00e9e":"1 minute"},"schema":{"@context":"https:\/\/schema.org","@graph":[{"@type":"WebPage","@id":"https:\/\/clfled.com\/fr\/produit\/led-ambient-light-for-ebay-selling-kit-outdoor-dc24v-led-underground-light-with-app-control-2\/","url":"https:\/\/clfled.com\/fr\/produit\/led-ambient-light-for-ebay-selling-kit-outdoor-dc24v-led-underground-light-with-app-control-2\/","name":"Led Ambient Light For Ebay Selling Kit Outdoor DC24V Led Underground Light With App Control - Clfled","isPartOf":{"@id":"https:\/\/clfled.com\/fr\/#website"},"datePublished":"2022-11-05T06:08:56+00:00","dateModified":"2022-11-05T06:08:56+00:00","breadcrumb":{"@id":"https:\/\/clfled.com\/fr\/produit\/led-ambient-light-for-ebay-selling-kit-outdoor-dc24v-led-underground-light-with-app-control-2\/#breadcrumb"},"inLanguage":"fr-FR","potentialAction":[{"@type":"ReadAction","target":["https:\/\/clfled.com\/fr\/produit\/led-ambient-light-for-ebay-selling-kit-outdoor-dc24v-led-underground-light-with-app-control-2\/"]}]},{"@type":"BreadcrumbList","@id":"https:\/\/clfled.com\/fr\/produit\/led-ambient-light-for-ebay-selling-kit-outdoor-dc24v-led-underground-light-with-app-control-2\/#breadcrumb","itemListElement":[{"@type":"ListItem","position":1,"name":"HOME","item":"https:\/\/clfled.com\/fr\/"},{"@type":"ListItem","position":2,"name":"Boutique","item":"https:\/\/clfled.com\/fr\/boutique\/"},{"@type":"ListItem","position":3,"name":"Led Ambient Light For Ebay Selling Kit Outdoor DC24V Led Underground Light With App Control"}]},{"@type":"WebSite","@id":"https:\/\/clfled.com\/fr\/#website","url":"https:\/\/clfled.com\/fr\/","name":"Clfled","description":"clfled.com","potentialAction":[{"@type":"SearchAction","target":{"@type":"EntryPoint","urlTemplate":"https:\/\/clfled.com\/fr\/?s={search_term_string}"},"query-input":"required name=search_term_string"}],"inLanguage":"fr-FR"}]}},"_links":{"self":[{"href":"https:\/\/clfled.com\/fr\/wp-json\/wp\/v2\/product\/4367","targetHints":{"allow":["GET"]}}],"collection":[{"href":"https:\/\/clfled.com\/fr\/wp-json\/wp\/v2\/product"}],"about":[{"href":"https:\/\/clfled.com\/fr\/wp-json\/wp\/v2\/types\/product"}],"replies":[{"embeddable":true,"href":"https:\/\/clfled.com\/fr\/wp-json\/wp\/v2\/comments?post=4367"}],"version-history":[{"count":0,"href":"https:\/\/clfled.com\/fr\/wp-json\/wp\/v2\/product\/4367\/revisions"}],"wp:featuredmedia":[{"embeddable":true,"href":"https:\/\/clfled.com\/fr\/wp-json\/wp\/v2\/media\/1993"}],"wp:attachment":[{"href":"https:\/\/clfled.com\/fr\/wp-json\/wp\/v2\/media?parent=4367"}],"wp:term":[{"taxonomy":"product_cat","embeddable":true,"href":"https:\/\/clfled.com\/fr\/wp-json\/wp\/v2\/product_cat?post=4367"},{"taxonomy":"product_tag","embeddable":true,"href":"https:\/\/clfled.com\/fr\/wp-json\/wp\/v2\/product_tag?post=4367"}],"curies":[{"name":"wp","href":"https:\/\/api.w.org\/{rel}","templated":true}]}}