{"id":4324,"date":"2022-11-17T15:57:16","date_gmt":"2022-11-17T07:57:16","guid":{"rendered":"https:\/\/clfled.com\/product\/sfx-360-photo-booth-360-degree-spin-camera-booth-machine\/"},"modified":"2022-11-17T15:57:16","modified_gmt":"2022-11-17T07:57:16","slug":"sfx-360-photo-booth-360-degree-spin-camera-booth-machine-2","status":"publish","type":"product","link":"https:\/\/clfled.com\/fr\/produit\/sfx-360-photo-booth-360-degree-spin-camera-booth-machine-2\/","title":{"rendered":"SFX 360-Photo Booth 360 Degree Spin Camera Booth Machine"},"content":{"rendered":"<h1 class=\"product-meta__title heading h1\">SFX 360-Photo Booth 360 Degree Spin Camera Booth Machine<\/h1>\n<ul>\n<li><span style=\"vertical-align: inherit\">Plate-forme rotative \u00e0 faible consommation d&#8217;\u00e9nergie avec couverture souple 3D nano light, douce au toucher, pas facile \u00e0 endommager et longue dur\u00e9e de vie.<\/span><\/li>\n<li>Prise de vue en rotation \u00e0 360 degr\u00e9s et rotation d&#8217;avant en arri\u00e8re, la vitesse de rotation peut \u00eatre contr\u00f4l\u00e9e, t\u00e9l\u00e9commande, facile \u00e0 utiliser.<\/li>\n<li>La machine rotative de photomaton \u00e0 360\u00b0 est \u00e9quip\u00e9e d&#8217;une lumi\u00e8re d&#8217;appoint \u00e0 diodes \u00e9lectroluminescentes, afin de vous fournir un \u00e9clairage suffisant pour des vid\u00e9os et des photos de haute qualit\u00e9.<\/li>\n<li>La cabine vid\u00e9o 360 a une capacit\u00e9 de charge de 220 kilogrammes. Cela signifie que les cabines photo 360 permettent \u00e0 5 \u00e0 8 personnes de se tenir sur la plate-forme pour profiter de l&#8217;exp\u00e9rience.<\/li>\n<li>Mise \u00e0 niveau du bras, le support de lumi\u00e8re de remplissage peut \u00eatre personnalis\u00e9 hauteur et l&#8217;angle personnalis\u00e9 est livr\u00e9 avec un support de tablette ou de t\u00e9l\u00e9phone, supporte presque tous les \u00e9quipements photographiques courants utilis\u00e9s dans la photographie moderne.<\/li>\n<li>Vous pouvez utiliser la cabine vid\u00e9o 360 dans ces \u00e9v\u00e9nements \u00e9galement : Mariages, f\u00eates, clubs, concerts, affaires, \u00e9v\u00e9nements d&#8217;entreprise.<\/li>\n<li>Apr\u00e8s votre commande, si vous avez besoin d&#8217;un logo personnalis\u00e9, veuillez envoyer le fichier de votre logo au mail \uff1amia@mokasfx.com, ou ajouter le num\u00e9ro whatsapp : +8618122048800, contactez Mia, elle r\u00e9pondra \u00e0 votre service personnalis\u00e9 selon vos besoins, peu importe la cabine ou le flycase.<\/li>\n<\/ul>\n<p><img fetchpriority=\"high\" decoding=\"async\" class=\"\" src=\"https:\/\/cdn.shopify.com\/s\/files\/1\/0074\/5399\/9204\/files\/lALPF564Mf__eavNBADNBAA_1024_1024_480x480.jpg?v=1662519221\" alt=\"\" width=\"750\" height=\"750\"><\/p>\n<p><img decoding=\"async\" class=\"\" src=\"https:\/\/cdn.shopify.com\/s\/files\/1\/0074\/5399\/9204\/products\/360-Photobooth-Rental-Spinning-Portable-Selfie-Platform-Camera-Booth-68cm.jpg_Q90.jpg_325fb075-23cf-4f25-9d3e-4c6b855b2b44_1000x.webp?v=1650875021\" width=\"750\" height=\"750\"><\/p>\n<p><img decoding=\"async\" class=\"alignleft\" style=\"margin-left: auto;margin-right: auto\" src=\"https:\/\/ae01.alicdn.com\/kf\/S953bd60a14e6414289aea6abdefe26e62.jpg\" width=\"750\" height=\"574\"><\/p>\n<p><img loading=\"lazy\" decoding=\"async\" class=\"alignleft\" style=\"margin-left: auto;margin-right: auto\" src=\"https:\/\/ae01.alicdn.com\/kf\/S5917abb8325446e18653244d6ae96ba3F.jpg\" width=\"750\" height=\"2277\"><\/p>\n<p><img loading=\"lazy\" decoding=\"async\" class=\"alignleft\" style=\"margin-left: auto;margin-right: auto\" src=\"https:\/\/ae01.alicdn.com\/kf\/S765c6634a0f14cec93f434c1b5b2d6f9a.jpg\" width=\"751\" height=\"348\"><\/p>\n","protected":false},"excerpt":{"rendered":"<p>SFX 360-Photo Booth 360 Degree Spin Camera Booth Machine Plate-forme rotative \u00e0 faible consommation d&#8217;\u00e9nergie avec couverture souple 3D nano<\/p>\n","protected":false},"featured_media":3359,"comment_status":"open","ping_status":"closed","template":"","meta":[],"product_cat":[111],"product_tag":[],"class_list":["post-4324","product","type-product","status-publish","has-post-thumbnail","hentry","product_cat-tube-a-piles-sans-fil"],"yoast_head":"<!-- This site is optimized with the Yoast SEO Premium plugin v21.0 (Yoast SEO v21.0) - https:\/\/yoast.com\/wordpress\/plugins\/seo\/ -->\n<title>SFX 360-Photo Booth 360 Degree Spin Camera Booth Machine - Clfled<\/title>\n<meta name=\"robots\" content=\"index, follow, max-snippet:-1, max-image-preview:large, max-video-preview:-1\" \/>\n<link rel=\"canonical\" href=\"https:\/\/clfled.com\/fr\/produit\/sfx-360-photo-booth-360-degree-spin-camera-booth-machine-2\/\" \/>\n<meta property=\"og:locale\" content=\"fr_FR\" \/>\n<meta property=\"og:type\" content=\"article\" \/>\n<meta property=\"og:title\" content=\"SFX 360-Photo Booth 360 Degree Spin Camera Booth Machine\" \/>\n<meta property=\"og:description\" content=\"SFX 360-Photo Booth 360 Degree Spin Camera Booth Machine Plate-forme rotative \u00e0 faible consommation d&#8217;\u00e9nergie avec couverture souple 3D nano\" \/>\n<meta property=\"og:url\" content=\"https:\/\/clfled.com\/fr\/produit\/sfx-360-photo-booth-360-degree-spin-camera-booth-machine-2\/\" \/>\n<meta property=\"og:site_name\" content=\"Clfled\" \/>\n<meta property=\"og:image\" content=\"https:\/\/clfled.com\/wp-content\/uploads\/2022\/11\/1111.webp\" \/>\n\t<meta property=\"og:image:width\" content=\"800\" \/>\n\t<meta property=\"og:image:height\" content=\"800\" \/>\n\t<meta property=\"og:image:type\" content=\"image\/webp\" \/>\n<meta name=\"twitter:card\" content=\"summary_large_image\" \/>\n<meta name=\"twitter:label1\" content=\"Dur\u00e9e de lecture estim\u00e9e\" \/>\n\t<meta name=\"twitter:data1\" content=\"1 minute\" \/>\n<script type=\"application\/ld+json\" class=\"yoast-schema-graph\">{\"@context\":\"https:\/\/schema.org\",\"@graph\":[{\"@type\":\"WebPage\",\"@id\":\"https:\/\/clfled.com\/fr\/produit\/sfx-360-photo-booth-360-degree-spin-camera-booth-machine-2\/\",\"url\":\"https:\/\/clfled.com\/fr\/produit\/sfx-360-photo-booth-360-degree-spin-camera-booth-machine-2\/\",\"name\":\"SFX 360-Photo Booth 360 Degree Spin Camera Booth Machine - Clfled\",\"isPartOf\":{\"@id\":\"https:\/\/clfled.com\/fr\/#website\"},\"datePublished\":\"2022-11-17T07:57:16+00:00\",\"dateModified\":\"2022-11-17T07:57:16+00:00\",\"breadcrumb\":{\"@id\":\"https:\/\/clfled.com\/fr\/produit\/sfx-360-photo-booth-360-degree-spin-camera-booth-machine-2\/#breadcrumb\"},\"inLanguage\":\"fr-FR\",\"potentialAction\":[{\"@type\":\"ReadAction\",\"target\":[\"https:\/\/clfled.com\/fr\/produit\/sfx-360-photo-booth-360-degree-spin-camera-booth-machine-2\/\"]}]},{\"@type\":\"BreadcrumbList\",\"@id\":\"https:\/\/clfled.com\/fr\/produit\/sfx-360-photo-booth-360-degree-spin-camera-booth-machine-2\/#breadcrumb\",\"itemListElement\":[{\"@type\":\"ListItem\",\"position\":1,\"name\":\"HOME\",\"item\":\"https:\/\/clfled.com\/fr\/\"},{\"@type\":\"ListItem\",\"position\":2,\"name\":\"Boutique\",\"item\":\"https:\/\/clfled.com\/fr\/boutique\/\"},{\"@type\":\"ListItem\",\"position\":3,\"name\":\"SFX 360-Photo Booth 360 Degree Spin Camera Booth Machine\"}]},{\"@type\":\"WebSite\",\"@id\":\"https:\/\/clfled.com\/fr\/#website\",\"url\":\"https:\/\/clfled.com\/fr\/\",\"name\":\"Clfled\",\"description\":\"clfled.com\",\"potentialAction\":[{\"@type\":\"SearchAction\",\"target\":{\"@type\":\"EntryPoint\",\"urlTemplate\":\"https:\/\/clfled.com\/fr\/?s={search_term_string}\"},\"query-input\":\"required name=search_term_string\"}],\"inLanguage\":\"fr-FR\"}]}<\/script>\n<!-- \/ Yoast SEO Premium plugin. -->","yoast_head_json":{"title":"SFX 360-Photo Booth 360 Degree Spin Camera Booth Machine - Clfled","robots":{"index":"index","follow":"follow","max-snippet":"max-snippet:-1","max-image-preview":"max-image-preview:large","max-video-preview":"max-video-preview:-1"},"canonical":"https:\/\/clfled.com\/fr\/produit\/sfx-360-photo-booth-360-degree-spin-camera-booth-machine-2\/","og_locale":"fr_FR","og_type":"article","og_title":"SFX 360-Photo Booth 360 Degree Spin Camera Booth Machine","og_description":"SFX 360-Photo Booth 360 Degree Spin Camera Booth Machine Plate-forme rotative \u00e0 faible consommation d&#8217;\u00e9nergie avec couverture souple 3D nano","og_url":"https:\/\/clfled.com\/fr\/produit\/sfx-360-photo-booth-360-degree-spin-camera-booth-machine-2\/","og_site_name":"Clfled","og_image":[{"width":800,"height":800,"url":"https:\/\/clfled.com\/wp-content\/uploads\/2022\/11\/1111.webp","type":"image\/webp"}],"twitter_card":"summary_large_image","twitter_misc":{"Dur\u00e9e de lecture estim\u00e9e":"1 minute"},"schema":{"@context":"https:\/\/schema.org","@graph":[{"@type":"WebPage","@id":"https:\/\/clfled.com\/fr\/produit\/sfx-360-photo-booth-360-degree-spin-camera-booth-machine-2\/","url":"https:\/\/clfled.com\/fr\/produit\/sfx-360-photo-booth-360-degree-spin-camera-booth-machine-2\/","name":"SFX 360-Photo Booth 360 Degree Spin Camera Booth Machine - Clfled","isPartOf":{"@id":"https:\/\/clfled.com\/fr\/#website"},"datePublished":"2022-11-17T07:57:16+00:00","dateModified":"2022-11-17T07:57:16+00:00","breadcrumb":{"@id":"https:\/\/clfled.com\/fr\/produit\/sfx-360-photo-booth-360-degree-spin-camera-booth-machine-2\/#breadcrumb"},"inLanguage":"fr-FR","potentialAction":[{"@type":"ReadAction","target":["https:\/\/clfled.com\/fr\/produit\/sfx-360-photo-booth-360-degree-spin-camera-booth-machine-2\/"]}]},{"@type":"BreadcrumbList","@id":"https:\/\/clfled.com\/fr\/produit\/sfx-360-photo-booth-360-degree-spin-camera-booth-machine-2\/#breadcrumb","itemListElement":[{"@type":"ListItem","position":1,"name":"HOME","item":"https:\/\/clfled.com\/fr\/"},{"@type":"ListItem","position":2,"name":"Boutique","item":"https:\/\/clfled.com\/fr\/boutique\/"},{"@type":"ListItem","position":3,"name":"SFX 360-Photo Booth 360 Degree Spin Camera Booth Machine"}]},{"@type":"WebSite","@id":"https:\/\/clfled.com\/fr\/#website","url":"https:\/\/clfled.com\/fr\/","name":"Clfled","description":"clfled.com","potentialAction":[{"@type":"SearchAction","target":{"@type":"EntryPoint","urlTemplate":"https:\/\/clfled.com\/fr\/?s={search_term_string}"},"query-input":"required name=search_term_string"}],"inLanguage":"fr-FR"}]}},"_links":{"self":[{"href":"https:\/\/clfled.com\/fr\/wp-json\/wp\/v2\/product\/4324","targetHints":{"allow":["GET"]}}],"collection":[{"href":"https:\/\/clfled.com\/fr\/wp-json\/wp\/v2\/product"}],"about":[{"href":"https:\/\/clfled.com\/fr\/wp-json\/wp\/v2\/types\/product"}],"replies":[{"embeddable":true,"href":"https:\/\/clfled.com\/fr\/wp-json\/wp\/v2\/comments?post=4324"}],"version-history":[{"count":0,"href":"https:\/\/clfled.com\/fr\/wp-json\/wp\/v2\/product\/4324\/revisions"}],"wp:featuredmedia":[{"embeddable":true,"href":"https:\/\/clfled.com\/fr\/wp-json\/wp\/v2\/media\/3359"}],"wp:attachment":[{"href":"https:\/\/clfled.com\/fr\/wp-json\/wp\/v2\/media?parent=4324"}],"wp:term":[{"taxonomy":"product_cat","embeddable":true,"href":"https:\/\/clfled.com\/fr\/wp-json\/wp\/v2\/product_cat?post=4324"},{"taxonomy":"product_tag","embeddable":true,"href":"https:\/\/clfled.com\/fr\/wp-json\/wp\/v2\/product_tag?post=4324"}],"curies":[{"name":"wp","href":"https:\/\/api.w.org\/{rel}","templated":true}]}}