{"id":4322,"date":"2022-11-05T13:52:14","date_gmt":"2022-11-05T05:52:14","guid":{"rendered":"https:\/\/clfled.com\/products\/d40-1-5m-dc24v-digital-pixel-360-degree-milky-tube-light-for-wedding-party\/"},"modified":"2022-11-05T13:52:14","modified_gmt":"2022-11-05T05:52:14","slug":"d40-1-5m-dc24v-digital-pixel-360-degree-milky-tube-light-for-wedding-party-2","status":"publish","type":"product","link":"https:\/\/clfled.com\/fr\/produit\/d40-1-5m-dc24v-digital-pixel-360-degree-milky-tube-light-for-wedding-party-2\/","title":{"rendered":"D40 1.5M DC24V digital pixel 360 degree Milky tube Light for Wedding Party"},"content":{"rendered":"<h2 style=\"margin: 0px;padding: 0px;border: 0px;font-style: normal;font-weight: normal;font-size: 12px;line-height: 18px;font-family: Arial, Helvetica;vertical-align: baseline;color: #333333;text-align: center\"><strong><span style=\"font-size: 24px\">1.5M DC24V digital pixel 360 degree Milky tube Light for Wedding Party<\/span><\/strong><\/h2>\n<h2 style=\"text-align: left\"><span style=\"font-size: 24px\">Sp\u00e9cifications  <\/span><\/h2>\n<table style=\"border-collapse: collapse;background-color: #ffffff;width: 747px;border: 1px solid #cccccc\" border=\"1\">\n<tbody>\n<tr style=\"height: 15px\">\n<td style=\"border: 1px solid #cccccc;width: 316px;height: 15px;text-align: left\"><span style=\"font-size: 16px;font-family: arial, helvetica, sans-serif\">Nom du produit<\/span><\/td>\n<td style=\"border: 1px solid #cccccc;width: 427px;height: 15px;text-align: left\"><span style=\"font-size: 16px;font-family: arial, helvetica, sans-serif\">Tube LED color\u00e9 \u00e0 360 degr\u00e9s<\/span><\/td>\n<\/tr>\n<tr style=\"height: 15px\">\n<td style=\"border: 1px solid #cccccc;width: 316px;height: 15px;text-align: left\"><span style=\"font-size: 16px;font-family: arial, helvetica, sans-serif\">Tension d&#8217;entr\u00e9e<\/span><\/td>\n<td style=\"border: 1px solid #cccccc;width: 427px;height: 15px;text-align: left\"><span style=\"font-size: 16px;font-family: arial, helvetica, sans-serif\">DC24V<\/span><\/td>\n<\/tr>\n<tr style=\"height: 15px;text-align: left\">\n<td style=\"border: 1px solid #cccccc;width: 316px;height: 15px;text-align: left\"><span style=\"font-size: 16px;font-family: arial, helvetica, sans-serif\">Puissance maximale<\/span><\/td>\n<td style=\"border: 1px solid #cccccc;width: 427px;height: 15px\"><span style=\"font-size: 16px;font-family: arial, helvetica, sans-serif\">38W<\/span><\/td>\n<\/tr>\n<tr style=\"height: 15px;text-align: left\">\n<td style=\"border: 1px solid #cccccc;width: 316px;height: 15px\"><span style=\"font-size: 16px;font-family: arial, helvetica, sans-serif\">Qt\u00e9 de LED<\/span><\/td>\n<td style=\"border: 1px solid #cccccc;width: 427px;height: 15px\"><span style=\"font-size: 16px;font-family: arial, helvetica, sans-serif\">228LEDs\/m<\/span><\/td>\n<\/tr>\n<tr style=\"height: 15px;text-align: left\">\n<td style=\"border: 1px solid #cccccc;width: 316px;height: 15px\"><span style=\"font-size: 16px;font-family: arial, helvetica, sans-serif\">Pixels<\/span><\/td>\n<td style=\"border: 1px solid #cccccc;width: 427px;height: 15px\"><span style=\"font-size: 16px;font-family: arial, helvetica, sans-serif\">38Pixels<\/span><\/td>\n<\/tr>\n<tr style=\"height: 15px;text-align: left\">\n<td style=\"border: 1px solid #cccccc;width: 316px;height: 15px\"><span style=\"font-size: 16px;font-family: arial, helvetica, sans-serif\">Taille de l&#8217;anneau LED<\/span><\/td>\n<td style=\"border: 1px solid #cccccc;width: 427px;height: 15px\"><span style=\"font-size: 16px;color: #000000;font-family: arial, helvetica, sans-serif\">Diam\u00e8tre : 40 mm Longueur : 1560 mm<\/span><\/td>\n<\/tr>\n<tr style=\"height: 18px;text-align: left\">\n<td style=\"border: 1px solid #cccccc;width: 316px;height: 18px\"><span style=\"font-size: 16px;font-family: arial, helvetica, sans-serif\">Mod\u00e8le<\/span><\/td>\n<td style=\"border: 1px solid #cccccc;width: 427px;height: 18px\"><span style=\"font-family: arial, helvetica, sans-serif;font-size: 16px\">CL-T1560W<\/span><\/td>\n<\/tr>\n<tr style=\"height: 18px\">\n<td style=\"border: 1px solid #cccccc;width: 316px;height: 18px;text-align: left\"><span style=\"font-size: 16px;font-family: arial, helvetica, sans-serif\">Couleurs<\/span><\/td>\n<td style=\"border: 1px solid #cccccc;width: 427px;height: 18px;text-align: left\"><span style=\"font-size: 16px;font-family: arial, helvetica, sans-serif\">Pleine couleur RGB, changement de couleur en r\u00eave<\/span><\/td>\n<\/tr>\n<\/tbody>\n<\/table>\n<p style=\"text-align: left\"><span style=\"color: #000000;font-size: 24px;font-family: arial, helvetica, sans-serif\"><strong><br \/>\nAvantages  <\/strong><\/span><\/p>\n<p style=\"text-align: left\"><span style=\"font-size: 16px\">1. Mode de commande \u00e0 signal unique, fonctionnement simple ;  <\/span><\/p>\n<p style=\"text-align: left\"><span style=\"font-size: 16px\">2. Mat\u00e9riau PC, bel effet, forte r\u00e9sistance \u00e0 la pression ;  <\/span><\/p>\n<p style=\"text-align: left\"><span style=\"font-size: 16px\">3. 256 niveaux de changement de gris ;  <\/span><\/p>\n<p style=\"text-align: left\"><span style=\"font-size: 16px\">4. \u00c9mission de lumi\u00e8re \u00e0 360 degr\u00e9s sans zones sombres ;  <\/span><\/p>\n<p style=\"text-align: left\"><span style=\"font-size: 16px\">5. Transmission en s\u00e9rie, signal stable ;  <\/span><\/p>\n<p style=\"text-align: left\"><span style=\"font-size: 16px\">6. Avec fonction de retour du signal ;  <\/span><\/p>\n<p style=\"text-align: left\"><span style=\"font-size: 16px\">7. Combin\u00e9 avec notre contr\u00f4leur Artnet, l&#8217;op\u00e9ration est plus pratique.<\/span><\/p>\n<p><span style=\"font-family: arial, helvetica, sans-serif\"><strong><span style=\"font-size: 24px\">Applications<\/span><\/strong><\/span><\/p>\n<p><span style=\"font-size: 16px\">Ce produit peut \u00eatre largement utilis\u00e9 pour les spectacles sur sc\u00e8ne, les ambiances de bar et la d\u00e9coration des plan\u00e9tariums et des salles de science et de technologie.<\/span><\/p>\n<p><img decoding=\"async\" class=\"alignleft\" style=\"vertical-align: middle\" src=\"https:\/\/sc04.alicdn.com\/kf\/H958afbdcf5644ed3a6525d52cbce1bc3k\/200440271\/H958afbdcf5644ed3a6525d52cbce1bc3k.jpg\" alt=\"D40 1.5M DC24V digital pixel 360 degree Milky tube Light for Wedding Party\"><\/p>\n<p style=\"margin: 0px;padding: 0px;color: #000000;font-family: Arial;font-size: 12px;font-style: normal;font-weight: 400\" align=\"left\">\n<p style=\"margin: 0px;padding: 0px;color: #000000;font-family: Arial;font-size: 12px;font-style: normal;font-weight: 400\" align=\"left\"><span style=\"line-height: 18px;font-family: arial, helvetica, sans-serif\"><img fetchpriority=\"high\" decoding=\"async\" class=\"alignnone wp-image-905\" src=\"https:\/\/clfled.com\/wp-content\/uploads\/2022\/11\/%E5%BD%A9%E4%BA%91%E7%AE%A1-5-300x200.jpg\" alt=\"\" width=\"751\" height=\"500\"> <img decoding=\"async\" class=\"alignnone wp-image-906\" src=\"https:\/\/clfled.com\/wp-content\/uploads\/2022\/11\/%E5%BD%A9%E4%BA%91%E7%AE%A1-8-300x225.jpg\" alt=\"\" width=\"751\" height=\"563\"> <img decoding=\"async\" class=\"alignnone wp-image-907\" src=\"https:\/\/clfled.com\/wp-content\/uploads\/2022\/11\/%E5%BD%A9%E4%BA%91%E7%AE%A1-10-300x225.jpg\" alt=\"\" width=\"751\" height=\"563\"><\/span><\/p>\n<p style=\"margin: 0px;padding: 0px;color: #000000;font-family: Arial;font-size: 12px;font-style: normal;font-weight: 400\" align=\"left\"><span style=\"line-height: 18px;font-family: arial, helvetica, sans-serif\"> <img loading=\"lazy\" decoding=\"async\" class=\"alignnone wp-image-908\" src=\"https:\/\/clfled.com\/wp-content\/uploads\/2022\/11\/%E5%BD%A9%E4%BA%91%E7%AE%A1-12-300x225.jpg\" alt=\"\" width=\"751\" height=\"563\"><img decoding=\"async\" class=\"alignnone\" style=\"vertical-align: middle\" src=\"https:\/\/sc02.alicdn.com\/kf\/H2666fcf4cff34752b3ac83e2be2bbe39m\/200440271\/H2666fcf4cff34752b3ac83e2be2bbe39m.jpg\" alt=\"D40 1.5M DC24V digital pixel 360 degree Milky tube Light for Wedding Party\"><\/span><\/p>\n<p><img decoding=\"async\" class=\"alignleft\" style=\"vertical-align: middle\" src=\"https:\/\/sc04.alicdn.com\/kf\/Hedf0d23b63b14f65b0c1fc8fe38dabbdr\/200440271\/Hedf0d23b63b14f65b0c1fc8fe38dabbdr.jpg\" alt=\"D40 1.5M DC24V digital pixel 360 degree Milky tube Light for Wedding Party\"><\/p>\n<p style=\"margin: 0px;padding: 0px;color: #000000;font-family: Arial;font-size: 12px;font-style: normal;font-weight: 400\" align=\"left\">\n<p style=\"margin: 0px;padding: 0px;color: #000000;font-family: Arial;font-size: 12px;font-style: normal;font-weight: 400\" align=\"left\"><span style=\"line-height: 18px;font-family: arial, helvetica, sans-serif\"><img decoding=\"async\" class=\"alignnone\" style=\"vertical-align: middle\" src=\"https:\/\/sc01.alicdn.com\/kf\/H95f45f9aa4f24362b436281368e170c8H\/200440271\/H95f45f9aa4f24362b436281368e170c8H.jpg\" alt=\"D40 1.5M DC24V digital pixel 360 degree Milky tube Light for Wedding Party\"><\/span><\/p>\n<p style=\"margin: 0px;padding: 0px;color: #000000;font-family: Arial;font-size: 12px;font-style: normal;font-weight: 400;text-align: left\"><span style=\"line-height: 36px;color: #000000;font-size: 24px;font-family: arial, helvetica, sans-serif\"><strong>Avantages  <\/strong><\/span><\/p>\n<p style=\"margin: 0px;padding: 0px;color: #000000;font-family: Arial;font-size: 12px;font-style: normal;font-weight: 400;text-align: left\"><span style=\"line-height: 24px;font-size: 16px\">1. Mode de commande \u00e0 signal unique, fonctionnement simple ;<\/span><\/p>\n<p style=\"margin: 0px;padding: 0px;color: #000000;font-family: Arial;font-size: 12px;font-style: normal;font-weight: 400;text-align: left\"><span style=\"line-height: 24px;font-size: 16px\">2. Mat\u00e9riau PC, bel effet, forte r\u00e9sistance \u00e0 la pression ;<\/span><\/p>\n<p style=\"margin: 0px;padding: 0px;color: #000000;font-family: Arial;font-size: 12px;font-style: normal;font-weight: 400;text-align: left\"><span style=\"line-height: 24px;font-size: 16px\">3. 256 niveaux de changement de gris ;<\/span><\/p>\n<p style=\"margin: 0px;padding: 0px;color: #000000;font-family: Arial;font-size: 12px;font-style: normal;font-weight: 400;text-align: left\"><span style=\"line-height: 24px;font-size: 16px\">4. \u00c9mission de lumi\u00e8re \u00e0 360 degr\u00e9s sans zones sombres ;<\/span><\/p>\n<p style=\"margin: 0px;padding: 0px;color: #000000;font-family: Arial;font-size: 12px;font-style: normal;font-weight: 400;text-align: left\"><span style=\"line-height: 24px;font-size: 16px\">5. Transmission en s\u00e9rie, signal stable ;<\/span><\/p>\n<p style=\"margin: 0px;padding: 0px;color: #000000;font-family: Arial;font-size: 12px;font-style: normal;font-weight: 400;text-align: left\"><span style=\"line-height: 24px;font-size: 16px\">6. Avec fonction de retour du signal ;<\/span><\/p>\n<p style=\"margin: 0px;padding: 0px;color: #000000;font-family: Arial;font-size: 12px;font-style: normal;font-weight: 400;text-align: left\"><span style=\"line-height: 24px;font-size: 16px\">7. Combin\u00e9 avec notre contr\u00f4leur Artnet, l&#8217;op\u00e9ration est plus pratique.<\/span><\/p>\n<p style=\"margin: 0px;padding: 0px;font-size: 12px;font-style: normal;font-weight: 400;border: 0px;line-height: inherit;font-family: Arial, Helvetica;vertical-align: baseline;color: #333333\"><span style=\"line-height: 18px;font-family: arial, helvetica, sans-serif\"> <img loading=\"lazy\" decoding=\"async\" class=\"alignnone wp-image-909\" src=\"https:\/\/clfled.com\/wp-content\/uploads\/2022\/11\/H980d9d4002d54d7f809b4c58175ca101Y-1-167x300.webp\" alt=\"\" width=\"749\" height=\"1346\" srcset=\"https:\/\/clfled.com\/wp-content\/uploads\/2022\/11\/H980d9d4002d54d7f809b4c58175ca101Y-1-167x300.webp 167w, https:\/\/clfled.com\/wp-content\/uploads\/2022\/11\/H980d9d4002d54d7f809b4c58175ca101Y-1-500x899.webp 500w, https:\/\/clfled.com\/wp-content\/uploads\/2022\/11\/H980d9d4002d54d7f809b4c58175ca101Y-1-150x270.webp 150w, https:\/\/clfled.com\/wp-content\/uploads\/2022\/11\/H980d9d4002d54d7f809b4c58175ca101Y-1-700x1259.webp 700w, https:\/\/clfled.com\/wp-content\/uploads\/2022\/11\/H980d9d4002d54d7f809b4c58175ca101Y-1-569x1024.webp 569w, https:\/\/clfled.com\/wp-content\/uploads\/2022\/11\/H980d9d4002d54d7f809b4c58175ca101Y-1.webp 750w\" sizes=\"(max-width: 749px) 100vw, 749px\" \/><\/span><\/p>\n","protected":false},"excerpt":{"rendered":"<p>1.5M DC24V digital pixel 360 degree Milky tube Light for Wedding Party Sp\u00e9cifications Nom du produit Tube LED color\u00e9 \u00e0<\/p>\n","protected":false},"featured_media":2941,"comment_status":"open","ping_status":"closed","template":"","meta":[],"product_cat":[145],"product_tag":[],"class_list":["post-4322","product","type-product","status-publish","has-post-thumbnail","hentry","product_cat-tube-led-360-pixels"],"yoast_head":"<!-- This site is optimized with the Yoast SEO Premium plugin v21.0 (Yoast SEO v21.0) - https:\/\/yoast.com\/wordpress\/plugins\/seo\/ -->\n<title>D40 1.5M DC24V digital pixel 360 degree Milky tube Light for Wedding Party - Clfled<\/title>\n<meta name=\"robots\" content=\"index, follow, max-snippet:-1, max-image-preview:large, max-video-preview:-1\" \/>\n<link rel=\"canonical\" href=\"https:\/\/clfled.com\/fr\/produit\/d40-1-5m-dc24v-digital-pixel-360-degree-milky-tube-light-for-wedding-party-2\/\" \/>\n<meta property=\"og:locale\" content=\"fr_FR\" \/>\n<meta property=\"og:type\" content=\"article\" \/>\n<meta property=\"og:title\" content=\"D40 1.5M DC24V digital pixel 360 degree Milky tube Light for Wedding Party\" \/>\n<meta property=\"og:description\" content=\"1.5M DC24V digital pixel 360 degree Milky tube Light for Wedding Party Sp\u00e9cifications Nom du produit Tube LED color\u00e9 \u00e0\" \/>\n<meta property=\"og:url\" content=\"https:\/\/clfled.com\/fr\/produit\/d40-1-5m-dc24v-digital-pixel-360-degree-milky-tube-light-for-wedding-party-2\/\" \/>\n<meta property=\"og:site_name\" content=\"Clfled\" \/>\n<meta property=\"og:image\" content=\"https:\/\/clfled.com\/wp-content\/uploads\/2022\/11\/\u5f69\u4e91\u7ba1-6.jpg\" \/>\n\t<meta property=\"og:image:width\" content=\"900\" \/>\n\t<meta property=\"og:image:height\" content=\"900\" \/>\n\t<meta property=\"og:image:type\" content=\"image\/jpeg\" \/>\n<meta name=\"twitter:card\" content=\"summary_large_image\" \/>\n<meta name=\"twitter:label1\" content=\"Dur\u00e9e de lecture estim\u00e9e\" \/>\n\t<meta name=\"twitter:data1\" content=\"1 minute\" \/>\n<script type=\"application\/ld+json\" class=\"yoast-schema-graph\">{\"@context\":\"https:\/\/schema.org\",\"@graph\":[{\"@type\":\"WebPage\",\"@id\":\"https:\/\/clfled.com\/fr\/produit\/d40-1-5m-dc24v-digital-pixel-360-degree-milky-tube-light-for-wedding-party-2\/\",\"url\":\"https:\/\/clfled.com\/fr\/produit\/d40-1-5m-dc24v-digital-pixel-360-degree-milky-tube-light-for-wedding-party-2\/\",\"name\":\"D40 1.5M DC24V digital pixel 360 degree Milky tube Light for Wedding Party - Clfled\",\"isPartOf\":{\"@id\":\"https:\/\/clfled.com\/fr\/#website\"},\"datePublished\":\"2022-11-05T05:52:14+00:00\",\"dateModified\":\"2022-11-05T05:52:14+00:00\",\"breadcrumb\":{\"@id\":\"https:\/\/clfled.com\/fr\/produit\/d40-1-5m-dc24v-digital-pixel-360-degree-milky-tube-light-for-wedding-party-2\/#breadcrumb\"},\"inLanguage\":\"fr-FR\",\"potentialAction\":[{\"@type\":\"ReadAction\",\"target\":[\"https:\/\/clfled.com\/fr\/produit\/d40-1-5m-dc24v-digital-pixel-360-degree-milky-tube-light-for-wedding-party-2\/\"]}]},{\"@type\":\"BreadcrumbList\",\"@id\":\"https:\/\/clfled.com\/fr\/produit\/d40-1-5m-dc24v-digital-pixel-360-degree-milky-tube-light-for-wedding-party-2\/#breadcrumb\",\"itemListElement\":[{\"@type\":\"ListItem\",\"position\":1,\"name\":\"HOME\",\"item\":\"https:\/\/clfled.com\/fr\/\"},{\"@type\":\"ListItem\",\"position\":2,\"name\":\"Boutique\",\"item\":\"https:\/\/clfled.com\/fr\/boutique\/\"},{\"@type\":\"ListItem\",\"position\":3,\"name\":\"D40 1.5M DC24V digital pixel 360 degree Milky tube Light for Wedding Party\"}]},{\"@type\":\"WebSite\",\"@id\":\"https:\/\/clfled.com\/fr\/#website\",\"url\":\"https:\/\/clfled.com\/fr\/\",\"name\":\"Clfled\",\"description\":\"clfled.com\",\"potentialAction\":[{\"@type\":\"SearchAction\",\"target\":{\"@type\":\"EntryPoint\",\"urlTemplate\":\"https:\/\/clfled.com\/fr\/?s={search_term_string}\"},\"query-input\":\"required name=search_term_string\"}],\"inLanguage\":\"fr-FR\"}]}<\/script>\n<!-- \/ Yoast SEO Premium plugin. -->","yoast_head_json":{"title":"D40 1.5M DC24V digital pixel 360 degree Milky tube Light for Wedding Party - Clfled","robots":{"index":"index","follow":"follow","max-snippet":"max-snippet:-1","max-image-preview":"max-image-preview:large","max-video-preview":"max-video-preview:-1"},"canonical":"https:\/\/clfled.com\/fr\/produit\/d40-1-5m-dc24v-digital-pixel-360-degree-milky-tube-light-for-wedding-party-2\/","og_locale":"fr_FR","og_type":"article","og_title":"D40 1.5M DC24V digital pixel 360 degree Milky tube Light for Wedding Party","og_description":"1.5M DC24V digital pixel 360 degree Milky tube Light for Wedding Party Sp\u00e9cifications Nom du produit Tube LED color\u00e9 \u00e0","og_url":"https:\/\/clfled.com\/fr\/produit\/d40-1-5m-dc24v-digital-pixel-360-degree-milky-tube-light-for-wedding-party-2\/","og_site_name":"Clfled","og_image":[{"width":900,"height":900,"url":"https:\/\/clfled.com\/wp-content\/uploads\/2022\/11\/\u5f69\u4e91\u7ba1-6.jpg","type":"image\/jpeg"}],"twitter_card":"summary_large_image","twitter_misc":{"Dur\u00e9e de lecture estim\u00e9e":"1 minute"},"schema":{"@context":"https:\/\/schema.org","@graph":[{"@type":"WebPage","@id":"https:\/\/clfled.com\/fr\/produit\/d40-1-5m-dc24v-digital-pixel-360-degree-milky-tube-light-for-wedding-party-2\/","url":"https:\/\/clfled.com\/fr\/produit\/d40-1-5m-dc24v-digital-pixel-360-degree-milky-tube-light-for-wedding-party-2\/","name":"D40 1.5M DC24V digital pixel 360 degree Milky tube Light for Wedding Party - Clfled","isPartOf":{"@id":"https:\/\/clfled.com\/fr\/#website"},"datePublished":"2022-11-05T05:52:14+00:00","dateModified":"2022-11-05T05:52:14+00:00","breadcrumb":{"@id":"https:\/\/clfled.com\/fr\/produit\/d40-1-5m-dc24v-digital-pixel-360-degree-milky-tube-light-for-wedding-party-2\/#breadcrumb"},"inLanguage":"fr-FR","potentialAction":[{"@type":"ReadAction","target":["https:\/\/clfled.com\/fr\/produit\/d40-1-5m-dc24v-digital-pixel-360-degree-milky-tube-light-for-wedding-party-2\/"]}]},{"@type":"BreadcrumbList","@id":"https:\/\/clfled.com\/fr\/produit\/d40-1-5m-dc24v-digital-pixel-360-degree-milky-tube-light-for-wedding-party-2\/#breadcrumb","itemListElement":[{"@type":"ListItem","position":1,"name":"HOME","item":"https:\/\/clfled.com\/fr\/"},{"@type":"ListItem","position":2,"name":"Boutique","item":"https:\/\/clfled.com\/fr\/boutique\/"},{"@type":"ListItem","position":3,"name":"D40 1.5M DC24V digital pixel 360 degree Milky tube Light for Wedding Party"}]},{"@type":"WebSite","@id":"https:\/\/clfled.com\/fr\/#website","url":"https:\/\/clfled.com\/fr\/","name":"Clfled","description":"clfled.com","potentialAction":[{"@type":"SearchAction","target":{"@type":"EntryPoint","urlTemplate":"https:\/\/clfled.com\/fr\/?s={search_term_string}"},"query-input":"required name=search_term_string"}],"inLanguage":"fr-FR"}]}},"_links":{"self":[{"href":"https:\/\/clfled.com\/fr\/wp-json\/wp\/v2\/product\/4322","targetHints":{"allow":["GET"]}}],"collection":[{"href":"https:\/\/clfled.com\/fr\/wp-json\/wp\/v2\/product"}],"about":[{"href":"https:\/\/clfled.com\/fr\/wp-json\/wp\/v2\/types\/product"}],"replies":[{"embeddable":true,"href":"https:\/\/clfled.com\/fr\/wp-json\/wp\/v2\/comments?post=4322"}],"version-history":[{"count":0,"href":"https:\/\/clfled.com\/fr\/wp-json\/wp\/v2\/product\/4322\/revisions"}],"wp:featuredmedia":[{"embeddable":true,"href":"https:\/\/clfled.com\/fr\/wp-json\/wp\/v2\/media\/2941"}],"wp:attachment":[{"href":"https:\/\/clfled.com\/fr\/wp-json\/wp\/v2\/media?parent=4322"}],"wp:term":[{"taxonomy":"product_cat","embeddable":true,"href":"https:\/\/clfled.com\/fr\/wp-json\/wp\/v2\/product_cat?post=4322"},{"taxonomy":"product_tag","embeddable":true,"href":"https:\/\/clfled.com\/fr\/wp-json\/wp\/v2\/product_tag?post=4322"}],"curies":[{"name":"wp","href":"https:\/\/api.w.org\/{rel}","templated":true}]}}