{"id":4308,"date":"2022-11-05T13:55:51","date_gmt":"2022-11-05T05:55:51","guid":{"rendered":"https:\/\/clfled.com\/products\/0-5m-led-5050-rgb-square-milky-cover-led-strips-pixel-bar-stage-light-24v\/"},"modified":"2022-11-05T13:55:51","modified_gmt":"2022-11-05T05:55:51","slug":"0-5m-led-5050-rgb-square-milky-cover-led-strips-pixel-bar-stage-light-24v-2","status":"publish","type":"product","link":"https:\/\/clfled.com\/fr\/produit\/0-5m-led-5050-rgb-square-milky-cover-led-strips-pixel-bar-stage-light-24v-2\/","title":{"rendered":"0.5M LED 5050 RGB Square Milky Cover LED Strips Pixel Bar Stage Light 24V"},"content":{"rendered":"<p style=\"text-align: center\"><strong><span style=\"line-height: normal\"><span style=\"font-size: 24px\">LED 5050 RGB Square Milky Cover Strips LED Pixel Bar Stage Light 24V<\/span><\/span><\/strong><\/p>\n<h2 style=\"text-align: left\"><span style=\"color: #000000\"><span style=\"font-size: 24px\"><strong><span style=\"line-height: normal;font-family: serif\">Descriptions<\/span><\/strong><\/span><\/span><\/h2>\n<p align=\"left\"> <span style=\"color: #333333;font-family: Arial, Helvetica;font-size: 16px;font-style: normal;font-weight: 400;background-color: #ffffff;float: none\">Des couleurs brillantes et \u00e9clatantes s&#8217;offrent \u00e0 vous avec la barre rigide LED. Les clubs, les bars, les magasins et les sc\u00e8nes sont les endroits id\u00e9aux pour cet instrument \u00e9lanc\u00e9. C&#8217;est \u00e9galement l&#8217;appareil id\u00e9al pour r\u00e9aliser des cr\u00e9ations lumineuses int\u00e9ressantes dans vos propres pi\u00e8ces. Les LED ont un rendement \u00e9lev\u00e9, sont tr\u00e8s lumineuses et diffusent une lumi\u00e8re forte et intense. Cela vaut naturellement aussi pour la barre rigide LED. Ce n&#8217;est qu&#8217;une fraction de la long\u00e9vit\u00e9 des LED, qui peuvent vous rapporter environ 1,5 million d&#8217;euros. 50.000 heures de lumi\u00e8re. Les LED de la barre rigide ne consomment que peu d&#8217;\u00e9nergie. De plus, ils ne dissipent que peu de chaleur. Ce n&#8217;est pas seulement bon pour votre bilan \u00e9nerg\u00e9tique, c&#8217;est aussi bon pour l&#8217;environnement.<\/span><\/p>\n<table style=\"border-collapse: collapse;background-color: #ffffff;width: 747px;border: 1px solid #cccccc\" border=\"1\">\n<tbody>\n<tr style=\"height: 15px\">\n<td style=\"border: 1px solid #cccccc;width: 314px;height: 15px;text-align: left\"><span style=\"font-size: 16px;font-family: arial, helvetica, sans-serif\">Nom du produit<\/span><\/td>\n<td style=\"border: 1px solid #cccccc;width: 426px;height: 15px;text-align: left\"><span style=\"font-size: 16px;font-family: arial, helvetica, sans-serif\">Barre carr\u00e9e LED Pixel<\/span><\/td>\n<\/tr>\n<tr style=\"height: 15px\">\n<td style=\"border: 1px solid #cccccc;width: 314px;height: 15px;text-align: left\"><span style=\"font-size: 16px;font-family: arial, helvetica, sans-serif\">Tension d&#8217;entr\u00e9e<\/span><\/td>\n<td style=\"border: 1px solid #cccccc;width: 426px;height: 15px;text-align: left\"><span style=\"font-size: 16px;font-family: arial, helvetica, sans-serif\">DC24V<\/span><\/td>\n<\/tr>\n<tr style=\"height: 15px;text-align: left\">\n<td style=\"border: 1px solid #cccccc;width: 314px;height: 15px;text-align: left\"><span style=\"font-size: 16px;font-family: arial, helvetica, sans-serif\">Puissance maximale<\/span><\/td>\n<td style=\"border: 1px solid #cccccc;width: 426px;height: 15px\"><span style=\"font-size: 16px;font-family: arial, helvetica, sans-serif\">9.6W<\/span><\/td>\n<\/tr>\n<tr style=\"height: 15px;text-align: left\">\n<td style=\"border: 1px solid #cccccc;width: 314px;height: 15px\"><span style=\"font-size: 16px;font-family: arial, helvetica, sans-serif\">Qt\u00e9 de LED<\/span><\/td>\n<td style=\"border: 1px solid #cccccc;width: 426px;height: 15px\"><span style=\"font-size: 16px;font-family: arial, helvetica, sans-serif\">32 LEDs\/m<\/span><\/td>\n<\/tr>\n<tr style=\"height: 15px;text-align: left\">\n<td style=\"border: 1px solid #cccccc;width: 314px;height: 15px\"><span style=\"font-size: 16px;font-family: arial, helvetica, sans-serif\">Pixels<\/span><\/td>\n<td style=\"border: 1px solid #cccccc;width: 426px;height: 15px\"><span style=\"font-size: 16px;font-family: arial, helvetica, sans-serif\">32 Pixel<\/span><\/td>\n<\/tr>\n<tr style=\"height: 15px;text-align: left\">\n<td style=\"border: 1px solid #cccccc;width: 314px;height: 15px\"><span style=\"font-size: 16px;font-family: arial, helvetica, sans-serif\">Voir l&#8217;ange<\/span><\/td>\n<td style=\"border: 1px solid #cccccc;width: 426px;height: 15px\"><span style=\"font-size: 16px;font-family: arial, helvetica, sans-serif\">120\u00b0<\/span><\/td>\n<\/tr>\n<tr style=\"height: 8px;text-align: left\">\n<td style=\"border: 1px solid #cccccc;width: 314px;height: 8px\"><span style=\"font-size: 16px;font-family: arial, helvetica, sans-serif\">IC<\/span><\/td>\n<td style=\"border: 1px solid #cccccc;width: 426px;height: 8px\"><span style=\"font-size: 16px;font-family: arial, helvetica, sans-serif\">SK6812<\/span><\/td>\n<\/tr>\n<tr style=\"height: 15px;text-align: left\">\n<td style=\"border: 1px solid #cccccc;width: 314px;height: 15px\"><span style=\"font-size: 16px;font-family: arial, helvetica, sans-serif\">Tpye LED<\/span><\/td>\n<td style=\"border: 1px solid #cccccc;width: 426px;height: 15px\"><span style=\"font-size: 16px;color: #000000;font-family: arial, helvetica, sans-serif\">5050 RGB<\/span><\/td>\n<\/tr>\n<tr style=\"height: 13.5px;text-align: left\">\n<td style=\"border: 1px solid #cccccc;width: 314px;height: 13.5px\"><span style=\"font-size: 16px;font-family: arial, helvetica, sans-serif\">Taux de protection<\/span><\/td>\n<td style=\"border: 1px solid #cccccc;width: 426px;height: 13.5px\"><span style=\"font-size: 16px;font-family: arial, helvetica, sans-serif\">IP40 IP65 IP68<\/span><\/td>\n<\/tr>\n<tr style=\"height: 18px;text-align: left\">\n<td style=\"border: 1px solid #cccccc;width: 314px;height: 18px\"><span style=\"font-size: 16px;font-family: arial, helvetica, sans-serif\">Mod\u00e8le<\/span><\/td>\n<td style=\"border: 1px solid #cccccc;width: 426px;height: 18px\"><span style=\"font-size: 16px;font-family: arial, helvetica, sans-serif\">CL-5050RGB32-WS2813B-3<\/span><\/td>\n<\/tr>\n<tr style=\"height: 18px\">\n<td style=\"border: 1px solid #cccccc;width: 314px;height: 18px;text-align: left\"><span style=\"font-size: 16px;font-family: arial, helvetica, sans-serif\">Couleurs<\/span><\/td>\n<td style=\"border: 1px solid #cccccc;width: 426px;height: 18px;text-align: left\"><span style=\"font-size: 16px;font-family: arial, helvetica, sans-serif\">Pleine couleur RGB, changement de couleur en r\u00eave<\/span><\/td>\n<\/tr>\n<\/tbody>\n<\/table>\n<p style=\"text-align: left\"><span style=\"color: #000000;font-size: 24px\"><strong>Avantages  <\/strong><\/span><\/p>\n<p><span style=\"font-size: 16px\">1. Mode de contr\u00f4le DVI  <\/span><\/p>\n<p><span style=\"font-size: 16px\">2. Connexion facile par PSU  <\/span><\/p>\n<p><span style=\"font-size: 16px\">3. Une seule led par point de pixel unique  <\/span><\/p>\n<p><span style=\"font-size: 16px\">4. Transmission en s\u00e9rie, signal stable  <\/span><span style=\"font-size: 16px\">                              <\/span><\/p>\n<p><span style=\"font-size: 16px\">5. WS2813B transmission d&#8217;un seul signal  <\/span><\/p>\n<p><span style=\"font-size: 16px\">6. Peut \u00eatre bricol\u00e9 pour diff\u00e9rentes perfanmances  <\/span><\/p>\n<p><span style=\"font-size: 16px\">7. Installation facile, connexion sans fente  <\/span><\/p>\n<p><span style=\"font-size: 16px\">8. Design mat et laiteux, le meilleur choix pour la sc\u00e8ne.  <\/span><\/p>\n<p><img decoding=\"async\" src=\"\/\/sc02.alicdn.com\/kf\/HTB1ZJQFXc_vK1Rjy0Foq6xIxVXan\/200440271\/HTB1ZJQFXc_vK1Rjy0Foq6xIxVXan.jpg\" alt=\"0.5M LED 5050 RGB Square Milky Cover LED Strips Pixel Bar Stage Light 24V\" width=\"750\"><\/p>\n<p><strong><span style=\"font-size: 24px\">Applications<\/span><\/strong><\/p>\n<p><span style=\"font-style: normal;font-weight: normal;font-size: 16px;line-height: normal;font-family: Arial, sans-serif;color: #333333\"><span style=\"font-style: normal;font-weight: normal;line-height: normal;font-family: Arial, sans-serif;color: #333333\"><span style=\"color: #4d4d4d;font-family: Helvetica, Arial, sans-serif;font-style: normal;font-weight: 400;background-color: #ffffff;float: none\">1. \u00c9clairage de d\u00e9coration de vacances, f\u00eate de No\u00ebl, p\u00e9riode de vacances, partout o\u00f9 vous voulez produire un affichage particuli\u00e8rement accrocheur.<\/span><\/span><\/span><\/p>\n<p><span style=\"color: #4d4d4d;font-family: Helvetica, Arial, sans-serif;font-style: normal;font-weight: 400;background-color: #ffffff;float: none\">2. \u00c9clairage d&#8217;ing\u00e9nierie de march\u00e9, d\u00e9coration architecturale, d\u00e9coration d&#8217;arbres le long des rues, parcs, \u00e9clairage nocturne urbain.<\/span><\/p>\n<p><span style=\"color: #4d4d4d;font-family: Helvetica, Arial, sans-serif;font-style: normal;font-weight: 400;background-color: #ffffff;float: none\">3. Attractions : am\u00e9nagement paysager, jardinage, d\u00e9coration communautaire de cristaux de nuit, h\u00f4tels, centres commerciaux, divertissement nocturne.<\/span><\/p>\n<p><img fetchpriority=\"high\" decoding=\"async\" class=\"alignleft wp-image-884 \" src=\"https:\/\/clfled.com\/wp-content\/uploads\/2022\/11\/%E8%A7%86%E9%A2%91%E6%9D%A1-1.jpg\" alt=\"\" width=\"751\" height=\"359\"><\/p>\n<p><img decoding=\"async\" class=\"alignleft wp-image-885\" src=\"https:\/\/clfled.com\/wp-content\/uploads\/2022\/11\/%E8%A7%86%E9%A2%91%E6%9D%A1-6-300x300.jpg\" alt=\"\" width=\"750\" height=\"750\"> <img decoding=\"async\" class=\"alignleft wp-image-886\" src=\"https:\/\/clfled.com\/wp-content\/uploads\/2022\/11\/%E8%A7%86%E9%A2%91%E6%9D%A12-300x200.jpg\" alt=\"\" width=\"750\" height=\"500\"> <img loading=\"lazy\" decoding=\"async\" class=\"alignleft wp-image-887\" src=\"https:\/\/clfled.com\/wp-content\/uploads\/2022\/11\/%E8%A7%86%E9%A2%91%E6%9D%A1%E6%A1%88%E4%BE%8B%E5%9B%BE-2-225x300.jpg\" alt=\"\" width=\"750\" height=\"999\"> <img loading=\"lazy\" decoding=\"async\" class=\"alignleft wp-image-888\" src=\"https:\/\/clfled.com\/wp-content\/uploads\/2022\/11\/%E8%A7%86%E9%A2%91%E6%9D%A1%E6%A1%88%E4%BE%8B%E5%9B%BE-3-300x225.jpg\" alt=\"\" width=\"750\" height=\"562\"> <img loading=\"lazy\" decoding=\"async\" class=\"alignleft wp-image-890\" src=\"https:\/\/clfled.com\/wp-content\/uploads\/2022\/11\/%E8%A7%86%E9%A2%91%E6%9D%A1%E6%A1%88%E4%BE%8B%E5%9B%BE-5-300x225.jpg\" alt=\"\" width=\"750\" height=\"562\"> <img loading=\"lazy\" decoding=\"async\" class=\"alignleft wp-image-891\" src=\"https:\/\/clfled.com\/wp-content\/uploads\/2022\/11\/%E8%A7%86%E9%A2%91%E6%9D%A1%E6%A1%88%E4%BE%8B%E5%9B%BE-9-300x225.jpg\" alt=\"\" width=\"749\" height=\"561\"> <img loading=\"lazy\" decoding=\"async\" class=\"alignleft wp-image-892\" src=\"https:\/\/clfled.com\/wp-content\/uploads\/2022\/11\/%E8%A7%86%E9%A2%91%E6%9D%A1%E6%A1%88%E4%BE%8B%E5%9B%BE-10-300x225.jpg\" alt=\"\" width=\"750\" height=\"562\"> <img loading=\"lazy\" decoding=\"async\" class=\"alignleft wp-image-893\" src=\"https:\/\/clfled.com\/wp-content\/uploads\/2022\/11\/%E8%A7%86%E9%A2%91%E6%9D%A1%E6%B5%99%E6%B1%9F%E9%A1%B9%E7%9B%AE-2-300x225.jpg\" alt=\"\" width=\"750\" height=\"562\"> <img loading=\"lazy\" decoding=\"async\" class=\"alignleft wp-image-894\" src=\"https:\/\/clfled.com\/wp-content\/uploads\/2022\/11\/%E5%BE%AE%E4%BF%A1%E5%9B%BE%E7%89%87_20200619153842-300x142.jpg\" alt=\"\" width=\"749\" height=\"354\"><\/p>\n","protected":false},"excerpt":{"rendered":"<p>LED 5050 RGB Square Milky Cover Strips LED Pixel Bar Stage Light 24V Descriptions Des couleurs brillantes et \u00e9clatantes s&#8217;offrent<\/p>\n","protected":false},"featured_media":1657,"comment_status":"open","ping_status":"closed","template":"","meta":[],"product_cat":[235],"product_tag":[],"class_list":["post-4308","product","type-product","status-publish","has-post-thumbnail","hentry","product_cat-barre-lumineuse-a-led-rigide"],"yoast_head":"<!-- This site is optimized with the Yoast SEO Premium plugin v21.0 (Yoast SEO v21.0) - https:\/\/yoast.com\/wordpress\/plugins\/seo\/ -->\n<title>0.5M LED 5050 RGB Square Milky Cover LED Strips Pixel Bar Stage Light 24V - Clfled<\/title>\n<meta name=\"robots\" content=\"index, follow, max-snippet:-1, max-image-preview:large, max-video-preview:-1\" \/>\n<link rel=\"canonical\" href=\"https:\/\/clfled.com\/fr\/produit\/0-5m-led-5050-rgb-square-milky-cover-led-strips-pixel-bar-stage-light-24v-2\/\" \/>\n<meta property=\"og:locale\" content=\"fr_FR\" \/>\n<meta property=\"og:type\" content=\"article\" \/>\n<meta property=\"og:title\" content=\"0.5M LED 5050 RGB Square Milky Cover LED Strips Pixel Bar Stage Light 24V\" \/>\n<meta property=\"og:description\" content=\"LED 5050 RGB Square Milky Cover Strips LED Pixel Bar Stage Light 24V Descriptions Des couleurs brillantes et \u00e9clatantes s&#8217;offrent\" \/>\n<meta property=\"og:url\" content=\"https:\/\/clfled.com\/fr\/produit\/0-5m-led-5050-rgb-square-milky-cover-led-strips-pixel-bar-stage-light-24v-2\/\" \/>\n<meta property=\"og:site_name\" content=\"Clfled\" \/>\n<meta property=\"og:image\" content=\"https:\/\/clfled.com\/wp-content\/uploads\/2022\/11\/He8e6f3e034fb4d58bcc8c83bd97a0d26B.jpg\" \/>\n\t<meta property=\"og:image:width\" content=\"1000\" \/>\n\t<meta property=\"og:image:height\" content=\"1000\" \/>\n\t<meta property=\"og:image:type\" content=\"image\/jpeg\" \/>\n<meta name=\"twitter:card\" content=\"summary_large_image\" \/>\n<meta name=\"twitter:label1\" content=\"Dur\u00e9e de lecture estim\u00e9e\" \/>\n\t<meta name=\"twitter:data1\" content=\"2 minutes\" \/>\n<script type=\"application\/ld+json\" class=\"yoast-schema-graph\">{\"@context\":\"https:\/\/schema.org\",\"@graph\":[{\"@type\":\"WebPage\",\"@id\":\"https:\/\/clfled.com\/fr\/produit\/0-5m-led-5050-rgb-square-milky-cover-led-strips-pixel-bar-stage-light-24v-2\/\",\"url\":\"https:\/\/clfled.com\/fr\/produit\/0-5m-led-5050-rgb-square-milky-cover-led-strips-pixel-bar-stage-light-24v-2\/\",\"name\":\"0.5M LED 5050 RGB Square Milky Cover LED Strips Pixel Bar Stage Light 24V - Clfled\",\"isPartOf\":{\"@id\":\"https:\/\/clfled.com\/fr\/#website\"},\"datePublished\":\"2022-11-05T05:55:51+00:00\",\"dateModified\":\"2022-11-05T05:55:51+00:00\",\"breadcrumb\":{\"@id\":\"https:\/\/clfled.com\/fr\/produit\/0-5m-led-5050-rgb-square-milky-cover-led-strips-pixel-bar-stage-light-24v-2\/#breadcrumb\"},\"inLanguage\":\"fr-FR\",\"potentialAction\":[{\"@type\":\"ReadAction\",\"target\":[\"https:\/\/clfled.com\/fr\/produit\/0-5m-led-5050-rgb-square-milky-cover-led-strips-pixel-bar-stage-light-24v-2\/\"]}]},{\"@type\":\"BreadcrumbList\",\"@id\":\"https:\/\/clfled.com\/fr\/produit\/0-5m-led-5050-rgb-square-milky-cover-led-strips-pixel-bar-stage-light-24v-2\/#breadcrumb\",\"itemListElement\":[{\"@type\":\"ListItem\",\"position\":1,\"name\":\"HOME\",\"item\":\"https:\/\/clfled.com\/fr\/\"},{\"@type\":\"ListItem\",\"position\":2,\"name\":\"Boutique\",\"item\":\"https:\/\/clfled.com\/fr\/boutique\/\"},{\"@type\":\"ListItem\",\"position\":3,\"name\":\"0.5M LED 5050 RGB Square Milky Cover LED Strips Pixel Bar Stage Light 24V\"}]},{\"@type\":\"WebSite\",\"@id\":\"https:\/\/clfled.com\/fr\/#website\",\"url\":\"https:\/\/clfled.com\/fr\/\",\"name\":\"Clfled\",\"description\":\"clfled.com\",\"potentialAction\":[{\"@type\":\"SearchAction\",\"target\":{\"@type\":\"EntryPoint\",\"urlTemplate\":\"https:\/\/clfled.com\/fr\/?s={search_term_string}\"},\"query-input\":\"required name=search_term_string\"}],\"inLanguage\":\"fr-FR\"}]}<\/script>\n<!-- \/ Yoast SEO Premium plugin. -->","yoast_head_json":{"title":"0.5M LED 5050 RGB Square Milky Cover LED Strips Pixel Bar Stage Light 24V - Clfled","robots":{"index":"index","follow":"follow","max-snippet":"max-snippet:-1","max-image-preview":"max-image-preview:large","max-video-preview":"max-video-preview:-1"},"canonical":"https:\/\/clfled.com\/fr\/produit\/0-5m-led-5050-rgb-square-milky-cover-led-strips-pixel-bar-stage-light-24v-2\/","og_locale":"fr_FR","og_type":"article","og_title":"0.5M LED 5050 RGB Square Milky Cover LED Strips Pixel Bar Stage Light 24V","og_description":"LED 5050 RGB Square Milky Cover Strips LED Pixel Bar Stage Light 24V Descriptions Des couleurs brillantes et \u00e9clatantes s&#8217;offrent","og_url":"https:\/\/clfled.com\/fr\/produit\/0-5m-led-5050-rgb-square-milky-cover-led-strips-pixel-bar-stage-light-24v-2\/","og_site_name":"Clfled","og_image":[{"width":1000,"height":1000,"url":"https:\/\/clfled.com\/wp-content\/uploads\/2022\/11\/He8e6f3e034fb4d58bcc8c83bd97a0d26B.jpg","type":"image\/jpeg"}],"twitter_card":"summary_large_image","twitter_misc":{"Dur\u00e9e de lecture estim\u00e9e":"2 minutes"},"schema":{"@context":"https:\/\/schema.org","@graph":[{"@type":"WebPage","@id":"https:\/\/clfled.com\/fr\/produit\/0-5m-led-5050-rgb-square-milky-cover-led-strips-pixel-bar-stage-light-24v-2\/","url":"https:\/\/clfled.com\/fr\/produit\/0-5m-led-5050-rgb-square-milky-cover-led-strips-pixel-bar-stage-light-24v-2\/","name":"0.5M LED 5050 RGB Square Milky Cover LED Strips Pixel Bar Stage Light 24V - Clfled","isPartOf":{"@id":"https:\/\/clfled.com\/fr\/#website"},"datePublished":"2022-11-05T05:55:51+00:00","dateModified":"2022-11-05T05:55:51+00:00","breadcrumb":{"@id":"https:\/\/clfled.com\/fr\/produit\/0-5m-led-5050-rgb-square-milky-cover-led-strips-pixel-bar-stage-light-24v-2\/#breadcrumb"},"inLanguage":"fr-FR","potentialAction":[{"@type":"ReadAction","target":["https:\/\/clfled.com\/fr\/produit\/0-5m-led-5050-rgb-square-milky-cover-led-strips-pixel-bar-stage-light-24v-2\/"]}]},{"@type":"BreadcrumbList","@id":"https:\/\/clfled.com\/fr\/produit\/0-5m-led-5050-rgb-square-milky-cover-led-strips-pixel-bar-stage-light-24v-2\/#breadcrumb","itemListElement":[{"@type":"ListItem","position":1,"name":"HOME","item":"https:\/\/clfled.com\/fr\/"},{"@type":"ListItem","position":2,"name":"Boutique","item":"https:\/\/clfled.com\/fr\/boutique\/"},{"@type":"ListItem","position":3,"name":"0.5M LED 5050 RGB Square Milky Cover LED Strips Pixel Bar Stage Light 24V"}]},{"@type":"WebSite","@id":"https:\/\/clfled.com\/fr\/#website","url":"https:\/\/clfled.com\/fr\/","name":"Clfled","description":"clfled.com","potentialAction":[{"@type":"SearchAction","target":{"@type":"EntryPoint","urlTemplate":"https:\/\/clfled.com\/fr\/?s={search_term_string}"},"query-input":"required name=search_term_string"}],"inLanguage":"fr-FR"}]}},"_links":{"self":[{"href":"https:\/\/clfled.com\/fr\/wp-json\/wp\/v2\/product\/4308","targetHints":{"allow":["GET"]}}],"collection":[{"href":"https:\/\/clfled.com\/fr\/wp-json\/wp\/v2\/product"}],"about":[{"href":"https:\/\/clfled.com\/fr\/wp-json\/wp\/v2\/types\/product"}],"replies":[{"embeddable":true,"href":"https:\/\/clfled.com\/fr\/wp-json\/wp\/v2\/comments?post=4308"}],"version-history":[{"count":0,"href":"https:\/\/clfled.com\/fr\/wp-json\/wp\/v2\/product\/4308\/revisions"}],"wp:featuredmedia":[{"embeddable":true,"href":"https:\/\/clfled.com\/fr\/wp-json\/wp\/v2\/media\/1657"}],"wp:attachment":[{"href":"https:\/\/clfled.com\/fr\/wp-json\/wp\/v2\/media?parent=4308"}],"wp:term":[{"taxonomy":"product_cat","embeddable":true,"href":"https:\/\/clfled.com\/fr\/wp-json\/wp\/v2\/product_cat?post=4308"},{"taxonomy":"product_tag","embeddable":true,"href":"https:\/\/clfled.com\/fr\/wp-json\/wp\/v2\/product_tag?post=4308"}],"curies":[{"name":"wp","href":"https:\/\/api.w.org\/{rel}","templated":true}]}}