{"id":4300,"date":"2022-11-05T14:00:00","date_gmt":"2022-11-05T06:00:00","guid":{"rendered":"https:\/\/clfled.com\/products\/nouvel-arrivee-bande-led-flexible-cob-a-haute-densite-504leds-m-dc12v-24v-a-emission-de-lumiere-blanche\/"},"modified":"2022-12-01T09:49:23","modified_gmt":"2022-12-01T01:49:23","slug":"nouveau-arrive-high-density-504leds-m-dc12v-24v-white-emitting-lighting-flexible-cob-led-strip-light","status":"publish","type":"product","link":"https:\/\/clfled.com\/fr\/produit\/nouveau-arrive-high-density-504leds-m-dc12v-24v-white-emitting-lighting-flexible-cob-led-strip-light\/","title":{"rendered":"Nouvel Arriv\u00e9e Bande LED flexible COB \u00e0 haute densit\u00e9 504leds\/M DC12V 24V \u00e0 \u00e9mission de lumi\u00e8re blanche"},"content":{"rendered":"<p style=\"text-align: left\"><span style=\"text-decoration: underline;font-size: 24px\"><em><strong>Nouvel Arriv\u00e9e Bande LED flexible COB \u00e0 haute densit\u00e9 504leds\/M DC12V 24V \u00e0 \u00e9mission de lumi\u00e8re blanche<\/strong><\/em><\/span><\/p>\n<p style=\"text-align: left\"><span style=\"text-decoration: underline;font-size: 24px\"><em><strong>Fonctionnalit\u00e9<\/strong><\/em><\/span><\/p>\n<p style=\"text-align: left\"><span style=\"font-family: arial, helvetica, sans-serif;font-size: 16px\">Adopte une puce LED de marque, haute luminosit\u00e9, faible d\u00e9gradation de la lumi\u00e8re, dur\u00e9e de vie de plus de 25 000 heures.  <\/span><\/p>\n<p style=\"text-align: left\"><span style=\"font-size: 16px;font-family: arial, helvetica, sans-serif\">2.Color:2700K,3000K,4000K,6000K ,red,green,blue,yellow<\/span><\/p>\n<p><span style=\"font-size: 16px;font-family: arial, helvetica, sans-serif\">Tous les mat\u00e9riaux sont conformes aux normes RoHS.<\/span><\/p>\n<p style=\"text-align: left\"><span style=\"font-size: 16px;font-family: arial, helvetica, sans-serif\">Facile \u00e0 installer et \u00e0 conserver, peut \u00eatre pli\u00e9 librement, avec un ruban adh\u00e9sif 3M au dos.  <\/span><\/p>\n<p style=\"text-align: left\"><span style=\"font-family: arial, helvetica, sans-serif;font-size: 16px\">5. haute efficacit\u00e9 de la couleur, \u00e9clairage uniforme<\/span><\/p>\n<p style=\"text-align: left\"><span style=\"font-size: 16px;font-family: arial, helvetica, sans-serif\">6. angle du faisceau de 180<\/span><\/p>\n<p style=\"text-align: left\"><span style=\"text-decoration: underline;font-size: 24px\"><em><strong>Sp\u00e9cifications<\/strong><\/em><\/span><\/p>\n<table style=\"border-collapse: collapse;background-color: #ffffff;width: 743px;height: 399px\" border=\"1\">\n<tbody>\n<tr>\n<td style=\"width: 217px\"><span style=\"font-family: arial, helvetica, sans-serif;font-size: 16px\">Mod\u00e8le<\/span><\/td>\n<td style=\"width: 519px\"><span style=\"font-family: arial, helvetica, sans-serif;font-size: 16px\">Bande LED COB-504leds\/M<\/span><\/td>\n<\/tr>\n<tr>\n<td style=\"width: 217px\"><span style=\"font-family: arial, helvetica, sans-serif;font-size: 16px\">Led QTY<\/span><\/td>\n<td style=\"width: 519px\"><span style=\"font-family: arial, helvetica, sans-serif;font-size: 16px\">504leds\/M<\/span><\/td>\n<\/tr>\n<tr>\n<td style=\"width: 217px\"><span style=\"font-family: arial, helvetica, sans-serif;font-size: 16px\">Tension<\/span><\/td>\n<td style=\"width: 519px\"><span style=\"font-family: arial, helvetica, sans-serif;font-size: 16px\">DC24V<\/span><\/td>\n<\/tr>\n<tr>\n<td style=\"width: 217px\"><span style=\"font-family: arial, helvetica, sans-serif;font-size: 16px\">Puissance<\/span><\/td>\n<td style=\"width: 519px\"><span style=\"font-family: arial, helvetica, sans-serif;font-size: 16px\">14W\/M<\/span><\/td>\n<\/tr>\n<tr>\n<td style=\"width: 217px\"><span style=\"font-family: arial, helvetica, sans-serif;font-size: 16px\">Largeur du PCB<\/span><\/td>\n<td style=\"width: 519px\"><span style=\"font-family: arial, helvetica, sans-serif;font-size: 16px\">10 mm<\/span><\/td>\n<\/tr>\n<tr>\n<td style=\"width: 217px\"><span style=\"font-family: arial, helvetica, sans-serif;font-size: 16px\">Couleur du PCB<\/span><\/td>\n<td style=\"width: 519px\"><span style=\"font-family: arial, helvetica, sans-serif;font-size: 16px\">Blanc<\/span><\/td>\n<\/tr>\n<tr>\n<td style=\"width: 217px\"><span style=\"font-family: arial, helvetica, sans-serif;font-size: 16px\">Couleur Led<\/span><\/td>\n<td style=\"width: 519px\"><span style=\"font-family: arial, helvetica, sans-serif;font-size: 16px\">Couleur blanche<\/span><\/td>\n<\/tr>\n<tr>\n<td style=\"width: 217px\"><span style=\"font-family: arial, helvetica, sans-serif;font-size: 16px\">CCT<\/span><\/td>\n<td style=\"width: 519px\"><span style=\"font-family: arial, helvetica, sans-serif;font-size: 16px\">Blanc chaud : 2800K\/3000K, blanc naturel : 4000K, blanc froid : 6000K.<\/span><\/td>\n<\/tr>\n<tr>\n<td style=\"width: 217px\"><span style=\"font-family: arial, helvetica, sans-serif;font-size: 16px\">Eimtting<\/span><\/td>\n<td style=\"width: 519px\"><span style=\"font-family: arial, helvetica, sans-serif;font-size: 16px\">180 degr\u00e9s<\/span><\/td>\n<\/tr>\n<tr>\n<td style=\"width: 217px\"><span style=\"font-family: arial, helvetica, sans-serif;font-size: 16px\">Tableaux \u00e0 d\u00e9couper<\/span><\/td>\n<td style=\"width: 519px\"><span style=\"font-family: arial, helvetica, sans-serif;font-size: 16px\">0,5M\/coupe<\/span><\/td>\n<\/tr>\n<tr>\n<td style=\"width: 217px\"><span style=\"font-family: arial, helvetica, sans-serif;font-size: 16px\">Imperm\u00e9able \u00e0 l&#8217;eau<\/span><\/td>\n<td style=\"width: 519px\"><span style=\"font-family: arial, helvetica, sans-serif;font-size: 16px\">IP20<\/span><\/td>\n<\/tr>\n<tr>\n<td style=\"width: 217px\"><span style=\"font-family: arial, helvetica, sans-serif;font-size: 16px\">Paquet<\/span><\/td>\n<td style=\"width: 519px\"><span style=\"font-family: arial, helvetica, sans-serif;font-size: 16px\">5M en tant que bobine<\/span><\/td>\n<\/tr>\n<\/tbody>\n<\/table>\n<p style=\"text-align: left\"><span style=\"text-decoration: underline;font-size: 24px\"><em><strong>D\u00e9tails du produit<\/strong><\/em><\/span><\/p>\n<p><img fetchpriority=\"high\" decoding=\"async\" class=\"alignnone wp-image-878\" src=\"https:\/\/clfled.com\/wp-content\/uploads\/2022\/11\/H62e10497db0f41e48f4b803faafe918eU-1-scaled.webp\" alt=\"\" width=\"750\" height=\"4614\" srcset=\"https:\/\/clfled.com\/wp-content\/uploads\/2022\/11\/H62e10497db0f41e48f4b803faafe918eU-1-scaled.webp 416w, https:\/\/clfled.com\/wp-content\/uploads\/2022\/11\/H62e10497db0f41e48f4b803faafe918eU-1-scaled-150x923.webp 150w, https:\/\/clfled.com\/wp-content\/uploads\/2022\/11\/H62e10497db0f41e48f4b803faafe918eU-1-49x300.webp 49w, https:\/\/clfled.com\/wp-content\/uploads\/2022\/11\/H62e10497db0f41e48f4b803faafe918eU-1-333x2048.webp 333w\" sizes=\"(max-width: 750px) 100vw, 750px\" \/><\/p>\n<p><img decoding=\"async\" class=\"alignnone wp-image-868\" src=\"https:\/\/clfled.com\/wp-content\/uploads\/2022\/11\/H8f6adce1d3eb4e0f95d57d7f6d387c492-211x300.webp\" alt=\"\" width=\"750\" height=\"1066\" srcset=\"https:\/\/clfled.com\/wp-content\/uploads\/2022\/11\/H8f6adce1d3eb4e0f95d57d7f6d387c492-211x300.webp 211w, https:\/\/clfled.com\/wp-content\/uploads\/2022\/11\/H8f6adce1d3eb4e0f95d57d7f6d387c492-500x712.webp 500w, https:\/\/clfled.com\/wp-content\/uploads\/2022\/11\/H8f6adce1d3eb4e0f95d57d7f6d387c492-150x214.webp 150w\" sizes=\"(max-width: 750px) 100vw, 750px\" \/><\/p>\n<p style=\"text-align: left\">\n<p>&nbsp;<\/p>\n<p style=\"text-align: center\"><span style=\"text-decoration: underline\"><em><span style=\"font-size: 18px\"><strong> <\/strong><\/span><\/em><\/span><\/p>\n","protected":false},"excerpt":{"rendered":"<p>Adopte une puce LED de marque, haute luminosit\u00e9, faible d\u00e9gradation de la lumi\u00e8re, dur\u00e9e de vie de plus de 25 000 heures.<br \/>\n2.Color:2700K,3000K,4000K,6000K ,red,green,blue,yellow<br \/>\nTous les mat\u00e9riaux sont conformes aux normes RoHS.<br \/>\nFacile \u00e0 installer et \u00e0 conserver, peut \u00eatre pli\u00e9 librement, avec un ruban adh\u00e9sif 3M au dos.<br \/>\n5. haute efficacit\u00e9 de la couleur, \u00e9clairage uniforme<br \/>\n6. angle du faisceau de 180<\/p>\n","protected":false},"featured_media":2857,"comment_status":"open","ping_status":"closed","template":"","meta":[],"product_cat":[209],"product_tag":[],"class_list":["post-4300","product","type-product","status-publish","has-post-thumbnail","hentry","product_cat-ruban-led-cob"],"yoast_head":"<!-- This site is optimized with the Yoast SEO Premium plugin v21.0 (Yoast SEO v21.0) - https:\/\/yoast.com\/wordpress\/plugins\/seo\/ -->\n<title>Nouvel Arriv\u00e9e Bande LED flexible COB \u00e0 haute densit\u00e9 504leds\/M DC12V 24V \u00e0 \u00e9mission de lumi\u00e8re blanche - Clfled<\/title>\n<meta name=\"robots\" content=\"index, follow, max-snippet:-1, max-image-preview:large, max-video-preview:-1\" \/>\n<link rel=\"canonical\" href=\"https:\/\/clfled.com\/fr\/produit\/nouveau-arrive-high-density-504leds-m-dc12v-24v-white-emitting-lighting-flexible-cob-led-strip-light\/\" \/>\n<meta property=\"og:locale\" content=\"fr_FR\" \/>\n<meta property=\"og:type\" content=\"article\" \/>\n<meta property=\"og:title\" content=\"Nouvel Arriv\u00e9e Bande LED flexible COB \u00e0 haute densit\u00e9 504leds\/M DC12V 24V \u00e0 \u00e9mission de lumi\u00e8re blanche\" \/>\n<meta property=\"og:description\" content=\"Adopte une puce LED de marque, haute luminosit\u00e9, faible d\u00e9gradation de la lumi\u00e8re, dur\u00e9e de vie de plus de 25 000 heures.  2.Color:2700K,3000K,4000K,6000K ,red,green,blue,yellow Tous les mat\u00e9riaux sont conformes aux normes RoHS. Facile \u00e0 installer et \u00e0 conserver, peut \u00eatre pli\u00e9 librement, avec un ruban adh\u00e9sif 3M au dos. 5. haute efficacit\u00e9 de la couleur, \u00e9clairage uniforme 6. angle du faisceau de 180\" \/>\n<meta property=\"og:url\" content=\"https:\/\/clfled.com\/fr\/produit\/nouveau-arrive-high-density-504leds-m-dc12v-24v-white-emitting-lighting-flexible-cob-led-strip-light\/\" \/>\n<meta property=\"og:site_name\" content=\"Clfled\" \/>\n<meta property=\"article:modified_time\" content=\"2022-12-01T01:49:23+00:00\" \/>\n<meta property=\"og:image\" content=\"https:\/\/clfled.com\/wp-content\/uploads\/2022\/11\/H1564a0ebc3b54ae5b538d75c47cf26ecB.jpg_960x960.webp\" \/>\n\t<meta property=\"og:image:width\" content=\"800\" \/>\n\t<meta property=\"og:image:height\" content=\"800\" \/>\n\t<meta property=\"og:image:type\" content=\"image\/webp\" \/>\n<meta name=\"twitter:card\" content=\"summary_large_image\" \/>\n<meta name=\"twitter:label1\" content=\"Dur\u00e9e de lecture estim\u00e9e\" \/>\n\t<meta name=\"twitter:data1\" content=\"2 minutes\" \/>\n<script type=\"application\/ld+json\" class=\"yoast-schema-graph\">{\"@context\":\"https:\/\/schema.org\",\"@graph\":[{\"@type\":\"WebPage\",\"@id\":\"https:\/\/clfled.com\/fr\/produit\/nouveau-arrive-high-density-504leds-m-dc12v-24v-white-emitting-lighting-flexible-cob-led-strip-light\/\",\"url\":\"https:\/\/clfled.com\/fr\/produit\/nouveau-arrive-high-density-504leds-m-dc12v-24v-white-emitting-lighting-flexible-cob-led-strip-light\/\",\"name\":\"Nouvel Arriv\u00e9e Bande LED flexible COB \u00e0 haute densit\u00e9 504leds\/M DC12V 24V \u00e0 \u00e9mission de lumi\u00e8re blanche - Clfled\",\"isPartOf\":{\"@id\":\"https:\/\/clfled.com\/fr\/#website\"},\"datePublished\":\"2022-11-05T06:00:00+00:00\",\"dateModified\":\"2022-12-01T01:49:23+00:00\",\"breadcrumb\":{\"@id\":\"https:\/\/clfled.com\/fr\/produit\/nouveau-arrive-high-density-504leds-m-dc12v-24v-white-emitting-lighting-flexible-cob-led-strip-light\/#breadcrumb\"},\"inLanguage\":\"fr-FR\",\"potentialAction\":[{\"@type\":\"ReadAction\",\"target\":[\"https:\/\/clfled.com\/fr\/produit\/nouveau-arrive-high-density-504leds-m-dc12v-24v-white-emitting-lighting-flexible-cob-led-strip-light\/\"]}]},{\"@type\":\"BreadcrumbList\",\"@id\":\"https:\/\/clfled.com\/fr\/produit\/nouveau-arrive-high-density-504leds-m-dc12v-24v-white-emitting-lighting-flexible-cob-led-strip-light\/#breadcrumb\",\"itemListElement\":[{\"@type\":\"ListItem\",\"position\":1,\"name\":\"HOME\",\"item\":\"https:\/\/clfled.com\/fr\/\"},{\"@type\":\"ListItem\",\"position\":2,\"name\":\"Boutique\",\"item\":\"https:\/\/clfled.com\/fr\/boutique\/\"},{\"@type\":\"ListItem\",\"position\":3,\"name\":\"Nouvel Arriv\u00e9e Bande LED flexible COB \u00e0 haute densit\u00e9 504leds\/M DC12V 24V \u00e0 \u00e9mission de lumi\u00e8re blanche\"}]},{\"@type\":\"WebSite\",\"@id\":\"https:\/\/clfled.com\/fr\/#website\",\"url\":\"https:\/\/clfled.com\/fr\/\",\"name\":\"Clfled\",\"description\":\"clfled.com\",\"potentialAction\":[{\"@type\":\"SearchAction\",\"target\":{\"@type\":\"EntryPoint\",\"urlTemplate\":\"https:\/\/clfled.com\/fr\/?s={search_term_string}\"},\"query-input\":\"required name=search_term_string\"}],\"inLanguage\":\"fr-FR\"}]}<\/script>\n<!-- \/ Yoast SEO Premium plugin. -->","yoast_head_json":{"title":"Nouvel Arriv\u00e9e Bande LED flexible COB \u00e0 haute densit\u00e9 504leds\/M DC12V 24V \u00e0 \u00e9mission de lumi\u00e8re blanche - Clfled","robots":{"index":"index","follow":"follow","max-snippet":"max-snippet:-1","max-image-preview":"max-image-preview:large","max-video-preview":"max-video-preview:-1"},"canonical":"https:\/\/clfled.com\/fr\/produit\/nouveau-arrive-high-density-504leds-m-dc12v-24v-white-emitting-lighting-flexible-cob-led-strip-light\/","og_locale":"fr_FR","og_type":"article","og_title":"Nouvel Arriv\u00e9e Bande LED flexible COB \u00e0 haute densit\u00e9 504leds\/M DC12V 24V \u00e0 \u00e9mission de lumi\u00e8re blanche","og_description":"Adopte une puce LED de marque, haute luminosit\u00e9, faible d\u00e9gradation de la lumi\u00e8re, dur\u00e9e de vie de plus de 25 000 heures.  2.Color:2700K,3000K,4000K,6000K ,red,green,blue,yellow Tous les mat\u00e9riaux sont conformes aux normes RoHS. Facile \u00e0 installer et \u00e0 conserver, peut \u00eatre pli\u00e9 librement, avec un ruban adh\u00e9sif 3M au dos. 5. haute efficacit\u00e9 de la couleur, \u00e9clairage uniforme 6. angle du faisceau de 180","og_url":"https:\/\/clfled.com\/fr\/produit\/nouveau-arrive-high-density-504leds-m-dc12v-24v-white-emitting-lighting-flexible-cob-led-strip-light\/","og_site_name":"Clfled","article_modified_time":"2022-12-01T01:49:23+00:00","og_image":[{"width":800,"height":800,"url":"https:\/\/clfled.com\/wp-content\/uploads\/2022\/11\/H1564a0ebc3b54ae5b538d75c47cf26ecB.jpg_960x960.webp","type":"image\/webp"}],"twitter_card":"summary_large_image","twitter_misc":{"Dur\u00e9e de lecture estim\u00e9e":"2 minutes"},"schema":{"@context":"https:\/\/schema.org","@graph":[{"@type":"WebPage","@id":"https:\/\/clfled.com\/fr\/produit\/nouveau-arrive-high-density-504leds-m-dc12v-24v-white-emitting-lighting-flexible-cob-led-strip-light\/","url":"https:\/\/clfled.com\/fr\/produit\/nouveau-arrive-high-density-504leds-m-dc12v-24v-white-emitting-lighting-flexible-cob-led-strip-light\/","name":"Nouvel Arriv\u00e9e Bande LED flexible COB \u00e0 haute densit\u00e9 504leds\/M DC12V 24V \u00e0 \u00e9mission de lumi\u00e8re blanche - Clfled","isPartOf":{"@id":"https:\/\/clfled.com\/fr\/#website"},"datePublished":"2022-11-05T06:00:00+00:00","dateModified":"2022-12-01T01:49:23+00:00","breadcrumb":{"@id":"https:\/\/clfled.com\/fr\/produit\/nouveau-arrive-high-density-504leds-m-dc12v-24v-white-emitting-lighting-flexible-cob-led-strip-light\/#breadcrumb"},"inLanguage":"fr-FR","potentialAction":[{"@type":"ReadAction","target":["https:\/\/clfled.com\/fr\/produit\/nouveau-arrive-high-density-504leds-m-dc12v-24v-white-emitting-lighting-flexible-cob-led-strip-light\/"]}]},{"@type":"BreadcrumbList","@id":"https:\/\/clfled.com\/fr\/produit\/nouveau-arrive-high-density-504leds-m-dc12v-24v-white-emitting-lighting-flexible-cob-led-strip-light\/#breadcrumb","itemListElement":[{"@type":"ListItem","position":1,"name":"HOME","item":"https:\/\/clfled.com\/fr\/"},{"@type":"ListItem","position":2,"name":"Boutique","item":"https:\/\/clfled.com\/fr\/boutique\/"},{"@type":"ListItem","position":3,"name":"Nouvel Arriv\u00e9e Bande LED flexible COB \u00e0 haute densit\u00e9 504leds\/M DC12V 24V \u00e0 \u00e9mission de lumi\u00e8re blanche"}]},{"@type":"WebSite","@id":"https:\/\/clfled.com\/fr\/#website","url":"https:\/\/clfled.com\/fr\/","name":"Clfled","description":"clfled.com","potentialAction":[{"@type":"SearchAction","target":{"@type":"EntryPoint","urlTemplate":"https:\/\/clfled.com\/fr\/?s={search_term_string}"},"query-input":"required name=search_term_string"}],"inLanguage":"fr-FR"}]}},"_links":{"self":[{"href":"https:\/\/clfled.com\/fr\/wp-json\/wp\/v2\/product\/4300","targetHints":{"allow":["GET"]}}],"collection":[{"href":"https:\/\/clfled.com\/fr\/wp-json\/wp\/v2\/product"}],"about":[{"href":"https:\/\/clfled.com\/fr\/wp-json\/wp\/v2\/types\/product"}],"replies":[{"embeddable":true,"href":"https:\/\/clfled.com\/fr\/wp-json\/wp\/v2\/comments?post=4300"}],"version-history":[{"count":2,"href":"https:\/\/clfled.com\/fr\/wp-json\/wp\/v2\/product\/4300\/revisions"}],"predecessor-version":[{"id":4778,"href":"https:\/\/clfled.com\/fr\/wp-json\/wp\/v2\/product\/4300\/revisions\/4778"}],"wp:featuredmedia":[{"embeddable":true,"href":"https:\/\/clfled.com\/fr\/wp-json\/wp\/v2\/media\/2857"}],"wp:attachment":[{"href":"https:\/\/clfled.com\/fr\/wp-json\/wp\/v2\/media?parent=4300"}],"wp:term":[{"taxonomy":"product_cat","embeddable":true,"href":"https:\/\/clfled.com\/fr\/wp-json\/wp\/v2\/product_cat?post=4300"},{"taxonomy":"product_tag","embeddable":true,"href":"https:\/\/clfled.com\/fr\/wp-json\/wp\/v2\/product_tag?post=4300"}],"curies":[{"name":"wp","href":"https:\/\/api.w.org\/{rel}","templated":true}]}}