{"id":4220,"date":"2022-11-05T14:05:13","date_gmt":"2022-11-05T06:05:13","guid":{"rendered":"https:\/\/clfled.com\/products\/adressable-2818-ic-breakpoint-continue-12v-flexible-ws2818-led-strip\/"},"modified":"2022-11-05T14:05:13","modified_gmt":"2022-11-05T06:05:13","slug":"addressable-2818-ic-breakpoint-continue-12v-flexible-ws2818-led-strip-2","status":"publish","type":"product","link":"https:\/\/clfled.com\/fr\/produit\/addressable-2818-ic-breakpoint-continue-12v-flexible-ws2818-led-strip-2\/","title":{"rendered":"Adressable 2818 IC Breakpoint Continue 12V Flexible WS2818 LED Strip"},"content":{"rendered":"<div id=\"ali-anchor-AliPostDhMb-3u40z\" style=\"padding-top: 8px\" data-section=\"AliPostDhMb-3u40z\" data-section-title=\"Product Description\">\n<div id=\"ali-title-AliPostDhMb-3u40z\" style=\"padding: 8px 0;border-bottom: 1px solid #ddd\"><span style=\"background-color: #ddd;color: #333;font-weight: bold;padding: 8px 10px;line-height: 12px\">Description du produit<\/span><\/div>\n<div style=\"padding: 10px 0\">\n<p><strong><span style=\"font-size: 32px\">Adressable 2818 IC Breakpoint Continue 12V Flexible WS2818 LED Strip<\/span><\/strong><\/p>\n<p>&nbsp;<\/p>\n<p><img fetchpriority=\"high\" decoding=\"async\" src=\"\/\/sc01.alicdn.com\/kf\/HTB16nBtajnuK1RkSmFPq6AuzFXa3\/228612101\/HTB16nBtajnuK1RkSmFPq6AuzFXa3.jpg\" alt=\"Adressable 2818 IC Breakpoint Continue 12V Flexible WS2818 LED Strip\" width=\"700\" height=\"700\"><\/p>\n<table style=\"font-size: 12px;font-style: normal;font-weight: normal;margin: 0px;padding: 0px;line-height: 18px;font-family: Arial, Helvetica;border-collapse: collapse;width: 698px;color: #333333;height: 393px;background-color: #ffffff\" border=\"1\">\n<tbody>\n<tr style=\"margin: 0px;padding: 0px;font-style: inherit;font-weight: inherit;font-size: 12px;line-height: inherit\">\n<td style=\"font-family: Verdana, Arial, Helvetica, sans-serif;font-size: 12px;color: #000000;margin: 0px;padding: 0px;font-style: inherit;font-weight: 400;line-height: inherit;float: none;width: 209px\">Nom du produit<\/td>\n<td style=\"font-family: Verdana, Arial, Helvetica, sans-serif;font-size: 12px;color: #000000;margin: 0px;padding: 0px;font-style: inherit;font-weight: 400;line-height: inherit;float: none;width: 483px\">Bande lumineuse flexible WS2818<\/td>\n<\/tr>\n<tr style=\"margin: 0px;padding: 0px;font-style: inherit;font-weight: inherit;font-size: 12px;line-height: inherit\">\n<td style=\"font-family: Verdana, Arial, Helvetica, sans-serif;font-size: 12px;color: #000000;margin: 0px;padding: 0px;font-style: inherit;font-weight: 400;line-height: inherit;float: none;width: 209px\">Couleur d&#8217;\u00e9mission<\/td>\n<td style=\"font-family: Verdana, Arial, Helvetica, sans-serif;font-size: 12px;color: #000000;margin: 0px;padding: 0px;font-style: inherit;font-weight: 400;line-height: inherit;float: none;width: 483px\">Couleur magique RGB adressable<\/td>\n<\/tr>\n<tr style=\"margin: 0px;padding: 0px;font-style: inherit;font-weight: inherit;font-size: 12px;line-height: inherit\">\n<td style=\"font-family: Verdana, Arial, Helvetica, sans-serif;font-size: 12px;color: #000000;margin: 0px;padding: 0px;font-style: inherit;font-weight: 400;line-height: inherit;float: none;width: 209px\">Quantit\u00e9 de LED<\/td>\n<td style=\"font-family: Verdana, Arial, Helvetica, sans-serif;font-size: 12px;color: #000000;margin: 0px;padding: 0px;font-style: inherit;font-weight: 400;line-height: inherit;float: none;width: 483px\">  60 leds par m\u00e8tre<\/td>\n<\/tr>\n<tr style=\"margin: 0px;padding: 0px;font-style: inherit;font-weight: inherit;font-size: 12px;line-height: inherit\">\n<td style=\"font-family: Verdana, Arial, Helvetica, sans-serif;font-size: 12px;color: #000000;margin: 0px;padding: 0px;font-style: inherit;font-weight: 400;line-height: inherit;float: none;width: 209px\">Tension d&#8217;entr\u00e9e<\/td>\n<td style=\"font-family: Verdana, Arial, Helvetica, sans-serif;font-size: 12px;color: #000000;margin: 0px;padding: 0px;font-style: inherit;font-weight: 400;line-height: inherit;float: none;width: 483px\">12V<\/td>\n<\/tr>\n<tr style=\"margin: 0px;padding: 0px;font-style: inherit;font-weight: inherit;font-size: 12px;line-height: inherit\">\n<td style=\"font-family: Verdana, Arial, Helvetica, sans-serif;font-size: 12px;color: #000000;margin: 0px;padding: 0px;font-style: inherit;font-weight: 400;line-height: inherit;float: none;width: 209px\">Puissance<\/td>\n<td style=\"font-family: Verdana, Arial, Helvetica, sans-serif;font-size: 12px;color: #000000;margin: 0px;padding: 0px;font-style: inherit;font-weight: 400;line-height: inherit;float: none;width: 483px\">  14.4W\/W pour 60LED<\/td>\n<\/tr>\n<tr style=\"margin: 0px;padding: 0px;font-style: inherit;font-weight: inherit;font-size: 12px;line-height: inherit\">\n<td style=\"font-family: Verdana, Arial, Helvetica, sans-serif;font-size: 12px;color: #000000;margin: 0px;padding: 0px;font-style: inherit;font-weight: 400;line-height: inherit;float: none;width: 209px\">Largeur du FPCB<\/td>\n<td style=\"font-family: Verdana, Arial, Helvetica, sans-serif;font-size: 12px;color: #000000;margin: 0px;padding: 0px;font-style: inherit;font-weight: 400;line-height: inherit;float: none;width: 483px\">10 mm<\/td>\n<\/tr>\n<tr style=\"margin: 0px;padding: 0px;font-style: inherit;font-weight: inherit;font-size: 12px;line-height: inherit\">\n<td style=\"font-family: Verdana, Arial, Helvetica, sans-serif;font-size: 12px;color: #000000;margin: 0px;padding: 0px;font-style: inherit;font-weight: 400;line-height: inherit;float: none;width: 209px\">Angle de vue<\/td>\n<td style=\"font-family: Verdana, Arial, Helvetica, sans-serif;font-size: 12px;color: #000000;margin: 0px;padding: 0px;font-style: inherit;font-weight: 400;line-height: inherit;float: none;width: 483px\">120 degr\u00e9s<\/td>\n<\/tr>\n<tr style=\"margin: 0px;padding: 0px;font-style: inherit;font-weight: inherit;font-size: 12px;line-height: inherit\">\n<td style=\"font-family: Verdana, Arial, Helvetica, sans-serif;font-size: 12px;color: #000000;margin: 0px;padding: 0px;font-style: inherit;font-weight: 400;line-height: inherit;float: none;width: 209px\">Couleur FPCB<\/td>\n<td style=\"font-family: Verdana, Arial, Helvetica, sans-serif;font-size: 12px;color: #000000;margin: 0px;padding: 0px;font-style: inherit;font-weight: 400;line-height: inherit;float: none;width: 483px\">Blanc ou noir<\/td>\n<\/tr>\n<tr style=\"margin: 0px;padding: 0px;font-style: inherit;font-weight: inherit;font-size: 12px;line-height: inherit\">\n<td style=\"font-family: Verdana, Arial, Helvetica, sans-serif;font-size: 12px;color: #000000;margin: 0px;padding: 0px;font-style: inherit;font-weight: 400;line-height: inherit;float: none;width: 209px\">Indice IP<\/td>\n<td style=\"font-family: Verdana, Arial, Helvetica, sans-serif;font-size: 12px;color: #000000;margin: 0px;padding: 0px;font-style: inherit;font-weight: 400;line-height: inherit;float: none;width: 483px\">IP20\/IP65\/IP67\/IP68<\/td>\n<\/tr>\n<tr style=\"margin: 0px;padding: 0px;font-style: inherit;font-weight: inherit;font-size: 12px;line-height: inherit\">\n<td style=\"font-family: Verdana, Arial, Helvetica, sans-serif;font-size: 12px;color: #000000;margin: 0px;padding: 0px;font-style: inherit;font-weight: 400;line-height: inherit;float: none;width: 209px\">Garantie<\/td>\n<td style=\"font-family: Verdana, Arial, Helvetica, sans-serif;font-size: 12px;color: #000000;margin: 0px;padding: 0px;font-style: inherit;font-weight: 400;line-height: inherit;float: none;width: 483px\">2 ans<\/td>\n<\/tr>\n<tr style=\"margin: 0px;padding: 0px;font-style: inherit;font-weight: inherit;font-size: 12px;line-height: inherit\">\n<td style=\"font-family: Verdana, Arial, Helvetica, sans-serif;font-size: 12px;color: #000000;margin: 0px;padding: 0px;font-style: inherit;font-weight: 400;line-height: inherit;float: none;width: 209px\">Emballage<\/td>\n<td style=\"font-family: Verdana, Arial, Helvetica, sans-serif;font-size: 12px;color: #000000;margin: 0px;padding: 0px;font-style: inherit;font-weight: 400;line-height: inherit;float: none;width: 483px\">5 m\u00e8tres par rouleau. (la longueur peut \u00eatre personnalis\u00e9e)<\/td>\n<\/tr>\n<\/tbody>\n<\/table>\n<p><span style=\"color: #666666;font-family: Helvetica,Arial,sans-serif;font-size: 15px;font-style: normal;font-weight: 400;background-color: #ffffff;float: none\">1,ws2818 bande led programmable,12v 60led\/m,14.4w\/m.<\/span><br \/>\n<span style=\"color: #666666;font-family: Helvetica,Arial,sans-serif;font-size: 15px;font-style: normal;font-weight: 400;background-color: #ffffff;float: none\">2. Tube r\u00e9gulateur de tension 12V int\u00e9gr\u00e9, n&#8217;ajoute une r\u00e9sistance \u00e0 la broche VDD du CI que lorsque la tension est inf\u00e9rieure \u00e0 12V.<\/span><br \/>\n<span style=\"color: #666666;font-family: Helvetica,Arial,sans-serif;font-size: 15px;font-style: normal;font-weight: 400;background-color: #ffffff;float: none\">3. Adopte le circuit int\u00e9gr\u00e9 de remise en forme du signal pour r\u00e9aliser la mise en forme de la forme d&#8217;onde du signal, et donc aucune distorsion de la forme d&#8217;onde du signal ne se produit.<\/span><br \/>\n<span style=\"color: #666666;font-family: Helvetica,Arial,sans-serif;font-size: 15px;font-style: normal;font-weight: 400;background-color: #ffffff;float: none\">4. Les niveaux de gris de chaque pixel sont de 256 niveaux, et la fr\u00e9quence de rafra\u00eechissement atteint 2KHz\/s.<\/span><br \/>\n<span style=\"color: #666666;font-family: Helvetica,Arial,sans-serif;font-size: 15px;font-style: normal;font-weight: 400;background-color: #ffffff;float: none\">5. <\/span><strong>Point de rupture du signal Transmission continue, toute d\u00e9faillance d&#8217;un pixel n&#8217;affectera pas l&#8217;ensemble de l&#8217;affichage.<\/strong><\/p>\n<\/div>\n<\/div>\n<div id=\"ali-anchor-AliPostDhMb-623uc\" style=\"padding-top: 8px\" data-section=\"AliPostDhMb-623uc\" data-section-title=\"Related Products\">\n<div id=\"ali-title-AliPostDhMb-623uc\" style=\"padding: 8px 0;border-bottom: 1px solid #ddd\"><span style=\"background-color: #ddd;color: #333;font-weight: bold;padding: 8px 10px;line-height: 12px\">Produits connexes<\/span><\/div>\n<div style=\"padding: 10px 0\">\n<p> <span style=\"font-size: 32px\">Bande lumineuse \u00e0 LED WS2815<\/span><\/p>\n<p><img decoding=\"async\" src=\"\/\/sc02.alicdn.com\/kf\/HTB19YHhXXzsK1Rjy1Xbq6xOaFXaw\/228612101\/HTB19YHhXXzsK1Rjy1Xbq6xOaFXaw.jpg\" alt=\"Adressable 2818 IC Breakpoint Continue 12V Flexible WS2818 LED Strip\" width=\"700\" height=\"700\"><br \/>\n<img decoding=\"async\" src=\"\/\/sc01.alicdn.com\/kf\/HTB1tSVKhXzqK1RjSZFvq6AB7VXaZ\/228612101\/HTB1tSVKhXzqK1RjSZFvq6AB7VXaZ.jpg\" alt=\"Adressable 2818 IC Breakpoint Continue 12V Flexible WS2818 LED Strip\" width=\"699\" height=\"617\"><\/p>\n<\/div>\n<\/div>\n<div id=\"ali-anchor-AliPostDhMb-q79q7\" style=\"padding-top: 8px\" data-section=\"AliPostDhMb-q79q7\" data-section-title=\"Certifications\">\n<div id=\"ali-title-AliPostDhMb-q79q7\" style=\"padding: 8px 0;border-bottom: 1px solid #ddd\"><span style=\"background-color: #ddd;color: #333;font-weight: bold;padding: 8px 10px;line-height: 12px\">Certifications<\/span><\/div>\n<div style=\"padding: 10px 0\">\n<p><img decoding=\"async\" src=\"\/\/sc01.alicdn.com\/kf\/HTB1BYa4j0cnBKNjSZR0q6AFqFXaP\/228612101\/HTB1BYa4j0cnBKNjSZR0q6AFqFXaP.jpg\" alt=\"Adressable 2818 IC Breakpoint Continue 12V Flexible WS2818 LED Strip\"><\/p>\n<\/div>\n<\/div>\n<div id=\"ali-anchor-AliPostDhMb-ufb31\" style=\"padding-top: 8px\" data-section=\"AliPostDhMb-ufb31\" data-section-title=\"Our Services\">\n<div id=\"ali-title-AliPostDhMb-ufb31\" style=\"padding: 8px 0;border-bottom: 1px solid #ddd\"><span style=\"background-color: #ddd;color: #333;font-weight: bold;padding: 8px 10px;line-height: 12px\">Nos services<\/span><\/div>\n<div style=\"padding: 10px 0\">\n<p><img decoding=\"async\" src=\"\/\/sc01.alicdn.com\/kf\/HTB1uYg4j8jTBKNjSZFuq6z0HFXaz\/228612101\/HTB1uYg4j8jTBKNjSZFuq6z0HFXaz.jpg\" alt=\"Adressable 2818 IC Breakpoint Continue 12V Flexible WS2818 LED Strip\"><\/p>\n<\/div>\n<\/div>\n","protected":false},"excerpt":{"rendered":"<p>Description du produit Adressable 2818 IC Breakpoint Continue 12V Flexible WS2818 LED Strip &nbsp; Nom du produit Bande lumineuse flexible<\/p>\n","protected":false},"featured_media":1861,"comment_status":"open","ping_status":"closed","template":"","meta":[],"product_cat":[164],"product_tag":[],"class_list":["post-4220","product","type-product","status-publish","has-post-thumbnail","hentry","product_cat-bande-led-en-couleur"],"yoast_head":"<!-- This site is optimized with the Yoast SEO Premium plugin v21.0 (Yoast SEO v21.0) - https:\/\/yoast.com\/wordpress\/plugins\/seo\/ -->\n<title>Adressable 2818 IC Breakpoint Continue 12V Flexible WS2818 LED Strip - Clfled<\/title>\n<meta name=\"robots\" content=\"index, follow, max-snippet:-1, max-image-preview:large, max-video-preview:-1\" \/>\n<link rel=\"canonical\" href=\"https:\/\/clfled.com\/fr\/produit\/addressable-2818-ic-breakpoint-continue-12v-flexible-ws2818-led-strip-2\/\" \/>\n<meta property=\"og:locale\" content=\"fr_FR\" \/>\n<meta property=\"og:type\" content=\"article\" \/>\n<meta property=\"og:title\" content=\"Adressable 2818 IC Breakpoint Continue 12V Flexible WS2818 LED Strip\" \/>\n<meta property=\"og:description\" content=\"Description du produit Adressable 2818 IC Breakpoint Continue 12V Flexible WS2818 LED Strip &nbsp; Nom du produit Bande lumineuse flexible\" \/>\n<meta property=\"og:url\" content=\"https:\/\/clfled.com\/fr\/produit\/addressable-2818-ic-breakpoint-continue-12v-flexible-ws2818-led-strip-2\/\" \/>\n<meta property=\"og:site_name\" content=\"Clfled\" \/>\n<meta property=\"og:image\" content=\"https:\/\/clfled.com\/wp-content\/uploads\/2022\/11\/HTB19cXWOkvoK1RjSZPfq6xPKFXaI.jpg\" \/>\n\t<meta property=\"og:image:width\" content=\"800\" \/>\n\t<meta property=\"og:image:height\" content=\"800\" \/>\n\t<meta property=\"og:image:type\" content=\"image\/jpeg\" \/>\n<meta name=\"twitter:card\" content=\"summary_large_image\" \/>\n<meta name=\"twitter:label1\" content=\"Dur\u00e9e de lecture estim\u00e9e\" \/>\n\t<meta name=\"twitter:data1\" content=\"1 minute\" \/>\n<script type=\"application\/ld+json\" class=\"yoast-schema-graph\">{\"@context\":\"https:\/\/schema.org\",\"@graph\":[{\"@type\":\"WebPage\",\"@id\":\"https:\/\/clfled.com\/fr\/produit\/addressable-2818-ic-breakpoint-continue-12v-flexible-ws2818-led-strip-2\/\",\"url\":\"https:\/\/clfled.com\/fr\/produit\/addressable-2818-ic-breakpoint-continue-12v-flexible-ws2818-led-strip-2\/\",\"name\":\"Adressable 2818 IC Breakpoint Continue 12V Flexible WS2818 LED Strip - Clfled\",\"isPartOf\":{\"@id\":\"https:\/\/clfled.com\/fr\/#website\"},\"datePublished\":\"2022-11-05T06:05:13+00:00\",\"dateModified\":\"2022-11-05T06:05:13+00:00\",\"breadcrumb\":{\"@id\":\"https:\/\/clfled.com\/fr\/produit\/addressable-2818-ic-breakpoint-continue-12v-flexible-ws2818-led-strip-2\/#breadcrumb\"},\"inLanguage\":\"fr-FR\",\"potentialAction\":[{\"@type\":\"ReadAction\",\"target\":[\"https:\/\/clfled.com\/fr\/produit\/addressable-2818-ic-breakpoint-continue-12v-flexible-ws2818-led-strip-2\/\"]}]},{\"@type\":\"BreadcrumbList\",\"@id\":\"https:\/\/clfled.com\/fr\/produit\/addressable-2818-ic-breakpoint-continue-12v-flexible-ws2818-led-strip-2\/#breadcrumb\",\"itemListElement\":[{\"@type\":\"ListItem\",\"position\":1,\"name\":\"HOME\",\"item\":\"https:\/\/clfled.com\/fr\/\"},{\"@type\":\"ListItem\",\"position\":2,\"name\":\"Boutique\",\"item\":\"https:\/\/clfled.com\/fr\/boutique\/\"},{\"@type\":\"ListItem\",\"position\":3,\"name\":\"Adressable 2818 IC Breakpoint Continue 12V Flexible WS2818 LED Strip\"}]},{\"@type\":\"WebSite\",\"@id\":\"https:\/\/clfled.com\/fr\/#website\",\"url\":\"https:\/\/clfled.com\/fr\/\",\"name\":\"Clfled\",\"description\":\"clfled.com\",\"potentialAction\":[{\"@type\":\"SearchAction\",\"target\":{\"@type\":\"EntryPoint\",\"urlTemplate\":\"https:\/\/clfled.com\/fr\/?s={search_term_string}\"},\"query-input\":\"required name=search_term_string\"}],\"inLanguage\":\"fr-FR\"}]}<\/script>\n<!-- \/ Yoast SEO Premium plugin. -->","yoast_head_json":{"title":"Adressable 2818 IC Breakpoint Continue 12V Flexible WS2818 LED Strip - Clfled","robots":{"index":"index","follow":"follow","max-snippet":"max-snippet:-1","max-image-preview":"max-image-preview:large","max-video-preview":"max-video-preview:-1"},"canonical":"https:\/\/clfled.com\/fr\/produit\/addressable-2818-ic-breakpoint-continue-12v-flexible-ws2818-led-strip-2\/","og_locale":"fr_FR","og_type":"article","og_title":"Adressable 2818 IC Breakpoint Continue 12V Flexible WS2818 LED Strip","og_description":"Description du produit Adressable 2818 IC Breakpoint Continue 12V Flexible WS2818 LED Strip &nbsp; Nom du produit Bande lumineuse flexible","og_url":"https:\/\/clfled.com\/fr\/produit\/addressable-2818-ic-breakpoint-continue-12v-flexible-ws2818-led-strip-2\/","og_site_name":"Clfled","og_image":[{"width":800,"height":800,"url":"https:\/\/clfled.com\/wp-content\/uploads\/2022\/11\/HTB19cXWOkvoK1RjSZPfq6xPKFXaI.jpg","type":"image\/jpeg"}],"twitter_card":"summary_large_image","twitter_misc":{"Dur\u00e9e de lecture estim\u00e9e":"1 minute"},"schema":{"@context":"https:\/\/schema.org","@graph":[{"@type":"WebPage","@id":"https:\/\/clfled.com\/fr\/produit\/addressable-2818-ic-breakpoint-continue-12v-flexible-ws2818-led-strip-2\/","url":"https:\/\/clfled.com\/fr\/produit\/addressable-2818-ic-breakpoint-continue-12v-flexible-ws2818-led-strip-2\/","name":"Adressable 2818 IC Breakpoint Continue 12V Flexible WS2818 LED Strip - Clfled","isPartOf":{"@id":"https:\/\/clfled.com\/fr\/#website"},"datePublished":"2022-11-05T06:05:13+00:00","dateModified":"2022-11-05T06:05:13+00:00","breadcrumb":{"@id":"https:\/\/clfled.com\/fr\/produit\/addressable-2818-ic-breakpoint-continue-12v-flexible-ws2818-led-strip-2\/#breadcrumb"},"inLanguage":"fr-FR","potentialAction":[{"@type":"ReadAction","target":["https:\/\/clfled.com\/fr\/produit\/addressable-2818-ic-breakpoint-continue-12v-flexible-ws2818-led-strip-2\/"]}]},{"@type":"BreadcrumbList","@id":"https:\/\/clfled.com\/fr\/produit\/addressable-2818-ic-breakpoint-continue-12v-flexible-ws2818-led-strip-2\/#breadcrumb","itemListElement":[{"@type":"ListItem","position":1,"name":"HOME","item":"https:\/\/clfled.com\/fr\/"},{"@type":"ListItem","position":2,"name":"Boutique","item":"https:\/\/clfled.com\/fr\/boutique\/"},{"@type":"ListItem","position":3,"name":"Adressable 2818 IC Breakpoint Continue 12V Flexible WS2818 LED Strip"}]},{"@type":"WebSite","@id":"https:\/\/clfled.com\/fr\/#website","url":"https:\/\/clfled.com\/fr\/","name":"Clfled","description":"clfled.com","potentialAction":[{"@type":"SearchAction","target":{"@type":"EntryPoint","urlTemplate":"https:\/\/clfled.com\/fr\/?s={search_term_string}"},"query-input":"required name=search_term_string"}],"inLanguage":"fr-FR"}]}},"_links":{"self":[{"href":"https:\/\/clfled.com\/fr\/wp-json\/wp\/v2\/product\/4220","targetHints":{"allow":["GET"]}}],"collection":[{"href":"https:\/\/clfled.com\/fr\/wp-json\/wp\/v2\/product"}],"about":[{"href":"https:\/\/clfled.com\/fr\/wp-json\/wp\/v2\/types\/product"}],"replies":[{"embeddable":true,"href":"https:\/\/clfled.com\/fr\/wp-json\/wp\/v2\/comments?post=4220"}],"version-history":[{"count":0,"href":"https:\/\/clfled.com\/fr\/wp-json\/wp\/v2\/product\/4220\/revisions"}],"wp:featuredmedia":[{"embeddable":true,"href":"https:\/\/clfled.com\/fr\/wp-json\/wp\/v2\/media\/1861"}],"wp:attachment":[{"href":"https:\/\/clfled.com\/fr\/wp-json\/wp\/v2\/media?parent=4220"}],"wp:term":[{"taxonomy":"product_cat","embeddable":true,"href":"https:\/\/clfled.com\/fr\/wp-json\/wp\/v2\/product_cat?post=4220"},{"taxonomy":"product_tag","embeddable":true,"href":"https:\/\/clfled.com\/fr\/wp-json\/wp\/v2\/product_tag?post=4220"}],"curies":[{"name":"wp","href":"https:\/\/api.w.org\/{rel}","templated":true}]}}