{"id":4155,"date":"2022-11-05T14:03:38","date_gmt":"2022-11-05T06:03:38","guid":{"rendered":"https:\/\/clfled.com\/products\/bande-de-leds-en-silicone-adressable-numeriquement-a-360-degres-en-couleur-avec-neon-flex\/"},"modified":"2022-11-05T14:03:38","modified_gmt":"2022-11-05T06:03:38","slug":"lampe-a-ruban-en-couleur-a-360-degres-neon-flex-numeriquement-adressable-a-tube-de-silicone","status":"publish","type":"product","link":"https:\/\/clfled.com\/fr\/produit\/lampe-a-ruban-en-couleur-a-360-degres-neon-flex-numeriquement-adressable-a-tube-de-silicone\/","title":{"rendered":"Bande de LEDs en silicone, adressable num\u00e9riquement, \u00e0 360 degr\u00e9s, en couleur, avec n\u00e9on Flex."},"content":{"rendered":"<p style=\"text-align: center\"><span style=\"background-color: #00ccff;font-size: 24px\"><strong><em><span style=\"font-family: Calibri, 'zapf dingbats'\">Bande de LEDs en silicone, adressable num\u00e9riquement, \u00e0 360 degr\u00e9s, en couleur, avec n\u00e9on Flex.<\/span><\/em><\/strong><\/span><\/p>\n<p><span style=\"background-color: #00ccff;font-size: 24px\"><em><strong><span style=\"font-family: Calibri, 'zapf dingbats'\">Fonctionnalit\u00e9<\/span><\/strong><\/em><\/span><\/p>\n<p style=\"text-align: left\"><span style=\"background-color: #ffffff;font-size: 18px\"><em><strong><span style=\"font-family: Calibri, 'zapf dingbats'\">Bande led double face UCS1903&#8211;360 degr\u00e9s<\/span><\/strong><\/em><\/span><\/p>\n<p style=\"text-align: left\"><span style=\"background-color: #ffffff;font-size: 18px\"><em><strong><span style=\"font-family: Calibri, 'zapf dingbats'\">UCS1903\/WS2811 IC Driver, IC construit.<\/span><\/strong><\/em><\/span><\/p>\n<p style=\"text-align: left\"><span style=\"background-color: #ffffff;font-size: 18px\"><em><strong><span style=\"font-family: Calibri, 'zapf dingbats'\">Double face : un c\u00f4t\u00e9 est 60leds avec 60pcs IC et l&#8217;autre c\u00f4t\u00e9 est seulement 60leds.<\/span><\/strong><\/em><\/span><\/p>\n<p style=\"text-align: left\"><span style=\"background-color: #ffffff;font-size: 18px\"><em><strong><span style=\"font-family: Calibri, 'zapf dingbats'\">Nous pouvons l&#8217;utiliser avec des n\u00e9ons flexibles et des barres d&#8217;\u00e9clairage \u00e0 DEL.<\/span><\/strong><\/em><\/span><\/p>\n<p style=\"text-align: left\"><span style=\"background-color: #00ccff;font-size: 24px\"><em><strong><span style=\"font-family: Calibri, 'zapf dingbats'\">Sp\u00e9cifications<\/span><\/strong><\/em><\/span><\/p>\n<table style=\"border-collapse: collapse;background-color: #ffffff;width: 750px;height: 324px\" border=\"1\">\n<tbody>\n<tr>\n<td style=\"width: 246px\"><span style=\"font-family: Calibri, 'zapf dingbats';font-size: 16px;background-color: #00ccff\">Mod\u00e8le<\/span><\/td>\n<td style=\"width: 497px\"><span style=\"font-family: Calibri, 'zapf dingbats';font-size: 16px\">Bande LED UCS1903<\/span><\/td>\n<\/tr>\n<tr>\n<td style=\"width: 246px\"><span style=\"font-family: Calibri, 'zapf dingbats';font-size: 16px;background-color: #00ccff\">Led Type<\/span><\/td>\n<td style=\"width: 497px\"><span style=\"font-family: Calibri, 'zapf dingbats';font-size: 16px\">SMD5050RGB  <\/span><\/td>\n<\/tr>\n<tr>\n<td style=\"width: 246px\"><span style=\"font-family: Calibri, 'zapf dingbats';font-size: 16px;background-color: #00ccff\">Led QTY<\/span><\/td>\n<td style=\"width: 497px\"><span style=\"font-family: Calibri, 'zapf dingbats';font-size: 16px\">120leds\/M<\/span><\/td>\n<\/tr>\n<tr>\n<td style=\"width: 246px\"><span style=\"font-family: Calibri, 'zapf dingbats';font-size: 16px;background-color: #00ccff\">Type de CI<\/span><\/td>\n<td style=\"width: 497px\"><span style=\"font-family: Calibri, 'zapf dingbats';font-size: 16px\">UCS1903\/WS2811<\/span><\/td>\n<\/tr>\n<tr>\n<td style=\"width: 246px\"><span style=\"font-family: Calibri, 'zapf dingbats';font-size: 16px;background-color: #00ccff\">QT\u00c9 IC<\/span><\/td>\n<td style=\"width: 497px\"><span style=\"font-family: Calibri, 'zapf dingbats';font-size: 16px\">60leds\/M<\/span><\/td>\n<\/tr>\n<tr>\n<td style=\"width: 246px\"><span style=\"font-family: Calibri, 'zapf dingbats';font-size: 16px;background-color: #00ccff\">Tension<\/span><\/td>\n<td style=\"width: 497px\"><span style=\"font-family: Calibri, 'zapf dingbats';font-size: 16px\">DC12V<\/span><\/td>\n<\/tr>\n<tr>\n<td style=\"width: 246px\"><span style=\"font-family: Calibri, 'zapf dingbats';font-size: 16px;background-color: #00ccff\">Puissance<\/span><\/td>\n<td style=\"width: 497px\"><span style=\"font-family: Calibri, 'zapf dingbats';font-size: 16px\">25.56W\/N<\/span><\/td>\n<\/tr>\n<tr>\n<td style=\"width: 246px\"><span style=\"font-family: Calibri, 'zapf dingbats';font-size: 16px;background-color: #00ccff\">Couleur du PCB<\/span><\/td>\n<td style=\"width: 497px\"><span style=\"font-family: Calibri, 'zapf dingbats';font-size: 16px\">Blanc<\/span><\/td>\n<\/tr>\n<tr>\n<td style=\"width: 246px\"><span style=\"font-family: Calibri, 'zapf dingbats';font-size: 16px;background-color: #00ccff\">Largeur du PCB<\/span><\/td>\n<td style=\"width: 497px\"><span style=\"font-family: Calibri, 'zapf dingbats';font-size: 16px\">12mm<\/span><\/td>\n<\/tr>\n<tr>\n<td style=\"width: 246px\"><span style=\"font-family: Calibri, 'zapf dingbats';font-size: 16px;background-color: #00ccff\">Longueur<\/span><\/td>\n<td style=\"width: 497px\"><span style=\"font-family: Calibri, 'zapf dingbats';font-size: 16px\">5M en tant que bobine, peut \u00e9galement \u00eatre personnalis\u00e9.<\/span><\/td>\n<\/tr>\n<tr>\n<td style=\"width: 246px\"><span style=\"font-family: Calibri, 'zapf dingbats';font-size: 16px;background-color: #00ccff\">Imperm\u00e9able \u00e0 l&#8217;eau<\/span><\/td>\n<td style=\"width: 497px\"><span style=\"font-family: Calibri, 'zapf dingbats';font-size: 16px\">IP20, non \u00e9tanche<\/span><\/p>\n<p><span style=\"font-family: Calibri, 'zapf dingbats';font-size: 16px\">IP65, colle silicone \u00e9tanche<\/span><\/p>\n<p><span style=\"font-family: Calibri, 'zapf dingbats';font-size: 16px\">IP67, tube de silicone \u00e9tanche<\/span><\/p>\n<p><span style=\"font-family: Calibri, 'zapf dingbats';font-size: 16px\">IP68,colle silicone+tube \u00e9tanche  <\/span><\/td>\n<\/tr>\n<\/tbody>\n<\/table>\n<p style=\"text-align: center\"><img fetchpriority=\"high\" decoding=\"async\" class=\" wp-image-794 alignleft\" src=\"https:\/\/clfled.com\/wp-content\/uploads\/2022\/11\/neon0-300x300.jpg\" alt=\"\" width=\"277\" height=\"277\" srcset=\"https:\/\/clfled.com\/wp-content\/uploads\/2022\/11\/neon0-300x300.jpg 300w, https:\/\/clfled.com\/wp-content\/uploads\/2022\/11\/neon0-500x500.jpg 500w, https:\/\/clfled.com\/wp-content\/uploads\/2022\/11\/neon0-150x150.jpg 150w, https:\/\/clfled.com\/wp-content\/uploads\/2022\/11\/neon0.jpg 600w\" sizes=\"(max-width: 277px) 100vw, 277px\" \/> <img decoding=\"async\" class=\"wp-image-795 alignleft\" src=\"https:\/\/clfled.com\/wp-content\/uploads\/2022\/11\/neon2-225x300.jpg\" alt=\"\" width=\"216\" height=\"288\" srcset=\"https:\/\/clfled.com\/wp-content\/uploads\/2022\/11\/neon2-225x300.jpg 225w, https:\/\/clfled.com\/wp-content\/uploads\/2022\/11\/neon2-500x667.jpg 500w, https:\/\/clfled.com\/wp-content\/uploads\/2022\/11\/neon2-150x200.jpg 150w, https:\/\/clfled.com\/wp-content\/uploads\/2022\/11\/neon2-700x933.jpg 700w, https:\/\/clfled.com\/wp-content\/uploads\/2022\/11\/neon2-768x1024.jpg 768w, https:\/\/clfled.com\/wp-content\/uploads\/2022\/11\/neon2.jpg 1080w\" sizes=\"(max-width: 216px) 100vw, 216px\" \/> <img decoding=\"async\" class=\"wp-image-796 alignleft\" src=\"https:\/\/clfled.com\/wp-content\/uploads\/2022\/11\/neon3-225x300.jpg\" alt=\"\" width=\"216\" height=\"288\" srcset=\"https:\/\/clfled.com\/wp-content\/uploads\/2022\/11\/neon3-225x300.jpg 225w, https:\/\/clfled.com\/wp-content\/uploads\/2022\/11\/neon3-500x667.jpg 500w, https:\/\/clfled.com\/wp-content\/uploads\/2022\/11\/neon3-150x200.jpg 150w, https:\/\/clfled.com\/wp-content\/uploads\/2022\/11\/neon3-700x933.jpg 700w, https:\/\/clfled.com\/wp-content\/uploads\/2022\/11\/neon3-768x1024.jpg 768w, https:\/\/clfled.com\/wp-content\/uploads\/2022\/11\/neon3.jpg 1080w\" sizes=\"(max-width: 216px) 100vw, 216px\" \/>  <img loading=\"lazy\" decoding=\"async\" class=\"wp-image-798 alignleft\" src=\"https:\/\/clfled.com\/wp-content\/uploads\/2022\/11\/H3bea820645ac4a61be1287bf07ae6796G-300x300.webp\" alt=\"\" width=\"745\" height=\"745\" srcset=\"https:\/\/clfled.com\/wp-content\/uploads\/2022\/11\/H3bea820645ac4a61be1287bf07ae6796G-300x300.webp 300w, https:\/\/clfled.com\/wp-content\/uploads\/2022\/11\/H3bea820645ac4a61be1287bf07ae6796G-500x500.webp 500w, https:\/\/clfled.com\/wp-content\/uploads\/2022\/11\/H3bea820645ac4a61be1287bf07ae6796G-150x150.webp 150w, https:\/\/clfled.com\/wp-content\/uploads\/2022\/11\/H3bea820645ac4a61be1287bf07ae6796G-700x700.webp 700w, https:\/\/clfled.com\/wp-content\/uploads\/2022\/11\/H3bea820645ac4a61be1287bf07ae6796G-1024x1024.webp 1024w, https:\/\/clfled.com\/wp-content\/uploads\/2022\/11\/H3bea820645ac4a61be1287bf07ae6796G-768x768.webp 768w, https:\/\/clfled.com\/wp-content\/uploads\/2022\/11\/H3bea820645ac4a61be1287bf07ae6796G-1536x1536.webp 1536w, https:\/\/clfled.com\/wp-content\/uploads\/2022\/11\/H3bea820645ac4a61be1287bf07ae6796G-2048x2048.webp 2048w, https:\/\/clfled.com\/wp-content\/uploads\/2022\/11\/H3bea820645ac4a61be1287bf07ae6796G-600x600.webp 600w\" sizes=\"(max-width: 745px) 100vw, 745px\" \/> <img loading=\"lazy\" decoding=\"async\" class=\" wp-image-799 alignleft\" src=\"https:\/\/clfled.com\/wp-content\/uploads\/2022\/11\/He5026c3080cb47deb79f0cd8ddd7e8f2q.jpg_960x960-300x300.webp\" alt=\"\" width=\"748\" height=\"748\" srcset=\"https:\/\/clfled.com\/wp-content\/uploads\/2022\/11\/He5026c3080cb47deb79f0cd8ddd7e8f2q.jpg_960x960-300x300.webp 300w, https:\/\/clfled.com\/wp-content\/uploads\/2022\/11\/He5026c3080cb47deb79f0cd8ddd7e8f2q.jpg_960x960-500x500.webp 500w, https:\/\/clfled.com\/wp-content\/uploads\/2022\/11\/He5026c3080cb47deb79f0cd8ddd7e8f2q.jpg_960x960-150x150.webp 150w, https:\/\/clfled.com\/wp-content\/uploads\/2022\/11\/He5026c3080cb47deb79f0cd8ddd7e8f2q.jpg_960x960-700x700.webp 700w, https:\/\/clfled.com\/wp-content\/uploads\/2022\/11\/He5026c3080cb47deb79f0cd8ddd7e8f2q.jpg_960x960-768x768.webp 768w, https:\/\/clfled.com\/wp-content\/uploads\/2022\/11\/He5026c3080cb47deb79f0cd8ddd7e8f2q.jpg_960x960-600x600.webp 600w, https:\/\/clfled.com\/wp-content\/uploads\/2022\/11\/He5026c3080cb47deb79f0cd8ddd7e8f2q.jpg_960x960.webp 960w\" sizes=\"(max-width: 748px) 100vw, 748px\" \/><\/p>\n<p>&nbsp;<\/p>\n<p>&nbsp;<\/p>\n<p>&nbsp;<\/p>\n<p>&nbsp;<\/p>\n<p>&nbsp;<\/p>\n<p>&nbsp;<\/p>\n<p>&nbsp;<\/p>\n<p>&nbsp;<\/p>\n<p>&nbsp;<\/p>\n<p>&nbsp;<\/p>\n","protected":false},"excerpt":{"rendered":"<p>Bande de LEDs en silicone, adressable num\u00e9riquement, \u00e0 360 degr\u00e9s, en couleur, avec n\u00e9on Flex. Fonctionnalit\u00e9 Bande led double face<\/p>\n","protected":false},"featured_media":3253,"comment_status":"open","ping_status":"closed","template":"","meta":[],"product_cat":[152],"product_tag":[],"class_list":["post-4155","product","type-product","status-publish","has-post-thumbnail","hentry","product_cat-bande-lumineuse-a-led-neon"],"yoast_head":"<!-- This site is optimized with the Yoast SEO Premium plugin v21.0 (Yoast SEO v21.0) - https:\/\/yoast.com\/wordpress\/plugins\/seo\/ -->\n<title>Bande de LEDs en silicone, adressable num\u00e9riquement, \u00e0 360 degr\u00e9s, en couleur, avec n\u00e9on Flex. - Clfled<\/title>\n<meta name=\"robots\" content=\"index, follow, max-snippet:-1, max-image-preview:large, max-video-preview:-1\" \/>\n<link rel=\"canonical\" href=\"https:\/\/clfled.com\/fr\/produit\/lampe-a-ruban-en-couleur-a-360-degres-neon-flex-numeriquement-adressable-a-tube-de-silicone\/\" \/>\n<meta property=\"og:locale\" content=\"fr_FR\" \/>\n<meta property=\"og:type\" content=\"article\" \/>\n<meta property=\"og:title\" content=\"Bande de LEDs en silicone, adressable num\u00e9riquement, \u00e0 360 degr\u00e9s, en couleur, avec n\u00e9on Flex.\" \/>\n<meta property=\"og:description\" content=\"Bande de LEDs en silicone, adressable num\u00e9riquement, \u00e0 360 degr\u00e9s, en couleur, avec n\u00e9on Flex. Fonctionnalit\u00e9 Bande led double face\" \/>\n<meta property=\"og:url\" content=\"https:\/\/clfled.com\/fr\/produit\/lampe-a-ruban-en-couleur-a-360-degres-neon-flex-numeriquement-adressable-a-tube-de-silicone\/\" \/>\n<meta property=\"og:site_name\" content=\"Clfled\" \/>\n<meta property=\"og:image\" content=\"https:\/\/clfled.com\/wp-content\/uploads\/2022\/11\/562.png\" \/>\n\t<meta property=\"og:image:width\" content=\"800\" \/>\n\t<meta property=\"og:image:height\" content=\"800\" \/>\n\t<meta property=\"og:image:type\" content=\"image\/png\" \/>\n<meta name=\"twitter:card\" content=\"summary_large_image\" \/>\n<meta name=\"twitter:label1\" content=\"Dur\u00e9e de lecture estim\u00e9e\" \/>\n\t<meta name=\"twitter:data1\" content=\"1 minute\" \/>\n<script type=\"application\/ld+json\" class=\"yoast-schema-graph\">{\"@context\":\"https:\/\/schema.org\",\"@graph\":[{\"@type\":\"WebPage\",\"@id\":\"https:\/\/clfled.com\/fr\/produit\/lampe-a-ruban-en-couleur-a-360-degres-neon-flex-numeriquement-adressable-a-tube-de-silicone\/\",\"url\":\"https:\/\/clfled.com\/fr\/produit\/lampe-a-ruban-en-couleur-a-360-degres-neon-flex-numeriquement-adressable-a-tube-de-silicone\/\",\"name\":\"Bande de LEDs en silicone, adressable num\u00e9riquement, \u00e0 360 degr\u00e9s, en couleur, avec n\u00e9on Flex. - Clfled\",\"isPartOf\":{\"@id\":\"https:\/\/clfled.com\/fr\/#website\"},\"datePublished\":\"2022-11-05T06:03:38+00:00\",\"dateModified\":\"2022-11-05T06:03:38+00:00\",\"breadcrumb\":{\"@id\":\"https:\/\/clfled.com\/fr\/produit\/lampe-a-ruban-en-couleur-a-360-degres-neon-flex-numeriquement-adressable-a-tube-de-silicone\/#breadcrumb\"},\"inLanguage\":\"fr-FR\",\"potentialAction\":[{\"@type\":\"ReadAction\",\"target\":[\"https:\/\/clfled.com\/fr\/produit\/lampe-a-ruban-en-couleur-a-360-degres-neon-flex-numeriquement-adressable-a-tube-de-silicone\/\"]}]},{\"@type\":\"BreadcrumbList\",\"@id\":\"https:\/\/clfled.com\/fr\/produit\/lampe-a-ruban-en-couleur-a-360-degres-neon-flex-numeriquement-adressable-a-tube-de-silicone\/#breadcrumb\",\"itemListElement\":[{\"@type\":\"ListItem\",\"position\":1,\"name\":\"HOME\",\"item\":\"https:\/\/clfled.com\/fr\/\"},{\"@type\":\"ListItem\",\"position\":2,\"name\":\"Boutique\",\"item\":\"https:\/\/clfled.com\/fr\/boutique\/\"},{\"@type\":\"ListItem\",\"position\":3,\"name\":\"Bande de LEDs en silicone, adressable num\u00e9riquement, \u00e0 360 degr\u00e9s, en couleur, avec n\u00e9on Flex.\"}]},{\"@type\":\"WebSite\",\"@id\":\"https:\/\/clfled.com\/fr\/#website\",\"url\":\"https:\/\/clfled.com\/fr\/\",\"name\":\"Clfled\",\"description\":\"clfled.com\",\"potentialAction\":[{\"@type\":\"SearchAction\",\"target\":{\"@type\":\"EntryPoint\",\"urlTemplate\":\"https:\/\/clfled.com\/fr\/?s={search_term_string}\"},\"query-input\":\"required name=search_term_string\"}],\"inLanguage\":\"fr-FR\"}]}<\/script>\n<!-- \/ Yoast SEO Premium plugin. -->","yoast_head_json":{"title":"Bande de LEDs en silicone, adressable num\u00e9riquement, \u00e0 360 degr\u00e9s, en couleur, avec n\u00e9on Flex. - Clfled","robots":{"index":"index","follow":"follow","max-snippet":"max-snippet:-1","max-image-preview":"max-image-preview:large","max-video-preview":"max-video-preview:-1"},"canonical":"https:\/\/clfled.com\/fr\/produit\/lampe-a-ruban-en-couleur-a-360-degres-neon-flex-numeriquement-adressable-a-tube-de-silicone\/","og_locale":"fr_FR","og_type":"article","og_title":"Bande de LEDs en silicone, adressable num\u00e9riquement, \u00e0 360 degr\u00e9s, en couleur, avec n\u00e9on Flex.","og_description":"Bande de LEDs en silicone, adressable num\u00e9riquement, \u00e0 360 degr\u00e9s, en couleur, avec n\u00e9on Flex. Fonctionnalit\u00e9 Bande led double face","og_url":"https:\/\/clfled.com\/fr\/produit\/lampe-a-ruban-en-couleur-a-360-degres-neon-flex-numeriquement-adressable-a-tube-de-silicone\/","og_site_name":"Clfled","og_image":[{"width":800,"height":800,"url":"https:\/\/clfled.com\/wp-content\/uploads\/2022\/11\/562.png","type":"image\/png"}],"twitter_card":"summary_large_image","twitter_misc":{"Dur\u00e9e de lecture estim\u00e9e":"1 minute"},"schema":{"@context":"https:\/\/schema.org","@graph":[{"@type":"WebPage","@id":"https:\/\/clfled.com\/fr\/produit\/lampe-a-ruban-en-couleur-a-360-degres-neon-flex-numeriquement-adressable-a-tube-de-silicone\/","url":"https:\/\/clfled.com\/fr\/produit\/lampe-a-ruban-en-couleur-a-360-degres-neon-flex-numeriquement-adressable-a-tube-de-silicone\/","name":"Bande de LEDs en silicone, adressable num\u00e9riquement, \u00e0 360 degr\u00e9s, en couleur, avec n\u00e9on Flex. - Clfled","isPartOf":{"@id":"https:\/\/clfled.com\/fr\/#website"},"datePublished":"2022-11-05T06:03:38+00:00","dateModified":"2022-11-05T06:03:38+00:00","breadcrumb":{"@id":"https:\/\/clfled.com\/fr\/produit\/lampe-a-ruban-en-couleur-a-360-degres-neon-flex-numeriquement-adressable-a-tube-de-silicone\/#breadcrumb"},"inLanguage":"fr-FR","potentialAction":[{"@type":"ReadAction","target":["https:\/\/clfled.com\/fr\/produit\/lampe-a-ruban-en-couleur-a-360-degres-neon-flex-numeriquement-adressable-a-tube-de-silicone\/"]}]},{"@type":"BreadcrumbList","@id":"https:\/\/clfled.com\/fr\/produit\/lampe-a-ruban-en-couleur-a-360-degres-neon-flex-numeriquement-adressable-a-tube-de-silicone\/#breadcrumb","itemListElement":[{"@type":"ListItem","position":1,"name":"HOME","item":"https:\/\/clfled.com\/fr\/"},{"@type":"ListItem","position":2,"name":"Boutique","item":"https:\/\/clfled.com\/fr\/boutique\/"},{"@type":"ListItem","position":3,"name":"Bande de LEDs en silicone, adressable num\u00e9riquement, \u00e0 360 degr\u00e9s, en couleur, avec n\u00e9on Flex."}]},{"@type":"WebSite","@id":"https:\/\/clfled.com\/fr\/#website","url":"https:\/\/clfled.com\/fr\/","name":"Clfled","description":"clfled.com","potentialAction":[{"@type":"SearchAction","target":{"@type":"EntryPoint","urlTemplate":"https:\/\/clfled.com\/fr\/?s={search_term_string}"},"query-input":"required name=search_term_string"}],"inLanguage":"fr-FR"}]}},"_links":{"self":[{"href":"https:\/\/clfled.com\/fr\/wp-json\/wp\/v2\/product\/4155","targetHints":{"allow":["GET"]}}],"collection":[{"href":"https:\/\/clfled.com\/fr\/wp-json\/wp\/v2\/product"}],"about":[{"href":"https:\/\/clfled.com\/fr\/wp-json\/wp\/v2\/types\/product"}],"replies":[{"embeddable":true,"href":"https:\/\/clfled.com\/fr\/wp-json\/wp\/v2\/comments?post=4155"}],"version-history":[{"count":0,"href":"https:\/\/clfled.com\/fr\/wp-json\/wp\/v2\/product\/4155\/revisions"}],"wp:featuredmedia":[{"embeddable":true,"href":"https:\/\/clfled.com\/fr\/wp-json\/wp\/v2\/media\/3253"}],"wp:attachment":[{"href":"https:\/\/clfled.com\/fr\/wp-json\/wp\/v2\/media?parent=4155"}],"wp:term":[{"taxonomy":"product_cat","embeddable":true,"href":"https:\/\/clfled.com\/fr\/wp-json\/wp\/v2\/product_cat?post=4155"},{"taxonomy":"product_tag","embeddable":true,"href":"https:\/\/clfled.com\/fr\/wp-json\/wp\/v2\/product_tag?post=4155"}],"curies":[{"name":"wp","href":"https:\/\/api.w.org\/{rel}","templated":true}]}}