{"id":4117,"date":"2022-11-05T14:00:48","date_gmt":"2022-11-05T06:00:48","guid":{"rendered":"https:\/\/clfled.com\/products\/kits-declairage-ip65-pour-tubes-neon-rgb-a-couleurs-changeantes-pour-linterieur-milky-color\/"},"modified":"2022-11-05T14:00:48","modified_gmt":"2022-11-05T06:00:48","slug":"ip65-indoor-rgb-full-color-changeable-milky-color-neon-tube-light-diy-lighting-kits-2","status":"publish","type":"product","link":"https:\/\/clfled.com\/fr\/produit\/ip65-indoor-rgb-full-color-changeable-milky-color-neon-tube-light-diy-lighting-kits-2\/","title":{"rendered":"Kits d&#8217;\u00e9clairage IP65 pour tubes n\u00e9on RGB \u00e0 couleurs changeantes pour l&#8217;int\u00e9rieur (Milky Color)"},"content":{"rendered":"<p style=\"text-align: center\"><span style=\"text-decoration: underline\"><em><strong><span style=\"font-size: 18px\">Kits d&#8217;\u00e9clairage IP65 pour tubes n\u00e9on RGB \u00e0 couleurs changeantes pour l&#8217;int\u00e9rieur (Milky Color)<\/span><\/strong><\/em><\/span><\/p>\n<p style=\"text-align: left\"><span style=\"text-decoration: underline\"><em><strong><span style=\"font-size: 18px\">Fonctionnalit\u00e9<\/span><\/strong><\/em><\/span><\/p>\n<p style=\"text-align: left\"><span style=\"font-size: 14px\"><em>1. facile \u00e0 installer et \u00e0 contr\u00f4ler ;<\/em><\/span><\/p>\n<p style=\"text-align: left\"><span style=\"font-size: 14px\"><em>2.la bande de n\u00e9on Smart Led peut \u00eatre pli\u00e9e en plusieurs formes ;<\/em><\/span><\/p>\n<p style=\"text-align: left\"><span style=\"font-size: 14px\"><em>3.petite taille du tube n\u00e9on : 08*17mm ;<\/em><\/span><\/p>\n<p style=\"text-align: left\"><span style=\"font-size: 14px\"><em>Ce kit de n\u00e9on peut cr\u00e9er des id\u00e9es de bricolage comme vous le souhaitez.<\/em><\/span><\/p>\n<p style=\"text-align: left\"><span style=\"text-decoration: underline\"><em><strong><span style=\"font-size: 18px\">Application<\/span><\/strong><\/em><\/span><\/p>\n<p style=\"text-align: left\"><span style=\"font-family: arial, helvetica, sans-serif;font-size: 14px\"><em><span style=\"color: #333333;font-weight: 400;background-color: #ffffff;float: none\">1. La d\u00e9coration du b\u00e2timent<\/span><br \/>\n<span style=\"color: #333333;font-weight: 400;background-color: #ffffff;float: none\">2. La d\u00e9coration des bo\u00eetes de nuit, des b\u00e2timents d&#8217;enseignement, etc.  <\/span><br \/>\n<span style=\"color: #333333;font-weight: 400;background-color: #ffffff;float: none\">3. La d\u00e9coration de bateau &#8230; et ainsi de suite.  <\/span><br \/>\n<span style=\"color: #333333;font-weight: 400;background-color: #ffffff;float: none\">4. Utilisation en ext\u00e9rieur ou en int\u00e9rieur. comme Hourse, les arbres de No\u00ebl et ainsi de suite.<\/span><\/em><\/span><\/p>\n<p style=\"text-align: left\"><span style=\"font-family: arial, helvetica, sans-serif;font-size: 14px\"><em><span style=\"color: #333333;font-weight: 400;background-color: #ffffff;float: none\">5. L&#8217;enseigne au n\u00e9on avec de nombreuses formes ect.<\/span><\/em><\/span><\/p>\n<p><img decoding=\"async\" src=\"\/\/sc04.alicdn.com\/kf\/Hc89cfac9570345bba8a483d0b1b314634\/228612101\/Hc89cfac9570345bba8a483d0b1b314634.jpg\" alt=\"Kits d'\u00e9clairage IP65 pour tubes n\u00e9on RGB \u00e0 couleurs changeantes pour l'int\u00e9rieur (Milky Color)\"><\/p>\n<p style=\"text-align: left\"><span style=\"text-decoration: underline\"><em><strong><span style=\"font-size: 18px\">Sp\u00e9cifications<\/span><\/strong><\/em><\/span><\/p>\n<table style=\"margin: 0px;padding: 0px;font-style: normal;font-weight: 400;font-size: 12px;line-height: inherit;font-family: Arial,Helvetica;border-collapse: collapse;width: 750px;color: #333333;background-color: #ffffff;height: 410px\" border=\"1\">\n<tbody>\n<tr style=\"margin: 0px;padding: 0px;font-style: inherit;font-weight: inherit;font-size: 12px;line-height: inherit\">\n<td style=\"margin: 0px;padding: 0px;font-style: inherit;font-weight: 400;font-size: 12px;line-height: inherit;float: none;width: 209px\"><em><span style=\"margin: 0px;padding: 0px;border: 0px;font-style: inherit;font-weight: inherit;font-size: 16px;line-height: 24px;font-family: Calibri, 'zapf dingbats';vertical-align: baseline\">Mod\u00e8le<\/span><\/em><\/td>\n<td style=\"margin: 0px;padding: 0px;font-style: inherit;font-weight: 400;font-size: 12px;line-height: inherit;float: none;width: 534px\"><em><span style=\"margin: 0px;padding: 0px;border: 0px;font-style: inherit;font-weight: inherit;font-size: 16px;line-height: 24px;font-family: Calibri, 'zapf dingbats';vertical-align: baseline\">Kit d&#8217;\u00e9clairage au n\u00e9on Smart Led<\/span><\/em><\/td>\n<\/tr>\n<tr style=\"margin: 0px;padding: 0px;font-style: inherit;font-weight: inherit;font-size: 12px;line-height: inherit\">\n<td style=\"margin: 0px;padding: 0px;font-style: inherit;font-weight: 400;font-size: 12px;line-height: inherit;float: none;width: 209px\"><em><span style=\"margin: 0px;padding: 0px;border: 0px;font-style: inherit;font-weight: inherit;font-size: 16px;line-height: 24px;font-family: Calibri, 'zapf dingbats';vertical-align: baseline\">Led Type<\/span><\/em><\/td>\n<td style=\"margin: 0px;padding: 0px;font-style: inherit;font-weight: 400;font-size: 12px;line-height: inherit;float: none;width: 534px\"><em><span style=\"margin: 0px;padding: 0px;border: 0px;font-style: inherit;font-weight: inherit;font-size: 16px;line-height: 24px;font-family: Calibri, 'zapf dingbats';vertical-align: baseline\">SMD5050RGB<\/span><\/em><\/td>\n<\/tr>\n<tr style=\"margin: 0px;padding: 0px;font-style: inherit;font-weight: inherit;font-size: 12px;line-height: inherit\">\n<td style=\"margin: 0px;padding: 0px;font-style: inherit;font-weight: 400;font-size: 12px;line-height: inherit;float: none;width: 209px\"><em><span style=\"margin: 0px;padding: 0px;border: 0px;font-style: inherit;font-weight: inherit;font-size: 16px;line-height: 24px;font-family: Calibri, 'zapf dingbats';vertical-align: baseline\">Led QTY<\/span><\/em><\/td>\n<td style=\"margin: 0px;padding: 0px;font-style: inherit;font-weight: 400;font-size: 12px;line-height: inherit;float: none;width: 534px\"><em><span style=\"margin: 0px;padding: 0px;border: 0px;font-style: inherit;font-weight: inherit;font-size: 16px;line-height: 24px;font-family: Calibri, 'zapf dingbats';vertical-align: baseline\">84leds\/M<\/span><\/em><\/td>\n<\/tr>\n<tr style=\"margin: 0px;padding: 0px;font-style: inherit;font-weight: inherit;font-size: 12px;line-height: inherit\">\n<td style=\"margin: 0px;padding: 0px;font-style: inherit;font-weight: 400;font-size: 12px;line-height: inherit;float: none;width: 209px\"><span style=\"margin: 0px;padding: 0px;border: 0px;font-style: inherit;font-weight: inherit;font-size: inherit;line-height: 18px;font-family: Calibri, 'zapf dingbats';vertical-align: baseline\"><span style=\"margin: 0px;padding: 0px;border: 0px;font-style: inherit;font-weight: inherit;font-size: 16px;line-height: 24px;vertical-align: baseline\"><em>Couleur Led<\/em><\/span><\/span><\/td>\n<td style=\"margin: 0px;padding: 0px;font-style: inherit;font-weight: 400;font-size: 12px;line-height: inherit;float: none;width: 534px\"><span style=\"margin: 0px;padding: 0px;border: 0px;font-style: inherit;font-weight: inherit;font-size: inherit;line-height: 18px;font-family: Calibri, 'zapf dingbats';vertical-align: baseline\"><span style=\"margin: 0px;padding: 0px;border: 0px;font-style: inherit;font-weight: inherit;font-size: 16px;line-height: 24px;vertical-align: baseline\"><em>Couleur RGB<\/em><\/span><\/span><\/td>\n<\/tr>\n<tr style=\"margin: 0px;padding: 0px;font-style: inherit;font-weight: inherit;font-size: 12px;line-height: inherit\">\n<td style=\"margin: 0px;padding: 0px;font-style: inherit;font-weight: 400;font-size: 12px;line-height: inherit;float: none;width: 209px\"><em><span style=\"margin: 0px;padding: 0px;border: 0px;font-style: inherit;font-weight: inherit;font-size: 16px;line-height: 24px;font-family: Calibri, 'zapf dingbats';vertical-align: baseline\">Tension<\/span><\/em><\/td>\n<td style=\"margin: 0px;padding: 0px;font-style: inherit;font-weight: 400;font-size: 12px;line-height: inherit;float: none;width: 534px\"><em><span style=\"margin: 0px;padding: 0px;border: 0px;font-style: inherit;font-weight: inherit;font-size: 16px;line-height: 24px;font-family: Calibri, 'zapf dingbats';vertical-align: baseline\">DC24V<\/span><\/em><\/td>\n<\/tr>\n<tr style=\"margin: 0px;padding: 0px;font-style: inherit;font-weight: inherit;font-size: 12px;line-height: inherit\">\n<td style=\"margin: 0px;padding: 0px;font-style: inherit;font-weight: 400;font-size: 12px;line-height: inherit;float: none;width: 209px\"><em><span style=\"margin: 0px;padding: 0px;border: 0px;font-style: inherit;font-weight: inherit;font-size: 16px;line-height: 24px;font-family: Calibri, 'zapf dingbats';vertical-align: baseline\">Puissance<\/span><\/em><\/td>\n<td style=\"margin: 0px;padding: 0px;font-style: inherit;font-weight: 400;font-size: 12px;line-height: inherit;float: none;width: 534px\"><em><span style=\"margin: 0px;padding: 0px;border: 0px;font-style: inherit;font-weight: inherit;font-size: 16px;line-height: 24px;font-family: Calibri, 'zapf dingbats';vertical-align: baseline\">12W\/M, puissance totale de 24 watts<\/span><\/em><\/td>\n<\/tr>\n<tr style=\"margin: 0px;padding: 0px;font-style: inherit;font-weight: inherit;font-size: 12px;line-height: inherit\">\n<td style=\"margin: 0px;padding: 0px;font-style: inherit;font-weight: 400;font-size: 12px;line-height: inherit;float: none;width: 209px\"><em><span style=\"margin: 0px;padding: 0px;border: 0px;font-style: inherit;font-weight: inherit;font-size: 16px;line-height: 24px;font-family: Calibri, 'zapf dingbats';vertical-align: baseline\">Taille du tube<\/span><\/em><\/td>\n<td style=\"margin: 0px;padding: 0px;font-style: inherit;font-weight: 400;font-size: 12px;line-height: inherit;float: none;width: 534px\"><em><span style=\"margin: 0px;padding: 0px;border: 0px;font-style: inherit;font-weight: inherit;font-size: 16px;line-height: 24px;font-family: Calibri, 'zapf dingbats';vertical-align: baseline\">08*17mm<\/span><\/em><\/td>\n<\/tr>\n<tr style=\"margin: 0px;padding: 0px;font-style: inherit;font-weight: inherit;font-size: 12px;line-height: inherit\">\n<td style=\"margin: 0px;padding: 0px;font-style: inherit;font-weight: 400;font-size: 12px;line-height: inherit;float: none;width: 209px\"><em><span style=\"margin: 0px;padding: 0px;border: 0px;font-style: inherit;font-weight: inherit;font-size: 16px;line-height: 24px;font-family: Calibri, 'zapf dingbats';vertical-align: baseline\">Article du paquet<\/span><\/em><\/td>\n<td style=\"margin: 0px;padding: 0px;font-style: inherit;font-weight: 400;font-size: 12px;line-height: inherit;float: none;width: 534px\"><em><span style=\"margin: 0px;padding: 0px;border: 0px;font-style: inherit;font-weight: inherit;font-size: 16px;line-height: 24px;font-family: Calibri, 'zapf dingbats';vertical-align: baseline\">2M de n\u00e9ons \u00e0 DEL\/1 adaptateur de courant \u00e0 DEL\/1 contr\u00f4leur \u00e0 DEL\/1 manuel d&#8217;utilisation\/10 supports de fixation<\/span><\/em><\/td>\n<\/tr>\n<\/tbody>\n<\/table>\n<p style=\"text-align: left\"><span style=\"text-decoration: underline\"><em><strong><span style=\"font-size: 18px\"><img fetchpriority=\"high\" decoding=\"async\" src=\"\/\/sc04.alicdn.com\/kf\/H572755d6ac38444485c364bf3b680596q\/228612101\/H572755d6ac38444485c364bf3b680596q.png\" alt=\"Kits d'\u00e9clairage IP65 pour tubes n\u00e9on RGB \u00e0 couleurs changeantes pour l'int\u00e9rieur (Milky Color)\" width=\"750\" height=\"400\"><\/span><\/strong><\/em><\/span><\/p>\n<p>Pr\u00e9sentation du produit<\/p>\n<p><img decoding=\"async\" src=\"\/\/sc04.alicdn.com\/kf\/H4a9f2bf0da0a4c9ba84242ceea208269A\/228612101\/H4a9f2bf0da0a4c9ba84242ceea208269A.jpg\" alt=\"Kits d'\u00e9clairage IP65 pour tubes n\u00e9on RGB \u00e0 couleurs changeantes pour l'int\u00e9rieur (Milky Color)\" width=\"750\" height=\"1379\"><\/p>\n<p style=\"text-align: left\">\n","protected":false},"excerpt":{"rendered":"<p>Kits d&#8217;\u00e9clairage IP65 pour tubes n\u00e9on RGB \u00e0 couleurs changeantes pour l&#8217;int\u00e9rieur (Milky Color) Fonctionnalit\u00e9 1. facile \u00e0 installer et<\/p>\n","protected":false},"featured_media":2585,"comment_status":"open","ping_status":"closed","template":"","meta":[],"product_cat":[152],"product_tag":[],"class_list":["post-4117","product","type-product","status-publish","has-post-thumbnail","hentry","product_cat-bande-lumineuse-a-led-neon"],"yoast_head":"<!-- This site is optimized with the Yoast SEO Premium plugin v21.0 (Yoast SEO v21.0) - https:\/\/yoast.com\/wordpress\/plugins\/seo\/ -->\n<title>Kits d&#039;\u00e9clairage IP65 pour tubes n\u00e9on RGB \u00e0 couleurs changeantes pour l&#039;int\u00e9rieur (Milky Color) - Clfled<\/title>\n<meta name=\"robots\" content=\"index, follow, max-snippet:-1, max-image-preview:large, max-video-preview:-1\" \/>\n<link rel=\"canonical\" href=\"https:\/\/clfled.com\/fr\/produit\/ip65-indoor-rgb-full-color-changeable-milky-color-neon-tube-light-diy-lighting-kits-2\/\" \/>\n<meta property=\"og:locale\" content=\"fr_FR\" \/>\n<meta property=\"og:type\" content=\"article\" \/>\n<meta property=\"og:title\" content=\"Kits d&#039;\u00e9clairage IP65 pour tubes n\u00e9on RGB \u00e0 couleurs changeantes pour l&#039;int\u00e9rieur (Milky Color)\" \/>\n<meta property=\"og:description\" content=\"Kits d&#8217;\u00e9clairage IP65 pour tubes n\u00e9on RGB \u00e0 couleurs changeantes pour l&#8217;int\u00e9rieur (Milky Color) Fonctionnalit\u00e9 1. facile \u00e0 installer et\" \/>\n<meta property=\"og:url\" content=\"https:\/\/clfled.com\/fr\/produit\/ip65-indoor-rgb-full-color-changeable-milky-color-neon-tube-light-diy-lighting-kits-2\/\" \/>\n<meta property=\"og:site_name\" content=\"Clfled\" \/>\n<meta property=\"og:image\" content=\"https:\/\/clfled.com\/wp-content\/uploads\/2022\/11\/\u4e3b\u56fe5-1.jpg\" \/>\n\t<meta property=\"og:image:width\" content=\"800\" \/>\n\t<meta property=\"og:image:height\" content=\"800\" \/>\n\t<meta property=\"og:image:type\" content=\"image\/jpeg\" \/>\n<meta name=\"twitter:card\" content=\"summary_large_image\" \/>\n<meta name=\"twitter:label1\" content=\"Dur\u00e9e de lecture estim\u00e9e\" \/>\n\t<meta name=\"twitter:data1\" content=\"1 minute\" \/>\n<script type=\"application\/ld+json\" class=\"yoast-schema-graph\">{\"@context\":\"https:\/\/schema.org\",\"@graph\":[{\"@type\":\"WebPage\",\"@id\":\"https:\/\/clfled.com\/fr\/produit\/ip65-indoor-rgb-full-color-changeable-milky-color-neon-tube-light-diy-lighting-kits-2\/\",\"url\":\"https:\/\/clfled.com\/fr\/produit\/ip65-indoor-rgb-full-color-changeable-milky-color-neon-tube-light-diy-lighting-kits-2\/\",\"name\":\"Kits d'\u00e9clairage IP65 pour tubes n\u00e9on RGB \u00e0 couleurs changeantes pour l'int\u00e9rieur (Milky Color) - Clfled\",\"isPartOf\":{\"@id\":\"https:\/\/clfled.com\/fr\/#website\"},\"datePublished\":\"2022-11-05T06:00:48+00:00\",\"dateModified\":\"2022-11-05T06:00:48+00:00\",\"breadcrumb\":{\"@id\":\"https:\/\/clfled.com\/fr\/produit\/ip65-indoor-rgb-full-color-changeable-milky-color-neon-tube-light-diy-lighting-kits-2\/#breadcrumb\"},\"inLanguage\":\"fr-FR\",\"potentialAction\":[{\"@type\":\"ReadAction\",\"target\":[\"https:\/\/clfled.com\/fr\/produit\/ip65-indoor-rgb-full-color-changeable-milky-color-neon-tube-light-diy-lighting-kits-2\/\"]}]},{\"@type\":\"BreadcrumbList\",\"@id\":\"https:\/\/clfled.com\/fr\/produit\/ip65-indoor-rgb-full-color-changeable-milky-color-neon-tube-light-diy-lighting-kits-2\/#breadcrumb\",\"itemListElement\":[{\"@type\":\"ListItem\",\"position\":1,\"name\":\"HOME\",\"item\":\"https:\/\/clfled.com\/fr\/\"},{\"@type\":\"ListItem\",\"position\":2,\"name\":\"Boutique\",\"item\":\"https:\/\/clfled.com\/fr\/boutique\/\"},{\"@type\":\"ListItem\",\"position\":3,\"name\":\"Kits d&#8217;\u00e9clairage IP65 pour tubes n\u00e9on RGB \u00e0 couleurs changeantes pour l&#8217;int\u00e9rieur (Milky Color)\"}]},{\"@type\":\"WebSite\",\"@id\":\"https:\/\/clfled.com\/fr\/#website\",\"url\":\"https:\/\/clfled.com\/fr\/\",\"name\":\"Clfled\",\"description\":\"clfled.com\",\"potentialAction\":[{\"@type\":\"SearchAction\",\"target\":{\"@type\":\"EntryPoint\",\"urlTemplate\":\"https:\/\/clfled.com\/fr\/?s={search_term_string}\"},\"query-input\":\"required name=search_term_string\"}],\"inLanguage\":\"fr-FR\"}]}<\/script>\n<!-- \/ Yoast SEO Premium plugin. -->","yoast_head_json":{"title":"Kits d'\u00e9clairage IP65 pour tubes n\u00e9on RGB \u00e0 couleurs changeantes pour l'int\u00e9rieur (Milky Color) - Clfled","robots":{"index":"index","follow":"follow","max-snippet":"max-snippet:-1","max-image-preview":"max-image-preview:large","max-video-preview":"max-video-preview:-1"},"canonical":"https:\/\/clfled.com\/fr\/produit\/ip65-indoor-rgb-full-color-changeable-milky-color-neon-tube-light-diy-lighting-kits-2\/","og_locale":"fr_FR","og_type":"article","og_title":"Kits d'\u00e9clairage IP65 pour tubes n\u00e9on RGB \u00e0 couleurs changeantes pour l'int\u00e9rieur (Milky Color)","og_description":"Kits d&#8217;\u00e9clairage IP65 pour tubes n\u00e9on RGB \u00e0 couleurs changeantes pour l&#8217;int\u00e9rieur (Milky Color) Fonctionnalit\u00e9 1. facile \u00e0 installer et","og_url":"https:\/\/clfled.com\/fr\/produit\/ip65-indoor-rgb-full-color-changeable-milky-color-neon-tube-light-diy-lighting-kits-2\/","og_site_name":"Clfled","og_image":[{"width":800,"height":800,"url":"https:\/\/clfled.com\/wp-content\/uploads\/2022\/11\/\u4e3b\u56fe5-1.jpg","type":"image\/jpeg"}],"twitter_card":"summary_large_image","twitter_misc":{"Dur\u00e9e de lecture estim\u00e9e":"1 minute"},"schema":{"@context":"https:\/\/schema.org","@graph":[{"@type":"WebPage","@id":"https:\/\/clfled.com\/fr\/produit\/ip65-indoor-rgb-full-color-changeable-milky-color-neon-tube-light-diy-lighting-kits-2\/","url":"https:\/\/clfled.com\/fr\/produit\/ip65-indoor-rgb-full-color-changeable-milky-color-neon-tube-light-diy-lighting-kits-2\/","name":"Kits d'\u00e9clairage IP65 pour tubes n\u00e9on RGB \u00e0 couleurs changeantes pour l'int\u00e9rieur (Milky Color) - Clfled","isPartOf":{"@id":"https:\/\/clfled.com\/fr\/#website"},"datePublished":"2022-11-05T06:00:48+00:00","dateModified":"2022-11-05T06:00:48+00:00","breadcrumb":{"@id":"https:\/\/clfled.com\/fr\/produit\/ip65-indoor-rgb-full-color-changeable-milky-color-neon-tube-light-diy-lighting-kits-2\/#breadcrumb"},"inLanguage":"fr-FR","potentialAction":[{"@type":"ReadAction","target":["https:\/\/clfled.com\/fr\/produit\/ip65-indoor-rgb-full-color-changeable-milky-color-neon-tube-light-diy-lighting-kits-2\/"]}]},{"@type":"BreadcrumbList","@id":"https:\/\/clfled.com\/fr\/produit\/ip65-indoor-rgb-full-color-changeable-milky-color-neon-tube-light-diy-lighting-kits-2\/#breadcrumb","itemListElement":[{"@type":"ListItem","position":1,"name":"HOME","item":"https:\/\/clfled.com\/fr\/"},{"@type":"ListItem","position":2,"name":"Boutique","item":"https:\/\/clfled.com\/fr\/boutique\/"},{"@type":"ListItem","position":3,"name":"Kits d&#8217;\u00e9clairage IP65 pour tubes n\u00e9on RGB \u00e0 couleurs changeantes pour l&#8217;int\u00e9rieur (Milky Color)"}]},{"@type":"WebSite","@id":"https:\/\/clfled.com\/fr\/#website","url":"https:\/\/clfled.com\/fr\/","name":"Clfled","description":"clfled.com","potentialAction":[{"@type":"SearchAction","target":{"@type":"EntryPoint","urlTemplate":"https:\/\/clfled.com\/fr\/?s={search_term_string}"},"query-input":"required name=search_term_string"}],"inLanguage":"fr-FR"}]}},"_links":{"self":[{"href":"https:\/\/clfled.com\/fr\/wp-json\/wp\/v2\/product\/4117","targetHints":{"allow":["GET"]}}],"collection":[{"href":"https:\/\/clfled.com\/fr\/wp-json\/wp\/v2\/product"}],"about":[{"href":"https:\/\/clfled.com\/fr\/wp-json\/wp\/v2\/types\/product"}],"replies":[{"embeddable":true,"href":"https:\/\/clfled.com\/fr\/wp-json\/wp\/v2\/comments?post=4117"}],"version-history":[{"count":0,"href":"https:\/\/clfled.com\/fr\/wp-json\/wp\/v2\/product\/4117\/revisions"}],"wp:featuredmedia":[{"embeddable":true,"href":"https:\/\/clfled.com\/fr\/wp-json\/wp\/v2\/media\/2585"}],"wp:attachment":[{"href":"https:\/\/clfled.com\/fr\/wp-json\/wp\/v2\/media?parent=4117"}],"wp:term":[{"taxonomy":"product_cat","embeddable":true,"href":"https:\/\/clfled.com\/fr\/wp-json\/wp\/v2\/product_cat?post=4117"},{"taxonomy":"product_tag","embeddable":true,"href":"https:\/\/clfled.com\/fr\/wp-json\/wp\/v2\/product_tag?post=4117"}],"curies":[{"name":"wp","href":"https:\/\/api.w.org\/{rel}","templated":true}]}}