{"id":4089,"date":"2022-11-05T14:01:13","date_gmt":"2022-11-05T06:01:13","guid":{"rendered":"https:\/\/clfled.com\/products\/bande-numerique-dream-color-ucs1903ic-controle-dc24v-flexible-neon-tube-led-light\/"},"modified":"2022-11-05T14:01:13","modified_gmt":"2022-11-05T06:01:13","slug":"dream-color-digital-strip-ucs1903ic-control-dc24v-flexible-neon-tube-led-light","status":"publish","type":"product","link":"https:\/\/clfled.com\/fr\/produit\/dream-color-digital-strip-ucs1903ic-control-dc24v-flexible-neon-tube-led-light\/","title":{"rendered":"Bande num\u00e9rique Dream Color UCS1903IC Contr\u00f4le DC24V Flexible Neon Tube Led Light"},"content":{"rendered":"<p style=\"text-align: center\"><span style=\"text-decoration: underline;font-family: Calibri, 'zapf dingbats'\"><em><strong><span style=\"font-size: 24px\">Bande num\u00e9rique Dream Color UCS1903IC Contr\u00f4le DC24V Flexible Neon Tube Led Light<\/span><\/strong><\/em><\/span><\/p>\n<p style=\"text-align: left\"><span style=\"text-decoration: underline;font-family: Calibri, 'zapf dingbats'\"><em><span style=\"margin: 0px;padding: 0px;border: 0px;font-weight: inherit;font-size: 24px;line-height: 21px;vertical-align: baseline\"><strong>Fonctionnalit\u00e9<\/strong><\/span><\/em><\/span><\/p>\n<p style=\"margin: 0px;padding: 0px;border: 0px;font-style: inherit;font-weight: inherit;font-size: inherit;line-height: inherit;vertical-align: baseline\"><em><span style=\"margin: 0px;padding: 0px;border: 0px;font-weight: inherit;font-size: 16px;line-height: 21px;font-family: Calibri, 'zapf dingbats';vertical-align: baseline\">1. Bande de Led RGB\/Simple Couleur \u00e0 l&#8217;int\u00e9rieur&#8211;10mm de largeur.  <\/span><\/em><\/p>\n<p style=\"margin: 0px;padding: 0px;border: 0px;font-style: inherit;font-weight: inherit;font-size: inherit;line-height: inherit;vertical-align: baseline\"><em><span style=\"margin: 0px;padding: 0px;border: 0px;font-weight: inherit;font-size: 16px;line-height: 21px;font-family: Calibri, 'zapf dingbats';vertical-align: baseline\">2.No Dark Area Neon Flex Led Strip Light.<\/span><\/em><\/p>\n<p style=\"margin: 0px;padding: 0px;border: 0px;font-style: inherit;font-weight: inherit;font-size: inherit;line-height: inherit;vertical-align: baseline\"><em><span style=\"margin: 0px;padding: 0px;border: 0px;font-weight: inherit;font-size: 16px;line-height: 21px;font-family: Calibri, 'zapf dingbats';vertical-align: baseline\">3. Le grade IP obtient l&#8217;IP67. le couvercle du tube. peut \u00eatre install\u00e9 \u00e0 l&#8217;ext\u00e9rieur.<\/span><\/em><\/p>\n<p style=\"margin: 0px;padding: 0px;border: 0px;font-style: inherit;font-weight: inherit;font-size: inherit;line-height: inherit;vertical-align: baseline\"><em><span style=\"margin: 0px;padding: 0px;border: 0px;font-weight: inherit;font-size: 16px;line-height: 21px;font-family: Calibri, 'zapf dingbats';vertical-align: baseline\">4.DC5-24V Tension de fonctionnement. S\u00fbr et propre.  <\/span><\/em><\/p>\n<p style=\"margin: 0px;padding: 0px;border: 0px;font-style: inherit;font-weight: inherit;font-size: inherit;line-height: inherit;vertical-align: baseline\"><em><span style=\"margin: 0px;padding: 0px;border: 0px;font-weight: inherit;font-size: 16px;line-height: 21px;font-family: Calibri, 'zapf dingbats';vertical-align: baseline\">5. Avec c\u00e2ble \u00e9tanche ou c\u00e2bles 2pin\/3Pin\/4Pin<\/span><\/em><\/p>\n<p style=\"margin: 0px;padding: 0px;border: 0px;font-style: inherit;font-weight: inherit;font-size: inherit;line-height: inherit;vertical-align: baseline\"><em><span style=\"margin: 0px;padding: 0px;border: 0px;font-weight: inherit;font-size: 16px;line-height: 21px;font-family: Calibri, 'zapf dingbats';vertical-align: baseline\">6.peut travailler avec le contr\u00f4leur de carte SD, obtenir l&#8217;effet de clignotement.<\/span><\/em><\/p>\n<p style=\"margin: 0px;padding: 0px;border: 0px;font-style: inherit;font-weight: inherit;font-size: inherit;line-height: inherit;vertical-align: baseline;text-align: center\"><span style=\"text-decoration: underline;font-family: Calibri, 'zapf dingbats'\"><em><strong><span style=\"font-size: 24px\">Sp\u00e9cifications<\/span><\/strong><\/em><\/span><\/p>\n<table style=\"border-collapse: collapse;background-color: #ffffff;width: 750px;height: 410px\" border=\"1\">\n<tbody>\n<tr>\n<td style=\"width: 209px\"><em><span style=\"font-family: Calibri, 'zapf dingbats';font-size: 16px\">Mod\u00e8le<\/span><\/em><\/td>\n<td style=\"width: 534px\"><em><span style=\"font-family: Calibri, 'zapf dingbats';font-size: 16px\">Lampe \u00e0 n\u00e9on&#8211;UCS1903<\/span><\/em><\/td>\n<\/tr>\n<tr>\n<td style=\"width: 209px\"><em><span style=\"font-family: Calibri, 'zapf dingbats';font-size: 16px\">Led Type<\/span><\/em><\/td>\n<td style=\"width: 534px\"><em><span style=\"font-family: Calibri, 'zapf dingbats';font-size: 16px\">SMD5050RGB<\/span><\/em><\/td>\n<\/tr>\n<tr>\n<td style=\"width: 209px\"><em><span style=\"font-family: Calibri, 'zapf dingbats';font-size: 16px\">Led QTY<\/span><\/em><\/td>\n<td style=\"width: 534px\"><em><span style=\"font-family: Calibri, 'zapf dingbats';font-size: 16px\">60leds\/M<\/span><\/em><\/td>\n<\/tr>\n<tr>\n<td style=\"width: 209px\"><span style=\"font-family: Calibri, 'zapf dingbats'\"><span style=\"font-size: 16px\"><em>Couleur Led<\/em><\/span><\/span><\/td>\n<td style=\"width: 534px\"><span style=\"font-family: Calibri, 'zapf dingbats'\"><span style=\"font-size: 16px\"><em>Couleur RGB<\/em><\/span><\/span><\/td>\n<\/tr>\n<tr>\n<td style=\"width: 209px\"><span style=\"font-family: Calibri, 'zapf dingbats'\"><span style=\"font-size: 16px\"><em>QT\u00c9 IC<\/em><\/span><\/span><\/td>\n<td style=\"width: 534px\"><em><span style=\"font-family: Calibri, 'zapf dingbats';font-size: 16px\">10pcs\/M<\/span><\/em><\/td>\n<\/tr>\n<tr>\n<td style=\"width: 209px\"><span style=\"font-family: Calibri, 'zapf dingbats'\"><span style=\"font-size: 16px\"><em>Type de CI<\/em><\/span><\/span><\/td>\n<td style=\"width: 534px\"><em><span style=\"font-family: Calibri, 'zapf dingbats';font-size: 16px\">UCS1903\/SM16703\/WS2811<\/span><\/em><\/td>\n<\/tr>\n<tr>\n<td style=\"width: 209px\"><em><span style=\"font-family: Calibri, 'zapf dingbats';font-size: 16px\">Tension<\/span><\/em><\/td>\n<td style=\"width: 534px\"><em><span style=\"font-family: Calibri, 'zapf dingbats';font-size: 16px\">DC24V<\/span><\/em><\/td>\n<\/tr>\n<tr>\n<td style=\"width: 209px\"><em><span style=\"font-family: Calibri, 'zapf dingbats';font-size: 16px\">Puissance<\/span><\/em><\/td>\n<td style=\"width: 534px\"><em><span style=\"font-family: Calibri, 'zapf dingbats';font-size: 16px\">14.4W\/M<\/span><\/em><\/td>\n<\/tr>\n<tr>\n<td style=\"width: 209px\"><em><span style=\"font-family: Calibri, 'zapf dingbats';font-size: 16px\">PCB Wdith<\/span><\/em><\/td>\n<td style=\"width: 534px\"><em><span style=\"font-family: Calibri, 'zapf dingbats';font-size: 16px\">10 mm<\/span><\/em><\/td>\n<\/tr>\n<tr>\n<td style=\"width: 209px\"><em><span style=\"font-family: Calibri, 'zapf dingbats';font-size: 16px\">Couleur du PCB<\/span><\/em><\/td>\n<td style=\"width: 534px\"><em><span style=\"font-family: Calibri, 'zapf dingbats';font-size: 16px\">Blanc<\/span><\/em><\/td>\n<\/tr>\n<tr>\n<td style=\"width: 209px\"><em><span style=\"font-family: Calibri, 'zapf dingbats';font-size: 16px\">Taille du tube<\/span><\/em><\/td>\n<td style=\"width: 534px\"><em><span style=\"font-family: Calibri, 'zapf dingbats';font-size: 16px\">10*25mm<\/span><\/em><\/td>\n<\/tr>\n<\/tbody>\n<\/table>\n<p style=\"text-align: center\"><span style=\"text-decoration: underline;font-family: Calibri, 'zapf dingbats'\"><em><strong><span style=\"font-size: 24px\">D\u00e9tails du produit<\/span><\/strong><\/em><\/span><\/p>\n<p><em><span style=\"font-family: Calibri, 'zapf dingbats';font-size: 16px\"> <\/span><\/em><\/p>\n<p><em><span style=\"font-family: Calibri, 'zapf dingbats';font-size: 16px\">Le tube n\u00e9on est un tube en silicone \u00e9tanche IP67 : bande de LED + c\u00e2ble de tube n\u00e9on.<\/span><\/em><\/p>\n<p><em><span style=\"font-family: Calibri, 'zapf dingbats';font-size: 16px\">Il peut s&#8217;adapter aux bandes de DEL de 5\/6\/8\/10 mm de largeur.<\/span><\/em><\/p>\n<p><em><span style=\"font-family: Calibri, 'zapf dingbats';font-size: 16px\">Bande \u00e0 DEL RVB\/unique<\/span><\/em><\/p>\n<p><img fetchpriority=\"high\" decoding=\"async\" src=\"\/\/sc02.alicdn.com\/kf\/HTB1Vq9wO3HqK1RjSZJn762NLpXaT\/228612101\/HTB1Vq9wO3HqK1RjSZJn762NLpXaT.png\" width=\"746\" height=\"98\"><\/p>\n<p><img decoding=\"async\" src=\"\/\/sc01.alicdn.com\/kf\/HTB1wiGkO3DqK1RjSZSyq6yxEVXaO\/228612101\/HTB1wiGkO3DqK1RjSZSyq6yxEVXaO.jpg\" alt=\"Bande num\u00e9rique Dream Color UCS1903IC Contr\u00f4le DC24V Flexible Neon Tube Led Light\" width=\"749\" height=\"563\"><br \/>\n<img decoding=\"async\" src=\"\/\/sc02.alicdn.com\/kf\/HTB1EW5qO5rpK1RjSZFhq6xSdXXa7\/228612101\/HTB1EW5qO5rpK1RjSZFhq6xSdXXa7.jpg\" alt=\"Bande num\u00e9rique Dream Color UCS1903IC Contr\u00f4le DC24V Flexible Neon Tube Led Light\" width=\"749\" height=\"563\"><\/p>\n<p><img loading=\"lazy\" decoding=\"async\" class=\"alignnone wp-image-785\" src=\"https:\/\/clfled.com\/wp-content\/uploads\/2022\/11\/H015d49cc4ce64785b01567212fd776b10-271x300.webp\" alt=\"\" width=\"752\" height=\"832\" srcset=\"https:\/\/clfled.com\/wp-content\/uploads\/2022\/11\/H015d49cc4ce64785b01567212fd776b10-271x300.webp 271w, https:\/\/clfled.com\/wp-content\/uploads\/2022\/11\/H015d49cc4ce64785b01567212fd776b10-500x554.webp 500w, https:\/\/clfled.com\/wp-content\/uploads\/2022\/11\/H015d49cc4ce64785b01567212fd776b10-150x166.webp 150w\" sizes=\"(max-width: 752px) 100vw, 752px\" \/> <img loading=\"lazy\" decoding=\"async\" class=\"alignnone wp-image-786\" src=\"https:\/\/clfled.com\/wp-content\/uploads\/2022\/11\/H53c582fe98074b008fabe1f9be4f9a84h-300x300.webp\" alt=\"\" width=\"747\" height=\"747\" srcset=\"https:\/\/clfled.com\/wp-content\/uploads\/2022\/11\/H53c582fe98074b008fabe1f9be4f9a84h-300x300.webp 300w, https:\/\/clfled.com\/wp-content\/uploads\/2022\/11\/H53c582fe98074b008fabe1f9be4f9a84h-500x501.webp 500w, https:\/\/clfled.com\/wp-content\/uploads\/2022\/11\/H53c582fe98074b008fabe1f9be4f9a84h-150x150.webp 150w, https:\/\/clfled.com\/wp-content\/uploads\/2022\/11\/H53c582fe98074b008fabe1f9be4f9a84h-600x600.webp 600w\" sizes=\"(max-width: 747px) 100vw, 747px\" \/> <img loading=\"lazy\" decoding=\"async\" class=\"alignnone wp-image-787\" src=\"https:\/\/clfled.com\/wp-content\/uploads\/2022\/11\/H7686fc08722f4d49873474721eeaabf2O-300x300.webp\" alt=\"\" width=\"744\" height=\"744\" srcset=\"https:\/\/clfled.com\/wp-content\/uploads\/2022\/11\/H7686fc08722f4d49873474721eeaabf2O-300x300.webp 300w, https:\/\/clfled.com\/wp-content\/uploads\/2022\/11\/H7686fc08722f4d49873474721eeaabf2O-500x500.webp 500w, https:\/\/clfled.com\/wp-content\/uploads\/2022\/11\/H7686fc08722f4d49873474721eeaabf2O-150x150.webp 150w, https:\/\/clfled.com\/wp-content\/uploads\/2022\/11\/H7686fc08722f4d49873474721eeaabf2O-700x700.webp 700w, https:\/\/clfled.com\/wp-content\/uploads\/2022\/11\/H7686fc08722f4d49873474721eeaabf2O-1024x1024.webp 1024w, https:\/\/clfled.com\/wp-content\/uploads\/2022\/11\/H7686fc08722f4d49873474721eeaabf2O-768x768.webp 768w, https:\/\/clfled.com\/wp-content\/uploads\/2022\/11\/H7686fc08722f4d49873474721eeaabf2O-600x600.webp 600w, https:\/\/clfled.com\/wp-content\/uploads\/2022\/11\/H7686fc08722f4d49873474721eeaabf2O.webp 1050w\" sizes=\"(max-width: 744px) 100vw, 744px\" \/> <img loading=\"lazy\" decoding=\"async\" class=\"alignnone wp-image-788\" src=\"https:\/\/clfled.com\/wp-content\/uploads\/2022\/11\/H18667b9743fc4d6498867c7eba35d1f9h-214x300.webp\" alt=\"\" width=\"754\" height=\"1058\" srcset=\"https:\/\/clfled.com\/wp-content\/uploads\/2022\/11\/H18667b9743fc4d6498867c7eba35d1f9h-214x300.webp 214w, https:\/\/clfled.com\/wp-content\/uploads\/2022\/11\/H18667b9743fc4d6498867c7eba35d1f9h-500x702.webp 500w, https:\/\/clfled.com\/wp-content\/uploads\/2022\/11\/H18667b9743fc4d6498867c7eba35d1f9h-150x211.webp 150w, https:\/\/clfled.com\/wp-content\/uploads\/2022\/11\/H18667b9743fc4d6498867c7eba35d1f9h-700x983.webp 700w, https:\/\/clfled.com\/wp-content\/uploads\/2022\/11\/H18667b9743fc4d6498867c7eba35d1f9h-729x1024.webp 729w, https:\/\/clfled.com\/wp-content\/uploads\/2022\/11\/H18667b9743fc4d6498867c7eba35d1f9h.webp 750w\" sizes=\"(max-width: 754px) 100vw, 754px\" \/>  <img loading=\"lazy\" decoding=\"async\" class=\"alignnone wp-image-790\" src=\"https:\/\/clfled.com\/wp-content\/uploads\/2022\/11\/He062233dec994759afd60b6fe1657fe1a-300x292.webp\" alt=\"\" width=\"725\" height=\"705\" srcset=\"https:\/\/clfled.com\/wp-content\/uploads\/2022\/11\/He062233dec994759afd60b6fe1657fe1a-300x292.webp 300w, https:\/\/clfled.com\/wp-content\/uploads\/2022\/11\/He062233dec994759afd60b6fe1657fe1a-500x486.webp 500w, https:\/\/clfled.com\/wp-content\/uploads\/2022\/11\/He062233dec994759afd60b6fe1657fe1a-150x146.webp 150w, https:\/\/clfled.com\/wp-content\/uploads\/2022\/11\/He062233dec994759afd60b6fe1657fe1a-700x680.webp 700w, https:\/\/clfled.com\/wp-content\/uploads\/2022\/11\/He062233dec994759afd60b6fe1657fe1a.webp 750w\" sizes=\"(max-width: 725px) 100vw, 725px\" \/><\/p>\n<p>&nbsp;<\/p>\n","protected":false},"excerpt":{"rendered":"<p>Bande num\u00e9rique Dream Color UCS1903IC Contr\u00f4le DC24V Flexible Neon Tube Led Light Fonctionnalit\u00e9 1. Bande de Led RGB\/Simple Couleur \u00e0<\/p>\n","protected":false},"featured_media":2605,"comment_status":"open","ping_status":"closed","template":"","meta":[],"product_cat":[152],"product_tag":[],"class_list":["post-4089","product","type-product","status-publish","has-post-thumbnail","hentry","product_cat-bande-lumineuse-a-led-neon"],"yoast_head":"<!-- This site is optimized with the Yoast SEO Premium plugin v21.0 (Yoast SEO v21.0) - https:\/\/yoast.com\/wordpress\/plugins\/seo\/ -->\n<title>Bande num\u00e9rique Dream Color UCS1903IC Contr\u00f4le DC24V Flexible Neon Tube Led Light - Clfled<\/title>\n<meta name=\"robots\" content=\"index, follow, max-snippet:-1, max-image-preview:large, max-video-preview:-1\" \/>\n<link rel=\"canonical\" href=\"https:\/\/clfled.com\/fr\/produit\/dream-color-digital-strip-ucs1903ic-control-dc24v-flexible-neon-tube-led-light\/\" \/>\n<meta property=\"og:locale\" content=\"fr_FR\" \/>\n<meta property=\"og:type\" content=\"article\" \/>\n<meta property=\"og:title\" content=\"Bande num\u00e9rique Dream Color UCS1903IC Contr\u00f4le DC24V Flexible Neon Tube Led Light\" \/>\n<meta property=\"og:description\" content=\"Bande num\u00e9rique Dream Color UCS1903IC Contr\u00f4le DC24V Flexible Neon Tube Led Light Fonctionnalit\u00e9 1. Bande de Led RGB\/Simple Couleur \u00e0\" \/>\n<meta property=\"og:url\" content=\"https:\/\/clfled.com\/fr\/produit\/dream-color-digital-strip-ucs1903ic-control-dc24v-flexible-neon-tube-led-light\/\" \/>\n<meta property=\"og:site_name\" content=\"Clfled\" \/>\n<meta property=\"og:image\" content=\"https:\/\/clfled.com\/wp-content\/uploads\/2022\/11\/Hacbbf837cff14d8096dea121d95e081eA.webp\" \/>\n\t<meta property=\"og:image:width\" content=\"1050\" \/>\n\t<meta property=\"og:image:height\" content=\"1050\" \/>\n\t<meta property=\"og:image:type\" content=\"image\/webp\" \/>\n<meta name=\"twitter:card\" content=\"summary_large_image\" \/>\n<meta name=\"twitter:label1\" content=\"Dur\u00e9e de lecture estim\u00e9e\" \/>\n\t<meta name=\"twitter:data1\" content=\"1 minute\" \/>\n<script type=\"application\/ld+json\" class=\"yoast-schema-graph\">{\"@context\":\"https:\/\/schema.org\",\"@graph\":[{\"@type\":\"WebPage\",\"@id\":\"https:\/\/clfled.com\/fr\/produit\/dream-color-digital-strip-ucs1903ic-control-dc24v-flexible-neon-tube-led-light\/\",\"url\":\"https:\/\/clfled.com\/fr\/produit\/dream-color-digital-strip-ucs1903ic-control-dc24v-flexible-neon-tube-led-light\/\",\"name\":\"Bande num\u00e9rique Dream Color UCS1903IC Contr\u00f4le DC24V Flexible Neon Tube Led Light - Clfled\",\"isPartOf\":{\"@id\":\"https:\/\/clfled.com\/fr\/#website\"},\"datePublished\":\"2022-11-05T06:01:13+00:00\",\"dateModified\":\"2022-11-05T06:01:13+00:00\",\"breadcrumb\":{\"@id\":\"https:\/\/clfled.com\/fr\/produit\/dream-color-digital-strip-ucs1903ic-control-dc24v-flexible-neon-tube-led-light\/#breadcrumb\"},\"inLanguage\":\"fr-FR\",\"potentialAction\":[{\"@type\":\"ReadAction\",\"target\":[\"https:\/\/clfled.com\/fr\/produit\/dream-color-digital-strip-ucs1903ic-control-dc24v-flexible-neon-tube-led-light\/\"]}]},{\"@type\":\"BreadcrumbList\",\"@id\":\"https:\/\/clfled.com\/fr\/produit\/dream-color-digital-strip-ucs1903ic-control-dc24v-flexible-neon-tube-led-light\/#breadcrumb\",\"itemListElement\":[{\"@type\":\"ListItem\",\"position\":1,\"name\":\"HOME\",\"item\":\"https:\/\/clfled.com\/fr\/\"},{\"@type\":\"ListItem\",\"position\":2,\"name\":\"Boutique\",\"item\":\"https:\/\/clfled.com\/fr\/boutique\/\"},{\"@type\":\"ListItem\",\"position\":3,\"name\":\"Bande num\u00e9rique Dream Color UCS1903IC Contr\u00f4le DC24V Flexible Neon Tube Led Light\"}]},{\"@type\":\"WebSite\",\"@id\":\"https:\/\/clfled.com\/fr\/#website\",\"url\":\"https:\/\/clfled.com\/fr\/\",\"name\":\"Clfled\",\"description\":\"clfled.com\",\"potentialAction\":[{\"@type\":\"SearchAction\",\"target\":{\"@type\":\"EntryPoint\",\"urlTemplate\":\"https:\/\/clfled.com\/fr\/?s={search_term_string}\"},\"query-input\":\"required name=search_term_string\"}],\"inLanguage\":\"fr-FR\"}]}<\/script>\n<!-- \/ Yoast SEO Premium plugin. -->","yoast_head_json":{"title":"Bande num\u00e9rique Dream Color UCS1903IC Contr\u00f4le DC24V Flexible Neon Tube Led Light - Clfled","robots":{"index":"index","follow":"follow","max-snippet":"max-snippet:-1","max-image-preview":"max-image-preview:large","max-video-preview":"max-video-preview:-1"},"canonical":"https:\/\/clfled.com\/fr\/produit\/dream-color-digital-strip-ucs1903ic-control-dc24v-flexible-neon-tube-led-light\/","og_locale":"fr_FR","og_type":"article","og_title":"Bande num\u00e9rique Dream Color UCS1903IC Contr\u00f4le DC24V Flexible Neon Tube Led Light","og_description":"Bande num\u00e9rique Dream Color UCS1903IC Contr\u00f4le DC24V Flexible Neon Tube Led Light Fonctionnalit\u00e9 1. Bande de Led RGB\/Simple Couleur \u00e0","og_url":"https:\/\/clfled.com\/fr\/produit\/dream-color-digital-strip-ucs1903ic-control-dc24v-flexible-neon-tube-led-light\/","og_site_name":"Clfled","og_image":[{"width":1050,"height":1050,"url":"https:\/\/clfled.com\/wp-content\/uploads\/2022\/11\/Hacbbf837cff14d8096dea121d95e081eA.webp","type":"image\/webp"}],"twitter_card":"summary_large_image","twitter_misc":{"Dur\u00e9e de lecture estim\u00e9e":"1 minute"},"schema":{"@context":"https:\/\/schema.org","@graph":[{"@type":"WebPage","@id":"https:\/\/clfled.com\/fr\/produit\/dream-color-digital-strip-ucs1903ic-control-dc24v-flexible-neon-tube-led-light\/","url":"https:\/\/clfled.com\/fr\/produit\/dream-color-digital-strip-ucs1903ic-control-dc24v-flexible-neon-tube-led-light\/","name":"Bande num\u00e9rique Dream Color UCS1903IC Contr\u00f4le DC24V Flexible Neon Tube Led Light - Clfled","isPartOf":{"@id":"https:\/\/clfled.com\/fr\/#website"},"datePublished":"2022-11-05T06:01:13+00:00","dateModified":"2022-11-05T06:01:13+00:00","breadcrumb":{"@id":"https:\/\/clfled.com\/fr\/produit\/dream-color-digital-strip-ucs1903ic-control-dc24v-flexible-neon-tube-led-light\/#breadcrumb"},"inLanguage":"fr-FR","potentialAction":[{"@type":"ReadAction","target":["https:\/\/clfled.com\/fr\/produit\/dream-color-digital-strip-ucs1903ic-control-dc24v-flexible-neon-tube-led-light\/"]}]},{"@type":"BreadcrumbList","@id":"https:\/\/clfled.com\/fr\/produit\/dream-color-digital-strip-ucs1903ic-control-dc24v-flexible-neon-tube-led-light\/#breadcrumb","itemListElement":[{"@type":"ListItem","position":1,"name":"HOME","item":"https:\/\/clfled.com\/fr\/"},{"@type":"ListItem","position":2,"name":"Boutique","item":"https:\/\/clfled.com\/fr\/boutique\/"},{"@type":"ListItem","position":3,"name":"Bande num\u00e9rique Dream Color UCS1903IC Contr\u00f4le DC24V Flexible Neon Tube Led Light"}]},{"@type":"WebSite","@id":"https:\/\/clfled.com\/fr\/#website","url":"https:\/\/clfled.com\/fr\/","name":"Clfled","description":"clfled.com","potentialAction":[{"@type":"SearchAction","target":{"@type":"EntryPoint","urlTemplate":"https:\/\/clfled.com\/fr\/?s={search_term_string}"},"query-input":"required name=search_term_string"}],"inLanguage":"fr-FR"}]}},"_links":{"self":[{"href":"https:\/\/clfled.com\/fr\/wp-json\/wp\/v2\/product\/4089","targetHints":{"allow":["GET"]}}],"collection":[{"href":"https:\/\/clfled.com\/fr\/wp-json\/wp\/v2\/product"}],"about":[{"href":"https:\/\/clfled.com\/fr\/wp-json\/wp\/v2\/types\/product"}],"replies":[{"embeddable":true,"href":"https:\/\/clfled.com\/fr\/wp-json\/wp\/v2\/comments?post=4089"}],"version-history":[{"count":0,"href":"https:\/\/clfled.com\/fr\/wp-json\/wp\/v2\/product\/4089\/revisions"}],"wp:featuredmedia":[{"embeddable":true,"href":"https:\/\/clfled.com\/fr\/wp-json\/wp\/v2\/media\/2605"}],"wp:attachment":[{"href":"https:\/\/clfled.com\/fr\/wp-json\/wp\/v2\/media?parent=4089"}],"wp:term":[{"taxonomy":"product_cat","embeddable":true,"href":"https:\/\/clfled.com\/fr\/wp-json\/wp\/v2\/product_cat?post=4089"},{"taxonomy":"product_tag","embeddable":true,"href":"https:\/\/clfled.com\/fr\/wp-json\/wp\/v2\/product_tag?post=4089"}],"curies":[{"name":"wp","href":"https:\/\/api.w.org\/{rel}","templated":true}]}}