{"id":4040,"date":"2022-11-05T14:03:57","date_gmt":"2022-11-05T06:03:57","guid":{"rendered":"https:\/\/clfled.com\/products\/tube-neon-rgb-changeant-de-couleur-etanche-ip68-bande-lumineuse-flexible-a-led-neon\/"},"modified":"2022-12-01T19:19:38","modified_gmt":"2022-12-01T11:19:38","slug":"ip68-waterproof-rgb-changeable-milky-color-neon-tube-light-flexible-neon-led-strip-light","status":"publish","type":"product","link":"https:\/\/clfled.com\/fr\/produit\/ip68-waterproof-rgb-changeable-milky-color-neon-tube-light-flexible-neon-led-strip-light\/","title":{"rendered":"Tube n\u00e9on RGB changeant de couleur, \u00e9tanche IP68 Bande lumineuse flexible \u00e0 Led N\u00e9on"},"content":{"rendered":"<p style=\"text-align: center\"><span style=\"text-decoration: underline\"><em><strong><span style=\"font-size: 18px\">Tube n\u00e9on RGB changeant de couleur, \u00e9tanche IP68 Bande lumineuse flexible \u00e0 Led N\u00e9on<\/span><\/strong><\/em><\/span><\/p>\n<p style=\"text-align: left\"><span style=\"text-decoration: underline\"><em><strong><span style=\"font-size: 18px\">Fonctionnalit\u00e9<\/span><\/strong><\/em><\/span><\/p>\n<p style=\"text-align: left\"><em><span style=\"font-size: 18px\">1.nouvelle technologie, emballage de remplissage de colle PU, moulage par extrusion.  <\/span><\/em><\/p>\n<p style=\"text-align: left\"><em><span style=\"font-size: 18px\">2. anti-jaunissement, 5 ans sans jaunissement.  <\/span><\/em><\/p>\n<p style=\"text-align: left\"><em><span style=\"font-size: 18px\">3.IP68 imperm\u00e9able, peut \u00eatre mis dans l&#8217;eau.  <\/span><\/em><\/p>\n<p style=\"text-align: left\"><em><span style=\"font-size: 18px\">4. \u00e9clairage frontal, ne peut que se plier verticalement.<\/span><\/em><\/p>\n<p style=\"text-align: left\"><span style=\"text-decoration: underline\"><em><strong><span style=\"font-size: 18px\">Application<\/span><\/strong><\/em><\/span><\/p>\n<p style=\"text-align: left\"><em><span style=\"font-family: arial, helvetica, sans-serif;font-size: 16px\"><span style=\"color: #333333;font-weight: 400;background-color: #ffffff;float: none\">1. La d\u00e9coration du b\u00e2timent<\/span><br \/>\n<span style=\"color: #333333;font-weight: 400;background-color: #ffffff;float: none\">2. La d\u00e9coration des bo\u00eetes de nuit, des b\u00e2timents d&#8217;enseignement, etc.  <\/span><br \/>\n<span style=\"color: #333333;font-weight: 400;background-color: #ffffff;float: none\">3. La d\u00e9coration de bateau &#8230; et ainsi de suite.  <\/span><br \/>\n<span style=\"color: #333333;font-weight: 400;background-color: #ffffff;float: none\">4. Utilisation en ext\u00e9rieur ou en int\u00e9rieur. comme Hourse, les arbres de No\u00ebl et ainsi de suite.<\/span><\/span><\/em><\/p>\n<p style=\"text-align: left\"><em><span style=\"font-family: arial, helvetica, sans-serif;font-size: 16px\"><span style=\"color: #333333;font-weight: 400;background-color: #ffffff;float: none\">5. L&#8217;enseigne au n\u00e9on avec de nombreuses formes ect.<\/span><\/span><\/em><\/p>\n<p style=\"text-align: left\"><em><span style=\"font-family: arial, helvetica, sans-serif;font-size: 16px\"><span style=\"color: #333333;font-weight: 400;background-color: #ffffff;float: none\"><img fetchpriority=\"high\" decoding=\"async\" src=\"\/\/sc02.alicdn.com\/kf\/HTB17QAIa1P2gK0jSZFoq6yuIVXaH\/228612101\/HTB17QAIa1P2gK0jSZFoq6yuIVXaH.jpg\" alt=\"Tube n\u00e9on RGB changeant de couleur, \u00e9tanche IP68 Bande lumineuse flexible \u00e0 Led N\u00e9on\" width=\"749\" height=\"562\"><\/span><\/span><\/em><\/p>\n<p style=\"text-align: left\"><span style=\"text-decoration: underline\"><em><strong><span style=\"font-size: 18px\">Sp\u00e9cifications<\/span><\/strong><\/em><\/span><\/p>\n<table style=\"margin: 0px;padding: 0px;font-style: normal;font-weight: 400;font-size: 12px;line-height: inherit;font-family: Arial,Helvetica;border-collapse: collapse;width: 750px;color: #333333;background-color: #ffffff;height: 410px\" border=\"1\">\n<tbody>\n<tr style=\"margin: 0px;padding: 0px;font-style: inherit;font-weight: inherit;font-size: 12px;line-height: inherit\">\n<td style=\"margin: 0px;padding: 0px;font-style: inherit;font-weight: 400;font-size: 12px;line-height: inherit;float: none;width: 209px\"><em><span style=\"margin: 0px;padding: 0px;border: 0px;font-style: inherit;font-weight: inherit;font-size: 16px;line-height: 24px;font-family: Calibri, 'zapf dingbats';vertical-align: baseline\">Mod\u00e8le<\/span><\/em><\/td>\n<td style=\"margin: 0px;padding: 0px;font-style: inherit;font-weight: 400;font-size: 12px;line-height: inherit;float: none;width: 534px\"><em><span style=\"margin: 0px;padding: 0px;border: 0px;font-style: inherit;font-weight: inherit;font-size: 16px;line-height: 24px;font-family: Calibri, 'zapf dingbats';vertical-align: baseline\">UCS1903 Flex Neon<\/span><\/em><\/td>\n<\/tr>\n<tr style=\"margin: 0px;padding: 0px;font-style: inherit;font-weight: inherit;font-size: 12px;line-height: inherit\">\n<td style=\"margin: 0px;padding: 0px;font-style: inherit;font-weight: 400;font-size: 12px;line-height: inherit;float: none;width: 209px\"><em><span style=\"margin: 0px;padding: 0px;border: 0px;font-style: inherit;font-weight: inherit;font-size: 16px;line-height: 24px;font-family: Calibri, 'zapf dingbats';vertical-align: baseline\">Led Type<\/span><\/em><\/td>\n<td style=\"margin: 0px;padding: 0px;font-style: inherit;font-weight: 400;font-size: 12px;line-height: inherit;float: none;width: 534px\"><em><span style=\"margin: 0px;padding: 0px;border: 0px;font-style: inherit;font-weight: inherit;font-size: 16px;line-height: 24px;font-family: Calibri, 'zapf dingbats';vertical-align: baseline\">SMD5050RGB<\/span><\/em><\/td>\n<\/tr>\n<tr style=\"margin: 0px;padding: 0px;font-style: inherit;font-weight: inherit;font-size: 12px;line-height: inherit\">\n<td style=\"margin: 0px;padding: 0px;font-style: inherit;font-weight: 400;font-size: 12px;line-height: inherit;float: none;width: 209px\"><em><span style=\"margin: 0px;padding: 0px;border: 0px;font-style: inherit;font-weight: inherit;font-size: 16px;line-height: 24px;font-family: Calibri, 'zapf dingbats';vertical-align: baseline\">Led QTY<\/span><\/em><\/td>\n<td style=\"margin: 0px;padding: 0px;font-style: inherit;font-weight: 400;font-size: 12px;line-height: inherit;float: none;width: 534px\"><em><span style=\"margin: 0px;padding: 0px;border: 0px;font-style: inherit;font-weight: inherit;font-size: 16px;line-height: 24px;font-family: Calibri, 'zapf dingbats';vertical-align: baseline\">60leds\/M<\/span><\/em><\/td>\n<\/tr>\n<tr style=\"margin: 0px;padding: 0px;font-style: inherit;font-weight: inherit;font-size: 12px;line-height: inherit\">\n<td style=\"margin: 0px;padding: 0px;font-style: inherit;font-weight: 400;font-size: 12px;line-height: inherit;float: none;width: 209px\"><span style=\"margin: 0px;padding: 0px;border: 0px;font-style: inherit;font-weight: inherit;font-size: inherit;line-height: 18px;font-family: Calibri, 'zapf dingbats';vertical-align: baseline\"><span style=\"margin: 0px;padding: 0px;border: 0px;font-style: inherit;font-weight: inherit;font-size: 16px;line-height: 24px;vertical-align: baseline\"><em>Couleur Led<\/em><\/span><\/span><\/td>\n<td style=\"margin: 0px;padding: 0px;font-style: inherit;font-weight: 400;font-size: 12px;line-height: inherit;float: none;width: 534px\"><span style=\"margin: 0px;padding: 0px;border: 0px;font-style: inherit;font-weight: inherit;font-size: inherit;line-height: 18px;font-family: Calibri, 'zapf dingbats';vertical-align: baseline\"><span style=\"margin: 0px;padding: 0px;border: 0px;font-style: inherit;font-weight: inherit;font-size: 16px;line-height: 24px;vertical-align: baseline\"><em>Couleur RGB<\/em><\/span><\/span><\/td>\n<\/tr>\n<tr style=\"margin: 0px;padding: 0px;font-style: inherit;font-weight: inherit;font-size: 12px;line-height: inherit\">\n<td style=\"margin: 0px;padding: 0px;font-style: inherit;font-weight: 400;font-size: 12px;line-height: inherit;float: none;width: 209px\"><span style=\"margin: 0px;padding: 0px;border: 0px;font-style: inherit;font-weight: inherit;font-size: inherit;line-height: 18px;font-family: Calibri, 'zapf dingbats';vertical-align: baseline\"><span style=\"margin: 0px;padding: 0px;border: 0px;font-style: inherit;font-weight: inherit;font-size: 16px;line-height: 24px;vertical-align: baseline\"><em>QT\u00c9 IC<\/em><\/span><\/span><\/td>\n<td style=\"margin: 0px;padding: 0px;font-style: inherit;font-weight: 400;font-size: 12px;line-height: inherit;float: none;width: 534px\"><em><span style=\"margin: 0px;padding: 0px;border: 0px;font-style: inherit;font-weight: inherit;font-size: 16px;line-height: 24px;font-family: Calibri, 'zapf dingbats';vertical-align: baseline\">10pcs\/M<\/span><\/em><\/td>\n<\/tr>\n<tr style=\"margin: 0px;padding: 0px;font-style: inherit;font-weight: inherit;font-size: 12px;line-height: inherit\">\n<td style=\"margin: 0px;padding: 0px;font-style: inherit;font-weight: 400;font-size: 12px;line-height: inherit;float: none;width: 209px\"><span style=\"margin: 0px;padding: 0px;border: 0px;font-style: inherit;font-weight: inherit;font-size: inherit;line-height: 18px;font-family: Calibri, 'zapf dingbats';vertical-align: baseline\"><span style=\"margin: 0px;padding: 0px;border: 0px;font-style: inherit;font-weight: inherit;font-size: 16px;line-height: 24px;vertical-align: baseline\"><em>Type de CI<\/em><\/span><\/span><\/td>\n<td style=\"margin: 0px;padding: 0px;font-style: inherit;font-weight: 400;font-size: 12px;line-height: inherit;float: none;width: 534px\"><em><span style=\"margin: 0px;padding: 0px;border: 0px;font-style: inherit;font-weight: inherit;font-size: 16px;line-height: 24px;font-family: Calibri, 'zapf dingbats';vertical-align: baseline\">UCS1903\/SM16703\/WS2811<\/span><\/em><\/td>\n<\/tr>\n<tr style=\"margin: 0px;padding: 0px;font-style: inherit;font-weight: inherit;font-size: 12px;line-height: inherit\">\n<td style=\"margin: 0px;padding: 0px;font-style: inherit;font-weight: 400;font-size: 12px;line-height: inherit;float: none;width: 209px\"><em><span style=\"margin: 0px;padding: 0px;border: 0px;font-style: inherit;font-weight: inherit;font-size: 16px;line-height: 24px;font-family: Calibri, 'zapf dingbats';vertical-align: baseline\">Tension<\/span><\/em><\/td>\n<td style=\"margin: 0px;padding: 0px;font-style: inherit;font-weight: 400;font-size: 12px;line-height: inherit;float: none;width: 534px\"><em><span style=\"margin: 0px;padding: 0px;border: 0px;font-style: inherit;font-weight: inherit;font-size: 16px;line-height: 24px;font-family: Calibri, 'zapf dingbats';vertical-align: baseline\">DC24V<\/span><\/em><\/td>\n<\/tr>\n<tr style=\"margin: 0px;padding: 0px;font-style: inherit;font-weight: inherit;font-size: 12px;line-height: inherit\">\n<td style=\"margin: 0px;padding: 0px;font-style: inherit;font-weight: 400;font-size: 12px;line-height: inherit;float: none;width: 209px\"><em><span style=\"margin: 0px;padding: 0px;border: 0px;font-style: inherit;font-weight: inherit;font-size: 16px;line-height: 24px;font-family: Calibri, 'zapf dingbats';vertical-align: baseline\">Puissance<\/span><\/em><\/td>\n<td style=\"margin: 0px;padding: 0px;font-style: inherit;font-weight: 400;font-size: 12px;line-height: inherit;float: none;width: 534px\"><em><span style=\"margin: 0px;padding: 0px;border: 0px;font-style: inherit;font-weight: inherit;font-size: 16px;line-height: 24px;font-family: Calibri, 'zapf dingbats';vertical-align: baseline\">14.4W\/M<\/span><\/em><\/td>\n<\/tr>\n<tr style=\"margin: 0px;padding: 0px;font-style: inherit;font-weight: inherit;font-size: 12px;line-height: inherit\">\n<td style=\"margin: 0px;padding: 0px;font-style: inherit;font-weight: 400;font-size: 12px;line-height: inherit;float: none;width: 209px\"><em><span style=\"margin: 0px;padding: 0px;border: 0px;font-style: inherit;font-weight: inherit;font-size: 16px;line-height: 24px;font-family: Calibri, 'zapf dingbats';vertical-align: baseline\">PCB Wdith<\/span><\/em><\/td>\n<td style=\"margin: 0px;padding: 0px;font-style: inherit;font-weight: 400;font-size: 12px;line-height: inherit;float: none;width: 534px\"><em><span style=\"margin: 0px;padding: 0px;border: 0px;font-style: inherit;font-weight: inherit;font-size: 16px;line-height: 24px;font-family: Calibri, 'zapf dingbats';vertical-align: baseline\">10 mm<\/span><\/em><\/td>\n<\/tr>\n<tr style=\"margin: 0px;padding: 0px;font-style: inherit;font-weight: inherit;font-size: 12px;line-height: inherit\">\n<td style=\"margin: 0px;padding: 0px;font-style: inherit;font-weight: 400;font-size: 12px;line-height: inherit;float: none;width: 209px\"><em><span style=\"margin: 0px;padding: 0px;border: 0px;font-style: inherit;font-weight: inherit;font-size: 16px;line-height: 24px;font-family: Calibri, 'zapf dingbats';vertical-align: baseline\">Couleur du PCB<\/span><\/em><\/td>\n<td style=\"margin: 0px;padding: 0px;font-style: inherit;font-weight: 400;font-size: 12px;line-height: inherit;float: none;width: 534px\"><em><span style=\"margin: 0px;padding: 0px;border: 0px;font-style: inherit;font-weight: inherit;font-size: 16px;line-height: 24px;font-family: Calibri, 'zapf dingbats';vertical-align: baseline\">Blanc<\/span><\/em><\/td>\n<\/tr>\n<tr style=\"margin: 0px;padding: 0px;font-style: inherit;font-weight: inherit;font-size: 12px;line-height: inherit\">\n<td style=\"margin: 0px;padding: 0px;font-style: inherit;font-weight: 400;font-size: 12px;line-height: inherit;float: none;width: 209px\"><em><span style=\"margin: 0px;padding: 0px;border: 0px;font-style: inherit;font-weight: inherit;font-size: 16px;line-height: 24px;font-family: Calibri, 'zapf dingbats';vertical-align: baseline\">Taille du tube<\/span><\/em><\/td>\n<td style=\"margin: 0px;padding: 0px;font-style: inherit;font-weight: 400;font-size: 12px;line-height: inherit;float: none;width: 534px\"><em><span style=\"margin: 0px;padding: 0px;border: 0px;font-style: inherit;font-weight: inherit;font-size: 16px;line-height: 24px;font-family: Calibri, 'zapf dingbats';vertical-align: baseline\">10*23mm<\/span><\/em><\/td>\n<\/tr>\n<\/tbody>\n<\/table>\n<p style=\"text-align: left\"><span style=\"text-decoration: underline\"><em><strong><span style=\"font-size: 18px\"><br \/>\nD\u00e9tails du produit<\/span><\/strong><\/em><\/span><\/p>\n<p><img decoding=\"async\" src=\"\/\/sc01.alicdn.com\/kf\/Hc5b1c5c4d48a488dbcb7fced5107c2f7J\/228612101\/Hc5b1c5c4d48a488dbcb7fced5107c2f7J.jpg\" alt=\"Tube n\u00e9on RGB changeant de couleur, \u00e9tanche IP68 Bande lumineuse flexible \u00e0 Led N\u00e9on\" width=\"748\" height=\"748\"><br \/>\n<img decoding=\"async\" src=\"\/\/sc02.alicdn.com\/kf\/H273f60583c95469bbd9f3cfa35591dc4C\/228612101\/H273f60583c95469bbd9f3cfa35591dc4C.jpg\" alt=\"Tube n\u00e9on RGB changeant de couleur, \u00e9tanche IP68 Bande lumineuse flexible \u00e0 Led N\u00e9on\" width=\"748\" height=\"748\"><\/p>\n<p><img loading=\"lazy\" decoding=\"async\" src=\"\/\/sc01.alicdn.com\/kf\/Ha8e4f761daae492fb5e58e0227f84452l\/228612101\/Ha8e4f761daae492fb5e58e0227f84452l.png\" alt=\"Tube n\u00e9on RGB changeant de couleur, \u00e9tanche IP68 Bande lumineuse flexible \u00e0 Led N\u00e9on\" width=\"748\" height=\"183\"><\/p>\n<p style=\"text-align: left\"><span style=\"text-decoration: underline\"><em><strong><span style=\"font-size: 18px\"><img loading=\"lazy\" decoding=\"async\" src=\"\/\/sc01.alicdn.com\/kf\/Hae771c46ae384315b9207987be44e2aaw\/228612101\/Hae771c46ae384315b9207987be44e2aaw.jpg\" alt=\"Tube n\u00e9on RGB changeant de couleur, \u00e9tanche IP68 Bande lumineuse flexible \u00e0 Led N\u00e9on\" width=\"752\" height=\"141\"><\/span><\/strong><\/em><\/span><\/p>\n<p>&nbsp;<\/p>\n<p style=\"text-align: left\">\n","protected":false},"excerpt":{"rendered":"<p>Pr\u00e9sentation de notre nouvelle bande lumineuse \u00e0 LED n\u00e9on ! Cette lampe est fabriqu\u00e9e avec une nouvelle technologie, un emballage rempli de colle PU et un moulage par extrusion. Il est \u00e9galement anti-jaunissement et peut durer 5 ans sans jaunir. De plus, il est \u00e9tanche selon la norme IP68, ce qui vous permet de le mettre dans l&#8217;eau. Mais ce n&#8217;est pas tout, cette lampe dispose \u00e9galement d&#8217;un \u00e9clairage frontal et ne peut que se courber verticalement.<br \/>\nAvec ses nombreux styles et tailles, cette bande de n\u00e9ons \u00e0 leds est parfaite pour cr\u00e9er une enseigne lumineuse personnalis\u00e9e aux formes vari\u00e9es. Notre produit est facile \u00e0 installer et \u00e0 utiliser. Nos bandes lumineuses n\u00e9on sont \u00e9conomes en \u00e9nergie et dureront des ann\u00e9es si elles sont entretenues correctement !<\/p>\n","protected":false},"featured_media":1797,"comment_status":"open","ping_status":"closed","template":"","meta":[],"product_cat":[152],"product_tag":[],"class_list":["post-4040","product","type-product","status-publish","has-post-thumbnail","hentry","product_cat-bande-lumineuse-a-led-neon"],"yoast_head":"<!-- This site is optimized with the Yoast SEO Premium plugin v21.0 (Yoast SEO v21.0) - https:\/\/yoast.com\/wordpress\/plugins\/seo\/ -->\n<title>Tube n\u00e9on RGB changeant de couleur, \u00e9tanche IP68 Bande lumineuse flexible \u00e0 Led N\u00e9on - Clfled<\/title>\n<meta name=\"robots\" content=\"index, follow, max-snippet:-1, max-image-preview:large, max-video-preview:-1\" \/>\n<link rel=\"canonical\" href=\"https:\/\/clfled.com\/fr\/produit\/ip68-waterproof-rgb-changeable-milky-color-neon-tube-light-flexible-neon-led-strip-light\/\" \/>\n<meta property=\"og:locale\" content=\"fr_FR\" \/>\n<meta property=\"og:type\" content=\"article\" \/>\n<meta property=\"og:title\" content=\"Tube n\u00e9on RGB changeant de couleur, \u00e9tanche IP68 Bande lumineuse flexible \u00e0 Led N\u00e9on\" \/>\n<meta property=\"og:description\" content=\"Pr\u00e9sentation de notre nouvelle bande lumineuse \u00e0 LED n\u00e9on ! Cette lampe est fabriqu\u00e9e avec une nouvelle technologie, un emballage rempli de colle PU et un moulage par extrusion. Il est \u00e9galement anti-jaunissement et peut durer 5 ans sans jaunir. De plus, il est \u00e9tanche selon la norme IP68, ce qui vous permet de le mettre dans l&#039;eau. Mais ce n&#039;est pas tout, cette lampe dispose \u00e9galement d&#039;un \u00e9clairage frontal et ne peut que se courber verticalement.  Avec ses nombreux styles et tailles, cette bande de n\u00e9ons \u00e0 leds est parfaite pour cr\u00e9er une enseigne lumineuse personnalis\u00e9e aux formes vari\u00e9es. Notre produit est facile \u00e0 installer et \u00e0 utiliser. Nos bandes lumineuses n\u00e9on sont \u00e9conomes en \u00e9nergie et dureront des ann\u00e9es si elles sont entretenues correctement !\" \/>\n<meta property=\"og:url\" content=\"https:\/\/clfled.com\/fr\/produit\/ip68-waterproof-rgb-changeable-milky-color-neon-tube-light-flexible-neon-led-strip-light\/\" \/>\n<meta property=\"og:site_name\" content=\"Clfled\" \/>\n<meta property=\"article:modified_time\" content=\"2022-12-01T11:19:38+00:00\" \/>\n<meta property=\"og:image\" content=\"https:\/\/clfled.com\/wp-content\/uploads\/2022\/11\/Hbd9de85c02e14ba5a40e6d4012beb19fj.jpg\" \/>\n\t<meta property=\"og:image:width\" content=\"800\" \/>\n\t<meta property=\"og:image:height\" content=\"800\" \/>\n\t<meta property=\"og:image:type\" content=\"image\/jpeg\" \/>\n<meta name=\"twitter:card\" content=\"summary_large_image\" \/>\n<meta name=\"twitter:label1\" content=\"Dur\u00e9e de lecture estim\u00e9e\" \/>\n\t<meta name=\"twitter:data1\" content=\"2 minutes\" \/>\n<script type=\"application\/ld+json\" class=\"yoast-schema-graph\">{\"@context\":\"https:\/\/schema.org\",\"@graph\":[{\"@type\":\"WebPage\",\"@id\":\"https:\/\/clfled.com\/fr\/produit\/ip68-waterproof-rgb-changeable-milky-color-neon-tube-light-flexible-neon-led-strip-light\/\",\"url\":\"https:\/\/clfled.com\/fr\/produit\/ip68-waterproof-rgb-changeable-milky-color-neon-tube-light-flexible-neon-led-strip-light\/\",\"name\":\"Tube n\u00e9on RGB changeant de couleur, \u00e9tanche IP68 Bande lumineuse flexible \u00e0 Led N\u00e9on - Clfled\",\"isPartOf\":{\"@id\":\"https:\/\/clfled.com\/fr\/#website\"},\"datePublished\":\"2022-11-05T06:03:57+00:00\",\"dateModified\":\"2022-12-01T11:19:38+00:00\",\"breadcrumb\":{\"@id\":\"https:\/\/clfled.com\/fr\/produit\/ip68-waterproof-rgb-changeable-milky-color-neon-tube-light-flexible-neon-led-strip-light\/#breadcrumb\"},\"inLanguage\":\"fr-FR\",\"potentialAction\":[{\"@type\":\"ReadAction\",\"target\":[\"https:\/\/clfled.com\/fr\/produit\/ip68-waterproof-rgb-changeable-milky-color-neon-tube-light-flexible-neon-led-strip-light\/\"]}]},{\"@type\":\"BreadcrumbList\",\"@id\":\"https:\/\/clfled.com\/fr\/produit\/ip68-waterproof-rgb-changeable-milky-color-neon-tube-light-flexible-neon-led-strip-light\/#breadcrumb\",\"itemListElement\":[{\"@type\":\"ListItem\",\"position\":1,\"name\":\"HOME\",\"item\":\"https:\/\/clfled.com\/fr\/\"},{\"@type\":\"ListItem\",\"position\":2,\"name\":\"Boutique\",\"item\":\"https:\/\/clfled.com\/fr\/boutique\/\"},{\"@type\":\"ListItem\",\"position\":3,\"name\":\"Tube n\u00e9on RGB changeant de couleur, \u00e9tanche IP68 Bande lumineuse flexible \u00e0 Led N\u00e9on\"}]},{\"@type\":\"WebSite\",\"@id\":\"https:\/\/clfled.com\/fr\/#website\",\"url\":\"https:\/\/clfled.com\/fr\/\",\"name\":\"Clfled\",\"description\":\"clfled.com\",\"potentialAction\":[{\"@type\":\"SearchAction\",\"target\":{\"@type\":\"EntryPoint\",\"urlTemplate\":\"https:\/\/clfled.com\/fr\/?s={search_term_string}\"},\"query-input\":\"required name=search_term_string\"}],\"inLanguage\":\"fr-FR\"}]}<\/script>\n<!-- \/ Yoast SEO Premium plugin. -->","yoast_head_json":{"title":"Tube n\u00e9on RGB changeant de couleur, \u00e9tanche IP68 Bande lumineuse flexible \u00e0 Led N\u00e9on - Clfled","robots":{"index":"index","follow":"follow","max-snippet":"max-snippet:-1","max-image-preview":"max-image-preview:large","max-video-preview":"max-video-preview:-1"},"canonical":"https:\/\/clfled.com\/fr\/produit\/ip68-waterproof-rgb-changeable-milky-color-neon-tube-light-flexible-neon-led-strip-light\/","og_locale":"fr_FR","og_type":"article","og_title":"Tube n\u00e9on RGB changeant de couleur, \u00e9tanche IP68 Bande lumineuse flexible \u00e0 Led N\u00e9on","og_description":"Pr\u00e9sentation de notre nouvelle bande lumineuse \u00e0 LED n\u00e9on ! Cette lampe est fabriqu\u00e9e avec une nouvelle technologie, un emballage rempli de colle PU et un moulage par extrusion. Il est \u00e9galement anti-jaunissement et peut durer 5 ans sans jaunir. De plus, il est \u00e9tanche selon la norme IP68, ce qui vous permet de le mettre dans l'eau. Mais ce n'est pas tout, cette lampe dispose \u00e9galement d'un \u00e9clairage frontal et ne peut que se courber verticalement.  Avec ses nombreux styles et tailles, cette bande de n\u00e9ons \u00e0 leds est parfaite pour cr\u00e9er une enseigne lumineuse personnalis\u00e9e aux formes vari\u00e9es. Notre produit est facile \u00e0 installer et \u00e0 utiliser. Nos bandes lumineuses n\u00e9on sont \u00e9conomes en \u00e9nergie et dureront des ann\u00e9es si elles sont entretenues correctement !","og_url":"https:\/\/clfled.com\/fr\/produit\/ip68-waterproof-rgb-changeable-milky-color-neon-tube-light-flexible-neon-led-strip-light\/","og_site_name":"Clfled","article_modified_time":"2022-12-01T11:19:38+00:00","og_image":[{"width":800,"height":800,"url":"https:\/\/clfled.com\/wp-content\/uploads\/2022\/11\/Hbd9de85c02e14ba5a40e6d4012beb19fj.jpg","type":"image\/jpeg"}],"twitter_card":"summary_large_image","twitter_misc":{"Dur\u00e9e de lecture estim\u00e9e":"2 minutes"},"schema":{"@context":"https:\/\/schema.org","@graph":[{"@type":"WebPage","@id":"https:\/\/clfled.com\/fr\/produit\/ip68-waterproof-rgb-changeable-milky-color-neon-tube-light-flexible-neon-led-strip-light\/","url":"https:\/\/clfled.com\/fr\/produit\/ip68-waterproof-rgb-changeable-milky-color-neon-tube-light-flexible-neon-led-strip-light\/","name":"Tube n\u00e9on RGB changeant de couleur, \u00e9tanche IP68 Bande lumineuse flexible \u00e0 Led N\u00e9on - Clfled","isPartOf":{"@id":"https:\/\/clfled.com\/fr\/#website"},"datePublished":"2022-11-05T06:03:57+00:00","dateModified":"2022-12-01T11:19:38+00:00","breadcrumb":{"@id":"https:\/\/clfled.com\/fr\/produit\/ip68-waterproof-rgb-changeable-milky-color-neon-tube-light-flexible-neon-led-strip-light\/#breadcrumb"},"inLanguage":"fr-FR","potentialAction":[{"@type":"ReadAction","target":["https:\/\/clfled.com\/fr\/produit\/ip68-waterproof-rgb-changeable-milky-color-neon-tube-light-flexible-neon-led-strip-light\/"]}]},{"@type":"BreadcrumbList","@id":"https:\/\/clfled.com\/fr\/produit\/ip68-waterproof-rgb-changeable-milky-color-neon-tube-light-flexible-neon-led-strip-light\/#breadcrumb","itemListElement":[{"@type":"ListItem","position":1,"name":"HOME","item":"https:\/\/clfled.com\/fr\/"},{"@type":"ListItem","position":2,"name":"Boutique","item":"https:\/\/clfled.com\/fr\/boutique\/"},{"@type":"ListItem","position":3,"name":"Tube n\u00e9on RGB changeant de couleur, \u00e9tanche IP68 Bande lumineuse flexible \u00e0 Led N\u00e9on"}]},{"@type":"WebSite","@id":"https:\/\/clfled.com\/fr\/#website","url":"https:\/\/clfled.com\/fr\/","name":"Clfled","description":"clfled.com","potentialAction":[{"@type":"SearchAction","target":{"@type":"EntryPoint","urlTemplate":"https:\/\/clfled.com\/fr\/?s={search_term_string}"},"query-input":"required name=search_term_string"}],"inLanguage":"fr-FR"}]}},"_links":{"self":[{"href":"https:\/\/clfled.com\/fr\/wp-json\/wp\/v2\/product\/4040","targetHints":{"allow":["GET"]}}],"collection":[{"href":"https:\/\/clfled.com\/fr\/wp-json\/wp\/v2\/product"}],"about":[{"href":"https:\/\/clfled.com\/fr\/wp-json\/wp\/v2\/types\/product"}],"replies":[{"embeddable":true,"href":"https:\/\/clfled.com\/fr\/wp-json\/wp\/v2\/comments?post=4040"}],"version-history":[{"count":2,"href":"https:\/\/clfled.com\/fr\/wp-json\/wp\/v2\/product\/4040\/revisions"}],"predecessor-version":[{"id":4796,"href":"https:\/\/clfled.com\/fr\/wp-json\/wp\/v2\/product\/4040\/revisions\/4796"}],"wp:featuredmedia":[{"embeddable":true,"href":"https:\/\/clfled.com\/fr\/wp-json\/wp\/v2\/media\/1797"}],"wp:attachment":[{"href":"https:\/\/clfled.com\/fr\/wp-json\/wp\/v2\/media?parent=4040"}],"wp:term":[{"taxonomy":"product_cat","embeddable":true,"href":"https:\/\/clfled.com\/fr\/wp-json\/wp\/v2\/product_cat?post=4040"},{"taxonomy":"product_tag","embeddable":true,"href":"https:\/\/clfled.com\/fr\/wp-json\/wp\/v2\/product_tag?post=4040"}],"curies":[{"name":"wp","href":"https:\/\/api.w.org\/{rel}","templated":true}]}}