{"id":4663,"date":"2022-11-05T13:45:11","date_gmt":"2022-11-05T05:45:11","guid":{"rendered":"https:\/\/clfled.com\/product\/1m-club-lighting-vertical-3d-rgb-360-led-tube-lights\/"},"modified":"2022-11-28T17:13:51","modified_gmt":"2022-11-28T09:13:51","slug":"1m-club-lighting-vertical-3d-rgb-360-led-tube-lights-2","status":"publish","type":"product","link":"https:\/\/clfled.com\/es\/producto\/1m-club-lighting-vertical-3d-rgb-360-led-tube-lights-2\/","title":{"rendered":"1M Club Lighting Vertical 3D RGB 360 Led Tube Lights"},"content":{"rendered":"<h2 style=\"margin: 0px; padding: 0px; border: 0px; font-style: normal; font-weight: normal; font-size: 12px; line-height: 18px; font-family: Arial, Helvetica; vertical-align: baseline; color: #333333; text-align: center;\"><strong><span style=\"font-size: 24px;\">1M Club Lighting Vertical 3D RGB 360 Led Tube Lights<\/span><\/strong><\/h2>\n<h2 style=\"font-weight: bold; line-height: 1; font-size: 1.5em; margin: 0.75em 0px; color: #000000; font-family: Arial; font-style: normal; text-align: left;\">Especificaci\u00f3n<\/h2>\n<table style=\"color: #000000; font-family: Arial; font-size: 12px; font-style: normal; font-weight: 400; background-color: #ffffff; border-collapse: collapse; width: 747px; border: 1px solid #cccccc;\" border=\"1\">\n<tbody>\n<tr style=\"height: 15px;\">\n<td style=\"font-family: Verdana, Arial, Helvetica, sans-serif; font-size: 12px; color: #000000; margin: 8px; border: 1px solid #cccccc; width: 316px; height: 15px; text-align: left;\"><span style=\"line-height: 24px; font-size: 16px; font-family: arial, helvetica, sans-serif;\">Nombre del producto<\/span><\/td>\n<td style=\"font-family: Verdana, Arial, Helvetica, sans-serif; font-size: 12px; color: #000000; margin: 8px; border: 1px solid #cccccc; width: 427px; height: 15px; text-align: left;\"><span style=\"line-height: 24px; font-size: 16px; font-family: arial, helvetica, sans-serif;\">Tubo LED de 360 grados de color<\/span><\/td>\n<\/tr>\n<tr style=\"height: 15px;\">\n<td style=\"font-family: Verdana, Arial, Helvetica, sans-serif; font-size: 12px; color: #000000; margin: 8px; border: 1px solid #cccccc; width: 316px; height: 15px; text-align: left;\"><span style=\"line-height: 24px; font-size: 16px; font-family: arial, helvetica, sans-serif;\">Tensi\u00f3n de entrada<\/span><\/td>\n<td style=\"font-family: Verdana, Arial, Helvetica, sans-serif; font-size: 12px; color: #000000; margin: 8px; border: 1px solid #cccccc; width: 427px; height: 15px; text-align: left;\"><span style=\"line-height: 24px; font-size: 16px; font-family: arial, helvetica, sans-serif;\">DC24V<\/span><\/td>\n<\/tr>\n<tr style=\"height: 15px; text-align: left;\">\n<td style=\"font-family: Verdana, Arial, Helvetica, sans-serif; font-size: 12px; color: #000000; margin: 8px; border: 1px solid #cccccc; width: 316px; height: 15px; text-align: left;\"><span style=\"line-height: 24px; font-size: 16px; font-family: arial, helvetica, sans-serif;\">Potencia m\u00e1xima<\/span><\/td>\n<td style=\"font-family: Verdana, Arial, Helvetica, sans-serif; font-size: 12px; color: #000000; margin: 8px; border: 1px solid #cccccc; width: 427px; height: 15px;\"><span style=\"line-height: 24px; font-size: 16px; font-family: arial, helvetica, sans-serif;\">24W<\/span><\/td>\n<\/tr>\n<tr style=\"height: 15px; text-align: left;\">\n<td style=\"font-family: Verdana, Arial, Helvetica, sans-serif; font-size: 12px; color: #000000; margin: 8px; border: 1px solid #cccccc; width: 316px; height: 15px;\"><span style=\"line-height: 24px; font-size: 16px; font-family: arial, helvetica, sans-serif;\">Cantidad de LED<\/span><\/td>\n<td style=\"font-family: Verdana, Arial, Helvetica, sans-serif; font-size: 12px; color: #000000; margin: 8px; border: 1px solid #cccccc; width: 427px; height: 15px;\"><span style=\"line-height: 24px; font-size: 16px; font-family: arial, helvetica, sans-serif;\">144LEDs\/m<\/span><\/td>\n<\/tr>\n<tr style=\"height: 15px; text-align: left;\">\n<td style=\"font-family: Verdana, Arial, Helvetica, sans-serif; font-size: 12px; color: #000000; margin: 8px; border: 1px solid #cccccc; width: 316px; height: 15px;\"><span style=\"line-height: 24px; font-size: 16px; font-family: arial, helvetica, sans-serif;\">P\u00edxeles<\/span><\/td>\n<td style=\"font-family: Verdana, Arial, Helvetica, sans-serif; font-size: 12px; color: #000000; margin: 8px; border: 1px solid #cccccc; width: 427px; height: 15px;\"><span style=\"line-height: 24px; font-size: 16px; font-family: arial, helvetica, sans-serif;\">24P\u00edxeles<\/span><\/td>\n<\/tr>\n<tr style=\"height: 15px; text-align: left;\">\n<td style=\"font-family: Verdana, Arial, Helvetica, sans-serif; font-size: 12px; color: #000000; margin: 8px; border: 1px solid #cccccc; width: 316px; height: 15px;\"><span style=\"line-height: 24px; font-size: 16px; font-family: arial, helvetica, sans-serif;\">Tubo LED Tama\u00f1o<\/span><\/td>\n<td style=\"font-family: Verdana, Arial, Helvetica, sans-serif; font-size: 12px; color: #000000; margin: 8px; border: 1px solid #cccccc; width: 427px; height: 15px;\"><span style=\"line-height: 24px; font-size: 16px; color: #000000; font-family: arial, helvetica, sans-serif;\">Di\u00e1metro:40mm Longitud:998mm<\/span><\/td>\n<\/tr>\n<tr style=\"height: 18px; text-align: left;\">\n<td style=\"font-family: Verdana, Arial, Helvetica, sans-serif; font-size: 12px; color: #000000; margin: 8px; border: 1px solid #cccccc; width: 316px; height: 18px;\"><span style=\"line-height: 24px; font-size: 16px; font-family: arial, helvetica, sans-serif;\">Modelo<\/span><\/td>\n<td style=\"font-family: Verdana, Arial, Helvetica, sans-serif; font-size: 12px; color: #000000; margin: 8px; border: 1px solid #cccccc; width: 427px; height: 18px;\"><span style=\"line-height: 24px; font-family: arial, helvetica, sans-serif; font-size: 16px;\">CL-T100W<\/span><\/td>\n<\/tr>\n<tr style=\"height: 18px;\">\n<td style=\"font-family: Verdana, Arial, Helvetica, sans-serif; font-size: 12px; color: #000000; margin: 8px; border: 1px solid #cccccc; width: 316px; height: 18px; text-align: left;\"><span style=\"line-height: 24px; font-size: 16px; font-family: arial, helvetica, sans-serif;\">Colores<\/span><\/td>\n<td style=\"font-family: Verdana, Arial, Helvetica, sans-serif; font-size: 12px; color: #000000; margin: 8px; border: 1px solid #cccccc; width: 427px; height: 18px; text-align: left;\"><span style=\"line-height: 24px; font-size: 16px; font-family: arial, helvetica, sans-serif;\">A todo color RGB, cambio de color de ensue\u00f1o<\/span><\/td>\n<\/tr>\n<\/tbody>\n<\/table>\n<p style=\"margin: 0px; padding: 0px; font-size: 12px; font-style: normal; font-weight: 400; border: 0px; line-height: inherit; font-family: Arial, Helvetica; vertical-align: baseline; color: #333333;\"> <span style=\"line-height: 18px; font-family: arial, helvetica, sans-serif;\"><strong><span style=\"line-height: 36px; font-size: 24px;\">Aplicaciones<\/span><\/strong><\/span><\/p>\n<p style=\"margin: 0px; padding: 0px; color: #000000; font-family: Arial; font-size: 12px; font-style: normal; font-weight: 400;\"><span style=\"line-height: 24px; font-size: 16px;\">Este producto puede ser ampliamente utilizado en actuaciones esc\u00e9nicas, ambientaci\u00f3n de bares y decoraci\u00f3n de planetarios y salas de ciencia y tecnolog\u00eda.<\/span><\/p>\n<p style=\"margin: 0px; padding: 0px; color: #000000; font-family: Arial; font-size: 12px; font-style: normal; font-weight: 400; text-align: left;\"><span style=\"line-height: 36px; color: #000000; font-size: 24px; font-family: arial, helvetica, sans-serif;\"><strong>Ventajas  <\/strong><\/span><\/p>\n<p style=\"margin: 0px; padding: 0px; color: #000000; font-family: Arial; font-size: 12px; font-style: normal; font-weight: 400; text-align: left;\"><span style=\"line-height: 24px; font-size: 16px;\">1. Modo de control de una sola se\u00f1al, operaci\u00f3n simple;<\/span><\/p>\n<p style=\"margin: 0px; padding: 0px; color: #000000; font-family: Arial; font-size: 12px; font-style: normal; font-weight: 400; text-align: left;\"><span style=\"line-height: 24px; font-size: 16px;\">2. Material de PC, efecto hermoso, fuerte resistencia a la presi\u00f3n;<\/span><\/p>\n<p style=\"margin: 0px; padding: 0px; color: #000000; font-family: Arial; font-size: 12px; font-style: normal; font-weight: 400; text-align: left;\"><span style=\"line-height: 24px; font-size: 16px;\">3. 256 niveles de cambio de gris;<\/span><\/p>\n<p style=\"margin: 0px; padding: 0px; color: #000000; font-family: Arial; font-size: 12px; font-style: normal; font-weight: 400; text-align: left;\"><span style=\"line-height: 24px; font-size: 16px;\">4. Emisi\u00f3n de luz de 360 grados sin zonas oscuras;<\/span><\/p>\n<p style=\"margin: 0px; padding: 0px; color: #000000; font-family: Arial; font-size: 12px; font-style: normal; font-weight: 400; text-align: left;\"><span style=\"line-height: 24px; font-size: 16px;\">5. Transmisi\u00f3n en serie, se\u00f1al estable;<\/span><\/p>\n<p style=\"margin: 0px; padding: 0px; color: #000000; font-family: Arial; font-size: 12px; font-style: normal; font-weight: 400; text-align: left;\"><span style=\"line-height: 24px; font-size: 16px;\">6. Con funci\u00f3n de retorno de se\u00f1al;<\/span><\/p>\n<p style=\"margin: 0px; padding: 0px; color: #000000; font-family: Arial; font-size: 12px; font-style: normal; font-weight: 400; text-align: left;\"><span style=\"line-height: 24px; font-size: 16px;\">7. En combinaci\u00f3n con nuestro controlador Artnet, la operaci\u00f3n es m\u00e1s conveniente.<\/span><\/p>\n<p style=\"margin: 0px; padding: 0px; font-size: 12px; font-style: normal; font-weight: 400; border: 0px; line-height: inherit; font-family: Arial, Helvetica; vertical-align: baseline; color: #333333;\"><span style=\"line-height: 18px; font-family: arial, helvetica, sans-serif;\"> <\/span><\/p>\n<p style=\"margin: 0px; padding: 0px; color: #000000; font-family: Arial; font-size: 12px; font-style: normal; font-weight: 400;\" align=\"left\"><span style=\"line-height: 18px; font-family: arial, helvetica, sans-serif;\"> <img decoding=\"async\" style=\"vertical-align: middle; color: #000000; font-family: Arial; font-size: 12px; font-style: normal; font-weight: 400; background-color: #ffffff;\" src=\"https:\/\/sc04.alicdn.com\/kf\/H958afbdcf5644ed3a6525d52cbce1bc3k\/200440271\/H958afbdcf5644ed3a6525d52cbce1bc3k.jpg\" alt=\"1M Club Lighting Vertical 3D RGB 360 Led Tube Lights\"><br \/>\n<img decoding=\"async\" style=\"vertical-align: middle; color: #000000; font-family: Arial; font-size: 12px; font-style: normal; font-weight: 400; background-color: #ffffff;\" src=\"https:\/\/sc04.alicdn.com\/kf\/Hedf0d23b63b14f65b0c1fc8fe38dabbdr\/200440271\/Hedf0d23b63b14f65b0c1fc8fe38dabbdr.jpg\" alt=\"1M Club Lighting Vertical 3D RGB 360 Led Tube Lights\"><br \/>\n<img decoding=\"async\" style=\"vertical-align: middle; color: #000000; font-family: Arial; font-size: 12px; font-style: normal; font-weight: 400; background-color: #ffffff;\" src=\"https:\/\/sc04.alicdn.com\/kf\/H2666fcf4cff34752b3ac83e2be2bbe39m\/200440271\/H2666fcf4cff34752b3ac83e2be2bbe39m.jpg\" alt=\"1M Club Lighting Vertical 3D RGB 360 Led Tube Lights\"><br \/>\n<img decoding=\"async\" style=\"vertical-align: middle; color: #000000; font-family: Arial; font-size: 12px; font-style: normal; font-weight: 400; background-color: #ffffff;\" src=\"https:\/\/sc04.alicdn.com\/kf\/H67055541a51f48bbbb8d805b1a7277cbb\/200440271\/H67055541a51f48bbbb8d805b1a7277cbb.jpg\" alt=\"1M Club Lighting Vertical 3D RGB 360 Led Tube Lights\"><br \/>\n<img decoding=\"async\" style=\"vertical-align: middle; color: #000000; font-family: Arial; font-size: 12px; font-style: normal; font-weight: 400; background-color: #ffffff;\" src=\"https:\/\/sc04.alicdn.com\/kf\/H95f45f9aa4f24362b436281368e170c8H\/200440271\/H95f45f9aa4f24362b436281368e170c8H.jpg\" alt=\"1M Club Lighting Vertical 3D RGB 360 Led Tube Lights\"><\/span><\/p>\n<p style=\"margin: 0px; padding: 0px; color: #000000; font-family: Arial; font-size: 12px; font-style: normal; font-weight: 400;\" align=\"left\"><span style=\"line-height: 18px; font-family: arial, helvetica, sans-serif;\"><img decoding=\"async\" style=\"vertical-align: middle;\" src=\"https:\/\/sc01.alicdn.com\/kf\/H6bbbb245da3744c19214b14c554ce3e0Y\/200440271\/H6bbbb245da3744c19214b14c554ce3e0Y.png\" alt=\"1M Club Lighting Vertical 3D RGB 360 Led Tube Lights\" width=\"750\"><img fetchpriority=\"high\" decoding=\"async\" class=\"alignnone wp-image-924\" src=\"https:\/\/clfled.com\/wp-content\/uploads\/2022\/11\/%E5%BE%AE%E4%BF%A1%E5%9B%BE%E7%89%87_20221114221317-280x300.jpg\" alt=\"\" width=\"750\" height=\"804\"> <img decoding=\"async\" class=\"alignnone wp-image-925\" src=\"https:\/\/clfled.com\/wp-content\/uploads\/2022\/11\/%E5%BE%AE%E4%BF%A1%E5%9B%BE%E7%89%87_20221114221354-300x169.jpg\" alt=\"\" width=\"751\" height=\"423\"> <img decoding=\"async\" class=\"alignnone wp-image-926\" src=\"https:\/\/clfled.com\/wp-content\/uploads\/2022\/11\/%E5%BE%AE%E4%BF%A1%E5%9B%BE%E7%89%87_20221114221400-300x225.jpg\" alt=\"\" width=\"747\" height=\"560\"> <img loading=\"lazy\" decoding=\"async\" class=\"alignnone wp-image-927\" src=\"https:\/\/clfled.com\/wp-content\/uploads\/2022\/11\/%E5%BE%AE%E4%BF%A1%E5%9B%BE%E7%89%87_20221114221406-300x225.jpg\" alt=\"\" width=\"747\" height=\"560\"><\/span><\/p>\n<p style=\"margin: 0px; padding: 0px; color: #000000; font-family: Arial; font-size: 12px; font-style: normal; font-weight: 400;\">\n","protected":false},"excerpt":{"rendered":"<p>1. Modo de control de una sola se\u00f1al, operaci\u00f3n simple;<br \/>\n2. Material de PC, efecto hermoso, fuerte resistencia a la presi\u00f3n;<br \/>\n3. 256 niveles de cambio de gris;<br \/>\n4. Emisi\u00f3n de luz de 360 grados sin zonas oscuras;<br \/>\n5. Transmisi\u00f3n en serie, se\u00f1al estable;<br \/>\n6. Con funci\u00f3n de retorno de se\u00f1al;<br \/>\n7. En combinaci\u00f3n con nuestro controlador Artnet, la operaci\u00f3n es m\u00e1s conveniente.<\/p>\n","protected":false},"featured_media":1556,"comment_status":"open","ping_status":"closed","template":"","meta":[],"product_cat":[140],"product_tag":[],"class_list":["post-4663","product","type-product","status-publish","has-post-thumbnail","hentry","product_cat-tubo-de-luz-led-de-360-pixeles"],"yoast_head":"<!-- This site is optimized with the Yoast SEO Premium plugin v21.0 (Yoast SEO v21.0) - https:\/\/yoast.com\/wordpress\/plugins\/seo\/ -->\n<title>1M Club Lighting Vertical 3D RGB 360 Led Tube Lights - Clfled<\/title>\n<meta name=\"robots\" content=\"index, follow, max-snippet:-1, max-image-preview:large, max-video-preview:-1\" \/>\n<link rel=\"canonical\" href=\"https:\/\/clfled.com\/es\/producto\/1m-club-lighting-vertical-3d-rgb-360-led-tube-lights-2\/\" \/>\n<meta property=\"og:locale\" content=\"es_ES\" \/>\n<meta property=\"og:type\" content=\"article\" \/>\n<meta property=\"og:title\" content=\"1M Club Lighting Vertical 3D RGB 360 Led Tube Lights\" \/>\n<meta property=\"og:description\" content=\"1. Modo de control de una sola se\u00f1al, operaci\u00f3n simple; 2. Material de PC, efecto hermoso, fuerte resistencia a la presi\u00f3n; 3. 256 niveles de cambio de gris; 4. Emisi\u00f3n de luz de 360 grados sin zonas oscuras; 5. Transmisi\u00f3n en serie, se\u00f1al estable; 6. Con funci\u00f3n de retorno de se\u00f1al; 7. En combinaci\u00f3n con nuestro controlador Artnet, la operaci\u00f3n es m\u00e1s conveniente.\" \/>\n<meta property=\"og:url\" content=\"https:\/\/clfled.com\/es\/producto\/1m-club-lighting-vertical-3d-rgb-360-led-tube-lights-2\/\" \/>\n<meta property=\"og:site_name\" content=\"Clfled\" \/>\n<meta property=\"article:modified_time\" content=\"2022-11-28T09:13:51+00:00\" \/>\n<meta property=\"og:image\" content=\"https:\/\/clfled.com\/wp-content\/uploads\/2022\/11\/H9fb8c0ac2a644cc6b0bb92f30f29f7f1u.jpg\" \/>\n\t<meta property=\"og:image:width\" content=\"750\" \/>\n\t<meta property=\"og:image:height\" content=\"750\" \/>\n\t<meta property=\"og:image:type\" content=\"image\/jpeg\" \/>\n<meta name=\"twitter:card\" content=\"summary_large_image\" \/>\n<meta name=\"twitter:label1\" content=\"Tiempo de lectura\" \/>\n\t<meta name=\"twitter:data1\" content=\"1 minuto\" \/>\n<script type=\"application\/ld+json\" class=\"yoast-schema-graph\">{\"@context\":\"https:\/\/schema.org\",\"@graph\":[{\"@type\":\"WebPage\",\"@id\":\"https:\/\/clfled.com\/es\/producto\/1m-club-lighting-vertical-3d-rgb-360-led-tube-lights-2\/\",\"url\":\"https:\/\/clfled.com\/es\/producto\/1m-club-lighting-vertical-3d-rgb-360-led-tube-lights-2\/\",\"name\":\"1M Club Lighting Vertical 3D RGB 360 Led Tube Lights - Clfled\",\"isPartOf\":{\"@id\":\"https:\/\/clfled.com\/es\/#website\"},\"datePublished\":\"2022-11-05T05:45:11+00:00\",\"dateModified\":\"2022-11-28T09:13:51+00:00\",\"breadcrumb\":{\"@id\":\"https:\/\/clfled.com\/es\/producto\/1m-club-lighting-vertical-3d-rgb-360-led-tube-lights-2\/#breadcrumb\"},\"inLanguage\":\"es\",\"potentialAction\":[{\"@type\":\"ReadAction\",\"target\":[\"https:\/\/clfled.com\/es\/producto\/1m-club-lighting-vertical-3d-rgb-360-led-tube-lights-2\/\"]}]},{\"@type\":\"BreadcrumbList\",\"@id\":\"https:\/\/clfled.com\/es\/producto\/1m-club-lighting-vertical-3d-rgb-360-led-tube-lights-2\/#breadcrumb\",\"itemListElement\":[{\"@type\":\"ListItem\",\"position\":1,\"name\":\"HOME\",\"item\":\"https:\/\/clfled.com\/es\/\"},{\"@type\":\"ListItem\",\"position\":2,\"name\":\"Tienda\",\"item\":\"https:\/\/clfled.com\/es\/tienda\/\"},{\"@type\":\"ListItem\",\"position\":3,\"name\":\"1M Club Lighting Vertical 3D RGB 360 Led Tube Lights\"}]},{\"@type\":\"WebSite\",\"@id\":\"https:\/\/clfled.com\/es\/#website\",\"url\":\"https:\/\/clfled.com\/es\/\",\"name\":\"Clfled\",\"description\":\"clfled.com\",\"potentialAction\":[{\"@type\":\"SearchAction\",\"target\":{\"@type\":\"EntryPoint\",\"urlTemplate\":\"https:\/\/clfled.com\/es\/?s={search_term_string}\"},\"query-input\":\"required name=search_term_string\"}],\"inLanguage\":\"es\"}]}<\/script>\n<!-- \/ Yoast SEO Premium plugin. -->","yoast_head_json":{"title":"1M Club Lighting Vertical 3D RGB 360 Led Tube Lights - Clfled","robots":{"index":"index","follow":"follow","max-snippet":"max-snippet:-1","max-image-preview":"max-image-preview:large","max-video-preview":"max-video-preview:-1"},"canonical":"https:\/\/clfled.com\/es\/producto\/1m-club-lighting-vertical-3d-rgb-360-led-tube-lights-2\/","og_locale":"es_ES","og_type":"article","og_title":"1M Club Lighting Vertical 3D RGB 360 Led Tube Lights","og_description":"1. Modo de control de una sola se\u00f1al, operaci\u00f3n simple; 2. Material de PC, efecto hermoso, fuerte resistencia a la presi\u00f3n; 3. 256 niveles de cambio de gris; 4. Emisi\u00f3n de luz de 360 grados sin zonas oscuras; 5. Transmisi\u00f3n en serie, se\u00f1al estable; 6. Con funci\u00f3n de retorno de se\u00f1al; 7. En combinaci\u00f3n con nuestro controlador Artnet, la operaci\u00f3n es m\u00e1s conveniente.","og_url":"https:\/\/clfled.com\/es\/producto\/1m-club-lighting-vertical-3d-rgb-360-led-tube-lights-2\/","og_site_name":"Clfled","article_modified_time":"2022-11-28T09:13:51+00:00","og_image":[{"width":750,"height":750,"url":"https:\/\/clfled.com\/wp-content\/uploads\/2022\/11\/H9fb8c0ac2a644cc6b0bb92f30f29f7f1u.jpg","type":"image\/jpeg"}],"twitter_card":"summary_large_image","twitter_misc":{"Tiempo de lectura":"1 minuto"},"schema":{"@context":"https:\/\/schema.org","@graph":[{"@type":"WebPage","@id":"https:\/\/clfled.com\/es\/producto\/1m-club-lighting-vertical-3d-rgb-360-led-tube-lights-2\/","url":"https:\/\/clfled.com\/es\/producto\/1m-club-lighting-vertical-3d-rgb-360-led-tube-lights-2\/","name":"1M Club Lighting Vertical 3D RGB 360 Led Tube Lights - Clfled","isPartOf":{"@id":"https:\/\/clfled.com\/es\/#website"},"datePublished":"2022-11-05T05:45:11+00:00","dateModified":"2022-11-28T09:13:51+00:00","breadcrumb":{"@id":"https:\/\/clfled.com\/es\/producto\/1m-club-lighting-vertical-3d-rgb-360-led-tube-lights-2\/#breadcrumb"},"inLanguage":"es","potentialAction":[{"@type":"ReadAction","target":["https:\/\/clfled.com\/es\/producto\/1m-club-lighting-vertical-3d-rgb-360-led-tube-lights-2\/"]}]},{"@type":"BreadcrumbList","@id":"https:\/\/clfled.com\/es\/producto\/1m-club-lighting-vertical-3d-rgb-360-led-tube-lights-2\/#breadcrumb","itemListElement":[{"@type":"ListItem","position":1,"name":"HOME","item":"https:\/\/clfled.com\/es\/"},{"@type":"ListItem","position":2,"name":"Tienda","item":"https:\/\/clfled.com\/es\/tienda\/"},{"@type":"ListItem","position":3,"name":"1M Club Lighting Vertical 3D RGB 360 Led Tube Lights"}]},{"@type":"WebSite","@id":"https:\/\/clfled.com\/es\/#website","url":"https:\/\/clfled.com\/es\/","name":"Clfled","description":"clfled.com","potentialAction":[{"@type":"SearchAction","target":{"@type":"EntryPoint","urlTemplate":"https:\/\/clfled.com\/es\/?s={search_term_string}"},"query-input":"required name=search_term_string"}],"inLanguage":"es"}]}},"_links":{"self":[{"href":"https:\/\/clfled.com\/es\/wp-json\/wp\/v2\/product\/4663","targetHints":{"allow":["GET"]}}],"collection":[{"href":"https:\/\/clfled.com\/es\/wp-json\/wp\/v2\/product"}],"about":[{"href":"https:\/\/clfled.com\/es\/wp-json\/wp\/v2\/types\/product"}],"replies":[{"embeddable":true,"href":"https:\/\/clfled.com\/es\/wp-json\/wp\/v2\/comments?post=4663"}],"version-history":[{"count":2,"href":"https:\/\/clfled.com\/es\/wp-json\/wp\/v2\/product\/4663\/revisions"}],"predecessor-version":[{"id":4670,"href":"https:\/\/clfled.com\/es\/wp-json\/wp\/v2\/product\/4663\/revisions\/4670"}],"wp:featuredmedia":[{"embeddable":true,"href":"https:\/\/clfled.com\/es\/wp-json\/wp\/v2\/media\/1556"}],"wp:attachment":[{"href":"https:\/\/clfled.com\/es\/wp-json\/wp\/v2\/media?parent=4663"}],"wp:term":[{"taxonomy":"product_cat","embeddable":true,"href":"https:\/\/clfled.com\/es\/wp-json\/wp\/v2\/product_cat?post=4663"},{"taxonomy":"product_tag","embeddable":true,"href":"https:\/\/clfled.com\/es\/wp-json\/wp\/v2\/product_tag?post=4663"}],"curies":[{"name":"wp","href":"https:\/\/api.w.org\/{rel}","templated":true}]}}