{"id":4519,"date":"2022-11-05T10:57:49","date_gmt":"2022-11-05T02:57:49","guid":{"rendered":"https:\/\/clfled.com\/product\/nuevo-producto-bateria-wifi-tubo-inalambrico-de-15m-juego-de-tubos-con-control-dmx-y-app-luz-de-tubo-de-elevacion-cinetica-wifi-para-escenario\/"},"modified":"2022-11-30T18:16:48","modified_gmt":"2022-11-30T10:16:48","slug":"nuevo-producto-tubo-inalambrico-1-5m-tubo-set-dmx-y-app-control-wifi-tubo-inalambrico-para-escenario","status":"publish","type":"product","link":"https:\/\/clfled.com\/es\/producto\/nuevo-producto-tubo-inalambrico-1-5m-tubo-set-dmx-y-app-control-wifi-tubo-inalambrico-para-escenario\/","title":{"rendered":"Nuevo producto Bater\u00eda WIFI Tubo inal\u00e1mbrico de 1,5m Juego de tubos con control DMX y APP Luz de tubo de elevaci\u00f3n cin\u00e9tica WIFI para escenario"},"content":{"rendered":"<div><span style=\"font-size: 14.05pt;font-family: Arial;color: #000000;font-weight: bold\">Nombre del producto<\/span><span style=\"font-size: 14.05pt;color: #000000;font-weight: bold\">:<\/span><span style=\"font-size: 14.05pt;font-family: Arial;color: #000000;font-weight: bold\">HONDYS TUBO LED INAL\u00c1MBRICO 1,5m un juego<\/span><\/div>\n<div><span style=\"font-size: 14.05pt;font-family: Calibri;color: #000000;font-weight: bold\">Resumen<\/span><span style=\"font-size: 14.05pt;color: #000000;font-weight: bold\">: <\/span> <\/div>\n<div><span style=\"font-size: 12pt;font-family: Times New Roman;color: #000000\">Este producto es un tubo LED inteligente e inal\u00e1mbrico, que utiliza la transmisi\u00f3n inal\u00e1mbrica WIFI 2.4G, y soporta la transmisi\u00f3n inal\u00e1mbrica  <\/span><\/div>\n<div><span style=\"font-size: 12pt;font-family: Times New Roman;color: #000000\">Control de la se\u00f1al Artnet\/DMX, la distancia de control puede alcanzar los 30M; soporta el control manualPCAPP, f\u00e1cil  <\/span><\/div>\n<div><span style=\"font-size: 12pt;font-family: Times New Roman;color: #000000\">para usar; 160<\/span><span style=\"font-size: 12pt;color: #000000\">\u00b0<\/span><span style=\"font-size: 12pt;font-family: Times New Roman;color: #000000\">\u00e1ngulo del haz, que puede realizar varios efectos de iluminaci\u00f3n como monocromo, gradiente, <\/span> <\/div>\n<div><span style=\"font-size: 12pt;font-family: Times New Roman;color: #000000\">agua que fluye, saltos, etc.; modos de iluminaci\u00f3n m\u00faltiples preprogramados, adecuados para diversos escenarios;  <\/span><\/div>\n<div><span style=\"font-size: 12pt;font-family: Times New Roman;color: #000000\">alimentado por bater\u00edas recargables, soporta el protocolo de carga r\u00e1pida PD3.0, el tiempo m\u00ednimo de trabajo de  <\/span><\/div>\n<div><span style=\"font-size: 12pt;font-family: Times New Roman;color: #000000\">la bater\u00eda es de 6 horas; anillos colgantes, hebillas de luz, soporte de tr\u00edpodes y otros m\u00e9todos de instalaci\u00f3n; adecuado  <\/span><\/div>\n<div><span style=\"font-size: 12pt;font-family: Times New Roman;color: #000000\">para la iluminaci\u00f3n de escenarios, representaciones esc\u00e9nicas, eventos temporales, espect\u00e1culos automovil\u00edsticos, iluminaci\u00f3n de bodas, viajes al aire libre,  <\/span><\/div>\n<div><span style=\"font-size: 12pt;font-family: Times New Roman;color: #000000\">fotograf\u00eda, conciertos y otros lugares.<\/span><\/div>\n<div><span style=\"font-size: 12pt;font-family: Times New Roman;color: #000000\"><img decoding=\"async\" src=\"\/\/sc04.alicdn.com\/kf\/H847f5b568e1b46cd97d9e18310805ae31\/200440271\/H847f5b568e1b46cd97d9e18310805ae31.jpg\" alt=\"Nuevo producto Bater\u00eda WIFI Tubo inal\u00e1mbrico de 1,5m Juego de tubos con control DMX y APP Luz de tubo de elevaci\u00f3n cin\u00e9tica WIFI para escenario\"><\/span><\/div>\n<div><span style=\"font-size: 12pt;font-family: Times New Roman;color: #000000\"><img decoding=\"async\" src=\"\/\/sc04.alicdn.com\/kf\/H3c5ef93edfca42d28387af09a5833fa40\/200440271\/H3c5ef93edfca42d28387af09a5833fa40.jpg\" alt=\"Nuevo producto Bater\u00eda WIFI Tubo inal\u00e1mbrico de 1,5m Juego de tubos con control DMX y APP Luz de tubo de elevaci\u00f3n cin\u00e9tica WIFI para escenario\"><\/span><\/div>\n<div><span style=\"font-size: 12pt;font-family: Times New Roman;color: #000000\">\u00cdndice de reproducci\u00f3n crom\u00e1tica CRI \u226592  <\/span><\/div>\n<div><span style=\"font-size: 12pt;font-family: Times New Roman;color: #000000\">Vida \u00fatil del LED H 50000H  <\/span><\/div>\n<div><span style=\"font-size: 12pt;font-family: Times New Roman;color: #000000\">Temperatura de color K 3200-8500K  <\/span><\/div>\n<div><span style=\"font-size: 12pt;font-family: Times New Roman;color: #000000\">Color &#8211; RGBW  <\/span><\/div>\n<div><span style=\"font-size: 12pt;font-family: Times New Roman;color: #000000\">\u00c1ngulo del haz DEG 160\u00b0  <\/span><\/div>\n<div><span style=\"font-size: 12pt;font-family: Times New Roman;color: #000000\">LED cantidad PCS 80PCS  <\/span><\/div>\n<div><span style=\"font-size: 12pt;font-family: Times New Roman;color: #000000\">Cantidad de p\u00edxeles PCS 20PCS  <\/span><\/div>\n<div><span style=\"font-size: 12pt;font-family: Times New Roman;color: #000000\">Duraci\u00f3n de la bater\u00eda H 20000H  <\/span><\/div>\n<div><span style=\"font-size: 12pt;font-family: Times New Roman;color: #000000\">Duraci\u00f3n de la bater\u00eda H &gt;6H  <\/span><\/div>\n<div><span style=\"font-size: 12pt;font-family: Times New Roman;color: #000000\">Tiempo de carga H \u22645H  <\/span><\/div>\n<div><span style=\"font-size: 12pt;font-family: Times New Roman;color: #000000\">Escala de grises &#8211; 65536  <\/span><\/div>\n<div><span style=\"font-size: 12pt;font-family: Times New Roman;color: #000000\">Longitud de onda NM R:620-625nm G:515-520nm B:460-465nm  <\/span><\/div>\n<div><span style=\"font-size: 12pt;font-family: Times New Roman;color: #000000\">Tensi\u00f3n de carga V 5V-20V(Protocolo PD)  <\/span><\/div>\n<div><span style=\"font-size: 12pt;font-family: Times New Roman;color: #000000\">Potencia m\u00e1xima W 20W  <\/span><\/div>\n<div><span style=\"font-size: 12pt;font-family: Times New Roman;color: #000000\">Modo de funcionamiento &#8211; DMX,ART-NET(RDM)  <\/span><\/div>\n<div><span style=\"font-size: 12pt;font-family: Times New Roman;color: #000000\">Distancia de transmisi\u00f3n M \u226430M (modo ART-NET) \u2264300M (modo comando)  <\/span><\/div>\n<div><span style=\"font-size: 12pt;font-family: Times New Roman;color: #000000\">Idioma de funcionamiento: chino simplificado\/ingl\u00e9s  <\/span><\/div>\n<div><span style=\"font-size: 12pt;font-family: Times New Roman;color: #000000\">Tama\u00f1o MM 1000*\u03c640MM Peso KG 1.1KG  <\/span><\/div>\n<div><span style=\"font-size: 12pt;font-family: Times New Roman;color: #000000\">Grado de impermeabilidad &#8211; IP65  <\/span><\/div>\n<div><span style=\"font-size: 12pt;font-family: Times New Roman;color: #000000\">Material de la carcasa: PC+Aluminio  <\/span><\/div>\n<div><span style=\"font-size: 12pt;font-family: Times New Roman;color: #000000\">M\u00e9todo de instalaci\u00f3n &#8211; Anillo de suspensi\u00f3n, soporte de tr\u00edpode, hebilla de luz, conector recto y cabezal de tr\u00edpode  <\/span><\/div>\n<div><span style=\"font-size: 12pt;font-family: Times New Roman;color: #000000\">Pantalla &#8211; Pantalla OLED  <\/span><\/div>\n<div><span style=\"font-size: 12pt;font-family: Times New Roman;color: #000000\">Control manual &#8211; Control de botones de mando Software de apoyo &#8211; Hondys\/Mad-show\/Madrix<\/span><\/div>\n<div><span style=\"font-size: 12pt;font-family: Times New Roman;color: #000000\"><img decoding=\"async\" src=\"\/\/sc04.alicdn.com\/kf\/H8db46cb06fcc409a9d323f98d986fa73I\/200440271\/H8db46cb06fcc409a9d323f98d986fa73I.jpg\" alt=\"Nuevo producto Bater\u00eda WIFI Tubo inal\u00e1mbrico de 1,5m Juego de tubos con control DMX y APP Luz de tubo de elevaci\u00f3n cin\u00e9tica WIFI para escenario\"><br \/>\n<img decoding=\"async\" src=\"\/\/sc04.alicdn.com\/kf\/H0e18b07694bb4b56b055bb73652ecf43b\/200440271\/H0e18b07694bb4b56b055bb73652ecf43b.jpg\" alt=\"Nuevo producto Bater\u00eda WIFI Tubo inal\u00e1mbrico de 1,5m Juego de tubos con control DMX y APP Luz de tubo de elevaci\u00f3n cin\u00e9tica WIFI para escenario\"><br \/>\n<img decoding=\"async\" src=\"\/\/sc04.alicdn.com\/kf\/Hbb74630489a9463dbc6ff42c73ef46baE\/200440271\/Hbb74630489a9463dbc6ff42c73ef46baE.jpg\" alt=\"Nuevo producto Bater\u00eda WIFI Tubo inal\u00e1mbrico de 1,5m Juego de tubos con control DMX y APP Luz de tubo de elevaci\u00f3n cin\u00e9tica WIFI para escenario\"><br \/>\n<img decoding=\"async\" src=\"\/\/sc04.alicdn.com\/kf\/H35d0da0b54124e518d7622556e04446d2\/200440271\/H35d0da0b54124e518d7622556e04446d2.jpg\" alt=\"Nuevo producto Bater\u00eda WIFI Tubo inal\u00e1mbrico de 1,5m Juego de tubos con control DMX y APP Luz de tubo de elevaci\u00f3n cin\u00e9tica WIFI para escenario\"><br \/>\n<img decoding=\"async\" src=\"\/\/sc04.alicdn.com\/kf\/Hd9cafe5d68904cbc98bb7e3ba9f6e233X\/200440271\/Hd9cafe5d68904cbc98bb7e3ba9f6e233X.jpg\" alt=\"Nuevo producto Bater\u00eda WIFI Tubo inal\u00e1mbrico de 1,5m Juego de tubos con control DMX y APP Luz de tubo de elevaci\u00f3n cin\u00e9tica WIFI para escenario\"><\/span><\/div>\n<div><span style=\"font-size: 12pt;font-family: Times New Roman;color: #000000\"><img decoding=\"async\" src=\"\/\/sc04.alicdn.com\/kf\/H2c9f9fadaf6b49b1a32c30782108d230T\/200440271\/H2c9f9fadaf6b49b1a32c30782108d230T.jpg\" alt=\"Nuevo producto Bater\u00eda WIFI Tubo inal\u00e1mbrico de 1,5m Juego de tubos con control DMX y APP Luz de tubo de elevaci\u00f3n cin\u00e9tica WIFI para escenario\"><\/span><\/div>\n<div><span style=\"font-size: 12pt;font-family: Times New Roman;color: #000000\"><img decoding=\"async\" src=\"\/\/sc04.alicdn.com\/kf\/He0e79dcd5f3a4c6394f135d79a3824f9z\/200440271\/He0e79dcd5f3a4c6394f135d79a3824f9z.jpg\" alt=\"Nuevo producto Bater\u00eda WIFI Tubo inal\u00e1mbrico de 1,5m Juego de tubos con control DMX y APP Luz de tubo de elevaci\u00f3n cin\u00e9tica WIFI para escenario\"><br \/>\n<img decoding=\"async\" src=\"\/\/sc04.alicdn.com\/kf\/H6384397e456e4369a0ddfed5ee0a385ey\/200440271\/H6384397e456e4369a0ddfed5ee0a385ey.jpg\" alt=\"Nuevo producto Bater\u00eda WIFI Tubo inal\u00e1mbrico de 1,5m Juego de tubos con control DMX y APP Luz de tubo de elevaci\u00f3n cin\u00e9tica WIFI para escenario\"><br \/>\n<img decoding=\"async\" src=\"\/\/sc04.alicdn.com\/kf\/H7befc01285d241118612c6db1d752c3de\/200440271\/H7befc01285d241118612c6db1d752c3de.jpg\" alt=\"Nuevo producto Bater\u00eda WIFI Tubo inal\u00e1mbrico de 1,5m Juego de tubos con control DMX y APP Luz de tubo de elevaci\u00f3n cin\u00e9tica WIFI para escenario\"><br \/>\n<img decoding=\"async\" src=\"\/\/sc04.alicdn.com\/kf\/H3b3b6a70457f41e98acbd93d40d2cb9bB\/200440271\/H3b3b6a70457f41e98acbd93d40d2cb9bB.jpg\" alt=\"Nuevo producto Bater\u00eda WIFI Tubo inal\u00e1mbrico de 1,5m Juego de tubos con control DMX y APP Luz de tubo de elevaci\u00f3n cin\u00e9tica WIFI para escenario\"><\/span><span style=\"font-size: 12pt;font-family: Times New Roman;color: #000000\"><img fetchpriority=\"high\" decoding=\"async\" class=\"alignnone wp-image-966\" src=\"https:\/\/clfled.com\/wp-content\/uploads\/2022\/11\/%E4%B8%89%E8%84%9A%E6%9E%B63-225x300.jpg\" alt=\"\" width=\"785\" height=\"1047\"><img decoding=\"async\" class=\"alignnone wp-image-943\" src=\"https:\/\/clfled.com\/wp-content\/uploads\/2022\/11\/hondys-%E4%B8%BB%E5%9B%BE5-300x300.jpg\" alt=\"\" width=\"782\" height=\"782\"><br \/>\n<\/span><\/div>\n<div><img decoding=\"async\" class=\"alignnone wp-image-931\" src=\"https:\/\/clfled.com\/wp-content\/uploads\/2022\/11\/15-300x180.jpg\" alt=\"\" width=\"782\" height=\"469\" srcset=\"https:\/\/clfled.com\/wp-content\/uploads\/2022\/11\/15-300x180.jpg 300w, https:\/\/clfled.com\/wp-content\/uploads\/2022\/11\/15-500x300.jpg 500w, https:\/\/clfled.com\/wp-content\/uploads\/2022\/11\/15-150x90.jpg 150w, https:\/\/clfled.com\/wp-content\/uploads\/2022\/11\/15-700x421.jpg 700w, https:\/\/clfled.com\/wp-content\/uploads\/2022\/11\/15-1024x615.jpg 1024w, https:\/\/clfled.com\/wp-content\/uploads\/2022\/11\/15-768x461.jpg 768w, https:\/\/clfled.com\/wp-content\/uploads\/2022\/11\/15.jpg 1438w\" sizes=\"(max-width: 782px) 100vw, 782px\" \/><\/div>\n<div><\/div>\n","protected":false},"excerpt":{"rendered":"<p>Este tubo de bater\u00eda LED inal\u00e1mbrico est\u00e1 dise\u00f1ado para ser utilizado en diferentes aplicaciones, tales como la actuaci\u00f3n en el escenario, evento temporal, recepci\u00f3n de la boda, espect\u00e1culos de autom\u00f3viles, ambiente de iluminaci\u00f3n de viaje, decoraci\u00f3n al aire libre, etc.<br \/>\nOfrecemos tubos de tres tama\u00f1os: 1 metro, 1,2 metros y 1,5 metros, cuyo tiempo m\u00ednimo de funcionamiento es de seis horas y media, 5 horas y 9 horas respectivamente.<br \/>\nAdmiten la transmisi\u00f3n inal\u00e1mbrica de 2,4 GHz, mandos a distancia, distancias de hasta 30 metros.<br \/>\nImplementan los est\u00e1ndares de carga r\u00e1pida USB Tipo C PD 3.0, soportan 20 voltajes. Soporta cargador 9 en 1, carga r\u00e1pida.<br \/>\nAdmite la sincronizaci\u00f3n de varias l\u00e1mparas, en cascada, los efectos son m\u00e1s pronunciados. Soporta la programaci\u00f3n de hardware y firmware, como Hondys, Mad-shower, Madrix. Proporciona una emisi\u00f3n de luz de 160\u00b0, que puede realizar varios efectos de iluminaci\u00f3n como el gradiente, el agua que fluye y el monocromo.<br \/>\nHay 4 m\u00e9todos de instalaci\u00f3n: anillo de colgar, soporte de tr\u00edpode, hebilla de luz y conector traight, que es f\u00e1cil de operar.<\/p>\n","protected":false},"featured_media":1436,"comment_status":"open","ping_status":"closed","template":"","meta":[],"product_cat":[156],"product_tag":[],"class_list":["post-4519","product","type-product","status-publish","has-post-thumbnail","hentry","product_cat-tubo-de-bateria-de-leds-inalambrico"],"yoast_head":"<!-- This site is optimized with the Yoast SEO Premium plugin v21.0 (Yoast SEO v21.0) - https:\/\/yoast.com\/wordpress\/plugins\/seo\/ -->\n<title>Nuevo producto Bater\u00eda WIFI Tubo inal\u00e1mbrico de 1,5m Juego de tubos con control DMX y APP Luz de tubo de elevaci\u00f3n cin\u00e9tica WIFI para escenario - Clfled<\/title>\n<meta name=\"robots\" content=\"index, follow, max-snippet:-1, max-image-preview:large, max-video-preview:-1\" \/>\n<link rel=\"canonical\" href=\"https:\/\/clfled.com\/es\/producto\/nuevo-producto-tubo-inalambrico-1-5m-tubo-set-dmx-y-app-control-wifi-tubo-inalambrico-para-escenario\/\" \/>\n<meta property=\"og:locale\" content=\"es_ES\" \/>\n<meta property=\"og:type\" content=\"article\" \/>\n<meta property=\"og:title\" content=\"Nuevo producto Bater\u00eda WIFI Tubo inal\u00e1mbrico de 1,5m Juego de tubos con control DMX y APP Luz de tubo de elevaci\u00f3n cin\u00e9tica WIFI para escenario\" \/>\n<meta property=\"og:description\" content=\"Este tubo de bater\u00eda LED inal\u00e1mbrico est\u00e1 dise\u00f1ado para ser utilizado en diferentes aplicaciones, tales como la actuaci\u00f3n en el escenario, evento temporal, recepci\u00f3n de la boda, espect\u00e1culos de autom\u00f3viles, ambiente de iluminaci\u00f3n de viaje, decoraci\u00f3n al aire libre, etc.  Ofrecemos tubos de tres tama\u00f1os: 1 metro, 1,2 metros y 1,5 metros, cuyo tiempo m\u00ednimo de funcionamiento es de seis horas y media, 5 horas y 9 horas respectivamente. Admiten la transmisi\u00f3n inal\u00e1mbrica de 2,4 GHz, mandos a distancia, distancias de hasta 30 metros.  Implementan los est\u00e1ndares de carga r\u00e1pida USB Tipo C PD 3.0, soportan 20 voltajes. Soporta cargador 9 en 1, carga r\u00e1pida.  Admite la sincronizaci\u00f3n de varias l\u00e1mparas, en cascada, los efectos son m\u00e1s pronunciados. Soporta la programaci\u00f3n de hardware y firmware, como Hondys, Mad-shower, Madrix. Proporciona una emisi\u00f3n de luz de 160\u00b0, que puede realizar varios efectos de iluminaci\u00f3n como el gradiente, el agua que fluye y el monocromo. Hay 4 m\u00e9todos de instalaci\u00f3n: anillo de colgar, soporte de tr\u00edpode, hebilla de luz y conector traight, que es f\u00e1cil de operar.\" \/>\n<meta property=\"og:url\" content=\"https:\/\/clfled.com\/es\/producto\/nuevo-producto-tubo-inalambrico-1-5m-tubo-set-dmx-y-app-control-wifi-tubo-inalambrico-para-escenario\/\" \/>\n<meta property=\"og:site_name\" content=\"Clfled\" \/>\n<meta property=\"article:modified_time\" content=\"2022-11-30T10:16:48+00:00\" \/>\n<meta property=\"og:image\" content=\"https:\/\/clfled.com\/wp-content\/uploads\/2022\/11\/H48847a4f0b1d44be8f65f54b34dc71deD-scaled.jpg\" \/>\n\t<meta property=\"og:image:width\" content=\"2560\" \/>\n\t<meta property=\"og:image:height\" content=\"2560\" \/>\n\t<meta property=\"og:image:type\" content=\"image\/jpeg\" \/>\n<meta name=\"twitter:card\" content=\"summary_large_image\" \/>\n<meta name=\"twitter:label1\" content=\"Tiempo de lectura\" \/>\n\t<meta name=\"twitter:data1\" content=\"5 minutos\" \/>\n<script type=\"application\/ld+json\" class=\"yoast-schema-graph\">{\"@context\":\"https:\/\/schema.org\",\"@graph\":[{\"@type\":\"WebPage\",\"@id\":\"https:\/\/clfled.com\/es\/producto\/nuevo-producto-tubo-inalambrico-1-5m-tubo-set-dmx-y-app-control-wifi-tubo-inalambrico-para-escenario\/\",\"url\":\"https:\/\/clfled.com\/es\/producto\/nuevo-producto-tubo-inalambrico-1-5m-tubo-set-dmx-y-app-control-wifi-tubo-inalambrico-para-escenario\/\",\"name\":\"Nuevo producto Bater\u00eda WIFI Tubo inal\u00e1mbrico de 1,5m Juego de tubos con control DMX y APP Luz de tubo de elevaci\u00f3n cin\u00e9tica WIFI para escenario - Clfled\",\"isPartOf\":{\"@id\":\"https:\/\/clfled.com\/es\/#website\"},\"datePublished\":\"2022-11-05T02:57:49+00:00\",\"dateModified\":\"2022-11-30T10:16:48+00:00\",\"breadcrumb\":{\"@id\":\"https:\/\/clfled.com\/es\/producto\/nuevo-producto-tubo-inalambrico-1-5m-tubo-set-dmx-y-app-control-wifi-tubo-inalambrico-para-escenario\/#breadcrumb\"},\"inLanguage\":\"es\",\"potentialAction\":[{\"@type\":\"ReadAction\",\"target\":[\"https:\/\/clfled.com\/es\/producto\/nuevo-producto-tubo-inalambrico-1-5m-tubo-set-dmx-y-app-control-wifi-tubo-inalambrico-para-escenario\/\"]}]},{\"@type\":\"BreadcrumbList\",\"@id\":\"https:\/\/clfled.com\/es\/producto\/nuevo-producto-tubo-inalambrico-1-5m-tubo-set-dmx-y-app-control-wifi-tubo-inalambrico-para-escenario\/#breadcrumb\",\"itemListElement\":[{\"@type\":\"ListItem\",\"position\":1,\"name\":\"HOME\",\"item\":\"https:\/\/clfled.com\/es\/\"},{\"@type\":\"ListItem\",\"position\":2,\"name\":\"Tienda\",\"item\":\"https:\/\/clfled.com\/es\/tienda\/\"},{\"@type\":\"ListItem\",\"position\":3,\"name\":\"Nuevo producto Bater\u00eda WIFI Tubo inal\u00e1mbrico de 1,5m Juego de tubos con control DMX y APP Luz de tubo de elevaci\u00f3n cin\u00e9tica WIFI para escenario\"}]},{\"@type\":\"WebSite\",\"@id\":\"https:\/\/clfled.com\/es\/#website\",\"url\":\"https:\/\/clfled.com\/es\/\",\"name\":\"Clfled\",\"description\":\"clfled.com\",\"potentialAction\":[{\"@type\":\"SearchAction\",\"target\":{\"@type\":\"EntryPoint\",\"urlTemplate\":\"https:\/\/clfled.com\/es\/?s={search_term_string}\"},\"query-input\":\"required name=search_term_string\"}],\"inLanguage\":\"es\"}]}<\/script>\n<!-- \/ Yoast SEO Premium plugin. -->","yoast_head_json":{"title":"Nuevo producto Bater\u00eda WIFI Tubo inal\u00e1mbrico de 1,5m Juego de tubos con control DMX y APP Luz de tubo de elevaci\u00f3n cin\u00e9tica WIFI para escenario - Clfled","robots":{"index":"index","follow":"follow","max-snippet":"max-snippet:-1","max-image-preview":"max-image-preview:large","max-video-preview":"max-video-preview:-1"},"canonical":"https:\/\/clfled.com\/es\/producto\/nuevo-producto-tubo-inalambrico-1-5m-tubo-set-dmx-y-app-control-wifi-tubo-inalambrico-para-escenario\/","og_locale":"es_ES","og_type":"article","og_title":"Nuevo producto Bater\u00eda WIFI Tubo inal\u00e1mbrico de 1,5m Juego de tubos con control DMX y APP Luz de tubo de elevaci\u00f3n cin\u00e9tica WIFI para escenario","og_description":"Este tubo de bater\u00eda LED inal\u00e1mbrico est\u00e1 dise\u00f1ado para ser utilizado en diferentes aplicaciones, tales como la actuaci\u00f3n en el escenario, evento temporal, recepci\u00f3n de la boda, espect\u00e1culos de autom\u00f3viles, ambiente de iluminaci\u00f3n de viaje, decoraci\u00f3n al aire libre, etc.  Ofrecemos tubos de tres tama\u00f1os: 1 metro, 1,2 metros y 1,5 metros, cuyo tiempo m\u00ednimo de funcionamiento es de seis horas y media, 5 horas y 9 horas respectivamente. Admiten la transmisi\u00f3n inal\u00e1mbrica de 2,4 GHz, mandos a distancia, distancias de hasta 30 metros.  Implementan los est\u00e1ndares de carga r\u00e1pida USB Tipo C PD 3.0, soportan 20 voltajes. Soporta cargador 9 en 1, carga r\u00e1pida.  Admite la sincronizaci\u00f3n de varias l\u00e1mparas, en cascada, los efectos son m\u00e1s pronunciados. Soporta la programaci\u00f3n de hardware y firmware, como Hondys, Mad-shower, Madrix. Proporciona una emisi\u00f3n de luz de 160\u00b0, que puede realizar varios efectos de iluminaci\u00f3n como el gradiente, el agua que fluye y el monocromo. Hay 4 m\u00e9todos de instalaci\u00f3n: anillo de colgar, soporte de tr\u00edpode, hebilla de luz y conector traight, que es f\u00e1cil de operar.","og_url":"https:\/\/clfled.com\/es\/producto\/nuevo-producto-tubo-inalambrico-1-5m-tubo-set-dmx-y-app-control-wifi-tubo-inalambrico-para-escenario\/","og_site_name":"Clfled","article_modified_time":"2022-11-30T10:16:48+00:00","og_image":[{"width":2560,"height":2560,"url":"https:\/\/clfled.com\/wp-content\/uploads\/2022\/11\/H48847a4f0b1d44be8f65f54b34dc71deD-scaled.jpg","type":"image\/jpeg"}],"twitter_card":"summary_large_image","twitter_misc":{"Tiempo de lectura":"5 minutos"},"schema":{"@context":"https:\/\/schema.org","@graph":[{"@type":"WebPage","@id":"https:\/\/clfled.com\/es\/producto\/nuevo-producto-tubo-inalambrico-1-5m-tubo-set-dmx-y-app-control-wifi-tubo-inalambrico-para-escenario\/","url":"https:\/\/clfled.com\/es\/producto\/nuevo-producto-tubo-inalambrico-1-5m-tubo-set-dmx-y-app-control-wifi-tubo-inalambrico-para-escenario\/","name":"Nuevo producto Bater\u00eda WIFI Tubo inal\u00e1mbrico de 1,5m Juego de tubos con control DMX y APP Luz de tubo de elevaci\u00f3n cin\u00e9tica WIFI para escenario - Clfled","isPartOf":{"@id":"https:\/\/clfled.com\/es\/#website"},"datePublished":"2022-11-05T02:57:49+00:00","dateModified":"2022-11-30T10:16:48+00:00","breadcrumb":{"@id":"https:\/\/clfled.com\/es\/producto\/nuevo-producto-tubo-inalambrico-1-5m-tubo-set-dmx-y-app-control-wifi-tubo-inalambrico-para-escenario\/#breadcrumb"},"inLanguage":"es","potentialAction":[{"@type":"ReadAction","target":["https:\/\/clfled.com\/es\/producto\/nuevo-producto-tubo-inalambrico-1-5m-tubo-set-dmx-y-app-control-wifi-tubo-inalambrico-para-escenario\/"]}]},{"@type":"BreadcrumbList","@id":"https:\/\/clfled.com\/es\/producto\/nuevo-producto-tubo-inalambrico-1-5m-tubo-set-dmx-y-app-control-wifi-tubo-inalambrico-para-escenario\/#breadcrumb","itemListElement":[{"@type":"ListItem","position":1,"name":"HOME","item":"https:\/\/clfled.com\/es\/"},{"@type":"ListItem","position":2,"name":"Tienda","item":"https:\/\/clfled.com\/es\/tienda\/"},{"@type":"ListItem","position":3,"name":"Nuevo producto Bater\u00eda WIFI Tubo inal\u00e1mbrico de 1,5m Juego de tubos con control DMX y APP Luz de tubo de elevaci\u00f3n cin\u00e9tica WIFI para escenario"}]},{"@type":"WebSite","@id":"https:\/\/clfled.com\/es\/#website","url":"https:\/\/clfled.com\/es\/","name":"Clfled","description":"clfled.com","potentialAction":[{"@type":"SearchAction","target":{"@type":"EntryPoint","urlTemplate":"https:\/\/clfled.com\/es\/?s={search_term_string}"},"query-input":"required name=search_term_string"}],"inLanguage":"es"}]}},"_links":{"self":[{"href":"https:\/\/clfled.com\/es\/wp-json\/wp\/v2\/product\/4519","targetHints":{"allow":["GET"]}}],"collection":[{"href":"https:\/\/clfled.com\/es\/wp-json\/wp\/v2\/product"}],"about":[{"href":"https:\/\/clfled.com\/es\/wp-json\/wp\/v2\/types\/product"}],"replies":[{"embeddable":true,"href":"https:\/\/clfled.com\/es\/wp-json\/wp\/v2\/comments?post=4519"}],"version-history":[{"count":2,"href":"https:\/\/clfled.com\/es\/wp-json\/wp\/v2\/product\/4519\/revisions"}],"predecessor-version":[{"id":4771,"href":"https:\/\/clfled.com\/es\/wp-json\/wp\/v2\/product\/4519\/revisions\/4771"}],"wp:featuredmedia":[{"embeddable":true,"href":"https:\/\/clfled.com\/es\/wp-json\/wp\/v2\/media\/1436"}],"wp:attachment":[{"href":"https:\/\/clfled.com\/es\/wp-json\/wp\/v2\/media?parent=4519"}],"wp:term":[{"taxonomy":"product_cat","embeddable":true,"href":"https:\/\/clfled.com\/es\/wp-json\/wp\/v2\/product_cat?post=4519"},{"taxonomy":"product_tag","embeddable":true,"href":"https:\/\/clfled.com\/es\/wp-json\/wp\/v2\/product_tag?post=4519"}],"curies":[{"name":"wp","href":"https:\/\/api.w.org\/{rel}","templated":true}]}}