{"id":4507,"date":"2022-11-04T17:23:51","date_gmt":"2022-11-04T09:23:51","guid":{"rendered":"https:\/\/clfled.com\/product\/tarjeta-sd-256mb-2g-k8000-dimmer-led-81024-pixeles\/"},"modified":"2022-11-04T17:23:51","modified_gmt":"2022-11-04T09:23:51","slug":"256mb-2g-sd-card-k8000-led-dimmer-81024-pixels-2","status":"publish","type":"product","link":"https:\/\/clfled.com\/es\/producto\/256mb-2g-sd-card-k8000-led-dimmer-81024-pixels-2\/","title":{"rendered":"Tarjeta SD 256MB 2G K8000 Dimmer LED 8*1024 p\u00edxeles"},"content":{"rendered":"<p style=\"text-align: center\"><strong><span style=\"font-size: 24px\">Tarjeta SD 256MB 2G K8000 Dimmer LED 8*1024 p\u00edxeles<\/span><\/strong><\/p>\n<p>&nbsp;<\/p>\n<p><span style=\"line-height: 36px;font-size: 24px\"><strong><span style=\"line-height: normal;font-family: serif\">Descripciones<\/span><\/strong><\/span><\/p>\n<p><span style=\"font-size: 16px\">Este controlador K-8000D es para productos de tiras de leds digitales o de p\u00edxeles de leds controlados por IC. Controlador tipo tarjeta SD.SPI \/ TTL \/ DMX controlador LED programable en l\u00ednea, usted puede programar por s\u00ed mismo para obtener el efecto personalizado de LED, cinta de LED, LED Metero Tubos y M\u00f3dulos de LED, el software es gratuito si usted compra el controlador. Se utiliza ampliamente para controlar tiras de LED programables, como <span style=\"line-height: 24px;color: #000000;font-family: Verdana, Arial, Helvetica, sans-serif;font-style: normal;font-weight: 400;text-align: left;background-color: #ffffff\"><br \/>\n  <span style=\"line-height: 24px\">DMX512, WS2811\/2812, TM18 <\/span><br \/>\n<\/span><span style=\"line-height: 24px;color: #000000;font-family: Verdana, Arial, Helvetica, sans-serif;font-style: normal;font-weight: 400;text-align: left;background-color: #ffffff\">series, UCS512, UCS19<\/span>, etc; pantalla LED para mostrar la animaci\u00f3n.  <\/span><\/p>\n<table style=\"color: #000000;font-family: Arial;font-size: 12px;font-style: normal;font-weight: 400;background-color: #ffffff;border-collapse: collapse;width: 746px;border: 1px solid #cccccc\" border=\"1\">\n<tbody>\n<tr style=\"height: 15px\">\n<td style=\"font-family: Verdana, Arial, Helvetica, sans-serif;font-size: 12px;color: #000000;margin: 8px;border: 1px solid #cccccc;width: 297px;height: 15px;text-align: left\"><span style=\"line-height: 24px;font-size: 16px;color: #000000\">Nombre del producto<\/span><\/td>\n<td style=\"font-family: Verdana, Arial, Helvetica, sans-serif;font-size: 12px;color: #000000;margin: 8px;border: 1px solid #cccccc;width: 446px;height: 15px;text-align: left\"><span style=\"line-height: 24px;font-size: 16px;color: #000000\">Controlador LED K8000D<\/span><\/td>\n<\/tr>\n<tr style=\"height: 15px\">\n<td style=\"font-family: Verdana, Arial, Helvetica, sans-serif;font-size: 12px;color: #000000;margin: 8px;border: 1px solid #cccccc;width: 297px;height: 15px;text-align: left\"><span style=\"line-height: 24px;font-size: 16px;color: #000000\">Tensi\u00f3n de entrada<\/span><\/td>\n<td style=\"font-family: Verdana, Arial, Helvetica, sans-serif;font-size: 12px;color: #000000;margin: 8px;border: 1px solid #cccccc;width: 446px;height: 15px;text-align: left\"><span style=\"line-height: 24px;font-size: 16px;color: #000000\">DC5V<\/span><\/td>\n<\/tr>\n<tr style=\"height: 15px;text-align: left\">\n<td style=\"font-family: Verdana, Arial, Helvetica, sans-serif;font-size: 12px;color: #000000;margin: 8px;border: 1px solid #cccccc;width: 297px;height: 15px;text-align: left\"><span style=\"line-height: 24px;font-size: 16px;color: #000000\">Potencia m\u00e1xima<\/span><\/td>\n<td style=\"font-family: Verdana, Arial, Helvetica, sans-serif;font-size: 12px;color: #000000;margin: 8px;border: 1px solid #cccccc;width: 446px;height: 15px\"><span style=\"line-height: 24px;font-size: 16px;color: #000000\">3W<\/span><\/td>\n<\/tr>\n<tr style=\"height: 15px;text-align: left\">\n<td style=\"font-family: Verdana, Arial, Helvetica, sans-serif;font-size: 12px;color: #000000;margin: 8px;border: 1px solid #cccccc;width: 297px;height: 15px\"><span style=\"font-size: 16px\">Temperatura de trabajo<\/span><\/td>\n<td style=\"font-family: Verdana, Arial, Helvetica, sans-serif;font-size: 12px;color: #000000;margin: 8px;border: 1px solid #cccccc;width: 446px;height: 15px\"><span style=\"font-size: 16px\">-30~85\u00b0C<\/span><\/td>\n<\/tr>\n<tr style=\"height: 15px;text-align: left\">\n<td style=\"font-family: Verdana, Arial, Helvetica, sans-serif;font-size: 12px;color: #000000;margin: 8px;border: 1px solid #cccccc;width: 297px;height: 15px\"><span style=\"font-size: 16px;color: #000000\">P\u00edxel de control<\/span><\/td>\n<td style=\"font-family: Verdana, Arial, Helvetica, sans-serif;font-size: 12px;color: #000000;margin: 8px;border: 1px solid #cccccc;width: 446px;height: 15px\"><span style=\"font-size: 16px;color: #000000\">8192 p\u00edxeles<\/span><\/td>\n<\/tr>\n<tr style=\"height: 15px;text-align: left\">\n<td style=\"font-family: Verdana, Arial, Helvetica, sans-serif;font-size: 12px;color: #000000;margin: 8px;border: 1px solid #cccccc;width: 297px;height: 15px\"><span style=\"font-size: 16px;color: #000000\">GW<\/span><\/td>\n<td style=\"font-family: Verdana, Arial, Helvetica, sans-serif;font-size: 12px;color: #000000;margin: 8px;border: 1px solid #cccccc;width: 446px;height: 15px\"><span style=\"font-size: 16px;color: #000000\">0,8KG<\/span><\/td>\n<\/tr>\n<tr style=\"height: 8px;text-align: left\">\n<td style=\"font-family: Verdana, Arial, Helvetica, sans-serif;font-size: 12px;color: #000000;margin: 8px;border: 1px solid #cccccc;width: 297px;height: 8px\"><span style=\"font-size: 16px\">Tama\u00f1o<\/span><\/td>\n<td style=\"font-family: Verdana, Arial, Helvetica, sans-serif;font-size: 12px;color: #000000;margin: 8px;border: 1px solid #cccccc;width: 446px;height: 8px\"><span style=\"font-size: 16px\">180\u00d7120\u00d730mm(L*A*H)<\/span><\/td>\n<\/tr>\n<tr style=\"height: 15px;text-align: left\">\n<td style=\"font-family: Verdana, Arial, Helvetica, sans-serif;font-size: 12px;color: #000000;margin: 8px;border: 1px solid #cccccc;width: 297px;height: 15px\"><span style=\"font-size: 16px\">Formato<\/span><\/td>\n<td style=\"font-family: Verdana, Arial, Helvetica, sans-serif;font-size: 12px;color: #000000;margin: 8px;border: 1px solid #cccccc;width: 446px;height: 15px\"><span style=\"font-size: 16px;color: #000000\">FAT<\/span><\/td>\n<\/tr>\n<tr style=\"height: 18px;text-align: left\">\n<td style=\"font-family: Verdana, Arial, Helvetica, sans-serif;font-size: 12px;color: #000000;margin: 8px;border: 1px solid #cccccc;width: 297px;height: 18px\"><span style=\"line-height: 24px;font-size: 16px;color: #000000\">Interfaz de almacenamiento<\/span><\/td>\n<td style=\"font-family: Verdana, Arial, Helvetica, sans-serif;font-size: 12px;color: #000000;margin: 8px;border: 1px solid #cccccc;width: 446px;height: 18px\"><span style=\"line-height: 18px;color: #000000;font-size: 16px\">Tarjeta SD<\/span><\/td>\n<\/tr>\n<tr style=\"height: 18px;text-align: left\">\n<td style=\"font-family: Verdana, Arial, Helvetica, sans-serif;font-size: 12px;color: #000000;margin: 8px;border: 1px solid #cccccc;width: 297px;height: 18px\"><span style=\"color: #000000;font-family: Verdana, Arial, Helvetica, sans-serif;font-size: medium;font-style: normal;font-weight: 400;background-color: #ffffff;float: none\">Capacidad  <\/span><\/td>\n<td style=\"font-family: Verdana, Arial, Helvetica, sans-serif;font-size: 12px;color: #000000;margin: 8px;border: 1px solid #cccccc;width: 446px;height: 18px\"><span style=\"font-size: 16px;color: #000000\">128MB~2G<\/span><\/td>\n<\/tr>\n<tr style=\"height: 18px\">\n<td style=\"font-family: Verdana, Arial, Helvetica, sans-serif;font-size: 12px;color: #000000;margin: 8px;border: 1px solid #cccccc;width: 297px;height: 18px;text-align: left\"><span style=\"font-size: 16px\">Chip de apoyo<\/span><\/td>\n<td style=\"font-family: Verdana, Arial, Helvetica, sans-serif;margin: 8px;border: 1px solid #cccccc;width: 446px;height: 18px;text-align: left\"><span style=\"font-size: medium\"><br \/>\n  <span style=\"font-size: medium\">DMX512, WS2811\/2812, TM18 <\/span><br \/>\n<\/span><span style=\"font-size: 16px\">series, UCS512, UCS19<\/span><\/td>\n<\/tr>\n<\/tbody>\n<\/table>\n<p><span style=\"background-color: #99cc00\"><strong><span style=\"font-size: 24px\">  Salida de se\u00f1al (se\u00f1al 485)<\/span><\/strong><\/span><\/p>\n<table style=\"border-collapse: collapse;background-color: #ffffff;width: 745px;border: 1px solid #cccccc\" border=\"1\">\n<tbody>\n<tr>\n<td style=\"border: 1px solid #cccccc;width: 198px;text-align: center\"><span style=\"font-size: 16px\"><strong>A<\/strong><\/span><\/td>\n<td style=\"border: 1px solid #cccccc;width: 201px;text-align: center\"><span style=\"font-size: 16px\">Se\u00f1al +<\/span><\/td>\n<td style=\"border: 1px solid #cccccc;width: 167px;text-align: center\"><span style=\"font-size: 16px\"><strong>GND<\/strong><\/span><\/td>\n<td style=\"border: 1px solid #cccccc;width: 179px;text-align: center\"><span style=\"font-size: 16px\">L\u00ednea de tierra<\/span><\/td>\n<\/tr>\n<tr>\n<td style=\"border: 1px solid #cccccc;width: 198px;text-align: center\"><span style=\"font-size: 16px\"><strong>B<\/strong><\/span><\/td>\n<td style=\"border: 1px solid #cccccc;width: 201px;text-align: center\"><span style=\"font-size: 16px\">Se\u00f1al &#8211;<\/span><\/td>\n<td style=\"border: 1px solid #cccccc;width: 167px;text-align: center\"><span style=\"font-size: 16px\"><strong>ADD<\/strong><\/span><\/td>\n<td style=\"border: 1px solid #cccccc;width: 179px;text-align: center\"><span style=\"font-size: 16px\">L\u00ednea de codificaci\u00f3n<\/span><\/td>\n<\/tr>\n<\/tbody>\n<\/table>\n<p><span style=\"font-size: 24px\"><strong>Caracter\u00edsticas<\/strong><\/span><\/p>\n<p style=\"margin-bottom: 7.8000pt\"><span style=\"font-size: 16px\"><span style=\"color: #000000\">1. El propio controlador<\/span> viene con la funci\u00f3n de c\u00f3digo de rito<\/span><\/p>\n<p style=\"margin-bottom: 7.8000pt\"><span style=\"font-size: 16px\">2. El K-8000D viene con treinta tipos de programas de efectos<\/span><\/p>\n<p style=\"margin-bottom: 7.8000pt\"><span style=\"font-size: 16px\">3. Control del saco de grises de 32 a 65536 niveles, correcci\u00f3n Gamma<\/span><\/p>\n<p style=\"margin-bottom: 7.8000pt\"><span style=\"font-size: 16px\">4. El controlador tiene ocho puertos de salida, cada puerto puede soportar 512 p\u00edxeles<\/span><\/p>\n<p style=\"margin-bottom: 7.8000pt\"><span style=\"font-size: 16px\">5. Soporta tipos de punto, l\u00ednea, fuente de luz de superficie, soporta tipos de reglas y mango con forma<\/span><\/p>\n<p style=\"margin-bottom: 7.8000pt\"><span style=\"font-size: 16px\"><span style=\"color: #000000\">6. El <\/span><span style=\"color: #000000\">K-8000D<\/span><span style=\"color: #000000\"> controlelr<\/span><span style=\"color: #000000\"> puede ser codificado, el m\u00e9todo de codificaci\u00f3n se basa en <\/span><span style=\"color: #000000\">los tiempos de conmutaci\u00f3n<\/span><\/span><\/p>\n<p style=\"margin-bottom: 7.8000pt\"><span style=\"color: #000000;font-size: 16px\">7. El controlador puede ser de uso individual, tambi\u00e9n puede ser m\u00faltiple en cascada, la distancia en cascada puede llegar a 200m; el contenido de reproducci\u00f3n almacenado en la tarjeta SD<\/span><\/p>\n<p style=\"margin-bottom: 7.8000pt\"><span style=\"font-size: 16px\"><strong><br \/>\n  <span style=\"font-weight: bold\">Nota: El K-8000D puede a\u00f1adir sincronizaci\u00f3n GPS inal\u00e1mbrica global, divisores de carril de la consola y juego de sincronizaci\u00f3n, por favor, p\u00f3ngase en contacto con el personal de ventas o soporte t\u00e9cnico<\/span><br \/>\n<\/strong><strong><br \/>\n  <span style=\"font-weight: bold\"> <\/span><br \/>\n<\/strong><strong><br \/>\n  <span style=\"font-weight: bold\">si es necesario<\/span><br \/>\n<\/strong><\/span><\/p>\n<p>&nbsp;<\/p>\n<p style=\"margin: 0px;padding: 0px;font-size: 12px;font-style: normal;font-weight: normal;border: 0px;line-height: 15.6px;font-family: Arial,Helvetica;vertical-align: baseline;color: #333333;text-align: left\"><strong><span style=\"font-size: 24px\"><span style=\"background-color: #99cc00\">Cableado<\/span> <\/span><\/strong><\/p>\n<p><span style=\"font-size: 16px\"> <img fetchpriority=\"high\" decoding=\"async\" src=\"\/\/sc01.alicdn.com\/kf\/HTB1BzHTgNnaK1RjSZFB763W7VXab\/200440271\/HTB1BzHTgNnaK1RjSZFB763W7VXab.png\" width=\"750\" height=\"612\"><\/span><\/p>\n<p style=\"margin: 0px;padding: 0px;font-size: 12px;font-style: normal;font-weight: normal;border: 0px;line-height: 15.6px;font-family: Arial,Helvetica;vertical-align: baseline;color: #333333;text-align: left\"><strong> <span style=\"font-size: 24px;background-color: #99cc00\">Operaci\u00f3n<\/span><\/strong><\/p>\n<table style=\"border-collapse: collapse;background-color: #ffffff;width: 745px;border: 1px solid #cccccc\" border=\"1\">\n<tbody>\n<tr>\n<td style=\"border: 1px solid #cccccc;width: 183px\"><img decoding=\"async\" src=\"\/\/sc01.alicdn.com\/kf\/HTB1Rcg3XfLsK1Rjy0Fb760SEXXas\/200440271\/HTB1Rcg3XfLsK1Rjy0Fb760SEXXas.png\" width=\"184\" height=\"146\"><\/td>\n<td style=\"border: 1px solid #cccccc;width: 189px\"><img decoding=\"async\" src=\"\/\/sc01.alicdn.com\/kf\/HTB1gCk4XoLrK1Rjy1zb763enFXak\/200440271\/HTB1gCk4XoLrK1Rjy1zb763enFXak.png\" width=\"184\" height=\"147\"><\/td>\n<td style=\"border: 1px solid #cccccc;width: 193px\"><img loading=\"lazy\" decoding=\"async\" src=\"\/\/sc01.alicdn.com\/kf\/HTB16ao6XjzuK1RjSspp760z0XXaY\/200440271\/HTB16ao6XjzuK1RjSspp760z0XXaY.png\" width=\"184\" height=\"139\"><\/td>\n<td style=\"border: 1px solid #cccccc;width: 172px\"><img loading=\"lazy\" decoding=\"async\" src=\"\/\/sc01.alicdn.com\/kf\/HTB1vmA4XffsK1RjSszb763qBXXaT\/200440271\/HTB1vmA4XffsK1RjSszb763qBXXaT.png\" width=\"184\" height=\"160\"><\/td>\n<\/tr>\n<\/tbody>\n<\/table>\n<p style=\"margin: 0px;padding: 0px;font-size: 12px;font-style: normal;font-weight: normal;border: 0px;line-height: 15.6px;font-family: Arial,Helvetica;vertical-align: baseline;color: #333333;text-align: left\"><span style=\"font-weight: normal;font-size: 12.0000pt\">1.<\/span><span style=\"font-weight: normal;font-size: 12.0000pt\"> <\/span><span style=\"font-weight: normal;font-size: 12.0000pt\">Cableado como el diagrama de arriba y arranque el controlador, pulse<\/span><span style=\"font-weight: normal;font-size: 12.0000pt\">&#8220;<\/span><span style=\"font-weight: normal;font-size: 12.0000pt\">CHIP<\/span><span style=\"font-weight: normal;font-size: 12.0000pt\">&#8220;<\/span><span style=\"font-weight: normal;font-size: 12.0000pt\"> para cambiar los chips, ajustar al estado de codificaci\u00f3n 04-06 (si las luces han codificado bien puede saltar el paso 1-3)<\/span><\/p>\n<p><span style=\"font-weight: normal;font-size: 12.0000pt\">2.Presione la velocidad + y la velocidad &#8211; para establecer el canal de la brecha de direcci\u00f3n, como la fuente de luz de punto es RGB tres canales (el intervalo por defecto <\/span><span style=\"font-weight: normal;font-size: 12.0000pt\">son <\/span><span style=\"font-weight: normal;font-size: 12.0000pt\">tres canales)<\/span><span style=\"font-weight: normal;font-size: 12.0000pt\">, la l\u00ednea de seis secciones son 18 canales<\/span><\/p>\n<p><span style=\"font-weight: normal;font-size: 12.0000pt\">3.<\/span><span style=\"font-weight: normal;font-size: 12.0000pt\"> Pulse &#8220;<\/span><span style=\"font-size: 12.0000pt\">MODE&#8221;<\/span><span style=\"font-size: 12.0000pt\"> sratr para codificar, en este momento, la pantalla digital de MODE mostrar\u00eda como &#8220;Writing Addr&#8230;&#8221; Ahora est\u00e1 codificando, cuando termine, en la pantalla LCD aparecer\u00e1 &#8220;Writing OK&#8221;.<\/span><\/p>\n<p><span style=\"font-weight: normal;font-size: 12.0000pt\">4. <\/span><span style=\"font-weight: normal;font-size: 12.0000pt\">Despu\u00e9s de la codificaci\u00f3n, vuelva a encender la luz, pulse <\/span><span style=\"font-weight: normal;font-size: 12.0000pt\">&#8220;<\/span><span style=\"font-weight: normal;font-size: 12.0000pt\">CHIP<\/span><span style=\"font-weight: normal;font-size: 12.0000pt\">&#8220;<\/span><span style=\"font-weight: normal;font-size: 12.0000pt\">  y cambiar a 0, ser\u00eda el modo de reproducci\u00f3n de acuerdo con el est\u00e1ndar internacional DMX512(1990). En este momento, al pulsar los botones MODE y SPEED se puede cambiar el modo de reproducci\u00f3n y ajustar la velocidad respectivamente<\/span><\/p>\n<p>&nbsp;<\/p>\n<p style=\"margin: 0px;padding: 0px;font-size: 12px;font-style: normal;font-weight: normal;border: 0px;line-height: 18px;font-family: Arial, Helvetica;vertical-align: baseline;color: #333333\">\n","protected":false},"excerpt":{"rendered":"<p>Tarjeta SD 256MB 2G K8000 Dimmer LED 8*1024 p\u00edxeles &nbsp; Descripciones Este controlador K-8000D es para productos de tiras de<\/p>\n","protected":false},"featured_media":1336,"comment_status":"open","ping_status":"closed","template":"","meta":[],"product_cat":[260],"product_tag":[],"class_list":["post-4507","product","type-product","status-publish","has-post-thumbnail","hentry","product_cat-controlador-led"],"yoast_head":"<!-- This site is optimized with the Yoast SEO Premium plugin v21.0 (Yoast SEO v21.0) - https:\/\/yoast.com\/wordpress\/plugins\/seo\/ -->\n<title>Tarjeta SD 256MB 2G K8000 Dimmer LED 8*1024 p\u00edxeles - Clfled<\/title>\n<meta name=\"robots\" content=\"index, follow, max-snippet:-1, max-image-preview:large, max-video-preview:-1\" \/>\n<link rel=\"canonical\" href=\"https:\/\/clfled.com\/es\/producto\/256mb-2g-sd-card-k8000-led-dimmer-81024-pixels-2\/\" \/>\n<meta property=\"og:locale\" content=\"es_ES\" \/>\n<meta property=\"og:type\" content=\"article\" \/>\n<meta property=\"og:title\" content=\"Tarjeta SD 256MB 2G K8000 Dimmer LED 8*1024 p\u00edxeles\" \/>\n<meta property=\"og:description\" content=\"Tarjeta SD 256MB 2G K8000 Dimmer LED 8*1024 p\u00edxeles &nbsp; Descripciones Este controlador K-8000D es para productos de tiras de\" \/>\n<meta property=\"og:url\" content=\"https:\/\/clfled.com\/es\/producto\/256mb-2g-sd-card-k8000-led-dimmer-81024-pixels-2\/\" \/>\n<meta property=\"og:site_name\" content=\"Clfled\" \/>\n<meta property=\"og:image\" content=\"https:\/\/clfled.com\/wp-content\/uploads\/2022\/11\/HTB1_V1PXODxK1RjSsphq6zHrpXaG.jpg\" \/>\n\t<meta property=\"og:image:width\" content=\"800\" \/>\n\t<meta property=\"og:image:height\" content=\"800\" \/>\n\t<meta property=\"og:image:type\" content=\"image\/jpeg\" \/>\n<meta name=\"twitter:card\" content=\"summary_large_image\" \/>\n<meta name=\"twitter:label1\" content=\"Tiempo de lectura\" \/>\n\t<meta name=\"twitter:data1\" content=\"3 minutos\" \/>\n<script type=\"application\/ld+json\" class=\"yoast-schema-graph\">{\"@context\":\"https:\/\/schema.org\",\"@graph\":[{\"@type\":\"WebPage\",\"@id\":\"https:\/\/clfled.com\/es\/producto\/256mb-2g-sd-card-k8000-led-dimmer-81024-pixels-2\/\",\"url\":\"https:\/\/clfled.com\/es\/producto\/256mb-2g-sd-card-k8000-led-dimmer-81024-pixels-2\/\",\"name\":\"Tarjeta SD 256MB 2G K8000 Dimmer LED 8*1024 p\u00edxeles - Clfled\",\"isPartOf\":{\"@id\":\"https:\/\/clfled.com\/es\/#website\"},\"datePublished\":\"2022-11-04T09:23:51+00:00\",\"dateModified\":\"2022-11-04T09:23:51+00:00\",\"breadcrumb\":{\"@id\":\"https:\/\/clfled.com\/es\/producto\/256mb-2g-sd-card-k8000-led-dimmer-81024-pixels-2\/#breadcrumb\"},\"inLanguage\":\"es\",\"potentialAction\":[{\"@type\":\"ReadAction\",\"target\":[\"https:\/\/clfled.com\/es\/producto\/256mb-2g-sd-card-k8000-led-dimmer-81024-pixels-2\/\"]}]},{\"@type\":\"BreadcrumbList\",\"@id\":\"https:\/\/clfled.com\/es\/producto\/256mb-2g-sd-card-k8000-led-dimmer-81024-pixels-2\/#breadcrumb\",\"itemListElement\":[{\"@type\":\"ListItem\",\"position\":1,\"name\":\"HOME\",\"item\":\"https:\/\/clfled.com\/es\/\"},{\"@type\":\"ListItem\",\"position\":2,\"name\":\"Tienda\",\"item\":\"https:\/\/clfled.com\/es\/tienda\/\"},{\"@type\":\"ListItem\",\"position\":3,\"name\":\"Tarjeta SD 256MB 2G K8000 Dimmer LED 8*1024 p\u00edxeles\"}]},{\"@type\":\"WebSite\",\"@id\":\"https:\/\/clfled.com\/es\/#website\",\"url\":\"https:\/\/clfled.com\/es\/\",\"name\":\"Clfled\",\"description\":\"clfled.com\",\"potentialAction\":[{\"@type\":\"SearchAction\",\"target\":{\"@type\":\"EntryPoint\",\"urlTemplate\":\"https:\/\/clfled.com\/es\/?s={search_term_string}\"},\"query-input\":\"required name=search_term_string\"}],\"inLanguage\":\"es\"}]}<\/script>\n<!-- \/ Yoast SEO Premium plugin. -->","yoast_head_json":{"title":"Tarjeta SD 256MB 2G K8000 Dimmer LED 8*1024 p\u00edxeles - Clfled","robots":{"index":"index","follow":"follow","max-snippet":"max-snippet:-1","max-image-preview":"max-image-preview:large","max-video-preview":"max-video-preview:-1"},"canonical":"https:\/\/clfled.com\/es\/producto\/256mb-2g-sd-card-k8000-led-dimmer-81024-pixels-2\/","og_locale":"es_ES","og_type":"article","og_title":"Tarjeta SD 256MB 2G K8000 Dimmer LED 8*1024 p\u00edxeles","og_description":"Tarjeta SD 256MB 2G K8000 Dimmer LED 8*1024 p\u00edxeles &nbsp; Descripciones Este controlador K-8000D es para productos de tiras de","og_url":"https:\/\/clfled.com\/es\/producto\/256mb-2g-sd-card-k8000-led-dimmer-81024-pixels-2\/","og_site_name":"Clfled","og_image":[{"width":800,"height":800,"url":"https:\/\/clfled.com\/wp-content\/uploads\/2022\/11\/HTB1_V1PXODxK1RjSsphq6zHrpXaG.jpg","type":"image\/jpeg"}],"twitter_card":"summary_large_image","twitter_misc":{"Tiempo de lectura":"3 minutos"},"schema":{"@context":"https:\/\/schema.org","@graph":[{"@type":"WebPage","@id":"https:\/\/clfled.com\/es\/producto\/256mb-2g-sd-card-k8000-led-dimmer-81024-pixels-2\/","url":"https:\/\/clfled.com\/es\/producto\/256mb-2g-sd-card-k8000-led-dimmer-81024-pixels-2\/","name":"Tarjeta SD 256MB 2G K8000 Dimmer LED 8*1024 p\u00edxeles - Clfled","isPartOf":{"@id":"https:\/\/clfled.com\/es\/#website"},"datePublished":"2022-11-04T09:23:51+00:00","dateModified":"2022-11-04T09:23:51+00:00","breadcrumb":{"@id":"https:\/\/clfled.com\/es\/producto\/256mb-2g-sd-card-k8000-led-dimmer-81024-pixels-2\/#breadcrumb"},"inLanguage":"es","potentialAction":[{"@type":"ReadAction","target":["https:\/\/clfled.com\/es\/producto\/256mb-2g-sd-card-k8000-led-dimmer-81024-pixels-2\/"]}]},{"@type":"BreadcrumbList","@id":"https:\/\/clfled.com\/es\/producto\/256mb-2g-sd-card-k8000-led-dimmer-81024-pixels-2\/#breadcrumb","itemListElement":[{"@type":"ListItem","position":1,"name":"HOME","item":"https:\/\/clfled.com\/es\/"},{"@type":"ListItem","position":2,"name":"Tienda","item":"https:\/\/clfled.com\/es\/tienda\/"},{"@type":"ListItem","position":3,"name":"Tarjeta SD 256MB 2G K8000 Dimmer LED 8*1024 p\u00edxeles"}]},{"@type":"WebSite","@id":"https:\/\/clfled.com\/es\/#website","url":"https:\/\/clfled.com\/es\/","name":"Clfled","description":"clfled.com","potentialAction":[{"@type":"SearchAction","target":{"@type":"EntryPoint","urlTemplate":"https:\/\/clfled.com\/es\/?s={search_term_string}"},"query-input":"required name=search_term_string"}],"inLanguage":"es"}]}},"_links":{"self":[{"href":"https:\/\/clfled.com\/es\/wp-json\/wp\/v2\/product\/4507","targetHints":{"allow":["GET"]}}],"collection":[{"href":"https:\/\/clfled.com\/es\/wp-json\/wp\/v2\/product"}],"about":[{"href":"https:\/\/clfled.com\/es\/wp-json\/wp\/v2\/types\/product"}],"replies":[{"embeddable":true,"href":"https:\/\/clfled.com\/es\/wp-json\/wp\/v2\/comments?post=4507"}],"version-history":[{"count":0,"href":"https:\/\/clfled.com\/es\/wp-json\/wp\/v2\/product\/4507\/revisions"}],"wp:featuredmedia":[{"embeddable":true,"href":"https:\/\/clfled.com\/es\/wp-json\/wp\/v2\/media\/1336"}],"wp:attachment":[{"href":"https:\/\/clfled.com\/es\/wp-json\/wp\/v2\/media?parent=4507"}],"wp:term":[{"taxonomy":"product_cat","embeddable":true,"href":"https:\/\/clfled.com\/es\/wp-json\/wp\/v2\/product_cat?post=4507"},{"taxonomy":"product_tag","embeddable":true,"href":"https:\/\/clfled.com\/es\/wp-json\/wp\/v2\/product_tag?post=4507"}],"curies":[{"name":"wp","href":"https:\/\/api.w.org\/{rel}","templated":true}]}}