{"id":4495,"date":"2022-11-05T13:45:55","date_gmt":"2022-11-05T05:45:55","guid":{"rendered":"https:\/\/clfled.com\/product\/tubo-de-luz-led-3d-rgb-de-2m-de-diametro-y-40mm-tubo-de-luz-led-de-video-interactivo-digital-rgb-pixel-vertical\/"},"modified":"2022-11-05T13:45:55","modified_gmt":"2022-11-05T05:45:55","slug":"tubo-led-de-2m-de-diametro-40mm-3d-rgb-luz-luz-interactiva-tubo-led-video-luz-digital-rgb-pixel-vertical-tube","status":"publish","type":"product","link":"https:\/\/clfled.com\/es\/producto\/tubo-led-de-2m-de-diametro-40mm-3d-rgb-luz-luz-interactiva-tubo-led-video-luz-digital-rgb-pixel-vertical-tube\/","title":{"rendered":"Tubo de luz LED 3D RGB de 2M de di\u00e1metro y 40mm Tubo de luz LED de v\u00eddeo interactivo Digital RGB Pixel Vertical"},"content":{"rendered":"<h2 style=\"margin: 0.0px;padding: 0.0px;border: 0.0px;font-style: normal;font-weight: normal;font-size: 12.0px;line-height: 18.0px;font-family: arial , helvetica;vertical-align: baseline;color: #333333;text-align: center\"><strong><span style=\"font-size: 18.0px\">Tubo de luz LED 3D RGB de 2M de di\u00e1metro y 40mm Tubo de luz LED de v\u00eddeo interactivo Digital RGB Pixel Vertical<\/span><\/strong><\/h2>\n<h2 style=\"text-align: left\">Especificaci\u00f3n<\/h2>\n<table style=\"border-collapse: collapse;background-color: #ffffff;width: 747.0px;border: 1.0px solid #cccccc\" border=\"1\">\n<tbody>\n<tr style=\"height: 15.0px\">\n<td style=\"border: 1.0px solid #cccccc;width: 316.0px;height: 15.0px;text-align: left\"><span style=\"font-size: 16.0px;font-family: arial , helvetica , sans-serif\">Nombre del producto<\/span><\/td>\n<td style=\"border: 1.0px solid #cccccc;width: 427.0px;height: 15.0px;text-align: left\"><span style=\"font-size: 16.0px;font-family: arial , helvetica , sans-serif\">Tubo LED de 360 grados de color<\/span><\/td>\n<\/tr>\n<tr style=\"height: 15.0px\">\n<td style=\"border: 1.0px solid #cccccc;width: 316.0px;height: 15.0px;text-align: left\"><span style=\"font-size: 16.0px;font-family: arial , helvetica , sans-serif\">Tensi\u00f3n de entrada<\/span><\/td>\n<td style=\"border: 1.0px solid #cccccc;width: 427.0px;height: 15.0px;text-align: left\"><span style=\"font-size: 16.0px;font-family: arial , helvetica , sans-serif\">DC24V<\/span><\/td>\n<\/tr>\n<tr style=\"height: 15.0px;text-align: left\">\n<td style=\"border: 1.0px solid #cccccc;width: 316.0px;height: 15.0px;text-align: left\"><span style=\"font-size: 16.0px;font-family: arial , helvetica , sans-serif\">Potencia m\u00e1xima<\/span><\/td>\n<td style=\"border: 1.0px solid #cccccc;width: 427.0px;height: 15.0px\"><span style=\"font-size: 16.0px;font-family: arial , helvetica , sans-serif\">24W<\/span><\/td>\n<\/tr>\n<tr style=\"height: 15.0px;text-align: left\">\n<td style=\"border: 1.0px solid #cccccc;width: 316.0px;height: 15.0px\"><span style=\"font-size: 16.0px;font-family: arial , helvetica , sans-serif\">Cantidad de LED<\/span><\/td>\n<td style=\"border: 1.0px solid #cccccc;width: 427.0px;height: 15.0px\"><span style=\"font-size: 16.0px;font-family: arial , helvetica , sans-serif\">288LEDs\/m<\/span><\/td>\n<\/tr>\n<tr style=\"height: 15.0px;text-align: left\">\n<td style=\"border: 1.0px solid #cccccc;width: 316.0px;height: 15.0px\"><span style=\"font-size: 16.0px;font-family: arial , helvetica , sans-serif\">P\u00edxeles<\/span><\/td>\n<td style=\"border: 1.0px solid #cccccc;width: 427.0px;height: 15.0px\"><span style=\"font-size: 16.0px;font-family: arial , helvetica , sans-serif\">48P\u00edxeles<\/span><\/td>\n<\/tr>\n<tr style=\"height: 15.0px;text-align: left\">\n<td style=\"border: 1.0px solid #cccccc;width: 316.0px;height: 15.0px\"><span style=\"font-size: 16.0px;font-family: arial , helvetica , sans-serif\">Tubo LED Tama\u00f1o<\/span><\/td>\n<td style=\"border: 1.0px solid #cccccc;width: 427.0px;height: 15.0px\"><span style=\"font-size: 16.0px;color: #000000;font-family: arial , helvetica , sans-serif\">Di\u00e1metro:40mm Longitud:1960mm<\/span><\/td>\n<\/tr>\n<tr style=\"height: 18.0px;text-align: left\">\n<td style=\"border: 1.0px solid #cccccc;width: 316.0px;height: 18.0px\"><span style=\"font-size: 16.0px;font-family: arial , helvetica , sans-serif\">Modelo<\/span><\/td>\n<td style=\"border: 1.0px solid #cccccc;width: 427.0px;height: 18.0px\"><span style=\"font-family: arial , helvetica , sans-serif;font-size: 16.0px\">CL-T200W<\/span><\/td>\n<\/tr>\n<tr style=\"height: 18.0px\">\n<td style=\"border: 1.0px solid #cccccc;width: 316.0px;height: 18.0px;text-align: left\"><span style=\"font-size: 16.0px;font-family: arial , helvetica , sans-serif\">Colores<\/span><\/td>\n<td style=\"border: 1.0px solid #cccccc;width: 427.0px;height: 18.0px;text-align: left\"><span style=\"font-size: 16.0px;font-family: arial , helvetica , sans-serif\">A todo color RGB, cambio de color de ensue\u00f1o<\/span><\/td>\n<\/tr>\n<\/tbody>\n<\/table>\n<p style=\"text-align: left\"><span style=\"color: #000000;font-size: 24.0px;font-family: arial , helvetica , sans-serif\"><strong>Ventajas  <\/strong><\/span><\/p>\n<p style=\"text-align: left\"><span style=\"font-size: 16.0px\">1. Modo de control de una sola se\u00f1al, operaci\u00f3n simple;  <\/span><\/p>\n<p style=\"text-align: left\"><span style=\"font-size: 16.0px\">2. Material de PC, efecto hermoso, fuerte resistencia a la presi\u00f3n;  <\/span><\/p>\n<p style=\"text-align: left\"><span style=\"font-size: 16.0px\">3. 256 niveles de cambio de gris;  <\/span><\/p>\n<p style=\"text-align: left\"><span style=\"font-size: 16.0px\">4. Emisi\u00f3n de luz de 360 grados sin zonas oscuras;  <\/span><\/p>\n<p style=\"text-align: left\"><span style=\"font-size: 16.0px\">5. Transmisi\u00f3n en serie, se\u00f1al estable;  <\/span><\/p>\n<p style=\"text-align: left\"><span style=\"font-size: 16.0px\">6. Con funci\u00f3n de retorno de se\u00f1al;  <\/span><\/p>\n<p style=\"text-align: left\"><span style=\"font-size: 16.0px\">7. En combinaci\u00f3n con nuestro controlador Artnet, la operaci\u00f3n es m\u00e1s conveniente.<\/span><\/p>\n<p style=\"margin: 0px;padding: 0px;color: #000000;font-family: Arial;font-size: 12px;font-style: normal;font-weight: 400\" align=\"left\"><span style=\"line-height: 18px;font-family: arial, helvetica, sans-serif\"> <img decoding=\"async\" style=\"vertical-align: middle;color: #000000;font-family: Arial;font-size: 12px;font-style: normal;font-weight: 400;background-color: #ffffff\" src=\"https:\/\/sc04.alicdn.com\/kf\/H958afbdcf5644ed3a6525d52cbce1bc3k\/200440271\/H958afbdcf5644ed3a6525d52cbce1bc3k.jpg\" alt=\"Tubo de luz LED 3D RGB de 2M de di\u00e1metro y 40mm Tubo de luz LED de v\u00eddeo interactivo Digital RGB Pixel Vertical\"><br \/>\n<img decoding=\"async\" style=\"vertical-align: middle;color: #000000;font-family: Arial;font-size: 12px;font-style: normal;font-weight: 400;background-color: #ffffff\" src=\"https:\/\/sc04.alicdn.com\/kf\/Hedf0d23b63b14f65b0c1fc8fe38dabbdr\/200440271\/Hedf0d23b63b14f65b0c1fc8fe38dabbdr.jpg\" alt=\"Tubo de luz LED 3D RGB de 2M de di\u00e1metro y 40mm Tubo de luz LED de v\u00eddeo interactivo Digital RGB Pixel Vertical\"><br \/>\n<img decoding=\"async\" style=\"vertical-align: middle;color: #000000;font-family: Arial;font-size: 12px;font-style: normal;font-weight: 400;background-color: #ffffff\" src=\"https:\/\/sc04.alicdn.com\/kf\/H2666fcf4cff34752b3ac83e2be2bbe39m\/200440271\/H2666fcf4cff34752b3ac83e2be2bbe39m.jpg\" alt=\"Tubo de luz LED 3D RGB de 2M de di\u00e1metro y 40mm Tubo de luz LED de v\u00eddeo interactivo Digital RGB Pixel Vertical\"><br \/>\n<img decoding=\"async\" style=\"vertical-align: middle;color: #000000;font-family: Arial;font-size: 12px;font-style: normal;font-weight: 400;background-color: #ffffff\" src=\"https:\/\/sc04.alicdn.com\/kf\/H67055541a51f48bbbb8d805b1a7277cbb\/200440271\/H67055541a51f48bbbb8d805b1a7277cbb.jpg\" alt=\"Tubo de luz LED 3D RGB de 2M de di\u00e1metro y 40mm Tubo de luz LED de v\u00eddeo interactivo Digital RGB Pixel Vertical\"><br \/>\n<img decoding=\"async\" style=\"vertical-align: middle;color: #000000;font-family: Arial;font-size: 12px;font-style: normal;font-weight: 400;background-color: #ffffff\" src=\"https:\/\/sc04.alicdn.com\/kf\/H95f45f9aa4f24362b436281368e170c8H\/200440271\/H95f45f9aa4f24362b436281368e170c8H.jpg\" alt=\"Tubo de luz LED 3D RGB de 2M de di\u00e1metro y 40mm Tubo de luz LED de v\u00eddeo interactivo Digital RGB Pixel Vertical\"><\/span><\/p>\n<p style=\"margin: 0px;padding: 0px;color: #000000;font-family: Arial;font-size: 12px;font-style: normal;font-weight: 400\" align=\"left\"><span style=\"line-height: 18px;font-family: arial, helvetica, sans-serif\"><img decoding=\"async\" style=\"vertical-align: middle\" src=\"https:\/\/sc01.alicdn.com\/kf\/H6bbbb245da3744c19214b14c554ce3e0Y\/200440271\/H6bbbb245da3744c19214b14c554ce3e0Y.png\" alt=\"Tubo de luz LED 3D RGB de 2M de di\u00e1metro y 40mm Tubo de luz LED de v\u00eddeo interactivo Digital RGB Pixel Vertical\" width=\"750\"><img fetchpriority=\"high\" decoding=\"async\" class=\"alignnone wp-image-918\" src=\"https:\/\/clfled.com\/wp-content\/uploads\/2022\/11\/%E5%BD%A9%E4%BA%91%E7%AE%A1-11-300x200.jpg\" alt=\"\" width=\"748\" height=\"499\"><\/span><\/p>\n<p style=\"margin: 0px;padding: 0px;color: #000000;font-family: Arial;font-size: 12px;font-style: normal;font-weight: 400\"><span style=\"line-height: 18px;font-family: arial, helvetica, sans-serif\"> <\/span><\/p>\n<p style=\"margin: 0px;padding: 0px;color: #000000;font-family: Arial;font-size: 12px;font-style: normal;font-weight: 400\"><span style=\"line-height: 18px;font-family: arial, helvetica, sans-serif\"> <\/span><\/p>\n<p style=\"margin: 0px;padding: 0px;color: #000000;font-family: Arial;font-size: 12px;font-style: normal;font-weight: 400\"><span style=\"line-height: 18px;font-family: arial, helvetica, sans-serif\"> <\/span><\/p>\n<p style=\"margin: 0.0px;padding: 0.0px;border: 0.0px;font-style: normal;font-weight: 400;font-size: 12.0px;line-height: inherit;font-family: arial , helvetica;vertical-align: baseline;color: #333333\">\n","protected":false},"excerpt":{"rendered":"<p>Tubo de luz LED 3D RGB de 2M de di\u00e1metro y 40mm Tubo de luz LED de v\u00eddeo interactivo Digital<\/p>\n","protected":false},"featured_media":2984,"comment_status":"open","ping_status":"closed","template":"","meta":[],"product_cat":[140],"product_tag":[],"class_list":["post-4495","product","type-product","status-publish","has-post-thumbnail","hentry","product_cat-tubo-de-luz-led-de-360-pixeles"],"yoast_head":"<!-- This site is optimized with the Yoast SEO Premium plugin v21.0 (Yoast SEO v21.0) - https:\/\/yoast.com\/wordpress\/plugins\/seo\/ -->\n<title>Tubo de luz LED 3D RGB de 2M de di\u00e1metro y 40mm Tubo de luz LED de v\u00eddeo interactivo Digital RGB Pixel Vertical - Clfled<\/title>\n<meta name=\"robots\" content=\"index, follow, max-snippet:-1, max-image-preview:large, max-video-preview:-1\" \/>\n<link rel=\"canonical\" href=\"https:\/\/clfled.com\/es\/producto\/tubo-led-de-2m-de-diametro-40mm-3d-rgb-luz-luz-interactiva-tubo-led-video-luz-digital-rgb-pixel-vertical-tube\/\" \/>\n<meta property=\"og:locale\" content=\"es_ES\" \/>\n<meta property=\"og:type\" content=\"article\" \/>\n<meta property=\"og:title\" content=\"Tubo de luz LED 3D RGB de 2M de di\u00e1metro y 40mm Tubo de luz LED de v\u00eddeo interactivo Digital RGB Pixel Vertical\" \/>\n<meta property=\"og:description\" content=\"Tubo de luz LED 3D RGB de 2M de di\u00e1metro y 40mm Tubo de luz LED de v\u00eddeo interactivo Digital\" \/>\n<meta property=\"og:url\" content=\"https:\/\/clfled.com\/es\/producto\/tubo-led-de-2m-de-diametro-40mm-3d-rgb-luz-luz-interactiva-tubo-led-video-luz-digital-rgb-pixel-vertical-tube\/\" \/>\n<meta property=\"og:site_name\" content=\"Clfled\" \/>\n<meta property=\"og:image\" content=\"https:\/\/clfled.com\/wp-content\/uploads\/2022\/11\/\u5f69\u4e91\u7ba1-11.jpg\" \/>\n\t<meta property=\"og:image:width\" content=\"1618\" \/>\n\t<meta property=\"og:image:height\" content=\"1080\" \/>\n\t<meta property=\"og:image:type\" content=\"image\/jpeg\" \/>\n<meta name=\"twitter:card\" content=\"summary_large_image\" \/>\n<meta name=\"twitter:label1\" content=\"Tiempo de lectura\" \/>\n\t<meta name=\"twitter:data1\" content=\"1 minuto\" \/>\n<script type=\"application\/ld+json\" class=\"yoast-schema-graph\">{\"@context\":\"https:\/\/schema.org\",\"@graph\":[{\"@type\":\"WebPage\",\"@id\":\"https:\/\/clfled.com\/es\/producto\/tubo-led-de-2m-de-diametro-40mm-3d-rgb-luz-luz-interactiva-tubo-led-video-luz-digital-rgb-pixel-vertical-tube\/\",\"url\":\"https:\/\/clfled.com\/es\/producto\/tubo-led-de-2m-de-diametro-40mm-3d-rgb-luz-luz-interactiva-tubo-led-video-luz-digital-rgb-pixel-vertical-tube\/\",\"name\":\"Tubo de luz LED 3D RGB de 2M de di\u00e1metro y 40mm Tubo de luz LED de v\u00eddeo interactivo Digital RGB Pixel Vertical - Clfled\",\"isPartOf\":{\"@id\":\"https:\/\/clfled.com\/es\/#website\"},\"datePublished\":\"2022-11-05T05:45:55+00:00\",\"dateModified\":\"2022-11-05T05:45:55+00:00\",\"breadcrumb\":{\"@id\":\"https:\/\/clfled.com\/es\/producto\/tubo-led-de-2m-de-diametro-40mm-3d-rgb-luz-luz-interactiva-tubo-led-video-luz-digital-rgb-pixel-vertical-tube\/#breadcrumb\"},\"inLanguage\":\"es\",\"potentialAction\":[{\"@type\":\"ReadAction\",\"target\":[\"https:\/\/clfled.com\/es\/producto\/tubo-led-de-2m-de-diametro-40mm-3d-rgb-luz-luz-interactiva-tubo-led-video-luz-digital-rgb-pixel-vertical-tube\/\"]}]},{\"@type\":\"BreadcrumbList\",\"@id\":\"https:\/\/clfled.com\/es\/producto\/tubo-led-de-2m-de-diametro-40mm-3d-rgb-luz-luz-interactiva-tubo-led-video-luz-digital-rgb-pixel-vertical-tube\/#breadcrumb\",\"itemListElement\":[{\"@type\":\"ListItem\",\"position\":1,\"name\":\"HOME\",\"item\":\"https:\/\/clfled.com\/es\/\"},{\"@type\":\"ListItem\",\"position\":2,\"name\":\"Tienda\",\"item\":\"https:\/\/clfled.com\/es\/tienda\/\"},{\"@type\":\"ListItem\",\"position\":3,\"name\":\"Tubo de luz LED 3D RGB de 2M de di\u00e1metro y 40mm Tubo de luz LED de v\u00eddeo interactivo Digital RGB Pixel Vertical\"}]},{\"@type\":\"WebSite\",\"@id\":\"https:\/\/clfled.com\/es\/#website\",\"url\":\"https:\/\/clfled.com\/es\/\",\"name\":\"Clfled\",\"description\":\"clfled.com\",\"potentialAction\":[{\"@type\":\"SearchAction\",\"target\":{\"@type\":\"EntryPoint\",\"urlTemplate\":\"https:\/\/clfled.com\/es\/?s={search_term_string}\"},\"query-input\":\"required name=search_term_string\"}],\"inLanguage\":\"es\"}]}<\/script>\n<!-- \/ Yoast SEO Premium plugin. -->","yoast_head_json":{"title":"Tubo de luz LED 3D RGB de 2M de di\u00e1metro y 40mm Tubo de luz LED de v\u00eddeo interactivo Digital RGB Pixel Vertical - Clfled","robots":{"index":"index","follow":"follow","max-snippet":"max-snippet:-1","max-image-preview":"max-image-preview:large","max-video-preview":"max-video-preview:-1"},"canonical":"https:\/\/clfled.com\/es\/producto\/tubo-led-de-2m-de-diametro-40mm-3d-rgb-luz-luz-interactiva-tubo-led-video-luz-digital-rgb-pixel-vertical-tube\/","og_locale":"es_ES","og_type":"article","og_title":"Tubo de luz LED 3D RGB de 2M de di\u00e1metro y 40mm Tubo de luz LED de v\u00eddeo interactivo Digital RGB Pixel Vertical","og_description":"Tubo de luz LED 3D RGB de 2M de di\u00e1metro y 40mm Tubo de luz LED de v\u00eddeo interactivo Digital","og_url":"https:\/\/clfled.com\/es\/producto\/tubo-led-de-2m-de-diametro-40mm-3d-rgb-luz-luz-interactiva-tubo-led-video-luz-digital-rgb-pixel-vertical-tube\/","og_site_name":"Clfled","og_image":[{"width":1618,"height":1080,"url":"https:\/\/clfled.com\/wp-content\/uploads\/2022\/11\/\u5f69\u4e91\u7ba1-11.jpg","type":"image\/jpeg"}],"twitter_card":"summary_large_image","twitter_misc":{"Tiempo de lectura":"1 minuto"},"schema":{"@context":"https:\/\/schema.org","@graph":[{"@type":"WebPage","@id":"https:\/\/clfled.com\/es\/producto\/tubo-led-de-2m-de-diametro-40mm-3d-rgb-luz-luz-interactiva-tubo-led-video-luz-digital-rgb-pixel-vertical-tube\/","url":"https:\/\/clfled.com\/es\/producto\/tubo-led-de-2m-de-diametro-40mm-3d-rgb-luz-luz-interactiva-tubo-led-video-luz-digital-rgb-pixel-vertical-tube\/","name":"Tubo de luz LED 3D RGB de 2M de di\u00e1metro y 40mm Tubo de luz LED de v\u00eddeo interactivo Digital RGB Pixel Vertical - Clfled","isPartOf":{"@id":"https:\/\/clfled.com\/es\/#website"},"datePublished":"2022-11-05T05:45:55+00:00","dateModified":"2022-11-05T05:45:55+00:00","breadcrumb":{"@id":"https:\/\/clfled.com\/es\/producto\/tubo-led-de-2m-de-diametro-40mm-3d-rgb-luz-luz-interactiva-tubo-led-video-luz-digital-rgb-pixel-vertical-tube\/#breadcrumb"},"inLanguage":"es","potentialAction":[{"@type":"ReadAction","target":["https:\/\/clfled.com\/es\/producto\/tubo-led-de-2m-de-diametro-40mm-3d-rgb-luz-luz-interactiva-tubo-led-video-luz-digital-rgb-pixel-vertical-tube\/"]}]},{"@type":"BreadcrumbList","@id":"https:\/\/clfled.com\/es\/producto\/tubo-led-de-2m-de-diametro-40mm-3d-rgb-luz-luz-interactiva-tubo-led-video-luz-digital-rgb-pixel-vertical-tube\/#breadcrumb","itemListElement":[{"@type":"ListItem","position":1,"name":"HOME","item":"https:\/\/clfled.com\/es\/"},{"@type":"ListItem","position":2,"name":"Tienda","item":"https:\/\/clfled.com\/es\/tienda\/"},{"@type":"ListItem","position":3,"name":"Tubo de luz LED 3D RGB de 2M de di\u00e1metro y 40mm Tubo de luz LED de v\u00eddeo interactivo Digital RGB Pixel Vertical"}]},{"@type":"WebSite","@id":"https:\/\/clfled.com\/es\/#website","url":"https:\/\/clfled.com\/es\/","name":"Clfled","description":"clfled.com","potentialAction":[{"@type":"SearchAction","target":{"@type":"EntryPoint","urlTemplate":"https:\/\/clfled.com\/es\/?s={search_term_string}"},"query-input":"required name=search_term_string"}],"inLanguage":"es"}]}},"_links":{"self":[{"href":"https:\/\/clfled.com\/es\/wp-json\/wp\/v2\/product\/4495","targetHints":{"allow":["GET"]}}],"collection":[{"href":"https:\/\/clfled.com\/es\/wp-json\/wp\/v2\/product"}],"about":[{"href":"https:\/\/clfled.com\/es\/wp-json\/wp\/v2\/types\/product"}],"replies":[{"embeddable":true,"href":"https:\/\/clfled.com\/es\/wp-json\/wp\/v2\/comments?post=4495"}],"version-history":[{"count":0,"href":"https:\/\/clfled.com\/es\/wp-json\/wp\/v2\/product\/4495\/revisions"}],"wp:featuredmedia":[{"embeddable":true,"href":"https:\/\/clfled.com\/es\/wp-json\/wp\/v2\/media\/2984"}],"wp:attachment":[{"href":"https:\/\/clfled.com\/es\/wp-json\/wp\/v2\/media?parent=4495"}],"wp:term":[{"taxonomy":"product_cat","embeddable":true,"href":"https:\/\/clfled.com\/es\/wp-json\/wp\/v2\/product_cat?post=4495"},{"taxonomy":"product_tag","embeddable":true,"href":"https:\/\/clfled.com\/es\/wp-json\/wp\/v2\/product_tag?post=4495"}],"curies":[{"name":"wp","href":"https:\/\/api.w.org\/{rel}","templated":true}]}}