{"id":4478,"date":"2022-11-05T14:08:00","date_gmt":"2022-11-05T06:08:00","guid":{"rendered":"https:\/\/clfled.com\/product\/smd5050-digital-addressable-light-dmx512-controller-ic-flexible-programmable-rgb-led-strip\/"},"modified":"2022-12-01T18:59:21","modified_gmt":"2022-12-01T10:59:21","slug":"smd5050-digital-addressable-light-dmx512-controller-ic-flexible-programable-rgb-led-strip","status":"publish","type":"product","link":"https:\/\/clfled.com\/es\/producto\/smd5050-digital-addressable-light-dmx512-controller-ic-flexible-programable-rgb-led-strip\/","title":{"rendered":"SMD5050 Digital Addressable Light DMX512 Controller IC Flexible Programmable RGB Led Strip"},"content":{"rendered":"<h1 style=\"text-align: center\">SMD5050 Digital Addressable Light DMX512 Controller IC Flexible Programmable RGB Led Strip<\/h1>\n<p><span style=\"color: #ffffff;background-color: #00ccff;font-size: 18px\"><em><strong>Caracter\u00edstica<br \/>\n<\/strong><\/em><\/span><\/p>\n<p style=\"border: 0px;line-height: 15.6px;font-family: Arial, Helvetica;vertical-align: baseline;color: #333333\"><span style=\"margin: 0px;padding: 0px;border: 0px;font-style: inherit;font-weight: inherit;font-size: 16px;line-height: 24px;font-family: arial, helvetica, sans-serif;vertical-align: baseline\">1 Tira LED DMX512 utiliza la placa de circuito impreso flexible FPCB para ser placas de circuito de montaje<\/span><\/p>\n<p style=\"border: 0px;line-height: 15.6px;font-family: Arial, Helvetica;vertical-align: baseline;color: #333333\"><span style=\"margin: 0px;padding: 0px;border: 0px;font-style: inherit;font-weight: inherit;font-size: 16px;line-height: 24px;font-family: arial, helvetica, sans-serif;vertical-align: baseline\">2 El FPC es un material blando que se puede enrollar y enrollar libremente en un espacio tridimensional sin romperse<\/span><\/p>\n<p style=\"border: 0px;line-height: 15.6px;font-family: Arial, Helvetica;vertical-align: baseline;color: #333333\"><span style=\"margin: 0px;padding: 0px;border: 0px;font-style: inherit;font-weight: inherit;font-size: 16px;line-height: 24px;font-family: arial, helvetica, sans-serif;vertical-align: baseline\">3 LED Chip 5050SMD se construye en IC, a continuaci\u00f3n, los componentes es menos p\u00edxeles puede ser alta puede hacer que el aspecto atractivo<\/span><\/p>\n<p style=\"border: 0px;line-height: 15.6px;font-family: Arial, Helvetica;vertical-align: baseline;color: #333333\"><span style=\"margin: 0px;padding: 0px;border: 0px;font-style: inherit;font-weight: inherit;font-size: 16px;line-height: 24px;font-family: arial, helvetica, sans-serif;vertical-align: baseline\">4 El IC est\u00e1 dise\u00f1ado con el PI, los datos A y los datos B, la fuente de alimentaci\u00f3n*2<\/span><\/p>\n<p style=\"border: 0px;line-height: 15.6px;font-family: Arial, Helvetica;vertical-align: baseline;color: #333333\"><span style=\"margin: 0px;padding: 0px;border: 0px;font-style: inherit;font-weight: inherit;font-size: 16px;line-height: 24px;font-family: arial, helvetica, sans-serif;vertical-align: baseline\">5 Productos que utilizan la tensi\u00f3n DC24V para alimentar el alto factor de seguridad<\/span><\/p>\n<p style=\"border: 0px;line-height: 15.6px;font-family: Arial, Helvetica;vertical-align: baseline;color: #333333\"><span style=\"margin: 0px;padding: 0px;border: 0px;font-style: inherit;font-weight: inherit;font-size: 16px;line-height: 24px;font-family: arial, helvetica, sans-serif;vertical-align: baseline\">6 Con el controlador, se puede lograr el monocromo.<\/span><\/p>\n<p style=\"border: 0px;line-height: 15.6px;font-family: Arial, Helvetica;vertical-align: baseline;color: #333333\"><span style=\"color: #ffffff;background-color: #00ccff;font-size: 18px\"><em><strong><span style=\"margin: 0px;padding: 0px;border: 0px;line-height: 24px;font-family: arial, helvetica, sans-serif;vertical-align: baseline\">Especificaci\u00f3n<br \/>\n<\/span><\/strong><\/em><\/span><\/p>\n<table style=\"border-collapse: collapse;background-color: #ffffff;width: 750px;border: 1px solid #cccccc;height: 297px\" border=\"1\">\n<tbody>\n<tr>\n<td style=\"border: 1px solid #cccccc;width: 111px\"><span style=\"font-size: 16px;font-family: arial, helvetica, sans-serif\">Modelo<\/span><\/td>\n<td style=\"border: 1px solid #cccccc;width: 180px\"><span style=\"font-size: 16px;font-family: arial, helvetica, sans-serif\">Tira de leds DMX512<\/span><\/td>\n<td style=\"border: 1px solid #cccccc;width: 116px\"><span style=\"font-size: 16px;font-family: arial, helvetica, sans-serif\">Tipo de Led<\/span><\/td>\n<td style=\"border: 1px solid #cccccc;width: 330px\"><span style=\"font-size: 16px;font-family: arial, helvetica, sans-serif\">SMD5050RGB<\/span><\/td>\n<\/tr>\n<tr>\n<td style=\"border: 1px solid #cccccc;width: 111px\"><span style=\"font-size: 16px;font-family: arial, helvetica, sans-serif\">Led QTY<\/span><\/td>\n<td style=\"border: 1px solid #cccccc;width: 180px\"><span style=\"font-size: 16px;font-family: arial, helvetica, sans-serif\">60leds\/M<\/span><\/td>\n<td style=\"border: 1px solid #cccccc;width: 116px\"><span style=\"font-size: 16px;font-family: arial, helvetica, sans-serif\">Tipo de CI<\/span><\/td>\n<td style=\"border: 1px solid #cccccc;width: 330px\"><span style=\"font-size: 16px;font-family: arial, helvetica, sans-serif\">CI DMX512 incorporado<\/span><\/td>\n<\/tr>\n<tr>\n<td style=\"border: 1px solid #cccccc;width: 111px\"><span style=\"font-size: 16px;font-family: arial, helvetica, sans-serif\">IC QTY<\/span><\/td>\n<td style=\"border: 1px solid #cccccc;width: 180px\"><span style=\"font-size: 16px;font-family: arial, helvetica, sans-serif\">10pcs\/M<\/span><\/td>\n<td style=\"border: 1px solid #cccccc;width: 116px\"><span style=\"font-size: 16px;font-family: arial, helvetica, sans-serif\">Anchura de la placa de circuito impreso<\/span><\/td>\n<td style=\"border: 1px solid #cccccc;width: 330px\"><span style=\"font-size: 16px;font-family: arial, helvetica, sans-serif\">12mm<\/span><\/td>\n<\/tr>\n<tr>\n<td style=\"border: 1px solid #cccccc;width: 111px\"><span style=\"font-size: 16px;font-family: arial, helvetica, sans-serif\">Color de la placa de circuito impreso<\/span><\/td>\n<td style=\"border: 1px solid #cccccc;width: 180px\"><span style=\"font-size: 16px;font-family: arial, helvetica, sans-serif\">Blanco<\/span><\/td>\n<td style=\"border: 1px solid #cccccc;width: 116px\"><span style=\"font-size: 16px;font-family: arial, helvetica, sans-serif\">Tensi\u00f3n<\/span><\/td>\n<td style=\"border: 1px solid #cccccc;width: 330px\"><span style=\"font-size: 16px;font-family: arial, helvetica, sans-serif\">DC24V<\/span><\/td>\n<\/tr>\n<tr>\n<td style=\"border: 1px solid #cccccc;width: 111px\"><span style=\"font-size: 16px;font-family: arial, helvetica, sans-serif\">Potencia<\/span><\/td>\n<td style=\"border: 1px solid #cccccc;width: 180px\"><span style=\"font-size: 16px;font-family: arial, helvetica, sans-serif\">14,4W\/M<\/span><\/td>\n<td style=\"border: 1px solid #cccccc;width: 116px\"><span style=\"font-size: 16px;font-family: arial, helvetica, sans-serif\">Longitud<\/span><\/td>\n<td style=\"border: 1px solid #cccccc;width: 330px\"><span style=\"font-size: 16px;font-family: arial, helvetica, sans-serif\">5m\/reel, tambi\u00e9n se puede personalizar<\/span><\/td>\n<\/tr>\n<tr>\n<td style=\"border: 1px solid #cccccc;width: 746px\" colspan=\"4\"><span style=\"font-size: 16px;font-family: arial, helvetica, sans-serif\">Estanqueidad: IP20 sin estanqueidad\/IP65 Estanqueidad de la cola de silicona\/IP67 Estanqueidad del tubo de silicona\/IP68 Estanqueidad de la cola de silicona+tubo<\/span><\/td>\n<\/tr>\n<tr>\n<td style=\"border: 1px solid #cccccc;width: 746px\" colspan=\"4\"><span style=\"font-size: 16px;font-family: arial, helvetica, sans-serif\">Instalaci\u00f3n: cinta adhesiva 3M en la parte trasera<\/span><\/td>\n<\/tr>\n<\/tbody>\n<\/table>\n<p>&nbsp;<\/p>\n<p style=\"border: 0px;line-height: 15.6px;font-family: Arial, Helvetica;vertical-align: baseline;color: #333333\"><span style=\"color: #ffffff;background-color: #00ccff;font-size: 18px\"><em><strong>Producto relacionado<br \/>\n<\/strong><\/em><\/span><\/p>\n<p><img fetchpriority=\"high\" decoding=\"async\" class=\"\" src=\"\/\/sc01.alicdn.com\/kf\/HTB1xVx2XyHrK1Rjy0Flq6AsaFXao\/228612101\/HTB1xVx2XyHrK1Rjy0Flq6AsaFXao.jpg\" width=\"750\" height=\"471\"><\/p>\n<p style=\"border: 0px;line-height: 15.6px;font-family: Arial, Helvetica;vertical-align: baseline;color: #333333\"><span style=\"color: #ffffff;background-color: #00ccff;font-size: 18px\"><em><strong>Servicio a medida<br \/>\n<\/strong><\/em><\/span><\/p>\n<p><img decoding=\"async\" src=\"\/\/sc01.alicdn.com\/kf\/HTB1YhCkXli5K1Rjt_hNq6zUDVXaK\/228612101\/HTB1YhCkXli5K1Rjt_hNq6zUDVXaK.jpg\" alt=\"SMD5050 Digital Addressable Light DMX512 Controller IC Flexible Programmable RGB Led Strip\"><\/p>\n<p style=\"border: 0px;line-height: 15.6px;font-family: Arial, Helvetica;vertical-align: baseline;color: #333333\"><span style=\"color: #ffffff;background-color: #00ccff;font-size: 18px\"><em><strong>Paquete<br \/>\n<\/strong><\/em><\/span><\/p>\n<p><img decoding=\"async\" src=\"\/\/sc01.alicdn.com\/kf\/HTB1aItbmqQoBKNjSZJnq6yw9VXaR\/228612101\/HTB1aItbmqQoBKNjSZJnq6yw9VXaR.jpg\" alt=\"SMD5050 Digital Addressable Light DMX512 Controller IC Flexible Programmable RGB Led Strip\" width=\"750\" height=\"185\"><\/p>\n<p><img decoding=\"async\" class=\"size-full wp-image-1025 aligncenter\" src=\"https:\/\/www.witop-tech.com\/wp-content\/uploads\/2016\/11\/application.jpg\" alt=\"aplicaci\u00f3n\" width=\"1170\" height=\"155\"><\/p>\n<p><img loading=\"lazy\" decoding=\"async\" class=\"alignnone size-medium wp-image-785\" src=\"https:\/\/clfled.com\/wp-content\/uploads\/2022\/11\/H015d49cc4ce64785b01567212fd776b10-271x300.webp\" alt=\"\" width=\"271\" height=\"300\" srcset=\"https:\/\/clfled.com\/wp-content\/uploads\/2022\/11\/H015d49cc4ce64785b01567212fd776b10-271x300.webp 271w, https:\/\/clfled.com\/wp-content\/uploads\/2022\/11\/H015d49cc4ce64785b01567212fd776b10-500x554.webp 500w, https:\/\/clfled.com\/wp-content\/uploads\/2022\/11\/H015d49cc4ce64785b01567212fd776b10-150x166.webp 150w, https:\/\/clfled.com\/wp-content\/uploads\/2022\/11\/H015d49cc4ce64785b01567212fd776b10-700x776.webp 700w, https:\/\/clfled.com\/wp-content\/uploads\/2022\/11\/H015d49cc4ce64785b01567212fd776b10-768x852.webp 768w, https:\/\/clfled.com\/wp-content\/uploads\/2022\/11\/H015d49cc4ce64785b01567212fd776b10.webp 800w\" sizes=\"(max-width: 271px) 100vw, 271px\" \/><\/p>\n<ul>\n<li>Ciudad de iluminaci\u00f3n villas de publicidad de la pared signos de Navidad ( , , paisaje decorativo)<\/li>\n<li>Dise\u00f1o irregular de la decoraci\u00f3n del cuerpo (centros comerciales, hoteles, clubes nocturnos, KTV de pared poligonal<\/li>\n<li>dise\u00f1o de la cavidad del techo de los establecimientos)<\/li>\n<li>Alumbrado p\u00fablico (escuelas, bibliotecas, hospitales, aeropuertos, estaciones de metro, estaciones de tren)<\/li>\n<li>Moldura de ranura oscura para muebles (puerta, barra, mueble de vino, armario, armarios de TV, etc.)<\/li>\n<li>Belleza automotriz (carrocer\u00eda, bajos, carretilla equilibrada, etc.)<\/li>\n<\/ul>\n","protected":false},"excerpt":{"rendered":"<p>\u00bfBusca una forma llamativa y creativa de a\u00f1adir algo de luz a su vida? No busque m\u00e1s que estas tiras de led a todo color. Este innovador producto utiliza la energ\u00eda DC24V para proporcionar una gama completa de colores para sus tiras de luces LED, todo ello controlado por un chip ED 5050SMD incorporado.<br \/>\nUtilizamos material FPC blando que hace que nuestras tiras de luz se enrollen f\u00e1cilmente y que se puedan enrollar libremente en cualquier forma sin romperse. Con el mando, puedes conseguir efectos de iluminaci\u00f3n monocrom\u00e1ticos, RGB o incluso personalizados para adaptarlos a tu estado de \u00e1nimo.<br \/>\nNuestro producto es f\u00e1cil de instalar y utilizar. As\u00ed que, tanto si quieres a\u00f1adir un poco de ambiente a tu casa como si quieres animar tu pr\u00f3xima fiesta, el FPCB te alegrar\u00e1 el d\u00eda.<\/p>\n","protected":false},"featured_media":1972,"comment_status":"open","ping_status":"closed","template":"","meta":[],"product_cat":[155],"product_tag":[],"class_list":["post-4478","product","type-product","status-publish","has-post-thumbnail","hentry","product_cat-tira-de-leds-a-todo-color"],"yoast_head":"<!-- This site is optimized with the Yoast SEO Premium plugin v21.0 (Yoast SEO v21.0) - https:\/\/yoast.com\/wordpress\/plugins\/seo\/ -->\n<title>SMD5050 Digital Addressable Light DMX512 Controller IC Flexible Programmable RGB Led Strip - Clfled<\/title>\n<meta name=\"robots\" content=\"index, follow, max-snippet:-1, max-image-preview:large, max-video-preview:-1\" \/>\n<link rel=\"canonical\" href=\"https:\/\/clfled.com\/es\/producto\/smd5050-digital-addressable-light-dmx512-controller-ic-flexible-programable-rgb-led-strip\/\" \/>\n<meta property=\"og:locale\" content=\"es_ES\" \/>\n<meta property=\"og:type\" content=\"article\" \/>\n<meta property=\"og:title\" content=\"SMD5050 Digital Addressable Light DMX512 Controller IC Flexible Programmable RGB Led Strip\" \/>\n<meta property=\"og:description\" content=\"\u00bfBusca una forma llamativa y creativa de a\u00f1adir algo de luz a su vida? No busque m\u00e1s que estas tiras de led a todo color. Este innovador producto utiliza la energ\u00eda DC24V para proporcionar una gama completa de colores para sus tiras de luces LED, todo ello controlado por un chip ED 5050SMD incorporado.  Utilizamos material FPC blando que hace que nuestras tiras de luz se enrollen f\u00e1cilmente y que se puedan enrollar libremente en cualquier forma sin romperse. Con el mando, puedes conseguir efectos de iluminaci\u00f3n monocrom\u00e1ticos, RGB o incluso personalizados para adaptarlos a tu estado de \u00e1nimo. Nuestro producto es f\u00e1cil de instalar y utilizar. As\u00ed que, tanto si quieres a\u00f1adir un poco de ambiente a tu casa como si quieres animar tu pr\u00f3xima fiesta, el FPCB te alegrar\u00e1 el d\u00eda.\" \/>\n<meta property=\"og:url\" content=\"https:\/\/clfled.com\/es\/producto\/smd5050-digital-addressable-light-dmx512-controller-ic-flexible-programable-rgb-led-strip\/\" \/>\n<meta property=\"og:site_name\" content=\"Clfled\" \/>\n<meta property=\"article:modified_time\" content=\"2022-12-01T10:59:21+00:00\" \/>\n<meta property=\"og:image\" content=\"https:\/\/clfled.com\/wp-content\/uploads\/2022\/11\/HTB1rmp0XvvsK1Rjy0Fiq6zwtXXaP.jpg\" \/>\n\t<meta property=\"og:image:width\" content=\"800\" \/>\n\t<meta property=\"og:image:height\" content=\"800\" \/>\n\t<meta property=\"og:image:type\" content=\"image\/jpeg\" \/>\n<meta name=\"twitter:card\" content=\"summary_large_image\" \/>\n<meta name=\"twitter:label1\" content=\"Tiempo de lectura\" \/>\n\t<meta name=\"twitter:data1\" content=\"3 minutos\" \/>\n<script type=\"application\/ld+json\" class=\"yoast-schema-graph\">{\"@context\":\"https:\/\/schema.org\",\"@graph\":[{\"@type\":\"WebPage\",\"@id\":\"https:\/\/clfled.com\/es\/producto\/smd5050-digital-addressable-light-dmx512-controller-ic-flexible-programable-rgb-led-strip\/\",\"url\":\"https:\/\/clfled.com\/es\/producto\/smd5050-digital-addressable-light-dmx512-controller-ic-flexible-programable-rgb-led-strip\/\",\"name\":\"SMD5050 Digital Addressable Light DMX512 Controller IC Flexible Programmable RGB Led Strip - Clfled\",\"isPartOf\":{\"@id\":\"https:\/\/clfled.com\/es\/#website\"},\"datePublished\":\"2022-11-05T06:08:00+00:00\",\"dateModified\":\"2022-12-01T10:59:21+00:00\",\"breadcrumb\":{\"@id\":\"https:\/\/clfled.com\/es\/producto\/smd5050-digital-addressable-light-dmx512-controller-ic-flexible-programable-rgb-led-strip\/#breadcrumb\"},\"inLanguage\":\"es\",\"potentialAction\":[{\"@type\":\"ReadAction\",\"target\":[\"https:\/\/clfled.com\/es\/producto\/smd5050-digital-addressable-light-dmx512-controller-ic-flexible-programable-rgb-led-strip\/\"]}]},{\"@type\":\"BreadcrumbList\",\"@id\":\"https:\/\/clfled.com\/es\/producto\/smd5050-digital-addressable-light-dmx512-controller-ic-flexible-programable-rgb-led-strip\/#breadcrumb\",\"itemListElement\":[{\"@type\":\"ListItem\",\"position\":1,\"name\":\"HOME\",\"item\":\"https:\/\/clfled.com\/es\/\"},{\"@type\":\"ListItem\",\"position\":2,\"name\":\"Tienda\",\"item\":\"https:\/\/clfled.com\/es\/tienda\/\"},{\"@type\":\"ListItem\",\"position\":3,\"name\":\"SMD5050 Digital Addressable Light DMX512 Controller IC Flexible Programmable RGB Led Strip\"}]},{\"@type\":\"WebSite\",\"@id\":\"https:\/\/clfled.com\/es\/#website\",\"url\":\"https:\/\/clfled.com\/es\/\",\"name\":\"Clfled\",\"description\":\"clfled.com\",\"potentialAction\":[{\"@type\":\"SearchAction\",\"target\":{\"@type\":\"EntryPoint\",\"urlTemplate\":\"https:\/\/clfled.com\/es\/?s={search_term_string}\"},\"query-input\":\"required name=search_term_string\"}],\"inLanguage\":\"es\"}]}<\/script>\n<!-- \/ Yoast SEO Premium plugin. -->","yoast_head_json":{"title":"SMD5050 Digital Addressable Light DMX512 Controller IC Flexible Programmable RGB Led Strip - Clfled","robots":{"index":"index","follow":"follow","max-snippet":"max-snippet:-1","max-image-preview":"max-image-preview:large","max-video-preview":"max-video-preview:-1"},"canonical":"https:\/\/clfled.com\/es\/producto\/smd5050-digital-addressable-light-dmx512-controller-ic-flexible-programable-rgb-led-strip\/","og_locale":"es_ES","og_type":"article","og_title":"SMD5050 Digital Addressable Light DMX512 Controller IC Flexible Programmable RGB Led Strip","og_description":"\u00bfBusca una forma llamativa y creativa de a\u00f1adir algo de luz a su vida? No busque m\u00e1s que estas tiras de led a todo color. Este innovador producto utiliza la energ\u00eda DC24V para proporcionar una gama completa de colores para sus tiras de luces LED, todo ello controlado por un chip ED 5050SMD incorporado.  Utilizamos material FPC blando que hace que nuestras tiras de luz se enrollen f\u00e1cilmente y que se puedan enrollar libremente en cualquier forma sin romperse. Con el mando, puedes conseguir efectos de iluminaci\u00f3n monocrom\u00e1ticos, RGB o incluso personalizados para adaptarlos a tu estado de \u00e1nimo. Nuestro producto es f\u00e1cil de instalar y utilizar. As\u00ed que, tanto si quieres a\u00f1adir un poco de ambiente a tu casa como si quieres animar tu pr\u00f3xima fiesta, el FPCB te alegrar\u00e1 el d\u00eda.","og_url":"https:\/\/clfled.com\/es\/producto\/smd5050-digital-addressable-light-dmx512-controller-ic-flexible-programable-rgb-led-strip\/","og_site_name":"Clfled","article_modified_time":"2022-12-01T10:59:21+00:00","og_image":[{"width":800,"height":800,"url":"https:\/\/clfled.com\/wp-content\/uploads\/2022\/11\/HTB1rmp0XvvsK1Rjy0Fiq6zwtXXaP.jpg","type":"image\/jpeg"}],"twitter_card":"summary_large_image","twitter_misc":{"Tiempo de lectura":"3 minutos"},"schema":{"@context":"https:\/\/schema.org","@graph":[{"@type":"WebPage","@id":"https:\/\/clfled.com\/es\/producto\/smd5050-digital-addressable-light-dmx512-controller-ic-flexible-programable-rgb-led-strip\/","url":"https:\/\/clfled.com\/es\/producto\/smd5050-digital-addressable-light-dmx512-controller-ic-flexible-programable-rgb-led-strip\/","name":"SMD5050 Digital Addressable Light DMX512 Controller IC Flexible Programmable RGB Led Strip - Clfled","isPartOf":{"@id":"https:\/\/clfled.com\/es\/#website"},"datePublished":"2022-11-05T06:08:00+00:00","dateModified":"2022-12-01T10:59:21+00:00","breadcrumb":{"@id":"https:\/\/clfled.com\/es\/producto\/smd5050-digital-addressable-light-dmx512-controller-ic-flexible-programable-rgb-led-strip\/#breadcrumb"},"inLanguage":"es","potentialAction":[{"@type":"ReadAction","target":["https:\/\/clfled.com\/es\/producto\/smd5050-digital-addressable-light-dmx512-controller-ic-flexible-programable-rgb-led-strip\/"]}]},{"@type":"BreadcrumbList","@id":"https:\/\/clfled.com\/es\/producto\/smd5050-digital-addressable-light-dmx512-controller-ic-flexible-programable-rgb-led-strip\/#breadcrumb","itemListElement":[{"@type":"ListItem","position":1,"name":"HOME","item":"https:\/\/clfled.com\/es\/"},{"@type":"ListItem","position":2,"name":"Tienda","item":"https:\/\/clfled.com\/es\/tienda\/"},{"@type":"ListItem","position":3,"name":"SMD5050 Digital Addressable Light DMX512 Controller IC Flexible Programmable RGB Led Strip"}]},{"@type":"WebSite","@id":"https:\/\/clfled.com\/es\/#website","url":"https:\/\/clfled.com\/es\/","name":"Clfled","description":"clfled.com","potentialAction":[{"@type":"SearchAction","target":{"@type":"EntryPoint","urlTemplate":"https:\/\/clfled.com\/es\/?s={search_term_string}"},"query-input":"required name=search_term_string"}],"inLanguage":"es"}]}},"_links":{"self":[{"href":"https:\/\/clfled.com\/es\/wp-json\/wp\/v2\/product\/4478","targetHints":{"allow":["GET"]}}],"collection":[{"href":"https:\/\/clfled.com\/es\/wp-json\/wp\/v2\/product"}],"about":[{"href":"https:\/\/clfled.com\/es\/wp-json\/wp\/v2\/types\/product"}],"replies":[{"embeddable":true,"href":"https:\/\/clfled.com\/es\/wp-json\/wp\/v2\/comments?post=4478"}],"version-history":[{"count":2,"href":"https:\/\/clfled.com\/es\/wp-json\/wp\/v2\/product\/4478\/revisions"}],"predecessor-version":[{"id":4790,"href":"https:\/\/clfled.com\/es\/wp-json\/wp\/v2\/product\/4478\/revisions\/4790"}],"wp:featuredmedia":[{"embeddable":true,"href":"https:\/\/clfled.com\/es\/wp-json\/wp\/v2\/media\/1972"}],"wp:attachment":[{"href":"https:\/\/clfled.com\/es\/wp-json\/wp\/v2\/media?parent=4478"}],"wp:term":[{"taxonomy":"product_cat","embeddable":true,"href":"https:\/\/clfled.com\/es\/wp-json\/wp\/v2\/product_cat?post=4478"},{"taxonomy":"product_tag","embeddable":true,"href":"https:\/\/clfled.com\/es\/wp-json\/wp\/v2\/product_tag?post=4478"}],"curies":[{"name":"wp","href":"https:\/\/api.w.org\/{rel}","templated":true}]}}