{"id":4468,"date":"2022-11-05T14:08:56","date_gmt":"2022-11-05T06:08:56","guid":{"rendered":"https:\/\/clfled.com\/product\/luz-ambiental-led-para-ebay-kit-de-venta-al-aire-libre-dc24v-led-underground-light-con-control-de-la-aplicacion\/"},"modified":"2022-11-05T14:08:56","modified_gmt":"2022-11-05T06:08:56","slug":"led-ambient-light-for-ebay-selling-kit-outdoor-dc24v-led-underground-light-with-app-control-2","status":"publish","type":"product","link":"https:\/\/clfled.com\/es\/producto\/led-ambient-light-for-ebay-selling-kit-outdoor-dc24v-led-underground-light-with-app-control-2\/","title":{"rendered":"Luz Ambiental Led para Ebay Kit de venta al aire libre DC24V Led Underground Light con control de la aplicaci\u00f3n"},"content":{"rendered":"<p><span style=\"text-decoration: underline\"><strong><em><span style=\"font-family: 'times new roman', times;font-size: 24px\">Luz Ambiental Led para Ebay Kit de venta al aire libre DC24V Led Underground Light con control de la aplicaci\u00f3n<\/span><\/em><\/strong><\/span><\/p>\n<p><span style=\"text-decoration: underline;background-color: #00ccff;font-size: 24px\"><strong><em><span style=\"font-family: 'times new roman', times\">Caracter\u00edstica<\/span><\/em><\/strong><\/span><\/p>\n<p><span style=\"font-family: 'times new roman', times;font-size: 16px\">1.La cadena de luces LED es compatible con el adaptador de energ\u00eda de bajo voltaje de 24V, es f\u00e1cil de conectar.<\/span><\/p>\n<p><span style=\"font-family: 'times new roman', times;font-size: 16px\">2.Luz de suelo de jard\u00edn led resistente al agua para exteriores.<\/span><\/p>\n<p><span style=\"font-family: 'times new roman', times;font-size: 16px\">3.Multicolor led cadena apoya el control del tel\u00e9fono inteligente, el control por APP.<\/span><\/p>\n<p><span style=\"font-family: 'times new roman', times;font-size: 16px\">4.La cadena de iluminaci\u00f3n subterr\u00e1nea soporta el modo de m\u00fasica, puede crear una atm\u00f3sfera feliz.<\/span><\/p>\n<p><span style=\"font-family: 'times new roman', times;font-size: 16px\">5. La cadena de luces LED es f\u00e1cil de manejar y transportar.<\/span><\/p>\n<p><img fetchpriority=\"high\" decoding=\"async\" class=\"\" src=\"\/\/sc04.alicdn.com\/kf\/Hcd030cb012f24edbb73741e3c2f32503B\/228612101\/Hcd030cb012f24edbb73741e3c2f32503B.jpg\" alt=\"Luz Ambiental Led para Ebay Kit de venta al aire libre DC24V Led Underground Light con control de la aplicaci\u00f3n\" width=\"750\" height=\"464\"><\/p>\n<p><span style=\"text-decoration: underline;background-color: #00ccff;font-size: 24px\"><strong><em><span style=\"font-family: 'times new roman', times\">Especificaci\u00f3n y embalaje Art\u00edculo<\/span><\/em><\/strong><\/span><\/p>\n<table style=\"border-collapse: collapse;border-style: solid;background-color: #ffffff;width: 750px;height: 456px\" border=\"1\">\n<tbody>\n<tr style=\"height: 18px\">\n<td style=\"width: 340px;height: 18px\"><span style=\"color: #000000;font-family: 'times new roman', times;font-size: 16px;font-style: normal;font-weight: 400;background-color: #ffffff;float: none\">Luz de tierra a todo color*15 piezas<\/span><\/td>\n<td style=\"width: 397px;height: 18px\"><span style=\"font-family: 'times new roman', times;font-size: 16px\">DC24V<\/span><\/p>\n<p><span style=\"font-family: 'times new roman', times;font-size: 16px\">12W<\/span><\/p>\n<p><span style=\"font-family: 'times new roman', times;font-size: 16px\">15Metros de longitud total<\/span><\/td>\n<\/tr>\n<tr style=\"height: 31px\">\n<td style=\"width: 340px;height: 31px\"><span style=\"color: #000000;font-family: 'times new roman', times;font-size: 16px;font-style: normal;font-weight: 400;background-color: #ffffff;float: none\">Caja de control de la bombilla Led*1pc<\/span><\/td>\n<td style=\"width: 397px;height: 31px\"><span style=\"font-family: 'times new roman', times;font-size: 16px\">Control por APP<\/span><\/p>\n<p><span style=\"font-family: 'times new roman', times;font-size: 16px\">Distancia de control: 10 metros<\/span><\/td>\n<\/tr>\n<tr style=\"height: 14px\">\n<td style=\"width: 340px;height: 14px\"><span style=\"color: #000000;font-family: 'times new roman', times;font-size: 16px;font-style: normal;font-weight: 400;background-color: #ffffff;float: none\">Adaptador de corriente AC*1pc<\/span><\/td>\n<td style=\"width: 397px;height: 14px\"><span style=\"color: #000000;font-family: 'times new roman', times;font-size: 16px;font-style: normal;font-weight: 400;background-color: #ffffff;float: none\">12V*1A<\/span><\/td>\n<\/tr>\n<tr style=\"height: 8px\">\n<td style=\"width: 340px;height: 8px\"><span style=\"color: #000000;font-family: 'times new roman', times;font-size: 16px;font-style: normal;font-weight: 400;background-color: #ffffff;float: none\">Manual de usuario*1pc<\/span><\/td>\n<td style=\"width: 397px;height: 8px\"> <span style=\"font-size: 16px\">\/<\/span><\/td>\n<\/tr>\n<\/tbody>\n<\/table>\n<p><span style=\"background-color: #00ccff;font-size: 24px\"><em><strong><span style=\"font-family: 'times new roman', times\">Exposici\u00f3n de productos<\/span><\/strong><\/em><\/span><\/p>\n<p><span style=\"background-color: #00ccff;font-size: 24px\"><em><strong><span style=\"font-family: 'times new roman', times\"><img decoding=\"async\" class=\"\" src=\"\/\/sc04.alicdn.com\/kf\/Hfd715915a1fa4c9c915a4777b85a520ez\/228612101\/Hfd715915a1fa4c9c915a4777b85a520ez.jpg\" alt=\"Luz Ambiental Led para Ebay Kit de venta al aire libre DC24V Led Underground Light con control de la aplicaci\u00f3n\" width=\"750\" height=\"750\"><\/span><\/strong><\/em><\/span><\/p>\n<p><img decoding=\"async\" src=\"\/\/sc04.alicdn.com\/kf\/H9877e786c0ac419c9f05b749c7b7e8d01\/228612101\/H9877e786c0ac419c9f05b749c7b7e8d01.jpg\" alt=\"Luz Ambiental Led para Ebay Kit de venta al aire libre DC24V Led Underground Light con control de la aplicaci\u00f3n\"><\/p>\n<p><span style=\"background-color: #00ccff;font-size: 24px\"><em><strong><span style=\"font-family: 'times new roman', times\">Aplicaci\u00f3n<\/span><\/strong><\/em><\/span><\/p>\n<p><span style=\"background-color: #ffffff;font-size: 16px\"><em><strong><span style=\"font-family: 'times new roman', times\">La bombilla LED impermeable se utiliza en algunos lugares: jard\u00edn\/patio\/balc\u00f3n abierto\/restaurante al aire libre\/patio trasero de la casa, etc.<\/span><\/strong><\/em><\/span><\/p>\n<p><img decoding=\"async\" class=\"\" src=\"\/\/sc04.alicdn.com\/kf\/H425f3580408745199f8491143acddd7fd\/228612101\/H425f3580408745199f8491143acddd7fd.jpg\" alt=\"Luz Ambiental Led para Ebay Kit de venta al aire libre DC24V Led Underground Light con control de la aplicaci\u00f3n\" width=\"750\" height=\"464\"><\/p>\n<p>&nbsp;<\/p>\n<p>&nbsp;<\/p>\n<p>&nbsp;<\/p>\n","protected":false},"excerpt":{"rendered":"<p>Luz Ambiental Led para Ebay Kit de venta al aire libre DC24V Led Underground Light con control de la aplicaci\u00f3n<\/p>\n","protected":false},"featured_media":1996,"comment_status":"open","ping_status":"closed","template":"","meta":[],"product_cat":[322],"product_tag":[],"class_list":["post-4468","product","type-product","status-publish","has-post-thumbnail","hentry","product_cat-luz-decorativa"],"yoast_head":"<!-- This site is optimized with the Yoast SEO Premium plugin v21.0 (Yoast SEO v21.0) - https:\/\/yoast.com\/wordpress\/plugins\/seo\/ -->\n<title>Luz Ambiental Led para Ebay Kit de venta al aire libre DC24V Led Underground Light con control de la aplicaci\u00f3n - Clfled<\/title>\n<meta name=\"robots\" content=\"index, follow, max-snippet:-1, max-image-preview:large, max-video-preview:-1\" \/>\n<link rel=\"canonical\" href=\"https:\/\/clfled.com\/es\/producto\/led-ambient-light-for-ebay-selling-kit-outdoor-dc24v-led-underground-light-with-app-control-2\/\" \/>\n<meta property=\"og:locale\" content=\"es_ES\" \/>\n<meta property=\"og:type\" content=\"article\" \/>\n<meta property=\"og:title\" content=\"Luz Ambiental Led para Ebay Kit de venta al aire libre DC24V Led Underground Light con control de la aplicaci\u00f3n\" \/>\n<meta property=\"og:description\" content=\"Luz Ambiental Led para Ebay Kit de venta al aire libre DC24V Led Underground Light con control de la aplicaci\u00f3n\" \/>\n<meta property=\"og:url\" content=\"https:\/\/clfled.com\/es\/producto\/led-ambient-light-for-ebay-selling-kit-outdoor-dc24v-led-underground-light-with-app-control-2\/\" \/>\n<meta property=\"og:site_name\" content=\"Clfled\" \/>\n<meta property=\"og:image\" content=\"https:\/\/clfled.com\/wp-content\/uploads\/2022\/11\/H6deecff375f74e80a704482066988dcfq.jpg\" \/>\n\t<meta property=\"og:image:width\" content=\"1601\" \/>\n\t<meta property=\"og:image:height\" content=\"1601\" \/>\n\t<meta property=\"og:image:type\" content=\"image\/jpeg\" \/>\n<meta name=\"twitter:card\" content=\"summary_large_image\" \/>\n<meta name=\"twitter:label1\" content=\"Tiempo de lectura\" \/>\n\t<meta name=\"twitter:data1\" content=\"1 minuto\" \/>\n<script type=\"application\/ld+json\" class=\"yoast-schema-graph\">{\"@context\":\"https:\/\/schema.org\",\"@graph\":[{\"@type\":\"WebPage\",\"@id\":\"https:\/\/clfled.com\/es\/producto\/led-ambient-light-for-ebay-selling-kit-outdoor-dc24v-led-underground-light-with-app-control-2\/\",\"url\":\"https:\/\/clfled.com\/es\/producto\/led-ambient-light-for-ebay-selling-kit-outdoor-dc24v-led-underground-light-with-app-control-2\/\",\"name\":\"Luz Ambiental Led para Ebay Kit de venta al aire libre DC24V Led Underground Light con control de la aplicaci\u00f3n - Clfled\",\"isPartOf\":{\"@id\":\"https:\/\/clfled.com\/es\/#website\"},\"datePublished\":\"2022-11-05T06:08:56+00:00\",\"dateModified\":\"2022-11-05T06:08:56+00:00\",\"breadcrumb\":{\"@id\":\"https:\/\/clfled.com\/es\/producto\/led-ambient-light-for-ebay-selling-kit-outdoor-dc24v-led-underground-light-with-app-control-2\/#breadcrumb\"},\"inLanguage\":\"es\",\"potentialAction\":[{\"@type\":\"ReadAction\",\"target\":[\"https:\/\/clfled.com\/es\/producto\/led-ambient-light-for-ebay-selling-kit-outdoor-dc24v-led-underground-light-with-app-control-2\/\"]}]},{\"@type\":\"BreadcrumbList\",\"@id\":\"https:\/\/clfled.com\/es\/producto\/led-ambient-light-for-ebay-selling-kit-outdoor-dc24v-led-underground-light-with-app-control-2\/#breadcrumb\",\"itemListElement\":[{\"@type\":\"ListItem\",\"position\":1,\"name\":\"HOME\",\"item\":\"https:\/\/clfled.com\/es\/\"},{\"@type\":\"ListItem\",\"position\":2,\"name\":\"Tienda\",\"item\":\"https:\/\/clfled.com\/es\/tienda\/\"},{\"@type\":\"ListItem\",\"position\":3,\"name\":\"Luz Ambiental Led para Ebay Kit de venta al aire libre DC24V Led Underground Light con control de la aplicaci\u00f3n\"}]},{\"@type\":\"WebSite\",\"@id\":\"https:\/\/clfled.com\/es\/#website\",\"url\":\"https:\/\/clfled.com\/es\/\",\"name\":\"Clfled\",\"description\":\"clfled.com\",\"potentialAction\":[{\"@type\":\"SearchAction\",\"target\":{\"@type\":\"EntryPoint\",\"urlTemplate\":\"https:\/\/clfled.com\/es\/?s={search_term_string}\"},\"query-input\":\"required name=search_term_string\"}],\"inLanguage\":\"es\"}]}<\/script>\n<!-- \/ Yoast SEO Premium plugin. -->","yoast_head_json":{"title":"Luz Ambiental Led para Ebay Kit de venta al aire libre DC24V Led Underground Light con control de la aplicaci\u00f3n - Clfled","robots":{"index":"index","follow":"follow","max-snippet":"max-snippet:-1","max-image-preview":"max-image-preview:large","max-video-preview":"max-video-preview:-1"},"canonical":"https:\/\/clfled.com\/es\/producto\/led-ambient-light-for-ebay-selling-kit-outdoor-dc24v-led-underground-light-with-app-control-2\/","og_locale":"es_ES","og_type":"article","og_title":"Luz Ambiental Led para Ebay Kit de venta al aire libre DC24V Led Underground Light con control de la aplicaci\u00f3n","og_description":"Luz Ambiental Led para Ebay Kit de venta al aire libre DC24V Led Underground Light con control de la aplicaci\u00f3n","og_url":"https:\/\/clfled.com\/es\/producto\/led-ambient-light-for-ebay-selling-kit-outdoor-dc24v-led-underground-light-with-app-control-2\/","og_site_name":"Clfled","og_image":[{"width":1601,"height":1601,"url":"https:\/\/clfled.com\/wp-content\/uploads\/2022\/11\/H6deecff375f74e80a704482066988dcfq.jpg","type":"image\/jpeg"}],"twitter_card":"summary_large_image","twitter_misc":{"Tiempo de lectura":"1 minuto"},"schema":{"@context":"https:\/\/schema.org","@graph":[{"@type":"WebPage","@id":"https:\/\/clfled.com\/es\/producto\/led-ambient-light-for-ebay-selling-kit-outdoor-dc24v-led-underground-light-with-app-control-2\/","url":"https:\/\/clfled.com\/es\/producto\/led-ambient-light-for-ebay-selling-kit-outdoor-dc24v-led-underground-light-with-app-control-2\/","name":"Luz Ambiental Led para Ebay Kit de venta al aire libre DC24V Led Underground Light con control de la aplicaci\u00f3n - Clfled","isPartOf":{"@id":"https:\/\/clfled.com\/es\/#website"},"datePublished":"2022-11-05T06:08:56+00:00","dateModified":"2022-11-05T06:08:56+00:00","breadcrumb":{"@id":"https:\/\/clfled.com\/es\/producto\/led-ambient-light-for-ebay-selling-kit-outdoor-dc24v-led-underground-light-with-app-control-2\/#breadcrumb"},"inLanguage":"es","potentialAction":[{"@type":"ReadAction","target":["https:\/\/clfled.com\/es\/producto\/led-ambient-light-for-ebay-selling-kit-outdoor-dc24v-led-underground-light-with-app-control-2\/"]}]},{"@type":"BreadcrumbList","@id":"https:\/\/clfled.com\/es\/producto\/led-ambient-light-for-ebay-selling-kit-outdoor-dc24v-led-underground-light-with-app-control-2\/#breadcrumb","itemListElement":[{"@type":"ListItem","position":1,"name":"HOME","item":"https:\/\/clfled.com\/es\/"},{"@type":"ListItem","position":2,"name":"Tienda","item":"https:\/\/clfled.com\/es\/tienda\/"},{"@type":"ListItem","position":3,"name":"Luz Ambiental Led para Ebay Kit de venta al aire libre DC24V Led Underground Light con control de la aplicaci\u00f3n"}]},{"@type":"WebSite","@id":"https:\/\/clfled.com\/es\/#website","url":"https:\/\/clfled.com\/es\/","name":"Clfled","description":"clfled.com","potentialAction":[{"@type":"SearchAction","target":{"@type":"EntryPoint","urlTemplate":"https:\/\/clfled.com\/es\/?s={search_term_string}"},"query-input":"required name=search_term_string"}],"inLanguage":"es"}]}},"_links":{"self":[{"href":"https:\/\/clfled.com\/es\/wp-json\/wp\/v2\/product\/4468","targetHints":{"allow":["GET"]}}],"collection":[{"href":"https:\/\/clfled.com\/es\/wp-json\/wp\/v2\/product"}],"about":[{"href":"https:\/\/clfled.com\/es\/wp-json\/wp\/v2\/types\/product"}],"replies":[{"embeddable":true,"href":"https:\/\/clfled.com\/es\/wp-json\/wp\/v2\/comments?post=4468"}],"version-history":[{"count":0,"href":"https:\/\/clfled.com\/es\/wp-json\/wp\/v2\/product\/4468\/revisions"}],"wp:featuredmedia":[{"embeddable":true,"href":"https:\/\/clfled.com\/es\/wp-json\/wp\/v2\/media\/1996"}],"wp:attachment":[{"href":"https:\/\/clfled.com\/es\/wp-json\/wp\/v2\/media?parent=4468"}],"wp:term":[{"taxonomy":"product_cat","embeddable":true,"href":"https:\/\/clfled.com\/es\/wp-json\/wp\/v2\/product_cat?post=4468"},{"taxonomy":"product_tag","embeddable":true,"href":"https:\/\/clfled.com\/es\/wp-json\/wp\/v2\/product_tag?post=4468"}],"curies":[{"name":"wp","href":"https:\/\/api.w.org\/{rel}","templated":true}]}}