{"id":4447,"date":"2022-11-05T14:09:50","date_gmt":"2022-11-05T06:09:50","guid":{"rendered":"https:\/\/clfled.com\/product\/lamparas-de-cadena-de-leds-de-color-completo-iluminacion-de-cadena-de-leds-para-exteriores-de-12v-con-control-remoto\/"},"modified":"2022-11-05T14:09:50","modified_gmt":"2022-11-05T06:09:50","slug":"bombilla-led-a-todo-color-luz-de-cuerda-luz-de-exterior-luz-de-cuerda-12v-iluminacion-con-control-remota","status":"publish","type":"product","link":"https:\/\/clfled.com\/es\/producto\/bombilla-led-a-todo-color-luz-de-cuerda-luz-de-exterior-luz-de-cuerda-12v-iluminacion-con-control-remota\/","title":{"rendered":"L\u00e1mparas de cadena de LEDs de color completo Iluminaci\u00f3n de cadena de LEDs para exteriores de 12V con control remoto"},"content":{"rendered":"<p><span style=\"text-decoration: underline\"><strong><em><span style=\"font-family: 'times new roman', times;font-size: 24px\">L\u00e1mparas de cadena de LEDs de color completo Iluminaci\u00f3n de cadena de LEDs para exteriores de 12V con control remoto<\/span><\/em><\/strong><\/span><\/p>\n<p><span style=\"text-decoration: underline;background-color: #00ccff;font-size: 24px\"><strong><em><span style=\"font-family: 'times new roman', times\">Caracter\u00edstica<\/span><\/em><\/strong><\/span><\/p>\n<p><span style=\"font-family: 'times new roman', times;font-size: 16px\">1.La cadena de luces LED es compatible con el adaptador de energ\u00eda de bajo voltaje de 12V, es f\u00e1cil de conectar.<\/span><\/p>\n<p><span style=\"font-family: 'times new roman', times;font-size: 16px\">2.Waterproof led bulb string light for outdoor.<\/span><\/p>\n<p><span style=\"font-family: 'times new roman', times;font-size: 16px\">3.Multicolor led cadena apoya el control del tel\u00e9fono inteligente, el control por APP.<\/span><\/p>\n<p><span style=\"font-family: 'times new roman', times;font-size: 16px\">4. La cadena de iluminaci\u00f3n de la bombilla LED soporta el modo de m\u00fasica, puede crear una atm\u00f3sfera feliz.<\/span><\/p>\n<p><span style=\"font-family: 'times new roman', times;font-size: 16px\">5. La cadena de luces LED es f\u00e1cil de manejar y transportar.<\/span><\/p>\n<p><img fetchpriority=\"high\" decoding=\"async\" class=\"\" src=\"\/\/sc04.alicdn.com\/kf\/H82b7a7ab530c4c83a971280ad8b138e6d\/228612101\/H82b7a7ab530c4c83a971280ad8b138e6d.jpg\" alt=\"L\u00e1mparas de cadena de LEDs de color completo Iluminaci\u00f3n de cadena de LEDs para exteriores de 12V con control remoto\" width=\"750\" height=\"464\"><\/p>\n<p><span style=\"text-decoration: underline;background-color: #00ccff;font-size: 24px\"><strong><em><span style=\"font-family: 'times new roman', times\">Especificaci\u00f3n y embalaje Art\u00edculo<\/span><\/em><\/strong><\/span><\/p>\n<table style=\"border-collapse: collapse;border-style: solid;background-color: #ffffff;width: 750px;height: 456px\" border=\"1\">\n<tbody>\n<tr style=\"height: 18px\">\n<td style=\"width: 340px;height: 18px\"><span style=\"color: #000000;font-family: 'times new roman', times;font-size: 16px;font-style: normal;font-weight: 400;background-color: #ffffff;float: none\">Cadena de bombillas led a todo color*15pcs<\/span><\/td>\n<td style=\"width: 397px;height: 18px\"><span style=\"font-family: 'times new roman', times;font-size: 16px\">DC12V<\/span><\/p>\n<p><span style=\"font-family: 'times new roman', times;font-size: 16px\">12W<\/span><\/p>\n<p><span style=\"font-family: 'times new roman', times;font-size: 16px\">14Metros de longitud total<\/span><\/td>\n<\/tr>\n<tr style=\"height: 31px\">\n<td style=\"width: 340px;height: 31px\"><span style=\"color: #000000;font-family: 'times new roman', times;font-size: 16px;font-style: normal;font-weight: 400;background-color: #ffffff;float: none\">Caja de control de la bombilla Led*1pc<\/span><\/td>\n<td style=\"width: 397px;height: 31px\"><span style=\"font-family: 'times new roman', times;font-size: 16px\">Control por APP<\/span><\/p>\n<p><span style=\"font-family: 'times new roman', times;font-size: 16px\">Distancia de control: 10 metros<\/span><\/td>\n<\/tr>\n<tr style=\"height: 14px\">\n<td style=\"width: 340px;height: 14px\"><span style=\"color: #000000;font-family: 'times new roman', times;font-size: 16px;font-style: normal;font-weight: 400;background-color: #ffffff;float: none\">Adaptador de corriente AC*1pc<\/span><\/td>\n<td style=\"width: 397px;height: 14px\"><span style=\"color: #000000;font-family: 'times new roman', times;font-size: 16px;font-style: normal;font-weight: 400;background-color: #ffffff;float: none\">12V*1A<\/span><\/td>\n<\/tr>\n<tr style=\"height: 8px\">\n<td style=\"width: 340px;height: 8px\"><span style=\"color: #000000;font-family: 'times new roman', times;font-size: 16px;font-style: normal;font-weight: 400;background-color: #ffffff;float: none\">Manual de usuario*1pc<\/span><\/td>\n<td style=\"width: 397px;height: 8px\"> <span style=\"font-size: 16px\">\/<\/span><\/td>\n<\/tr>\n<\/tbody>\n<\/table>\n<p><span style=\"background-color: #00ccff;font-size: 24px\"><em><strong><span style=\"font-family: 'times new roman', times\">Exposici\u00f3n de productos<\/span><\/strong><\/em><\/span><\/p>\n<p><span style=\"background-color: #00ccff;font-size: 24px\"><em><strong><span style=\"font-family: 'times new roman', times\"><img decoding=\"async\" class=\"\" src=\"\/\/sc04.alicdn.com\/kf\/He6428f076bae48b680b0b551b54d5aaaM\/228612101\/He6428f076bae48b680b0b551b54d5aaaM.jpg\" alt=\"L\u00e1mparas LED de color completo para exteriores con mando a distancia\" width=\"750\" height=\"750\"><br \/>\n<img decoding=\"async\" class=\"\" src=\"\/\/sc04.alicdn.com\/kf\/H4c4825bee92242cba1d3405974fd4febO\/228612101\/H4c4825bee92242cba1d3405974fd4febO.jpg\" alt=\"L\u00e1mparas LED de color completo para exteriores con mando a distancia\" width=\"750\" height=\"750\"><\/span><\/strong><\/em><\/span><\/p>\n<p><span style=\"background-color: #00ccff;font-size: 24px\"><em><strong><span style=\"font-family: 'times new roman', times\">Aplicaci\u00f3n<\/span><\/strong><\/em><\/span><\/p>\n<p><span style=\"background-color: #ffffff;font-size: 16px\"><em><strong><span style=\"font-family: 'times new roman', times\">La bombilla LED impermeable se utiliza en algunos lugares: jard\u00edn\/patio\/balc\u00f3n abierto\/restaurante al aire libre\/patio trasero de la casa, etc.<\/span><\/strong><\/em><\/span><\/p>\n<p><img loading=\"lazy\" decoding=\"async\" class=\"\" src=\"\/\/sc04.alicdn.com\/kf\/H425f3580408745199f8491143acddd7fd\/228612101\/H425f3580408745199f8491143acddd7fd.jpg\" alt=\"L\u00e1mparas de cadena de LEDs de color completo Iluminaci\u00f3n de cadena de LEDs para exteriores de 12V con control remoto\" width=\"750\" height=\"464\"><\/p>\n","protected":false},"excerpt":{"rendered":"<p>L\u00e1mparas de cadena de LEDs de color completo Iluminaci\u00f3n de cadena de LEDs para exteriores de 12V con control remoto<\/p>\n","protected":false},"featured_media":2504,"comment_status":"open","ping_status":"closed","template":"","meta":[],"product_cat":[322],"product_tag":[],"class_list":["post-4447","product","type-product","status-publish","has-post-thumbnail","hentry","product_cat-luz-decorativa"],"yoast_head":"<!-- This site is optimized with the Yoast SEO Premium plugin v21.0 (Yoast SEO v21.0) - https:\/\/yoast.com\/wordpress\/plugins\/seo\/ -->\n<title>L\u00e1mparas de cadena de LEDs de color completo Iluminaci\u00f3n de cadena de LEDs para exteriores de 12V con control remoto - Clfled<\/title>\n<meta name=\"robots\" content=\"index, follow, max-snippet:-1, max-image-preview:large, max-video-preview:-1\" \/>\n<link rel=\"canonical\" href=\"https:\/\/clfled.com\/es\/producto\/bombilla-led-a-todo-color-luz-de-cuerda-luz-de-exterior-luz-de-cuerda-12v-iluminacion-con-control-remota\/\" \/>\n<meta property=\"og:locale\" content=\"es_ES\" \/>\n<meta property=\"og:type\" content=\"article\" \/>\n<meta property=\"og:title\" content=\"L\u00e1mparas de cadena de LEDs de color completo Iluminaci\u00f3n de cadena de LEDs para exteriores de 12V con control remoto\" \/>\n<meta property=\"og:description\" content=\"L\u00e1mparas de cadena de LEDs de color completo Iluminaci\u00f3n de cadena de LEDs para exteriores de 12V con control remoto\" \/>\n<meta property=\"og:url\" content=\"https:\/\/clfled.com\/es\/producto\/bombilla-led-a-todo-color-luz-de-cuerda-luz-de-exterior-luz-de-cuerda-12v-iluminacion-con-control-remota\/\" \/>\n<meta property=\"og:site_name\" content=\"Clfled\" \/>\n<meta property=\"og:image\" content=\"https:\/\/clfled.com\/wp-content\/uploads\/2022\/11\/\u4e3b\u56fe6.jpg\" \/>\n\t<meta property=\"og:image:width\" content=\"800\" \/>\n\t<meta property=\"og:image:height\" content=\"800\" \/>\n\t<meta property=\"og:image:type\" content=\"image\/jpeg\" \/>\n<meta name=\"twitter:card\" content=\"summary_large_image\" \/>\n<meta name=\"twitter:label1\" content=\"Tiempo de lectura\" \/>\n\t<meta name=\"twitter:data1\" content=\"1 minuto\" \/>\n<script type=\"application\/ld+json\" class=\"yoast-schema-graph\">{\"@context\":\"https:\/\/schema.org\",\"@graph\":[{\"@type\":\"WebPage\",\"@id\":\"https:\/\/clfled.com\/es\/producto\/bombilla-led-a-todo-color-luz-de-cuerda-luz-de-exterior-luz-de-cuerda-12v-iluminacion-con-control-remota\/\",\"url\":\"https:\/\/clfled.com\/es\/producto\/bombilla-led-a-todo-color-luz-de-cuerda-luz-de-exterior-luz-de-cuerda-12v-iluminacion-con-control-remota\/\",\"name\":\"L\u00e1mparas de cadena de LEDs de color completo Iluminaci\u00f3n de cadena de LEDs para exteriores de 12V con control remoto - Clfled\",\"isPartOf\":{\"@id\":\"https:\/\/clfled.com\/es\/#website\"},\"datePublished\":\"2022-11-05T06:09:50+00:00\",\"dateModified\":\"2022-11-05T06:09:50+00:00\",\"breadcrumb\":{\"@id\":\"https:\/\/clfled.com\/es\/producto\/bombilla-led-a-todo-color-luz-de-cuerda-luz-de-exterior-luz-de-cuerda-12v-iluminacion-con-control-remota\/#breadcrumb\"},\"inLanguage\":\"es\",\"potentialAction\":[{\"@type\":\"ReadAction\",\"target\":[\"https:\/\/clfled.com\/es\/producto\/bombilla-led-a-todo-color-luz-de-cuerda-luz-de-exterior-luz-de-cuerda-12v-iluminacion-con-control-remota\/\"]}]},{\"@type\":\"BreadcrumbList\",\"@id\":\"https:\/\/clfled.com\/es\/producto\/bombilla-led-a-todo-color-luz-de-cuerda-luz-de-exterior-luz-de-cuerda-12v-iluminacion-con-control-remota\/#breadcrumb\",\"itemListElement\":[{\"@type\":\"ListItem\",\"position\":1,\"name\":\"HOME\",\"item\":\"https:\/\/clfled.com\/es\/\"},{\"@type\":\"ListItem\",\"position\":2,\"name\":\"Tienda\",\"item\":\"https:\/\/clfled.com\/es\/tienda\/\"},{\"@type\":\"ListItem\",\"position\":3,\"name\":\"L\u00e1mparas de cadena de LEDs de color completo Iluminaci\u00f3n de cadena de LEDs para exteriores de 12V con control remoto\"}]},{\"@type\":\"WebSite\",\"@id\":\"https:\/\/clfled.com\/es\/#website\",\"url\":\"https:\/\/clfled.com\/es\/\",\"name\":\"Clfled\",\"description\":\"clfled.com\",\"potentialAction\":[{\"@type\":\"SearchAction\",\"target\":{\"@type\":\"EntryPoint\",\"urlTemplate\":\"https:\/\/clfled.com\/es\/?s={search_term_string}\"},\"query-input\":\"required name=search_term_string\"}],\"inLanguage\":\"es\"}]}<\/script>\n<!-- \/ Yoast SEO Premium plugin. -->","yoast_head_json":{"title":"L\u00e1mparas de cadena de LEDs de color completo Iluminaci\u00f3n de cadena de LEDs para exteriores de 12V con control remoto - Clfled","robots":{"index":"index","follow":"follow","max-snippet":"max-snippet:-1","max-image-preview":"max-image-preview:large","max-video-preview":"max-video-preview:-1"},"canonical":"https:\/\/clfled.com\/es\/producto\/bombilla-led-a-todo-color-luz-de-cuerda-luz-de-exterior-luz-de-cuerda-12v-iluminacion-con-control-remota\/","og_locale":"es_ES","og_type":"article","og_title":"L\u00e1mparas de cadena de LEDs de color completo Iluminaci\u00f3n de cadena de LEDs para exteriores de 12V con control remoto","og_description":"L\u00e1mparas de cadena de LEDs de color completo Iluminaci\u00f3n de cadena de LEDs para exteriores de 12V con control remoto","og_url":"https:\/\/clfled.com\/es\/producto\/bombilla-led-a-todo-color-luz-de-cuerda-luz-de-exterior-luz-de-cuerda-12v-iluminacion-con-control-remota\/","og_site_name":"Clfled","og_image":[{"width":800,"height":800,"url":"https:\/\/clfled.com\/wp-content\/uploads\/2022\/11\/\u4e3b\u56fe6.jpg","type":"image\/jpeg"}],"twitter_card":"summary_large_image","twitter_misc":{"Tiempo de lectura":"1 minuto"},"schema":{"@context":"https:\/\/schema.org","@graph":[{"@type":"WebPage","@id":"https:\/\/clfled.com\/es\/producto\/bombilla-led-a-todo-color-luz-de-cuerda-luz-de-exterior-luz-de-cuerda-12v-iluminacion-con-control-remota\/","url":"https:\/\/clfled.com\/es\/producto\/bombilla-led-a-todo-color-luz-de-cuerda-luz-de-exterior-luz-de-cuerda-12v-iluminacion-con-control-remota\/","name":"L\u00e1mparas de cadena de LEDs de color completo Iluminaci\u00f3n de cadena de LEDs para exteriores de 12V con control remoto - Clfled","isPartOf":{"@id":"https:\/\/clfled.com\/es\/#website"},"datePublished":"2022-11-05T06:09:50+00:00","dateModified":"2022-11-05T06:09:50+00:00","breadcrumb":{"@id":"https:\/\/clfled.com\/es\/producto\/bombilla-led-a-todo-color-luz-de-cuerda-luz-de-exterior-luz-de-cuerda-12v-iluminacion-con-control-remota\/#breadcrumb"},"inLanguage":"es","potentialAction":[{"@type":"ReadAction","target":["https:\/\/clfled.com\/es\/producto\/bombilla-led-a-todo-color-luz-de-cuerda-luz-de-exterior-luz-de-cuerda-12v-iluminacion-con-control-remota\/"]}]},{"@type":"BreadcrumbList","@id":"https:\/\/clfled.com\/es\/producto\/bombilla-led-a-todo-color-luz-de-cuerda-luz-de-exterior-luz-de-cuerda-12v-iluminacion-con-control-remota\/#breadcrumb","itemListElement":[{"@type":"ListItem","position":1,"name":"HOME","item":"https:\/\/clfled.com\/es\/"},{"@type":"ListItem","position":2,"name":"Tienda","item":"https:\/\/clfled.com\/es\/tienda\/"},{"@type":"ListItem","position":3,"name":"L\u00e1mparas de cadena de LEDs de color completo Iluminaci\u00f3n de cadena de LEDs para exteriores de 12V con control remoto"}]},{"@type":"WebSite","@id":"https:\/\/clfled.com\/es\/#website","url":"https:\/\/clfled.com\/es\/","name":"Clfled","description":"clfled.com","potentialAction":[{"@type":"SearchAction","target":{"@type":"EntryPoint","urlTemplate":"https:\/\/clfled.com\/es\/?s={search_term_string}"},"query-input":"required name=search_term_string"}],"inLanguage":"es"}]}},"_links":{"self":[{"href":"https:\/\/clfled.com\/es\/wp-json\/wp\/v2\/product\/4447","targetHints":{"allow":["GET"]}}],"collection":[{"href":"https:\/\/clfled.com\/es\/wp-json\/wp\/v2\/product"}],"about":[{"href":"https:\/\/clfled.com\/es\/wp-json\/wp\/v2\/types\/product"}],"replies":[{"embeddable":true,"href":"https:\/\/clfled.com\/es\/wp-json\/wp\/v2\/comments?post=4447"}],"version-history":[{"count":0,"href":"https:\/\/clfled.com\/es\/wp-json\/wp\/v2\/product\/4447\/revisions"}],"wp:featuredmedia":[{"embeddable":true,"href":"https:\/\/clfled.com\/es\/wp-json\/wp\/v2\/media\/2504"}],"wp:attachment":[{"href":"https:\/\/clfled.com\/es\/wp-json\/wp\/v2\/media?parent=4447"}],"wp:term":[{"taxonomy":"product_cat","embeddable":true,"href":"https:\/\/clfled.com\/es\/wp-json\/wp\/v2\/product_cat?post=4447"},{"taxonomy":"product_tag","embeddable":true,"href":"https:\/\/clfled.com\/es\/wp-json\/wp\/v2\/product_tag?post=4447"}],"curies":[{"name":"wp","href":"https:\/\/api.w.org\/{rel}","templated":true}]}}