{"id":4429,"date":"2022-11-05T14:11:39","date_gmt":"2022-11-05T06:11:39","guid":{"rendered":"https:\/\/clfled.com\/product\/clf-104-psu-caja-led-controlador-con-spi-dmx512-unico-arte-controlador-de-red-para-la-etapa-de-luz-de-desfile-de-moda\/"},"modified":"2022-11-05T14:11:39","modified_gmt":"2022-11-05T06:11:39","slug":"led-controller-with-spi-dmx512-single-art-net-controller-for-stage-light-fashion-show-2","status":"publish","type":"product","link":"https:\/\/clfled.com\/es\/producto\/led-controller-with-spi-dmx512-single-art-net-controller-for-stage-light-fashion-show-2\/","title":{"rendered":"CLF 104 psu caja led controlador con spi DMX512 \u00fanico arte controlador de red para la etapa de luz de desfile de moda"},"content":{"rendered":"<h2 style=\"font-weight: bold;line-height: 1;font-size: 1.5em;margin: 0.75em 0px;color: #000000;font-family: Arial;font-style: normal;text-align: center\"><span style=\"color: #3366ff;font-size: 32px\"><strong>controlador de leds con spi DMX512 \u00fanico controlador artnet para luz de escenario desfile de moda<\/strong><\/span><\/h2>\n<p>Bajo la condici\u00f3n de que la direcci\u00f3n de inicio sea 1 fijada por el controlador:<\/p>\n<table style=\"height: 989px\" border=\"1\" width=\"750\" cellspacing=\"0\">\n<tbody>\n<tr>\n<td valign=\"top\" width=\"75\">\n<div align=\"center\">Canal<\/div>\n<\/td>\n<td valign=\"top\" width=\"93\">\n<div align=\"center\">Funci\u00f3n<\/div>\n<\/td>\n<td valign=\"top\" width=\"398\">\n<div align=\"center\">Especificaci\u00f3n<\/div>\n<\/td>\n<\/tr>\n<tr>\n<td valign=\"top\" width=\"75\">\n<div align=\"center\">Canal 1<\/div>\n<\/td>\n<td valign=\"top\" width=\"93\">\n<div>Selecci\u00f3n de archivos<\/div>\n<\/td>\n<td valign=\"top\" width=\"398\">\n<div>Cuando la cifra de DMX est\u00e1 entre 0~250, el controlador funciona en modo SD y la selecci\u00f3n de archivos est\u00e1 entre 1-31.<\/div>\n<div>Cuando la cifra de DMX es 255, pasa al modo ArtNet.<\/div>\n<div><\/div>\n<\/td>\n<\/tr>\n<tr>\n<td valign=\"top\" width=\"75\">\n<div align=\"center\">Canal 2<\/div>\n<\/td>\n<td valign=\"top\" width=\"93\">\n<div>Control de la velocidad de reproducci\u00f3n<\/div>\n<\/td>\n<td valign=\"top\" width=\"398\">\n<div>0~255, la velocidad es de lento a r\u00e1pido.<\/div>\n<\/td>\n<\/tr>\n<tr>\n<td valign=\"top\" width=\"75\">\n<div align=\"center\">Canal 3<\/div>\n<\/td>\n<td valign=\"top\" width=\"93\">\n<div>Control de brillo de la reproducci\u00f3n<\/div>\n<\/td>\n<td valign=\"top\" width=\"398\">\n<div>0~255\uff0cCuando la cifra de DMX es oscura, en cuanto a 255, es m\u00e1s brillante.<\/div>\n<\/td>\n<\/tr>\n<tr>\n<td valign=\"top\" width=\"75\">\n<div align=\"center\">Canal 4<\/div>\n<\/td>\n<td valign=\"top\" width=\"93\">\n<div>Valor del color R del efecto de cobertura<\/div>\n<\/td>\n<td valign=\"top\" width=\"398\">\n<div>0~255\uff0cEl valor del color R va de m\u00e1s brillante a m\u00e1s desaparecido.<\/div>\n<\/td>\n<\/tr>\n<tr>\n<td valign=\"top\" width=\"75\">\n<div align=\"center\">Canal 5<\/div>\n<\/td>\n<td valign=\"top\" width=\"93\">\n<div>Color G Valor del efecto de cobertura<\/div>\n<\/td>\n<td valign=\"top\" width=\"398\">\n<div>0~255\uff0cG valor de color es de m\u00e1s brillante a desaparecido.<\/div>\n<\/td>\n<\/tr>\n<tr>\n<td valign=\"top\" width=\"75\">\n<div align=\"center\">Canal 6<\/div>\n<\/td>\n<td valign=\"top\" width=\"93\">\n<div>B Valor de color del efecto de cobertura<\/div>\n<\/td>\n<td valign=\"top\" width=\"398\">\n<div>0~255\uff0cEl valor del color B va de m\u00e1s brillante a m\u00e1s desaparecido.<\/div>\n<\/td>\n<\/tr>\n<tr>\n<td valign=\"top\" width=\"75\">\n<div align=\"center\">Canal 7<\/div>\n<\/td>\n<td valign=\"top\" width=\"93\">\n<div>Flicker<\/div>\n<\/td>\n<td valign=\"top\" width=\"398\">\n<div>La cifra de DMX es 0~10: el controlador funciona en modo SD<\/div>\n<div>La cifra de DMX es 11~20: el color blanco no parpadear\u00e1, y puede trabajar con el canal 4-6 para hacer diferentes colores.<\/div>\n<div>La cifra de DMX es 21~255: Modo de parpadeo, cifra mayor, velocidad de parpadeo m\u00e1s r\u00e1pida, puede trabajar con el canal 2 para controlar la velocidad de parpadeo.<\/div>\n<\/td>\n<\/tr>\n<tr>\n<td valign=\"top\" width=\"75\">\n<div align=\"center\">Canal 8<\/div>\n<\/td>\n<td valign=\"top\" width=\"93\">\n<div>Grabaci\u00f3n de efectos<\/div>\n<\/td>\n<td valign=\"top\" width=\"398\">\n<div>Deber\u00eda funcionar con el canal 4~6 al grabar el efecto. La cifra de DMX es de 129~255: si la cifra del canal 4, del canal 5 y del canal 6 es 255, grabar\u00e1 el efecto.<\/div>\n<div>La cifra de DMX es 0~128: funciona en modo SD o en modo Artnet.<\/div>\n<\/td>\n<\/tr>\n<\/tbody>\n<\/table>\n<p><img fetchpriority=\"high\" decoding=\"async\" class=\"\" src=\"\/\/sc04.alicdn.com\/kf\/H058b5fa39b0a4674851e90892aa34929k\/200440271\/H058b5fa39b0a4674851e90892aa34929k.jpg\" alt=\"Controlador de leds con spi DMX512 controlador de red de arte \u00fanico para la luz de la etapa de desfile de moda\" width=\"750\" height=\"784\"><\/p>\n<p>&nbsp;<\/p>\n<p><img decoding=\"async\" class=\"\" src=\"\/\/sc04.alicdn.com\/kf\/H733f8fa53f9748718b525d4ea5bccbceQ\/200440271\/H733f8fa53f9748718b525d4ea5bccbceQ.jpg\" alt=\"Controlador de leds con spi DMX512 controlador de red de arte \u00fanico para la luz de la etapa de desfile de moda\" width=\"750\" height=\"752\"><\/p>\n<p><img decoding=\"async\" class=\"\" src=\"\/\/sc04.alicdn.com\/kf\/H7d6fe0ff80e34ca1ae23762e2c549349I\/200440271\/H7d6fe0ff80e34ca1ae23762e2c549349I.jpg\" alt=\"Controlador de leds con spi DMX512 controlador de red de arte \u00fanico para la luz de la etapa de desfile de moda\" width=\"750\" height=\"827\"><\/p>\n<p><img loading=\"lazy\" decoding=\"async\" class=\"\" src=\"\/\/sc04.alicdn.com\/kf\/H1af6f1a480ae471da26cdd0bfe454405v\/200440271\/H1af6f1a480ae471da26cdd0bfe454405v.jpg\" alt=\"Controlador de leds con spi DMX512 controlador de red de arte \u00fanico para la luz de la etapa de desfile de moda\" width=\"750\" height=\"700\"><\/p>\n<p style=\"margin: 0cm 0cm 0.0001pt;padding: 0px;border: 0px;font-style: normal;font-weight: 400;font-size: 12px;line-height: 13.5pt;font-family: Arial,Helvetica;vertical-align: baseline;color: #333333\">\n","protected":false},"excerpt":{"rendered":"<p>controlador de leds con spi DMX512 \u00fanico controlador artnet para luz de escenario desfile de moda Bajo la condici\u00f3n de<\/p>\n","protected":false},"featured_media":2116,"comment_status":"open","ping_status":"closed","template":"","meta":[],"product_cat":[260],"product_tag":[],"class_list":["post-4429","product","type-product","status-publish","has-post-thumbnail","hentry","product_cat-controlador-led"],"yoast_head":"<!-- This site is optimized with the Yoast SEO Premium plugin v21.0 (Yoast SEO v21.0) - https:\/\/yoast.com\/wordpress\/plugins\/seo\/ -->\n<title>CLF 104 psu caja led controlador con spi DMX512 \u00fanico arte controlador de red para la etapa de luz de desfile de moda - Clfled<\/title>\n<meta name=\"robots\" content=\"index, follow, max-snippet:-1, max-image-preview:large, max-video-preview:-1\" \/>\n<link rel=\"canonical\" href=\"https:\/\/clfled.com\/es\/producto\/led-controller-with-spi-dmx512-single-art-net-controller-for-stage-light-fashion-show-2\/\" \/>\n<meta property=\"og:locale\" content=\"es_ES\" \/>\n<meta property=\"og:type\" content=\"article\" \/>\n<meta property=\"og:title\" content=\"CLF 104 psu caja led controlador con spi DMX512 \u00fanico arte controlador de red para la etapa de luz de desfile de moda\" \/>\n<meta property=\"og:description\" content=\"controlador de leds con spi DMX512 \u00fanico controlador artnet para luz de escenario desfile de moda Bajo la condici\u00f3n de\" \/>\n<meta property=\"og:url\" content=\"https:\/\/clfled.com\/es\/producto\/led-controller-with-spi-dmx512-single-art-net-controller-for-stage-light-fashion-show-2\/\" \/>\n<meta property=\"og:site_name\" content=\"Clfled\" \/>\n<meta property=\"og:image\" content=\"https:\/\/clfled.com\/wp-content\/uploads\/2022\/11\/H9be1ee6b58ce4d6782300d14932645a0r.jpg\" \/>\n\t<meta property=\"og:image:width\" content=\"732\" \/>\n\t<meta property=\"og:image:height\" content=\"765\" \/>\n\t<meta property=\"og:image:type\" content=\"image\/jpeg\" \/>\n<meta name=\"twitter:card\" content=\"summary_large_image\" \/>\n<meta name=\"twitter:label1\" content=\"Tiempo de lectura\" \/>\n\t<meta name=\"twitter:data1\" content=\"1 minuto\" \/>\n<script type=\"application\/ld+json\" class=\"yoast-schema-graph\">{\"@context\":\"https:\/\/schema.org\",\"@graph\":[{\"@type\":\"WebPage\",\"@id\":\"https:\/\/clfled.com\/es\/producto\/led-controller-with-spi-dmx512-single-art-net-controller-for-stage-light-fashion-show-2\/\",\"url\":\"https:\/\/clfled.com\/es\/producto\/led-controller-with-spi-dmx512-single-art-net-controller-for-stage-light-fashion-show-2\/\",\"name\":\"CLF 104 psu caja led controlador con spi DMX512 \u00fanico arte controlador de red para la etapa de luz de desfile de moda - Clfled\",\"isPartOf\":{\"@id\":\"https:\/\/clfled.com\/es\/#website\"},\"datePublished\":\"2022-11-05T06:11:39+00:00\",\"dateModified\":\"2022-11-05T06:11:39+00:00\",\"breadcrumb\":{\"@id\":\"https:\/\/clfled.com\/es\/producto\/led-controller-with-spi-dmx512-single-art-net-controller-for-stage-light-fashion-show-2\/#breadcrumb\"},\"inLanguage\":\"es\",\"potentialAction\":[{\"@type\":\"ReadAction\",\"target\":[\"https:\/\/clfled.com\/es\/producto\/led-controller-with-spi-dmx512-single-art-net-controller-for-stage-light-fashion-show-2\/\"]}]},{\"@type\":\"BreadcrumbList\",\"@id\":\"https:\/\/clfled.com\/es\/producto\/led-controller-with-spi-dmx512-single-art-net-controller-for-stage-light-fashion-show-2\/#breadcrumb\",\"itemListElement\":[{\"@type\":\"ListItem\",\"position\":1,\"name\":\"HOME\",\"item\":\"https:\/\/clfled.com\/es\/\"},{\"@type\":\"ListItem\",\"position\":2,\"name\":\"Tienda\",\"item\":\"https:\/\/clfled.com\/es\/tienda\/\"},{\"@type\":\"ListItem\",\"position\":3,\"name\":\"CLF 104 psu caja led controlador con spi DMX512 \u00fanico arte controlador de red para la etapa de luz de desfile de moda\"}]},{\"@type\":\"WebSite\",\"@id\":\"https:\/\/clfled.com\/es\/#website\",\"url\":\"https:\/\/clfled.com\/es\/\",\"name\":\"Clfled\",\"description\":\"clfled.com\",\"potentialAction\":[{\"@type\":\"SearchAction\",\"target\":{\"@type\":\"EntryPoint\",\"urlTemplate\":\"https:\/\/clfled.com\/es\/?s={search_term_string}\"},\"query-input\":\"required name=search_term_string\"}],\"inLanguage\":\"es\"}]}<\/script>\n<!-- \/ Yoast SEO Premium plugin. -->","yoast_head_json":{"title":"CLF 104 psu caja led controlador con spi DMX512 \u00fanico arte controlador de red para la etapa de luz de desfile de moda - Clfled","robots":{"index":"index","follow":"follow","max-snippet":"max-snippet:-1","max-image-preview":"max-image-preview:large","max-video-preview":"max-video-preview:-1"},"canonical":"https:\/\/clfled.com\/es\/producto\/led-controller-with-spi-dmx512-single-art-net-controller-for-stage-light-fashion-show-2\/","og_locale":"es_ES","og_type":"article","og_title":"CLF 104 psu caja led controlador con spi DMX512 \u00fanico arte controlador de red para la etapa de luz de desfile de moda","og_description":"controlador de leds con spi DMX512 \u00fanico controlador artnet para luz de escenario desfile de moda Bajo la condici\u00f3n de","og_url":"https:\/\/clfled.com\/es\/producto\/led-controller-with-spi-dmx512-single-art-net-controller-for-stage-light-fashion-show-2\/","og_site_name":"Clfled","og_image":[{"width":732,"height":765,"url":"https:\/\/clfled.com\/wp-content\/uploads\/2022\/11\/H9be1ee6b58ce4d6782300d14932645a0r.jpg","type":"image\/jpeg"}],"twitter_card":"summary_large_image","twitter_misc":{"Tiempo de lectura":"1 minuto"},"schema":{"@context":"https:\/\/schema.org","@graph":[{"@type":"WebPage","@id":"https:\/\/clfled.com\/es\/producto\/led-controller-with-spi-dmx512-single-art-net-controller-for-stage-light-fashion-show-2\/","url":"https:\/\/clfled.com\/es\/producto\/led-controller-with-spi-dmx512-single-art-net-controller-for-stage-light-fashion-show-2\/","name":"CLF 104 psu caja led controlador con spi DMX512 \u00fanico arte controlador de red para la etapa de luz de desfile de moda - Clfled","isPartOf":{"@id":"https:\/\/clfled.com\/es\/#website"},"datePublished":"2022-11-05T06:11:39+00:00","dateModified":"2022-11-05T06:11:39+00:00","breadcrumb":{"@id":"https:\/\/clfled.com\/es\/producto\/led-controller-with-spi-dmx512-single-art-net-controller-for-stage-light-fashion-show-2\/#breadcrumb"},"inLanguage":"es","potentialAction":[{"@type":"ReadAction","target":["https:\/\/clfled.com\/es\/producto\/led-controller-with-spi-dmx512-single-art-net-controller-for-stage-light-fashion-show-2\/"]}]},{"@type":"BreadcrumbList","@id":"https:\/\/clfled.com\/es\/producto\/led-controller-with-spi-dmx512-single-art-net-controller-for-stage-light-fashion-show-2\/#breadcrumb","itemListElement":[{"@type":"ListItem","position":1,"name":"HOME","item":"https:\/\/clfled.com\/es\/"},{"@type":"ListItem","position":2,"name":"Tienda","item":"https:\/\/clfled.com\/es\/tienda\/"},{"@type":"ListItem","position":3,"name":"CLF 104 psu caja led controlador con spi DMX512 \u00fanico arte controlador de red para la etapa de luz de desfile de moda"}]},{"@type":"WebSite","@id":"https:\/\/clfled.com\/es\/#website","url":"https:\/\/clfled.com\/es\/","name":"Clfled","description":"clfled.com","potentialAction":[{"@type":"SearchAction","target":{"@type":"EntryPoint","urlTemplate":"https:\/\/clfled.com\/es\/?s={search_term_string}"},"query-input":"required name=search_term_string"}],"inLanguage":"es"}]}},"_links":{"self":[{"href":"https:\/\/clfled.com\/es\/wp-json\/wp\/v2\/product\/4429","targetHints":{"allow":["GET"]}}],"collection":[{"href":"https:\/\/clfled.com\/es\/wp-json\/wp\/v2\/product"}],"about":[{"href":"https:\/\/clfled.com\/es\/wp-json\/wp\/v2\/types\/product"}],"replies":[{"embeddable":true,"href":"https:\/\/clfled.com\/es\/wp-json\/wp\/v2\/comments?post=4429"}],"version-history":[{"count":0,"href":"https:\/\/clfled.com\/es\/wp-json\/wp\/v2\/product\/4429\/revisions"}],"wp:featuredmedia":[{"embeddable":true,"href":"https:\/\/clfled.com\/es\/wp-json\/wp\/v2\/media\/2116"}],"wp:attachment":[{"href":"https:\/\/clfled.com\/es\/wp-json\/wp\/v2\/media?parent=4429"}],"wp:term":[{"taxonomy":"product_cat","embeddable":true,"href":"https:\/\/clfled.com\/es\/wp-json\/wp\/v2\/product_cat?post=4429"},{"taxonomy":"product_tag","embeddable":true,"href":"https:\/\/clfled.com\/es\/wp-json\/wp\/v2\/product_tag?post=4429"}],"curies":[{"name":"wp","href":"https:\/\/api.w.org\/{rel}","templated":true}]}}