{"id":4298,"date":"2022-11-05T13:55:51","date_gmt":"2022-11-05T05:55:51","guid":{"rendered":"https:\/\/clfled.com\/products\/0-5m-led-5050-rgb-square-milky-cover-tiras-led-pixel-bar-stage-light-24v\/"},"modified":"2022-11-05T13:55:51","modified_gmt":"2022-11-05T05:55:51","slug":"0-5m-led-5050-rgb-square-milky-cover-led-strips-pixel-bar-stage-light-24v-2","status":"publish","type":"product","link":"https:\/\/clfled.com\/es\/producto\/0-5m-led-5050-rgb-square-milky-cover-led-strips-pixel-bar-stage-light-24v-2\/","title":{"rendered":"0.5M LED 5050 RGB Square Milky Cover Tiras LED Pixel Bar Stage Light 24V"},"content":{"rendered":"<p style=\"text-align: center\"><strong><span style=\"line-height: normal\"><span style=\"font-size: 24px\">LED 5050 RGB Square Milky Cover Tiras de LED Pixel Bar Stage Light 24V<\/span><\/span><\/strong><\/p>\n<h2 style=\"text-align: left\"><span style=\"color: #000000\"><span style=\"font-size: 24px\"><strong><span style=\"line-height: normal;font-family: serif\">Descripciones<\/span><\/strong><\/span><\/span><\/h2>\n<p align=\"left\"> <span style=\"color: #333333;font-family: Arial, Helvetica;font-size: 16px;font-style: normal;font-weight: 400;background-color: #ffffff;float: none\">Los colores brillantes y luminosos llegan a ti con la barra r\u00edgida de LED. Las discotecas, los bares, las tiendas y los escenarios son los lugares ideales para este esbelto instrumento. Tambi\u00e9n es el dispositivo perfecto para realizar interesantes creaciones lum\u00ednicas en sus propias habitaciones. Los LEDs tienen un alto rendimiento, son muy brillantes y arrojan una luz fuerte e intensa. Naturalmente, esto tambi\u00e9n es v\u00e1lido para la barra r\u00edgida de LED. Esto es s\u00f3lo una fracci\u00f3n de la longevidad de los LED, que pueden aportar aprox. 50.000 horas de luz. Los LED de la barra r\u00edgida LED consumen poca energ\u00eda. Adem\u00e1s, disipan poco calor. Esto no s\u00f3lo es bueno para su equilibrio energ\u00e9tico, sino tambi\u00e9n para el medio ambiente.<\/span><\/p>\n<table style=\"border-collapse: collapse;background-color: #ffffff;width: 747px;border: 1px solid #cccccc\" border=\"1\">\n<tbody>\n<tr style=\"height: 15px\">\n<td style=\"border: 1px solid #cccccc;width: 314px;height: 15px;text-align: left\"><span style=\"font-size: 16px;font-family: arial, helvetica, sans-serif\">Nombre del producto<\/span><\/td>\n<td style=\"border: 1px solid #cccccc;width: 426px;height: 15px;text-align: left\"><span style=\"font-size: 16px;font-family: arial, helvetica, sans-serif\">Barra cuadrada de p\u00edxeles LED<\/span><\/td>\n<\/tr>\n<tr style=\"height: 15px\">\n<td style=\"border: 1px solid #cccccc;width: 314px;height: 15px;text-align: left\"><span style=\"font-size: 16px;font-family: arial, helvetica, sans-serif\">Tensi\u00f3n de entrada<\/span><\/td>\n<td style=\"border: 1px solid #cccccc;width: 426px;height: 15px;text-align: left\"><span style=\"font-size: 16px;font-family: arial, helvetica, sans-serif\">DC24V<\/span><\/td>\n<\/tr>\n<tr style=\"height: 15px;text-align: left\">\n<td style=\"border: 1px solid #cccccc;width: 314px;height: 15px;text-align: left\"><span style=\"font-size: 16px;font-family: arial, helvetica, sans-serif\">Potencia m\u00e1xima<\/span><\/td>\n<td style=\"border: 1px solid #cccccc;width: 426px;height: 15px\"><span style=\"font-size: 16px;font-family: arial, helvetica, sans-serif\">9.6W<\/span><\/td>\n<\/tr>\n<tr style=\"height: 15px;text-align: left\">\n<td style=\"border: 1px solid #cccccc;width: 314px;height: 15px\"><span style=\"font-size: 16px;font-family: arial, helvetica, sans-serif\">Cantidad de LED<\/span><\/td>\n<td style=\"border: 1px solid #cccccc;width: 426px;height: 15px\"><span style=\"font-size: 16px;font-family: arial, helvetica, sans-serif\">32 LEDs\/m<\/span><\/td>\n<\/tr>\n<tr style=\"height: 15px;text-align: left\">\n<td style=\"border: 1px solid #cccccc;width: 314px;height: 15px\"><span style=\"font-size: 16px;font-family: arial, helvetica, sans-serif\">P\u00edxeles<\/span><\/td>\n<td style=\"border: 1px solid #cccccc;width: 426px;height: 15px\"><span style=\"font-size: 16px;font-family: arial, helvetica, sans-serif\">32 P\u00edxeles<\/span><\/td>\n<\/tr>\n<tr style=\"height: 15px;text-align: left\">\n<td style=\"border: 1px solid #cccccc;width: 314px;height: 15px\"><span style=\"font-size: 16px;font-family: arial, helvetica, sans-serif\">Ver \u00c1ngel<\/span><\/td>\n<td style=\"border: 1px solid #cccccc;width: 426px;height: 15px\"><span style=\"font-size: 16px;font-family: arial, helvetica, sans-serif\">120\u00b0<\/span><\/td>\n<\/tr>\n<tr style=\"height: 8px;text-align: left\">\n<td style=\"border: 1px solid #cccccc;width: 314px;height: 8px\"><span style=\"font-size: 16px;font-family: arial, helvetica, sans-serif\">IC<\/span><\/td>\n<td style=\"border: 1px solid #cccccc;width: 426px;height: 8px\"><span style=\"font-size: 16px;font-family: arial, helvetica, sans-serif\">SK6812<\/span><\/td>\n<\/tr>\n<tr style=\"height: 15px;text-align: left\">\n<td style=\"border: 1px solid #cccccc;width: 314px;height: 15px\"><span style=\"font-size: 16px;font-family: arial, helvetica, sans-serif\">LED Tpye<\/span><\/td>\n<td style=\"border: 1px solid #cccccc;width: 426px;height: 15px\"><span style=\"font-size: 16px;color: #000000;font-family: arial, helvetica, sans-serif\">5050 RGB<\/span><\/td>\n<\/tr>\n<tr style=\"height: 13.5px;text-align: left\">\n<td style=\"border: 1px solid #cccccc;width: 314px;height: 13.5px\"><span style=\"font-size: 16px;font-family: arial, helvetica, sans-serif\">Tasa de protecci\u00f3n<\/span><\/td>\n<td style=\"border: 1px solid #cccccc;width: 426px;height: 13.5px\"><span style=\"font-size: 16px;font-family: arial, helvetica, sans-serif\">IP40 IP65 IP68<\/span><\/td>\n<\/tr>\n<tr style=\"height: 18px;text-align: left\">\n<td style=\"border: 1px solid #cccccc;width: 314px;height: 18px\"><span style=\"font-size: 16px;font-family: arial, helvetica, sans-serif\">Modelo<\/span><\/td>\n<td style=\"border: 1px solid #cccccc;width: 426px;height: 18px\"><span style=\"font-size: 16px;font-family: arial, helvetica, sans-serif\">CL-5050RGB32-WS2813B-3<\/span><\/td>\n<\/tr>\n<tr style=\"height: 18px\">\n<td style=\"border: 1px solid #cccccc;width: 314px;height: 18px;text-align: left\"><span style=\"font-size: 16px;font-family: arial, helvetica, sans-serif\">Colores<\/span><\/td>\n<td style=\"border: 1px solid #cccccc;width: 426px;height: 18px;text-align: left\"><span style=\"font-size: 16px;font-family: arial, helvetica, sans-serif\">A todo color RGB, cambio de color de ensue\u00f1o<\/span><\/td>\n<\/tr>\n<\/tbody>\n<\/table>\n<p style=\"text-align: left\"><span style=\"color: #000000;font-size: 24px\"><strong>Ventajas  <\/strong><\/span><\/p>\n<p><span style=\"font-size: 16px\">1. Modo de control DVI  <\/span><\/p>\n<p><span style=\"font-size: 16px\">2. F\u00e1cil conexi\u00f3n con la fuente de alimentaci\u00f3n  <\/span><\/p>\n<p><span style=\"font-size: 16px\">3. Un solo led por punto de p\u00edxel  <\/span><\/p>\n<p><span style=\"font-size: 16px\">4. Transmisi\u00f3n en serie, se\u00f1al estable  <\/span><span style=\"font-size: 16px\">                              <\/span><\/p>\n<p><span style=\"font-size: 16px\">5. WS2813B transmisi\u00f3n de se\u00f1al \u00fanica  <\/span><\/p>\n<p><span style=\"font-size: 16px\">6. Puede ser DIY para diferentes perfanmance  <\/span><\/p>\n<p><span style=\"font-size: 16px\">7. F\u00e1cil instalaci\u00f3n, uni\u00f3n sin ranuras  <\/span><\/p>\n<p><span style=\"font-size: 16px\">8. Dise\u00f1o mate cuadrado, la mejor opci\u00f3n para el escenario  <\/span><\/p>\n<p><img decoding=\"async\" src=\"\/\/sc02.alicdn.com\/kf\/HTB1ZJQFXc_vK1Rjy0Foq6xIxVXan\/200440271\/HTB1ZJQFXc_vK1Rjy0Foq6xIxVXan.jpg\" alt=\"0.5M LED 5050 RGB Square Milky Cover Tiras LED Pixel Bar Stage Light 24V\" width=\"750\"><\/p>\n<p><strong><span style=\"font-size: 24px\">Aplicaciones<\/span><\/strong><\/p>\n<p><span style=\"font-style: normal;font-weight: normal;font-size: 16px;line-height: normal;font-family: Arial, sans-serif;color: #333333\"><span style=\"font-style: normal;font-weight: normal;line-height: normal;font-family: Arial, sans-serif;color: #333333\"><span style=\"color: #4d4d4d;font-family: Helvetica, Arial, sans-serif;font-style: normal;font-weight: 400;background-color: #ffffff;float: none\">1. Iluminaci\u00f3n de la decoraci\u00f3n navide\u00f1a, fiesta de Navidad, \u00e9poca de vacaciones, en cualquier lugar en el que desee producir una exhibici\u00f3n particularmente llamativa.<\/span><\/span><\/span><\/p>\n<p><span style=\"color: #4d4d4d;font-family: Helvetica, Arial, sans-serif;font-style: normal;font-weight: 400;background-color: #ffffff;float: none\">2. Iluminaci\u00f3n de mercados, decoraci\u00f3n arquitect\u00f3nica, decoraci\u00f3n de \u00e1rboles a lo largo de las calles, parques, iluminaci\u00f3n urbana nocturna.<\/span><\/p>\n<p><span style=\"color: #4d4d4d;font-family: Helvetica, Arial, sans-serif;font-style: normal;font-weight: 400;background-color: #ffffff;float: none\">3. Atracciones paisaj\u00edsticas, jardiner\u00eda, decoraci\u00f3n nocturna comunitaria de cristales, hoteles, centros comerciales, entretenimiento nocturno.<\/span><\/p>\n<p><img fetchpriority=\"high\" decoding=\"async\" class=\"alignleft wp-image-884 \" src=\"https:\/\/clfled.com\/wp-content\/uploads\/2022\/11\/%E8%A7%86%E9%A2%91%E6%9D%A1-1.jpg\" alt=\"\" width=\"751\" height=\"359\"><\/p>\n<p><img decoding=\"async\" class=\"alignleft wp-image-885\" src=\"https:\/\/clfled.com\/wp-content\/uploads\/2022\/11\/%E8%A7%86%E9%A2%91%E6%9D%A1-6-300x300.jpg\" alt=\"\" width=\"750\" height=\"750\"> <img decoding=\"async\" class=\"alignleft wp-image-886\" src=\"https:\/\/clfled.com\/wp-content\/uploads\/2022\/11\/%E8%A7%86%E9%A2%91%E6%9D%A12-300x200.jpg\" alt=\"\" width=\"750\" height=\"500\"> <img loading=\"lazy\" decoding=\"async\" class=\"alignleft wp-image-887\" src=\"https:\/\/clfled.com\/wp-content\/uploads\/2022\/11\/%E8%A7%86%E9%A2%91%E6%9D%A1%E6%A1%88%E4%BE%8B%E5%9B%BE-2-225x300.jpg\" alt=\"\" width=\"750\" height=\"999\"> <img loading=\"lazy\" decoding=\"async\" class=\"alignleft wp-image-888\" src=\"https:\/\/clfled.com\/wp-content\/uploads\/2022\/11\/%E8%A7%86%E9%A2%91%E6%9D%A1%E6%A1%88%E4%BE%8B%E5%9B%BE-3-300x225.jpg\" alt=\"\" width=\"750\" height=\"562\"> <img loading=\"lazy\" decoding=\"async\" class=\"alignleft wp-image-890\" src=\"https:\/\/clfled.com\/wp-content\/uploads\/2022\/11\/%E8%A7%86%E9%A2%91%E6%9D%A1%E6%A1%88%E4%BE%8B%E5%9B%BE-5-300x225.jpg\" alt=\"\" width=\"750\" height=\"562\"> <img loading=\"lazy\" decoding=\"async\" class=\"alignleft wp-image-891\" src=\"https:\/\/clfled.com\/wp-content\/uploads\/2022\/11\/%E8%A7%86%E9%A2%91%E6%9D%A1%E6%A1%88%E4%BE%8B%E5%9B%BE-9-300x225.jpg\" alt=\"\" width=\"749\" height=\"561\"> <img loading=\"lazy\" decoding=\"async\" class=\"alignleft wp-image-892\" src=\"https:\/\/clfled.com\/wp-content\/uploads\/2022\/11\/%E8%A7%86%E9%A2%91%E6%9D%A1%E6%A1%88%E4%BE%8B%E5%9B%BE-10-300x225.jpg\" alt=\"\" width=\"750\" height=\"562\"> <img loading=\"lazy\" decoding=\"async\" class=\"alignleft wp-image-893\" src=\"https:\/\/clfled.com\/wp-content\/uploads\/2022\/11\/%E8%A7%86%E9%A2%91%E6%9D%A1%E6%B5%99%E6%B1%9F%E9%A1%B9%E7%9B%AE-2-300x225.jpg\" alt=\"\" width=\"750\" height=\"562\"> <img loading=\"lazy\" decoding=\"async\" class=\"alignleft wp-image-894\" src=\"https:\/\/clfled.com\/wp-content\/uploads\/2022\/11\/%E5%BE%AE%E4%BF%A1%E5%9B%BE%E7%89%87_20200619153842-300x142.jpg\" alt=\"\" width=\"749\" height=\"354\"><\/p>\n","protected":false},"excerpt":{"rendered":"<p>LED 5050 RGB Square Milky Cover Tiras de LED Pixel Bar Stage Light 24V Descripciones Los colores brillantes y luminosos<\/p>\n","protected":false},"featured_media":1660,"comment_status":"open","ping_status":"closed","template":"","meta":[],"product_cat":[225],"product_tag":[],"class_list":["post-4298","product","type-product","status-publish","has-post-thumbnail","hentry","product_cat-barra-de-luz-led-rigida"],"yoast_head":"<!-- This site is optimized with the Yoast SEO Premium plugin v21.0 (Yoast SEO v21.0) - https:\/\/yoast.com\/wordpress\/plugins\/seo\/ -->\n<title>0.5M LED 5050 RGB Square Milky Cover Tiras LED Pixel Bar Stage Light 24V - Clfled<\/title>\n<meta name=\"robots\" content=\"index, follow, max-snippet:-1, max-image-preview:large, max-video-preview:-1\" \/>\n<link rel=\"canonical\" href=\"https:\/\/clfled.com\/es\/producto\/0-5m-led-5050-rgb-square-milky-cover-led-strips-pixel-bar-stage-light-24v-2\/\" \/>\n<meta property=\"og:locale\" content=\"es_ES\" \/>\n<meta property=\"og:type\" content=\"article\" \/>\n<meta property=\"og:title\" content=\"0.5M LED 5050 RGB Square Milky Cover Tiras LED Pixel Bar Stage Light 24V\" \/>\n<meta property=\"og:description\" content=\"LED 5050 RGB Square Milky Cover Tiras de LED Pixel Bar Stage Light 24V Descripciones Los colores brillantes y luminosos\" \/>\n<meta property=\"og:url\" content=\"https:\/\/clfled.com\/es\/producto\/0-5m-led-5050-rgb-square-milky-cover-led-strips-pixel-bar-stage-light-24v-2\/\" \/>\n<meta property=\"og:site_name\" content=\"Clfled\" \/>\n<meta property=\"og:image\" content=\"https:\/\/clfled.com\/wp-content\/uploads\/2022\/11\/He8e6f3e034fb4d58bcc8c83bd97a0d26B.jpg\" \/>\n\t<meta property=\"og:image:width\" content=\"1000\" \/>\n\t<meta property=\"og:image:height\" content=\"1000\" \/>\n\t<meta property=\"og:image:type\" content=\"image\/jpeg\" \/>\n<meta name=\"twitter:card\" content=\"summary_large_image\" \/>\n<meta name=\"twitter:label1\" content=\"Tiempo de lectura\" \/>\n\t<meta name=\"twitter:data1\" content=\"2 minutos\" \/>\n<script type=\"application\/ld+json\" class=\"yoast-schema-graph\">{\"@context\":\"https:\/\/schema.org\",\"@graph\":[{\"@type\":\"WebPage\",\"@id\":\"https:\/\/clfled.com\/es\/producto\/0-5m-led-5050-rgb-square-milky-cover-led-strips-pixel-bar-stage-light-24v-2\/\",\"url\":\"https:\/\/clfled.com\/es\/producto\/0-5m-led-5050-rgb-square-milky-cover-led-strips-pixel-bar-stage-light-24v-2\/\",\"name\":\"0.5M LED 5050 RGB Square Milky Cover Tiras LED Pixel Bar Stage Light 24V - Clfled\",\"isPartOf\":{\"@id\":\"https:\/\/clfled.com\/es\/#website\"},\"datePublished\":\"2022-11-05T05:55:51+00:00\",\"dateModified\":\"2022-11-05T05:55:51+00:00\",\"breadcrumb\":{\"@id\":\"https:\/\/clfled.com\/es\/producto\/0-5m-led-5050-rgb-square-milky-cover-led-strips-pixel-bar-stage-light-24v-2\/#breadcrumb\"},\"inLanguage\":\"es\",\"potentialAction\":[{\"@type\":\"ReadAction\",\"target\":[\"https:\/\/clfled.com\/es\/producto\/0-5m-led-5050-rgb-square-milky-cover-led-strips-pixel-bar-stage-light-24v-2\/\"]}]},{\"@type\":\"BreadcrumbList\",\"@id\":\"https:\/\/clfled.com\/es\/producto\/0-5m-led-5050-rgb-square-milky-cover-led-strips-pixel-bar-stage-light-24v-2\/#breadcrumb\",\"itemListElement\":[{\"@type\":\"ListItem\",\"position\":1,\"name\":\"HOME\",\"item\":\"https:\/\/clfled.com\/es\/\"},{\"@type\":\"ListItem\",\"position\":2,\"name\":\"Tienda\",\"item\":\"https:\/\/clfled.com\/es\/tienda\/\"},{\"@type\":\"ListItem\",\"position\":3,\"name\":\"0.5M LED 5050 RGB Square Milky Cover Tiras LED Pixel Bar Stage Light 24V\"}]},{\"@type\":\"WebSite\",\"@id\":\"https:\/\/clfled.com\/es\/#website\",\"url\":\"https:\/\/clfled.com\/es\/\",\"name\":\"Clfled\",\"description\":\"clfled.com\",\"potentialAction\":[{\"@type\":\"SearchAction\",\"target\":{\"@type\":\"EntryPoint\",\"urlTemplate\":\"https:\/\/clfled.com\/es\/?s={search_term_string}\"},\"query-input\":\"required name=search_term_string\"}],\"inLanguage\":\"es\"}]}<\/script>\n<!-- \/ Yoast SEO Premium plugin. -->","yoast_head_json":{"title":"0.5M LED 5050 RGB Square Milky Cover Tiras LED Pixel Bar Stage Light 24V - Clfled","robots":{"index":"index","follow":"follow","max-snippet":"max-snippet:-1","max-image-preview":"max-image-preview:large","max-video-preview":"max-video-preview:-1"},"canonical":"https:\/\/clfled.com\/es\/producto\/0-5m-led-5050-rgb-square-milky-cover-led-strips-pixel-bar-stage-light-24v-2\/","og_locale":"es_ES","og_type":"article","og_title":"0.5M LED 5050 RGB Square Milky Cover Tiras LED Pixel Bar Stage Light 24V","og_description":"LED 5050 RGB Square Milky Cover Tiras de LED Pixel Bar Stage Light 24V Descripciones Los colores brillantes y luminosos","og_url":"https:\/\/clfled.com\/es\/producto\/0-5m-led-5050-rgb-square-milky-cover-led-strips-pixel-bar-stage-light-24v-2\/","og_site_name":"Clfled","og_image":[{"width":1000,"height":1000,"url":"https:\/\/clfled.com\/wp-content\/uploads\/2022\/11\/He8e6f3e034fb4d58bcc8c83bd97a0d26B.jpg","type":"image\/jpeg"}],"twitter_card":"summary_large_image","twitter_misc":{"Tiempo de lectura":"2 minutos"},"schema":{"@context":"https:\/\/schema.org","@graph":[{"@type":"WebPage","@id":"https:\/\/clfled.com\/es\/producto\/0-5m-led-5050-rgb-square-milky-cover-led-strips-pixel-bar-stage-light-24v-2\/","url":"https:\/\/clfled.com\/es\/producto\/0-5m-led-5050-rgb-square-milky-cover-led-strips-pixel-bar-stage-light-24v-2\/","name":"0.5M LED 5050 RGB Square Milky Cover Tiras LED Pixel Bar Stage Light 24V - Clfled","isPartOf":{"@id":"https:\/\/clfled.com\/es\/#website"},"datePublished":"2022-11-05T05:55:51+00:00","dateModified":"2022-11-05T05:55:51+00:00","breadcrumb":{"@id":"https:\/\/clfled.com\/es\/producto\/0-5m-led-5050-rgb-square-milky-cover-led-strips-pixel-bar-stage-light-24v-2\/#breadcrumb"},"inLanguage":"es","potentialAction":[{"@type":"ReadAction","target":["https:\/\/clfled.com\/es\/producto\/0-5m-led-5050-rgb-square-milky-cover-led-strips-pixel-bar-stage-light-24v-2\/"]}]},{"@type":"BreadcrumbList","@id":"https:\/\/clfled.com\/es\/producto\/0-5m-led-5050-rgb-square-milky-cover-led-strips-pixel-bar-stage-light-24v-2\/#breadcrumb","itemListElement":[{"@type":"ListItem","position":1,"name":"HOME","item":"https:\/\/clfled.com\/es\/"},{"@type":"ListItem","position":2,"name":"Tienda","item":"https:\/\/clfled.com\/es\/tienda\/"},{"@type":"ListItem","position":3,"name":"0.5M LED 5050 RGB Square Milky Cover Tiras LED Pixel Bar Stage Light 24V"}]},{"@type":"WebSite","@id":"https:\/\/clfled.com\/es\/#website","url":"https:\/\/clfled.com\/es\/","name":"Clfled","description":"clfled.com","potentialAction":[{"@type":"SearchAction","target":{"@type":"EntryPoint","urlTemplate":"https:\/\/clfled.com\/es\/?s={search_term_string}"},"query-input":"required name=search_term_string"}],"inLanguage":"es"}]}},"_links":{"self":[{"href":"https:\/\/clfled.com\/es\/wp-json\/wp\/v2\/product\/4298","targetHints":{"allow":["GET"]}}],"collection":[{"href":"https:\/\/clfled.com\/es\/wp-json\/wp\/v2\/product"}],"about":[{"href":"https:\/\/clfled.com\/es\/wp-json\/wp\/v2\/types\/product"}],"replies":[{"embeddable":true,"href":"https:\/\/clfled.com\/es\/wp-json\/wp\/v2\/comments?post=4298"}],"version-history":[{"count":0,"href":"https:\/\/clfled.com\/es\/wp-json\/wp\/v2\/product\/4298\/revisions"}],"wp:featuredmedia":[{"embeddable":true,"href":"https:\/\/clfled.com\/es\/wp-json\/wp\/v2\/media\/1660"}],"wp:attachment":[{"href":"https:\/\/clfled.com\/es\/wp-json\/wp\/v2\/media?parent=4298"}],"wp:term":[{"taxonomy":"product_cat","embeddable":true,"href":"https:\/\/clfled.com\/es\/wp-json\/wp\/v2\/product_cat?post=4298"},{"taxonomy":"product_tag","embeddable":true,"href":"https:\/\/clfled.com\/es\/wp-json\/wp\/v2\/product_tag?post=4298"}],"curies":[{"name":"wp","href":"https:\/\/api.w.org\/{rel}","templated":true}]}}