{"id":4262,"date":"2022-11-05T14:00:48","date_gmt":"2022-11-05T06:00:48","guid":{"rendered":"https:\/\/clfled.com\/products\/ip65-interior-rgb-color-cambiante-de-color-lechoso-tubo-de-luz-de-neon-kits-de-iluminacion-de-bricolaje\/"},"modified":"2022-11-05T14:00:48","modified_gmt":"2022-11-05T06:00:48","slug":"ip65-indoor-rgb-full-color-changeable-milky-color-neon-tube-light-diy-lighting-kits-2","status":"publish","type":"product","link":"https:\/\/clfled.com\/es\/producto\/ip65-indoor-rgb-full-color-changeable-milky-color-neon-tube-light-diy-lighting-kits-2\/","title":{"rendered":"IP65 Interior RGB Color cambiante de color lechoso tubo de luz de ne\u00f3n kits de iluminaci\u00f3n de bricolaje"},"content":{"rendered":"<p style=\"text-align: center\"><span style=\"text-decoration: underline\"><em><strong><span style=\"font-size: 18px\">IP65 Interior RGB Color cambiante de color lechoso tubo de luz de ne\u00f3n kits de iluminaci\u00f3n de bricolaje<\/span><\/strong><\/em><\/span><\/p>\n<p style=\"text-align: left\"><span style=\"text-decoration: underline\"><em><strong><span style=\"font-size: 18px\">Caracter\u00edstica<\/span><\/strong><\/em><\/span><\/p>\n<p style=\"text-align: left\"><span style=\"font-size: 14px\"><em>1.F\u00e1cil de instalar y controlar;<\/em><\/span><\/p>\n<p style=\"text-align: left\"><span style=\"font-size: 14px\"><em>2.Smart Led tira de ne\u00f3n se puede doblar a muchos forma;<\/em><\/span><\/p>\n<p style=\"text-align: left\"><span style=\"font-size: 14px\"><em>3.Peque\u00f1o tama\u00f1o del tubo de ne\u00f3n led: 08*17mm;<\/em><\/span><\/p>\n<p style=\"text-align: left\"><span style=\"font-size: 14px\"><em>4.Este kit de ne\u00f3n puede crear alguna idea de bricolaje como usted quiere.<\/em><\/span><\/p>\n<p style=\"text-align: left\"><span style=\"text-decoration: underline\"><em><strong><span style=\"font-size: 18px\">Aplicaci\u00f3n<\/span><\/strong><\/em><\/span><\/p>\n<p style=\"text-align: left\"><span style=\"font-family: arial, helvetica, sans-serif;font-size: 14px\"><em><span style=\"color: #333333;font-weight: 400;background-color: #ffffff;float: none\">1. La decoraci\u00f3n del edificio&#8221;.<\/span><br \/>\n<span style=\"color: #333333;font-weight: 400;background-color: #ffffff;float: none\">2. La decoraci\u00f3n del club nocturno, el edificio de ense\u00f1anza, etc.  <\/span><br \/>\n<span style=\"color: #333333;font-weight: 400;background-color: #ffffff;float: none\">3. La decoraci\u00f3n de los barcos&#8230; y as\u00ed sucesivamente.  <\/span><br \/>\n<span style=\"color: #333333;font-weight: 400;background-color: #ffffff;float: none\">4. Uso en exteriores o en interiores. como Hourse, \u00e1rboles de Navidad, etc.<\/span><\/em><\/span><\/p>\n<p style=\"text-align: left\"><span style=\"font-family: arial, helvetica, sans-serif;font-size: 14px\"><em><span style=\"color: #333333;font-weight: 400;background-color: #ffffff;float: none\">5. El cartel de ne\u00f3n con muchas formas ect.<\/span><\/em><\/span><\/p>\n<p><img decoding=\"async\" src=\"\/\/sc04.alicdn.com\/kf\/Hc89cfac9570345bba8a483d0b1b314634\/228612101\/Hc89cfac9570345bba8a483d0b1b314634.jpg\" alt=\"IP65 Interior RGB Color cambiante de color lechoso tubo de luz de ne\u00f3n kits de iluminaci\u00f3n de bricolaje\"><\/p>\n<p style=\"text-align: left\"><span style=\"text-decoration: underline\"><em><strong><span style=\"font-size: 18px\">Especificaci\u00f3n<\/span><\/strong><\/em><\/span><\/p>\n<table style=\"margin: 0px;padding: 0px;font-style: normal;font-weight: 400;font-size: 12px;line-height: inherit;font-family: Arial,Helvetica;border-collapse: collapse;width: 750px;color: #333333;background-color: #ffffff;height: 410px\" border=\"1\">\n<tbody>\n<tr style=\"margin: 0px;padding: 0px;font-style: inherit;font-weight: inherit;font-size: 12px;line-height: inherit\">\n<td style=\"margin: 0px;padding: 0px;font-style: inherit;font-weight: 400;font-size: 12px;line-height: inherit;float: none;width: 209px\"><em><span style=\"margin: 0px;padding: 0px;border: 0px;font-style: inherit;font-weight: inherit;font-size: 16px;line-height: 24px;font-family: Calibri, 'zapf dingbats';vertical-align: baseline\">Modelo<\/span><\/em><\/td>\n<td style=\"margin: 0px;padding: 0px;font-style: inherit;font-weight: 400;font-size: 12px;line-height: inherit;float: none;width: 534px\"><em><span style=\"margin: 0px;padding: 0px;border: 0px;font-style: inherit;font-weight: inherit;font-size: 16px;line-height: 24px;font-family: Calibri, 'zapf dingbats';vertical-align: baseline\">Kit de iluminaci\u00f3n LED inteligente de ne\u00f3n<\/span><\/em><\/td>\n<\/tr>\n<tr style=\"margin: 0px;padding: 0px;font-style: inherit;font-weight: inherit;font-size: 12px;line-height: inherit\">\n<td style=\"margin: 0px;padding: 0px;font-style: inherit;font-weight: 400;font-size: 12px;line-height: inherit;float: none;width: 209px\"><em><span style=\"margin: 0px;padding: 0px;border: 0px;font-style: inherit;font-weight: inherit;font-size: 16px;line-height: 24px;font-family: Calibri, 'zapf dingbats';vertical-align: baseline\">Tipo de Led<\/span><\/em><\/td>\n<td style=\"margin: 0px;padding: 0px;font-style: inherit;font-weight: 400;font-size: 12px;line-height: inherit;float: none;width: 534px\"><em><span style=\"margin: 0px;padding: 0px;border: 0px;font-style: inherit;font-weight: inherit;font-size: 16px;line-height: 24px;font-family: Calibri, 'zapf dingbats';vertical-align: baseline\">SMD5050RGB<\/span><\/em><\/td>\n<\/tr>\n<tr style=\"margin: 0px;padding: 0px;font-style: inherit;font-weight: inherit;font-size: 12px;line-height: inherit\">\n<td style=\"margin: 0px;padding: 0px;font-style: inherit;font-weight: 400;font-size: 12px;line-height: inherit;float: none;width: 209px\"><em><span style=\"margin: 0px;padding: 0px;border: 0px;font-style: inherit;font-weight: inherit;font-size: 16px;line-height: 24px;font-family: Calibri, 'zapf dingbats';vertical-align: baseline\">Led QTY<\/span><\/em><\/td>\n<td style=\"margin: 0px;padding: 0px;font-style: inherit;font-weight: 400;font-size: 12px;line-height: inherit;float: none;width: 534px\"><em><span style=\"margin: 0px;padding: 0px;border: 0px;font-style: inherit;font-weight: inherit;font-size: 16px;line-height: 24px;font-family: Calibri, 'zapf dingbats';vertical-align: baseline\">84leds\/M<\/span><\/em><\/td>\n<\/tr>\n<tr style=\"margin: 0px;padding: 0px;font-style: inherit;font-weight: inherit;font-size: 12px;line-height: inherit\">\n<td style=\"margin: 0px;padding: 0px;font-style: inherit;font-weight: 400;font-size: 12px;line-height: inherit;float: none;width: 209px\"><span style=\"margin: 0px;padding: 0px;border: 0px;font-style: inherit;font-weight: inherit;font-size: inherit;line-height: 18px;font-family: Calibri, 'zapf dingbats';vertical-align: baseline\"><span style=\"margin: 0px;padding: 0px;border: 0px;font-style: inherit;font-weight: inherit;font-size: 16px;line-height: 24px;vertical-align: baseline\"><em>Led Color<\/em><\/span><\/span><\/td>\n<td style=\"margin: 0px;padding: 0px;font-style: inherit;font-weight: 400;font-size: 12px;line-height: inherit;float: none;width: 534px\"><span style=\"margin: 0px;padding: 0px;border: 0px;font-style: inherit;font-weight: inherit;font-size: inherit;line-height: 18px;font-family: Calibri, 'zapf dingbats';vertical-align: baseline\"><span style=\"margin: 0px;padding: 0px;border: 0px;font-style: inherit;font-weight: inherit;font-size: 16px;line-height: 24px;vertical-align: baseline\"><em>RGB a todo color<\/em><\/span><\/span><\/td>\n<\/tr>\n<tr style=\"margin: 0px;padding: 0px;font-style: inherit;font-weight: inherit;font-size: 12px;line-height: inherit\">\n<td style=\"margin: 0px;padding: 0px;font-style: inherit;font-weight: 400;font-size: 12px;line-height: inherit;float: none;width: 209px\"><em><span style=\"margin: 0px;padding: 0px;border: 0px;font-style: inherit;font-weight: inherit;font-size: 16px;line-height: 24px;font-family: Calibri, 'zapf dingbats';vertical-align: baseline\">Tensi\u00f3n<\/span><\/em><\/td>\n<td style=\"margin: 0px;padding: 0px;font-style: inherit;font-weight: 400;font-size: 12px;line-height: inherit;float: none;width: 534px\"><em><span style=\"margin: 0px;padding: 0px;border: 0px;font-style: inherit;font-weight: inherit;font-size: 16px;line-height: 24px;font-family: Calibri, 'zapf dingbats';vertical-align: baseline\">DC24V<\/span><\/em><\/td>\n<\/tr>\n<tr style=\"margin: 0px;padding: 0px;font-style: inherit;font-weight: inherit;font-size: 12px;line-height: inherit\">\n<td style=\"margin: 0px;padding: 0px;font-style: inherit;font-weight: 400;font-size: 12px;line-height: inherit;float: none;width: 209px\"><em><span style=\"margin: 0px;padding: 0px;border: 0px;font-style: inherit;font-weight: inherit;font-size: 16px;line-height: 24px;font-family: Calibri, 'zapf dingbats';vertical-align: baseline\">Potencia<\/span><\/em><\/td>\n<td style=\"margin: 0px;padding: 0px;font-style: inherit;font-weight: 400;font-size: 12px;line-height: inherit;float: none;width: 534px\"><em><span style=\"margin: 0px;padding: 0px;border: 0px;font-style: inherit;font-weight: inherit;font-size: 16px;line-height: 24px;font-family: Calibri, 'zapf dingbats';vertical-align: baseline\">12W\/M, total 24 vatios<\/span><\/em><\/td>\n<\/tr>\n<tr style=\"margin: 0px;padding: 0px;font-style: inherit;font-weight: inherit;font-size: 12px;line-height: inherit\">\n<td style=\"margin: 0px;padding: 0px;font-style: inherit;font-weight: 400;font-size: 12px;line-height: inherit;float: none;width: 209px\"><em><span style=\"margin: 0px;padding: 0px;border: 0px;font-style: inherit;font-weight: inherit;font-size: 16px;line-height: 24px;font-family: Calibri, 'zapf dingbats';vertical-align: baseline\">Tama\u00f1o del tubo<\/span><\/em><\/td>\n<td style=\"margin: 0px;padding: 0px;font-style: inherit;font-weight: 400;font-size: 12px;line-height: inherit;float: none;width: 534px\"><em><span style=\"margin: 0px;padding: 0px;border: 0px;font-style: inherit;font-weight: inherit;font-size: 16px;line-height: 24px;font-family: Calibri, 'zapf dingbats';vertical-align: baseline\">08*17mm<\/span><\/em><\/td>\n<\/tr>\n<tr style=\"margin: 0px;padding: 0px;font-style: inherit;font-weight: inherit;font-size: 12px;line-height: inherit\">\n<td style=\"margin: 0px;padding: 0px;font-style: inherit;font-weight: 400;font-size: 12px;line-height: inherit;float: none;width: 209px\"><em><span style=\"margin: 0px;padding: 0px;border: 0px;font-style: inherit;font-weight: inherit;font-size: 16px;line-height: 24px;font-family: Calibri, 'zapf dingbats';vertical-align: baseline\">Paquete Art\u00edculo<\/span><\/em><\/td>\n<td style=\"margin: 0px;padding: 0px;font-style: inherit;font-weight: 400;font-size: 12px;line-height: inherit;float: none;width: 534px\"><em><span style=\"margin: 0px;padding: 0px;border: 0px;font-style: inherit;font-weight: inherit;font-size: 16px;line-height: 24px;font-family: Calibri, 'zapf dingbats';vertical-align: baseline\">2M de luz de ne\u00f3n led\/1pc adaptador de alimentaci\u00f3n led\/1pc controlador led\/1 manual de usuario\/10pcs soportes de fijaci\u00f3n<\/span><\/em><\/td>\n<\/tr>\n<\/tbody>\n<\/table>\n<p style=\"text-align: left\"><span style=\"text-decoration: underline\"><em><strong><span style=\"font-size: 18px\"><img fetchpriority=\"high\" decoding=\"async\" src=\"\/\/sc04.alicdn.com\/kf\/H572755d6ac38444485c364bf3b680596q\/228612101\/H572755d6ac38444485c364bf3b680596q.png\" alt=\"IP65 Interior RGB Color cambiante de color lechoso tubo de luz de ne\u00f3n kits de iluminaci\u00f3n de bricolaje\" width=\"750\" height=\"400\"><\/span><\/strong><\/em><\/span><\/p>\n<p>Exposici\u00f3n de productos<\/p>\n<p><img decoding=\"async\" src=\"\/\/sc04.alicdn.com\/kf\/H4a9f2bf0da0a4c9ba84242ceea208269A\/228612101\/H4a9f2bf0da0a4c9ba84242ceea208269A.jpg\" alt=\"IP65 Interior RGB Color cambiante de color lechoso tubo de luz de ne\u00f3n kits de iluminaci\u00f3n de bricolaje\" width=\"750\" height=\"1379\"><\/p>\n<p style=\"text-align: left\">\n","protected":false},"excerpt":{"rendered":"<p>IP65 Interior RGB Color cambiante de color lechoso tubo de luz de ne\u00f3n kits de iluminaci\u00f3n de bricolaje Caracter\u00edstica 1.F\u00e1cil<\/p>\n","protected":false},"featured_media":2588,"comment_status":"open","ping_status":"closed","template":"","meta":[],"product_cat":[169],"product_tag":[],"class_list":["post-4262","product","type-product","status-publish","has-post-thumbnail","hentry","product_cat-tira-de-luces-led-de-neon"],"yoast_head":"<!-- This site is optimized with the Yoast SEO Premium plugin v21.0 (Yoast SEO v21.0) - https:\/\/yoast.com\/wordpress\/plugins\/seo\/ -->\n<title>IP65 Interior RGB Color cambiante de color lechoso tubo de luz de ne\u00f3n kits de iluminaci\u00f3n de bricolaje - Clfled<\/title>\n<meta name=\"robots\" content=\"index, follow, max-snippet:-1, max-image-preview:large, max-video-preview:-1\" \/>\n<link rel=\"canonical\" href=\"https:\/\/clfled.com\/es\/producto\/ip65-indoor-rgb-full-color-changeable-milky-color-neon-tube-light-diy-lighting-kits-2\/\" \/>\n<meta property=\"og:locale\" content=\"es_ES\" \/>\n<meta property=\"og:type\" content=\"article\" \/>\n<meta property=\"og:title\" content=\"IP65 Interior RGB Color cambiante de color lechoso tubo de luz de ne\u00f3n kits de iluminaci\u00f3n de bricolaje\" \/>\n<meta property=\"og:description\" content=\"IP65 Interior RGB Color cambiante de color lechoso tubo de luz de ne\u00f3n kits de iluminaci\u00f3n de bricolaje Caracter\u00edstica 1.F\u00e1cil\" \/>\n<meta property=\"og:url\" content=\"https:\/\/clfled.com\/es\/producto\/ip65-indoor-rgb-full-color-changeable-milky-color-neon-tube-light-diy-lighting-kits-2\/\" \/>\n<meta property=\"og:site_name\" content=\"Clfled\" \/>\n<meta property=\"og:image\" content=\"https:\/\/clfled.com\/wp-content\/uploads\/2022\/11\/\u4e3b\u56fe5-1.jpg\" \/>\n\t<meta property=\"og:image:width\" content=\"800\" \/>\n\t<meta property=\"og:image:height\" content=\"800\" \/>\n\t<meta property=\"og:image:type\" content=\"image\/jpeg\" \/>\n<meta name=\"twitter:card\" content=\"summary_large_image\" \/>\n<meta name=\"twitter:label1\" content=\"Tiempo de lectura\" \/>\n\t<meta name=\"twitter:data1\" content=\"1 minuto\" \/>\n<script type=\"application\/ld+json\" class=\"yoast-schema-graph\">{\"@context\":\"https:\/\/schema.org\",\"@graph\":[{\"@type\":\"WebPage\",\"@id\":\"https:\/\/clfled.com\/es\/producto\/ip65-indoor-rgb-full-color-changeable-milky-color-neon-tube-light-diy-lighting-kits-2\/\",\"url\":\"https:\/\/clfled.com\/es\/producto\/ip65-indoor-rgb-full-color-changeable-milky-color-neon-tube-light-diy-lighting-kits-2\/\",\"name\":\"IP65 Interior RGB Color cambiante de color lechoso tubo de luz de ne\u00f3n kits de iluminaci\u00f3n de bricolaje - Clfled\",\"isPartOf\":{\"@id\":\"https:\/\/clfled.com\/es\/#website\"},\"datePublished\":\"2022-11-05T06:00:48+00:00\",\"dateModified\":\"2022-11-05T06:00:48+00:00\",\"breadcrumb\":{\"@id\":\"https:\/\/clfled.com\/es\/producto\/ip65-indoor-rgb-full-color-changeable-milky-color-neon-tube-light-diy-lighting-kits-2\/#breadcrumb\"},\"inLanguage\":\"es\",\"potentialAction\":[{\"@type\":\"ReadAction\",\"target\":[\"https:\/\/clfled.com\/es\/producto\/ip65-indoor-rgb-full-color-changeable-milky-color-neon-tube-light-diy-lighting-kits-2\/\"]}]},{\"@type\":\"BreadcrumbList\",\"@id\":\"https:\/\/clfled.com\/es\/producto\/ip65-indoor-rgb-full-color-changeable-milky-color-neon-tube-light-diy-lighting-kits-2\/#breadcrumb\",\"itemListElement\":[{\"@type\":\"ListItem\",\"position\":1,\"name\":\"HOME\",\"item\":\"https:\/\/clfled.com\/es\/\"},{\"@type\":\"ListItem\",\"position\":2,\"name\":\"Tienda\",\"item\":\"https:\/\/clfled.com\/es\/tienda\/\"},{\"@type\":\"ListItem\",\"position\":3,\"name\":\"IP65 Interior RGB Color cambiante de color lechoso tubo de luz de ne\u00f3n kits de iluminaci\u00f3n de bricolaje\"}]},{\"@type\":\"WebSite\",\"@id\":\"https:\/\/clfled.com\/es\/#website\",\"url\":\"https:\/\/clfled.com\/es\/\",\"name\":\"Clfled\",\"description\":\"clfled.com\",\"potentialAction\":[{\"@type\":\"SearchAction\",\"target\":{\"@type\":\"EntryPoint\",\"urlTemplate\":\"https:\/\/clfled.com\/es\/?s={search_term_string}\"},\"query-input\":\"required name=search_term_string\"}],\"inLanguage\":\"es\"}]}<\/script>\n<!-- \/ Yoast SEO Premium plugin. -->","yoast_head_json":{"title":"IP65 Interior RGB Color cambiante de color lechoso tubo de luz de ne\u00f3n kits de iluminaci\u00f3n de bricolaje - Clfled","robots":{"index":"index","follow":"follow","max-snippet":"max-snippet:-1","max-image-preview":"max-image-preview:large","max-video-preview":"max-video-preview:-1"},"canonical":"https:\/\/clfled.com\/es\/producto\/ip65-indoor-rgb-full-color-changeable-milky-color-neon-tube-light-diy-lighting-kits-2\/","og_locale":"es_ES","og_type":"article","og_title":"IP65 Interior RGB Color cambiante de color lechoso tubo de luz de ne\u00f3n kits de iluminaci\u00f3n de bricolaje","og_description":"IP65 Interior RGB Color cambiante de color lechoso tubo de luz de ne\u00f3n kits de iluminaci\u00f3n de bricolaje Caracter\u00edstica 1.F\u00e1cil","og_url":"https:\/\/clfled.com\/es\/producto\/ip65-indoor-rgb-full-color-changeable-milky-color-neon-tube-light-diy-lighting-kits-2\/","og_site_name":"Clfled","og_image":[{"width":800,"height":800,"url":"https:\/\/clfled.com\/wp-content\/uploads\/2022\/11\/\u4e3b\u56fe5-1.jpg","type":"image\/jpeg"}],"twitter_card":"summary_large_image","twitter_misc":{"Tiempo de lectura":"1 minuto"},"schema":{"@context":"https:\/\/schema.org","@graph":[{"@type":"WebPage","@id":"https:\/\/clfled.com\/es\/producto\/ip65-indoor-rgb-full-color-changeable-milky-color-neon-tube-light-diy-lighting-kits-2\/","url":"https:\/\/clfled.com\/es\/producto\/ip65-indoor-rgb-full-color-changeable-milky-color-neon-tube-light-diy-lighting-kits-2\/","name":"IP65 Interior RGB Color cambiante de color lechoso tubo de luz de ne\u00f3n kits de iluminaci\u00f3n de bricolaje - Clfled","isPartOf":{"@id":"https:\/\/clfled.com\/es\/#website"},"datePublished":"2022-11-05T06:00:48+00:00","dateModified":"2022-11-05T06:00:48+00:00","breadcrumb":{"@id":"https:\/\/clfled.com\/es\/producto\/ip65-indoor-rgb-full-color-changeable-milky-color-neon-tube-light-diy-lighting-kits-2\/#breadcrumb"},"inLanguage":"es","potentialAction":[{"@type":"ReadAction","target":["https:\/\/clfled.com\/es\/producto\/ip65-indoor-rgb-full-color-changeable-milky-color-neon-tube-light-diy-lighting-kits-2\/"]}]},{"@type":"BreadcrumbList","@id":"https:\/\/clfled.com\/es\/producto\/ip65-indoor-rgb-full-color-changeable-milky-color-neon-tube-light-diy-lighting-kits-2\/#breadcrumb","itemListElement":[{"@type":"ListItem","position":1,"name":"HOME","item":"https:\/\/clfled.com\/es\/"},{"@type":"ListItem","position":2,"name":"Tienda","item":"https:\/\/clfled.com\/es\/tienda\/"},{"@type":"ListItem","position":3,"name":"IP65 Interior RGB Color cambiante de color lechoso tubo de luz de ne\u00f3n kits de iluminaci\u00f3n de bricolaje"}]},{"@type":"WebSite","@id":"https:\/\/clfled.com\/es\/#website","url":"https:\/\/clfled.com\/es\/","name":"Clfled","description":"clfled.com","potentialAction":[{"@type":"SearchAction","target":{"@type":"EntryPoint","urlTemplate":"https:\/\/clfled.com\/es\/?s={search_term_string}"},"query-input":"required name=search_term_string"}],"inLanguage":"es"}]}},"_links":{"self":[{"href":"https:\/\/clfled.com\/es\/wp-json\/wp\/v2\/product\/4262","targetHints":{"allow":["GET"]}}],"collection":[{"href":"https:\/\/clfled.com\/es\/wp-json\/wp\/v2\/product"}],"about":[{"href":"https:\/\/clfled.com\/es\/wp-json\/wp\/v2\/types\/product"}],"replies":[{"embeddable":true,"href":"https:\/\/clfled.com\/es\/wp-json\/wp\/v2\/comments?post=4262"}],"version-history":[{"count":0,"href":"https:\/\/clfled.com\/es\/wp-json\/wp\/v2\/product\/4262\/revisions"}],"wp:featuredmedia":[{"embeddable":true,"href":"https:\/\/clfled.com\/es\/wp-json\/wp\/v2\/media\/2588"}],"wp:attachment":[{"href":"https:\/\/clfled.com\/es\/wp-json\/wp\/v2\/media?parent=4262"}],"wp:term":[{"taxonomy":"product_cat","embeddable":true,"href":"https:\/\/clfled.com\/es\/wp-json\/wp\/v2\/product_cat?post=4262"},{"taxonomy":"product_tag","embeddable":true,"href":"https:\/\/clfled.com\/es\/wp-json\/wp\/v2\/product_tag?post=4262"}],"curies":[{"name":"wp","href":"https:\/\/api.w.org\/{rel}","templated":true}]}}