{"id":4241,"date":"2022-11-05T14:00:00","date_gmt":"2022-11-05T06:00:00","guid":{"rendered":"https:\/\/clfled.com\/products\/nueva-llegada-alta-densidad-504leds-m-dc12v-24v-iluminacion-emisora-blanca-tira-flexible-cob-led\/"},"modified":"2022-12-01T17:55:02","modified_gmt":"2022-12-01T09:55:02","slug":"new-arrival-high-density-504leds-m-dc12v-24v-white-emitting-lighting-flexible-cob-led-strip-light","status":"publish","type":"product","link":"https:\/\/clfled.com\/es\/producto\/new-arrival-high-density-504leds-m-dc12v-24v-white-emitting-lighting-flexible-cob-led-strip-light\/","title":{"rendered":"Nueva llegada Alta Densidad 504leds\/M DC12V 24V Iluminaci\u00f3n Emisora Blanca Tira Flexible COB LED"},"content":{"rendered":"<p style=\"text-align: left\"><span style=\"text-decoration: underline;font-size: 24px\"><em><strong>Nueva llegada Alta Densidad 504leds\/M DC12V 24V Iluminaci\u00f3n Emisora Blanca Tira Flexible COB LED<\/strong><\/em><\/span><\/p>\n<p style=\"text-align: left\"><span style=\"text-decoration: underline;font-size: 24px\"><em><strong>Caracter\u00edstica<\/strong><\/em><\/span><\/p>\n<p style=\"text-align: left\"><span style=\"font-family: arial, helvetica, sans-serif;font-size: 16px\">1.Adopta el chip LED de la marca, alto brillo, baja decadencia de la luz, vida \u00fatil de m\u00e1s de 25000 horas  <\/span><\/p>\n<p style=\"text-align: left\"><span style=\"font-size: 16px;font-family: arial, helvetica, sans-serif\">2.Color:2700K,3000K,4000K,6000K ,red,green,blue,yellow<\/span><\/p>\n<p><span style=\"font-size: 16px;font-family: arial, helvetica, sans-serif\">3.Todos los materiales cumplen la normativa RoHS<\/span><\/p>\n<p style=\"text-align: left\"><span style=\"font-size: 16px;font-family: arial, helvetica, sans-serif\">4.F\u00e1cil de instalar y conservar; se puede doblar libremente; con cinta adhesiva 3M en la parte trasera  <\/span><\/p>\n<p style=\"text-align: left\"><span style=\"font-family: arial, helvetica, sans-serif;font-size: 16px\">5.Alta eficiencia crom\u00e1tica, iluminaci\u00f3n uniforme<\/span><\/p>\n<p style=\"text-align: left\"><span style=\"font-size: 16px;font-family: arial, helvetica, sans-serif\">6.\u00c1ngulo del haz de luz 180\u00b0<\/span><\/p>\n<p style=\"text-align: left\"><span style=\"text-decoration: underline;font-size: 24px\"><em><strong>Especificaci\u00f3n<\/strong><\/em><\/span><\/p>\n<table style=\"border-collapse: collapse;background-color: #ffffff;width: 743px;height: 399px\" border=\"1\">\n<tbody>\n<tr>\n<td style=\"width: 217px\"><span style=\"font-family: arial, helvetica, sans-serif;font-size: 16px\">Modelo<\/span><\/td>\n<td style=\"width: 519px\"><span style=\"font-family: arial, helvetica, sans-serif;font-size: 16px\">Tira de LEDs COB-504leds\/M<\/span><\/td>\n<\/tr>\n<tr>\n<td style=\"width: 217px\"><span style=\"font-family: arial, helvetica, sans-serif;font-size: 16px\">Led QTY<\/span><\/td>\n<td style=\"width: 519px\"><span style=\"font-family: arial, helvetica, sans-serif;font-size: 16px\">504leds\/M<\/span><\/td>\n<\/tr>\n<tr>\n<td style=\"width: 217px\"><span style=\"font-family: arial, helvetica, sans-serif;font-size: 16px\">Tensi\u00f3n<\/span><\/td>\n<td style=\"width: 519px\"><span style=\"font-family: arial, helvetica, sans-serif;font-size: 16px\">DC24V<\/span><\/td>\n<\/tr>\n<tr>\n<td style=\"width: 217px\"><span style=\"font-family: arial, helvetica, sans-serif;font-size: 16px\">Potencia<\/span><\/td>\n<td style=\"width: 519px\"><span style=\"font-family: arial, helvetica, sans-serif;font-size: 16px\">14W\/M<\/span><\/td>\n<\/tr>\n<tr>\n<td style=\"width: 217px\"><span style=\"font-family: arial, helvetica, sans-serif;font-size: 16px\">Anchura de la placa de circuito impreso<\/span><\/td>\n<td style=\"width: 519px\"><span style=\"font-family: arial, helvetica, sans-serif;font-size: 16px\">10mm<\/span><\/td>\n<\/tr>\n<tr>\n<td style=\"width: 217px\"><span style=\"font-family: arial, helvetica, sans-serif;font-size: 16px\">Color de la placa de circuito impreso<\/span><\/td>\n<td style=\"width: 519px\"><span style=\"font-family: arial, helvetica, sans-serif;font-size: 16px\">Blanco<\/span><\/td>\n<\/tr>\n<tr>\n<td style=\"width: 217px\"><span style=\"font-family: arial, helvetica, sans-serif;font-size: 16px\">Led Color<\/span><\/td>\n<td style=\"width: 519px\"><span style=\"font-family: arial, helvetica, sans-serif;font-size: 16px\">Color blanco<\/span><\/td>\n<\/tr>\n<tr>\n<td style=\"width: 217px\"><span style=\"font-family: arial, helvetica, sans-serif;font-size: 16px\">CCT<\/span><\/td>\n<td style=\"width: 519px\"><span style=\"font-family: arial, helvetica, sans-serif;font-size: 16px\">Blanco c\u00e1lido:2800K\/3000K,Blanco natural:4000K,Blanco fr\u00edo:6000K<\/span><\/td>\n<\/tr>\n<tr>\n<td style=\"width: 217px\"><span style=\"font-family: arial, helvetica, sans-serif;font-size: 16px\">Eimtting<\/span><\/td>\n<td style=\"width: 519px\"><span style=\"font-family: arial, helvetica, sans-serif;font-size: 16px\">180 grados<\/span><\/td>\n<\/tr>\n<tr>\n<td style=\"width: 217px\"><span style=\"font-family: arial, helvetica, sans-serif;font-size: 16px\">Cortable<\/span><\/td>\n<td style=\"width: 519px\"><span style=\"font-family: arial, helvetica, sans-serif;font-size: 16px\">0,5M\/corte<\/span><\/td>\n<\/tr>\n<tr>\n<td style=\"width: 217px\"><span style=\"font-family: arial, helvetica, sans-serif;font-size: 16px\">Impermeable<\/span><\/td>\n<td style=\"width: 519px\"><span style=\"font-family: arial, helvetica, sans-serif;font-size: 16px\">IP20<\/span><\/td>\n<\/tr>\n<tr>\n<td style=\"width: 217px\"><span style=\"font-family: arial, helvetica, sans-serif;font-size: 16px\">Paquete<\/span><\/td>\n<td style=\"width: 519px\"><span style=\"font-family: arial, helvetica, sans-serif;font-size: 16px\">5M como carrete<\/span><\/td>\n<\/tr>\n<\/tbody>\n<\/table>\n<p style=\"text-align: left\"><span style=\"text-decoration: underline;font-size: 24px\"><em><strong>Detalles del producto<\/strong><\/em><\/span><\/p>\n<p><img fetchpriority=\"high\" decoding=\"async\" class=\"alignnone wp-image-878\" src=\"https:\/\/clfled.com\/wp-content\/uploads\/2022\/11\/H62e10497db0f41e48f4b803faafe918eU-1-scaled.webp\" alt=\"\" width=\"750\" height=\"4614\" srcset=\"https:\/\/clfled.com\/wp-content\/uploads\/2022\/11\/H62e10497db0f41e48f4b803faafe918eU-1-scaled.webp 416w, https:\/\/clfled.com\/wp-content\/uploads\/2022\/11\/H62e10497db0f41e48f4b803faafe918eU-1-scaled-150x923.webp 150w, https:\/\/clfled.com\/wp-content\/uploads\/2022\/11\/H62e10497db0f41e48f4b803faafe918eU-1-49x300.webp 49w, https:\/\/clfled.com\/wp-content\/uploads\/2022\/11\/H62e10497db0f41e48f4b803faafe918eU-1-333x2048.webp 333w\" sizes=\"(max-width: 750px) 100vw, 750px\" \/><\/p>\n<p><img decoding=\"async\" class=\"alignnone wp-image-868\" src=\"https:\/\/clfled.com\/wp-content\/uploads\/2022\/11\/H8f6adce1d3eb4e0f95d57d7f6d387c492-211x300.webp\" alt=\"\" width=\"750\" height=\"1066\" srcset=\"https:\/\/clfled.com\/wp-content\/uploads\/2022\/11\/H8f6adce1d3eb4e0f95d57d7f6d387c492-211x300.webp 211w, https:\/\/clfled.com\/wp-content\/uploads\/2022\/11\/H8f6adce1d3eb4e0f95d57d7f6d387c492-500x712.webp 500w, https:\/\/clfled.com\/wp-content\/uploads\/2022\/11\/H8f6adce1d3eb4e0f95d57d7f6d387c492-150x214.webp 150w\" sizes=\"(max-width: 750px) 100vw, 750px\" \/><\/p>\n<p style=\"text-align: left\">\n<p>&nbsp;<\/p>\n<p style=\"text-align: center\"><span style=\"text-decoration: underline\"><em><span style=\"font-size: 18px\"><strong> <\/strong><\/span><\/em><\/span><\/p>\n","protected":false},"excerpt":{"rendered":"<p>1.Adopta el chip LED de la marca, alto brillo, baja decadencia de la luz, vida \u00fatil de m\u00e1s de 25000 horas<br \/>\n2.Color:2700K,3000K,4000K,6000K ,red,green,blue,yellow<br \/>\n3.Todos los materiales cumplen la normativa RoHS<br \/>\n4.F\u00e1cil de instalar y conservar; se puede doblar libremente; con cinta adhesiva 3M en la parte trasera<br \/>\n5.Alta eficiencia crom\u00e1tica, iluminaci\u00f3n uniforme<br \/>\n6.\u00c1ngulo del haz de luz 180\u00b0<\/p>\n","protected":false},"featured_media":2860,"comment_status":"open","ping_status":"closed","template":"","meta":[],"product_cat":[195],"product_tag":[],"class_list":["post-4241","product","type-product","status-publish","has-post-thumbnail","hentry","product_cat-tira-de-leds-cob"],"yoast_head":"<!-- This site is optimized with the Yoast SEO Premium plugin v21.0 (Yoast SEO v21.0) - https:\/\/yoast.com\/wordpress\/plugins\/seo\/ -->\n<title>Nueva llegada Alta Densidad 504leds\/M DC12V 24V Iluminaci\u00f3n Emisora Blanca Tira Flexible COB LED - Clfled<\/title>\n<meta name=\"robots\" content=\"index, follow, max-snippet:-1, max-image-preview:large, max-video-preview:-1\" \/>\n<link rel=\"canonical\" href=\"https:\/\/clfled.com\/es\/producto\/new-arrival-high-density-504leds-m-dc12v-24v-white-emitting-lighting-flexible-cob-led-strip-light\/\" \/>\n<meta property=\"og:locale\" content=\"es_ES\" \/>\n<meta property=\"og:type\" content=\"article\" \/>\n<meta property=\"og:title\" content=\"Nueva llegada Alta Densidad 504leds\/M DC12V 24V Iluminaci\u00f3n Emisora Blanca Tira Flexible COB LED\" \/>\n<meta property=\"og:description\" content=\"1.Adopta el chip LED de la marca, alto brillo, baja decadencia de la luz, vida \u00fatil de m\u00e1s de 25000 horas  2.Color:2700K,3000K,4000K,6000K ,red,green,blue,yellow 3.Todos los materiales cumplen la normativa RoHS 4.F\u00e1cil de instalar y conservar; se puede doblar libremente; con cinta adhesiva 3M en la parte trasera 5.Alta eficiencia crom\u00e1tica, iluminaci\u00f3n uniforme 6.\u00c1ngulo del haz de luz 180\u00b0\" \/>\n<meta property=\"og:url\" content=\"https:\/\/clfled.com\/es\/producto\/new-arrival-high-density-504leds-m-dc12v-24v-white-emitting-lighting-flexible-cob-led-strip-light\/\" \/>\n<meta property=\"og:site_name\" content=\"Clfled\" \/>\n<meta property=\"article:modified_time\" content=\"2022-12-01T09:55:02+00:00\" \/>\n<meta property=\"og:image\" content=\"https:\/\/clfled.com\/wp-content\/uploads\/2022\/11\/H1564a0ebc3b54ae5b538d75c47cf26ecB.jpg_960x960.webp\" \/>\n\t<meta property=\"og:image:width\" content=\"800\" \/>\n\t<meta property=\"og:image:height\" content=\"800\" \/>\n\t<meta property=\"og:image:type\" content=\"image\/webp\" \/>\n<meta name=\"twitter:card\" content=\"summary_large_image\" \/>\n<meta name=\"twitter:label1\" content=\"Tiempo de lectura\" \/>\n\t<meta name=\"twitter:data1\" content=\"2 minutos\" \/>\n<script type=\"application\/ld+json\" class=\"yoast-schema-graph\">{\"@context\":\"https:\/\/schema.org\",\"@graph\":[{\"@type\":\"WebPage\",\"@id\":\"https:\/\/clfled.com\/es\/producto\/new-arrival-high-density-504leds-m-dc12v-24v-white-emitting-lighting-flexible-cob-led-strip-light\/\",\"url\":\"https:\/\/clfled.com\/es\/producto\/new-arrival-high-density-504leds-m-dc12v-24v-white-emitting-lighting-flexible-cob-led-strip-light\/\",\"name\":\"Nueva llegada Alta Densidad 504leds\/M DC12V 24V Iluminaci\u00f3n Emisora Blanca Tira Flexible COB LED - Clfled\",\"isPartOf\":{\"@id\":\"https:\/\/clfled.com\/es\/#website\"},\"datePublished\":\"2022-11-05T06:00:00+00:00\",\"dateModified\":\"2022-12-01T09:55:02+00:00\",\"breadcrumb\":{\"@id\":\"https:\/\/clfled.com\/es\/producto\/new-arrival-high-density-504leds-m-dc12v-24v-white-emitting-lighting-flexible-cob-led-strip-light\/#breadcrumb\"},\"inLanguage\":\"es\",\"potentialAction\":[{\"@type\":\"ReadAction\",\"target\":[\"https:\/\/clfled.com\/es\/producto\/new-arrival-high-density-504leds-m-dc12v-24v-white-emitting-lighting-flexible-cob-led-strip-light\/\"]}]},{\"@type\":\"BreadcrumbList\",\"@id\":\"https:\/\/clfled.com\/es\/producto\/new-arrival-high-density-504leds-m-dc12v-24v-white-emitting-lighting-flexible-cob-led-strip-light\/#breadcrumb\",\"itemListElement\":[{\"@type\":\"ListItem\",\"position\":1,\"name\":\"HOME\",\"item\":\"https:\/\/clfled.com\/es\/\"},{\"@type\":\"ListItem\",\"position\":2,\"name\":\"Tienda\",\"item\":\"https:\/\/clfled.com\/es\/tienda\/\"},{\"@type\":\"ListItem\",\"position\":3,\"name\":\"Nueva llegada Alta Densidad 504leds\/M DC12V 24V Iluminaci\u00f3n Emisora Blanca Tira Flexible COB LED\"}]},{\"@type\":\"WebSite\",\"@id\":\"https:\/\/clfled.com\/es\/#website\",\"url\":\"https:\/\/clfled.com\/es\/\",\"name\":\"Clfled\",\"description\":\"clfled.com\",\"potentialAction\":[{\"@type\":\"SearchAction\",\"target\":{\"@type\":\"EntryPoint\",\"urlTemplate\":\"https:\/\/clfled.com\/es\/?s={search_term_string}\"},\"query-input\":\"required name=search_term_string\"}],\"inLanguage\":\"es\"}]}<\/script>\n<!-- \/ Yoast SEO Premium plugin. -->","yoast_head_json":{"title":"Nueva llegada Alta Densidad 504leds\/M DC12V 24V Iluminaci\u00f3n Emisora Blanca Tira Flexible COB LED - Clfled","robots":{"index":"index","follow":"follow","max-snippet":"max-snippet:-1","max-image-preview":"max-image-preview:large","max-video-preview":"max-video-preview:-1"},"canonical":"https:\/\/clfled.com\/es\/producto\/new-arrival-high-density-504leds-m-dc12v-24v-white-emitting-lighting-flexible-cob-led-strip-light\/","og_locale":"es_ES","og_type":"article","og_title":"Nueva llegada Alta Densidad 504leds\/M DC12V 24V Iluminaci\u00f3n Emisora Blanca Tira Flexible COB LED","og_description":"1.Adopta el chip LED de la marca, alto brillo, baja decadencia de la luz, vida \u00fatil de m\u00e1s de 25000 horas  2.Color:2700K,3000K,4000K,6000K ,red,green,blue,yellow 3.Todos los materiales cumplen la normativa RoHS 4.F\u00e1cil de instalar y conservar; se puede doblar libremente; con cinta adhesiva 3M en la parte trasera 5.Alta eficiencia crom\u00e1tica, iluminaci\u00f3n uniforme 6.\u00c1ngulo del haz de luz 180\u00b0","og_url":"https:\/\/clfled.com\/es\/producto\/new-arrival-high-density-504leds-m-dc12v-24v-white-emitting-lighting-flexible-cob-led-strip-light\/","og_site_name":"Clfled","article_modified_time":"2022-12-01T09:55:02+00:00","og_image":[{"width":800,"height":800,"url":"https:\/\/clfled.com\/wp-content\/uploads\/2022\/11\/H1564a0ebc3b54ae5b538d75c47cf26ecB.jpg_960x960.webp","type":"image\/webp"}],"twitter_card":"summary_large_image","twitter_misc":{"Tiempo de lectura":"2 minutos"},"schema":{"@context":"https:\/\/schema.org","@graph":[{"@type":"WebPage","@id":"https:\/\/clfled.com\/es\/producto\/new-arrival-high-density-504leds-m-dc12v-24v-white-emitting-lighting-flexible-cob-led-strip-light\/","url":"https:\/\/clfled.com\/es\/producto\/new-arrival-high-density-504leds-m-dc12v-24v-white-emitting-lighting-flexible-cob-led-strip-light\/","name":"Nueva llegada Alta Densidad 504leds\/M DC12V 24V Iluminaci\u00f3n Emisora Blanca Tira Flexible COB LED - Clfled","isPartOf":{"@id":"https:\/\/clfled.com\/es\/#website"},"datePublished":"2022-11-05T06:00:00+00:00","dateModified":"2022-12-01T09:55:02+00:00","breadcrumb":{"@id":"https:\/\/clfled.com\/es\/producto\/new-arrival-high-density-504leds-m-dc12v-24v-white-emitting-lighting-flexible-cob-led-strip-light\/#breadcrumb"},"inLanguage":"es","potentialAction":[{"@type":"ReadAction","target":["https:\/\/clfled.com\/es\/producto\/new-arrival-high-density-504leds-m-dc12v-24v-white-emitting-lighting-flexible-cob-led-strip-light\/"]}]},{"@type":"BreadcrumbList","@id":"https:\/\/clfled.com\/es\/producto\/new-arrival-high-density-504leds-m-dc12v-24v-white-emitting-lighting-flexible-cob-led-strip-light\/#breadcrumb","itemListElement":[{"@type":"ListItem","position":1,"name":"HOME","item":"https:\/\/clfled.com\/es\/"},{"@type":"ListItem","position":2,"name":"Tienda","item":"https:\/\/clfled.com\/es\/tienda\/"},{"@type":"ListItem","position":3,"name":"Nueva llegada Alta Densidad 504leds\/M DC12V 24V Iluminaci\u00f3n Emisora Blanca Tira Flexible COB LED"}]},{"@type":"WebSite","@id":"https:\/\/clfled.com\/es\/#website","url":"https:\/\/clfled.com\/es\/","name":"Clfled","description":"clfled.com","potentialAction":[{"@type":"SearchAction","target":{"@type":"EntryPoint","urlTemplate":"https:\/\/clfled.com\/es\/?s={search_term_string}"},"query-input":"required name=search_term_string"}],"inLanguage":"es"}]}},"_links":{"self":[{"href":"https:\/\/clfled.com\/es\/wp-json\/wp\/v2\/product\/4241","targetHints":{"allow":["GET"]}}],"collection":[{"href":"https:\/\/clfled.com\/es\/wp-json\/wp\/v2\/product"}],"about":[{"href":"https:\/\/clfled.com\/es\/wp-json\/wp\/v2\/types\/product"}],"replies":[{"embeddable":true,"href":"https:\/\/clfled.com\/es\/wp-json\/wp\/v2\/comments?post=4241"}],"version-history":[{"count":2,"href":"https:\/\/clfled.com\/es\/wp-json\/wp\/v2\/product\/4241\/revisions"}],"predecessor-version":[{"id":4782,"href":"https:\/\/clfled.com\/es\/wp-json\/wp\/v2\/product\/4241\/revisions\/4782"}],"wp:featuredmedia":[{"embeddable":true,"href":"https:\/\/clfled.com\/es\/wp-json\/wp\/v2\/media\/2860"}],"wp:attachment":[{"href":"https:\/\/clfled.com\/es\/wp-json\/wp\/v2\/media?parent=4241"}],"wp:term":[{"taxonomy":"product_cat","embeddable":true,"href":"https:\/\/clfled.com\/es\/wp-json\/wp\/v2\/product_cat?post=4241"},{"taxonomy":"product_tag","embeddable":true,"href":"https:\/\/clfled.com\/es\/wp-json\/wp\/v2\/product_tag?post=4241"}],"curies":[{"name":"wp","href":"https:\/\/api.w.org\/{rel}","templated":true}]}}