{"id":4234,"date":"2022-11-05T14:03:57","date_gmt":"2022-11-05T06:03:57","guid":{"rendered":"https:\/\/clfled.com\/products\/ip68-impermeable-rgb-cambiante-de-color-de-neon-tubo-de-luz-de-neon-flexible-tira-de-luz-led\/"},"modified":"2022-12-01T19:28:01","modified_gmt":"2022-12-01T11:28:01","slug":"ip68-waterproof-rgb-changeable-milky-color-neon-tube-light-flexible-neon-led-strip-light","status":"publish","type":"product","link":"https:\/\/clfled.com\/es\/producto\/ip68-waterproof-rgb-changeable-milky-color-neon-tube-light-flexible-neon-led-strip-light\/","title":{"rendered":"IP68 impermeable RGB cambiante de color de ne\u00f3n tubo de luz de ne\u00f3n flexible tira de luz LED"},"content":{"rendered":"<p style=\"text-align: center\"><span style=\"text-decoration: underline\"><em><strong><span style=\"font-size: 18px\">IP68 impermeable RGB cambiante de color de ne\u00f3n tubo de luz de ne\u00f3n flexible tira de luz LED<\/span><\/strong><\/em><\/span><\/p>\n<p style=\"text-align: left\"><span style=\"text-decoration: underline\"><em><strong><span style=\"font-size: 18px\">Caracter\u00edstica<\/span><\/strong><\/em><\/span><\/p>\n<p style=\"text-align: left\"><em><span style=\"font-size: 18px\">1.Nueva tecnolog\u00eda, embalaje de relleno de cola de PU, moldeo por extrusi\u00f3n.  <\/span><\/em><\/p>\n<p style=\"text-align: left\"><em><span style=\"font-size: 18px\">2.Anti-amarilleo, 5 a\u00f1os sin amarillear.  <\/span><\/em><\/p>\n<p style=\"text-align: left\"><em><span style=\"font-size: 18px\">3.IP68 a prueba de agua, se puede poner en el agua.  <\/span><\/em><\/p>\n<p style=\"text-align: left\"><em><span style=\"font-size: 18px\">4.Iluminaci\u00f3n frontal, s\u00f3lo puede doblarse verticalmente.<\/span><\/em><\/p>\n<p style=\"text-align: left\"><span style=\"text-decoration: underline\"><em><strong><span style=\"font-size: 18px\">Aplicaci\u00f3n<\/span><\/strong><\/em><\/span><\/p>\n<p style=\"text-align: left\"><em><span style=\"font-family: arial, helvetica, sans-serif;font-size: 16px\"><span style=\"color: #333333;font-weight: 400;background-color: #ffffff;float: none\">1. La decoraci\u00f3n del edificio&#8221;.<\/span><br \/>\n<span style=\"color: #333333;font-weight: 400;background-color: #ffffff;float: none\">2. La decoraci\u00f3n del club nocturno, el edificio de ense\u00f1anza, etc.  <\/span><br \/>\n<span style=\"color: #333333;font-weight: 400;background-color: #ffffff;float: none\">3. La decoraci\u00f3n de los barcos&#8230; y as\u00ed sucesivamente.  <\/span><br \/>\n<span style=\"color: #333333;font-weight: 400;background-color: #ffffff;float: none\">4. Uso en exteriores o en interiores. como Hourse, \u00e1rboles de Navidad, etc.<\/span><\/span><\/em><\/p>\n<p style=\"text-align: left\"><em><span style=\"font-family: arial, helvetica, sans-serif;font-size: 16px\"><span style=\"color: #333333;font-weight: 400;background-color: #ffffff;float: none\">5. El cartel de ne\u00f3n con muchas formas ect.<\/span><\/span><\/em><\/p>\n<p style=\"text-align: left\"><em><span style=\"font-family: arial, helvetica, sans-serif;font-size: 16px\"><span style=\"color: #333333;font-weight: 400;background-color: #ffffff;float: none\"><img fetchpriority=\"high\" decoding=\"async\" src=\"\/\/sc02.alicdn.com\/kf\/HTB17QAIa1P2gK0jSZFoq6yuIVXaH\/228612101\/HTB17QAIa1P2gK0jSZFoq6yuIVXaH.jpg\" alt=\"IP68 impermeable RGB cambiante de color de ne\u00f3n tubo de luz de ne\u00f3n flexible tira de luz LED\" width=\"749\" height=\"562\"><\/span><\/span><\/em><\/p>\n<p style=\"text-align: left\"><span style=\"text-decoration: underline\"><em><strong><span style=\"font-size: 18px\">Especificaci\u00f3n<\/span><\/strong><\/em><\/span><\/p>\n<table style=\"margin: 0px;padding: 0px;font-style: normal;font-weight: 400;font-size: 12px;line-height: inherit;font-family: Arial,Helvetica;border-collapse: collapse;width: 750px;color: #333333;background-color: #ffffff;height: 410px\" border=\"1\">\n<tbody>\n<tr style=\"margin: 0px;padding: 0px;font-style: inherit;font-weight: inherit;font-size: 12px;line-height: inherit\">\n<td style=\"margin: 0px;padding: 0px;font-style: inherit;font-weight: 400;font-size: 12px;line-height: inherit;float: none;width: 209px\"><em><span style=\"margin: 0px;padding: 0px;border: 0px;font-style: inherit;font-weight: inherit;font-size: 16px;line-height: 24px;font-family: Calibri, 'zapf dingbats';vertical-align: baseline\">Modelo<\/span><\/em><\/td>\n<td style=\"margin: 0px;padding: 0px;font-style: inherit;font-weight: 400;font-size: 12px;line-height: inherit;float: none;width: 534px\"><em><span style=\"margin: 0px;padding: 0px;border: 0px;font-style: inherit;font-weight: inherit;font-size: 16px;line-height: 24px;font-family: Calibri, 'zapf dingbats';vertical-align: baseline\">UCS1903 Flex Neon<\/span><\/em><\/td>\n<\/tr>\n<tr style=\"margin: 0px;padding: 0px;font-style: inherit;font-weight: inherit;font-size: 12px;line-height: inherit\">\n<td style=\"margin: 0px;padding: 0px;font-style: inherit;font-weight: 400;font-size: 12px;line-height: inherit;float: none;width: 209px\"><em><span style=\"margin: 0px;padding: 0px;border: 0px;font-style: inherit;font-weight: inherit;font-size: 16px;line-height: 24px;font-family: Calibri, 'zapf dingbats';vertical-align: baseline\">Tipo de Led<\/span><\/em><\/td>\n<td style=\"margin: 0px;padding: 0px;font-style: inherit;font-weight: 400;font-size: 12px;line-height: inherit;float: none;width: 534px\"><em><span style=\"margin: 0px;padding: 0px;border: 0px;font-style: inherit;font-weight: inherit;font-size: 16px;line-height: 24px;font-family: Calibri, 'zapf dingbats';vertical-align: baseline\">SMD5050RGB<\/span><\/em><\/td>\n<\/tr>\n<tr style=\"margin: 0px;padding: 0px;font-style: inherit;font-weight: inherit;font-size: 12px;line-height: inherit\">\n<td style=\"margin: 0px;padding: 0px;font-style: inherit;font-weight: 400;font-size: 12px;line-height: inherit;float: none;width: 209px\"><em><span style=\"margin: 0px;padding: 0px;border: 0px;font-style: inherit;font-weight: inherit;font-size: 16px;line-height: 24px;font-family: Calibri, 'zapf dingbats';vertical-align: baseline\">Led QTY<\/span><\/em><\/td>\n<td style=\"margin: 0px;padding: 0px;font-style: inherit;font-weight: 400;font-size: 12px;line-height: inherit;float: none;width: 534px\"><em><span style=\"margin: 0px;padding: 0px;border: 0px;font-style: inherit;font-weight: inherit;font-size: 16px;line-height: 24px;font-family: Calibri, 'zapf dingbats';vertical-align: baseline\">60leds\/M<\/span><\/em><\/td>\n<\/tr>\n<tr style=\"margin: 0px;padding: 0px;font-style: inherit;font-weight: inherit;font-size: 12px;line-height: inherit\">\n<td style=\"margin: 0px;padding: 0px;font-style: inherit;font-weight: 400;font-size: 12px;line-height: inherit;float: none;width: 209px\"><span style=\"margin: 0px;padding: 0px;border: 0px;font-style: inherit;font-weight: inherit;font-size: inherit;line-height: 18px;font-family: Calibri, 'zapf dingbats';vertical-align: baseline\"><span style=\"margin: 0px;padding: 0px;border: 0px;font-style: inherit;font-weight: inherit;font-size: 16px;line-height: 24px;vertical-align: baseline\"><em>Led Color<\/em><\/span><\/span><\/td>\n<td style=\"margin: 0px;padding: 0px;font-style: inherit;font-weight: 400;font-size: 12px;line-height: inherit;float: none;width: 534px\"><span style=\"margin: 0px;padding: 0px;border: 0px;font-style: inherit;font-weight: inherit;font-size: inherit;line-height: 18px;font-family: Calibri, 'zapf dingbats';vertical-align: baseline\"><span style=\"margin: 0px;padding: 0px;border: 0px;font-style: inherit;font-weight: inherit;font-size: 16px;line-height: 24px;vertical-align: baseline\"><em>RGB a todo color<\/em><\/span><\/span><\/td>\n<\/tr>\n<tr style=\"margin: 0px;padding: 0px;font-style: inherit;font-weight: inherit;font-size: 12px;line-height: inherit\">\n<td style=\"margin: 0px;padding: 0px;font-style: inherit;font-weight: 400;font-size: 12px;line-height: inherit;float: none;width: 209px\"><span style=\"margin: 0px;padding: 0px;border: 0px;font-style: inherit;font-weight: inherit;font-size: inherit;line-height: 18px;font-family: Calibri, 'zapf dingbats';vertical-align: baseline\"><span style=\"margin: 0px;padding: 0px;border: 0px;font-style: inherit;font-weight: inherit;font-size: 16px;line-height: 24px;vertical-align: baseline\"><em>IC QTY<\/em><\/span><\/span><\/td>\n<td style=\"margin: 0px;padding: 0px;font-style: inherit;font-weight: 400;font-size: 12px;line-height: inherit;float: none;width: 534px\"><em><span style=\"margin: 0px;padding: 0px;border: 0px;font-style: inherit;font-weight: inherit;font-size: 16px;line-height: 24px;font-family: Calibri, 'zapf dingbats';vertical-align: baseline\">10pcs\/M<\/span><\/em><\/td>\n<\/tr>\n<tr style=\"margin: 0px;padding: 0px;font-style: inherit;font-weight: inherit;font-size: 12px;line-height: inherit\">\n<td style=\"margin: 0px;padding: 0px;font-style: inherit;font-weight: 400;font-size: 12px;line-height: inherit;float: none;width: 209px\"><span style=\"margin: 0px;padding: 0px;border: 0px;font-style: inherit;font-weight: inherit;font-size: inherit;line-height: 18px;font-family: Calibri, 'zapf dingbats';vertical-align: baseline\"><span style=\"margin: 0px;padding: 0px;border: 0px;font-style: inherit;font-weight: inherit;font-size: 16px;line-height: 24px;vertical-align: baseline\"><em>Tipo de CI<\/em><\/span><\/span><\/td>\n<td style=\"margin: 0px;padding: 0px;font-style: inherit;font-weight: 400;font-size: 12px;line-height: inherit;float: none;width: 534px\"><em><span style=\"margin: 0px;padding: 0px;border: 0px;font-style: inherit;font-weight: inherit;font-size: 16px;line-height: 24px;font-family: Calibri, 'zapf dingbats';vertical-align: baseline\">UCS1903\/SM16703\/WS2811<\/span><\/em><\/td>\n<\/tr>\n<tr style=\"margin: 0px;padding: 0px;font-style: inherit;font-weight: inherit;font-size: 12px;line-height: inherit\">\n<td style=\"margin: 0px;padding: 0px;font-style: inherit;font-weight: 400;font-size: 12px;line-height: inherit;float: none;width: 209px\"><em><span style=\"margin: 0px;padding: 0px;border: 0px;font-style: inherit;font-weight: inherit;font-size: 16px;line-height: 24px;font-family: Calibri, 'zapf dingbats';vertical-align: baseline\">Tensi\u00f3n<\/span><\/em><\/td>\n<td style=\"margin: 0px;padding: 0px;font-style: inherit;font-weight: 400;font-size: 12px;line-height: inherit;float: none;width: 534px\"><em><span style=\"margin: 0px;padding: 0px;border: 0px;font-style: inherit;font-weight: inherit;font-size: 16px;line-height: 24px;font-family: Calibri, 'zapf dingbats';vertical-align: baseline\">DC24V<\/span><\/em><\/td>\n<\/tr>\n<tr style=\"margin: 0px;padding: 0px;font-style: inherit;font-weight: inherit;font-size: 12px;line-height: inherit\">\n<td style=\"margin: 0px;padding: 0px;font-style: inherit;font-weight: 400;font-size: 12px;line-height: inherit;float: none;width: 209px\"><em><span style=\"margin: 0px;padding: 0px;border: 0px;font-style: inherit;font-weight: inherit;font-size: 16px;line-height: 24px;font-family: Calibri, 'zapf dingbats';vertical-align: baseline\">Potencia<\/span><\/em><\/td>\n<td style=\"margin: 0px;padding: 0px;font-style: inherit;font-weight: 400;font-size: 12px;line-height: inherit;float: none;width: 534px\"><em><span style=\"margin: 0px;padding: 0px;border: 0px;font-style: inherit;font-weight: inherit;font-size: 16px;line-height: 24px;font-family: Calibri, 'zapf dingbats';vertical-align: baseline\">14,4W\/M<\/span><\/em><\/td>\n<\/tr>\n<tr style=\"margin: 0px;padding: 0px;font-style: inherit;font-weight: inherit;font-size: 12px;line-height: inherit\">\n<td style=\"margin: 0px;padding: 0px;font-style: inherit;font-weight: 400;font-size: 12px;line-height: inherit;float: none;width: 209px\"><em><span style=\"margin: 0px;padding: 0px;border: 0px;font-style: inherit;font-weight: inherit;font-size: 16px;line-height: 24px;font-family: Calibri, 'zapf dingbats';vertical-align: baseline\">PCB Wdith<\/span><\/em><\/td>\n<td style=\"margin: 0px;padding: 0px;font-style: inherit;font-weight: 400;font-size: 12px;line-height: inherit;float: none;width: 534px\"><em><span style=\"margin: 0px;padding: 0px;border: 0px;font-style: inherit;font-weight: inherit;font-size: 16px;line-height: 24px;font-family: Calibri, 'zapf dingbats';vertical-align: baseline\">10mm<\/span><\/em><\/td>\n<\/tr>\n<tr style=\"margin: 0px;padding: 0px;font-style: inherit;font-weight: inherit;font-size: 12px;line-height: inherit\">\n<td style=\"margin: 0px;padding: 0px;font-style: inherit;font-weight: 400;font-size: 12px;line-height: inherit;float: none;width: 209px\"><em><span style=\"margin: 0px;padding: 0px;border: 0px;font-style: inherit;font-weight: inherit;font-size: 16px;line-height: 24px;font-family: Calibri, 'zapf dingbats';vertical-align: baseline\">Color de la placa de circuito impreso<\/span><\/em><\/td>\n<td style=\"margin: 0px;padding: 0px;font-style: inherit;font-weight: 400;font-size: 12px;line-height: inherit;float: none;width: 534px\"><em><span style=\"margin: 0px;padding: 0px;border: 0px;font-style: inherit;font-weight: inherit;font-size: 16px;line-height: 24px;font-family: Calibri, 'zapf dingbats';vertical-align: baseline\">Blanco<\/span><\/em><\/td>\n<\/tr>\n<tr style=\"margin: 0px;padding: 0px;font-style: inherit;font-weight: inherit;font-size: 12px;line-height: inherit\">\n<td style=\"margin: 0px;padding: 0px;font-style: inherit;font-weight: 400;font-size: 12px;line-height: inherit;float: none;width: 209px\"><em><span style=\"margin: 0px;padding: 0px;border: 0px;font-style: inherit;font-weight: inherit;font-size: 16px;line-height: 24px;font-family: Calibri, 'zapf dingbats';vertical-align: baseline\">Tama\u00f1o del tubo<\/span><\/em><\/td>\n<td style=\"margin: 0px;padding: 0px;font-style: inherit;font-weight: 400;font-size: 12px;line-height: inherit;float: none;width: 534px\"><em><span style=\"margin: 0px;padding: 0px;border: 0px;font-style: inherit;font-weight: inherit;font-size: 16px;line-height: 24px;font-family: Calibri, 'zapf dingbats';vertical-align: baseline\">10*23mm<\/span><\/em><\/td>\n<\/tr>\n<\/tbody>\n<\/table>\n<p style=\"text-align: left\"><span style=\"text-decoration: underline\"><em><strong><span style=\"font-size: 18px\"><br \/>\nDetalles del producto<\/span><\/strong><\/em><\/span><\/p>\n<p><img decoding=\"async\" src=\"\/\/sc01.alicdn.com\/kf\/Hc5b1c5c4d48a488dbcb7fced5107c2f7J\/228612101\/Hc5b1c5c4d48a488dbcb7fced5107c2f7J.jpg\" alt=\"IP68 impermeable RGB cambiante de color de ne\u00f3n tubo de luz de ne\u00f3n flexible tira de luz LED\" width=\"748\" height=\"748\"><br \/>\n<img decoding=\"async\" src=\"\/\/sc02.alicdn.com\/kf\/H273f60583c95469bbd9f3cfa35591dc4C\/228612101\/H273f60583c95469bbd9f3cfa35591dc4C.jpg\" alt=\"IP68 impermeable RGB cambiante de color de ne\u00f3n tubo de luz de ne\u00f3n flexible tira de luz LED\" width=\"748\" height=\"748\"><\/p>\n<p><img loading=\"lazy\" decoding=\"async\" src=\"\/\/sc01.alicdn.com\/kf\/Ha8e4f761daae492fb5e58e0227f84452l\/228612101\/Ha8e4f761daae492fb5e58e0227f84452l.png\" alt=\"IP68 impermeable RGB cambiante de color de ne\u00f3n tubo de luz de ne\u00f3n flexible tira de luz LED\" width=\"748\" height=\"183\"><\/p>\n<p style=\"text-align: left\"><span style=\"text-decoration: underline\"><em><strong><span style=\"font-size: 18px\"><img loading=\"lazy\" decoding=\"async\" src=\"\/\/sc01.alicdn.com\/kf\/Hae771c46ae384315b9207987be44e2aaw\/228612101\/Hae771c46ae384315b9207987be44e2aaw.jpg\" alt=\"IP68 impermeable RGB cambiante de color de ne\u00f3n tubo de luz de ne\u00f3n flexible tira de luz LED\" width=\"752\" height=\"141\"><\/span><\/strong><\/em><\/span><\/p>\n<p>&nbsp;<\/p>\n<p style=\"text-align: left\">\n","protected":false},"excerpt":{"rendered":"<p>Presentamos nuestra nueva tira de luces LED de ne\u00f3n. Esta luz est\u00e1 fabricada con una nueva tecnolog\u00eda, el embalaje de relleno de cola de PU y el moldeo por extrusi\u00f3n. Tambi\u00e9n es antiamarillo y puede durar 5 a\u00f1os sin amarillear. Adem\u00e1s, tiene una resistencia al agua IP68, por lo que puedes meterlo incluso en el agua. Pero eso no es todo, esta luz tambi\u00e9n tiene una iluminaci\u00f3n frontal y s\u00f3lo puede doblarse verticalmente.<br \/>\nCon sus muchos estilos y tama\u00f1os, esta tira de luces led de ne\u00f3n es perfecta para crear un cartel de ne\u00f3n personalizado con muchas formas diferentes. Nuestro producto es f\u00e1cil de instalar y utilizar. Nuestras tiras de luces de ne\u00f3n son energ\u00e9ticamente eficientes y duran a\u00f1os con el cuidado adecuado.<\/p>\n","protected":false},"featured_media":1800,"comment_status":"open","ping_status":"closed","template":"","meta":[],"product_cat":[169],"product_tag":[],"class_list":["post-4234","product","type-product","status-publish","has-post-thumbnail","hentry","product_cat-tira-de-luces-led-de-neon"],"yoast_head":"<!-- This site is optimized with the Yoast SEO Premium plugin v21.0 (Yoast SEO v21.0) - https:\/\/yoast.com\/wordpress\/plugins\/seo\/ -->\n<title>IP68 impermeable RGB cambiante de color de ne\u00f3n tubo de luz de ne\u00f3n flexible tira de luz LED - Clfled<\/title>\n<meta name=\"robots\" content=\"index, follow, max-snippet:-1, max-image-preview:large, max-video-preview:-1\" \/>\n<link rel=\"canonical\" href=\"https:\/\/clfled.com\/es\/producto\/ip68-waterproof-rgb-changeable-milky-color-neon-tube-light-flexible-neon-led-strip-light\/\" \/>\n<meta property=\"og:locale\" content=\"es_ES\" \/>\n<meta property=\"og:type\" content=\"article\" \/>\n<meta property=\"og:title\" content=\"IP68 impermeable RGB cambiante de color de ne\u00f3n tubo de luz de ne\u00f3n flexible tira de luz LED\" \/>\n<meta property=\"og:description\" content=\"Presentamos nuestra nueva tira de luces LED de ne\u00f3n. Esta luz est\u00e1 fabricada con una nueva tecnolog\u00eda, el embalaje de relleno de cola de PU y el moldeo por extrusi\u00f3n. Tambi\u00e9n es antiamarillo y puede durar 5 a\u00f1os sin amarillear. Adem\u00e1s, tiene una resistencia al agua IP68, por lo que puedes meterlo incluso en el agua. Pero eso no es todo, esta luz tambi\u00e9n tiene una iluminaci\u00f3n frontal y s\u00f3lo puede doblarse verticalmente.  Con sus muchos estilos y tama\u00f1os, esta tira de luces led de ne\u00f3n es perfecta para crear un cartel de ne\u00f3n personalizado con muchas formas diferentes. Nuestro producto es f\u00e1cil de instalar y utilizar. Nuestras tiras de luces de ne\u00f3n son energ\u00e9ticamente eficientes y duran a\u00f1os con el cuidado adecuado.\" \/>\n<meta property=\"og:url\" content=\"https:\/\/clfled.com\/es\/producto\/ip68-waterproof-rgb-changeable-milky-color-neon-tube-light-flexible-neon-led-strip-light\/\" \/>\n<meta property=\"og:site_name\" content=\"Clfled\" \/>\n<meta property=\"article:modified_time\" content=\"2022-12-01T11:28:01+00:00\" \/>\n<meta property=\"og:image\" content=\"https:\/\/clfled.com\/wp-content\/uploads\/2022\/11\/Hbd9de85c02e14ba5a40e6d4012beb19fj.jpg\" \/>\n\t<meta property=\"og:image:width\" content=\"800\" \/>\n\t<meta property=\"og:image:height\" content=\"800\" \/>\n\t<meta property=\"og:image:type\" content=\"image\/jpeg\" \/>\n<meta name=\"twitter:card\" content=\"summary_large_image\" \/>\n<meta name=\"twitter:label1\" content=\"Tiempo de lectura\" \/>\n\t<meta name=\"twitter:data1\" content=\"2 minutos\" \/>\n<script type=\"application\/ld+json\" class=\"yoast-schema-graph\">{\"@context\":\"https:\/\/schema.org\",\"@graph\":[{\"@type\":\"WebPage\",\"@id\":\"https:\/\/clfled.com\/es\/producto\/ip68-waterproof-rgb-changeable-milky-color-neon-tube-light-flexible-neon-led-strip-light\/\",\"url\":\"https:\/\/clfled.com\/es\/producto\/ip68-waterproof-rgb-changeable-milky-color-neon-tube-light-flexible-neon-led-strip-light\/\",\"name\":\"IP68 impermeable RGB cambiante de color de ne\u00f3n tubo de luz de ne\u00f3n flexible tira de luz LED - Clfled\",\"isPartOf\":{\"@id\":\"https:\/\/clfled.com\/es\/#website\"},\"datePublished\":\"2022-11-05T06:03:57+00:00\",\"dateModified\":\"2022-12-01T11:28:01+00:00\",\"breadcrumb\":{\"@id\":\"https:\/\/clfled.com\/es\/producto\/ip68-waterproof-rgb-changeable-milky-color-neon-tube-light-flexible-neon-led-strip-light\/#breadcrumb\"},\"inLanguage\":\"es\",\"potentialAction\":[{\"@type\":\"ReadAction\",\"target\":[\"https:\/\/clfled.com\/es\/producto\/ip68-waterproof-rgb-changeable-milky-color-neon-tube-light-flexible-neon-led-strip-light\/\"]}]},{\"@type\":\"BreadcrumbList\",\"@id\":\"https:\/\/clfled.com\/es\/producto\/ip68-waterproof-rgb-changeable-milky-color-neon-tube-light-flexible-neon-led-strip-light\/#breadcrumb\",\"itemListElement\":[{\"@type\":\"ListItem\",\"position\":1,\"name\":\"HOME\",\"item\":\"https:\/\/clfled.com\/es\/\"},{\"@type\":\"ListItem\",\"position\":2,\"name\":\"Tienda\",\"item\":\"https:\/\/clfled.com\/es\/tienda\/\"},{\"@type\":\"ListItem\",\"position\":3,\"name\":\"IP68 impermeable RGB cambiante de color de ne\u00f3n tubo de luz de ne\u00f3n flexible tira de luz LED\"}]},{\"@type\":\"WebSite\",\"@id\":\"https:\/\/clfled.com\/es\/#website\",\"url\":\"https:\/\/clfled.com\/es\/\",\"name\":\"Clfled\",\"description\":\"clfled.com\",\"potentialAction\":[{\"@type\":\"SearchAction\",\"target\":{\"@type\":\"EntryPoint\",\"urlTemplate\":\"https:\/\/clfled.com\/es\/?s={search_term_string}\"},\"query-input\":\"required name=search_term_string\"}],\"inLanguage\":\"es\"}]}<\/script>\n<!-- \/ Yoast SEO Premium plugin. -->","yoast_head_json":{"title":"IP68 impermeable RGB cambiante de color de ne\u00f3n tubo de luz de ne\u00f3n flexible tira de luz LED - Clfled","robots":{"index":"index","follow":"follow","max-snippet":"max-snippet:-1","max-image-preview":"max-image-preview:large","max-video-preview":"max-video-preview:-1"},"canonical":"https:\/\/clfled.com\/es\/producto\/ip68-waterproof-rgb-changeable-milky-color-neon-tube-light-flexible-neon-led-strip-light\/","og_locale":"es_ES","og_type":"article","og_title":"IP68 impermeable RGB cambiante de color de ne\u00f3n tubo de luz de ne\u00f3n flexible tira de luz LED","og_description":"Presentamos nuestra nueva tira de luces LED de ne\u00f3n. Esta luz est\u00e1 fabricada con una nueva tecnolog\u00eda, el embalaje de relleno de cola de PU y el moldeo por extrusi\u00f3n. Tambi\u00e9n es antiamarillo y puede durar 5 a\u00f1os sin amarillear. Adem\u00e1s, tiene una resistencia al agua IP68, por lo que puedes meterlo incluso en el agua. Pero eso no es todo, esta luz tambi\u00e9n tiene una iluminaci\u00f3n frontal y s\u00f3lo puede doblarse verticalmente.  Con sus muchos estilos y tama\u00f1os, esta tira de luces led de ne\u00f3n es perfecta para crear un cartel de ne\u00f3n personalizado con muchas formas diferentes. Nuestro producto es f\u00e1cil de instalar y utilizar. Nuestras tiras de luces de ne\u00f3n son energ\u00e9ticamente eficientes y duran a\u00f1os con el cuidado adecuado.","og_url":"https:\/\/clfled.com\/es\/producto\/ip68-waterproof-rgb-changeable-milky-color-neon-tube-light-flexible-neon-led-strip-light\/","og_site_name":"Clfled","article_modified_time":"2022-12-01T11:28:01+00:00","og_image":[{"width":800,"height":800,"url":"https:\/\/clfled.com\/wp-content\/uploads\/2022\/11\/Hbd9de85c02e14ba5a40e6d4012beb19fj.jpg","type":"image\/jpeg"}],"twitter_card":"summary_large_image","twitter_misc":{"Tiempo de lectura":"2 minutos"},"schema":{"@context":"https:\/\/schema.org","@graph":[{"@type":"WebPage","@id":"https:\/\/clfled.com\/es\/producto\/ip68-waterproof-rgb-changeable-milky-color-neon-tube-light-flexible-neon-led-strip-light\/","url":"https:\/\/clfled.com\/es\/producto\/ip68-waterproof-rgb-changeable-milky-color-neon-tube-light-flexible-neon-led-strip-light\/","name":"IP68 impermeable RGB cambiante de color de ne\u00f3n tubo de luz de ne\u00f3n flexible tira de luz LED - Clfled","isPartOf":{"@id":"https:\/\/clfled.com\/es\/#website"},"datePublished":"2022-11-05T06:03:57+00:00","dateModified":"2022-12-01T11:28:01+00:00","breadcrumb":{"@id":"https:\/\/clfled.com\/es\/producto\/ip68-waterproof-rgb-changeable-milky-color-neon-tube-light-flexible-neon-led-strip-light\/#breadcrumb"},"inLanguage":"es","potentialAction":[{"@type":"ReadAction","target":["https:\/\/clfled.com\/es\/producto\/ip68-waterproof-rgb-changeable-milky-color-neon-tube-light-flexible-neon-led-strip-light\/"]}]},{"@type":"BreadcrumbList","@id":"https:\/\/clfled.com\/es\/producto\/ip68-waterproof-rgb-changeable-milky-color-neon-tube-light-flexible-neon-led-strip-light\/#breadcrumb","itemListElement":[{"@type":"ListItem","position":1,"name":"HOME","item":"https:\/\/clfled.com\/es\/"},{"@type":"ListItem","position":2,"name":"Tienda","item":"https:\/\/clfled.com\/es\/tienda\/"},{"@type":"ListItem","position":3,"name":"IP68 impermeable RGB cambiante de color de ne\u00f3n tubo de luz de ne\u00f3n flexible tira de luz LED"}]},{"@type":"WebSite","@id":"https:\/\/clfled.com\/es\/#website","url":"https:\/\/clfled.com\/es\/","name":"Clfled","description":"clfled.com","potentialAction":[{"@type":"SearchAction","target":{"@type":"EntryPoint","urlTemplate":"https:\/\/clfled.com\/es\/?s={search_term_string}"},"query-input":"required name=search_term_string"}],"inLanguage":"es"}]}},"_links":{"self":[{"href":"https:\/\/clfled.com\/es\/wp-json\/wp\/v2\/product\/4234","targetHints":{"allow":["GET"]}}],"collection":[{"href":"https:\/\/clfled.com\/es\/wp-json\/wp\/v2\/product"}],"about":[{"href":"https:\/\/clfled.com\/es\/wp-json\/wp\/v2\/types\/product"}],"replies":[{"embeddable":true,"href":"https:\/\/clfled.com\/es\/wp-json\/wp\/v2\/comments?post=4234"}],"version-history":[{"count":2,"href":"https:\/\/clfled.com\/es\/wp-json\/wp\/v2\/product\/4234\/revisions"}],"predecessor-version":[{"id":4798,"href":"https:\/\/clfled.com\/es\/wp-json\/wp\/v2\/product\/4234\/revisions\/4798"}],"wp:featuredmedia":[{"embeddable":true,"href":"https:\/\/clfled.com\/es\/wp-json\/wp\/v2\/media\/1800"}],"wp:attachment":[{"href":"https:\/\/clfled.com\/es\/wp-json\/wp\/v2\/media?parent=4234"}],"wp:term":[{"taxonomy":"product_cat","embeddable":true,"href":"https:\/\/clfled.com\/es\/wp-json\/wp\/v2\/product_cat?post=4234"},{"taxonomy":"product_tag","embeddable":true,"href":"https:\/\/clfled.com\/es\/wp-json\/wp\/v2\/product_tag?post=4234"}],"curies":[{"name":"wp","href":"https:\/\/api.w.org\/{rel}","templated":true}]}}