{"id":4087,"date":"2022-11-17T15:57:16","date_gmt":"2022-11-17T07:57:16","guid":{"rendered":"https:\/\/clfled.com\/products\/sfx-360-photo-booth-maquina-de-camara-giratoria-de-360-grados\/"},"modified":"2022-11-17T15:57:16","modified_gmt":"2022-11-17T07:57:16","slug":"sfx-360-photo-booth-360-degree-spin-camera-booth-machine-2","status":"publish","type":"product","link":"https:\/\/clfled.com\/es\/producto\/sfx-360-photo-booth-360-degree-spin-camera-booth-machine-2\/","title":{"rendered":"SFX 360-Photo Booth M\u00e1quina de c\u00e1mara giratoria de 360 grados"},"content":{"rendered":"<h1 class=\"product-meta__title heading h1\">SFX 360-Photo Booth M\u00e1quina de c\u00e1mara giratoria de 360 grados<\/h1>\n<ul>\n<li><span style=\"vertical-align: inherit\">Plataforma giratoria de la cabina de la c\u00e1mara de c\u00e1mara lenta con nano luz 3D de cubierta suave, suave al tacto, no es f\u00e1cil de da\u00f1ar, y larga vida \u00fatil.<\/span><\/li>\n<li>Disparo de rotaci\u00f3n de 360 grados y rotaci\u00f3n de ida y vuelta, la velocidad de rotaci\u00f3n puede ser controlada, control remoto, f\u00e1cil de usar.<\/li>\n<li>La m\u00e1quina giratoria de 360 fotos viene con luz de relleno LED, para darle suficiente iluminaci\u00f3n para la c\u00e1mara de v\u00eddeo y fotos de alta calidad.<\/li>\n<li>La cabina de v\u00eddeo 360 tiene una capacidad de carga de 220 kilogramos. Se trata de cabinas fotogr\u00e1ficas de 360 para que entre 5 y 8 personas se suban a la plataforma para disfrutar de la experiencia.<\/li>\n<li>Actualizaci\u00f3n del brazo, el soporte de la luz de relleno se puede personalizar la altura y el \u00e1ngulo de encargo viene con un soporte de la tableta o el tel\u00e9fono, es compatible con casi todos los equipos fotogr\u00e1ficos principales utilizados en la fotograf\u00eda moderna.<\/li>\n<li>Usted puede utilizar 360 cabina de v\u00eddeo en estos eventos tambi\u00e9n: Bodas, Fiestas, Clubes, Conciertos, Negocios, Eventos Corporativos.<\/li>\n<li>Despu\u00e9s de su pedido, si necesita un logotipo personalizado, por favor env\u00ede su archivo de logotipo al correo \uff1amia@mokasfx.com, o agregue el n\u00famero de whatsapp : +8618122048800, p\u00f3ngase en contacto con Mia, ella cumplir\u00e1 con su servicio personalizado de acuerdo a sus necesidades, no importa la cabina o el flycase.<\/li>\n<\/ul>\n<p><img fetchpriority=\"high\" decoding=\"async\" class=\"\" src=\"https:\/\/cdn.shopify.com\/s\/files\/1\/0074\/5399\/9204\/files\/lALPF564Mf__eavNBADNBAA_1024_1024_480x480.jpg?v=1662519221\" alt=\"\" width=\"750\" height=\"750\"><\/p>\n<p><img decoding=\"async\" class=\"\" src=\"https:\/\/cdn.shopify.com\/s\/files\/1\/0074\/5399\/9204\/products\/360-Photobooth-Rental-Spinning-Portable-Selfie-Platform-Camera-Booth-68cm.jpg_Q90.jpg_325fb075-23cf-4f25-9d3e-4c6b855b2b44_1000x.webp?v=1650875021\" width=\"750\" height=\"750\"><\/p>\n<p><img decoding=\"async\" class=\"alignleft\" style=\"margin-left: auto;margin-right: auto\" src=\"https:\/\/ae01.alicdn.com\/kf\/S953bd60a14e6414289aea6abdefe26e62.jpg\" width=\"750\" height=\"574\"><\/p>\n<p><img loading=\"lazy\" decoding=\"async\" class=\"alignleft\" style=\"margin-left: auto;margin-right: auto\" src=\"https:\/\/ae01.alicdn.com\/kf\/S5917abb8325446e18653244d6ae96ba3F.jpg\" width=\"750\" height=\"2277\"><\/p>\n<p><img loading=\"lazy\" decoding=\"async\" class=\"alignleft\" style=\"margin-left: auto;margin-right: auto\" src=\"https:\/\/ae01.alicdn.com\/kf\/S765c6634a0f14cec93f434c1b5b2d6f9a.jpg\" width=\"751\" height=\"348\"><\/p>\n","protected":false},"excerpt":{"rendered":"<p>SFX 360-Photo Booth M\u00e1quina de c\u00e1mara giratoria de 360 grados Plataforma giratoria de la cabina de la c\u00e1mara de c\u00e1mara<\/p>\n","protected":false},"featured_media":3362,"comment_status":"open","ping_status":"closed","template":"","meta":[],"product_cat":[156],"product_tag":[],"class_list":["post-4087","product","type-product","status-publish","has-post-thumbnail","hentry","product_cat-tubo-de-bateria-de-leds-inalambrico"],"yoast_head":"<!-- This site is optimized with the Yoast SEO Premium plugin v21.0 (Yoast SEO v21.0) - https:\/\/yoast.com\/wordpress\/plugins\/seo\/ -->\n<title>SFX 360-Photo Booth M\u00e1quina de c\u00e1mara giratoria de 360 grados - Clfled<\/title>\n<meta name=\"robots\" content=\"index, follow, max-snippet:-1, max-image-preview:large, max-video-preview:-1\" \/>\n<link rel=\"canonical\" href=\"https:\/\/clfled.com\/es\/producto\/sfx-360-photo-booth-360-degree-spin-camera-booth-machine-2\/\" \/>\n<meta property=\"og:locale\" content=\"es_ES\" \/>\n<meta property=\"og:type\" content=\"article\" \/>\n<meta property=\"og:title\" content=\"SFX 360-Photo Booth M\u00e1quina de c\u00e1mara giratoria de 360 grados\" \/>\n<meta property=\"og:description\" content=\"SFX 360-Photo Booth M\u00e1quina de c\u00e1mara giratoria de 360 grados Plataforma giratoria de la cabina de la c\u00e1mara de c\u00e1mara\" \/>\n<meta property=\"og:url\" content=\"https:\/\/clfled.com\/es\/producto\/sfx-360-photo-booth-360-degree-spin-camera-booth-machine-2\/\" \/>\n<meta property=\"og:site_name\" content=\"Clfled\" \/>\n<meta property=\"og:image\" content=\"https:\/\/clfled.com\/wp-content\/uploads\/2022\/11\/1111.webp\" \/>\n\t<meta property=\"og:image:width\" content=\"800\" \/>\n\t<meta property=\"og:image:height\" content=\"800\" \/>\n\t<meta property=\"og:image:type\" content=\"image\/webp\" \/>\n<meta name=\"twitter:card\" content=\"summary_large_image\" \/>\n<meta name=\"twitter:label1\" content=\"Tiempo de lectura\" \/>\n\t<meta name=\"twitter:data1\" content=\"1 minuto\" \/>\n<script type=\"application\/ld+json\" class=\"yoast-schema-graph\">{\"@context\":\"https:\/\/schema.org\",\"@graph\":[{\"@type\":\"WebPage\",\"@id\":\"https:\/\/clfled.com\/es\/producto\/sfx-360-photo-booth-360-degree-spin-camera-booth-machine-2\/\",\"url\":\"https:\/\/clfled.com\/es\/producto\/sfx-360-photo-booth-360-degree-spin-camera-booth-machine-2\/\",\"name\":\"SFX 360-Photo Booth M\u00e1quina de c\u00e1mara giratoria de 360 grados - Clfled\",\"isPartOf\":{\"@id\":\"https:\/\/clfled.com\/es\/#website\"},\"datePublished\":\"2022-11-17T07:57:16+00:00\",\"dateModified\":\"2022-11-17T07:57:16+00:00\",\"breadcrumb\":{\"@id\":\"https:\/\/clfled.com\/es\/producto\/sfx-360-photo-booth-360-degree-spin-camera-booth-machine-2\/#breadcrumb\"},\"inLanguage\":\"es\",\"potentialAction\":[{\"@type\":\"ReadAction\",\"target\":[\"https:\/\/clfled.com\/es\/producto\/sfx-360-photo-booth-360-degree-spin-camera-booth-machine-2\/\"]}]},{\"@type\":\"BreadcrumbList\",\"@id\":\"https:\/\/clfled.com\/es\/producto\/sfx-360-photo-booth-360-degree-spin-camera-booth-machine-2\/#breadcrumb\",\"itemListElement\":[{\"@type\":\"ListItem\",\"position\":1,\"name\":\"HOME\",\"item\":\"https:\/\/clfled.com\/es\/\"},{\"@type\":\"ListItem\",\"position\":2,\"name\":\"Tienda\",\"item\":\"https:\/\/clfled.com\/es\/tienda\/\"},{\"@type\":\"ListItem\",\"position\":3,\"name\":\"SFX 360-Photo Booth M\u00e1quina de c\u00e1mara giratoria de 360 grados\"}]},{\"@type\":\"WebSite\",\"@id\":\"https:\/\/clfled.com\/es\/#website\",\"url\":\"https:\/\/clfled.com\/es\/\",\"name\":\"Clfled\",\"description\":\"clfled.com\",\"potentialAction\":[{\"@type\":\"SearchAction\",\"target\":{\"@type\":\"EntryPoint\",\"urlTemplate\":\"https:\/\/clfled.com\/es\/?s={search_term_string}\"},\"query-input\":\"required name=search_term_string\"}],\"inLanguage\":\"es\"}]}<\/script>\n<!-- \/ Yoast SEO Premium plugin. -->","yoast_head_json":{"title":"SFX 360-Photo Booth M\u00e1quina de c\u00e1mara giratoria de 360 grados - Clfled","robots":{"index":"index","follow":"follow","max-snippet":"max-snippet:-1","max-image-preview":"max-image-preview:large","max-video-preview":"max-video-preview:-1"},"canonical":"https:\/\/clfled.com\/es\/producto\/sfx-360-photo-booth-360-degree-spin-camera-booth-machine-2\/","og_locale":"es_ES","og_type":"article","og_title":"SFX 360-Photo Booth M\u00e1quina de c\u00e1mara giratoria de 360 grados","og_description":"SFX 360-Photo Booth M\u00e1quina de c\u00e1mara giratoria de 360 grados Plataforma giratoria de la cabina de la c\u00e1mara de c\u00e1mara","og_url":"https:\/\/clfled.com\/es\/producto\/sfx-360-photo-booth-360-degree-spin-camera-booth-machine-2\/","og_site_name":"Clfled","og_image":[{"width":800,"height":800,"url":"https:\/\/clfled.com\/wp-content\/uploads\/2022\/11\/1111.webp","type":"image\/webp"}],"twitter_card":"summary_large_image","twitter_misc":{"Tiempo de lectura":"1 minuto"},"schema":{"@context":"https:\/\/schema.org","@graph":[{"@type":"WebPage","@id":"https:\/\/clfled.com\/es\/producto\/sfx-360-photo-booth-360-degree-spin-camera-booth-machine-2\/","url":"https:\/\/clfled.com\/es\/producto\/sfx-360-photo-booth-360-degree-spin-camera-booth-machine-2\/","name":"SFX 360-Photo Booth M\u00e1quina de c\u00e1mara giratoria de 360 grados - Clfled","isPartOf":{"@id":"https:\/\/clfled.com\/es\/#website"},"datePublished":"2022-11-17T07:57:16+00:00","dateModified":"2022-11-17T07:57:16+00:00","breadcrumb":{"@id":"https:\/\/clfled.com\/es\/producto\/sfx-360-photo-booth-360-degree-spin-camera-booth-machine-2\/#breadcrumb"},"inLanguage":"es","potentialAction":[{"@type":"ReadAction","target":["https:\/\/clfled.com\/es\/producto\/sfx-360-photo-booth-360-degree-spin-camera-booth-machine-2\/"]}]},{"@type":"BreadcrumbList","@id":"https:\/\/clfled.com\/es\/producto\/sfx-360-photo-booth-360-degree-spin-camera-booth-machine-2\/#breadcrumb","itemListElement":[{"@type":"ListItem","position":1,"name":"HOME","item":"https:\/\/clfled.com\/es\/"},{"@type":"ListItem","position":2,"name":"Tienda","item":"https:\/\/clfled.com\/es\/tienda\/"},{"@type":"ListItem","position":3,"name":"SFX 360-Photo Booth M\u00e1quina de c\u00e1mara giratoria de 360 grados"}]},{"@type":"WebSite","@id":"https:\/\/clfled.com\/es\/#website","url":"https:\/\/clfled.com\/es\/","name":"Clfled","description":"clfled.com","potentialAction":[{"@type":"SearchAction","target":{"@type":"EntryPoint","urlTemplate":"https:\/\/clfled.com\/es\/?s={search_term_string}"},"query-input":"required name=search_term_string"}],"inLanguage":"es"}]}},"_links":{"self":[{"href":"https:\/\/clfled.com\/es\/wp-json\/wp\/v2\/product\/4087","targetHints":{"allow":["GET"]}}],"collection":[{"href":"https:\/\/clfled.com\/es\/wp-json\/wp\/v2\/product"}],"about":[{"href":"https:\/\/clfled.com\/es\/wp-json\/wp\/v2\/types\/product"}],"replies":[{"embeddable":true,"href":"https:\/\/clfled.com\/es\/wp-json\/wp\/v2\/comments?post=4087"}],"version-history":[{"count":0,"href":"https:\/\/clfled.com\/es\/wp-json\/wp\/v2\/product\/4087\/revisions"}],"wp:featuredmedia":[{"embeddable":true,"href":"https:\/\/clfled.com\/es\/wp-json\/wp\/v2\/media\/3362"}],"wp:attachment":[{"href":"https:\/\/clfled.com\/es\/wp-json\/wp\/v2\/media?parent=4087"}],"wp:term":[{"taxonomy":"product_cat","embeddable":true,"href":"https:\/\/clfled.com\/es\/wp-json\/wp\/v2\/product_cat?post=4087"},{"taxonomy":"product_tag","embeddable":true,"href":"https:\/\/clfled.com\/es\/wp-json\/wp\/v2\/product_tag?post=4087"}],"curies":[{"name":"wp","href":"https:\/\/api.w.org\/{rel}","templated":true}]}}