{"id":4045,"date":"2022-11-17T12:00:42","date_gmt":"2022-11-17T04:00:42","guid":{"rendered":"https:\/\/clfled.com\/products\/tubo-de-pixeles-led-con-emision-de-luz-de-360-grados\/"},"modified":"2022-12-27T08:54:39","modified_gmt":"2022-12-27T00:54:39","slug":"tubo-pixel-led-360-grados-emisor-de-luz","status":"publish","type":"product","link":"https:\/\/clfled.com\/es\/producto\/tubo-pixel-led-360-grados-emisor-de-luz\/","title":{"rendered":"Tubo de p\u00edxeles LED con emisi\u00f3n de luz de 360 grados"},"content":{"rendered":"<p><em><strong>Descripci\u00f3n<\/strong><\/em><\/p>\n<ul>\n<li>Emisi\u00f3n de luz de 360 grados, emisi\u00f3n de luz uniforme<\/li>\n<li>alto \u00edndice de reproducci\u00f3n crom\u00e1tica, larga duraci\u00f3n de la bater\u00eda<\/li>\n<li>Colores brillantes y saturados<\/li>\n<li>Carcasa de aleaci\u00f3n de aluminio, cuerpo firme, estructura compacta, excelente disipaci\u00f3n del calor, equipado con c\u00e1ncamo y base plegable, y f\u00e1cil instalaci\u00f3n<\/li>\n<li>La temperatura de color de 1750K-10000K (la unidad es de 250K) se puede ajustar<\/li>\n<li>32 p\u00edxeles, que se pueden controlar individualmente<\/li>\n<li>Pantalla t\u00e1ctil OLED, f\u00e1cil de manejar<\/li>\n<li>Soporta DMX inal\u00e1mbrico (compatible con el inal\u00e1mbrico sueco), APP m\u00f3vil, control remoto<\/li>\n<li>Control de una l\u00e1mpara, control combinado maestro-esclavo de varias l\u00e1mparas, control remoto, control de consola, control de APP, etc.<\/li>\n<li><img fetchpriority=\"high\" decoding=\"async\" class=\"alignnone wp-image-1079\" src=\"https:\/\/clfled.com\/wp-content\/uploads\/2022\/11\/333-300x225.webp\" alt=\"\" width=\"751\" height=\"563\" srcset=\"https:\/\/clfled.com\/wp-content\/uploads\/2022\/11\/333-300x225.webp 300w, https:\/\/clfled.com\/wp-content\/uploads\/2022\/11\/333-150x113.webp 150w, https:\/\/clfled.com\/wp-content\/uploads\/2022\/11\/333.webp 480w\" sizes=\"(max-width: 751px) 100vw, 751px\" \/><\/li>\n<li><img decoding=\"async\" class=\"alignnone wp-image-1077\" src=\"https:\/\/clfled.com\/wp-content\/uploads\/2022\/11\/111-300x225.webp\" alt=\"\" width=\"751\" height=\"563\" srcset=\"https:\/\/clfled.com\/wp-content\/uploads\/2022\/11\/111-300x225.webp 300w, https:\/\/clfled.com\/wp-content\/uploads\/2022\/11\/111-150x113.webp 150w, https:\/\/clfled.com\/wp-content\/uploads\/2022\/11\/111.webp 480w\" sizes=\"(max-width: 751px) 100vw, 751px\" \/><\/li>\n<li><img decoding=\"async\" class=\"alignnone wp-image-1078\" src=\"https:\/\/clfled.com\/wp-content\/uploads\/2022\/11\/222-300x225.webp\" alt=\"\" width=\"751\" height=\"563\" srcset=\"https:\/\/clfled.com\/wp-content\/uploads\/2022\/11\/222-300x225.webp 300w, https:\/\/clfled.com\/wp-content\/uploads\/2022\/11\/222-150x113.webp 150w, https:\/\/clfled.com\/wp-content\/uploads\/2022\/11\/222.webp 480w\" sizes=\"(max-width: 751px) 100vw, 751px\" \/><\/li>\n<li><img loading=\"lazy\" decoding=\"async\" class=\"alignnone wp-image-1080\" src=\"https:\/\/clfled.com\/wp-content\/uploads\/2022\/11\/444-300x225.webp\" alt=\"\" width=\"751\" height=\"563\" srcset=\"https:\/\/clfled.com\/wp-content\/uploads\/2022\/11\/444-300x225.webp 300w, https:\/\/clfled.com\/wp-content\/uploads\/2022\/11\/444-150x113.webp 150w, https:\/\/clfled.com\/wp-content\/uploads\/2022\/11\/444.webp 480w\" sizes=\"(max-width: 751px) 100vw, 751px\" \/><\/li>\n<li><img loading=\"lazy\" decoding=\"async\" class=\"alignnone wp-image-1081\" src=\"https:\/\/clfled.com\/wp-content\/uploads\/2022\/11\/555-300x225.webp\" alt=\"\" width=\"751\" height=\"563\" srcset=\"https:\/\/clfled.com\/wp-content\/uploads\/2022\/11\/555-300x225.webp 300w, https:\/\/clfled.com\/wp-content\/uploads\/2022\/11\/555-150x113.webp 150w, https:\/\/clfled.com\/wp-content\/uploads\/2022\/11\/555.webp 480w\" sizes=\"(max-width: 751px) 100vw, 751px\" \/><\/li>\n<li><img loading=\"lazy\" decoding=\"async\" class=\"alignnone wp-image-1082\" src=\"https:\/\/clfled.com\/wp-content\/uploads\/2022\/11\/666-300x135.webp\" alt=\"\" width=\"751\" height=\"338\" srcset=\"https:\/\/clfled.com\/wp-content\/uploads\/2022\/11\/666-300x135.webp 300w, https:\/\/clfled.com\/wp-content\/uploads\/2022\/11\/666-150x68.webp 150w, https:\/\/clfled.com\/wp-content\/uploads\/2022\/11\/666.webp 480w\" sizes=\"(max-width: 751px) 100vw, 751px\" \/><\/li>\n<\/ul>\n","protected":false},"excerpt":{"rendered":"<p>Descripci\u00f3n Emisi\u00f3n de luz de 360 grados, emisi\u00f3n de luz uniforme alto \u00edndice de reproducci\u00f3n crom\u00e1tica, larga duraci\u00f3n de la<\/p>\n","protected":false},"featured_media":3272,"comment_status":"open","ping_status":"closed","template":"","meta":[],"product_cat":[156],"product_tag":[],"class_list":["post-4045","product","type-product","status-publish","has-post-thumbnail","hentry","product_cat-tubo-de-bateria-de-leds-inalambrico"],"yoast_head":"<!-- This site is optimized with the Yoast SEO Premium plugin v21.0 (Yoast SEO v21.0) - https:\/\/yoast.com\/wordpress\/plugins\/seo\/ -->\n<title>Tubo de p\u00edxeles LED con emisi\u00f3n de luz de 360 grados - Clfled<\/title>\n<meta name=\"robots\" content=\"index, follow, max-snippet:-1, max-image-preview:large, max-video-preview:-1\" \/>\n<link rel=\"canonical\" href=\"https:\/\/clfled.com\/es\/producto\/tubo-pixel-led-360-grados-emisor-de-luz\/\" \/>\n<meta property=\"og:locale\" content=\"es_ES\" \/>\n<meta property=\"og:type\" content=\"article\" \/>\n<meta property=\"og:title\" content=\"Tubo de p\u00edxeles LED con emisi\u00f3n de luz de 360 grados\" \/>\n<meta property=\"og:description\" content=\"Descripci\u00f3n Emisi\u00f3n de luz de 360 grados, emisi\u00f3n de luz uniforme alto \u00edndice de reproducci\u00f3n crom\u00e1tica, larga duraci\u00f3n de la\" \/>\n<meta property=\"og:url\" content=\"https:\/\/clfled.com\/es\/producto\/tubo-pixel-led-360-grados-emisor-de-luz\/\" \/>\n<meta property=\"og:site_name\" content=\"Clfled\" \/>\n<meta property=\"article:modified_time\" content=\"2022-12-27T00:54:39+00:00\" \/>\n<meta property=\"og:image\" content=\"https:\/\/clfled.com\/wp-content\/uploads\/2022\/11\/11.webp\" \/>\n\t<meta property=\"og:image:width\" content=\"800\" \/>\n\t<meta property=\"og:image:height\" content=\"800\" \/>\n\t<meta property=\"og:image:type\" content=\"image\/webp\" \/>\n<meta name=\"twitter:card\" content=\"summary_large_image\" \/>\n<meta name=\"twitter:label1\" content=\"Tiempo de lectura\" \/>\n\t<meta name=\"twitter:data1\" content=\"1 minuto\" \/>\n<script type=\"application\/ld+json\" class=\"yoast-schema-graph\">{\"@context\":\"https:\/\/schema.org\",\"@graph\":[{\"@type\":\"WebPage\",\"@id\":\"https:\/\/clfled.com\/es\/producto\/tubo-pixel-led-360-grados-emisor-de-luz\/\",\"url\":\"https:\/\/clfled.com\/es\/producto\/tubo-pixel-led-360-grados-emisor-de-luz\/\",\"name\":\"Tubo de p\u00edxeles LED con emisi\u00f3n de luz de 360 grados - Clfled\",\"isPartOf\":{\"@id\":\"https:\/\/clfled.com\/es\/#website\"},\"datePublished\":\"2022-11-17T04:00:42+00:00\",\"dateModified\":\"2022-12-27T00:54:39+00:00\",\"breadcrumb\":{\"@id\":\"https:\/\/clfled.com\/es\/producto\/tubo-pixel-led-360-grados-emisor-de-luz\/#breadcrumb\"},\"inLanguage\":\"es\",\"potentialAction\":[{\"@type\":\"ReadAction\",\"target\":[\"https:\/\/clfled.com\/es\/producto\/tubo-pixel-led-360-grados-emisor-de-luz\/\"]}]},{\"@type\":\"BreadcrumbList\",\"@id\":\"https:\/\/clfled.com\/es\/producto\/tubo-pixel-led-360-grados-emisor-de-luz\/#breadcrumb\",\"itemListElement\":[{\"@type\":\"ListItem\",\"position\":1,\"name\":\"HOME\",\"item\":\"https:\/\/clfled.com\/es\/\"},{\"@type\":\"ListItem\",\"position\":2,\"name\":\"Tienda\",\"item\":\"https:\/\/clfled.com\/es\/tienda\/\"},{\"@type\":\"ListItem\",\"position\":3,\"name\":\"Tubo de p\u00edxeles LED con emisi\u00f3n de luz de 360 grados\"}]},{\"@type\":\"WebSite\",\"@id\":\"https:\/\/clfled.com\/es\/#website\",\"url\":\"https:\/\/clfled.com\/es\/\",\"name\":\"Clfled\",\"description\":\"clfled.com\",\"potentialAction\":[{\"@type\":\"SearchAction\",\"target\":{\"@type\":\"EntryPoint\",\"urlTemplate\":\"https:\/\/clfled.com\/es\/?s={search_term_string}\"},\"query-input\":\"required name=search_term_string\"}],\"inLanguage\":\"es\"}]}<\/script>\n<!-- \/ Yoast SEO Premium plugin. -->","yoast_head_json":{"title":"Tubo de p\u00edxeles LED con emisi\u00f3n de luz de 360 grados - Clfled","robots":{"index":"index","follow":"follow","max-snippet":"max-snippet:-1","max-image-preview":"max-image-preview:large","max-video-preview":"max-video-preview:-1"},"canonical":"https:\/\/clfled.com\/es\/producto\/tubo-pixel-led-360-grados-emisor-de-luz\/","og_locale":"es_ES","og_type":"article","og_title":"Tubo de p\u00edxeles LED con emisi\u00f3n de luz de 360 grados","og_description":"Descripci\u00f3n Emisi\u00f3n de luz de 360 grados, emisi\u00f3n de luz uniforme alto \u00edndice de reproducci\u00f3n crom\u00e1tica, larga duraci\u00f3n de la","og_url":"https:\/\/clfled.com\/es\/producto\/tubo-pixel-led-360-grados-emisor-de-luz\/","og_site_name":"Clfled","article_modified_time":"2022-12-27T00:54:39+00:00","og_image":[{"width":800,"height":800,"url":"https:\/\/clfled.com\/wp-content\/uploads\/2022\/11\/11.webp","type":"image\/webp"}],"twitter_card":"summary_large_image","twitter_misc":{"Tiempo de lectura":"1 minuto"},"schema":{"@context":"https:\/\/schema.org","@graph":[{"@type":"WebPage","@id":"https:\/\/clfled.com\/es\/producto\/tubo-pixel-led-360-grados-emisor-de-luz\/","url":"https:\/\/clfled.com\/es\/producto\/tubo-pixel-led-360-grados-emisor-de-luz\/","name":"Tubo de p\u00edxeles LED con emisi\u00f3n de luz de 360 grados - Clfled","isPartOf":{"@id":"https:\/\/clfled.com\/es\/#website"},"datePublished":"2022-11-17T04:00:42+00:00","dateModified":"2022-12-27T00:54:39+00:00","breadcrumb":{"@id":"https:\/\/clfled.com\/es\/producto\/tubo-pixel-led-360-grados-emisor-de-luz\/#breadcrumb"},"inLanguage":"es","potentialAction":[{"@type":"ReadAction","target":["https:\/\/clfled.com\/es\/producto\/tubo-pixel-led-360-grados-emisor-de-luz\/"]}]},{"@type":"BreadcrumbList","@id":"https:\/\/clfled.com\/es\/producto\/tubo-pixel-led-360-grados-emisor-de-luz\/#breadcrumb","itemListElement":[{"@type":"ListItem","position":1,"name":"HOME","item":"https:\/\/clfled.com\/es\/"},{"@type":"ListItem","position":2,"name":"Tienda","item":"https:\/\/clfled.com\/es\/tienda\/"},{"@type":"ListItem","position":3,"name":"Tubo de p\u00edxeles LED con emisi\u00f3n de luz de 360 grados"}]},{"@type":"WebSite","@id":"https:\/\/clfled.com\/es\/#website","url":"https:\/\/clfled.com\/es\/","name":"Clfled","description":"clfled.com","potentialAction":[{"@type":"SearchAction","target":{"@type":"EntryPoint","urlTemplate":"https:\/\/clfled.com\/es\/?s={search_term_string}"},"query-input":"required name=search_term_string"}],"inLanguage":"es"}]}},"_links":{"self":[{"href":"https:\/\/clfled.com\/es\/wp-json\/wp\/v2\/product\/4045","targetHints":{"allow":["GET"]}}],"collection":[{"href":"https:\/\/clfled.com\/es\/wp-json\/wp\/v2\/product"}],"about":[{"href":"https:\/\/clfled.com\/es\/wp-json\/wp\/v2\/types\/product"}],"replies":[{"embeddable":true,"href":"https:\/\/clfled.com\/es\/wp-json\/wp\/v2\/comments?post=4045"}],"version-history":[{"count":1,"href":"https:\/\/clfled.com\/es\/wp-json\/wp\/v2\/product\/4045\/revisions"}],"predecessor-version":[{"id":4111,"href":"https:\/\/clfled.com\/es\/wp-json\/wp\/v2\/product\/4045\/revisions\/4111"}],"wp:featuredmedia":[{"embeddable":true,"href":"https:\/\/clfled.com\/es\/wp-json\/wp\/v2\/media\/3272"}],"wp:attachment":[{"href":"https:\/\/clfled.com\/es\/wp-json\/wp\/v2\/media?parent=4045"}],"wp:term":[{"taxonomy":"product_cat","embeddable":true,"href":"https:\/\/clfled.com\/es\/wp-json\/wp\/v2\/product_cat?post=4045"},{"taxonomy":"product_tag","embeddable":true,"href":"https:\/\/clfled.com\/es\/wp-json\/wp\/v2\/product_tag?post=4045"}],"curies":[{"name":"wp","href":"https:\/\/api.w.org\/{rel}","templated":true}]}}