{"id":4043,"date":"2022-11-05T14:05:13","date_gmt":"2022-11-05T06:05:13","guid":{"rendered":"https:\/\/clfled.com\/products\/direccionable-2818-ic-breakpoint-continue-12v-flexible-ws2818-led-strip\/"},"modified":"2022-11-05T14:05:13","modified_gmt":"2022-11-05T06:05:13","slug":"addressable-2818-ic-breakpoint-continue-12v-flexible-ws2818-led-strip-2","status":"publish","type":"product","link":"https:\/\/clfled.com\/es\/producto\/addressable-2818-ic-breakpoint-continue-12v-flexible-ws2818-led-strip-2\/","title":{"rendered":"Direccionable 2818 IC Breakpoint Continue 12V Flexible WS2818 LED Strip"},"content":{"rendered":"<div id=\"ali-anchor-AliPostDhMb-3u40z\" style=\"padding-top: 8px\" data-section=\"AliPostDhMb-3u40z\" data-section-title=\"Product Description\">\n<div id=\"ali-title-AliPostDhMb-3u40z\" style=\"padding: 8px 0;border-bottom: 1px solid #ddd\"><span style=\"background-color: #ddd;color: #333;font-weight: bold;padding: 8px 10px;line-height: 12px\">Descripci\u00f3n del producto<\/span><\/div>\n<div style=\"padding: 10px 0\">\n<p><strong><span style=\"font-size: 32px\">Direccionable 2818 IC Breakpoint Continue 12V Flexible WS2818 LED Strip<\/span><\/strong><\/p>\n<p>&nbsp;<\/p>\n<p><img fetchpriority=\"high\" decoding=\"async\" src=\"\/\/sc01.alicdn.com\/kf\/HTB16nBtajnuK1RkSmFPq6AuzFXa3\/228612101\/HTB16nBtajnuK1RkSmFPq6AuzFXa3.jpg\" alt=\"Direccionable 2818 IC Breakpoint Continue 12V Flexible WS2818 LED Strip\" width=\"700\" height=\"700\"><\/p>\n<table style=\"font-size: 12px;font-style: normal;font-weight: normal;margin: 0px;padding: 0px;line-height: 18px;font-family: Arial, Helvetica;border-collapse: collapse;width: 698px;color: #333333;height: 393px;background-color: #ffffff\" border=\"1\">\n<tbody>\n<tr style=\"margin: 0px;padding: 0px;font-style: inherit;font-weight: inherit;font-size: 12px;line-height: inherit\">\n<td style=\"font-family: Verdana, Arial, Helvetica, sans-serif;font-size: 12px;color: #000000;margin: 0px;padding: 0px;font-style: inherit;font-weight: 400;line-height: inherit;float: none;width: 209px\">Nombre del producto<\/td>\n<td style=\"font-family: Verdana, Arial, Helvetica, sans-serif;font-size: 12px;color: #000000;margin: 0px;padding: 0px;font-style: inherit;font-weight: 400;line-height: inherit;float: none;width: 483px\">Tira de luz led flexible WS2818<\/td>\n<\/tr>\n<tr style=\"margin: 0px;padding: 0px;font-style: inherit;font-weight: inherit;font-size: 12px;line-height: inherit\">\n<td style=\"font-family: Verdana, Arial, Helvetica, sans-serif;font-size: 12px;color: #000000;margin: 0px;padding: 0px;font-style: inherit;font-weight: 400;line-height: inherit;float: none;width: 209px\">Color de emisi\u00f3n<\/td>\n<td style=\"font-family: Verdana, Arial, Helvetica, sans-serif;font-size: 12px;color: #000000;margin: 0px;padding: 0px;font-style: inherit;font-weight: 400;line-height: inherit;float: none;width: 483px\">Color m\u00e1gico direccionable RGB<\/td>\n<\/tr>\n<tr style=\"margin: 0px;padding: 0px;font-style: inherit;font-weight: inherit;font-size: 12px;line-height: inherit\">\n<td style=\"font-family: Verdana, Arial, Helvetica, sans-serif;font-size: 12px;color: #000000;margin: 0px;padding: 0px;font-style: inherit;font-weight: 400;line-height: inherit;float: none;width: 209px\">Cantidad de LEDs<\/td>\n<td style=\"font-family: Verdana, Arial, Helvetica, sans-serif;font-size: 12px;color: #000000;margin: 0px;padding: 0px;font-style: inherit;font-weight: 400;line-height: inherit;float: none;width: 483px\">  60 leds por metro<\/td>\n<\/tr>\n<tr style=\"margin: 0px;padding: 0px;font-style: inherit;font-weight: inherit;font-size: 12px;line-height: inherit\">\n<td style=\"font-family: Verdana, Arial, Helvetica, sans-serif;font-size: 12px;color: #000000;margin: 0px;padding: 0px;font-style: inherit;font-weight: 400;line-height: inherit;float: none;width: 209px\">Tensi\u00f3n de entrada<\/td>\n<td style=\"font-family: Verdana, Arial, Helvetica, sans-serif;font-size: 12px;color: #000000;margin: 0px;padding: 0px;font-style: inherit;font-weight: 400;line-height: inherit;float: none;width: 483px\">12V<\/td>\n<\/tr>\n<tr style=\"margin: 0px;padding: 0px;font-style: inherit;font-weight: inherit;font-size: 12px;line-height: inherit\">\n<td style=\"font-family: Verdana, Arial, Helvetica, sans-serif;font-size: 12px;color: #000000;margin: 0px;padding: 0px;font-style: inherit;font-weight: 400;line-height: inherit;float: none;width: 209px\">Potencia<\/td>\n<td style=\"font-family: Verdana, Arial, Helvetica, sans-serif;font-size: 12px;color: #000000;margin: 0px;padding: 0px;font-style: inherit;font-weight: 400;line-height: inherit;float: none;width: 483px\">  14,4W\/W para 60LED<\/td>\n<\/tr>\n<tr style=\"margin: 0px;padding: 0px;font-style: inherit;font-weight: inherit;font-size: 12px;line-height: inherit\">\n<td style=\"font-family: Verdana, Arial, Helvetica, sans-serif;font-size: 12px;color: #000000;margin: 0px;padding: 0px;font-style: inherit;font-weight: 400;line-height: inherit;float: none;width: 209px\">Anchura del FPCB<\/td>\n<td style=\"font-family: Verdana, Arial, Helvetica, sans-serif;font-size: 12px;color: #000000;margin: 0px;padding: 0px;font-style: inherit;font-weight: 400;line-height: inherit;float: none;width: 483px\">10mm<\/td>\n<\/tr>\n<tr style=\"margin: 0px;padding: 0px;font-style: inherit;font-weight: inherit;font-size: 12px;line-height: inherit\">\n<td style=\"font-family: Verdana, Arial, Helvetica, sans-serif;font-size: 12px;color: #000000;margin: 0px;padding: 0px;font-style: inherit;font-weight: 400;line-height: inherit;float: none;width: 209px\">\u00c1ngulo de visi\u00f3n<\/td>\n<td style=\"font-family: Verdana, Arial, Helvetica, sans-serif;font-size: 12px;color: #000000;margin: 0px;padding: 0px;font-style: inherit;font-weight: 400;line-height: inherit;float: none;width: 483px\">120 grados<\/td>\n<\/tr>\n<tr style=\"margin: 0px;padding: 0px;font-style: inherit;font-weight: inherit;font-size: 12px;line-height: inherit\">\n<td style=\"font-family: Verdana, Arial, Helvetica, sans-serif;font-size: 12px;color: #000000;margin: 0px;padding: 0px;font-style: inherit;font-weight: 400;line-height: inherit;float: none;width: 209px\">Color FPCB<\/td>\n<td style=\"font-family: Verdana, Arial, Helvetica, sans-serif;font-size: 12px;color: #000000;margin: 0px;padding: 0px;font-style: inherit;font-weight: 400;line-height: inherit;float: none;width: 483px\">Blanco o negro<\/td>\n<\/tr>\n<tr style=\"margin: 0px;padding: 0px;font-style: inherit;font-weight: inherit;font-size: 12px;line-height: inherit\">\n<td style=\"font-family: Verdana, Arial, Helvetica, sans-serif;font-size: 12px;color: #000000;margin: 0px;padding: 0px;font-style: inherit;font-weight: 400;line-height: inherit;float: none;width: 209px\">Clasificaci\u00f3n IP<\/td>\n<td style=\"font-family: Verdana, Arial, Helvetica, sans-serif;font-size: 12px;color: #000000;margin: 0px;padding: 0px;font-style: inherit;font-weight: 400;line-height: inherit;float: none;width: 483px\">IP20\/IP65\/IP67\/IP68<\/td>\n<\/tr>\n<tr style=\"margin: 0px;padding: 0px;font-style: inherit;font-weight: inherit;font-size: 12px;line-height: inherit\">\n<td style=\"font-family: Verdana, Arial, Helvetica, sans-serif;font-size: 12px;color: #000000;margin: 0px;padding: 0px;font-style: inherit;font-weight: 400;line-height: inherit;float: none;width: 209px\">Garant\u00eda<\/td>\n<td style=\"font-family: Verdana, Arial, Helvetica, sans-serif;font-size: 12px;color: #000000;margin: 0px;padding: 0px;font-style: inherit;font-weight: 400;line-height: inherit;float: none;width: 483px\">2 a\u00f1os<\/td>\n<\/tr>\n<tr style=\"margin: 0px;padding: 0px;font-style: inherit;font-weight: inherit;font-size: 12px;line-height: inherit\">\n<td style=\"font-family: Verdana, Arial, Helvetica, sans-serif;font-size: 12px;color: #000000;margin: 0px;padding: 0px;font-style: inherit;font-weight: 400;line-height: inherit;float: none;width: 209px\">Embalaje<\/td>\n<td style=\"font-family: Verdana, Arial, Helvetica, sans-serif;font-size: 12px;color: #000000;margin: 0px;padding: 0px;font-style: inherit;font-weight: 400;line-height: inherit;float: none;width: 483px\">5 metros por rollo. (se puede personalizar la longitud)<\/td>\n<\/tr>\n<\/tbody>\n<\/table>\n<p><span style=\"color: #666666;font-family: Helvetica,Arial,sans-serif;font-size: 15px;font-style: normal;font-weight: 400;background-color: #ffffff;float: none\">1,tira de led programable ws2818,12v 60led\/m,14.4w\/m.<\/span><br \/>\n<span style=\"color: #666666;font-family: Helvetica,Arial,sans-serif;font-size: 15px;font-style: normal;font-weight: 400;background-color: #ffffff;float: none\">2. Tubo regulador de tensi\u00f3n de 12V incorporado, s\u00f3lo a\u00f1ade una resistencia al pin VDD del IC cuando la tensi\u00f3n es inferior a 12V.<\/span><br \/>\n<span style=\"color: #666666;font-family: Helvetica,Arial,sans-serif;font-size: 15px;font-style: normal;font-weight: 400;background-color: #ffffff;float: none\">3. Adopta el circuito de remodelaci\u00f3n de la se\u00f1al incorporado para lograr la conformaci\u00f3n de la forma de onda de la se\u00f1al, por lo que no se produce ninguna distorsi\u00f3n de la forma de onda de la se\u00f1al.<\/span><br \/>\n<span style=\"color: #666666;font-family: Helvetica,Arial,sans-serif;font-size: 15px;font-style: normal;font-weight: 400;background-color: #ffffff;float: none\">4. Los niveles de gris de cada p\u00edxel son de 256 niveles, y la frecuencia de actualizaci\u00f3n alcanza los 2KHz\/s.<\/span><br \/>\n<span style=\"color: #666666;font-family: Helvetica,Arial,sans-serif;font-size: 15px;font-style: normal;font-weight: 400;background-color: #ffffff;float: none\">5. <\/span><strong>5. Transmisi\u00f3n continua del punto de interrupci\u00f3n de la se\u00f1al, cualquier fallo de los p\u00edxeles no afectar\u00e1 a todo el efecto de la pantalla.<\/strong><\/p>\n<\/div>\n<\/div>\n<div id=\"ali-anchor-AliPostDhMb-623uc\" style=\"padding-top: 8px\" data-section=\"AliPostDhMb-623uc\" data-section-title=\"Related Products\">\n<div id=\"ali-title-AliPostDhMb-623uc\" style=\"padding: 8px 0;border-bottom: 1px solid #ddd\"><span style=\"background-color: #ddd;color: #333;font-weight: bold;padding: 8px 10px;line-height: 12px\">Productos relacionados<\/span><\/div>\n<div style=\"padding: 10px 0\">\n<p> <span style=\"font-size: 32px\">Tira de luz LED WS2815<\/span><\/p>\n<p><img decoding=\"async\" src=\"\/\/sc02.alicdn.com\/kf\/HTB19YHhXXzsK1Rjy1Xbq6xOaFXaw\/228612101\/HTB19YHhXXzsK1Rjy1Xbq6xOaFXaw.jpg\" alt=\"Direccionable 2818 IC Breakpoint Continue 12V Flexible WS2818 LED Strip\" width=\"700\" height=\"700\"><br \/>\n<img decoding=\"async\" src=\"\/\/sc01.alicdn.com\/kf\/HTB1tSVKhXzqK1RjSZFvq6AB7VXaZ\/228612101\/HTB1tSVKhXzqK1RjSZFvq6AB7VXaZ.jpg\" alt=\"Direccionable 2818 IC Breakpoint Continue 12V Flexible WS2818 LED Strip\" width=\"699\" height=\"617\"><\/p>\n<\/div>\n<\/div>\n<div id=\"ali-anchor-AliPostDhMb-q79q7\" style=\"padding-top: 8px\" data-section=\"AliPostDhMb-q79q7\" data-section-title=\"Certifications\">\n<div id=\"ali-title-AliPostDhMb-q79q7\" style=\"padding: 8px 0;border-bottom: 1px solid #ddd\"><span style=\"background-color: #ddd;color: #333;font-weight: bold;padding: 8px 10px;line-height: 12px\">Certificaciones<\/span><\/div>\n<div style=\"padding: 10px 0\">\n<p><img decoding=\"async\" src=\"\/\/sc01.alicdn.com\/kf\/HTB1BYa4j0cnBKNjSZR0q6AFqFXaP\/228612101\/HTB1BYa4j0cnBKNjSZR0q6AFqFXaP.jpg\" alt=\"Direccionable 2818 IC Breakpoint Continue 12V Flexible WS2818 LED Strip\"><\/p>\n<\/div>\n<\/div>\n<div id=\"ali-anchor-AliPostDhMb-ufb31\" style=\"padding-top: 8px\" data-section=\"AliPostDhMb-ufb31\" data-section-title=\"Our Services\">\n<div id=\"ali-title-AliPostDhMb-ufb31\" style=\"padding: 8px 0;border-bottom: 1px solid #ddd\"><span style=\"background-color: #ddd;color: #333;font-weight: bold;padding: 8px 10px;line-height: 12px\">Nuestros servicios<\/span><\/div>\n<div style=\"padding: 10px 0\">\n<p><img decoding=\"async\" src=\"\/\/sc01.alicdn.com\/kf\/HTB1uYg4j8jTBKNjSZFuq6z0HFXaz\/228612101\/HTB1uYg4j8jTBKNjSZFuq6z0HFXaz.jpg\" alt=\"Direccionable 2818 IC Breakpoint Continue 12V Flexible WS2818 LED Strip\"><\/p>\n<\/div>\n<\/div>\n","protected":false},"excerpt":{"rendered":"<p>Descripci\u00f3n del producto Direccionable 2818 IC Breakpoint Continue 12V Flexible WS2818 LED Strip &nbsp; Nombre del producto Tira de luz<\/p>\n","protected":false},"featured_media":1864,"comment_status":"open","ping_status":"closed","template":"","meta":[],"product_cat":[155],"product_tag":[],"class_list":["post-4043","product","type-product","status-publish","has-post-thumbnail","hentry","product_cat-tira-de-leds-a-todo-color"],"yoast_head":"<!-- This site is optimized with the Yoast SEO Premium plugin v21.0 (Yoast SEO v21.0) - https:\/\/yoast.com\/wordpress\/plugins\/seo\/ -->\n<title>Direccionable 2818 IC Breakpoint Continue 12V Flexible WS2818 LED Strip - Clfled<\/title>\n<meta name=\"robots\" content=\"index, follow, max-snippet:-1, max-image-preview:large, max-video-preview:-1\" \/>\n<link rel=\"canonical\" href=\"https:\/\/clfled.com\/es\/producto\/addressable-2818-ic-breakpoint-continue-12v-flexible-ws2818-led-strip-2\/\" \/>\n<meta property=\"og:locale\" content=\"es_ES\" \/>\n<meta property=\"og:type\" content=\"article\" \/>\n<meta property=\"og:title\" content=\"Direccionable 2818 IC Breakpoint Continue 12V Flexible WS2818 LED Strip\" \/>\n<meta property=\"og:description\" content=\"Descripci\u00f3n del producto Direccionable 2818 IC Breakpoint Continue 12V Flexible WS2818 LED Strip &nbsp; Nombre del producto Tira de luz\" \/>\n<meta property=\"og:url\" content=\"https:\/\/clfled.com\/es\/producto\/addressable-2818-ic-breakpoint-continue-12v-flexible-ws2818-led-strip-2\/\" \/>\n<meta property=\"og:site_name\" content=\"Clfled\" \/>\n<meta property=\"og:image\" content=\"https:\/\/clfled.com\/wp-content\/uploads\/2022\/11\/HTB19cXWOkvoK1RjSZPfq6xPKFXaI.jpg\" \/>\n\t<meta property=\"og:image:width\" content=\"800\" \/>\n\t<meta property=\"og:image:height\" content=\"800\" \/>\n\t<meta property=\"og:image:type\" content=\"image\/jpeg\" \/>\n<meta name=\"twitter:card\" content=\"summary_large_image\" \/>\n<meta name=\"twitter:label1\" content=\"Tiempo de lectura\" \/>\n\t<meta name=\"twitter:data1\" content=\"1 minuto\" \/>\n<script type=\"application\/ld+json\" class=\"yoast-schema-graph\">{\"@context\":\"https:\/\/schema.org\",\"@graph\":[{\"@type\":\"WebPage\",\"@id\":\"https:\/\/clfled.com\/es\/producto\/addressable-2818-ic-breakpoint-continue-12v-flexible-ws2818-led-strip-2\/\",\"url\":\"https:\/\/clfled.com\/es\/producto\/addressable-2818-ic-breakpoint-continue-12v-flexible-ws2818-led-strip-2\/\",\"name\":\"Direccionable 2818 IC Breakpoint Continue 12V Flexible WS2818 LED Strip - Clfled\",\"isPartOf\":{\"@id\":\"https:\/\/clfled.com\/es\/#website\"},\"datePublished\":\"2022-11-05T06:05:13+00:00\",\"dateModified\":\"2022-11-05T06:05:13+00:00\",\"breadcrumb\":{\"@id\":\"https:\/\/clfled.com\/es\/producto\/addressable-2818-ic-breakpoint-continue-12v-flexible-ws2818-led-strip-2\/#breadcrumb\"},\"inLanguage\":\"es\",\"potentialAction\":[{\"@type\":\"ReadAction\",\"target\":[\"https:\/\/clfled.com\/es\/producto\/addressable-2818-ic-breakpoint-continue-12v-flexible-ws2818-led-strip-2\/\"]}]},{\"@type\":\"BreadcrumbList\",\"@id\":\"https:\/\/clfled.com\/es\/producto\/addressable-2818-ic-breakpoint-continue-12v-flexible-ws2818-led-strip-2\/#breadcrumb\",\"itemListElement\":[{\"@type\":\"ListItem\",\"position\":1,\"name\":\"HOME\",\"item\":\"https:\/\/clfled.com\/es\/\"},{\"@type\":\"ListItem\",\"position\":2,\"name\":\"Tienda\",\"item\":\"https:\/\/clfled.com\/es\/tienda\/\"},{\"@type\":\"ListItem\",\"position\":3,\"name\":\"Direccionable 2818 IC Breakpoint Continue 12V Flexible WS2818 LED Strip\"}]},{\"@type\":\"WebSite\",\"@id\":\"https:\/\/clfled.com\/es\/#website\",\"url\":\"https:\/\/clfled.com\/es\/\",\"name\":\"Clfled\",\"description\":\"clfled.com\",\"potentialAction\":[{\"@type\":\"SearchAction\",\"target\":{\"@type\":\"EntryPoint\",\"urlTemplate\":\"https:\/\/clfled.com\/es\/?s={search_term_string}\"},\"query-input\":\"required name=search_term_string\"}],\"inLanguage\":\"es\"}]}<\/script>\n<!-- \/ Yoast SEO Premium plugin. -->","yoast_head_json":{"title":"Direccionable 2818 IC Breakpoint Continue 12V Flexible WS2818 LED Strip - Clfled","robots":{"index":"index","follow":"follow","max-snippet":"max-snippet:-1","max-image-preview":"max-image-preview:large","max-video-preview":"max-video-preview:-1"},"canonical":"https:\/\/clfled.com\/es\/producto\/addressable-2818-ic-breakpoint-continue-12v-flexible-ws2818-led-strip-2\/","og_locale":"es_ES","og_type":"article","og_title":"Direccionable 2818 IC Breakpoint Continue 12V Flexible WS2818 LED Strip","og_description":"Descripci\u00f3n del producto Direccionable 2818 IC Breakpoint Continue 12V Flexible WS2818 LED Strip &nbsp; Nombre del producto Tira de luz","og_url":"https:\/\/clfled.com\/es\/producto\/addressable-2818-ic-breakpoint-continue-12v-flexible-ws2818-led-strip-2\/","og_site_name":"Clfled","og_image":[{"width":800,"height":800,"url":"https:\/\/clfled.com\/wp-content\/uploads\/2022\/11\/HTB19cXWOkvoK1RjSZPfq6xPKFXaI.jpg","type":"image\/jpeg"}],"twitter_card":"summary_large_image","twitter_misc":{"Tiempo de lectura":"1 minuto"},"schema":{"@context":"https:\/\/schema.org","@graph":[{"@type":"WebPage","@id":"https:\/\/clfled.com\/es\/producto\/addressable-2818-ic-breakpoint-continue-12v-flexible-ws2818-led-strip-2\/","url":"https:\/\/clfled.com\/es\/producto\/addressable-2818-ic-breakpoint-continue-12v-flexible-ws2818-led-strip-2\/","name":"Direccionable 2818 IC Breakpoint Continue 12V Flexible WS2818 LED Strip - Clfled","isPartOf":{"@id":"https:\/\/clfled.com\/es\/#website"},"datePublished":"2022-11-05T06:05:13+00:00","dateModified":"2022-11-05T06:05:13+00:00","breadcrumb":{"@id":"https:\/\/clfled.com\/es\/producto\/addressable-2818-ic-breakpoint-continue-12v-flexible-ws2818-led-strip-2\/#breadcrumb"},"inLanguage":"es","potentialAction":[{"@type":"ReadAction","target":["https:\/\/clfled.com\/es\/producto\/addressable-2818-ic-breakpoint-continue-12v-flexible-ws2818-led-strip-2\/"]}]},{"@type":"BreadcrumbList","@id":"https:\/\/clfled.com\/es\/producto\/addressable-2818-ic-breakpoint-continue-12v-flexible-ws2818-led-strip-2\/#breadcrumb","itemListElement":[{"@type":"ListItem","position":1,"name":"HOME","item":"https:\/\/clfled.com\/es\/"},{"@type":"ListItem","position":2,"name":"Tienda","item":"https:\/\/clfled.com\/es\/tienda\/"},{"@type":"ListItem","position":3,"name":"Direccionable 2818 IC Breakpoint Continue 12V Flexible WS2818 LED Strip"}]},{"@type":"WebSite","@id":"https:\/\/clfled.com\/es\/#website","url":"https:\/\/clfled.com\/es\/","name":"Clfled","description":"clfled.com","potentialAction":[{"@type":"SearchAction","target":{"@type":"EntryPoint","urlTemplate":"https:\/\/clfled.com\/es\/?s={search_term_string}"},"query-input":"required name=search_term_string"}],"inLanguage":"es"}]}},"_links":{"self":[{"href":"https:\/\/clfled.com\/es\/wp-json\/wp\/v2\/product\/4043","targetHints":{"allow":["GET"]}}],"collection":[{"href":"https:\/\/clfled.com\/es\/wp-json\/wp\/v2\/product"}],"about":[{"href":"https:\/\/clfled.com\/es\/wp-json\/wp\/v2\/types\/product"}],"replies":[{"embeddable":true,"href":"https:\/\/clfled.com\/es\/wp-json\/wp\/v2\/comments?post=4043"}],"version-history":[{"count":0,"href":"https:\/\/clfled.com\/es\/wp-json\/wp\/v2\/product\/4043\/revisions"}],"wp:featuredmedia":[{"embeddable":true,"href":"https:\/\/clfled.com\/es\/wp-json\/wp\/v2\/media\/1864"}],"wp:attachment":[{"href":"https:\/\/clfled.com\/es\/wp-json\/wp\/v2\/media?parent=4043"}],"wp:term":[{"taxonomy":"product_cat","embeddable":true,"href":"https:\/\/clfled.com\/es\/wp-json\/wp\/v2\/product_cat?post=4043"},{"taxonomy":"product_tag","embeddable":true,"href":"https:\/\/clfled.com\/es\/wp-json\/wp\/v2\/product_tag?post=4043"}],"curies":[{"name":"wp","href":"https:\/\/api.w.org\/{rel}","templated":true}]}}